{"id":9246,"date":"2025-03-26T08:35:10","date_gmt":"2025-03-26T08:35:10","guid":{"rendered":"https:\/\/lottomat.net\/apostar-na-loteria\/jogar-na-superenalotto-on-line\/"},"modified":"2026-01-01T18:40:12","modified_gmt":"2026-01-01T18:40:12","slug":"superenalotto","status":"publish","type":"page","link":"https:\/\/lottomat.com\/pt\/jogar\/superenalotto\/","title":{"rendered":"SuperEnalotto Online &#8211; Cupons SuperEnalotto"},"content":{"rendered":"\n\n<div class=\"kk-star-ratings kksr-auto kksr-align-left kksr-valign-top\"\n    data-payload='{&quot;align&quot;:&quot;left&quot;,&quot;id&quot;:&quot;9246&quot;,&quot;slug&quot;:&quot;default&quot;,&quot;valign&quot;:&quot;top&quot;,&quot;ignore&quot;:&quot;&quot;,&quot;reference&quot;:&quot;auto&quot;,&quot;class&quot;:&quot;&quot;,&quot;count&quot;:&quot;0&quot;,&quot;legendonly&quot;:&quot;&quot;,&quot;readonly&quot;:&quot;&quot;,&quot;score&quot;:&quot;0&quot;,&quot;starsonly&quot;:&quot;&quot;,&quot;best&quot;:&quot;5&quot;,&quot;gap&quot;:&quot;5&quot;,&quot;greet&quot;:&quot;Rate this page&quot;,&quot;legend&quot;:&quot;0\\\/5 - (0 votes)&quot;,&quot;size&quot;:&quot;30&quot;,&quot;title&quot;:&quot;SuperEnalotto Online - Cupons SuperEnalotto&quot;,&quot;width&quot;:&quot;0&quot;,&quot;_legend&quot;:&quot;{score}\\\/{best} - ({count} {votes})&quot;,&quot;font_factor&quot;:&quot;1.25&quot;}'>\n            \n<div class=\"kksr-stars\">\n    \n<div class=\"kksr-stars-inactive\">\n            <div class=\"kksr-star\" data-star=\"1\" style=\"padding-right: 5px\">\n            \n\n<div class=\"kksr-icon\" style=\"width: 30px; height: 30px;\"><\/div>\n        <\/div>\n            <div class=\"kksr-star\" data-star=\"2\" style=\"padding-right: 5px\">\n            \n\n<div class=\"kksr-icon\" style=\"width: 30px; height: 30px;\"><\/div>\n        <\/div>\n            <div class=\"kksr-star\" data-star=\"3\" style=\"padding-right: 5px\">\n            \n\n<div class=\"kksr-icon\" style=\"width: 30px; height: 30px;\"><\/div>\n        <\/div>\n            <div class=\"kksr-star\" data-star=\"4\" style=\"padding-right: 5px\">\n            \n\n<div class=\"kksr-icon\" style=\"width: 30px; height: 30px;\"><\/div>\n        <\/div>\n            <div class=\"kksr-star\" data-star=\"5\" style=\"padding-right: 5px\">\n            \n\n<div class=\"kksr-icon\" style=\"width: 30px; height: 30px;\"><\/div>\n        <\/div>\n    <\/div>\n    \n<div class=\"kksr-stars-active\" style=\"width: 0px;\">\n            <div class=\"kksr-star\" style=\"padding-right: 5px\">\n            \n\n<div class=\"kksr-icon\" style=\"width: 30px; height: 30px;\"><\/div>\n        <\/div>\n            <div class=\"kksr-star\" style=\"padding-right: 5px\">\n            \n\n<div class=\"kksr-icon\" style=\"width: 30px; height: 30px;\"><\/div>\n        <\/div>\n            <div class=\"kksr-star\" style=\"padding-right: 5px\">\n            \n\n<div class=\"kksr-icon\" style=\"width: 30px; height: 30px;\"><\/div>\n        <\/div>\n            <div class=\"kksr-star\" style=\"padding-right: 5px\">\n            \n\n<div class=\"kksr-icon\" style=\"width: 30px; height: 30px;\"><\/div>\n        <\/div>\n            <div class=\"kksr-star\" style=\"padding-right: 5px\">\n            \n\n<div class=\"kksr-icon\" style=\"width: 30px; height: 30px;\"><\/div>\n        <\/div>\n    <\/div>\n<\/div>\n                \n\n<div class=\"kksr-legend\" style=\"font-size: 24px;\">\n            <span class=\"kksr-muted\">Rate this page<\/span>\n    <\/div>\n    <\/div>\n<h2><img loading=\"lazy\" decoding=\"async\" class=\"alignleft wp-image-252554\" src=\"https:\/\/lottomat.com\/wp-content\/uploads\/2025\/10\/Italian-lottery-online-300x300.webp\" alt=\"Loteria italiana online\" width=\"200\" height=\"200\" srcset=\"https:\/\/lottomat.com\/wp-content\/uploads\/2025\/10\/Italian-lottery-online-300x300.webp 300w, https:\/\/lottomat.com\/wp-content\/uploads\/2025\/10\/Italian-lottery-online-150x150.webp 150w, https:\/\/lottomat.com\/wp-content\/uploads\/2025\/10\/Italian-lottery-online-100x100.webp 100w, https:\/\/lottomat.com\/wp-content\/uploads\/2025\/10\/Italian-lottery-online.webp 400w\" sizes=\"auto, (max-width: 200px) 100vw, 200px\" \/>O que \u00e9 o SuperEnalotto?<\/h2>\n<p><strong>SuperEnalotto \u00e9 o jogo de loteria mais popular e prestigiado da It\u00e1lia<\/strong>, conhecido por oferecer alguns dos maiores pr\u00eamios acumulados da hist\u00f3ria das loterias europeias. Essa lend\u00e1ria loteria italiana encanta os jogadores desde 1997 com seu formato exclusivo e enorme potencial de pr\u00eamios. <strong>Os sorteios do SuperEnalotto acontecem tr\u00eas vezes por semana<\/strong> \u2013 \u00e0s ter\u00e7as, quintas e s\u00e1bados \u2013 dando aos jogadores v\u00e1rias chances de ganhar quantias que podem mudar suas vidas. O que diferencia essa loteria italiana \u00e9 o fato de n\u00e3o haver limite para o pr\u00eamio principal \u2014 ele pode acumular indefinidamente at\u00e9 que algu\u00e9m ganhe, frequentemente atingindo valores astron\u00f4micos que atraem aten\u00e7\u00e3o internacional. Quer jogar SuperEnalotto online? Vamos descobrir mais!<\/p>\n<h2><img loading=\"lazy\" decoding=\"async\" class=\"alignright wp-image-252584\" src=\"https:\/\/lottomat.com\/wp-content\/uploads\/2025\/10\/play-SuperEnalotto-300x300.webp\" alt=\"jogar SuperEnalotto\" width=\"200\" height=\"200\" srcset=\"https:\/\/lottomat.com\/wp-content\/uploads\/2025\/10\/play-SuperEnalotto-300x300.webp 300w, https:\/\/lottomat.com\/wp-content\/uploads\/2025\/10\/play-SuperEnalotto-150x150.webp 150w, https:\/\/lottomat.com\/wp-content\/uploads\/2025\/10\/play-SuperEnalotto-100x100.webp 100w, https:\/\/lottomat.com\/wp-content\/uploads\/2025\/10\/play-SuperEnalotto.webp 400w\" sizes=\"auto, (max-width: 200px) 100vw, 200px\" \/>Como jogar SuperEnalotto online?<\/h2>\n<p><strong>Jogar SuperEnalotto online pelo LottoMat \u00e9 extremamente conveniente e acess\u00edvel de qualquer lugar do mundo, a qualquer momento<\/strong>. O processo \u00e9 simples e f\u00e1cil de usar \u2013 basta se registrar no <a href=\"https:\/\/lottomat.com\/pt\/\">site do LottoMat<\/a>, escolher seus n\u00fameros da sorte e comprar seus cupons online sem sair de casa. <strong>Voc\u00ea pode selecionar os n\u00fameros manualmente, de acordo com sua estrat\u00e9gia pessoal, ou usar a op\u00e7\u00e3o Quick Pick para uma escolha aleat\u00f3ria<\/strong>. Essa flexibilidade permite que tanto jogadores estrat\u00e9gicos quanto aqueles que preferem confiar na sorte aproveitem a emo\u00e7\u00e3o da loteria mais famosa da It\u00e1lia. Jogar online elimina barreiras geogr\u00e1ficas, permitindo que jogadores internacionais participem de um dos jogos mais emocionantes da Europa.<\/p>\n<h2>Como comprar cupons SuperEnalotto online?<\/h2>\n<p><strong>Comprar cupons SuperEnalotto online requer o uso do seu m\u00e9todo de pagamento preferido atrav\u00e9s da plataforma segura do LottoMat<\/strong>. Todos os cupons est\u00e3o dispon\u00edveis no site do LottoMat, garantindo que voc\u00ea nunca perca um sorteio. <strong>Garantimos a autenticidade da sua participa\u00e7\u00e3o escaneando cupons originais comprados por nossos agentes licenciados diretamente na It\u00e1lia<\/strong>. Esse processo garante que <a href=\"https:\/\/lottomat.com\/pt\/jogar\/\">seus cupons de loteria online<\/a> estejam vinculados a cupons f\u00edsicos reais adquiridos de revendedores italianos autorizados. As c\u00f3pias digitais dos seus cupons s\u00e3o armazenadas com seguran\u00e7a na sua conta, oferecendo total transpar\u00eancia e seguran\u00e7a para seus investimentos em loteria. Esse sistema combina a conveni\u00eancia de jogar online com a confiabilidade da compra tradicional de cupons.<\/p>\n<h2><img loading=\"lazy\" decoding=\"async\" class=\"wp-image-252614 alignleft\" src=\"https:\/\/lottomat.com\/wp-content\/uploads\/2025\/10\/SuperEnalotto-online-300x300.webp\" alt=\"SuperEnalotto online\" width=\"200\" height=\"200\" srcset=\"https:\/\/lottomat.com\/wp-content\/uploads\/2025\/10\/SuperEnalotto-online-300x300.webp 300w, https:\/\/lottomat.com\/wp-content\/uploads\/2025\/10\/SuperEnalotto-online-150x150.webp 150w, https:\/\/lottomat.com\/wp-content\/uploads\/2025\/10\/SuperEnalotto-online-100x100.webp 100w, https:\/\/lottomat.com\/wp-content\/uploads\/2025\/10\/SuperEnalotto-online.webp 400w\" sizes=\"auto, (max-width: 200px) 100vw, 200px\" \/>Posso comprar v\u00e1rios cupons SuperEnalotto?<\/h2>\n<p><strong>Sim, voc\u00ea pode aumentar significativamente suas chances de ganhar comprando v\u00e1rios cupons SuperEnalotto em uma \u00fanica transa\u00e7\u00e3o<\/strong>. O LottoMat oferece a pr\u00e1tica op\u00e7\u00e3o \u201cmais linhas\u201d, que permite adquirir at\u00e9 20 cupons SuperEnalotto de uma s\u00f3 vez. Esse recurso \u00e9 ideal para jogadores que desejam maximizar seu potencial de ganhos ou para grupos de apostas (sindicatos) que querem unir seus recursos. <strong>Comprar v\u00e1rios cupons n\u00e3o apenas aumenta suas chances, mas tamb\u00e9m facilita o gerenciamento de suas apostas<\/strong> em uma \u00fanica opera\u00e7\u00e3o simples.<\/p>\n<h2>Posso comprar cupons SuperEnalotto para v\u00e1rios sorteios?<\/h2>\n<p><strong>Com certeza! O LottoMat permite que voc\u00ea compre cupons SuperEnalotto para at\u00e9 8 sorteios consecutivos<\/strong>, garantindo que voc\u00ea nunca perca uma oportunidade de ganhar. Essa op\u00e7\u00e3o de compra antecipada \u00e9 perfeita para jogadores ocupados que desejam participar consistentemente sem precisar lembrar de comprar cupons antes de cada sorteio. <strong>Jogar v\u00e1rios sorteios com os mesmos n\u00fameros pode fazer parte de uma estrat\u00e9gia de longo prazo<\/strong>, e muitos jogadores preferem essa abordagem pela conveni\u00eancia e consist\u00eancia.<\/p>\n<h2>Qual \u00e9 o pre\u00e7o dos cupons SuperEnalotto online?<img loading=\"lazy\" decoding=\"async\" class=\"alignright wp-image-252644\" src=\"https:\/\/lottomat.com\/wp-content\/uploads\/2025\/10\/SuperEnalotto-tickets-300x300.webp\" alt=\"Cupons SuperEnalotto\" width=\"200\" height=\"200\" srcset=\"https:\/\/lottomat.com\/wp-content\/uploads\/2025\/10\/SuperEnalotto-tickets-300x300.webp 300w, https:\/\/lottomat.com\/wp-content\/uploads\/2025\/10\/SuperEnalotto-tickets-150x150.webp 150w, https:\/\/lottomat.com\/wp-content\/uploads\/2025\/10\/SuperEnalotto-tickets-100x100.webp 100w, https:\/\/lottomat.com\/wp-content\/uploads\/2025\/10\/SuperEnalotto-tickets.webp 400w\" sizes=\"auto, (max-width: 200px) 100vw, 200px\" \/><\/h2>\n<p><strong>Depois de selecionar o n\u00famero de linhas desejado no LottoMat, nosso calculador autom\u00e1tico mostrar\u00e1 instantaneamente o custo total dos seus cupons SuperEnalotto<\/strong>. O pre\u00e7o \u00e9 transparente e claramente exibido antes da finaliza\u00e7\u00e3o da compra, garantindo que n\u00e3o haja taxas ocultas ou surpresas. <strong>Nosso sistema de pre\u00e7os leva em considera\u00e7\u00e3o o n\u00famero de linhas, os sorteios e quaisquer op\u00e7\u00f5es adicionais selecionadas<\/strong>, fornecendo um detalhamento completo do seu investimento na loteria. Esse recurso torna o planejamento do seu or\u00e7amento para o jogo simples e direto.<\/p>\n<h2>Quais s\u00e3o as melhores dicas para jogar SuperEnalotto online?<\/h2>\n<p><strong>O sucesso no SuperEnalotto combina estrat\u00e9gia com jogo respons\u00e1vel<\/strong>. Considere usar uma mistura de n\u00fameros \u201cquentes\u201d (sorteados com frequ\u00eancia) e n\u00fameros \u201cfrios\u201d (menos comuns), embora seja importante lembrar que cada sorteio \u00e9 independente e aleat\u00f3rio. <strong>As apostas de sistema podem aumentar suas chances de ganhar cobrindo mais combina\u00e7\u00f5es de n\u00fameros<\/strong>, enquanto jogar consistentemente com os mesmos n\u00fameros \u00e9 a escolha de muitos jogadores dedicados. Defina um or\u00e7amento confort\u00e1vel e siga-o, tratando a loteria como entretenimento, n\u00e3o como investimento. <strong>Aproveite as op\u00e7\u00f5es de m\u00faltiplos sorteios para manter a consist\u00eancia<\/strong> e considere juntar-se a um sindicato para combinar recursos e aumentar as chances coletivas de ganhar. Muitos jogadores bem-sucedidos acompanham <a href=\"https:\/\/lottomat.com\/pt\/resultados\/resultados-da-superenalotto\/\">os resultados dos sorteios do SuperEnalotto<\/a> e suas tend\u00eancias, mas \u00e9 importante lembrar que as loterias s\u00e3o baseadas na sorte. <strong>A chave \u00e9 jogar com responsabilidade e aproveitar ao m\u00e1ximo a emo\u00e7\u00e3o desta incr\u00edvel loteria italiana<\/strong>.<\/p>\n<h2>Vale a pena jogar SuperEnalotto online?<\/h2>\n<p><strong>Jogar SuperEnalotto online oferece um valor excepcional para os f\u00e3s de loteria que buscam os maiores pr\u00eamios da Europa<\/strong>. A conveni\u00eancia do jogo online, combinada com o potencial ilimitado do jackpot do SuperEnalotto, torna-o uma op\u00e7\u00e3o atraente para jogadores dedicados. <strong>A possibilidade de participar de qualquer lugar do mundo, a qualquer hora, sem restri\u00e7\u00f5es geogr\u00e1ficas, agrega enorme valor<\/strong>. Com tr\u00eas sorteios por semana e alguns dos maiores pr\u00eamios da hist\u00f3ria das loterias, o SuperEnalotto oferece mais oportunidades e recompensas maiores do que muitas outras loterias europeias. <strong>A combina\u00e7\u00e3o de acessibilidade, seguran\u00e7a e enormes pr\u00eamios potenciais faz do SuperEnalotto online uma escolha que realmente vale a pena<\/strong>. Saiba mais sobre <a href=\"https:\/\/lottomat.com\/pt\/lotarias\/superenalotto\/\">os pr\u00eamios e jackpots do SuperEnalotto<\/a> em nosso site.<\/p>\n<h2>Os cupons SuperEnalotto comprados online pelo LottoMat s\u00e3o seguros?<\/h2>\n<p><strong>Sim, os cupons SuperEnalotto adquiridos pelo LottoMat s\u00e3o totalmente seguros<\/strong>. Garantimos o armazenamento e gerenciamento seguros de todos os seus cupons por meio do nosso avan\u00e7ado sistema digital. <strong>Cada cupom \u00e9 escaneado profissionalmente e armazenado em sua conta pessoal<\/strong>, proporcionando acesso permanente \u00e0s suas apostas e eliminando o risco de perda ou dano dos cupons f\u00edsicos. Nossos agentes licenciados compram os cupons originais diretamente de revendedores italianos autorizados, garantindo total autenticidade e legitimidade. <strong>As medidas de seguran\u00e7a do LottoMat incluem transa\u00e7\u00f5es criptografadas, armazenamento seguro de dados e total conformidade com as normas legais<\/strong>, oferecendo tranquilidade e prote\u00e7\u00e3o para seus investimentos em loteria. Seus pr\u00eamios s\u00e3o garantidos e creditados automaticamente em sua conta, tornando todo o processo transparente e confi\u00e1vel.<\/p>\n","protected":false},"excerpt":{"rendered":"<p>O que \u00e9 o SuperEnalotto? SuperEnalotto \u00e9 o jogo de loteria mais popular e prestigiado da It\u00e1lia, conhecido por oferecer alguns dos maiores pr\u00eamios acumulados da hist\u00f3ria das loterias europeias. Essa lend\u00e1ria loteria italiana encanta os jogadores desde 1997 com seu formato exclusivo e enorme potencial de pr\u00eamios. Os sorteios do SuperEnalotto acontecem tr\u00eas vezes [&hellip;]<\/p>\n","protected":false},"author":1,"featured_media":0,"parent":6788,"menu_order":5,"comment_status":"closed","ping_status":"closed","template":"superenalotto.php","meta":{"_et_pb_use_builder":"","_et_pb_old_content":"","_et_gb_content_width":"","exclude_from_search":false,"footnotes":""},"class_list":["post-9246","page","type-page","status-publish","hentry"],"yoast_head":"<!-- This site is optimized with the Yoast SEO plugin v23.8 - https:\/\/yoast.com\/wordpress\/plugins\/seo\/ -->\n<title>SuperEnalotto Online - Cupons SuperEnalotto - Lotto\/mat<\/title>\n<meta name=\"description\" content=\"Jogue o SuperEnalotto italiano online e ganhe uma fortuna! Compre cupons SuperEnalotto no Lottomat e participe do pr\u00f3ximo sorteio da loteria italiana.\" \/>\n<meta name=\"robots\" content=\"index, follow, max-snippet:-1, max-image-preview:large, max-video-preview:-1\" \/>\n<link rel=\"canonical\" href=\"https:\/\/lottomat.com\/pt\/jogar\/superenalotto\/\" \/>\n<meta property=\"og:locale\" content=\"pt_PT\" \/>\n<meta property=\"og:type\" content=\"article\" \/>\n<meta property=\"og:title\" content=\"SuperEnalotto Online - Cupons SuperEnalotto - Lotto\/mat\" \/>\n<meta property=\"og:description\" content=\"Jogue o SuperEnalotto italiano online e ganhe uma fortuna! Compre cupons SuperEnalotto no Lottomat e participe do pr\u00f3ximo sorteio da loteria italiana.\" \/>\n<meta property=\"og:url\" content=\"https:\/\/lottomat.com\/pt\/jogar\/superenalotto\/\" \/>\n<meta property=\"og:site_name\" content=\"Lottomat\" \/>\n<meta property=\"article:modified_time\" content=\"2026-01-01T18:40:12+00:00\" \/>\n<meta property=\"og:image\" content=\"https:\/\/lottomat.com\/wp-content\/uploads\/2025\/10\/Italian-lottery-online-300x300.webp\" \/>\n<meta name=\"twitter:card\" content=\"summary_large_image\" \/>\n<meta name=\"twitter:label1\" content=\"Est. reading time\" \/>\n\t<meta name=\"twitter:data1\" content=\"6 minutes\" \/>\n<script type=\"application\/ld+json\" class=\"yoast-schema-graph\">{\"@context\":\"https:\/\/schema.org\",\"@graph\":[{\"@type\":\"WebPage\",\"@id\":\"https:\/\/lottomat.com\/pt\/jogar\/superenalotto\/\",\"url\":\"https:\/\/lottomat.com\/pt\/jogar\/superenalotto\/\",\"name\":\"SuperEnalotto Online - Cupons SuperEnalotto - Lotto\/mat\",\"isPartOf\":{\"@id\":\"https:\/\/lottomat.com\/pt\/#website\"},\"primaryImageOfPage\":{\"@id\":\"https:\/\/lottomat.com\/pt\/jogar\/superenalotto\/#primaryimage\"},\"image\":{\"@id\":\"https:\/\/lottomat.com\/pt\/jogar\/superenalotto\/#primaryimage\"},\"thumbnailUrl\":\"https:\/\/lottomat.com\/wp-content\/uploads\/2025\/10\/Italian-lottery-online-300x300.webp\",\"datePublished\":\"2025-03-26T08:35:10+00:00\",\"dateModified\":\"2026-01-01T18:40:12+00:00\",\"description\":\"Jogue o SuperEnalotto italiano online e ganhe uma fortuna! Compre cupons SuperEnalotto no Lottomat e participe do pr\u00f3ximo sorteio da loteria italiana.\",\"breadcrumb\":{\"@id\":\"https:\/\/lottomat.com\/pt\/jogar\/superenalotto\/#breadcrumb\"},\"inLanguage\":\"pt\",\"potentialAction\":[{\"@type\":\"ReadAction\",\"target\":[\"https:\/\/lottomat.com\/pt\/jogar\/superenalotto\/\"]}]},{\"@type\":\"ImageObject\",\"inLanguage\":\"pt\",\"@id\":\"https:\/\/lottomat.com\/pt\/jogar\/superenalotto\/#primaryimage\",\"url\":\"https:\/\/lottomat.com\/wp-content\/uploads\/2025\/10\/Italian-lottery-online-300x300.webp\",\"contentUrl\":\"https:\/\/lottomat.com\/wp-content\/uploads\/2025\/10\/Italian-lottery-online-300x300.webp\"},{\"@type\":\"BreadcrumbList\",\"@id\":\"https:\/\/lottomat.com\/pt\/jogar\/superenalotto\/#breadcrumb\",\"itemListElement\":[{\"@type\":\"ListItem\",\"position\":1,\"name\":\"Home\",\"item\":\"https:\/\/lottomat.com\/pt\/\"},{\"@type\":\"ListItem\",\"position\":2,\"name\":\"Apostar na loteria\",\"item\":\"https:\/\/lottomat.com\/pt\/jogar\/\"},{\"@type\":\"ListItem\",\"position\":3,\"name\":\"SuperEnalotto Online &#8211; Cupons SuperEnalotto\"}]},{\"@type\":\"WebSite\",\"@id\":\"https:\/\/lottomat.com\/pt\/#website\",\"url\":\"https:\/\/lottomat.com\/pt\/\",\"name\":\"Lottomat\",\"description\":\"\",\"potentialAction\":[{\"@type\":\"SearchAction\",\"target\":{\"@type\":\"EntryPoint\",\"urlTemplate\":\"https:\/\/lottomat.com\/pt\/?s={search_term_string}\"},\"query-input\":{\"@type\":\"PropertyValueSpecification\",\"valueRequired\":true,\"valueName\":\"search_term_string\"}}],\"inLanguage\":\"pt\"}]}<\/script>\n<!-- \/ Yoast SEO plugin. -->","yoast_head_json":{"title":"SuperEnalotto Online - Cupons SuperEnalotto - Lotto\/mat","description":"Jogue o SuperEnalotto italiano online e ganhe uma fortuna! Compre cupons SuperEnalotto no Lottomat e participe do pr\u00f3ximo sorteio da loteria italiana.","robots":{"index":"index","follow":"follow","max-snippet":"max-snippet:-1","max-image-preview":"max-image-preview:large","max-video-preview":"max-video-preview:-1"},"canonical":"https:\/\/lottomat.com\/pt\/jogar\/superenalotto\/","og_locale":"pt_PT","og_type":"article","og_title":"SuperEnalotto Online - Cupons SuperEnalotto - Lotto\/mat","og_description":"Jogue o SuperEnalotto italiano online e ganhe uma fortuna! Compre cupons SuperEnalotto no Lottomat e participe do pr\u00f3ximo sorteio da loteria italiana.","og_url":"https:\/\/lottomat.com\/pt\/jogar\/superenalotto\/","og_site_name":"Lottomat","article_modified_time":"2026-01-01T18:40:12+00:00","og_image":[{"url":"https:\/\/lottomat.com\/wp-content\/uploads\/2025\/10\/Italian-lottery-online-300x300.webp"}],"twitter_card":"summary_large_image","twitter_misc":{"Est. reading time":"6 minutes"},"schema":{"@context":"https:\/\/schema.org","@graph":[{"@type":"WebPage","@id":"https:\/\/lottomat.com\/pt\/jogar\/superenalotto\/","url":"https:\/\/lottomat.com\/pt\/jogar\/superenalotto\/","name":"SuperEnalotto Online - Cupons SuperEnalotto - Lotto\/mat","isPartOf":{"@id":"https:\/\/lottomat.com\/pt\/#website"},"primaryImageOfPage":{"@id":"https:\/\/lottomat.com\/pt\/jogar\/superenalotto\/#primaryimage"},"image":{"@id":"https:\/\/lottomat.com\/pt\/jogar\/superenalotto\/#primaryimage"},"thumbnailUrl":"https:\/\/lottomat.com\/wp-content\/uploads\/2025\/10\/Italian-lottery-online-300x300.webp","datePublished":"2025-03-26T08:35:10+00:00","dateModified":"2026-01-01T18:40:12+00:00","description":"Jogue o SuperEnalotto italiano online e ganhe uma fortuna! Compre cupons SuperEnalotto no Lottomat e participe do pr\u00f3ximo sorteio da loteria italiana.","breadcrumb":{"@id":"https:\/\/lottomat.com\/pt\/jogar\/superenalotto\/#breadcrumb"},"inLanguage":"pt","potentialAction":[{"@type":"ReadAction","target":["https:\/\/lottomat.com\/pt\/jogar\/superenalotto\/"]}]},{"@type":"ImageObject","inLanguage":"pt","@id":"https:\/\/lottomat.com\/pt\/jogar\/superenalotto\/#primaryimage","url":"https:\/\/lottomat.com\/wp-content\/uploads\/2025\/10\/Italian-lottery-online-300x300.webp","contentUrl":"https:\/\/lottomat.com\/wp-content\/uploads\/2025\/10\/Italian-lottery-online-300x300.webp"},{"@type":"BreadcrumbList","@id":"https:\/\/lottomat.com\/pt\/jogar\/superenalotto\/#breadcrumb","itemListElement":[{"@type":"ListItem","position":1,"name":"Home","item":"https:\/\/lottomat.com\/pt\/"},{"@type":"ListItem","position":2,"name":"Apostar na loteria","item":"https:\/\/lottomat.com\/pt\/jogar\/"},{"@type":"ListItem","position":3,"name":"SuperEnalotto Online &#8211; Cupons SuperEnalotto"}]},{"@type":"WebSite","@id":"https:\/\/lottomat.com\/pt\/#website","url":"https:\/\/lottomat.com\/pt\/","name":"Lottomat","description":"","potentialAction":[{"@type":"SearchAction","target":{"@type":"EntryPoint","urlTemplate":"https:\/\/lottomat.com\/pt\/?s={search_term_string}"},"query-input":{"@type":"PropertyValueSpecification","valueRequired":true,"valueName":"search_term_string"}}],"inLanguage":"pt"}]}},"_links":{"self":[{"href":"https:\/\/lottomat.com\/pt\/wp-json\/wp\/v2\/pages\/9246","targetHints":{"allow":["GET"]}}],"collection":[{"href":"https:\/\/lottomat.com\/pt\/wp-json\/wp\/v2\/pages"}],"about":[{"href":"https:\/\/lottomat.com\/pt\/wp-json\/wp\/v2\/types\/page"}],"author":[{"embeddable":true,"href":"https:\/\/lottomat.com\/pt\/wp-json\/wp\/v2\/users\/1"}],"replies":[{"embeddable":true,"href":"https:\/\/lottomat.com\/pt\/wp-json\/wp\/v2\/comments?post=9246"}],"version-history":[{"count":1,"href":"https:\/\/lottomat.com\/pt\/wp-json\/wp\/v2\/pages\/9246\/revisions"}],"predecessor-version":[{"id":263819,"href":"https:\/\/lottomat.com\/pt\/wp-json\/wp\/v2\/pages\/9246\/revisions\/263819"}],"up":[{"embeddable":true,"href":"https:\/\/lottomat.com\/pt\/wp-json\/wp\/v2\/pages\/6788"}],"wp:attachment":[{"href":"https:\/\/lottomat.com\/pt\/wp-json\/wp\/v2\/media?parent=9246"}],"curies":[{"name":"wp","href":"https:\/\/api.w.org\/{rel}","templated":true}]}}