{"id":8942,"date":"2025-03-26T08:02:36","date_gmt":"2025-03-26T08:02:36","guid":{"rendered":"https:\/\/lottomat.net\/apostar-na-loteria\/jogar-eurojackpot-online\/"},"modified":"2025-12-21T14:04:04","modified_gmt":"2025-12-21T14:04:04","slug":"eurojackpot","status":"publish","type":"page","link":"https:\/\/lottomat.com\/pt\/jogar\/eurojackpot\/","title":{"rendered":"Jogue Eurojackpot online"},"content":{"rendered":"\n\n<div class=\"kk-star-ratings kksr-auto kksr-align-left kksr-valign-top\"\n    data-payload='{&quot;align&quot;:&quot;left&quot;,&quot;id&quot;:&quot;8942&quot;,&quot;slug&quot;:&quot;default&quot;,&quot;valign&quot;:&quot;top&quot;,&quot;ignore&quot;:&quot;&quot;,&quot;reference&quot;:&quot;auto&quot;,&quot;class&quot;:&quot;&quot;,&quot;count&quot;:&quot;0&quot;,&quot;legendonly&quot;:&quot;&quot;,&quot;readonly&quot;:&quot;&quot;,&quot;score&quot;:&quot;0&quot;,&quot;starsonly&quot;:&quot;&quot;,&quot;best&quot;:&quot;5&quot;,&quot;gap&quot;:&quot;5&quot;,&quot;greet&quot;:&quot;Rate this page&quot;,&quot;legend&quot;:&quot;0\\\/5 - (0 votes)&quot;,&quot;size&quot;:&quot;30&quot;,&quot;title&quot;:&quot;Jogue Eurojackpot online&quot;,&quot;width&quot;:&quot;0&quot;,&quot;_legend&quot;:&quot;{score}\\\/{best} - ({count} {votes})&quot;,&quot;font_factor&quot;:&quot;1.25&quot;}'>\n            \n<div class=\"kksr-stars\">\n    \n<div class=\"kksr-stars-inactive\">\n            <div class=\"kksr-star\" data-star=\"1\" style=\"padding-right: 5px\">\n            \n\n<div class=\"kksr-icon\" style=\"width: 30px; height: 30px;\"><\/div>\n        <\/div>\n            <div class=\"kksr-star\" data-star=\"2\" style=\"padding-right: 5px\">\n            \n\n<div class=\"kksr-icon\" style=\"width: 30px; height: 30px;\"><\/div>\n        <\/div>\n            <div class=\"kksr-star\" data-star=\"3\" style=\"padding-right: 5px\">\n            \n\n<div class=\"kksr-icon\" style=\"width: 30px; height: 30px;\"><\/div>\n        <\/div>\n            <div class=\"kksr-star\" data-star=\"4\" style=\"padding-right: 5px\">\n            \n\n<div class=\"kksr-icon\" style=\"width: 30px; height: 30px;\"><\/div>\n        <\/div>\n            <div class=\"kksr-star\" data-star=\"5\" style=\"padding-right: 5px\">\n            \n\n<div class=\"kksr-icon\" style=\"width: 30px; height: 30px;\"><\/div>\n        <\/div>\n    <\/div>\n    \n<div class=\"kksr-stars-active\" style=\"width: 0px;\">\n            <div class=\"kksr-star\" style=\"padding-right: 5px\">\n            \n\n<div class=\"kksr-icon\" style=\"width: 30px; height: 30px;\"><\/div>\n        <\/div>\n            <div class=\"kksr-star\" style=\"padding-right: 5px\">\n            \n\n<div class=\"kksr-icon\" style=\"width: 30px; height: 30px;\"><\/div>\n        <\/div>\n            <div class=\"kksr-star\" style=\"padding-right: 5px\">\n            \n\n<div class=\"kksr-icon\" style=\"width: 30px; height: 30px;\"><\/div>\n        <\/div>\n            <div class=\"kksr-star\" style=\"padding-right: 5px\">\n            \n\n<div class=\"kksr-icon\" style=\"width: 30px; height: 30px;\"><\/div>\n        <\/div>\n            <div class=\"kksr-star\" style=\"padding-right: 5px\">\n            \n\n<div class=\"kksr-icon\" style=\"width: 30px; height: 30px;\"><\/div>\n        <\/div>\n    <\/div>\n<\/div>\n                \n\n<div class=\"kksr-legend\" style=\"font-size: 24px;\">\n            <span class=\"kksr-muted\">Rate this page<\/span>\n    <\/div>\n    <\/div>\n<h2>O que \u00e9 Eurojackpot?<\/h2>\n<p>Eurojackpot online \u00e9 uma <strong>loteria internacional criada na Europa<\/strong>, que inicialmente era popular apenas em nosso lado do hemisf\u00e9rio. Pode-se dizer que \u00e9 simplesmente uma vers\u00e3o europeia da loteria. O Eurojackpot \u00e9 uma loteria relativamente jovem, <strong>criada em mar\u00e7o de 2012<\/strong>, e desde ent\u00e3o vem desfrutando de uma popularidade constante, n\u00e3o apenas na Europa, mas em todo o mundo. <strong>Altos pr\u00eamios, grandes chances de acertar os n\u00fameros da sorte e jackpots incr\u00edveis<\/strong> fazem com que o Eurojackpot atraia um n\u00famero crescente de novos jogadores. Essa loteria em dinheiro j\u00e1 criou algumas dezenas de milion\u00e1rios da loteria. Tudo come\u00e7ou com o plano de criar uma concorr\u00eancia para a loteria Euromillions, e o Eurojackpot j\u00e1 <strong>a superou, tornando-se um dos jogos de loteria online de crescimento mais r\u00e1pido e <a href=\"https:\/\/lottomat.com\/pt\/jogar\/\">mais populares<\/a><\/strong>.<\/p>\n<h2><img loading=\"lazy\" decoding=\"async\" class=\"alignleft wp-image-257564\" src=\"https:\/\/lottomat.com\/wp-content\/uploads\/2025\/11\/Eurojackpot-online.webp\" alt=\"Eurojackpot online\" width=\"200\" height=\"200\" srcset=\"https:\/\/lottomat.com\/wp-content\/uploads\/2025\/11\/Eurojackpot-online.webp 400w, https:\/\/lottomat.com\/wp-content\/uploads\/2025\/11\/Eurojackpot-online-300x300.webp 300w, https:\/\/lottomat.com\/wp-content\/uploads\/2025\/11\/Eurojackpot-online-150x150.webp 150w, https:\/\/lottomat.com\/wp-content\/uploads\/2025\/11\/Eurojackpot-online-100x100.webp 100w\" sizes=\"auto, (max-width: 200px) 100vw, 200px\" \/>Como comprar um bilhete Eurojackpot online?<\/h2>\n<p>O site LottoMat permite comprar bilhetes de loteria online, para que voc\u00ea n\u00e3o precise procurar um ponto de venda f\u00edsico. Voc\u00ea tem tudo em um s\u00f3 lugar, <strong>24 horas por dia, 7 dias por semana<\/strong>. Mais importante ainda \u2013 <strong>de qualquer lugar do mundo<\/strong>, pois a compra online no LottoMat \u00e9 tratada da mesma forma que uma compra em um pa\u00eds participante dos sorteios. Isso significa que <strong>n\u00e3o importa onde voc\u00ea esteja, voc\u00ea pode jogar Eurojackpot online!<\/strong> Ap\u00f3s realizar o pedido, <strong>nosso representante comprar\u00e1 um bilhete Eurojackpot em papel em seu nome<\/strong>, que ficar\u00e1 dispon\u00edvel em sua conta no LottoMat.<\/p>\n<h2>Qual \u00e9 o pre\u00e7o de um bilhete Eurojackpot?<\/h2>\n<p>Primeiro, <strong>selecione os n\u00fameros em seu bilhete Eurojackpot online \u2013 5 n\u00fameros principais e 2 n\u00fameros adicionais<\/strong>. O pre\u00e7o do bilhete ser\u00e1 exibido na parte inferior da lista. Nosso calculador avaliar\u00e1 o valor a pagar de acordo com a quantidade de bilhetes preenchidos. Agora tudo o que voc\u00ea precisa fazer \u00e9 dar a si mesmo a chance de ganhar, algo que acontece surpreendentemente com frequ\u00eancia neste jogo.<\/p>\n<h2>\u00c9 poss\u00edvel comprar mais bilhetes Eurojackpot?<\/h2>\n<p>Sim, voc\u00ea pode <strong>comprar v\u00e1rios bilhetes Eurojackpot<\/strong> selecionando a op\u00e7\u00e3o \u201cmais linhas\u201d e escolhendo quantas linhas desejar. Essa estrat\u00e9gia permite que voc\u00ea <strong>jogue diferentes combina\u00e7\u00f5es de n\u00fameros no mesmo sorteio, aumentando potencialmente suas chances de ganhar<\/strong>. Cada linha adicional oferece mais uma oportunidade de acertar os n\u00fameros vencedores, e voc\u00ea pode combinar diferentes m\u00e9todos de sele\u00e7\u00e3o de n\u00fameros em seus bilhetes. Lembre-se de que <strong>cada linha \u00e9 cobrada separadamente<\/strong>, portanto, comprar mais bilhetes aumentar\u00e1 proporcionalmente o custo total.<\/p>\n<h2>\u00c9 poss\u00edvel comprar bilhetes Eurojackpot para v\u00e1rios sorteios?<\/h2>\n<h2><img loading=\"lazy\" decoding=\"async\" class=\"alignright wp-image-257594\" src=\"https:\/\/lottomat.com\/wp-content\/uploads\/2025\/11\/Eurojackpot-tickets.webp\" alt=\"Bilhetes Eurojackpot\" width=\"200\" height=\"200\" srcset=\"https:\/\/lottomat.com\/wp-content\/uploads\/2025\/11\/Eurojackpot-tickets.webp 400w, https:\/\/lottomat.com\/wp-content\/uploads\/2025\/11\/Eurojackpot-tickets-300x300.webp 300w, https:\/\/lottomat.com\/wp-content\/uploads\/2025\/11\/Eurojackpot-tickets-150x150.webp 150w, https:\/\/lottomat.com\/wp-content\/uploads\/2025\/11\/Eurojackpot-tickets-100x100.webp 100w\" sizes=\"auto, (max-width: 200px) 100vw, 200px\" \/><\/h2>\n<p>Sim, no LottoMat voc\u00ea pode <strong>comprar bilhetes de loteria para at\u00e9 8 sorteios consecutivos antecipadamente<\/strong>. Esse recurso de m\u00faltiplos sorteios garante que voc\u00ea nunca perca um sorteio e \u00e9 especialmente conveniente para jogadores regulares que gostam de planejar com anteced\u00eancia. Os n\u00fameros selecionados participar\u00e3o automaticamente de cada sorteio agendado, e voc\u00ea ser\u00e1 notificado sobre os resultados de cada um. Essa op\u00e7\u00e3o \u00e9 perfeita para jogadores que desejam manter uma participa\u00e7\u00e3o consistente sem precisar lembrar de comprar bilhetes para cada sorteio individual.<\/p>\n<h2>Como jogar Eurojackpot online: o que fazer para ganhar?<\/h2>\n<p>Para participar dos sorteios, voc\u00ea deve <strong>selecionar 5 n\u00fameros de 1 a 50, al\u00e9m de 2 n\u00fameros adicionais, ou n\u00fameros b\u00f4nus, de 1 a 12<\/strong>. Para uma sele\u00e7\u00e3o totalmente aleat\u00f3ria, voc\u00ea pode usar a op\u00e7\u00e3o aleat\u00f3ria dispon\u00edvel na plataforma. <strong>Ganhar o pr\u00eamio principal exige acertar corretamente todos os 7 n\u00fameros<\/strong>. Quando se trata de ganhar, n\u00e3o existe uma \u00fanica resposta para a pergunta \u201ccomo jogar Eurojackpot para ganhar\u201d. Cada jogador tem seus pr\u00f3prios m\u00e9todos: alguns compram muitos bilhetes, outros consultam os resultados atuais e <a href=\"https:\/\/lottomat.com\/pt\/resultados\/\">arquivados dos sorteios<\/a>, anotam quais n\u00fameros s\u00e3o sorteados com mais frequ\u00eancia e criam suas pr\u00f3prias estrat\u00e9gias para jogos futuros, e h\u00e1 tamb\u00e9m aqueles que simplesmente jogam por divers\u00e3o. Em seu jogo, voc\u00ea pode usar os chamados <strong>n\u00fameros quentes (mais sorteados) ou frios (menos sorteados)<\/strong>, que podem ser consultados no site LottoMat, onde h\u00e1 um pequeno guia dispon\u00edvel para todos os jogadores. Ao preencher seu bilhete Eurojackpot, certifique-se de <strong>usar diferentes combina\u00e7\u00f5es de n\u00fameros e aproveitar toda a faixa dispon\u00edvel<\/strong>.<\/p>\n<h2>Quais s\u00e3o as principais dicas para jogar Eurojackpot online?<\/h2>\n<p>Para maximizar suas chances na loteria Eurojackpot online, considere <strong>diversificar sua sele\u00e7\u00e3o de n\u00fameros por toda a faixa<\/strong>, em vez de concentr\u00e1-los em uma \u00fanica \u00e1rea. Muitos jogadores experientes recomendam <strong>analisar dados hist\u00f3ricos dos sorteios para identificar padr\u00f5es<\/strong>, embora seja importante lembrar que cada sorteio \u00e9 independente. Considere <strong>participar de bol\u00f5es para aumentar seu poder de compra enquanto divide os custos<\/strong> e sempre <strong>jogue dentro do seu or\u00e7amento<\/strong>. Por fim, <strong>a consist\u00eancia pode ser fundamental \u2013 a participa\u00e7\u00e3o regular nos sorteios pode melhorar suas chances gerais<\/strong> em compara\u00e7\u00e3o com jogar apenas ocasionalmente. Para saber mais sobre esta loteria \u2013 <a href=\"https:\/\/lottomat.com\/pt\/lotarias\/eurojackpot\/\">confira os pr\u00eamios, regras e jackpot do Eurojackpot<\/a> para o pr\u00f3ximo sorteio.<\/p>\n<h2><img loading=\"lazy\" decoding=\"async\" class=\"alignleft wp-image-257624\" src=\"https:\/\/lottomat.com\/wp-content\/uploads\/2025\/11\/play-Eurojackpot.webp\" alt=\"Jogar Eurojackpot\" width=\"200\" height=\"200\" srcset=\"https:\/\/lottomat.com\/wp-content\/uploads\/2025\/11\/play-Eurojackpot.webp 400w, https:\/\/lottomat.com\/wp-content\/uploads\/2025\/11\/play-Eurojackpot-300x300.webp 300w, https:\/\/lottomat.com\/wp-content\/uploads\/2025\/11\/play-Eurojackpot-150x150.webp 150w, https:\/\/lottomat.com\/wp-content\/uploads\/2025\/11\/play-Eurojackpot-100x100.webp 100w\" sizes=\"auto, (max-width: 200px) 100vw, 200px\" \/>Quem pode jogar Eurojackpot online?<\/h2>\n<p>Entre os pa\u00edses participantes da loteria Eurojackpot est\u00e3o <strong>18 na\u00e7\u00f5es (Cro\u00e1cia, Rep\u00fablica Tcheca, Dinamarca, Est\u00f4nia, Finl\u00e2ndia, Alemanha, Hungria, Isl\u00e2ndia, It\u00e1lia, Let\u00f4nia, Litu\u00e2nia, Pa\u00edses Baixos, Noruega, Pol\u00f4nia, Eslov\u00e1quia, Eslov\u00eania, Espanha e Su\u00e9cia)<\/strong>. List\u00e1-los \u00e9 importante para as regras do Eurojackpot, pois, de acordo com os termos de uso da loteria, <strong>pessoas de outras nacionalidades tamb\u00e9m podem participar dos sorteios, desde que o bilhete tenha sido comprado em um dos pa\u00edses mencionados<\/strong>. A loteria Eurojackpot est\u00e1 dispon\u00edvel principalmente online. O site LottoMat permite que voc\u00ea compre bilhetes Eurojackpot pela internet. \u00c9 muito f\u00e1cil, s\u00e3o necess\u00e1rios literalmente apenas alguns cliques, e ap\u00f3s a compra voc\u00ea pode <a href=\"https:\/\/lottomat.com\/pt\/resultados\/eurojackpot\/\">verificar r\u00e1pida e confortavelmente os resultados atuais dos sorteios Eurojackpot<\/a> no site.<\/p>\n<h2>O que torna o Eurojackpot diferente de outros jogos de n\u00fameros?<\/h2>\n<p>A maioria dos jogos de azar foi projetada de forma que pr\u00eamios muito altos fiquem dispon\u00edveis apenas para um n\u00famero bastante limitado de jogadores. <strong>O Eurojackpot foi criado pensando em um n\u00famero muito maior de vencedores, e os pr\u00eamios chegam a milhares e milh\u00f5es de euros<\/strong>. Em resumo, \u00e9 um sorteio projetado para <strong>oferecer aos jogadores maiores chances de ganhar na loteria<\/strong>. E embora a loteria Euromillions, por exemplo, permita ganhos maiores, <strong>o Eurojackpot oferece chances muito melhores de vit\u00f3ria<\/strong> e de obter pr\u00eamios impressionantes. Vale destacar que no Eurojackpot existem <strong>o dobro de pr\u00eamios em compara\u00e7\u00e3o com outros jogos de azar<\/strong>, o que torna grandes ganhos quase ao alcance das m\u00e3os. Essa caracter\u00edstica elevou o Eurojackpot a n\u00edveis mais altos de popularidade na Europa. <strong>Um n\u00famero maior de vencedores tamb\u00e9m significa maiores chances para voc\u00ea<\/strong>.<\/p>\n<h2>Vale a pena jogar Eurojackpot online?<img loading=\"lazy\" decoding=\"async\" class=\"alignright wp-image-257654\" src=\"https:\/\/lottomat.com\/wp-content\/uploads\/2025\/11\/buy-tickets-online.webp\" alt=\"Comprar bilhetes online\" width=\"200\" height=\"200\" srcset=\"https:\/\/lottomat.com\/wp-content\/uploads\/2025\/11\/buy-tickets-online.webp 400w, https:\/\/lottomat.com\/wp-content\/uploads\/2025\/11\/buy-tickets-online-300x300.webp 300w, https:\/\/lottomat.com\/wp-content\/uploads\/2025\/11\/buy-tickets-online-150x150.webp 150w, https:\/\/lottomat.com\/wp-content\/uploads\/2025\/11\/buy-tickets-online-100x100.webp 100w\" sizes=\"auto, (max-width: 200px) 100vw, 200px\" \/><\/h2>\n<p>A pergunta que voc\u00ea provavelmente est\u00e1 se fazendo \u00e9: vale mesmo a pena? Muitas pessoas fazem a mesma pergunta quando est\u00e3o prestes a comprar um bilhete. Como em qualquer loteria, existe um risco sempre que voc\u00ea joga, mas <strong>os resultados podem mudar sua vida<\/strong>. Pense no que voc\u00ea poderia fazer se ganhasse o jackpot ou at\u00e9 mesmo um pr\u00eamio menor. \u00c0s vezes, vale a pena arriscar pela chance de algo melhor. O fato \u00e9 que <strong>o Eurojackpot tem probabilidades gerais muito melhores do que seu principal concorrente, o EuroMillions<\/strong>. Voc\u00ea tem <strong>muito mais chances de ganhar o pr\u00eamio principal nesta loteria<\/strong> do que em sua contraparte mais popular. Portanto, voc\u00ea est\u00e1 gastando o mesmo dinheiro para ter uma chance maior de ganhar. A \u00fanica desvantagem \u00e9 que voc\u00ea pode n\u00e3o ganhar, mas a expectativa costuma ser metade da divers\u00e3o. Perder nunca \u00e9 divertido, especialmente quando voc\u00ea sonha com o que poderia fazer ao ganhar o dinheiro. No entanto, a euforia quando voc\u00ea vence vale toda a frustra\u00e7\u00e3o anterior. Ent\u00e3o, o que voc\u00ea est\u00e1 esperando? Por que n\u00e3o criar sua primeira conta no <a href=\"https:\/\/lottomat.com\/pt\/\">site do LottoMat<\/a> e descobrir do que se trata o Eurojackpot? Com certeza ser\u00e1 uma experi\u00eancia divertida e emocionante.<\/p>\n<h2>Onde comprar seu bilhete Eurojackpot: online ou offline?<\/h2>\n<p>Ao comprar bilhetes Eurojackpot, voc\u00ea pode escolher entre plataformas online como o LottoMat ou pontos de venda f\u00edsicos. <strong>Ambos os m\u00e9todos oferecem o mesmo potencial de ganho<\/strong>, mas diferem em conveni\u00eancia e experi\u00eancia do usu\u00e1rio.<\/p>\n<h3>A experi\u00eancia tradicional em lojas f\u00edsicas<\/h3>\n<p>Comprar bilhetes em lojas envolve preencher os n\u00fameros manualmente ou solicitar uma sele\u00e7\u00e3o aleat\u00f3ria no balc\u00e3o. Embora alguns jogadores apreciem o aspecto social e confiem nas compras f\u00edsicas, <strong>tanto os bilhetes online quanto os offline t\u00eam as mesmas chances de ganhar o jackpot<\/strong>. O local da compra n\u00e3o afeta suas chances de ganhar.<\/p>\n<h3><img loading=\"lazy\" decoding=\"async\" class=\"alignleft wp-image-257684\" src=\"https:\/\/lottomat.com\/wp-content\/uploads\/2025\/11\/play-online.webp\" alt=\"Jogar online\" width=\"200\" height=\"200\" srcset=\"https:\/\/lottomat.com\/wp-content\/uploads\/2025\/11\/play-online.webp 400w, https:\/\/lottomat.com\/wp-content\/uploads\/2025\/11\/play-online-300x300.webp 300w, https:\/\/lottomat.com\/wp-content\/uploads\/2025\/11\/play-online-150x150.webp 150w, https:\/\/lottomat.com\/wp-content\/uploads\/2025\/11\/play-online-100x100.webp 100w\" sizes=\"auto, (max-width: 200px) 100vw, 200px\" \/>A conveni\u00eancia dos bilhetes online<\/h3>\n<p><strong>A compra de bilhetes online elimina filas e economiza tempo<\/strong>. Basta criar uma conta, escolher seus n\u00fameros ou usar o lucky dip, selecionar o m\u00e9todo de pagamento e pronto. Voc\u00ea receber\u00e1 notifica\u00e7\u00f5es por e-mail sobre os resultados. <strong>A principal vantagem dos bilhetes online \u00e9 que eles s\u00e3o armazenados digitalmente, portanto n\u00e3o podem ser perdidos<\/strong>. Isso elimina o estresse de bilhetes extraviados e \u00e9 ecologicamente correto, reduzindo o uso de papel. Voc\u00ea est\u00e1 pronto para se juntar \u00e0 divers\u00e3o? Escolha seus n\u00fameros e jogue Eurojackpot online agora mesmo!<\/p>\n","protected":false},"excerpt":{"rendered":"<p>O que \u00e9 Eurojackpot? Eurojackpot online \u00e9 uma loteria internacional criada na Europa, que inicialmente era popular apenas em nosso lado do hemisf\u00e9rio. Pode-se dizer que \u00e9 simplesmente uma vers\u00e3o europeia da loteria. O Eurojackpot \u00e9 uma loteria relativamente jovem, criada em mar\u00e7o de 2012, e desde ent\u00e3o vem desfrutando de uma popularidade constante, n\u00e3o [&hellip;]<\/p>\n","protected":false},"author":1,"featured_media":0,"parent":6788,"menu_order":4,"comment_status":"closed","ping_status":"closed","template":"eurojackpot.php","meta":{"_et_pb_use_builder":"","_et_pb_old_content":"","_et_gb_content_width":"","exclude_from_search":false,"footnotes":""},"class_list":["post-8942","page","type-page","status-publish","hentry"],"yoast_head":"<!-- This site is optimized with the Yoast SEO plugin v23.8 - https:\/\/yoast.com\/wordpress\/plugins\/seo\/ -->\n<title>Eurojackpot Online \u2013 Bilhetes Eurojackpot \u2013 LottoMat<\/title>\n<meta name=\"description\" content=\"Jogue Eurojackpot online e ganhe grandes pr\u00eamios na Lottomat! Escolha seus n\u00fameros e compre bilhetes Eurojackpot online a qualquer momento!\" \/>\n<meta name=\"robots\" content=\"index, follow, max-snippet:-1, max-image-preview:large, max-video-preview:-1\" \/>\n<link rel=\"canonical\" href=\"https:\/\/lottomat.com\/pt\/jogar\/eurojackpot\/\" \/>\n<meta property=\"og:locale\" content=\"pt_PT\" \/>\n<meta property=\"og:type\" content=\"article\" \/>\n<meta property=\"og:title\" content=\"Eurojackpot Online \u2013 Bilhetes Eurojackpot \u2013 LottoMat\" \/>\n<meta property=\"og:description\" content=\"Jogue Eurojackpot online e ganhe grandes pr\u00eamios na Lottomat! Escolha seus n\u00fameros e compre bilhetes Eurojackpot online a qualquer momento!\" \/>\n<meta property=\"og:url\" content=\"https:\/\/lottomat.com\/pt\/jogar\/eurojackpot\/\" \/>\n<meta property=\"og:site_name\" content=\"Lottomat\" \/>\n<meta property=\"article:modified_time\" content=\"2025-12-21T14:04:04+00:00\" \/>\n<meta property=\"og:image\" content=\"https:\/\/lottomat.com\/wp-content\/uploads\/2025\/11\/Eurojackpot-online.webp\" \/>\n<meta name=\"twitter:card\" content=\"summary_large_image\" \/>\n<meta name=\"twitter:label1\" content=\"Est. reading time\" \/>\n\t<meta name=\"twitter:data1\" content=\"8 minutes\" \/>\n<script type=\"application\/ld+json\" class=\"yoast-schema-graph\">{\"@context\":\"https:\/\/schema.org\",\"@graph\":[{\"@type\":\"WebPage\",\"@id\":\"https:\/\/lottomat.com\/pt\/jogar\/eurojackpot\/\",\"url\":\"https:\/\/lottomat.com\/pt\/jogar\/eurojackpot\/\",\"name\":\"Eurojackpot Online \u2013 Bilhetes Eurojackpot \u2013 LottoMat\",\"isPartOf\":{\"@id\":\"https:\/\/lottomat.com\/pt\/#website\"},\"primaryImageOfPage\":{\"@id\":\"https:\/\/lottomat.com\/pt\/jogar\/eurojackpot\/#primaryimage\"},\"image\":{\"@id\":\"https:\/\/lottomat.com\/pt\/jogar\/eurojackpot\/#primaryimage\"},\"thumbnailUrl\":\"https:\/\/lottomat.com\/wp-content\/uploads\/2025\/11\/Eurojackpot-online.webp\",\"datePublished\":\"2025-03-26T08:02:36+00:00\",\"dateModified\":\"2025-12-21T14:04:04+00:00\",\"description\":\"Jogue Eurojackpot online e ganhe grandes pr\u00eamios na Lottomat! Escolha seus n\u00fameros e compre bilhetes Eurojackpot online a qualquer momento!\",\"breadcrumb\":{\"@id\":\"https:\/\/lottomat.com\/pt\/jogar\/eurojackpot\/#breadcrumb\"},\"inLanguage\":\"pt\",\"potentialAction\":[{\"@type\":\"ReadAction\",\"target\":[\"https:\/\/lottomat.com\/pt\/jogar\/eurojackpot\/\"]}]},{\"@type\":\"ImageObject\",\"inLanguage\":\"pt\",\"@id\":\"https:\/\/lottomat.com\/pt\/jogar\/eurojackpot\/#primaryimage\",\"url\":\"https:\/\/lottomat.com\/wp-content\/uploads\/2025\/11\/Eurojackpot-online.webp\",\"contentUrl\":\"https:\/\/lottomat.com\/wp-content\/uploads\/2025\/11\/Eurojackpot-online.webp\"},{\"@type\":\"BreadcrumbList\",\"@id\":\"https:\/\/lottomat.com\/pt\/jogar\/eurojackpot\/#breadcrumb\",\"itemListElement\":[{\"@type\":\"ListItem\",\"position\":1,\"name\":\"Home\",\"item\":\"https:\/\/lottomat.com\/pt\/\"},{\"@type\":\"ListItem\",\"position\":2,\"name\":\"Apostar na loteria\",\"item\":\"https:\/\/lottomat.com\/pt\/jogar\/\"},{\"@type\":\"ListItem\",\"position\":3,\"name\":\"Jogue Eurojackpot online\"}]},{\"@type\":\"WebSite\",\"@id\":\"https:\/\/lottomat.com\/pt\/#website\",\"url\":\"https:\/\/lottomat.com\/pt\/\",\"name\":\"Lottomat\",\"description\":\"\",\"potentialAction\":[{\"@type\":\"SearchAction\",\"target\":{\"@type\":\"EntryPoint\",\"urlTemplate\":\"https:\/\/lottomat.com\/pt\/?s={search_term_string}\"},\"query-input\":{\"@type\":\"PropertyValueSpecification\",\"valueRequired\":true,\"valueName\":\"search_term_string\"}}],\"inLanguage\":\"pt\"}]}<\/script>\n<!-- \/ Yoast SEO plugin. -->","yoast_head_json":{"title":"Eurojackpot Online \u2013 Bilhetes Eurojackpot \u2013 LottoMat","description":"Jogue Eurojackpot online e ganhe grandes pr\u00eamios na Lottomat! Escolha seus n\u00fameros e compre bilhetes Eurojackpot online a qualquer momento!","robots":{"index":"index","follow":"follow","max-snippet":"max-snippet:-1","max-image-preview":"max-image-preview:large","max-video-preview":"max-video-preview:-1"},"canonical":"https:\/\/lottomat.com\/pt\/jogar\/eurojackpot\/","og_locale":"pt_PT","og_type":"article","og_title":"Eurojackpot Online \u2013 Bilhetes Eurojackpot \u2013 LottoMat","og_description":"Jogue Eurojackpot online e ganhe grandes pr\u00eamios na Lottomat! Escolha seus n\u00fameros e compre bilhetes Eurojackpot online a qualquer momento!","og_url":"https:\/\/lottomat.com\/pt\/jogar\/eurojackpot\/","og_site_name":"Lottomat","article_modified_time":"2025-12-21T14:04:04+00:00","og_image":[{"url":"https:\/\/lottomat.com\/wp-content\/uploads\/2025\/11\/Eurojackpot-online.webp"}],"twitter_card":"summary_large_image","twitter_misc":{"Est. reading time":"8 minutes"},"schema":{"@context":"https:\/\/schema.org","@graph":[{"@type":"WebPage","@id":"https:\/\/lottomat.com\/pt\/jogar\/eurojackpot\/","url":"https:\/\/lottomat.com\/pt\/jogar\/eurojackpot\/","name":"Eurojackpot Online \u2013 Bilhetes Eurojackpot \u2013 LottoMat","isPartOf":{"@id":"https:\/\/lottomat.com\/pt\/#website"},"primaryImageOfPage":{"@id":"https:\/\/lottomat.com\/pt\/jogar\/eurojackpot\/#primaryimage"},"image":{"@id":"https:\/\/lottomat.com\/pt\/jogar\/eurojackpot\/#primaryimage"},"thumbnailUrl":"https:\/\/lottomat.com\/wp-content\/uploads\/2025\/11\/Eurojackpot-online.webp","datePublished":"2025-03-26T08:02:36+00:00","dateModified":"2025-12-21T14:04:04+00:00","description":"Jogue Eurojackpot online e ganhe grandes pr\u00eamios na Lottomat! Escolha seus n\u00fameros e compre bilhetes Eurojackpot online a qualquer momento!","breadcrumb":{"@id":"https:\/\/lottomat.com\/pt\/jogar\/eurojackpot\/#breadcrumb"},"inLanguage":"pt","potentialAction":[{"@type":"ReadAction","target":["https:\/\/lottomat.com\/pt\/jogar\/eurojackpot\/"]}]},{"@type":"ImageObject","inLanguage":"pt","@id":"https:\/\/lottomat.com\/pt\/jogar\/eurojackpot\/#primaryimage","url":"https:\/\/lottomat.com\/wp-content\/uploads\/2025\/11\/Eurojackpot-online.webp","contentUrl":"https:\/\/lottomat.com\/wp-content\/uploads\/2025\/11\/Eurojackpot-online.webp"},{"@type":"BreadcrumbList","@id":"https:\/\/lottomat.com\/pt\/jogar\/eurojackpot\/#breadcrumb","itemListElement":[{"@type":"ListItem","position":1,"name":"Home","item":"https:\/\/lottomat.com\/pt\/"},{"@type":"ListItem","position":2,"name":"Apostar na loteria","item":"https:\/\/lottomat.com\/pt\/jogar\/"},{"@type":"ListItem","position":3,"name":"Jogue Eurojackpot online"}]},{"@type":"WebSite","@id":"https:\/\/lottomat.com\/pt\/#website","url":"https:\/\/lottomat.com\/pt\/","name":"Lottomat","description":"","potentialAction":[{"@type":"SearchAction","target":{"@type":"EntryPoint","urlTemplate":"https:\/\/lottomat.com\/pt\/?s={search_term_string}"},"query-input":{"@type":"PropertyValueSpecification","valueRequired":true,"valueName":"search_term_string"}}],"inLanguage":"pt"}]}},"_links":{"self":[{"href":"https:\/\/lottomat.com\/pt\/wp-json\/wp\/v2\/pages\/8942","targetHints":{"allow":["GET"]}}],"collection":[{"href":"https:\/\/lottomat.com\/pt\/wp-json\/wp\/v2\/pages"}],"about":[{"href":"https:\/\/lottomat.com\/pt\/wp-json\/wp\/v2\/types\/page"}],"author":[{"embeddable":true,"href":"https:\/\/lottomat.com\/pt\/wp-json\/wp\/v2\/users\/1"}],"replies":[{"embeddable":true,"href":"https:\/\/lottomat.com\/pt\/wp-json\/wp\/v2\/comments?post=8942"}],"version-history":[{"count":2,"href":"https:\/\/lottomat.com\/pt\/wp-json\/wp\/v2\/pages\/8942\/revisions"}],"predecessor-version":[{"id":263210,"href":"https:\/\/lottomat.com\/pt\/wp-json\/wp\/v2\/pages\/8942\/revisions\/263210"}],"up":[{"embeddable":true,"href":"https:\/\/lottomat.com\/pt\/wp-json\/wp\/v2\/pages\/6788"}],"wp:attachment":[{"href":"https:\/\/lottomat.com\/pt\/wp-json\/wp\/v2\/media?parent=8942"}],"curies":[{"name":"wp","href":"https:\/\/api.w.org\/{rel}","templated":true}]}}