{"id":8645,"date":"2025-03-26T07:54:05","date_gmt":"2025-03-26T07:54:05","guid":{"rendered":"https:\/\/lottomat.net\/apostar-na-loteria\/apostar-na-mega-millions-on-line\/"},"modified":"2025-11-11T16:42:00","modified_gmt":"2025-11-11T16:42:00","slug":"mega-millions","status":"publish","type":"page","link":"https:\/\/lottomat.com\/pt\/jogar\/mega-millions\/","title":{"rendered":"Apostar na Mega Millions on-line"},"content":{"rendered":"\n\n<div class=\"kk-star-ratings kksr-auto kksr-align-left kksr-valign-top\"\n    data-payload='{&quot;align&quot;:&quot;left&quot;,&quot;id&quot;:&quot;8645&quot;,&quot;slug&quot;:&quot;default&quot;,&quot;valign&quot;:&quot;top&quot;,&quot;ignore&quot;:&quot;&quot;,&quot;reference&quot;:&quot;auto&quot;,&quot;class&quot;:&quot;&quot;,&quot;count&quot;:&quot;0&quot;,&quot;legendonly&quot;:&quot;&quot;,&quot;readonly&quot;:&quot;&quot;,&quot;score&quot;:&quot;0&quot;,&quot;starsonly&quot;:&quot;&quot;,&quot;best&quot;:&quot;5&quot;,&quot;gap&quot;:&quot;5&quot;,&quot;greet&quot;:&quot;Rate this page&quot;,&quot;legend&quot;:&quot;0\\\/5 - (0 votes)&quot;,&quot;size&quot;:&quot;30&quot;,&quot;title&quot;:&quot;Apostar na Mega Millions on-line&quot;,&quot;width&quot;:&quot;0&quot;,&quot;_legend&quot;:&quot;{score}\\\/{best} - ({count} {votes})&quot;,&quot;font_factor&quot;:&quot;1.25&quot;}'>\n            \n<div class=\"kksr-stars\">\n    \n<div class=\"kksr-stars-inactive\">\n            <div class=\"kksr-star\" data-star=\"1\" style=\"padding-right: 5px\">\n            \n\n<div class=\"kksr-icon\" style=\"width: 30px; height: 30px;\"><\/div>\n        <\/div>\n            <div class=\"kksr-star\" data-star=\"2\" style=\"padding-right: 5px\">\n            \n\n<div class=\"kksr-icon\" style=\"width: 30px; height: 30px;\"><\/div>\n        <\/div>\n            <div class=\"kksr-star\" data-star=\"3\" style=\"padding-right: 5px\">\n            \n\n<div class=\"kksr-icon\" style=\"width: 30px; height: 30px;\"><\/div>\n        <\/div>\n            <div class=\"kksr-star\" data-star=\"4\" style=\"padding-right: 5px\">\n            \n\n<div class=\"kksr-icon\" style=\"width: 30px; height: 30px;\"><\/div>\n        <\/div>\n            <div class=\"kksr-star\" data-star=\"5\" style=\"padding-right: 5px\">\n            \n\n<div class=\"kksr-icon\" style=\"width: 30px; height: 30px;\"><\/div>\n        <\/div>\n    <\/div>\n    \n<div class=\"kksr-stars-active\" style=\"width: 0px;\">\n            <div class=\"kksr-star\" style=\"padding-right: 5px\">\n            \n\n<div class=\"kksr-icon\" style=\"width: 30px; height: 30px;\"><\/div>\n        <\/div>\n            <div class=\"kksr-star\" style=\"padding-right: 5px\">\n            \n\n<div class=\"kksr-icon\" style=\"width: 30px; height: 30px;\"><\/div>\n        <\/div>\n            <div class=\"kksr-star\" style=\"padding-right: 5px\">\n            \n\n<div class=\"kksr-icon\" style=\"width: 30px; height: 30px;\"><\/div>\n        <\/div>\n            <div class=\"kksr-star\" style=\"padding-right: 5px\">\n            \n\n<div class=\"kksr-icon\" style=\"width: 30px; height: 30px;\"><\/div>\n        <\/div>\n            <div class=\"kksr-star\" style=\"padding-right: 5px\">\n            \n\n<div class=\"kksr-icon\" style=\"width: 30px; height: 30px;\"><\/div>\n        <\/div>\n    <\/div>\n<\/div>\n                \n\n<div class=\"kksr-legend\" style=\"font-size: 24px;\">\n            <span class=\"kksr-muted\">Rate this page<\/span>\n    <\/div>\n    <\/div>\n<h2>Como funciona a loteria Mega Millions?<\/h2>\n<p>A loteria online Mega Millions \u00e9 um jogo de n\u00fameros simples, com regras f\u00e1ceis de lembrar. A tarefa de cada jogador \u00e9 escolher cinco n\u00fameros principais entre 1 e 70 e o n\u00famero Mega Ball, que \u00e9 um n\u00famero b\u00f4nus \u00fanico entre 1 e 24. O pr\u00eamio principal vai para o jogador cujo cupom cont\u00e9m todos os seis n\u00fameros sorteados \u2014 cinco principais e um b\u00f4nus. Vale destacar que <strong>Mega Millions \u00e9 uma loteria com at\u00e9 nove n\u00edveis de pr\u00eamios<\/strong>, nos quais cada participante pode ganhar uma recompensa em dinheiro. Al\u00e9m disso, um cupom Mega Millions com apenas o n\u00famero Mega Ball correto tamb\u00e9m \u00e9 premiado. Como j\u00e1 mencionado, Mega Millions \u00e9 uma loteria que oferece grandes chances de ganhar milh\u00f5es de d\u00f3lares. Leia <a href=\"https:\/\/lottomat.com\/pt\/mega-millions\/\">mais sobre as regras do Mega Millions<\/a> em nosso site e saiba mais.<\/p>\n<h2><img loading=\"lazy\" decoding=\"async\" class=\"alignleft wp-image-251833\" src=\"https:\/\/lottomat.com\/wp-content\/uploads\/2025\/10\/play-Mega-Millions.webp\" alt=\"jogue Mega Millions\" width=\"200\" height=\"200\" srcset=\"https:\/\/lottomat.com\/wp-content\/uploads\/2025\/10\/play-Mega-Millions.webp 400w, https:\/\/lottomat.com\/wp-content\/uploads\/2025\/10\/play-Mega-Millions-300x300.webp 300w, https:\/\/lottomat.com\/wp-content\/uploads\/2025\/10\/play-Mega-Millions-150x150.webp 150w, https:\/\/lottomat.com\/wp-content\/uploads\/2025\/10\/play-Mega-Millions-100x100.webp 100w\" sizes=\"auto, (max-width: 200px) 100vw, 200px\" \/>Quanto voc\u00ea pode ganhar com o Mega Millions online?<\/h2>\n<p>Acertar corretamente todos os n\u00fameros sorteados garante o pr\u00eamio principal ou uma parte dele, caso haja mais de um vencedor. Se v\u00e1rios jogadores acertarem todos os n\u00fameros, o pr\u00eamio principal em dinheiro \u00e9 dividido proporcionalmente entre eles. Se voc\u00ea acertar cinco n\u00fameros principais, mas n\u00e3o o Mega Ball, receber\u00e1 um <strong>pr\u00eamio garantido de US$ 1.000.000<\/strong> (isso mesmo, voc\u00ea n\u00e3o est\u00e1 sonhando \u2014 um milh\u00e3o de d\u00f3lares por cinco n\u00fameros corretos!). O Mega Millions \u00e9 uma loteria com jackpots frequentes que podem chegar a valores inimagin\u00e1veis, e os cupons vencedores proporcionam grandes lucros aos jogadores. Mega Millions oferece ainda duas op\u00e7\u00f5es extras. Infelizmente, essas op\u00e7\u00f5es adicionais \u2014 como comprar um cupom mais barato apenas para o jackpot ou multiplicar ganhos dos n\u00edveis inferiores \u2014 est\u00e3o dispon\u00edveis apenas para residentes de alguns estados dos EUA. No entanto, o pr\u00eamio principal e os n\u00edveis inferiores est\u00e3o dispon\u00edveis para todos os outros jogadores.<\/p>\n<h2>Qual \u00e9 o pre\u00e7o de um cupom Mega Millions online?<\/h2>\n<p>Para verificar o custo de um \u00fanico cupom ou de uma quantidade maior, acesse o site da Lottomat e utilize a op\u00e7\u00e3o de selecionar n\u00fameros vencedores. Ap\u00f3s preencher o cupom, o pre\u00e7o ser\u00e1 exibido logo abaixo. <strong>A calculadora calcula automaticamente o valor a pagar<\/strong> com base no n\u00famero de cupons Mega Millions selecionados. O pre\u00e7o do cupom inclui todas as taxas e comiss\u00f5es aplic\u00e1veis, sendo um valor final. Voc\u00ea n\u00e3o precisa se preocupar com mais nada \u2014 basta aguardar <a href=\"https:\/\/lottomat.com\/pt\/mega-millions\/\">os resultados atuais do sorteio Mega Millions<\/a>.<\/p>\n<h2>Como comprar um cupom Mega Millions online?<img loading=\"lazy\" decoding=\"async\" class=\"alignright wp-image-251863\" src=\"https:\/\/lottomat.com\/wp-content\/uploads\/2025\/10\/Mega-Millions-tickets.webp\" alt=\"cupons Mega Millions\" width=\"200\" height=\"200\" srcset=\"https:\/\/lottomat.com\/wp-content\/uploads\/2025\/10\/Mega-Millions-tickets.webp 400w, https:\/\/lottomat.com\/wp-content\/uploads\/2025\/10\/Mega-Millions-tickets-300x300.webp 300w, https:\/\/lottomat.com\/wp-content\/uploads\/2025\/10\/Mega-Millions-tickets-150x150.webp 150w, https:\/\/lottomat.com\/wp-content\/uploads\/2025\/10\/Mega-Millions-tickets-100x100.webp 100w\" sizes=\"auto, (max-width: 200px) 100vw, 200px\" \/><\/h2>\n<p>Para participar dos sorteios do Mega Millions, n\u00e3o \u00e9 necess\u00e1rio morar nos Estados Unidos, mas <strong>a \u00fanica forma \u00e9 comprar o cupom Mega Millions online<\/strong>. Os pontos de venda f\u00edsicos existem apenas nos EUA. Tudo o que voc\u00ea precisa fazer \u00e9 preencher o cupom no site da Lottomat e efetuar o pagamento (v\u00e1rias op\u00e7\u00f5es de pagamento est\u00e3o dispon\u00edveis). Milh\u00f5es de d\u00f3lares est\u00e3o ao seu alcance sem sair de casa \u2014 24 horas por dia, 7 dias por semana. Hoje, voc\u00ea pode jogar na loteria Mega Millions online, confortavelmente em sua cadeira. As loterias online s\u00e3o a base desse setor atualmente.<\/p>\n<h3>Calend\u00e1rio dos sorteios e resultados<\/h3>\n<p>Seu cupom participar\u00e1 da loteria americana, e, caso voc\u00ea ven\u00e7a, o pr\u00eamio ser\u00e1 pago integralmente ou em parcelas, dependendo da op\u00e7\u00e3o escolhida. <strong>Os sorteios acontecem \u00e0s quartas e aos s\u00e1bados<\/strong>, e <a href=\"https:\/\/lottomat.com\/pt\/resultados\/\">os resultados atuais das loterias<\/a> podem ser consultados no site da Lottomat. Acesse a op\u00e7\u00e3o \u201cJogar\u201d e veja como \u00e9 f\u00e1cil comprar um cupom online. Tudo o que voc\u00ea precisa para ganhar \u00e9 sorte!<\/p>\n<h2>Como jogar na loteria Mega Millions online?<\/h2>\n<p>Gra\u00e7as ao nosso site, voc\u00ea n\u00e3o precisa ir aos Estados Unidos para comprar um cupom Mega Millions. Basta selecionar cinco n\u00fameros principais de 1 a 70 e um n\u00famero adicional Mega Ball de 1 a 24. Voc\u00ea tamb\u00e9m pode usar a op\u00e7\u00e3o de escolha autom\u00e1tica (Quick Pick), na qual os n\u00fameros s\u00e3o selecionados aleatoriamente. Para ganhar o pr\u00eamio principal, \u00e9 preciso acertar todos os n\u00fameros sorteados. Quanto menos n\u00fameros corretos, menor o valor do pr\u00eamio. <strong>Escolha cinco n\u00fameros principais de 1 a 70 e um n\u00famero exclusivo chamado Mega Ball de 1 a 24.<\/strong> Escolha seus n\u00fameros e jogue por milh\u00f5es hoje mesmo!<\/p>\n<h2><img loading=\"lazy\" decoding=\"async\" class=\"alignleft wp-image-251893\" src=\"https:\/\/lottomat.com\/wp-content\/uploads\/2025\/10\/buy-Mega-Millions-tickets.webp\" alt=\"compre cupons Mega Millions\" width=\"200\" height=\"200\" srcset=\"https:\/\/lottomat.com\/wp-content\/uploads\/2025\/10\/buy-Mega-Millions-tickets.webp 400w, https:\/\/lottomat.com\/wp-content\/uploads\/2025\/10\/buy-Mega-Millions-tickets-300x300.webp 300w, https:\/\/lottomat.com\/wp-content\/uploads\/2025\/10\/buy-Mega-Millions-tickets-150x150.webp 150w, https:\/\/lottomat.com\/wp-content\/uploads\/2025\/10\/buy-Mega-Millions-tickets-100x100.webp 100w\" sizes=\"auto, (max-width: 200px) 100vw, 200px\" \/>As melhores dicas para jogar Mega Millions online e ganhar<\/h2>\n<p>Jogar de forma inteligente \u00e9 a chave para aproveitar ao m\u00e1ximo a experi\u00eancia da loteria e gerenciar seu or\u00e7amento de maneira eficiente. Aqui est\u00e3o algumas estrat\u00e9gias comprovadas que podem aumentar suas chances de vit\u00f3ria.<\/p>\n<h3>Estrat\u00e9gia de jogo em grupo<\/h3>\n<p>Como evitar gastar uma fortuna e ainda participar da loteria com v\u00e1rios cupons? \u00c9 simples \u2014 <strong>jogue apenas quando houver acumula\u00e7\u00e3o e convide seus amigos ou familiares para jogar<\/strong>. Essa \u00e9 a melhor maneira de aumentar suas chances, dividindo o custo dos cupons Mega Millions entre os participantes. Lembre-se: quanto mais cupons voc\u00ea comprar, maiores ser\u00e3o suas chances de ganhar.<\/p>\n<h3>M\u00e9todos de sele\u00e7\u00e3o de n\u00fameros<\/h3>\n<p>A forma de escolher seus n\u00fameros depende apenas de voc\u00ea. Voc\u00ea pode usar a op\u00e7\u00e3o de escolha autom\u00e1tica (Quick Pick) para preencher seu cupom Mega Millions com n\u00fameros aleat\u00f3rios ou usar seus n\u00fameros da sorte. Se quiser, tamb\u00e9m pode consultar os resultados de sorteios anteriores para identificar quais n\u00fameros s\u00e3o mais e menos sorteados e criar sua pr\u00f3pria estrat\u00e9gia. <a href=\"https:\/\/lottomat.com\/pt\/jogar\/\">compre um cupom de loteria<\/a> e boa sorte!<\/p>\n<h2>Posso comprar mais cupons Mega Millions online?<\/h2>\n<p>Sim, use a op\u00e7\u00e3o <strong>&#8220;Mais linhas&#8221;<\/strong> e selecione quantas quiser. Essa funcionalidade permite aumentar suas chances de ganhar comprando v\u00e1rios cupons em uma \u00fanica transa\u00e7\u00e3o. Quanto mais linhas voc\u00ea jogar, maiores ser\u00e3o as chances de acertar a combina\u00e7\u00e3o vencedora.<\/p>\n<h2>Posso comprar cupons Mega Millions online para v\u00e1rios sorteios?<img loading=\"lazy\" decoding=\"async\" class=\"alignright wp-image-251923\" src=\"https:\/\/lottomat.com\/wp-content\/uploads\/2025\/10\/Mega-Millions-online.webp\" alt=\"Mega Millions online\" width=\"200\" height=\"200\" srcset=\"https:\/\/lottomat.com\/wp-content\/uploads\/2025\/10\/Mega-Millions-online.webp 400w, https:\/\/lottomat.com\/wp-content\/uploads\/2025\/10\/Mega-Millions-online-300x300.webp 300w, https:\/\/lottomat.com\/wp-content\/uploads\/2025\/10\/Mega-Millions-online-150x150.webp 150w, https:\/\/lottomat.com\/wp-content\/uploads\/2025\/10\/Mega-Millions-online-100x100.webp 100w\" sizes=\"auto, (max-width: 200px) 100vw, 200px\" \/><\/h2>\n<p>Sim, no site da Lottomat voc\u00ea pode <strong>comprar cupons com anteced\u00eancia para at\u00e9 8 sorteios<\/strong>. Essa fun\u00e7\u00e3o pr\u00e1tica significa que voc\u00ea n\u00e3o precisa lembrar de comprar um novo cupom antes de cada sorteio. Voc\u00ea pode definir seus n\u00fameros uma vez e deix\u00e1-los participar automaticamente dos pr\u00f3ximos sorteios. Essa op\u00e7\u00e3o \u00e9 ideal para jogadores que t\u00eam seus n\u00fameros favoritos e n\u00e3o querem perder nenhum sorteio.<\/p>\n<h2>\u00c9 seguro jogar Mega Millions online?<\/h2>\n<p>Jogar no site da Lottomat \u00e9 <strong>totalmente seguro e confi\u00e1vel<\/strong>. Escaneamos todos os cupons e cuidamos de nossos clientes, garantindo que suas informa\u00e7\u00f5es pessoais e financeiras estejam protegidas pelos mais altos padr\u00f5es de seguran\u00e7a. Nossa plataforma usa tecnologia avan\u00e7ada de criptografia para proteger todas as transa\u00e7\u00f5es e compras de cupons. No entanto, \u00e9 importante lembrar que <strong>jogar Mega Millions deve ser visto como uma forma de entretenimento<\/strong>. Nunca arrisque dinheiro que voc\u00ea n\u00e3o possa perder. Jogue sempre de forma respons\u00e1vel e dentro de suas possibilidades, considerando os cupons de loteria como divers\u00e3o \u2014 n\u00e3o como uma estrat\u00e9gia de investimento.<\/p>\n","protected":false},"excerpt":{"rendered":"<p>Como funciona a loteria Mega Millions? A loteria online Mega Millions \u00e9 um jogo de n\u00fameros simples, com regras f\u00e1ceis de lembrar. A tarefa de cada jogador \u00e9 escolher cinco n\u00fameros principais entre 1 e 70 e o n\u00famero Mega Ball, que \u00e9 um n\u00famero b\u00f4nus \u00fanico entre 1 e 24. O pr\u00eamio principal vai [&hellip;]<\/p>\n","protected":false},"author":1,"featured_media":0,"parent":6788,"menu_order":2,"comment_status":"closed","ping_status":"closed","template":"megamillion.php","meta":{"_et_pb_use_builder":"","_et_pb_old_content":"","_et_gb_content_width":"","exclude_from_search":false,"footnotes":""},"class_list":["post-8645","page","type-page","status-publish","hentry"],"yoast_head":"<!-- This site is optimized with the Yoast SEO plugin v23.8 - https:\/\/yoast.com\/wordpress\/plugins\/seo\/ -->\n<title>Loteria Mega Millions - Apostar na Mega Millions on-line [5\/70 + 1\/25]<\/title>\n<meta name=\"description\" content=\"A loteria Mega Millions on-line \u00e9 uma mega loteria mundialmente famosa e hoje voc\u00ea tamb\u00e9m pode apostar nela no site LottoMat! Apostar agora.\" \/>\n<meta name=\"robots\" content=\"index, follow, max-snippet:-1, max-image-preview:large, max-video-preview:-1\" \/>\n<link rel=\"canonical\" href=\"https:\/\/lottomat.com\/pt\/jogar\/mega-millions\/\" \/>\n<meta property=\"og:locale\" content=\"pt_PT\" \/>\n<meta property=\"og:type\" content=\"article\" \/>\n<meta property=\"og:title\" content=\"Loteria Mega Millions - Apostar na Mega Millions on-line [5\/70 + 1\/25]\" \/>\n<meta property=\"og:description\" content=\"A loteria Mega Millions on-line \u00e9 uma mega loteria mundialmente famosa e hoje voc\u00ea tamb\u00e9m pode apostar nela no site LottoMat! Apostar agora.\" \/>\n<meta property=\"og:url\" content=\"https:\/\/lottomat.com\/pt\/jogar\/mega-millions\/\" \/>\n<meta property=\"og:site_name\" content=\"Lottomat\" \/>\n<meta property=\"article:modified_time\" content=\"2025-11-11T16:42:00+00:00\" \/>\n<meta property=\"og:image\" content=\"https:\/\/lottomat.com\/wp-content\/uploads\/2025\/10\/play-Mega-Millions.webp\" \/>\n<meta name=\"twitter:card\" content=\"summary_large_image\" \/>\n<meta name=\"twitter:label1\" content=\"Est. reading time\" \/>\n\t<meta name=\"twitter:data1\" content=\"6 minutes\" \/>\n<script type=\"application\/ld+json\" class=\"yoast-schema-graph\">{\"@context\":\"https:\/\/schema.org\",\"@graph\":[{\"@type\":\"WebPage\",\"@id\":\"https:\/\/lottomat.com\/pt\/jogar\/mega-millions\/\",\"url\":\"https:\/\/lottomat.com\/pt\/jogar\/mega-millions\/\",\"name\":\"Loteria Mega Millions - Apostar na Mega Millions on-line [5\/70 + 1\/25]\",\"isPartOf\":{\"@id\":\"https:\/\/lottomat.com\/pt\/#website\"},\"primaryImageOfPage\":{\"@id\":\"https:\/\/lottomat.com\/pt\/jogar\/mega-millions\/#primaryimage\"},\"image\":{\"@id\":\"https:\/\/lottomat.com\/pt\/jogar\/mega-millions\/#primaryimage\"},\"thumbnailUrl\":\"https:\/\/lottomat.com\/wp-content\/uploads\/2025\/10\/play-Mega-Millions.webp\",\"datePublished\":\"2025-03-26T07:54:05+00:00\",\"dateModified\":\"2025-11-11T16:42:00+00:00\",\"description\":\"A loteria Mega Millions on-line \u00e9 uma mega loteria mundialmente famosa e hoje voc\u00ea tamb\u00e9m pode apostar nela no site LottoMat! Apostar agora.\",\"breadcrumb\":{\"@id\":\"https:\/\/lottomat.com\/pt\/jogar\/mega-millions\/#breadcrumb\"},\"inLanguage\":\"pt\",\"potentialAction\":[{\"@type\":\"ReadAction\",\"target\":[\"https:\/\/lottomat.com\/pt\/jogar\/mega-millions\/\"]}]},{\"@type\":\"ImageObject\",\"inLanguage\":\"pt\",\"@id\":\"https:\/\/lottomat.com\/pt\/jogar\/mega-millions\/#primaryimage\",\"url\":\"https:\/\/lottomat.com\/wp-content\/uploads\/2025\/10\/play-Mega-Millions.webp\",\"contentUrl\":\"https:\/\/lottomat.com\/wp-content\/uploads\/2025\/10\/play-Mega-Millions.webp\"},{\"@type\":\"BreadcrumbList\",\"@id\":\"https:\/\/lottomat.com\/pt\/jogar\/mega-millions\/#breadcrumb\",\"itemListElement\":[{\"@type\":\"ListItem\",\"position\":1,\"name\":\"Home\",\"item\":\"https:\/\/lottomat.com\/pt\/\"},{\"@type\":\"ListItem\",\"position\":2,\"name\":\"Apostar na loteria\",\"item\":\"https:\/\/lottomat.com\/pt\/jogar\/\"},{\"@type\":\"ListItem\",\"position\":3,\"name\":\"Apostar na Mega Millions on-line\"}]},{\"@type\":\"WebSite\",\"@id\":\"https:\/\/lottomat.com\/pt\/#website\",\"url\":\"https:\/\/lottomat.com\/pt\/\",\"name\":\"Lottomat\",\"description\":\"\",\"potentialAction\":[{\"@type\":\"SearchAction\",\"target\":{\"@type\":\"EntryPoint\",\"urlTemplate\":\"https:\/\/lottomat.com\/pt\/?s={search_term_string}\"},\"query-input\":{\"@type\":\"PropertyValueSpecification\",\"valueRequired\":true,\"valueName\":\"search_term_string\"}}],\"inLanguage\":\"pt\"}]}<\/script>\n<!-- \/ Yoast SEO plugin. -->","yoast_head_json":{"title":"Loteria Mega Millions - Apostar na Mega Millions on-line [5\/70 + 1\/25]","description":"A loteria Mega Millions on-line \u00e9 uma mega loteria mundialmente famosa e hoje voc\u00ea tamb\u00e9m pode apostar nela no site LottoMat! Apostar agora.","robots":{"index":"index","follow":"follow","max-snippet":"max-snippet:-1","max-image-preview":"max-image-preview:large","max-video-preview":"max-video-preview:-1"},"canonical":"https:\/\/lottomat.com\/pt\/jogar\/mega-millions\/","og_locale":"pt_PT","og_type":"article","og_title":"Loteria Mega Millions - Apostar na Mega Millions on-line [5\/70 + 1\/25]","og_description":"A loteria Mega Millions on-line \u00e9 uma mega loteria mundialmente famosa e hoje voc\u00ea tamb\u00e9m pode apostar nela no site LottoMat! Apostar agora.","og_url":"https:\/\/lottomat.com\/pt\/jogar\/mega-millions\/","og_site_name":"Lottomat","article_modified_time":"2025-11-11T16:42:00+00:00","og_image":[{"url":"https:\/\/lottomat.com\/wp-content\/uploads\/2025\/10\/play-Mega-Millions.webp"}],"twitter_card":"summary_large_image","twitter_misc":{"Est. reading time":"6 minutes"},"schema":{"@context":"https:\/\/schema.org","@graph":[{"@type":"WebPage","@id":"https:\/\/lottomat.com\/pt\/jogar\/mega-millions\/","url":"https:\/\/lottomat.com\/pt\/jogar\/mega-millions\/","name":"Loteria Mega Millions - Apostar na Mega Millions on-line [5\/70 + 1\/25]","isPartOf":{"@id":"https:\/\/lottomat.com\/pt\/#website"},"primaryImageOfPage":{"@id":"https:\/\/lottomat.com\/pt\/jogar\/mega-millions\/#primaryimage"},"image":{"@id":"https:\/\/lottomat.com\/pt\/jogar\/mega-millions\/#primaryimage"},"thumbnailUrl":"https:\/\/lottomat.com\/wp-content\/uploads\/2025\/10\/play-Mega-Millions.webp","datePublished":"2025-03-26T07:54:05+00:00","dateModified":"2025-11-11T16:42:00+00:00","description":"A loteria Mega Millions on-line \u00e9 uma mega loteria mundialmente famosa e hoje voc\u00ea tamb\u00e9m pode apostar nela no site LottoMat! Apostar agora.","breadcrumb":{"@id":"https:\/\/lottomat.com\/pt\/jogar\/mega-millions\/#breadcrumb"},"inLanguage":"pt","potentialAction":[{"@type":"ReadAction","target":["https:\/\/lottomat.com\/pt\/jogar\/mega-millions\/"]}]},{"@type":"ImageObject","inLanguage":"pt","@id":"https:\/\/lottomat.com\/pt\/jogar\/mega-millions\/#primaryimage","url":"https:\/\/lottomat.com\/wp-content\/uploads\/2025\/10\/play-Mega-Millions.webp","contentUrl":"https:\/\/lottomat.com\/wp-content\/uploads\/2025\/10\/play-Mega-Millions.webp"},{"@type":"BreadcrumbList","@id":"https:\/\/lottomat.com\/pt\/jogar\/mega-millions\/#breadcrumb","itemListElement":[{"@type":"ListItem","position":1,"name":"Home","item":"https:\/\/lottomat.com\/pt\/"},{"@type":"ListItem","position":2,"name":"Apostar na loteria","item":"https:\/\/lottomat.com\/pt\/jogar\/"},{"@type":"ListItem","position":3,"name":"Apostar na Mega Millions on-line"}]},{"@type":"WebSite","@id":"https:\/\/lottomat.com\/pt\/#website","url":"https:\/\/lottomat.com\/pt\/","name":"Lottomat","description":"","potentialAction":[{"@type":"SearchAction","target":{"@type":"EntryPoint","urlTemplate":"https:\/\/lottomat.com\/pt\/?s={search_term_string}"},"query-input":{"@type":"PropertyValueSpecification","valueRequired":true,"valueName":"search_term_string"}}],"inLanguage":"pt"}]}},"_links":{"self":[{"href":"https:\/\/lottomat.com\/pt\/wp-json\/wp\/v2\/pages\/8645","targetHints":{"allow":["GET"]}}],"collection":[{"href":"https:\/\/lottomat.com\/pt\/wp-json\/wp\/v2\/pages"}],"about":[{"href":"https:\/\/lottomat.com\/pt\/wp-json\/wp\/v2\/types\/page"}],"author":[{"embeddable":true,"href":"https:\/\/lottomat.com\/pt\/wp-json\/wp\/v2\/users\/1"}],"replies":[{"embeddable":true,"href":"https:\/\/lottomat.com\/pt\/wp-json\/wp\/v2\/comments?post=8645"}],"version-history":[{"count":1,"href":"https:\/\/lottomat.com\/pt\/wp-json\/wp\/v2\/pages\/8645\/revisions"}],"predecessor-version":[{"id":257215,"href":"https:\/\/lottomat.com\/pt\/wp-json\/wp\/v2\/pages\/8645\/revisions\/257215"}],"up":[{"embeddable":true,"href":"https:\/\/lottomat.com\/pt\/wp-json\/wp\/v2\/pages\/6788"}],"wp:attachment":[{"href":"https:\/\/lottomat.com\/pt\/wp-json\/wp\/v2\/media?parent=8645"}],"curies":[{"name":"wp","href":"https:\/\/api.w.org\/{rel}","templated":true}]}}