{"id":8454,"date":"2025-03-26T09:57:55","date_gmt":"2025-03-26T09:57:55","guid":{"rendered":"https:\/\/lottomat.net\/apostar-na-loteria\/jogue-set-for-life-online\/"},"modified":"2026-03-03T11:51:47","modified_gmt":"2026-03-03T11:51:47","slug":"set-for-life-uk","status":"publish","type":"page","link":"https:\/\/lottomat.com\/pt\/jogar\/set-for-life-uk\/","title":{"rendered":"Jogue Set for Life online \u2013 Bilhetes Set For Life UK"},"content":{"rendered":"\n\n<div class=\"kk-star-ratings kksr-auto kksr-align-left kksr-valign-top\"\n    data-payload='{&quot;align&quot;:&quot;left&quot;,&quot;id&quot;:&quot;8454&quot;,&quot;slug&quot;:&quot;default&quot;,&quot;valign&quot;:&quot;top&quot;,&quot;ignore&quot;:&quot;&quot;,&quot;reference&quot;:&quot;auto&quot;,&quot;class&quot;:&quot;&quot;,&quot;count&quot;:&quot;0&quot;,&quot;legendonly&quot;:&quot;&quot;,&quot;readonly&quot;:&quot;&quot;,&quot;score&quot;:&quot;0&quot;,&quot;starsonly&quot;:&quot;&quot;,&quot;best&quot;:&quot;5&quot;,&quot;gap&quot;:&quot;5&quot;,&quot;greet&quot;:&quot;Rate this page&quot;,&quot;legend&quot;:&quot;0\\\/5 - (0 votes)&quot;,&quot;size&quot;:&quot;30&quot;,&quot;title&quot;:&quot;Jogue Set for Life online \u2013 Bilhetes Set For Life UK&quot;,&quot;width&quot;:&quot;0&quot;,&quot;_legend&quot;:&quot;{score}\\\/{best} - ({count} {votes})&quot;,&quot;font_factor&quot;:&quot;1.25&quot;}'>\n            \n<div class=\"kksr-stars\">\n    \n<div class=\"kksr-stars-inactive\">\n            <div class=\"kksr-star\" data-star=\"1\" style=\"padding-right: 5px\">\n            \n\n<div class=\"kksr-icon\" style=\"width: 30px; height: 30px;\"><\/div>\n        <\/div>\n            <div class=\"kksr-star\" data-star=\"2\" style=\"padding-right: 5px\">\n            \n\n<div class=\"kksr-icon\" style=\"width: 30px; height: 30px;\"><\/div>\n        <\/div>\n            <div class=\"kksr-star\" data-star=\"3\" style=\"padding-right: 5px\">\n            \n\n<div class=\"kksr-icon\" style=\"width: 30px; height: 30px;\"><\/div>\n        <\/div>\n            <div class=\"kksr-star\" data-star=\"4\" style=\"padding-right: 5px\">\n            \n\n<div class=\"kksr-icon\" style=\"width: 30px; height: 30px;\"><\/div>\n        <\/div>\n            <div class=\"kksr-star\" data-star=\"5\" style=\"padding-right: 5px\">\n            \n\n<div class=\"kksr-icon\" style=\"width: 30px; height: 30px;\"><\/div>\n        <\/div>\n    <\/div>\n    \n<div class=\"kksr-stars-active\" style=\"width: 0px;\">\n            <div class=\"kksr-star\" style=\"padding-right: 5px\">\n            \n\n<div class=\"kksr-icon\" style=\"width: 30px; height: 30px;\"><\/div>\n        <\/div>\n            <div class=\"kksr-star\" style=\"padding-right: 5px\">\n            \n\n<div class=\"kksr-icon\" style=\"width: 30px; height: 30px;\"><\/div>\n        <\/div>\n            <div class=\"kksr-star\" style=\"padding-right: 5px\">\n            \n\n<div class=\"kksr-icon\" style=\"width: 30px; height: 30px;\"><\/div>\n        <\/div>\n            <div class=\"kksr-star\" style=\"padding-right: 5px\">\n            \n\n<div class=\"kksr-icon\" style=\"width: 30px; height: 30px;\"><\/div>\n        <\/div>\n            <div class=\"kksr-star\" style=\"padding-right: 5px\">\n            \n\n<div class=\"kksr-icon\" style=\"width: 30px; height: 30px;\"><\/div>\n        <\/div>\n    <\/div>\n<\/div>\n                \n\n<div class=\"kksr-legend\" style=\"font-size: 24px;\">\n            <span class=\"kksr-muted\">Rate this page<\/span>\n    <\/div>\n    <\/div>\n<h2>O que \u00e9 o Set For Life UK?<\/h2>\n<p>Set For Life UK \u00e9 um jogo de loteria diferenciado operado pela Loteria Nacional, lan\u00e7ado em mar\u00e7o de 2019. Ao contr\u00e1rio das loterias tradicionais que oferecem pagamentos \u00fanicos, o Set For Life garante pagamentos mensais por um longo per\u00edodo. Voc\u00ea pode jogar Set For Life online e offline.<img loading=\"lazy\" decoding=\"async\" class=\"alignright wp-image-265638\" src=\"https:\/\/lottomat.com\/wp-content\/uploads\/2026\/01\/buy-Set-For-Life-ticket.webp\" alt=\"comprar bilhete Set For Life\" width=\"200\" height=\"200\" srcset=\"https:\/\/lottomat.com\/wp-content\/uploads\/2026\/01\/buy-Set-For-Life-ticket.webp 400w, https:\/\/lottomat.com\/wp-content\/uploads\/2026\/01\/buy-Set-For-Life-ticket-300x300.webp 300w, https:\/\/lottomat.com\/wp-content\/uploads\/2026\/01\/buy-Set-For-Life-ticket-150x150.webp 150w, https:\/\/lottomat.com\/wp-content\/uploads\/2026\/01\/buy-Set-For-Life-ticket-100x100.webp 100w\" sizes=\"auto, (max-width: 200px) 100vw, 200px\" \/><\/p>\n<p>Os jogadores escolhem <strong>cinco n\u00fameros principais de 1 a 47<\/strong>, al\u00e9m de <strong>um n\u00famero Life Ball de 1 a 10<\/strong>. Os sorteios acontecem duas vezes por semana, \u00e0s segundas e quintas-feiras \u00e0 noite, por volta das 20h00. O pr\u00eamio principal oferece <strong>\u00a310.000 por m\u00eas durante 30 anos<\/strong> \u2013 totalizando \u00a33,6 milh\u00f5es. O segundo pr\u00eamio oferece \u00a310.000 por m\u00eas durante um ano.<\/p>\n<p>O pr\u00eamio principal n\u00e3o acumula caso n\u00e3o seja ganho; ele permanece fixo em \u00a310.000 mensais por 30 anos. Se v\u00e1rios jogadores ganharem o jackpot, cada vencedor recebe individualmente o valor integral de \u00a310.000 por m\u00eas \u2013 o pr\u00eamio n\u00e3o \u00e9 dividido. As chances gerais de ganhar qualquer pr\u00eamio s\u00e3o de <strong>1 em 12,4<\/strong>. J\u00e1 as chances de ganhar o pr\u00eamio principal s\u00e3o de <strong>1 em 15.339.390<\/strong>.<\/p>\n<h2>Como comprar bilhetes Set For Life UK?<\/h2>\n<p>Para jogadores no Reino Unido, a compra de bilhetes Set For Life \u00e9 simples, dispon\u00edvel em aproximadamente 45.000 pontos de venda autorizados da Loteria Nacional. Cada linha custa <strong>\u00a31,50<\/strong>, e voc\u00ea pode jogar at\u00e9 sete linhas por volante. Voc\u00ea pode escolher seus pr\u00f3prios n\u00fameros ou optar pelo Lucky Dip para uma sele\u00e7\u00e3o aleat\u00f3ria. Al\u00e9m disso, os bilhetes devem ser comprados antes das 19h30 nos dias de sorteio (segunda e quinta-feira). \u00c9 poss\u00edvel comprar bilhetes com at\u00e9 quatro semanas de anteced\u00eancia.<\/p>\n<h2>Como comprar bilhetes Set For Life UK online?<\/h2>\n<p>Jogadores internacionais e aqueles fora do Reino Unido podem participar por meio de servi\u00e7os licenciados de courier de loteria, como o <strong>Lottomat<\/strong>. Essas plataformas utilizam agentes locais no Reino Unido que visitam fisicamente pontos de venda autorizados para <a href=\"https:\/\/lottomat.com\/pt\/jogar\/\">comprar bilhetes oficiais de loteria<\/a> em seu nome.<\/p>\n<p><img loading=\"lazy\" decoding=\"async\" class=\"alignleft wp-image-265669\" src=\"https:\/\/lottomat.com\/wp-content\/uploads\/2026\/01\/play-Set-For-Life.webp\" alt=\"jogar Set For Life\" width=\"200\" height=\"200\" srcset=\"https:\/\/lottomat.com\/wp-content\/uploads\/2026\/01\/play-Set-For-Life.webp 400w, https:\/\/lottomat.com\/wp-content\/uploads\/2026\/01\/play-Set-For-Life-300x300.webp 300w, https:\/\/lottomat.com\/wp-content\/uploads\/2026\/01\/play-Set-For-Life-150x150.webp 150w, https:\/\/lottomat.com\/wp-content\/uploads\/2026\/01\/play-Set-For-Life-100x100.webp 100w\" sizes=\"auto, (max-width: 200px) 100vw, 200px\" \/>Ao fazer um pedido pelo Lottomat, voc\u00ea seleciona seus cinco n\u00fameros principais (1\u201347) e um Life Ball (1\u201310), ou escolhe Quick Pick. Ap\u00f3s o pagamento seguro, os agentes do Lottomat compram seus bilhetes oficiais antes do prazo do sorteio. Em seguida, cada bilhete \u00e9 digitalmente escaneado e enviado para sua conta segura, fornecendo prova verific\u00e1vel. Os bilhetes f\u00edsicos permanecem armazenados com seguran\u00e7a, protegidos contra perda ou danos.<\/p>\n<p>Esse acesso online permite que jogadores da Europa, \u00c1sia, Austr\u00e1lia e de outros lugares concorram aos mesmos pagamentos mensais que podem mudar a vida, assim como os residentes do Reino Unido.<\/p>\n<h2>Qual \u00e9 o pre\u00e7o de um bilhete Set For Life UK?<\/h2>\n<p>Os bilhetes oficiais Set For Life custam \u00a31,50 por linha nos pontos de venda do Reino Unido. Ao jogar pela <a href=\"https:\/\/lottomat.com\/pt\/\">plataforma Lottomat<\/a>, o valor inclui o custo oficial do bilhete mais as taxas de servi\u00e7o. Basta <strong>adicionar o n\u00famero de linhas desejadas ao carrinho<\/strong>, e o formul\u00e1rio de pedido do Lottomat exibir\u00e1 o valor total antes da compra. Esse pre\u00e7o transparente inclui o valor do bilhete, taxas de servi\u00e7o, servi\u00e7os de digitaliza\u00e7\u00e3o, verifica\u00e7\u00e3o autom\u00e1tica de resultados e assist\u00eancia para resgate de pr\u00eamios.<\/p>\n<h2>Como jogar Set For Life UK online?<\/h2>\n<p>Jogar pelo Lottomat \u00e9 simples. Primeiro, crie uma conta com informa\u00e7\u00f5es b\u00e1sicas e verifica\u00e7\u00e3o de idade. Em seguida, v\u00e1 at\u00e9 a se\u00e7\u00e3o Set For Life UK e selecione seus cinco n\u00fameros principais (1\u201347) e um Life Ball (1\u201310), ou utilize Quick Pick para uma sele\u00e7\u00e3o aleat\u00f3ria. Depois, escolha em quais sorteios deseja participar \u2013 segunda-feira, quinta-feira ou ambos \u2013 e por quantas semanas consecutivas deseja jogar.<\/p>\n<p>Ap\u00f3s confirmar o pagamento, os agentes do Lottomat compram seus bilhetes oficiais antes do prazo. Posteriormente, os bilhetes digitalizados s\u00e3o enviados para sua conta em poucas horas, fornecendo prova digital. Ap\u00f3s cada sorteio, o Lottomat verifica automaticamente os bilhetes e notifica voc\u00ea sobre eventuais pr\u00eamios. Al\u00e9m disso, pr\u00eamios menores s\u00e3o creditados em sua conta, enquanto ganhos maiores recebem assist\u00eancia para resgate.<\/p>\n<h2>Posso comprar mais bilhetes Set For Life UK online?<\/h2>\n<p>Sim, o Lottomat permite a compra de <strong>at\u00e9 20 linhas em um \u00fanico pedido<\/strong>. Isso atende a diferentes estilos de jogo \u2013 jogadores ocasionais podem comprar uma ou duas linhas, enquanto jogadores mais dedicados podem maximizar o limite de 20 linhas para ter 20 chances de ganhar. Al\u00e9m disso, a op\u00e7\u00e3o de m\u00faltiplas linhas permite testar diferentes estrat\u00e9gias simultaneamente e \u00e9 ideal para bol\u00f5es ou sindicatos de loteria. Comprar v\u00e1rias linhas em um \u00fanico pedido \u00e9 mais eficiente, com confirma\u00e7\u00e3o consolidada<img loading=\"lazy\" decoding=\"async\" class=\"alignright wp-image-265700\" src=\"https:\/\/lottomat.com\/wp-content\/uploads\/2026\/01\/Set-For-Life-online.webp\" alt=\"Set For Life online\" width=\"200\" height=\"200\" srcset=\"https:\/\/lottomat.com\/wp-content\/uploads\/2026\/01\/Set-For-Life-online.webp 400w, https:\/\/lottomat.com\/wp-content\/uploads\/2026\/01\/Set-For-Life-online-300x300.webp 300w, https:\/\/lottomat.com\/wp-content\/uploads\/2026\/01\/Set-For-Life-online-150x150.webp 150w, https:\/\/lottomat.com\/wp-content\/uploads\/2026\/01\/Set-For-Life-online-100x100.webp 100w\" sizes=\"auto, (max-width: 200px) 100vw, 200px\" \/> e todos os bilhetes organizados juntos.<\/p>\n<h2>Posso comprar bilhetes Set For Life UK online para v\u00e1rios sorteios?<\/h2>\n<p>Com certeza. O Lottomat permite a compra de bilhetes para <strong>at\u00e9 oito sorteios consecutivos<\/strong>. Com dois sorteios por semana, oito sorteios consecutivos cobrem quatro semanas completas. Isso \u00e9 ideal para agendas ocupadas ou para jogar continuamente sem precisar fazer login repetidas vezes. Por exemplo, voc\u00ea pode comprar 20 linhas para oito sorteios consecutivos em uma \u00fanica transa\u00e7\u00e3o, participando de 16 sorteios no total com 20 combina\u00e7\u00f5es em cada um. Al\u00e9m disso, essa compra antecipada funciona como uma assinatura sem renova\u00e7\u00e3o autom\u00e1tica \u2013 ap\u00f3s oito sorteios, voc\u00ea decide se deseja comprar novamente.<\/p>\n<h2>Como verificar os resultados do Set For Life UK online?<\/h2>\n<p><a href=\"https:\/\/lottomat.com\/pt\/resultados\/\">Verificar os resultados da loteria<\/a> pelo Lottomat \u00e9 simples, com v\u00e1rios m\u00e9todos dispon\u00edveis. O sistema autom\u00e1tico de notifica\u00e7\u00e3o compara seus bilhetes com os resultados oficiais ap\u00f3s cada sorteio e envia notifica\u00e7\u00f5es por e-mail em caso de pr\u00eamio. Al\u00e9m disso, voc\u00ea pode <a href=\"https:\/\/lottomat.com\/pt\/resultados\/set-for-life-uk\/\">verificar os resultados do Set For Life UK<\/a> diretamente em sua conta Lottomat, onde o status dos bilhetes \u00e9 exibido claramente. A plataforma mant\u00e9m um hist\u00f3rico completo de sorteios para consulta de resultados anteriores.<\/p>\n<p>Para verifica\u00e7\u00e3o em tempo real, o site da Loteria Nacional publica os n\u00fameros vencedores pouco ap\u00f3s cada sorteio das 20h00, com os sorteios transmitidos ao vivo no site da Loteria Nacional e no canal do YouTube.<\/p>\n<h2>O LottoMat escaneia bilhetes Set For Life UK online?<\/h2>\n<p><img loading=\"lazy\" decoding=\"async\" class=\"alignleft wp-image-265730\" src=\"https:\/\/lottomat.com\/wp-content\/uploads\/2026\/01\/Set-For-Life-tickets.webp\" alt=\"bilhetes Set For Life\" width=\"200\" height=\"200\" srcset=\"https:\/\/lottomat.com\/wp-content\/uploads\/2026\/01\/Set-For-Life-tickets.webp 400w, https:\/\/lottomat.com\/wp-content\/uploads\/2026\/01\/Set-For-Life-tickets-300x300.webp 300w, https:\/\/lottomat.com\/wp-content\/uploads\/2026\/01\/Set-For-Life-tickets-150x150.webp 150w, https:\/\/lottomat.com\/wp-content\/uploads\/2026\/01\/Set-For-Life-tickets-100x100.webp 100w\" sizes=\"auto, (max-width: 200px) 100vw, 200px\" \/>Sim, o Lottomat escaneia e armazena digitalmente cada bilhete oficial Set For Life UK. Pouco depois que os agentes compram seus bilhetes, cada um \u00e9 digitalizado com imagens de alta qualidade, capturando todas as informa\u00e7\u00f5es essenciais. Esses arquivos s\u00e3o enviados para sua conta segura, geralmente em poucas horas e sempre antes do sorteio.<\/p>\n<p>Voc\u00ea pode visualizar imagens n\u00edtidas de cada bilhete, fornecendo prova verific\u00e1vel. Especificamente, os bilhetes escaneados oferecem confirma\u00e7\u00e3o imediata do processamento bem-sucedido do pedido, funcionam como backup digital e permitem verificar se os n\u00fameros foram registrados corretamente. Enquanto isso, os bilhetes f\u00edsicos s\u00e3o armazenados com seguran\u00e7a, protegidos contra perda ou danos. Para resgatar pr\u00eamios, ter tanto os bilhetes f\u00edsicos quanto as c\u00f3pias digitais \u00e9 extremamente valioso.<\/p>\n<h2>Quais s\u00e3o as principais dicas online para Set For Life UK?<\/h2>\n<p>Maximizar sua experi\u00eancia no Set For Life UK envolve estrat\u00e9gias inteligentes:<\/p>\n<ul class=\"list\">\n<li><strong>Entenda as probabilidades<\/strong>: As chances do pr\u00eamio principal s\u00e3o de 1 em 15.339.390, enquanto as chances gerais de ganhar qualquer pr\u00eamio s\u00e3o de 1 em 12,4. Compreender essas probabilidades ajuda a definir expectativas realistas e a administrar seu or\u00e7amento com responsabilidade.<\/li>\n<li><strong>Jogue com responsabilidade<\/strong>: Nunca gaste mais do que pode perder. Estabele\u00e7a limites r\u00edgidos de or\u00e7amento e trate a loteria como entretenimento, n\u00e3o como investimento.<\/li>\n<li><strong>Use a compra antecipada<\/strong>: Compre bilhetes para at\u00e9 oito sorteios consecutivos para garantir que voc\u00ea nunca perca um sorteio. Participa\u00e7\u00e3o consistente significa que voc\u00ea est\u00e1 sempre concorrendo.<\/li>\n<li><strong>Equilibre escolha manual e Quick Pick<\/strong>: Combine seus n\u00fameros da sorte com sele\u00e7\u00f5es aleat\u00f3rias Quick Pick para diversificar sua estrat\u00e9gia.<\/li>\n<li><strong>Considere o Life Ball<\/strong>: Sorteado entre apenas 10 n\u00fameros (1\u201310), o Life Ball \u00e9 crucial para os dois principais pr\u00eamios. Ele pode ser igual a um n\u00famero principal.<\/li>\n<li><strong>Aproveite m\u00faltiplas linhas<\/strong>: Jogar at\u00e9 20 linhas por sorteio aumenta proporcionalmente suas chances. Ter 20 combina\u00e7\u00f5es diferentes oferece 20 oportunidades de acertar os n\u00fameros vencedores.<\/li>\n<li><strong><img loading=\"lazy\" decoding=\"async\" class=\"alignright wp-image-265761\" style=\"font-weight: 500;\" src=\"https:\/\/lottomat.com\/wp-content\/uploads\/2026\/01\/Set-For-Life-UK-online.webp\" alt=\"Set For Life UK online\" width=\"200\" height=\"200\" srcset=\"https:\/\/lottomat.com\/wp-content\/uploads\/2026\/01\/Set-For-Life-UK-online.webp 400w, https:\/\/lottomat.com\/wp-content\/uploads\/2026\/01\/Set-For-Life-UK-online-300x300.webp 300w, https:\/\/lottomat.com\/wp-content\/uploads\/2026\/01\/Set-For-Life-UK-online-150x150.webp 150w, https:\/\/lottomat.com\/wp-content\/uploads\/2026\/01\/Set-For-Life-UK-online-100x100.webp 100w\" sizes=\"auto, (max-width: 200px) 100vw, 200px\" \/>Participe de bol\u00f5es<\/strong>: Jogar como parte de um sindicato permite comprar mais linhas dividindo os custos, aumentando significativamente as chances do grupo enquanto mant\u00e9m os custos individuais acess\u00edveis.<\/li>\n<li><strong>Verifique os bilhetes imediatamente<\/strong>: Revise os bilhetes escaneados assim que aparecerem em sua conta para confirmar que os n\u00fameros foram registrados corretamente.<\/li>\n<li><strong>Entenda a estrutura de anuidade<\/strong>: O jackpot oferece \u00a310.000 por m\u00eas durante 30 anos (\u00a33,6 milh\u00f5es no total), enquanto o segundo pr\u00eamio oferece \u00a310.000 por m\u00eas durante um ano. S\u00e3o pr\u00eamios reais em formato de anuidade com pagamentos garantidos.<\/li>\n<li><strong>Mantenha-se informado<\/strong>: Os sorteios acontecem toda segunda e quinta-feira \u00e0s 20h00, com vendas encerradas \u00e0s 19h30. Entender o cronograma ajuda a planejar sua participa\u00e7\u00e3o.<\/li>\n<\/ul>\n<p>Ao aplicar essas estrat\u00e9gias enquanto utiliza a plataforma Lottomat, voc\u00ea otimiza sua experi\u00eancia no Set For Life UK. Embora nenhuma estrat\u00e9gia garanta sucesso, jogar de forma informada aumenta a divers\u00e3o e ajuda a administrar seu or\u00e7amento com responsabilidade.<\/p>\n<p><strong>Voc\u00ea est\u00e1 pronto para jogar Set For Life UK online? Participe agora mesmo!<\/strong><\/p>\n","protected":false},"excerpt":{"rendered":"<p>O que \u00e9 o Set For Life UK? Set For Life UK \u00e9 um jogo de loteria diferenciado operado pela Loteria Nacional, lan\u00e7ado em mar\u00e7o de 2019. Ao contr\u00e1rio das loterias tradicionais que oferecem pagamentos \u00fanicos, o Set For Life garante pagamentos mensais por um longo per\u00edodo. Voc\u00ea pode jogar Set For Life online e [&hellip;]<\/p>\n","protected":false},"author":1,"featured_media":0,"parent":6788,"menu_order":15,"comment_status":"closed","ping_status":"closed","template":"set-for-life.php","meta":{"_et_pb_use_builder":"","_et_pb_old_content":"","_et_gb_content_width":"","exclude_from_search":false,"footnotes":""},"class_list":["post-8454","page","type-page","status-publish","hentry"],"yoast_head":"<!-- This site is optimized with the Yoast SEO plugin v23.8 - https:\/\/yoast.com\/wordpress\/plugins\/seo\/ -->\n<title>Set for Life online \u2013 Compre bilhetes Set For Life UK \u2013 Lottomat<\/title>\n<meta name=\"description\" content=\"Jogue Set for Life online hoje mesmo e ganhe amanh\u00e3! Aqui voc\u00ea pode comprar bilhetes da loteria Set For Life online e concorrer a pr\u00eamios excepcionais.\" \/>\n<meta name=\"robots\" content=\"index, follow, max-snippet:-1, max-image-preview:large, max-video-preview:-1\" \/>\n<link rel=\"canonical\" href=\"https:\/\/lottomat.com\/pt\/jogar\/set-for-life-uk\/\" \/>\n<meta property=\"og:locale\" content=\"pt_PT\" \/>\n<meta property=\"og:type\" content=\"article\" \/>\n<meta property=\"og:title\" content=\"Set for Life online \u2013 Compre bilhetes Set For Life UK \u2013 Lottomat\" \/>\n<meta property=\"og:description\" content=\"Jogue Set for Life online hoje mesmo e ganhe amanh\u00e3! Aqui voc\u00ea pode comprar bilhetes da loteria Set For Life online e concorrer a pr\u00eamios excepcionais.\" \/>\n<meta property=\"og:url\" content=\"https:\/\/lottomat.com\/pt\/jogar\/set-for-life-uk\/\" \/>\n<meta property=\"og:site_name\" content=\"Lottomat\" \/>\n<meta property=\"article:modified_time\" content=\"2026-03-03T11:51:47+00:00\" \/>\n<meta property=\"og:image\" content=\"https:\/\/lottomat.com\/wp-content\/uploads\/2026\/01\/buy-Set-For-Life-ticket.webp\" \/>\n\t<meta property=\"og:image:width\" content=\"400\" \/>\n\t<meta property=\"og:image:height\" content=\"400\" \/>\n\t<meta property=\"og:image:type\" content=\"image\/webp\" \/>\n<meta name=\"twitter:card\" content=\"summary_large_image\" \/>\n<meta name=\"twitter:label1\" content=\"Est. reading time\" \/>\n\t<meta name=\"twitter:data1\" content=\"8 minutes\" \/>\n<script type=\"application\/ld+json\" class=\"yoast-schema-graph\">{\"@context\":\"https:\/\/schema.org\",\"@graph\":[{\"@type\":\"WebPage\",\"@id\":\"https:\/\/lottomat.com\/pt\/jogar\/set-for-life-uk\/\",\"url\":\"https:\/\/lottomat.com\/pt\/jogar\/set-for-life-uk\/\",\"name\":\"Set for Life online \u2013 Compre bilhetes Set For Life UK \u2013 Lottomat\",\"isPartOf\":{\"@id\":\"https:\/\/lottomat.com\/pt\/#website\"},\"primaryImageOfPage\":{\"@id\":\"https:\/\/lottomat.com\/pt\/jogar\/set-for-life-uk\/#primaryimage\"},\"image\":{\"@id\":\"https:\/\/lottomat.com\/pt\/jogar\/set-for-life-uk\/#primaryimage\"},\"thumbnailUrl\":\"https:\/\/lottomat.com\/wp-content\/uploads\/2026\/01\/buy-Set-For-Life-ticket.webp\",\"datePublished\":\"2025-03-26T09:57:55+00:00\",\"dateModified\":\"2026-03-03T11:51:47+00:00\",\"description\":\"Jogue Set for Life online hoje mesmo e ganhe amanh\u00e3! Aqui voc\u00ea pode comprar bilhetes da loteria Set For Life online e concorrer a pr\u00eamios excepcionais.\",\"breadcrumb\":{\"@id\":\"https:\/\/lottomat.com\/pt\/jogar\/set-for-life-uk\/#breadcrumb\"},\"inLanguage\":\"pt\",\"potentialAction\":[{\"@type\":\"ReadAction\",\"target\":[\"https:\/\/lottomat.com\/pt\/jogar\/set-for-life-uk\/\"]}]},{\"@type\":\"ImageObject\",\"inLanguage\":\"pt\",\"@id\":\"https:\/\/lottomat.com\/pt\/jogar\/set-for-life-uk\/#primaryimage\",\"url\":\"https:\/\/lottomat.com\/wp-content\/uploads\/2026\/01\/buy-Set-For-Life-ticket.webp\",\"contentUrl\":\"https:\/\/lottomat.com\/wp-content\/uploads\/2026\/01\/buy-Set-For-Life-ticket.webp\"},{\"@type\":\"BreadcrumbList\",\"@id\":\"https:\/\/lottomat.com\/pt\/jogar\/set-for-life-uk\/#breadcrumb\",\"itemListElement\":[{\"@type\":\"ListItem\",\"position\":1,\"name\":\"Home\",\"item\":\"https:\/\/lottomat.com\/pt\/\"},{\"@type\":\"ListItem\",\"position\":2,\"name\":\"Apostar na loteria\",\"item\":\"https:\/\/lottomat.com\/pt\/jogar\/\"},{\"@type\":\"ListItem\",\"position\":3,\"name\":\"Jogue Set for Life online \u2013 Bilhetes Set For Life UK\"}]},{\"@type\":\"WebSite\",\"@id\":\"https:\/\/lottomat.com\/pt\/#website\",\"url\":\"https:\/\/lottomat.com\/pt\/\",\"name\":\"Lottomat\",\"description\":\"\",\"potentialAction\":[{\"@type\":\"SearchAction\",\"target\":{\"@type\":\"EntryPoint\",\"urlTemplate\":\"https:\/\/lottomat.com\/pt\/?s={search_term_string}\"},\"query-input\":{\"@type\":\"PropertyValueSpecification\",\"valueRequired\":true,\"valueName\":\"search_term_string\"}}],\"inLanguage\":\"pt\"}]}<\/script>\n<!-- \/ Yoast SEO plugin. -->","yoast_head_json":{"title":"Set for Life online \u2013 Compre bilhetes Set For Life UK \u2013 Lottomat","description":"Jogue Set for Life online hoje mesmo e ganhe amanh\u00e3! Aqui voc\u00ea pode comprar bilhetes da loteria Set For Life online e concorrer a pr\u00eamios excepcionais.","robots":{"index":"index","follow":"follow","max-snippet":"max-snippet:-1","max-image-preview":"max-image-preview:large","max-video-preview":"max-video-preview:-1"},"canonical":"https:\/\/lottomat.com\/pt\/jogar\/set-for-life-uk\/","og_locale":"pt_PT","og_type":"article","og_title":"Set for Life online \u2013 Compre bilhetes Set For Life UK \u2013 Lottomat","og_description":"Jogue Set for Life online hoje mesmo e ganhe amanh\u00e3! Aqui voc\u00ea pode comprar bilhetes da loteria Set For Life online e concorrer a pr\u00eamios excepcionais.","og_url":"https:\/\/lottomat.com\/pt\/jogar\/set-for-life-uk\/","og_site_name":"Lottomat","article_modified_time":"2026-03-03T11:51:47+00:00","og_image":[{"width":400,"height":400,"url":"https:\/\/lottomat.com\/wp-content\/uploads\/2026\/01\/buy-Set-For-Life-ticket.webp","type":"image\/webp"}],"twitter_card":"summary_large_image","twitter_misc":{"Est. reading time":"8 minutes"},"schema":{"@context":"https:\/\/schema.org","@graph":[{"@type":"WebPage","@id":"https:\/\/lottomat.com\/pt\/jogar\/set-for-life-uk\/","url":"https:\/\/lottomat.com\/pt\/jogar\/set-for-life-uk\/","name":"Set for Life online \u2013 Compre bilhetes Set For Life UK \u2013 Lottomat","isPartOf":{"@id":"https:\/\/lottomat.com\/pt\/#website"},"primaryImageOfPage":{"@id":"https:\/\/lottomat.com\/pt\/jogar\/set-for-life-uk\/#primaryimage"},"image":{"@id":"https:\/\/lottomat.com\/pt\/jogar\/set-for-life-uk\/#primaryimage"},"thumbnailUrl":"https:\/\/lottomat.com\/wp-content\/uploads\/2026\/01\/buy-Set-For-Life-ticket.webp","datePublished":"2025-03-26T09:57:55+00:00","dateModified":"2026-03-03T11:51:47+00:00","description":"Jogue Set for Life online hoje mesmo e ganhe amanh\u00e3! Aqui voc\u00ea pode comprar bilhetes da loteria Set For Life online e concorrer a pr\u00eamios excepcionais.","breadcrumb":{"@id":"https:\/\/lottomat.com\/pt\/jogar\/set-for-life-uk\/#breadcrumb"},"inLanguage":"pt","potentialAction":[{"@type":"ReadAction","target":["https:\/\/lottomat.com\/pt\/jogar\/set-for-life-uk\/"]}]},{"@type":"ImageObject","inLanguage":"pt","@id":"https:\/\/lottomat.com\/pt\/jogar\/set-for-life-uk\/#primaryimage","url":"https:\/\/lottomat.com\/wp-content\/uploads\/2026\/01\/buy-Set-For-Life-ticket.webp","contentUrl":"https:\/\/lottomat.com\/wp-content\/uploads\/2026\/01\/buy-Set-For-Life-ticket.webp"},{"@type":"BreadcrumbList","@id":"https:\/\/lottomat.com\/pt\/jogar\/set-for-life-uk\/#breadcrumb","itemListElement":[{"@type":"ListItem","position":1,"name":"Home","item":"https:\/\/lottomat.com\/pt\/"},{"@type":"ListItem","position":2,"name":"Apostar na loteria","item":"https:\/\/lottomat.com\/pt\/jogar\/"},{"@type":"ListItem","position":3,"name":"Jogue Set for Life online \u2013 Bilhetes Set For Life UK"}]},{"@type":"WebSite","@id":"https:\/\/lottomat.com\/pt\/#website","url":"https:\/\/lottomat.com\/pt\/","name":"Lottomat","description":"","potentialAction":[{"@type":"SearchAction","target":{"@type":"EntryPoint","urlTemplate":"https:\/\/lottomat.com\/pt\/?s={search_term_string}"},"query-input":{"@type":"PropertyValueSpecification","valueRequired":true,"valueName":"search_term_string"}}],"inLanguage":"pt"}]}},"_links":{"self":[{"href":"https:\/\/lottomat.com\/pt\/wp-json\/wp\/v2\/pages\/8454","targetHints":{"allow":["GET"]}}],"collection":[{"href":"https:\/\/lottomat.com\/pt\/wp-json\/wp\/v2\/pages"}],"about":[{"href":"https:\/\/lottomat.com\/pt\/wp-json\/wp\/v2\/types\/page"}],"author":[{"embeddable":true,"href":"https:\/\/lottomat.com\/pt\/wp-json\/wp\/v2\/users\/1"}],"replies":[{"embeddable":true,"href":"https:\/\/lottomat.com\/pt\/wp-json\/wp\/v2\/comments?post=8454"}],"version-history":[{"count":2,"href":"https:\/\/lottomat.com\/pt\/wp-json\/wp\/v2\/pages\/8454\/revisions"}],"predecessor-version":[{"id":272531,"href":"https:\/\/lottomat.com\/pt\/wp-json\/wp\/v2\/pages\/8454\/revisions\/272531"}],"up":[{"embeddable":true,"href":"https:\/\/lottomat.com\/pt\/wp-json\/wp\/v2\/pages\/6788"}],"wp:attachment":[{"href":"https:\/\/lottomat.com\/pt\/wp-json\/wp\/v2\/media?parent=8454"}],"curies":[{"name":"wp","href":"https:\/\/api.w.org\/{rel}","templated":true}]}}