{"id":8432,"date":"2025-03-26T07:52:23","date_gmt":"2025-03-26T07:52:23","guid":{"rendered":"https:\/\/lottomat.net\/apostar-na-loteria\/jogar-na-powerball-on-line\/"},"modified":"2025-11-13T15:46:41","modified_gmt":"2025-11-13T15:46:41","slug":"powerball","status":"publish","type":"page","link":"https:\/\/lottomat.com\/pt\/jogar\/powerball\/","title":{"rendered":"Jogue Powerball Online &#8211; Bilhetes Powerball"},"content":{"rendered":"\n\n<div class=\"kk-star-ratings kksr-auto kksr-align-left kksr-valign-top\"\n    data-payload='{&quot;align&quot;:&quot;left&quot;,&quot;id&quot;:&quot;8432&quot;,&quot;slug&quot;:&quot;default&quot;,&quot;valign&quot;:&quot;top&quot;,&quot;ignore&quot;:&quot;&quot;,&quot;reference&quot;:&quot;auto&quot;,&quot;class&quot;:&quot;&quot;,&quot;count&quot;:&quot;0&quot;,&quot;legendonly&quot;:&quot;&quot;,&quot;readonly&quot;:&quot;&quot;,&quot;score&quot;:&quot;0&quot;,&quot;starsonly&quot;:&quot;&quot;,&quot;best&quot;:&quot;5&quot;,&quot;gap&quot;:&quot;5&quot;,&quot;greet&quot;:&quot;Rate this page&quot;,&quot;legend&quot;:&quot;0\\\/5 - (0 votes)&quot;,&quot;size&quot;:&quot;30&quot;,&quot;title&quot;:&quot;Jogue Powerball Online - Bilhetes Powerball&quot;,&quot;width&quot;:&quot;0&quot;,&quot;_legend&quot;:&quot;{score}\\\/{best} - ({count} {votes})&quot;,&quot;font_factor&quot;:&quot;1.25&quot;}'>\n            \n<div class=\"kksr-stars\">\n    \n<div class=\"kksr-stars-inactive\">\n            <div class=\"kksr-star\" data-star=\"1\" style=\"padding-right: 5px\">\n            \n\n<div class=\"kksr-icon\" style=\"width: 30px; height: 30px;\"><\/div>\n        <\/div>\n            <div class=\"kksr-star\" data-star=\"2\" style=\"padding-right: 5px\">\n            \n\n<div class=\"kksr-icon\" style=\"width: 30px; height: 30px;\"><\/div>\n        <\/div>\n            <div class=\"kksr-star\" data-star=\"3\" style=\"padding-right: 5px\">\n            \n\n<div class=\"kksr-icon\" style=\"width: 30px; height: 30px;\"><\/div>\n        <\/div>\n            <div class=\"kksr-star\" data-star=\"4\" style=\"padding-right: 5px\">\n            \n\n<div class=\"kksr-icon\" style=\"width: 30px; height: 30px;\"><\/div>\n        <\/div>\n            <div class=\"kksr-star\" data-star=\"5\" style=\"padding-right: 5px\">\n            \n\n<div class=\"kksr-icon\" style=\"width: 30px; height: 30px;\"><\/div>\n        <\/div>\n    <\/div>\n    \n<div class=\"kksr-stars-active\" style=\"width: 0px;\">\n            <div class=\"kksr-star\" style=\"padding-right: 5px\">\n            \n\n<div class=\"kksr-icon\" style=\"width: 30px; height: 30px;\"><\/div>\n        <\/div>\n            <div class=\"kksr-star\" style=\"padding-right: 5px\">\n            \n\n<div class=\"kksr-icon\" style=\"width: 30px; height: 30px;\"><\/div>\n        <\/div>\n            <div class=\"kksr-star\" style=\"padding-right: 5px\">\n            \n\n<div class=\"kksr-icon\" style=\"width: 30px; height: 30px;\"><\/div>\n        <\/div>\n            <div class=\"kksr-star\" style=\"padding-right: 5px\">\n            \n\n<div class=\"kksr-icon\" style=\"width: 30px; height: 30px;\"><\/div>\n        <\/div>\n            <div class=\"kksr-star\" style=\"padding-right: 5px\">\n            \n\n<div class=\"kksr-icon\" style=\"width: 30px; height: 30px;\"><\/div>\n        <\/div>\n    <\/div>\n<\/div>\n                \n\n<div class=\"kksr-legend\" style=\"font-size: 24px;\">\n            <span class=\"kksr-muted\">Rate this page<\/span>\n    <\/div>\n    <\/div>\n<h2><img loading=\"lazy\" decoding=\"async\" class=\"alignleft wp-image-252142\" src=\"https:\/\/lottomat.com\/wp-content\/uploads\/2025\/10\/play-Powerball-150x150.webp\" alt=\"jogue Powerball\" width=\"200\" height=\"200\" srcset=\"https:\/\/lottomat.com\/wp-content\/uploads\/2025\/10\/play-Powerball-150x150.webp 150w, https:\/\/lottomat.com\/wp-content\/uploads\/2025\/10\/play-Powerball-300x300.webp 300w, https:\/\/lottomat.com\/wp-content\/uploads\/2025\/10\/play-Powerball-100x100.webp 100w, https:\/\/lottomat.com\/wp-content\/uploads\/2025\/10\/play-Powerball.webp 400w\" sizes=\"auto, (max-width: 200px) 100vw, 200px\" \/>O que \u00e9 a Loteria Powerball?<\/h2>\n<p>Vamos come\u00e7ar com as regras desta famosa loteria, que s\u00e3o muito simples \u2014 voc\u00ea vai aprender rapidamente como jogar Powerball online. O jogo consiste em escolher cinco n\u00fameros de 1 a 69 e um n\u00famero extra, chamado Power Ball, de 1 a 26. Se o jogador acertar todos os n\u00fameros sorteados, ganha o pr\u00eamio principal garantido, mas lembre-se de que h\u00e1 <strong>9 n\u00edveis de pr\u00eamios<\/strong>. Tamb\u00e9m ganha o jogador que acerta apenas o n\u00famero extra Power Ball, que \u00e9 o n\u00famero b\u00f4nus. Na loteria Powerball online, h\u00e1 ainda uma op\u00e7\u00e3o interessante para os jogadores chamada <strong>Power Play<\/strong>, que \u00e9 uma fun\u00e7\u00e3o extra que permite multiplicar os ganhos, exceto o pr\u00eamio principal. No entanto, ela est\u00e1 dispon\u00edvel apenas em territ\u00f3rio norte-americano, quando o bilhete \u00e9 comprado pessoalmente em um ponto Powerball. Um jogador que acerta todos os cinco n\u00fameros principais, mas n\u00e3o o n\u00famero b\u00f4nus Powerball, recebe o pr\u00eamio garantido de <strong>1.000.000 de d\u00f3lares<\/strong>. Em outras palavras, quem acerta 5 n\u00fameros principais ganha um milh\u00e3o de d\u00f3lares. Clique e leia <a href=\"https:\/\/lottomat.com\/pt\/powerball\/\">mais sobre as regras e pr\u00eamios da Powerball<\/a> em nosso site. \u00c9 claro que, como em outras <a href=\"https:\/\/lottomat.com\/pt\/\">melhores loterias do mundo<\/a>, se n\u00e3o houver ganhadores, o pr\u00eamio acumula, oferecendo a chance de ganhar enormes quantias em dinheiro. A Powerball ficou famosa por bilhetes vencedores que se transformaram em milh\u00f5es de d\u00f3lares. O maior pr\u00eamio acumulado na hist\u00f3ria da loteria americana ocorreu em <strong>7 de novembro de 2022<\/strong> e chegou a <strong>2,04 bilh\u00f5es de d\u00f3lares<\/strong>, com valor em dinheiro de <strong>997,6 milh\u00f5es de d\u00f3lares<\/strong>.<\/p>\n<h2>Como comprar bilhetes Powerball?<img loading=\"lazy\" decoding=\"async\" class=\"alignright wp-image-252172\" src=\"https:\/\/lottomat.com\/wp-content\/uploads\/2025\/10\/Powerball-lottery-tickets-300x300.webp\" alt=\"bilhetes Powerball\" width=\"200\" height=\"200\" srcset=\"https:\/\/lottomat.com\/wp-content\/uploads\/2025\/10\/Powerball-lottery-tickets-300x300.webp 300w, https:\/\/lottomat.com\/wp-content\/uploads\/2025\/10\/Powerball-lottery-tickets-150x150.webp 150w, https:\/\/lottomat.com\/wp-content\/uploads\/2025\/10\/Powerball-lottery-tickets-100x100.webp 100w, https:\/\/lottomat.com\/wp-content\/uploads\/2025\/10\/Powerball-lottery-tickets.webp 400w\" sizes=\"auto, (max-width: 200px) 100vw, 200px\" \/><\/h2>\n<p>Gra\u00e7as \u00e0s mudan\u00e7as nas regras do Powerball, voc\u00ea n\u00e3o precisa ser cidad\u00e3o dos Estados Unidos nem estar em seu territ\u00f3rio. Voc\u00ea pode participar da <strong>loteria Powerball online atrav\u00e9s do site LottoMat<\/strong>. \u00c9 muito conveniente \u2014 voc\u00ea pode comprar bilhetes Powerball a qualquer hora do dia ou da noite, sete dias por semana. Tudo o que precisa fazer \u00e9 selecionar a op\u00e7\u00e3o Jogar no site LottoMat e preencher o n\u00famero desejado de bilhetes. Depois, basta esperar pelo sorteio, que acontece todas as <strong>ter\u00e7as, quintas e domingos \u00e0s 02:59 UTC<\/strong>. O site LottoMat garante que seu bilhete \u00e9 v\u00e1lido e participa do sorteio oficial da Powerball. Voc\u00ea pode comprar usando um computador ou celular <strong>de qualquer lugar do mundo e a qualquer momento<\/strong>. Basta criar uma conta de usu\u00e1rio segura, comprar o bilhete e aguardar o resultado!<\/p>\n<h2>Qual \u00e9 o pre\u00e7o de um bilhete Powerball online?<\/h2>\n<p>Para calcular o pre\u00e7o de um bilhete, basta preencher um ou mais bilhetes no site LottoMat. Ap\u00f3s escolher os n\u00fameros, <strong>o valor ser\u00e1 exibido abaixo de todos os bilhetes<\/strong>. Se preencher mais de um bilhete, o sistema calcular\u00e1 automaticamente o valor total, que \u00e9 o pre\u00e7o final. Esse valor inclui o custo de todos os bilhetes Powerball e as taxas de servi\u00e7o.<\/p>\n<h2><img loading=\"lazy\" decoding=\"async\" class=\"alignleft wp-image-252202\" src=\"https:\/\/lottomat.com\/wp-content\/uploads\/2025\/10\/Powerball-online-tickets-300x300.webp\" alt=\"bilhetes Powerball online\" width=\"200\" height=\"200\" srcset=\"https:\/\/lottomat.com\/wp-content\/uploads\/2025\/10\/Powerball-online-tickets-300x300.webp 300w, https:\/\/lottomat.com\/wp-content\/uploads\/2025\/10\/Powerball-online-tickets-150x150.webp 150w, https:\/\/lottomat.com\/wp-content\/uploads\/2025\/10\/Powerball-online-tickets-100x100.webp 100w, https:\/\/lottomat.com\/wp-content\/uploads\/2025\/10\/Powerball-online-tickets.webp 400w\" sizes=\"auto, (max-width: 200px) 100vw, 200px\" \/><\/h2>\n<h2>Como jogar Powerball online?<\/h2>\n<p>Gra\u00e7as ao nosso site, a loteria mais popular do mundo agora est\u00e1 dispon\u00edvel sem sair de casa. Para jogar Powerball online, escolha <strong>cinco n\u00fameros principais de 1 a 69 e um n\u00famero Power Ball extra de 1 a 26<\/strong>. Voc\u00ea pode selecionar os n\u00fameros manualmente ou usar a op\u00e7\u00e3o <strong>Escolha R\u00e1pida<\/strong> para gerar uma combina\u00e7\u00e3o aleat\u00f3ria. \u00c9 simples assim! Jogar com a LottoMat \u00e9 totalmente seguro. <strong>Escaneamos todos os bilhetes comprados para garantir sua validade e sua tranquilidade.<\/strong> Com a LottoMat, voc\u00ea pode jogar Powerball online de qualquer lugar do mundo \u2014 tudo o que precisa \u00e9 de <strong>acesso \u00e0 internet e um m\u00e9todo de pagamento online.<\/strong> Essa acessibilidade global torna mais f\u00e1cil do que nunca participar de uma das loterias mais empolgantes do mundo.<\/p>\n<h2>Posso comprar v\u00e1rios bilhetes Powerball online?<\/h2>\n<p><strong>Sim, com certeza voc\u00ea pode comprar v\u00e1rios bilhetes Powerball online<\/strong> para aumentar suas chances de ganhar. Basta selecionar a op\u00e7\u00e3o <strong>&#8220;mais linhas&#8221;<\/strong> durante o jogo e escolher quantas linhas deseja jogar. Cada linha adicional representa outra chance de ganhar o pr\u00eamio principal ou um dos pr\u00eamios secund\u00e1rios. Quanto mais bilhetes voc\u00ea comprar, maiores ser\u00e3o suas chances de acertar os n\u00fameros vencedores.<\/p>\n<h2>Posso comprar bilhetes Powerball online para v\u00e1rios sorteios?<\/h2>\n<h2><img loading=\"lazy\" decoding=\"async\" class=\"alignright wp-image-252232\" src=\"https:\/\/lottomat.com\/wp-content\/uploads\/2025\/10\/Powerball-online-300x300.webp\" alt=\"Powerball online\" width=\"200\" height=\"200\" srcset=\"https:\/\/lottomat.com\/wp-content\/uploads\/2025\/10\/Powerball-online-300x300.webp 300w, https:\/\/lottomat.com\/wp-content\/uploads\/2025\/10\/Powerball-online-150x150.webp 150w, https:\/\/lottomat.com\/wp-content\/uploads\/2025\/10\/Powerball-online-100x100.webp 100w, https:\/\/lottomat.com\/wp-content\/uploads\/2025\/10\/Powerball-online.webp 400w\" sizes=\"auto, (max-width: 200px) 100vw, 200px\" \/><\/h2>\n<p>Com certeza! No LottoMat, voc\u00ea pode <strong>comprar bilhetes Powerball com anteced\u00eancia para at\u00e9 8 sorteios consecutivos<\/strong>. Esse recurso conveniente significa que voc\u00ea n\u00e3o precisa se lembrar de comprar bilhetes para cada sorteio individual \u2014 seus n\u00fameros ser\u00e3o automaticamente inclu\u00eddos nos pr\u00f3ximos sorteios. Essa op\u00e7\u00e3o de compra antecipada garante que <strong>voc\u00ea nunca perder\u00e1 um sorteio<\/strong> e permite participar continuamente da loteria por v\u00e1rias semanas.<\/p>\n<h2>Como verificar os resultados da loteria Powerball online?<\/h2>\n<p>Voc\u00ea pode facilmente verificar tanto <a href=\"https:\/\/lottomat.com\/pt\/resultados\/resultados-da-powerball\/\">os resultados mais recentes quanto os arquivados da Powerball<\/a> diretamente no site LottoMat. Nossa p\u00e1gina de resultados \u00e9 atualizada imediatamente ap\u00f3s cada sorteio, fornecendo <strong>n\u00fameros vencedores precisos e atualizados.<\/strong> Seja para conferir os sorteios recentes ou para revisar os resultados anteriores, todas as informa\u00e7\u00f5es est\u00e3o dispon\u00edveis em um s\u00f3 lugar. Essa fun\u00e7\u00e3o pr\u00e1tica permite verificar rapidamente se seus n\u00fameros foram premiados sem precisar procurar em v\u00e1rios sites.<\/p>\n<h2><img loading=\"lazy\" decoding=\"async\" class=\"alignleft wp-image-252262\" src=\"https:\/\/lottomat.com\/wp-content\/uploads\/2025\/10\/Powerball-tickets-300x300.webp\" alt=\"bilhetes Powerball\" width=\"200\" height=\"200\" srcset=\"https:\/\/lottomat.com\/wp-content\/uploads\/2025\/10\/Powerball-tickets-300x300.webp 300w, https:\/\/lottomat.com\/wp-content\/uploads\/2025\/10\/Powerball-tickets-150x150.webp 150w, https:\/\/lottomat.com\/wp-content\/uploads\/2025\/10\/Powerball-tickets-100x100.webp 100w, https:\/\/lottomat.com\/wp-content\/uploads\/2025\/10\/Powerball-tickets.webp 400w\" sizes=\"auto, (max-width: 200px) 100vw, 200px\" \/>O LottoMat escaneia bilhetes Powerball online?<\/h2>\n<p><strong>Sim, absolutamente!<\/strong> Nossos agentes autorizados compram fisicamente os bilhetes Powerball em locais oficiais e licenciados em seu nome. <strong>Escaneamos e armazenamos os bilhetes originais com seguran\u00e7a<\/strong> para garantir total transpar\u00eancia e seguran\u00e7a aos nossos jogadores. Isso significa que voc\u00ea tem prova da sua compra e pode ter certeza de que sua participa\u00e7\u00e3o \u00e9 v\u00e1lida para o sorteio oficial da Powerball. Os bilhetes originais s\u00e3o mantidos em instala\u00e7\u00f5es seguras, proporcionando tranquilidade quanto ao seu investimento.<\/p>\n<h2>Quais s\u00e3o as melhores dicas para jogar Powerball online?<\/h2>\n<p>Jogue especialmente quando houver um pr\u00eamio acumulado. <strong>A Powerball tem os maiores acumulados do mundo,<\/strong> e mesmo com um \u00fanico bilhete, voc\u00ea tem chance de ganhar. O maior jackpot chegou a impressionantes <strong>2,04 bilh\u00f5es de d\u00f3lares!<\/strong> Voc\u00ea tamb\u00e9m pode usar os n\u00fameros mais frequentemente sorteados, que podem ser encontrados na <a href=\"https:\/\/lottomat.com\/pt\/resultados\/\">p\u00e1gina de resultados da loteria<\/a>. L\u00e1 est\u00e3o dispon\u00edveis os resultados atuais e os anteriores. Lembre-se de que <strong>jogar Powerball online deve ser uma forma de entretenimento,<\/strong> portanto, \u00e9 importante jogar com responsabilidade e bom senso. Defina um or\u00e7amento e mantenha-se dentro dele, tratando os bilhetes como uma divers\u00e3o, n\u00e3o como um investimento.<\/p>\n<h3>Dicas que podem aumentar suas chances de ganhar<\/h3>\n<p>Comprar mais de um bilhete Powerball significa que cada bilhete extra aumenta suas chances de acertar os n\u00fameros sorteados. Certifique-se de escolher n\u00fameros variados, pois o intervalo \u00e9 grande \u2014 evite limitar-se a datas de nascimento, que reduzem suas op\u00e7\u00f5es. Para reduzir o custo de <a href=\"https:\/\/lottomat.com\/pt\/jogar\/\">comprar bilhetes de loteria online<\/a>, convide amigos ou familiares para jogar com voc\u00ea, o que aumenta suas chances de ganhar. Os custos dos bilhetes podem ser divididos entre v\u00e1rias pessoas, tornando o jogo mais acess\u00edvel. Jogue quando houver <a href=\"https:\/\/lottomat.com\/pt\/lotarias\/\">os maiores pr\u00eamios acumulados<\/a>, porque toda a divers\u00e3o da Powerball est\u00e1 na chance de ganhar! <strong>Voc\u00ea pode comprar um bilhete vencedor a qualquer momento e se tornar um milion\u00e1rio!<\/strong><\/p>\n","protected":false},"excerpt":{"rendered":"<p>O que \u00e9 a Loteria Powerball? Vamos come\u00e7ar com as regras desta famosa loteria, que s\u00e3o muito simples \u2014 voc\u00ea vai aprender rapidamente como jogar Powerball online. O jogo consiste em escolher cinco n\u00fameros de 1 a 69 e um n\u00famero extra, chamado Power Ball, de 1 a 26. Se o jogador acertar todos os [&hellip;]<\/p>\n","protected":false},"author":1,"featured_media":0,"parent":6788,"menu_order":1,"comment_status":"closed","ping_status":"closed","template":"powerball-usa.php","meta":{"_et_pb_use_builder":"","_et_pb_old_content":"","_et_gb_content_width":"","exclude_from_search":false,"footnotes":""},"class_list":["post-8432","page","type-page","status-publish","hentry"],"yoast_head":"<!-- This site is optimized with the Yoast SEO plugin v23.8 - https:\/\/yoast.com\/wordpress\/plugins\/seo\/ -->\n<title>Jogue Powerball Online - Bilhetes Powerball - LottoMat<\/title>\n<meta name=\"description\" content=\"Quer jogar na loteria Powerball online? Aprenda como jogar Powerball e torne-se um milion\u00e1rio! Compre bilhetes Powerball online a qualquer hora!\" \/>\n<meta name=\"robots\" content=\"index, follow, max-snippet:-1, max-image-preview:large, max-video-preview:-1\" \/>\n<link rel=\"canonical\" href=\"https:\/\/lottomat.com\/pt\/jogar\/powerball\/\" \/>\n<meta property=\"og:locale\" content=\"pt_PT\" \/>\n<meta property=\"og:type\" content=\"article\" \/>\n<meta property=\"og:title\" content=\"Jogue Powerball Online - Bilhetes Powerball - LottoMat\" \/>\n<meta property=\"og:description\" content=\"Quer jogar na loteria Powerball online? Aprenda como jogar Powerball e torne-se um milion\u00e1rio! Compre bilhetes Powerball online a qualquer hora!\" \/>\n<meta property=\"og:url\" content=\"https:\/\/lottomat.com\/pt\/jogar\/powerball\/\" \/>\n<meta property=\"og:site_name\" content=\"Lottomat\" \/>\n<meta property=\"article:modified_time\" content=\"2025-11-13T15:46:41+00:00\" \/>\n<meta property=\"og:image\" content=\"https:\/\/lottomat.com\/wp-content\/uploads\/2025\/10\/play-Powerball-150x150.webp\" \/>\n<meta name=\"twitter:card\" content=\"summary_large_image\" \/>\n<meta name=\"twitter:label1\" content=\"Est. reading time\" \/>\n\t<meta name=\"twitter:data1\" content=\"6 minutes\" \/>\n<script type=\"application\/ld+json\" class=\"yoast-schema-graph\">{\"@context\":\"https:\/\/schema.org\",\"@graph\":[{\"@type\":\"WebPage\",\"@id\":\"https:\/\/lottomat.com\/pt\/jogar\/powerball\/\",\"url\":\"https:\/\/lottomat.com\/pt\/jogar\/powerball\/\",\"name\":\"Jogue Powerball Online - Bilhetes Powerball - LottoMat\",\"isPartOf\":{\"@id\":\"https:\/\/lottomat.com\/pt\/#website\"},\"primaryImageOfPage\":{\"@id\":\"https:\/\/lottomat.com\/pt\/jogar\/powerball\/#primaryimage\"},\"image\":{\"@id\":\"https:\/\/lottomat.com\/pt\/jogar\/powerball\/#primaryimage\"},\"thumbnailUrl\":\"https:\/\/lottomat.com\/wp-content\/uploads\/2025\/10\/play-Powerball-150x150.webp\",\"datePublished\":\"2025-03-26T07:52:23+00:00\",\"dateModified\":\"2025-11-13T15:46:41+00:00\",\"description\":\"Quer jogar na loteria Powerball online? Aprenda como jogar Powerball e torne-se um milion\u00e1rio! Compre bilhetes Powerball online a qualquer hora!\",\"breadcrumb\":{\"@id\":\"https:\/\/lottomat.com\/pt\/jogar\/powerball\/#breadcrumb\"},\"inLanguage\":\"pt\",\"potentialAction\":[{\"@type\":\"ReadAction\",\"target\":[\"https:\/\/lottomat.com\/pt\/jogar\/powerball\/\"]}]},{\"@type\":\"ImageObject\",\"inLanguage\":\"pt\",\"@id\":\"https:\/\/lottomat.com\/pt\/jogar\/powerball\/#primaryimage\",\"url\":\"https:\/\/lottomat.com\/wp-content\/uploads\/2025\/10\/play-Powerball-150x150.webp\",\"contentUrl\":\"https:\/\/lottomat.com\/wp-content\/uploads\/2025\/10\/play-Powerball-150x150.webp\"},{\"@type\":\"BreadcrumbList\",\"@id\":\"https:\/\/lottomat.com\/pt\/jogar\/powerball\/#breadcrumb\",\"itemListElement\":[{\"@type\":\"ListItem\",\"position\":1,\"name\":\"Home\",\"item\":\"https:\/\/lottomat.com\/pt\/\"},{\"@type\":\"ListItem\",\"position\":2,\"name\":\"Apostar na loteria\",\"item\":\"https:\/\/lottomat.com\/pt\/jogar\/\"},{\"@type\":\"ListItem\",\"position\":3,\"name\":\"Jogue Powerball Online &#8211; Bilhetes Powerball\"}]},{\"@type\":\"WebSite\",\"@id\":\"https:\/\/lottomat.com\/pt\/#website\",\"url\":\"https:\/\/lottomat.com\/pt\/\",\"name\":\"Lottomat\",\"description\":\"\",\"potentialAction\":[{\"@type\":\"SearchAction\",\"target\":{\"@type\":\"EntryPoint\",\"urlTemplate\":\"https:\/\/lottomat.com\/pt\/?s={search_term_string}\"},\"query-input\":{\"@type\":\"PropertyValueSpecification\",\"valueRequired\":true,\"valueName\":\"search_term_string\"}}],\"inLanguage\":\"pt\"}]}<\/script>\n<!-- \/ Yoast SEO plugin. -->","yoast_head_json":{"title":"Jogue Powerball Online - Bilhetes Powerball - LottoMat","description":"Quer jogar na loteria Powerball online? Aprenda como jogar Powerball e torne-se um milion\u00e1rio! Compre bilhetes Powerball online a qualquer hora!","robots":{"index":"index","follow":"follow","max-snippet":"max-snippet:-1","max-image-preview":"max-image-preview:large","max-video-preview":"max-video-preview:-1"},"canonical":"https:\/\/lottomat.com\/pt\/jogar\/powerball\/","og_locale":"pt_PT","og_type":"article","og_title":"Jogue Powerball Online - Bilhetes Powerball - LottoMat","og_description":"Quer jogar na loteria Powerball online? Aprenda como jogar Powerball e torne-se um milion\u00e1rio! Compre bilhetes Powerball online a qualquer hora!","og_url":"https:\/\/lottomat.com\/pt\/jogar\/powerball\/","og_site_name":"Lottomat","article_modified_time":"2025-11-13T15:46:41+00:00","og_image":[{"url":"https:\/\/lottomat.com\/wp-content\/uploads\/2025\/10\/play-Powerball-150x150.webp"}],"twitter_card":"summary_large_image","twitter_misc":{"Est. reading time":"6 minutes"},"schema":{"@context":"https:\/\/schema.org","@graph":[{"@type":"WebPage","@id":"https:\/\/lottomat.com\/pt\/jogar\/powerball\/","url":"https:\/\/lottomat.com\/pt\/jogar\/powerball\/","name":"Jogue Powerball Online - Bilhetes Powerball - LottoMat","isPartOf":{"@id":"https:\/\/lottomat.com\/pt\/#website"},"primaryImageOfPage":{"@id":"https:\/\/lottomat.com\/pt\/jogar\/powerball\/#primaryimage"},"image":{"@id":"https:\/\/lottomat.com\/pt\/jogar\/powerball\/#primaryimage"},"thumbnailUrl":"https:\/\/lottomat.com\/wp-content\/uploads\/2025\/10\/play-Powerball-150x150.webp","datePublished":"2025-03-26T07:52:23+00:00","dateModified":"2025-11-13T15:46:41+00:00","description":"Quer jogar na loteria Powerball online? Aprenda como jogar Powerball e torne-se um milion\u00e1rio! Compre bilhetes Powerball online a qualquer hora!","breadcrumb":{"@id":"https:\/\/lottomat.com\/pt\/jogar\/powerball\/#breadcrumb"},"inLanguage":"pt","potentialAction":[{"@type":"ReadAction","target":["https:\/\/lottomat.com\/pt\/jogar\/powerball\/"]}]},{"@type":"ImageObject","inLanguage":"pt","@id":"https:\/\/lottomat.com\/pt\/jogar\/powerball\/#primaryimage","url":"https:\/\/lottomat.com\/wp-content\/uploads\/2025\/10\/play-Powerball-150x150.webp","contentUrl":"https:\/\/lottomat.com\/wp-content\/uploads\/2025\/10\/play-Powerball-150x150.webp"},{"@type":"BreadcrumbList","@id":"https:\/\/lottomat.com\/pt\/jogar\/powerball\/#breadcrumb","itemListElement":[{"@type":"ListItem","position":1,"name":"Home","item":"https:\/\/lottomat.com\/pt\/"},{"@type":"ListItem","position":2,"name":"Apostar na loteria","item":"https:\/\/lottomat.com\/pt\/jogar\/"},{"@type":"ListItem","position":3,"name":"Jogue Powerball Online &#8211; Bilhetes Powerball"}]},{"@type":"WebSite","@id":"https:\/\/lottomat.com\/pt\/#website","url":"https:\/\/lottomat.com\/pt\/","name":"Lottomat","description":"","potentialAction":[{"@type":"SearchAction","target":{"@type":"EntryPoint","urlTemplate":"https:\/\/lottomat.com\/pt\/?s={search_term_string}"},"query-input":{"@type":"PropertyValueSpecification","valueRequired":true,"valueName":"search_term_string"}}],"inLanguage":"pt"}]}},"_links":{"self":[{"href":"https:\/\/lottomat.com\/pt\/wp-json\/wp\/v2\/pages\/8432","targetHints":{"allow":["GET"]}}],"collection":[{"href":"https:\/\/lottomat.com\/pt\/wp-json\/wp\/v2\/pages"}],"about":[{"href":"https:\/\/lottomat.com\/pt\/wp-json\/wp\/v2\/types\/page"}],"author":[{"embeddable":true,"href":"https:\/\/lottomat.com\/pt\/wp-json\/wp\/v2\/users\/1"}],"replies":[{"embeddable":true,"href":"https:\/\/lottomat.com\/pt\/wp-json\/wp\/v2\/comments?post=8432"}],"version-history":[{"count":3,"href":"https:\/\/lottomat.com\/pt\/wp-json\/wp\/v2\/pages\/8432\/revisions"}],"predecessor-version":[{"id":257351,"href":"https:\/\/lottomat.com\/pt\/wp-json\/wp\/v2\/pages\/8432\/revisions\/257351"}],"up":[{"embeddable":true,"href":"https:\/\/lottomat.com\/pt\/wp-json\/wp\/v2\/pages\/6788"}],"wp:attachment":[{"href":"https:\/\/lottomat.com\/pt\/wp-json\/wp\/v2\/media?parent=8432"}],"curies":[{"name":"wp","href":"https:\/\/api.w.org\/{rel}","templated":true}]}}