{"id":7442,"date":"2025-03-26T07:44:30","date_gmt":"2025-03-26T07:44:30","guid":{"rendered":"https:\/\/lottomat.net\/resultados-da-loteria\/"},"modified":"2025-04-21T16:12:00","modified_gmt":"2025-04-21T16:12:00","slug":"resultados","status":"publish","type":"page","link":"https:\/\/lottomat.com\/pt\/resultados\/","title":{"rendered":"Resultados da Loteria"},"content":{"rendered":"\n\n<div class=\"kk-star-ratings kksr-auto kksr-align-left kksr-valign-top\"\n    data-payload='{&quot;align&quot;:&quot;left&quot;,&quot;id&quot;:&quot;7442&quot;,&quot;slug&quot;:&quot;default&quot;,&quot;valign&quot;:&quot;top&quot;,&quot;ignore&quot;:&quot;&quot;,&quot;reference&quot;:&quot;auto&quot;,&quot;class&quot;:&quot;&quot;,&quot;count&quot;:&quot;0&quot;,&quot;legendonly&quot;:&quot;&quot;,&quot;readonly&quot;:&quot;&quot;,&quot;score&quot;:&quot;0&quot;,&quot;starsonly&quot;:&quot;&quot;,&quot;best&quot;:&quot;5&quot;,&quot;gap&quot;:&quot;5&quot;,&quot;greet&quot;:&quot;Rate this page&quot;,&quot;legend&quot;:&quot;0\\\/5 - (0 votes)&quot;,&quot;size&quot;:&quot;30&quot;,&quot;title&quot;:&quot;Resultados da Loteria&quot;,&quot;width&quot;:&quot;0&quot;,&quot;_legend&quot;:&quot;{score}\\\/{best} - ({count} {votes})&quot;,&quot;font_factor&quot;:&quot;1.25&quot;}'>\n            \n<div class=\"kksr-stars\">\n    \n<div class=\"kksr-stars-inactive\">\n            <div class=\"kksr-star\" data-star=\"1\" style=\"padding-right: 5px\">\n            \n\n<div class=\"kksr-icon\" style=\"width: 30px; height: 30px;\"><\/div>\n        <\/div>\n            <div class=\"kksr-star\" data-star=\"2\" style=\"padding-right: 5px\">\n            \n\n<div class=\"kksr-icon\" style=\"width: 30px; height: 30px;\"><\/div>\n        <\/div>\n            <div class=\"kksr-star\" data-star=\"3\" style=\"padding-right: 5px\">\n            \n\n<div class=\"kksr-icon\" style=\"width: 30px; height: 30px;\"><\/div>\n        <\/div>\n            <div class=\"kksr-star\" data-star=\"4\" style=\"padding-right: 5px\">\n            \n\n<div class=\"kksr-icon\" style=\"width: 30px; height: 30px;\"><\/div>\n        <\/div>\n            <div class=\"kksr-star\" data-star=\"5\" style=\"padding-right: 5px\">\n            \n\n<div class=\"kksr-icon\" style=\"width: 30px; height: 30px;\"><\/div>\n        <\/div>\n    <\/div>\n    \n<div class=\"kksr-stars-active\" style=\"width: 0px;\">\n            <div class=\"kksr-star\" style=\"padding-right: 5px\">\n            \n\n<div class=\"kksr-icon\" style=\"width: 30px; height: 30px;\"><\/div>\n        <\/div>\n            <div class=\"kksr-star\" style=\"padding-right: 5px\">\n            \n\n<div class=\"kksr-icon\" style=\"width: 30px; height: 30px;\"><\/div>\n        <\/div>\n            <div class=\"kksr-star\" style=\"padding-right: 5px\">\n            \n\n<div class=\"kksr-icon\" style=\"width: 30px; height: 30px;\"><\/div>\n        <\/div>\n            <div class=\"kksr-star\" style=\"padding-right: 5px\">\n            \n\n<div class=\"kksr-icon\" style=\"width: 30px; height: 30px;\"><\/div>\n        <\/div>\n            <div class=\"kksr-star\" style=\"padding-right: 5px\">\n            \n\n<div class=\"kksr-icon\" style=\"width: 30px; height: 30px;\"><\/div>\n        <\/div>\n    <\/div>\n<\/div>\n                \n\n<div class=\"kksr-legend\" style=\"font-size: 24px;\">\n            <span class=\"kksr-muted\">Rate this page<\/span>\n    <\/div>\n    <\/div>\n<p>Confira os resultados de hoje das loterias mais populares do mundo! Na guia <b><strong>&#8220;Lotto results<\/strong><\/b> \u201d <b><strong>(Resultados da loteria<\/strong><\/b> ), como o nome sugere, voc\u00ea pode verificar os resultados atuais de cada sorteio que lhe interessa no momento. N\u00f3s a atualizamos o tempo todo, e todos os resultados v\u00eam das mensagens oficiais de cada loteria, o que os torna 100% confi\u00e1veis. Tudo o que voc\u00ea precisa fazer \u00e9 comparar os resultados do sorteio com os n\u00fameros que voc\u00ea escolheu para ver se eles ganharam.<!--more--><\/p>\r\n<h2><img loading=\"lazy\" decoding=\"async\" class=\"alignleft wp-image-29770\" src=\"https:\/\/lottomat.com\/wp-content\/uploads\/sites\/3\/lottery-results.png\" alt=\"Resultados da loteria\r\n\" width=\"130\" height=\"130\" \/>Resultados da loteria e o que mais<\/h2>\r\n<p>No site LottoMat, al\u00e9m dos resultados atuais da loteria do \u00faltimo sorteio, voc\u00ea tamb\u00e9m pode conferir os resultados arquivados de <a href=\"https:\/\/lottomat.com\/pt\/jogar\/\">todas as loterias on-line<\/a> dispon\u00edveis em nossa oferta. Eles ser\u00e3o especialmente \u00fateis ao desenvolver sua pr\u00f3pria estrat\u00e9gia para escolher os n\u00fameros antes do pr\u00f3ximo sorteio. O arquivo de resultados tem dados que v\u00e3o at\u00e9 dois anos atr\u00e1s, o que torna o banco de dados realmente grande e desenvolvido. Nas p\u00e1ginas individuais do site, tamb\u00e9m fornecemos informa\u00e7\u00f5es sobre quais n\u00fameros s\u00e3o mais sorteados em um determinado jogo, o que pode ajudar a criar seu pr\u00f3prio plano dos n\u00fameros a serem escolhidos durante o pr\u00f3ximo jogo para ganhar na Loteria Eurojackpot, por exemplo. Os resultados da loteria que publicamos para cada sorteio s\u00e3o totalmente confi\u00e1veis e completamente livres de erros. Eles s\u00e3o apresentados logo ap\u00f3s as informa\u00e7\u00f5es serem oficialmente publicadas pelo organizador de uma determinada loteria, portanto, voc\u00ea tem a garantia de que n\u00e3o haver\u00e1 erros. Sempre acompanhamos meticulosamente todas as loterias e jackpots. Se quiser <a href=\"https:\/\/lottomat.com\/pt\/resultados\/resultados-da-mega-millions\/\">conferir os \u00faltimos resultados da Mega Millions<\/a>, basta clicar e verificar os n\u00fameros em nosso site.<\/p>\r\n<h2><img loading=\"lazy\" decoding=\"async\" class=\"alignleft wp-image-29798\" src=\"https:\/\/lottomat.com\/wp-content\/uploads\/sites\/3\/lottery-online-1.png\" alt=\"loteria on-line\r\n\" width=\"130\" height=\"130\" \/> Que n\u00fameros de loterias est\u00e3o dispon\u00edveis no site LottoMat?<\/h2>\r\n<p>A sele\u00e7\u00e3o de jogos em nosso site \u00e9 realmente ampla, pois atualmente oferecemos muitos jogos de n\u00fameros populares. Entre eles est\u00e3o duas loterias americanas incrivelmente populares, <a href=\"https:\/\/lottomat.com\/pt\/powerball\/\">Powerball<\/a> e <a href=\"https:\/\/lottomat.com\/pt\/mega-millions\/\">Mega Millions<\/a>. Voc\u00ea tamb\u00e9m encontrar\u00e1 loterias nacionais aqui, como a <a href=\"https:\/\/lottomat.com\/pt\/lotarias\/lotto-uk\/\">Lottery UK <\/a>e a <a href=\"https:\/\/lottomat.com\/pt\/superenalotto\/\">SuperEnalotto<\/a> italiana. Tamb\u00e9m fornecemos <a href=\"https:\/\/lottomat.com\/pt\/resultados\/euromillions\/\">resultados<\/a> <a href=\"https:\/\/lottomat.com\/pt\/eurojackpot\/\">da Eurojackpot<\/a> e <a href=\"https:\/\/lottomat.com\/pt\/resultados\/euromillions\/\">da EuroMillions.<\/a><\/p>\r\n<h2>Quem ganha nas loterias? Como jogar para ganhar?<\/h2>\r\n<p><a href=\"https:\/\/lottomat.com\/pt\/lotarias\/\">As regras de cada loteria<\/a> dispon\u00edvel no site LottoMat podem ser lidas na guia Todas as loterias (em se\u00e7\u00f5es individuais dedicadas a elas), mas h\u00e1 uma regra aqui &#8211; \u00e9 melhor selecionar todos os n\u00fameros sorteados. Dessa forma, voc\u00ea tem a garantia de receber o pr\u00eamio principal. Lembre-se de que o pr\u00eamio principal geralmente \u00e9 superior a uma d\u00fazia ou at\u00e9 mesmo algumas centenas de milh\u00f5es de d\u00f3lares\/euros. Se houver mais de um ganhador em um determinado sorteio, o pr\u00eamio principal ser\u00e1 dividido proporcionalmente entre todos os jogadores. Por outro lado, se voc\u00ea usou a op\u00e7\u00e3o de compra de bilhetes e dividiu os custos com seus amigos ou familiares, o processo de divis\u00e3o depende das regras previamente acordadas e fica a seu crit\u00e9rio.<\/p>\r\n<h3>E se voc\u00ea n\u00e3o tiver escolhido todos os n\u00fameros, mas alguns deles corresponderem aos resultados da loteria on-line?<\/h3>\r\n<p>Na verdade, isso depende das regras da loteria, pois pode realmente haver muitos n\u00edveis de premia\u00e7\u00e3o e combina\u00e7\u00f5es de n\u00fameros. A descri\u00e7\u00e3o exata de cada jogo, juntamente com os n\u00edveis de premia\u00e7\u00e3o e outras informa\u00e7\u00f5es, est\u00e1 dispon\u00edvel na guia da loteria de n\u00fameros espec\u00edfica. A forma mais popular de loterias de n\u00fameros \u00e9 selecionar 6 n\u00fameros principais e tudo est\u00e1 claro aqui &#8211; dependendo do jogo, recebemos um pr\u00eamio em dinheiro ap\u00f3s adivinhar 2 ou 3 n\u00fameros, \u00e0s vezes h\u00e1 um pr\u00eamio alternativo na forma de um bilhete aleat\u00f3rio gratuito para o pr\u00f3ximo sorteio, como na loteria nacional UK Lotto. A situa\u00e7\u00e3o se complica quando escolhemos um jogo em que os n\u00fameros principais e os b\u00f4nus extras s\u00e3o sorteados. H\u00e1 realmente muitos n\u00edveis de premia\u00e7\u00e3o aqui, e o recorde \u00e9 mantido pela loteria EuroMillions, que tem at\u00e9 13 deles, o que torna a chance de ganhar incrivelmente alta. As regras para conced\u00ea-los s\u00e3o discutidas em jogos espec\u00edficos. Muitos jogadores criam suas pr\u00f3prias estrat\u00e9gias para sorteios individuais. Eles anotam coisas como quais n\u00fameros s\u00e3o mais sorteados e quais combina\u00e7\u00f5es se repetem. A melhor receita para aumentar suas chances de ser sorteado \u00e9 comprar v\u00e1rios bilhetes e apostar em diferentes combina\u00e7\u00f5es de n\u00fameros para que a chance de ganhar na loteria seja maior. No site LottoMat, oferecemos a voc\u00ea duas maneiras de selecionar os n\u00fameros. Voc\u00ea pode fazer isso manualmente, ou seja, selecionar os n\u00fameros por conta pr\u00f3pria, ou escolher o m\u00e9todo aleat\u00f3rio, em que o programa escolhe a combina\u00e7\u00e3o certa por conta pr\u00f3pria. Tudo depende de voc\u00ea. Portanto, escolha seus n\u00fameros, compre o bilhete da Powerball e aguarde os <a href=\"https:\/\/lottomat.com\/pt\/resultados\/powerball\/\">resultados oficiais da Powerball<\/a> para verificar se voc\u00ea ganhou! \u00c9 claro &#8211; voc\u00ea pode apostar em todas as nossas loterias on-line e ganhar muito.<\/p>\r\n<h2 class=\"wp-block-heading\">Os acumulados s\u00e3o uma chance de ganhar pr\u00eamios maiores<\/h2>\r\n<p>Quando os resultados dos sorteios da loteria on-line n\u00e3o obt\u00eam um ganhador do pr\u00eamio principal (ningu\u00e9m adivinhou n\u00fameros suficientes), ocorre um acumulado, durante o qual o pr\u00eamio principal fica maior. Esses ac\u00famulos podem durar muito tempo e atingir valores incrivelmente altos. Eles consistem em adicionar o novo pr\u00eamio ao antigo at\u00e9 que todos os n\u00fameros sorteados sejam adivinhados. A \u00fanica exce\u00e7\u00e3o \u00e9 a loteria Eurojackpot. Nesse jogo, o jackpot acumulado pode atingir o limite de 120.000.000 euros. Todos os excedentes acima desse valor s\u00e3o somados aos pr\u00eamios dos n\u00edveis inferiores. \u00c9 uma boa ideia jogar nos jackpots de rollover, pois o valor do pr\u00eamio principal tende a atingir quantias insond\u00e1veis. Mesmo que o jackpot seja dividido entre alguns jogadores, os ganhos ainda ser\u00e3o altos, muito mais altos do que em um sorteio de n\u00fameros regulares.<\/p>\r\n<h2>Por que estamos t\u00e3o ansiosos para usar a chance durante os acumulados?<\/h2>\r\n<p>A resposta a essa pergunta \u00e9 muito simples. O tipo de dinheiro que pode ser ganho no pr\u00eamio acumulado \u00e9 realmente grande, muitas vezes chegando a dezenas ou centenas de milh\u00f5es. No entanto, \u00e9 preciso lembrar sempre que os pr\u00eamios principais geralmente s\u00e3o divididos entre v\u00e1rios jogadores, e n\u00e3o apenas um. Nesse caso, o pr\u00eamio principal \u00e9 dividido proporcionalmente. Quando se trata de jackpots, aconselhamos a <a href=\"https:\/\/lottomat.com\/pt\/jogar\/\">compra de mais bilhetes<\/a>, pois cada bilhete significa uma nova chance de ganhar. Jogadores experientes nunca se limitam a comprar apenas um bilhete, pois isso diminui as chances de ganhar (\u00e9 claro que todos t\u00eam uma chance de ganhar, mas quanto mais bilhetes, maior essa chance). Para reduzir os custos dos bilhetes, convide seus amigos ou familiares para jogar, pois \u00e9 definitivamente mais f\u00e1cil dividir um fluxo de dinheiro realmente impressionante em vez de desperdi\u00e7ar uma boa chance de ganhar milh\u00f5es. No entanto, \u00e9 melhor concordar com as regras de divis\u00e3o do pr\u00eamio com anteced\u00eancia.<\/p>\r\n<h2><b>Resultados da loteria: Pr\u00eamios e ganhadores <\/b><\/h2>\r\n<p>Em cada p\u00e1gina com os resultados oficiais da loteria, tamb\u00e9m \u00e9 poss\u00edvel encontrar informa\u00e7\u00f5es sobre o n\u00famero de ganhadores e o valor dos pr\u00eamios recebidos em uma determinada loteria. Voc\u00ea s\u00f3 conseguiu escolher corretamente alguns n\u00fameros? Nas p\u00e1ginas de resultados da loteria, tamb\u00e9m publicamos informa\u00e7\u00f5es sobre os n\u00edveis de pr\u00eamios. Voc\u00ea tamb\u00e9m encontrar\u00e1 informa\u00e7\u00f5es sobre se algu\u00e9m conseguiu ganhar o pr\u00eamio principal ou se houve um acumulado. Confira os resultados da loteria na Lottomat.com. Talvez voc\u00ea seja realmente o sortudo ganhador de hoje! Desejamos a voc\u00ea muita divers\u00e3o e grandes pr\u00eamios.<\/p>","protected":false},"excerpt":{"rendered":"<p>Confira os resultados de hoje das loterias mais populares do mundo! Na guia &#8220;Lotto results \u201d (Resultados da loteria ), como o nome sugere, voc\u00ea pode verificar os resultados atuais de cada sorteio que lhe interessa no momento. N\u00f3s a atualizamos o tempo todo, e todos os resultados v\u00eam das mensagens oficiais de cada loteria, [&hellip;]<\/p>\n","protected":false},"author":1,"featured_media":0,"parent":0,"menu_order":4,"comment_status":"closed","ping_status":"closed","template":"Results.php","meta":{"_et_pb_use_builder":"","_et_pb_old_content":"","_et_gb_content_width":"","exclude_from_search":false,"footnotes":""},"class_list":["post-7442","page","type-page","status-publish","hentry"],"yoast_head":"<!-- This site is optimized with the Yoast SEO plugin v23.8 - https:\/\/yoast.com\/wordpress\/plugins\/seo\/ -->\n<title>Resultados da Loteria - Atualizados regularmente - Resultados da Loteria e N\u00fameros Vencedores - LottoMat<\/title>\n<meta name=\"description\" content=\"Quer ver se voc\u00ea ganhou? Compare os n\u00fameros da loteria com os do seu bilhete. Se os n\u00fameros sorteados coincidirem, voc\u00ea ganhou! Confira os resultados da loteria.\" \/>\n<meta name=\"robots\" content=\"index, follow, max-snippet:-1, max-image-preview:large, max-video-preview:-1\" \/>\n<link rel=\"canonical\" href=\"https:\/\/lottomat.com\/pt\/resultados\/\" \/>\n<meta property=\"og:locale\" content=\"pt_PT\" \/>\n<meta property=\"og:type\" content=\"article\" \/>\n<meta property=\"og:title\" content=\"Resultados da Loteria - Atualizados regularmente - Resultados da Loteria e N\u00fameros Vencedores - LottoMat\" \/>\n<meta property=\"og:description\" content=\"Quer ver se voc\u00ea ganhou? Compare os n\u00fameros da loteria com os do seu bilhete. Se os n\u00fameros sorteados coincidirem, voc\u00ea ganhou! Confira os resultados da loteria.\" \/>\n<meta property=\"og:url\" content=\"https:\/\/lottomat.com\/pt\/resultados\/\" \/>\n<meta property=\"og:site_name\" content=\"Lottomat\" \/>\n<meta property=\"article:modified_time\" content=\"2025-04-21T16:12:00+00:00\" \/>\n<meta property=\"og:image\" content=\"https:\/\/lottomat.com\/wp-content\/uploads\/sites\/3\/lottery-results.png\" \/>\n<meta name=\"twitter:card\" content=\"summary_large_image\" \/>\n<meta name=\"twitter:label1\" content=\"Est. reading time\" \/>\n\t<meta name=\"twitter:data1\" content=\"6 minutes\" \/>\n<script type=\"application\/ld+json\" class=\"yoast-schema-graph\">{\"@context\":\"https:\/\/schema.org\",\"@graph\":[{\"@type\":\"WebPage\",\"@id\":\"https:\/\/lottomat.com\/pt\/resultados\/\",\"url\":\"https:\/\/lottomat.com\/pt\/resultados\/\",\"name\":\"Resultados da Loteria - Atualizados regularmente - Resultados da Loteria e N\u00fameros Vencedores - LottoMat\",\"isPartOf\":{\"@id\":\"https:\/\/lottomat.com\/pt\/#website\"},\"primaryImageOfPage\":{\"@id\":\"https:\/\/lottomat.com\/pt\/resultados\/#primaryimage\"},\"image\":{\"@id\":\"https:\/\/lottomat.com\/pt\/resultados\/#primaryimage\"},\"thumbnailUrl\":\"https:\/\/lottomat.com\/wp-content\/uploads\/sites\/3\/lottery-results.png\",\"datePublished\":\"2025-03-26T07:44:30+00:00\",\"dateModified\":\"2025-04-21T16:12:00+00:00\",\"description\":\"Quer ver se voc\u00ea ganhou? Compare os n\u00fameros da loteria com os do seu bilhete. Se os n\u00fameros sorteados coincidirem, voc\u00ea ganhou! Confira os resultados da loteria.\",\"breadcrumb\":{\"@id\":\"https:\/\/lottomat.com\/pt\/resultados\/#breadcrumb\"},\"inLanguage\":\"pt\",\"potentialAction\":[{\"@type\":\"ReadAction\",\"target\":[\"https:\/\/lottomat.com\/pt\/resultados\/\"]}]},{\"@type\":\"ImageObject\",\"inLanguage\":\"pt\",\"@id\":\"https:\/\/lottomat.com\/pt\/resultados\/#primaryimage\",\"url\":\"https:\/\/lottomat.com\/wp-content\/uploads\/sites\/3\/lottery-results.png\",\"contentUrl\":\"https:\/\/lottomat.com\/wp-content\/uploads\/sites\/3\/lottery-results.png\"},{\"@type\":\"BreadcrumbList\",\"@id\":\"https:\/\/lottomat.com\/pt\/resultados\/#breadcrumb\",\"itemListElement\":[{\"@type\":\"ListItem\",\"position\":1,\"name\":\"Home\",\"item\":\"https:\/\/lottomat.com\/pt\/\"},{\"@type\":\"ListItem\",\"position\":2,\"name\":\"Resultados da Loteria\"}]},{\"@type\":\"WebSite\",\"@id\":\"https:\/\/lottomat.com\/pt\/#website\",\"url\":\"https:\/\/lottomat.com\/pt\/\",\"name\":\"Lottomat\",\"description\":\"\",\"potentialAction\":[{\"@type\":\"SearchAction\",\"target\":{\"@type\":\"EntryPoint\",\"urlTemplate\":\"https:\/\/lottomat.com\/pt\/?s={search_term_string}\"},\"query-input\":{\"@type\":\"PropertyValueSpecification\",\"valueRequired\":true,\"valueName\":\"search_term_string\"}}],\"inLanguage\":\"pt\"}]}<\/script>\n<!-- \/ Yoast SEO plugin. -->","yoast_head_json":{"title":"Resultados da Loteria - Atualizados regularmente - Resultados da Loteria e N\u00fameros Vencedores - LottoMat","description":"Quer ver se voc\u00ea ganhou? Compare os n\u00fameros da loteria com os do seu bilhete. Se os n\u00fameros sorteados coincidirem, voc\u00ea ganhou! Confira os resultados da loteria.","robots":{"index":"index","follow":"follow","max-snippet":"max-snippet:-1","max-image-preview":"max-image-preview:large","max-video-preview":"max-video-preview:-1"},"canonical":"https:\/\/lottomat.com\/pt\/resultados\/","og_locale":"pt_PT","og_type":"article","og_title":"Resultados da Loteria - Atualizados regularmente - Resultados da Loteria e N\u00fameros Vencedores - LottoMat","og_description":"Quer ver se voc\u00ea ganhou? Compare os n\u00fameros da loteria com os do seu bilhete. Se os n\u00fameros sorteados coincidirem, voc\u00ea ganhou! Confira os resultados da loteria.","og_url":"https:\/\/lottomat.com\/pt\/resultados\/","og_site_name":"Lottomat","article_modified_time":"2025-04-21T16:12:00+00:00","og_image":[{"url":"https:\/\/lottomat.com\/wp-content\/uploads\/sites\/3\/lottery-results.png"}],"twitter_card":"summary_large_image","twitter_misc":{"Est. reading time":"6 minutes"},"schema":{"@context":"https:\/\/schema.org","@graph":[{"@type":"WebPage","@id":"https:\/\/lottomat.com\/pt\/resultados\/","url":"https:\/\/lottomat.com\/pt\/resultados\/","name":"Resultados da Loteria - Atualizados regularmente - Resultados da Loteria e N\u00fameros Vencedores - LottoMat","isPartOf":{"@id":"https:\/\/lottomat.com\/pt\/#website"},"primaryImageOfPage":{"@id":"https:\/\/lottomat.com\/pt\/resultados\/#primaryimage"},"image":{"@id":"https:\/\/lottomat.com\/pt\/resultados\/#primaryimage"},"thumbnailUrl":"https:\/\/lottomat.com\/wp-content\/uploads\/sites\/3\/lottery-results.png","datePublished":"2025-03-26T07:44:30+00:00","dateModified":"2025-04-21T16:12:00+00:00","description":"Quer ver se voc\u00ea ganhou? Compare os n\u00fameros da loteria com os do seu bilhete. Se os n\u00fameros sorteados coincidirem, voc\u00ea ganhou! Confira os resultados da loteria.","breadcrumb":{"@id":"https:\/\/lottomat.com\/pt\/resultados\/#breadcrumb"},"inLanguage":"pt","potentialAction":[{"@type":"ReadAction","target":["https:\/\/lottomat.com\/pt\/resultados\/"]}]},{"@type":"ImageObject","inLanguage":"pt","@id":"https:\/\/lottomat.com\/pt\/resultados\/#primaryimage","url":"https:\/\/lottomat.com\/wp-content\/uploads\/sites\/3\/lottery-results.png","contentUrl":"https:\/\/lottomat.com\/wp-content\/uploads\/sites\/3\/lottery-results.png"},{"@type":"BreadcrumbList","@id":"https:\/\/lottomat.com\/pt\/resultados\/#breadcrumb","itemListElement":[{"@type":"ListItem","position":1,"name":"Home","item":"https:\/\/lottomat.com\/pt\/"},{"@type":"ListItem","position":2,"name":"Resultados da Loteria"}]},{"@type":"WebSite","@id":"https:\/\/lottomat.com\/pt\/#website","url":"https:\/\/lottomat.com\/pt\/","name":"Lottomat","description":"","potentialAction":[{"@type":"SearchAction","target":{"@type":"EntryPoint","urlTemplate":"https:\/\/lottomat.com\/pt\/?s={search_term_string}"},"query-input":{"@type":"PropertyValueSpecification","valueRequired":true,"valueName":"search_term_string"}}],"inLanguage":"pt"}]}},"_links":{"self":[{"href":"https:\/\/lottomat.com\/pt\/wp-json\/wp\/v2\/pages\/7442","targetHints":{"allow":["GET"]}}],"collection":[{"href":"https:\/\/lottomat.com\/pt\/wp-json\/wp\/v2\/pages"}],"about":[{"href":"https:\/\/lottomat.com\/pt\/wp-json\/wp\/v2\/types\/page"}],"author":[{"embeddable":true,"href":"https:\/\/lottomat.com\/pt\/wp-json\/wp\/v2\/users\/1"}],"replies":[{"embeddable":true,"href":"https:\/\/lottomat.com\/pt\/wp-json\/wp\/v2\/comments?post=7442"}],"version-history":[{"count":0,"href":"https:\/\/lottomat.com\/pt\/wp-json\/wp\/v2\/pages\/7442\/revisions"}],"wp:attachment":[{"href":"https:\/\/lottomat.com\/pt\/wp-json\/wp\/v2\/media?parent=7442"}],"curies":[{"name":"wp","href":"https:\/\/api.w.org\/{rel}","templated":true}]}}