{"id":6788,"date":"2025-03-26T07:21:09","date_gmt":"2025-03-26T07:21:09","guid":{"rendered":"https:\/\/lottomat.net\/apostar-na-loteria\/"},"modified":"2025-04-21T15:43:32","modified_gmt":"2025-04-21T15:43:32","slug":"jogar","status":"publish","type":"page","link":"https:\/\/lottomat.com\/pt\/jogar\/","title":{"rendered":"Apostar na loteria"},"content":{"rendered":"\n\n<div class=\"kk-star-ratings kksr-auto kksr-align-left kksr-valign-top\"\n    data-payload='{&quot;align&quot;:&quot;left&quot;,&quot;id&quot;:&quot;6788&quot;,&quot;slug&quot;:&quot;default&quot;,&quot;valign&quot;:&quot;top&quot;,&quot;ignore&quot;:&quot;&quot;,&quot;reference&quot;:&quot;auto&quot;,&quot;class&quot;:&quot;&quot;,&quot;count&quot;:&quot;0&quot;,&quot;legendonly&quot;:&quot;&quot;,&quot;readonly&quot;:&quot;&quot;,&quot;score&quot;:&quot;0&quot;,&quot;starsonly&quot;:&quot;&quot;,&quot;best&quot;:&quot;5&quot;,&quot;gap&quot;:&quot;5&quot;,&quot;greet&quot;:&quot;Rate this page&quot;,&quot;legend&quot;:&quot;0\\\/5 - (0 votes)&quot;,&quot;size&quot;:&quot;30&quot;,&quot;title&quot;:&quot;Apostar na loteria&quot;,&quot;width&quot;:&quot;0&quot;,&quot;_legend&quot;:&quot;{score}\\\/{best} - ({count} {votes})&quot;,&quot;font_factor&quot;:&quot;1.25&quot;}'>\n            \n<div class=\"kksr-stars\">\n    \n<div class=\"kksr-stars-inactive\">\n            <div class=\"kksr-star\" data-star=\"1\" style=\"padding-right: 5px\">\n            \n\n<div class=\"kksr-icon\" style=\"width: 30px; height: 30px;\"><\/div>\n        <\/div>\n            <div class=\"kksr-star\" data-star=\"2\" style=\"padding-right: 5px\">\n            \n\n<div class=\"kksr-icon\" style=\"width: 30px; height: 30px;\"><\/div>\n        <\/div>\n            <div class=\"kksr-star\" data-star=\"3\" style=\"padding-right: 5px\">\n            \n\n<div class=\"kksr-icon\" style=\"width: 30px; height: 30px;\"><\/div>\n        <\/div>\n            <div class=\"kksr-star\" data-star=\"4\" style=\"padding-right: 5px\">\n            \n\n<div class=\"kksr-icon\" style=\"width: 30px; height: 30px;\"><\/div>\n        <\/div>\n            <div class=\"kksr-star\" data-star=\"5\" style=\"padding-right: 5px\">\n            \n\n<div class=\"kksr-icon\" style=\"width: 30px; height: 30px;\"><\/div>\n        <\/div>\n    <\/div>\n    \n<div class=\"kksr-stars-active\" style=\"width: 0px;\">\n            <div class=\"kksr-star\" style=\"padding-right: 5px\">\n            \n\n<div class=\"kksr-icon\" style=\"width: 30px; height: 30px;\"><\/div>\n        <\/div>\n            <div class=\"kksr-star\" style=\"padding-right: 5px\">\n            \n\n<div class=\"kksr-icon\" style=\"width: 30px; height: 30px;\"><\/div>\n        <\/div>\n            <div class=\"kksr-star\" style=\"padding-right: 5px\">\n            \n\n<div class=\"kksr-icon\" style=\"width: 30px; height: 30px;\"><\/div>\n        <\/div>\n            <div class=\"kksr-star\" style=\"padding-right: 5px\">\n            \n\n<div class=\"kksr-icon\" style=\"width: 30px; height: 30px;\"><\/div>\n        <\/div>\n            <div class=\"kksr-star\" style=\"padding-right: 5px\">\n            \n\n<div class=\"kksr-icon\" style=\"width: 30px; height: 30px;\"><\/div>\n        <\/div>\n    <\/div>\n<\/div>\n                \n\n<div class=\"kksr-legend\" style=\"font-size: 24px;\">\n            <span class=\"kksr-muted\">Rate this page<\/span>\n    <\/div>\n    <\/div>\n<p>De acordo com a lei, somente adultos podem participar de uma loteria, ou seja, pessoas com mais de 18 anos de idade. Vale a pena observar, no entanto, que cada loteria tem seus pr\u00f3prios termos de uso que devem ser lidos, pois nem sempre correspondem \u00e0s leis locais. Leia as informa\u00e7\u00f5es sobre loterias e escolha a que lhe parecer mais atraente. Prepare uma estrat\u00e9gia de jogo ou confie na sorte cega usando a op\u00e7\u00e3o aleat\u00f3ria. Escolha os n\u00fameros e compre um bilhete de loteria on-line, tendo a chance de ganhar milh\u00f5es. \u00c9 muito f\u00e1cil!<\/p>\r\n<h2 class=\"wp-block-heading\">Bilhetes de loteria on-line &#8211; Jogue na loteria<\/h2>\r\n<p>As of today, online lotto has millions of fans around the world. The popularity of games of chance keeps growing, and the number of new players is steadily growing as well. Because of that, we have gathered the most famous and prestigious lotteries of the world on the Lottomat website, providing the players with a chance to participate in online lotto regardless of where in the world they are currently located.<\/p>\r\n<h2 class=\"wp-block-heading\"><img loading=\"lazy\" decoding=\"async\" class=\"alignleft wp-image-29940\" src=\"https:\/\/lottomat.com\/wp-content\/uploads\/sites\/3\/how-to-buy-lotto.png\" alt=\"como comprar loteria\r\n\" width=\"130\" height=\"130\" \/>\r\nLoterias pela Internet &#8211; conveni\u00eancia e economia de tempo<\/h2>\r\n\r\n<p>A compra de bilhetes de loteria on-line n\u00e3o significa mais a necessidade de visitar o escrit\u00f3rio de loteria mais pr\u00f3ximo. Gra\u00e7as ao nosso site, voc\u00ea nem precisa sair de casa, na verdade, nem precisa sair de sua poltrona ou sof\u00e1 confort\u00e1vel. No site da Lottomat, voc\u00ea pode comprar bilhetes e apostar seus n\u00fameros da sorte em um sorteio da loteria com apenas alguns cliques. Gra\u00e7as ao sistema intuitivo, tudo o que voc\u00ea precisa fazer \u00e9 escolher a sua loteria favorita, preencher o bilhete pessoalmente ou usando a op\u00e7\u00e3o aleat\u00f3ria e, em seguida, aguardar os resultados do sorteio! <a href=\"https:\/\/lottomat.com\/pt\/resultados\/\">Os resultados dos sorteios da loteria<\/a> tamb\u00e9m podem ser conferidos em nosso site e voc\u00ea pode verificar sua sorte nos sorteios fazendo login na <a href=\"https:\/\/lottomat.com\/auth\/signup\/\">sua conta de usu\u00e1rio<\/a>. Dizem que tempo \u00e9 dinheiro, portanto, n\u00e3o o desperdice mais, participe de um jogo com pr\u00eamios monet\u00e1rios incrivelmente altos! Compre um bilhete de loteria agora mesmo e, se tiver sorte, logo ser\u00e1 um milion\u00e1rio!<\/p>\r\n\r\n<h2><img loading=\"lazy\" decoding=\"async\" class=\"alignleft wp-image-29968\" src=\"https:\/\/lottomat.net\/wp-content\/uploads\/2020\/06\/how-to-play-lotto-1.png\" alt=\"como jogar na loteria\r\n\" width=\"130\" height=\"130\" \/>\r\nCompra de bilhetes on-line<\/h2>\r\n\r\n<p>Hoje, na era da Internet, comprar bilhetes de loteria \u00e9 muito mais simples, gra\u00e7as \u00e0 possibilidade de compr\u00e1-los on-line. Voc\u00ea n\u00e3o precisa mais procurar uma casa lot\u00e9rica, nem mesmo sair de casa, tudo o que precisa \u00e9 de acesso \u00e0 Internet, como no seu telefone, e a compra de bilhetes se torna t\u00e3o f\u00e1cil quanto uma torta. Voc\u00ea pode preencher um bilhete com seus n\u00fameros da sorte 24 horas por dia, 7 dias por semana. Ou seja, a qualquer hora que voc\u00ea tiver vontade, e lembre-se de que o apetite aumenta com a comida! No entanto, neste caso, ele aumenta a cada sorteio e rolagem.<\/p>\r\n\r\n<h2><img loading=\"lazy\" decoding=\"async\" class=\"alignleft wp-image-29996\" src=\"https:\/\/lottomat.net\/wp-content\/uploads\/2023\/01\/loto-online-4.png\" alt=\"loto on-line\r\n\" width=\"130\" height=\"130\" \/>\r\nO que voc\u00ea precisa fazer para poder participar da loto online?<\/h2>\r\n\r\n<p>Na loto on-line, praticamente qualquer pessoa pode participar. S\u00e3o necess\u00e1rias apenas duas coisas. Em primeiro lugar, acesso \u00e0 Internet, que possibilita a compra de bilhetes on-line e, obviamente, um cart\u00e3o de cr\u00e9dito ou uma carteira eletr\u00f4nica para que possamos pagar por esses bilhetes. As carteiras eletr\u00f4nicas s\u00e3o f\u00e1ceis de usar, al\u00e9m de serem muito seguras e possibilitarem seu uso independentemente do pa\u00eds em que estivermos. Vale a pena observar que, gra\u00e7as ao site da Lottomat, voc\u00ea pode comprar bilhetes e apostar em loterias de qualquer lugar do mundo. N\u00e3o \u00e9 preciso estar na Gr\u00e3-Bretanha para jogar na UK Lottery ou nos Estados Unidos para usar a loteria Powerball.<\/p>\r\n<p>\r\n\r\n<h2><img loading=\"lazy\" decoding=\"async\" class=\"alignleft wp-image-30024\" src=\"https:\/\/lottomat.net\/wp-content\/uploads\/2023\/05\/loto-online-5.png\" alt=\"loto online\" width=\"130\" height=\"130\" \/>\r\n\r\nComo apostar na loteria online para ganhar?<\/h2>\r\n\r\n\r\n<\/p>\r\n<p>Essa \u00e9 a principal pergunta que todo jogador faz a si mesmo e a n\u00f3s. N\u00e3o existe uma \u00fanica resposta correta ou uma solu\u00e7\u00e3o pronta. As loterias de n\u00fameros s\u00e3o jogos de azar, e muito depende da sorte, das habilidades e do conhecimento das regras. A \u00fanica resposta razo\u00e1vel \u00e9 que, para ganhar na loteria, voc\u00ea simplesmente precisa jogar, de prefer\u00eancia regularmente. Nossas chances aumentam com cada bilhete extra comprado para uma determinada loteria. Na maioria das loterias, cada sorteio termina com algu\u00e9m ganhando uma quantia menor ou maior. Obviamente, os maiores ganhos ocorrem quando se acerta o jackpot acumulado, em que o valor do pr\u00eamio \u00e9 incrivelmente alto, medido em milh\u00f5es. Muitos jogadores desenvolvem seu <a href=\"https:\/\/lottomat.com\/online-lotteries-why-people-use-crazy-methods-to-select-numbers\/\">pr\u00f3prio sistema de loteria<\/a>. O que isso significa? A maioria deles examina meticulosamente os resultados dos sorteios atuais, anota os n\u00fameros que mais aparecem e, com base nesses dados, cria seu pr\u00f3prio sistema de jogo. Isso funciona? \u00c9 dif\u00edcil determinar claramente, mas cada um de n\u00f3s faz isso \u00e0 sua maneira para aumentar <b><strong>os pr\u00eamios da loteria<\/strong><\/b>. Cada um de n\u00f3s tem a chance de ganhar o pr\u00eamio principal e se tornar um milion\u00e1rio!<\/p>\r\n<p>\r\n\r\n<\/p>\r\n<h2 class=\"wp-block-heading\"><img loading=\"lazy\" decoding=\"async\" class=\"alignleft wp-image-30052\" src=\"https:\/\/lottomat.com\/wp-content\/uploads\/sites\/3\/lottery-online-2.png\" alt=\"loteria on-line\r\n\" width=\"130\" height=\"130\" \/>\r\nO site da Lottomat &#8211; o que ele nos oferece?<\/h2>\r\n<p>\r\n\r\n<\/p>\r\n<p>No site da Lottomat, cada jogador encontrar\u00e1 tudo o que precisa para come\u00e7ar ou continuar sua aventura com as loterias on-line. Ele cont\u00e9m as <a href=\"https:\/\/lottomat.com\/pt\/loterias\/\">informa\u00e7\u00f5es<\/a> mais importantes <a href=\"https:\/\/lottomat.com\/pt\/loterias\/\">sobre todas as loterias dispon\u00edveis<\/a>, as regras s\u00e3o descritas de forma muito clara e f\u00e1cil. Obviamente, o site n\u00e3o poderia prescindir dos resultados atuais da loteria e dos pr\u00eamios principais. Ao acessar as loterias individuais, podemos consultar tanto os resultados de hoje quanto os arquivados; tudo o que precisamos fazer \u00e9 selecionar a data desejada. Cada loteria, al\u00e9m das guias com os resultados e as informa\u00e7\u00f5es mais importantes, tamb\u00e9m tem o painel \u201cJogar\u201d, onde podemos preencher um bilhete ou alguns deles. O pre\u00e7o de cada bilhete \u00e9 calculado automaticamente e, em seguida, podemos passar convenientemente para os pagamentos, bastando clicar em \u201ccontinuar\u201d. No site da Lottomat, os bilhetes podem ser preenchidos pessoalmente ou por meio da op\u00e7\u00e3o aleat\u00f3ria. Se preenchermos v\u00e1rios bilhetes ao mesmo tempo, poderemos usar uma op\u00e7\u00e3o diferente para cada um deles. N\u00e3o h\u00e1 regras r\u00edgidas de funcionamento, cada um escolhe o que lhe for mais conveniente. O Lottomat \u00e9 um site que cont\u00e9m tudo, de A a Z, sobre loterias na internet.<\/p>\r\n<p>\r\n\r\n<\/p>\r\n<p><img loading=\"lazy\" decoding=\"async\" class=\"alignleft wp-image-30080\" src=\"https:\/\/lottomat.net\/wp-content\/uploads\/2018\/03\/lotto-tickets-2.png\" alt=\"bilhetes de loteria\r\n\" width=\"130\" height=\"130\" \/><\/p>\r\n<h2 class=\"wp-block-heading\">\u00a0<\/h2>\r\n<h2>Quais jogos de loteria online est\u00e3o dispon\u00edveis no site da Lottomat?<\/h2>\r\n<p>\r\n\r\n<\/p>\r\n<p>Aqui, voc\u00ea encontrar\u00e1 as loterias de n\u00fameros mais populares do mundo, n\u00e3o apenas as europeias, mas tamb\u00e9m as americanas. H\u00e1 um total de 7 delas, de modo que todos podem encontrar algo para si. A verdade \u00e9 que \u00e9 melhor experimentar todos os jogos em vez de se limitar a apenas um. No site da Lottomat, \u00e9 poss\u00edvel, entre outros, participar da loteria <a href=\"https:\/\/lottomat.com\/pt\/jogar\/powerball\/\">Powerball<\/a>, que \u00e9 a loteria n\u00famero um n\u00e3o apenas nos Estados Unidos, mas em todo o mundo. Os pr\u00eamios m\u00e1ximos dessa loteria s\u00e3o t\u00e3o grandes que \u00e9 dif\u00edcil at\u00e9 mesmo imaginar essas somas. Em 2017, ocorreu o maior pr\u00eamio da hist\u00f3ria da Powerball; o jackpot de rollover foi atingido por um \u00fanico jogador e seu valor foi de cerca de 759 milh\u00f5es de d\u00f3lares. Isso significa que uma pessoa ganhou tudo para si! Normalmente, os pr\u00eamios acumulados s\u00e3o divididos entre algumas pessoas. Outra loteria popular tamb\u00e9m origin\u00e1ria dos Estados Unidos \u00e9 a <a href=\"https:\/\/lottomat.com\/pt\/jogar\/mega-millions\/\">Mega Millions<\/a>. Seus jackpots causam emo\u00e7\u00f5es t\u00e3o fortes que at\u00e9 mesmo pessoas que n\u00e3o est\u00e3o no mundo dos jogos de azar participam! A Lottomat tamb\u00e9m oferece loterias europeias mundialmente famosas. Entre elas est\u00e1 a EuroMillions, que \u00e9 a favorita dos europeus. O menor pr\u00eamio garantido em um sorteio \u00e9 de 17 milh\u00f5es de euros; em caso de acumula\u00e7\u00e3o, os ganhos podem chegar a um m\u00e1ximo de 250 milh\u00f5es, o que n\u00e3o \u00e9 uma quantia pequena de dinheiro. N\u00e3o perca tempo e <a href=\"https:\/\/lottomat.com\/pt\/jogar\/euromillions\/\">compre bilhetes da EuroMilh\u00f5es on-line<\/a> agora mesmo! O que mais podemos encontrar aqui? Entre outras, a <a href=\"https:\/\/lottomat.com\/pt\/jogar\/superenalotto\/\">SuperEnalotto<\/a> italiana continua crescendo em popularidade n\u00e3o apenas na It\u00e1lia, mas tamb\u00e9m na Europa. H\u00e1 tamb\u00e9m a <a href=\"https:\/\/lottomat.com\/pt\/jogar\/eurojackpot\/\">Eurojackpot<\/a> e a <a href=\"https:\/\/lottomat.com\/pt\/jogar\/lotto-uk\/\">Lottery UK<\/a>, que \u00e9 a loteria nacional da Gr\u00e3-Bretanha. Vale a pena observar que, independentemente de onde estivermos localizados no mundo, podemos participar facilmente de qualquer loteria dispon\u00edvel no site da Lottomat.<\/p>\r\n<p>\r\n\r\n<\/p>\r\n<p><img loading=\"lazy\" decoding=\"async\" class=\"alignleft wp-image-30108\" src=\"https:\/\/lottomat.com\/wp-content\/uploads\/sites\/3\/online-tickets.png\" alt=\"bilhetes on-line\" width=\"130\" height=\"130\" \/><\/p>\r\n<h2 class=\"wp-block-heading\">\u00a0<\/h2>\r\n<h2>Os termos de uso da loteria<\/h2>\r\n<p>\r\n\r\n<\/p>\r\n<p>De acordo com a lei, somente adultos podem participar de uma loteria, ou seja, pessoas com mais de 18 anos de idade. Vale a pena observar, no entanto, que cada loteria tem seus pr\u00f3prios termos de uso que devem ser lidos, pois nem sempre correspondem \u00e0s leis locais. Leia as informa\u00e7\u00f5es sobre loterias e escolha a que lhe parecer mais atraente. Prepare uma estrat\u00e9gia de jogo ou confie na sorte cega usando a op\u00e7\u00e3o aleat\u00f3ria. Escolha os n\u00fameros e compre um bilhete de loteria on-line, tendo a chance de ganhar milh\u00f5es. \u00c9 muito f\u00e1cil!<\/p>\r\n<p><\/p>","protected":false},"excerpt":{"rendered":"<p>De acordo com a lei, somente adultos podem participar de uma loteria, ou seja, pessoas com mais de 18 anos de idade. Vale a pena observar, no entanto, que cada loteria tem seus pr\u00f3prios termos de uso que devem ser lidos, pois nem sempre correspondem \u00e0s leis locais. Leia as informa\u00e7\u00f5es sobre loterias e escolha [&hellip;]<\/p>\n","protected":false},"author":1,"featured_media":0,"parent":0,"menu_order":1,"comment_status":"closed","ping_status":"closed","template":"Play-all.php","meta":{"_et_pb_use_builder":"","_et_pb_old_content":"","_et_gb_content_width":"","exclude_from_search":false,"footnotes":""},"class_list":["post-6788","page","type-page","status-publish","hentry"],"yoast_head":"<!-- This site is optimized with the Yoast SEO plugin v23.8 - https:\/\/yoast.com\/wordpress\/plugins\/seo\/ -->\n<title>Loto on-line - Aposte nas melhores loterias on-line - LottoMat<\/title>\n<meta name=\"description\" content=\"Reunimos as loterias mais populares do mundo em um s\u00f3 lugar, dando aos apostadores a chance de jogar na loteria on-line. Ent\u00e3o, por que n\u00e3o tentar?\" \/>\n<meta name=\"robots\" content=\"index, follow, max-snippet:-1, max-image-preview:large, max-video-preview:-1\" \/>\n<link rel=\"canonical\" href=\"https:\/\/lottomat.com\/pt\/jogar\/\" \/>\n<meta property=\"og:locale\" content=\"pt_PT\" \/>\n<meta property=\"og:type\" content=\"article\" \/>\n<meta property=\"og:title\" content=\"Loto on-line - Aposte nas melhores loterias on-line - LottoMat\" \/>\n<meta property=\"og:description\" content=\"Reunimos as loterias mais populares do mundo em um s\u00f3 lugar, dando aos apostadores a chance de jogar na loteria on-line. Ent\u00e3o, por que n\u00e3o tentar?\" \/>\n<meta property=\"og:url\" content=\"https:\/\/lottomat.com\/pt\/jogar\/\" \/>\n<meta property=\"og:site_name\" content=\"Lottomat\" \/>\n<meta property=\"article:modified_time\" content=\"2025-04-21T15:43:32+00:00\" \/>\n<meta property=\"og:image\" content=\"https:\/\/lottomat.com\/wp-content\/uploads\/sites\/3\/how-to-buy-lotto.png\" \/>\n<meta name=\"twitter:card\" content=\"summary_large_image\" \/>\n<meta name=\"twitter:label1\" content=\"Est. reading time\" \/>\n\t<meta name=\"twitter:data1\" content=\"8 minutes\" \/>\n<script type=\"application\/ld+json\" class=\"yoast-schema-graph\">{\"@context\":\"https:\/\/schema.org\",\"@graph\":[{\"@type\":\"WebPage\",\"@id\":\"https:\/\/lottomat.com\/pt\/jogar\/\",\"url\":\"https:\/\/lottomat.com\/pt\/jogar\/\",\"name\":\"Loto on-line - Aposte nas melhores loterias on-line - LottoMat\",\"isPartOf\":{\"@id\":\"https:\/\/lottomat.com\/pt\/#website\"},\"primaryImageOfPage\":{\"@id\":\"https:\/\/lottomat.com\/pt\/jogar\/#primaryimage\"},\"image\":{\"@id\":\"https:\/\/lottomat.com\/pt\/jogar\/#primaryimage\"},\"thumbnailUrl\":\"https:\/\/lottomat.com\/wp-content\/uploads\/sites\/3\/how-to-buy-lotto.png\",\"datePublished\":\"2025-03-26T07:21:09+00:00\",\"dateModified\":\"2025-04-21T15:43:32+00:00\",\"description\":\"Reunimos as loterias mais populares do mundo em um s\u00f3 lugar, dando aos apostadores a chance de jogar na loteria on-line. Ent\u00e3o, por que n\u00e3o tentar?\",\"breadcrumb\":{\"@id\":\"https:\/\/lottomat.com\/pt\/jogar\/#breadcrumb\"},\"inLanguage\":\"pt\",\"potentialAction\":[{\"@type\":\"ReadAction\",\"target\":[\"https:\/\/lottomat.com\/pt\/jogar\/\"]}]},{\"@type\":\"ImageObject\",\"inLanguage\":\"pt\",\"@id\":\"https:\/\/lottomat.com\/pt\/jogar\/#primaryimage\",\"url\":\"https:\/\/lottomat.com\/wp-content\/uploads\/sites\/3\/how-to-buy-lotto.png\",\"contentUrl\":\"https:\/\/lottomat.com\/wp-content\/uploads\/sites\/3\/how-to-buy-lotto.png\"},{\"@type\":\"BreadcrumbList\",\"@id\":\"https:\/\/lottomat.com\/pt\/jogar\/#breadcrumb\",\"itemListElement\":[{\"@type\":\"ListItem\",\"position\":1,\"name\":\"Home\",\"item\":\"https:\/\/lottomat.com\/pt\/\"},{\"@type\":\"ListItem\",\"position\":2,\"name\":\"Apostar na loteria\"}]},{\"@type\":\"WebSite\",\"@id\":\"https:\/\/lottomat.com\/pt\/#website\",\"url\":\"https:\/\/lottomat.com\/pt\/\",\"name\":\"Lottomat\",\"description\":\"\",\"potentialAction\":[{\"@type\":\"SearchAction\",\"target\":{\"@type\":\"EntryPoint\",\"urlTemplate\":\"https:\/\/lottomat.com\/pt\/?s={search_term_string}\"},\"query-input\":{\"@type\":\"PropertyValueSpecification\",\"valueRequired\":true,\"valueName\":\"search_term_string\"}}],\"inLanguage\":\"pt\"}]}<\/script>\n<!-- \/ Yoast SEO plugin. -->","yoast_head_json":{"title":"Loto on-line - Aposte nas melhores loterias on-line - LottoMat","description":"Reunimos as loterias mais populares do mundo em um s\u00f3 lugar, dando aos apostadores a chance de jogar na loteria on-line. Ent\u00e3o, por que n\u00e3o tentar?","robots":{"index":"index","follow":"follow","max-snippet":"max-snippet:-1","max-image-preview":"max-image-preview:large","max-video-preview":"max-video-preview:-1"},"canonical":"https:\/\/lottomat.com\/pt\/jogar\/","og_locale":"pt_PT","og_type":"article","og_title":"Loto on-line - Aposte nas melhores loterias on-line - LottoMat","og_description":"Reunimos as loterias mais populares do mundo em um s\u00f3 lugar, dando aos apostadores a chance de jogar na loteria on-line. Ent\u00e3o, por que n\u00e3o tentar?","og_url":"https:\/\/lottomat.com\/pt\/jogar\/","og_site_name":"Lottomat","article_modified_time":"2025-04-21T15:43:32+00:00","og_image":[{"url":"https:\/\/lottomat.com\/wp-content\/uploads\/sites\/3\/how-to-buy-lotto.png"}],"twitter_card":"summary_large_image","twitter_misc":{"Est. reading time":"8 minutes"},"schema":{"@context":"https:\/\/schema.org","@graph":[{"@type":"WebPage","@id":"https:\/\/lottomat.com\/pt\/jogar\/","url":"https:\/\/lottomat.com\/pt\/jogar\/","name":"Loto on-line - Aposte nas melhores loterias on-line - LottoMat","isPartOf":{"@id":"https:\/\/lottomat.com\/pt\/#website"},"primaryImageOfPage":{"@id":"https:\/\/lottomat.com\/pt\/jogar\/#primaryimage"},"image":{"@id":"https:\/\/lottomat.com\/pt\/jogar\/#primaryimage"},"thumbnailUrl":"https:\/\/lottomat.com\/wp-content\/uploads\/sites\/3\/how-to-buy-lotto.png","datePublished":"2025-03-26T07:21:09+00:00","dateModified":"2025-04-21T15:43:32+00:00","description":"Reunimos as loterias mais populares do mundo em um s\u00f3 lugar, dando aos apostadores a chance de jogar na loteria on-line. Ent\u00e3o, por que n\u00e3o tentar?","breadcrumb":{"@id":"https:\/\/lottomat.com\/pt\/jogar\/#breadcrumb"},"inLanguage":"pt","potentialAction":[{"@type":"ReadAction","target":["https:\/\/lottomat.com\/pt\/jogar\/"]}]},{"@type":"ImageObject","inLanguage":"pt","@id":"https:\/\/lottomat.com\/pt\/jogar\/#primaryimage","url":"https:\/\/lottomat.com\/wp-content\/uploads\/sites\/3\/how-to-buy-lotto.png","contentUrl":"https:\/\/lottomat.com\/wp-content\/uploads\/sites\/3\/how-to-buy-lotto.png"},{"@type":"BreadcrumbList","@id":"https:\/\/lottomat.com\/pt\/jogar\/#breadcrumb","itemListElement":[{"@type":"ListItem","position":1,"name":"Home","item":"https:\/\/lottomat.com\/pt\/"},{"@type":"ListItem","position":2,"name":"Apostar na loteria"}]},{"@type":"WebSite","@id":"https:\/\/lottomat.com\/pt\/#website","url":"https:\/\/lottomat.com\/pt\/","name":"Lottomat","description":"","potentialAction":[{"@type":"SearchAction","target":{"@type":"EntryPoint","urlTemplate":"https:\/\/lottomat.com\/pt\/?s={search_term_string}"},"query-input":{"@type":"PropertyValueSpecification","valueRequired":true,"valueName":"search_term_string"}}],"inLanguage":"pt"}]}},"_links":{"self":[{"href":"https:\/\/lottomat.com\/pt\/wp-json\/wp\/v2\/pages\/6788","targetHints":{"allow":["GET"]}}],"collection":[{"href":"https:\/\/lottomat.com\/pt\/wp-json\/wp\/v2\/pages"}],"about":[{"href":"https:\/\/lottomat.com\/pt\/wp-json\/wp\/v2\/types\/page"}],"author":[{"embeddable":true,"href":"https:\/\/lottomat.com\/pt\/wp-json\/wp\/v2\/users\/1"}],"replies":[{"embeddable":true,"href":"https:\/\/lottomat.com\/pt\/wp-json\/wp\/v2\/comments?post=6788"}],"version-history":[{"count":0,"href":"https:\/\/lottomat.com\/pt\/wp-json\/wp\/v2\/pages\/6788\/revisions"}],"wp:attachment":[{"href":"https:\/\/lottomat.com\/pt\/wp-json\/wp\/v2\/media?parent=6788"}],"curies":[{"name":"wp","href":"https:\/\/api.w.org\/{rel}","templated":true}]}}