{"id":6423,"date":"2025-03-26T07:12:15","date_gmt":"2025-03-26T07:12:15","guid":{"rendered":"https:\/\/lottomat.net\/home-as-maiores-loterias-do-mundo-em-um-so-lugar\/"},"modified":"2026-02-13T11:32:02","modified_gmt":"2026-02-13T11:32:02","slug":"home-as-maiores-loterias-do-mundo-em-um-so-lugar","status":"publish","type":"page","link":"https:\/\/lottomat.com\/pt\/","title":{"rendered":"Lottomat &#8211; as maiores loterias do mundo em um s\u00f3 lugar"},"content":{"rendered":"\n\n<div class=\"kk-star-ratings kksr-auto kksr-align-left kksr-valign-top\"\n    data-payload='{&quot;align&quot;:&quot;left&quot;,&quot;id&quot;:&quot;6423&quot;,&quot;slug&quot;:&quot;default&quot;,&quot;valign&quot;:&quot;top&quot;,&quot;ignore&quot;:&quot;&quot;,&quot;reference&quot;:&quot;auto&quot;,&quot;class&quot;:&quot;&quot;,&quot;count&quot;:&quot;0&quot;,&quot;legendonly&quot;:&quot;&quot;,&quot;readonly&quot;:&quot;&quot;,&quot;score&quot;:&quot;0&quot;,&quot;starsonly&quot;:&quot;&quot;,&quot;best&quot;:&quot;5&quot;,&quot;gap&quot;:&quot;5&quot;,&quot;greet&quot;:&quot;Rate this page&quot;,&quot;legend&quot;:&quot;0\\\/5 - (0 votes)&quot;,&quot;size&quot;:&quot;30&quot;,&quot;title&quot;:&quot;Lottomat - as maiores loterias do mundo em um s\u00f3 lugar&quot;,&quot;width&quot;:&quot;0&quot;,&quot;_legend&quot;:&quot;{score}\\\/{best} - ({count} {votes})&quot;,&quot;font_factor&quot;:&quot;1.25&quot;}'>\n            \n<div class=\"kksr-stars\">\n    \n<div class=\"kksr-stars-inactive\">\n            <div class=\"kksr-star\" data-star=\"1\" style=\"padding-right: 5px\">\n            \n\n<div class=\"kksr-icon\" style=\"width: 30px; height: 30px;\"><\/div>\n        <\/div>\n            <div class=\"kksr-star\" data-star=\"2\" style=\"padding-right: 5px\">\n            \n\n<div class=\"kksr-icon\" style=\"width: 30px; height: 30px;\"><\/div>\n        <\/div>\n            <div class=\"kksr-star\" data-star=\"3\" style=\"padding-right: 5px\">\n            \n\n<div class=\"kksr-icon\" style=\"width: 30px; height: 30px;\"><\/div>\n        <\/div>\n            <div class=\"kksr-star\" data-star=\"4\" style=\"padding-right: 5px\">\n            \n\n<div class=\"kksr-icon\" style=\"width: 30px; height: 30px;\"><\/div>\n        <\/div>\n            <div class=\"kksr-star\" data-star=\"5\" style=\"padding-right: 5px\">\n            \n\n<div class=\"kksr-icon\" style=\"width: 30px; height: 30px;\"><\/div>\n        <\/div>\n    <\/div>\n    \n<div class=\"kksr-stars-active\" style=\"width: 0px;\">\n            <div class=\"kksr-star\" style=\"padding-right: 5px\">\n            \n\n<div class=\"kksr-icon\" style=\"width: 30px; height: 30px;\"><\/div>\n        <\/div>\n            <div class=\"kksr-star\" style=\"padding-right: 5px\">\n            \n\n<div class=\"kksr-icon\" style=\"width: 30px; height: 30px;\"><\/div>\n        <\/div>\n            <div class=\"kksr-star\" style=\"padding-right: 5px\">\n            \n\n<div class=\"kksr-icon\" style=\"width: 30px; height: 30px;\"><\/div>\n        <\/div>\n            <div class=\"kksr-star\" style=\"padding-right: 5px\">\n            \n\n<div class=\"kksr-icon\" style=\"width: 30px; height: 30px;\"><\/div>\n        <\/div>\n            <div class=\"kksr-star\" style=\"padding-right: 5px\">\n            \n\n<div class=\"kksr-icon\" style=\"width: 30px; height: 30px;\"><\/div>\n        <\/div>\n    <\/div>\n<\/div>\n                \n\n<div class=\"kksr-legend\" style=\"font-size: 24px;\">\n            <span class=\"kksr-muted\">Rate this page<\/span>\n    <\/div>\n    <\/div>\n<h2 style=\"text-align: left;\"><img loading=\"lazy\" decoding=\"async\" class=\"alignleft wp-image-1091\" src=\"https:\/\/lottomat.com\/wp-content\/uploads\/2025\/03\/play-lotteries-available-in-other-countries-300x300.png\" alt=\"jogar loterias dispon\u00edveis em outros pa\u00edses\" width=\"130\" height=\"130\" srcset=\"https:\/\/lottomat.com\/wp-content\/uploads\/2025\/03\/play-lotteries-available-in-other-countries-300x300.png 300w, https:\/\/lottomat.com\/wp-content\/uploads\/2025\/03\/play-lotteries-available-in-other-countries-150x150.png 150w, https:\/\/lottomat.com\/wp-content\/uploads\/2025\/03\/play-lotteries-available-in-other-countries-100x100.png 100w, https:\/\/lottomat.com\/wp-content\/uploads\/2025\/03\/play-lotteries-available-in-other-countries.png 400w\" sizes=\"auto, (max-width: 130px) 100vw, 130px\" \/>Posso jogar loterias dispon\u00edveis em outros pa\u00edses?<\/h2>\n<p>Sim, sim, sim! A resposta para a pergunta mais frequente dos nossos jogadores \u00e9 sim &#8211; voc\u00ea pode jogar as maiores loterias do mundo independentemente do seu pa\u00eds de resid\u00eancia. No site Lottomat, as maiores loterias est\u00e3o dispon\u00edveis para voc\u00ea sem precisar visitar nenhuma casa lot\u00e9rica, incluindo a mais pr\u00f3xima do seu pa\u00eds de resid\u00eancia. Na Lottomat, voc\u00ea encontrar\u00e1 loterias que garantem os maiores pr\u00eamios, entre elas a SuperEnalotto, na qual para ganhar o pr\u00eamio principal, voc\u00ea deve acertar corretamente 6 n\u00fameros dentre 90. H\u00e1 tamb\u00e9m a Eurojackpot e a EuroMillions, que s\u00e3o as loterias europeias mais significativas; para ganhar, voc\u00ea s\u00f3 precisa escolher cinco n\u00fameros dentre 50. Conosco, voc\u00ea tamb\u00e9m pode jogar a French Lotto, UK Lotto ou duas loterias espanholas fant\u00e1sticas, El Gordo e La Primitiva, oferecendo uma alta chance de ganhar. Em nosso portf\u00f3lio, voc\u00ea tamb\u00e9m encontrar\u00e1 as maiores loterias americanas, incluindo a Powerball, Mega Millions e muitas outras op\u00e7\u00f5es atraentes, que proporcionam a voc\u00ea a oportunidade de aumentar suas chances de ganhar.<\/p>\n<hr \/>\n<h2><img loading=\"lazy\" decoding=\"async\" class=\"alignleft wp-image-21538 lazy loaded\" src=\"https:\/\/lottomat.net\/wp-content\/uploads\/2020\/06\/euro-jackpot-2.png\" alt=\"euro jackpot\" width=\"130\" height=\"130\" data-src=\"https:\/\/lottomat.net\/wp-content\/uploads\/2020\/06\/euro-jackpot-2.png\" data-was-processed=\"true\" srcset=\"https:\/\/lottomat.com\/wp-content\/uploads\/2020\/06\/euro-jackpot-2.png 400w, https:\/\/lottomat.com\/wp-content\/uploads\/2020\/06\/euro-jackpot-2-300x300.png 300w, https:\/\/lottomat.com\/wp-content\/uploads\/2020\/06\/euro-jackpot-2-150x150.png 150w, https:\/\/lottomat.com\/wp-content\/uploads\/2020\/06\/euro-jackpot-2-100x100.png 100w\" sizes=\"auto, (max-width: 130px) 100vw, 130px\" \/>Como posso comprar os bilhetes?<\/h2>\n<p>Comprar bilhetes de loteria online \u00e9 extremamente simples, r\u00e1pido e, acima de tudo, seguro. Tudo o que voc\u00ea precisa fazer \u00e9 escolher uma loteria, selecionar os n\u00fameros, completar um cadastro simples, pagar o cupom e verificar se voc\u00ea selecionou corretamente ap\u00f3s o sorteio.<\/p>\n<hr \/>\n<h2><img loading=\"lazy\" decoding=\"async\" class=\"alignleft wp-image-21566 lazy loaded\" src=\"https:\/\/lottomat.net\/wp-content\/uploads\/2020\/06\/Euro-Million.png\" alt=\"Euro Million\" width=\"130\" height=\"130\" data-src=\"https:\/\/lottomat.net\/wp-content\/uploads\/2020\/06\/Euro-Million.png\" data-was-processed=\"true\" srcset=\"https:\/\/lottomat.com\/wp-content\/uploads\/2020\/06\/Euro-Million.png 400w, https:\/\/lottomat.com\/wp-content\/uploads\/2020\/06\/Euro-Million-300x300.png 300w, https:\/\/lottomat.com\/wp-content\/uploads\/2020\/06\/Euro-Million-150x150.png 150w, https:\/\/lottomat.com\/wp-content\/uploads\/2020\/06\/Euro-Million-100x100.png 100w\" sizes=\"auto, (max-width: 130px) 100vw, 130px\" \/>O que acontece depois que eu fa\u00e7o o pedido do cupom online?<\/h2>\n<p>Um dos nossos representantes comprar\u00e1 um cupom oficial em seu nome de acordo com os n\u00fameros que voc\u00ea escolheu. Seu cupom ser\u00e1 depositado no cofre at\u00e9 o sorteio, e os n\u00fameros que voc\u00ea selecionou estar\u00e3o na sua conta de usu\u00e1rio em nosso site. Al\u00e9m disso, quando voc\u00ea fizer uma compra, a Lottomat tamb\u00e9m notificar\u00e1 voc\u00ea por e-mail sobre o valor gasto na compra de bilhetes, o m\u00e9todo de pagamento e os n\u00fameros que voc\u00ea escolheu. Adicionalmente, uma digitaliza\u00e7\u00e3o do cupom comprado ser\u00e1 colocada na sua conta.<\/p>\n<hr \/>\n<h2><img loading=\"lazy\" decoding=\"async\" class=\"alignleft wp-image-21594 lazy loaded\" src=\"https:\/\/lottomat.net\/wp-content\/uploads\/2020\/06\/Euro-Millions.png\" alt=\"Euro Millions\" width=\"122\" height=\"122\" data-src=\"https:\/\/lottomat.net\/wp-content\/uploads\/2020\/06\/Euro-Millions.png\" data-was-processed=\"true\" srcset=\"https:\/\/lottomat.com\/wp-content\/uploads\/2020\/06\/Euro-Millions.png 400w, https:\/\/lottomat.com\/wp-content\/uploads\/2020\/06\/Euro-Millions-300x300.png 300w, https:\/\/lottomat.com\/wp-content\/uploads\/2020\/06\/Euro-Millions-150x150.png 150w, https:\/\/lottomat.com\/wp-content\/uploads\/2020\/06\/Euro-Millions-100x100.png 100w\" sizes=\"auto, (max-width: 122px) 100vw, 122px\" \/>Como n\u00e3o perder os jackpots?<\/h2>\n<p>A Lottomat manter\u00e1 voc\u00ea informado sobre os pr\u00f3ximos jackpots. Voc\u00ea receber\u00e1 um e-mail com anteced\u00eancia para lembr\u00e1-lo do sorteio que est\u00e1 por vir, e voc\u00ea poder\u00e1 planejar sua agenda de jogos usando a op\u00e7\u00e3o de assinatura.<\/p>\n<p>&nbsp;<\/p>\n<hr \/>\n<h2><img loading=\"lazy\" decoding=\"async\" class=\"alignleft wp-image-21622 lazy loaded\" src=\"https:\/\/lottomat.net\/wp-content\/uploads\/2020\/06\/mega-millions.png\" alt=\"mega millions\" width=\"130\" height=\"130\" data-src=\"https:\/\/lottomat.net\/wp-content\/uploads\/2020\/06\/mega-millions.png\" data-was-processed=\"true\" srcset=\"https:\/\/lottomat.com\/wp-content\/uploads\/2020\/06\/mega-millions.png 400w, https:\/\/lottomat.com\/wp-content\/uploads\/2020\/06\/mega-millions-300x300.png 300w, https:\/\/lottomat.com\/wp-content\/uploads\/2020\/06\/mega-millions-150x150.png 150w, https:\/\/lottomat.com\/wp-content\/uploads\/2020\/06\/mega-millions-100x100.png 100w\" sizes=\"auto, (max-width: 130px) 100vw, 130px\" \/>E se eu ganhar?<\/h2>\n<p>Tamb\u00e9m, neste momento, a Lottomat facilita para voc\u00ea receber seus pr\u00eamios. Todos os seus pr\u00eamios, at\u00e9 EUR 2.500, s\u00e3o automaticamente creditados na sua conta em nosso sistema imediatamente ap\u00f3s o sorteio e podem ser usados para suas compras subsequentes ou solicitados como saque da sua conta. Voc\u00ea faz tudo isso online &#8211; de forma conveniente e segura. No caso de pr\u00eamios significativos, a Lottomat auxiliar\u00e1 voc\u00ea a selecionar a forma mais conveniente de receber o pr\u00eamio. Grandes pr\u00eamios s\u00e3o tipicamente depositados na conta banc\u00e1ria que voc\u00ea especificar e, em alguns casos, podem exigir sua presen\u00e7a para reivindicar os ganhos. N\u00f3s tamb\u00e9m organizaremos isso para que voc\u00ea possa aproveitar plenamente os ganhos, como muitos dos nossos atuais ganhadores t\u00eam feito.<\/p>\n<hr \/>\n<h2><img loading=\"lazy\" decoding=\"async\" class=\"alignleft wp-image-21650 lazy loaded\" src=\"https:\/\/lottomat.net\/wp-content\/uploads\/2020\/06\/online-lotto.png\" alt=\"loteria online\" width=\"130\" height=\"130\" data-src=\"https:\/\/lottomat.net\/wp-content\/uploads\/2020\/06\/online-lotto.png\" data-was-processed=\"true\" srcset=\"https:\/\/lottomat.com\/wp-content\/uploads\/2020\/06\/online-lotto.png 400w, https:\/\/lottomat.com\/wp-content\/uploads\/2020\/06\/online-lotto-300x300.png 300w, https:\/\/lottomat.com\/wp-content\/uploads\/2020\/06\/online-lotto-150x150.png 150w, https:\/\/lottomat.com\/wp-content\/uploads\/2020\/06\/online-lotto-100x100.png 100w\" sizes=\"auto, (max-width: 130px) 100vw, 130px\" \/>Existem m\u00e9todos para ganhar?<\/h2>\n<p>Queremos assegurar que n\u00e3o conhecemos tais m\u00e9todos. As loterias, como a maioria dos jogos de n\u00fameros, s\u00e3o baseadas na aleatoriedade. Voc\u00ea provavelmente j\u00e1 ouviu que algu\u00e9m descobriu um sistema para o jogo da Loteria ou outro jogo de azar. Apesar de evid\u00eancias sugerindo que n\u00fameros espec\u00edficos s\u00e3o sorteados com mais frequ\u00eancia do que outros, os especialistas concordam que n\u00e3o existe um sistema comprovado. Este \u00e9 o paradoxo da Loteria. Todos t\u00eam as mesmas chances aqui, ent\u00e3o talvez hoje mesmo seu conjunto de n\u00fameros ganhe. Ent\u00e3o vamos jogar sistematicamente, porque a sorte pode sorrir a qualquer momento. Nossos atuais ganhadores sugerem que a regularidade e o jogo consistente s\u00e3o as chaves para ganhar.<\/p>\n<hr \/>\n<h2 style=\"text-align: center;\"><span style=\"color: #00b3ff;\">Conosco, voc\u00ea pode jogar 24\/7, 365 dias por ano.<\/span><\/h2>\n","protected":false},"excerpt":{"rendered":"<p>Posso jogar loterias dispon\u00edveis em outros pa\u00edses? Sim, sim, sim! A resposta para a pergunta mais frequente dos nossos jogadores \u00e9 sim &#8211; voc\u00ea pode jogar as maiores loterias do mundo independentemente do seu pa\u00eds de resid\u00eancia. No site Lottomat, as maiores loterias est\u00e3o dispon\u00edveis para voc\u00ea sem precisar visitar nenhuma casa lot\u00e9rica, incluindo a [&hellip;]<\/p>\n","protected":false},"author":1,"featured_media":0,"parent":0,"menu_order":1,"comment_status":"closed","ping_status":"closed","template":"lotto.php","meta":{"_et_pb_use_builder":"","_et_pb_old_content":"","_et_gb_content_width":"","exclude_from_search":false,"footnotes":""},"class_list":["post-6423","page","type-page","status-publish","hentry"],"yoast_head":"<!-- This site is optimized with the Yoast SEO plugin v23.8 - https:\/\/yoast.com\/wordpress\/plugins\/seo\/ -->\n<title>Lotto on-line - compre bilhetes de loteria on-line - Lottomat.com<\/title>\n<meta name=\"description\" content=\"A Lottomat oferece as maiores loterias do mundo com os melhores pr\u00eamios. Jogue on-line e ganhe muito! Compre os bilhetes e confira os resultados.\" \/>\n<meta name=\"robots\" content=\"index, follow, max-snippet:-1, max-image-preview:large, max-video-preview:-1\" \/>\n<link rel=\"canonical\" href=\"https:\/\/lottomat.com\/pt\/\" \/>\n<meta property=\"og:locale\" content=\"pt_PT\" \/>\n<meta property=\"og:type\" content=\"article\" \/>\n<meta property=\"og:title\" content=\"Lotto on-line - compre bilhetes de loteria on-line - Lottomat.com\" \/>\n<meta property=\"og:description\" content=\"A Lottomat oferece as maiores loterias do mundo com os melhores pr\u00eamios. Jogue on-line e ganhe muito! Compre os bilhetes e confira os resultados.\" \/>\n<meta property=\"og:url\" content=\"https:\/\/lottomat.com\/pt\/\" \/>\n<meta property=\"og:site_name\" content=\"Lottomat\" \/>\n<meta property=\"article:modified_time\" content=\"2026-02-13T11:32:02+00:00\" \/>\n<meta property=\"og:image\" content=\"https:\/\/lottomat.com\/wp-content\/uploads\/2025\/03\/play-lotteries-available-in-other-countries-300x300.png\" \/>\n<meta name=\"twitter:card\" content=\"summary_large_image\" \/>\n<meta name=\"twitter:label1\" content=\"Est. reading time\" \/>\n\t<meta name=\"twitter:data1\" content=\"4 minutes\" \/>\n<script type=\"application\/ld+json\" class=\"yoast-schema-graph\">{\"@context\":\"https:\/\/schema.org\",\"@graph\":[{\"@type\":\"WebPage\",\"@id\":\"https:\/\/lottomat.com\/pt\/\",\"url\":\"https:\/\/lottomat.com\/pt\/\",\"name\":\"Lotto on-line - compre bilhetes de loteria on-line - Lottomat.com\",\"isPartOf\":{\"@id\":\"https:\/\/lottomat.com\/pt\/#website\"},\"primaryImageOfPage\":{\"@id\":\"https:\/\/lottomat.com\/pt\/#primaryimage\"},\"image\":{\"@id\":\"https:\/\/lottomat.com\/pt\/#primaryimage\"},\"thumbnailUrl\":\"https:\/\/lottomat.com\/wp-content\/uploads\/2025\/03\/play-lotteries-available-in-other-countries-300x300.png\",\"datePublished\":\"2025-03-26T07:12:15+00:00\",\"dateModified\":\"2026-02-13T11:32:02+00:00\",\"description\":\"A Lottomat oferece as maiores loterias do mundo com os melhores pr\u00eamios. Jogue on-line e ganhe muito! Compre os bilhetes e confira os resultados.\",\"breadcrumb\":{\"@id\":\"https:\/\/lottomat.com\/pt\/#breadcrumb\"},\"inLanguage\":\"pt\",\"potentialAction\":[{\"@type\":\"ReadAction\",\"target\":[\"https:\/\/lottomat.com\/pt\/\"]}]},{\"@type\":\"ImageObject\",\"inLanguage\":\"pt\",\"@id\":\"https:\/\/lottomat.com\/pt\/#primaryimage\",\"url\":\"https:\/\/lottomat.com\/wp-content\/uploads\/2025\/03\/play-lotteries-available-in-other-countries-300x300.png\",\"contentUrl\":\"https:\/\/lottomat.com\/wp-content\/uploads\/2025\/03\/play-lotteries-available-in-other-countries-300x300.png\"},{\"@type\":\"BreadcrumbList\",\"@id\":\"https:\/\/lottomat.com\/pt\/#breadcrumb\",\"itemListElement\":[{\"@type\":\"ListItem\",\"position\":1,\"name\":\"Home\",\"item\":\"https:\/\/lottomat.com\/pt\/\"},{\"@type\":\"ListItem\",\"position\":2,\"name\":\"Lottomat &#8211; as maiores loterias do mundo em um s\u00f3 lugar\"}]},{\"@type\":\"WebSite\",\"@id\":\"https:\/\/lottomat.com\/pt\/#website\",\"url\":\"https:\/\/lottomat.com\/pt\/\",\"name\":\"Lottomat\",\"description\":\"\",\"potentialAction\":[{\"@type\":\"SearchAction\",\"target\":{\"@type\":\"EntryPoint\",\"urlTemplate\":\"https:\/\/lottomat.com\/pt\/?s={search_term_string}\"},\"query-input\":{\"@type\":\"PropertyValueSpecification\",\"valueRequired\":true,\"valueName\":\"search_term_string\"}}],\"inLanguage\":\"pt\"}]}<\/script>\n<!-- \/ Yoast SEO plugin. -->","yoast_head_json":{"title":"Lotto on-line - compre bilhetes de loteria on-line - Lottomat.com","description":"A Lottomat oferece as maiores loterias do mundo com os melhores pr\u00eamios. Jogue on-line e ganhe muito! Compre os bilhetes e confira os resultados.","robots":{"index":"index","follow":"follow","max-snippet":"max-snippet:-1","max-image-preview":"max-image-preview:large","max-video-preview":"max-video-preview:-1"},"canonical":"https:\/\/lottomat.com\/pt\/","og_locale":"pt_PT","og_type":"article","og_title":"Lotto on-line - compre bilhetes de loteria on-line - Lottomat.com","og_description":"A Lottomat oferece as maiores loterias do mundo com os melhores pr\u00eamios. Jogue on-line e ganhe muito! Compre os bilhetes e confira os resultados.","og_url":"https:\/\/lottomat.com\/pt\/","og_site_name":"Lottomat","article_modified_time":"2026-02-13T11:32:02+00:00","og_image":[{"url":"https:\/\/lottomat.com\/wp-content\/uploads\/2025\/03\/play-lotteries-available-in-other-countries-300x300.png"}],"twitter_card":"summary_large_image","twitter_misc":{"Est. reading time":"4 minutes"},"schema":{"@context":"https:\/\/schema.org","@graph":[{"@type":"WebPage","@id":"https:\/\/lottomat.com\/pt\/","url":"https:\/\/lottomat.com\/pt\/","name":"Lotto on-line - compre bilhetes de loteria on-line - Lottomat.com","isPartOf":{"@id":"https:\/\/lottomat.com\/pt\/#website"},"primaryImageOfPage":{"@id":"https:\/\/lottomat.com\/pt\/#primaryimage"},"image":{"@id":"https:\/\/lottomat.com\/pt\/#primaryimage"},"thumbnailUrl":"https:\/\/lottomat.com\/wp-content\/uploads\/2025\/03\/play-lotteries-available-in-other-countries-300x300.png","datePublished":"2025-03-26T07:12:15+00:00","dateModified":"2026-02-13T11:32:02+00:00","description":"A Lottomat oferece as maiores loterias do mundo com os melhores pr\u00eamios. Jogue on-line e ganhe muito! Compre os bilhetes e confira os resultados.","breadcrumb":{"@id":"https:\/\/lottomat.com\/pt\/#breadcrumb"},"inLanguage":"pt","potentialAction":[{"@type":"ReadAction","target":["https:\/\/lottomat.com\/pt\/"]}]},{"@type":"ImageObject","inLanguage":"pt","@id":"https:\/\/lottomat.com\/pt\/#primaryimage","url":"https:\/\/lottomat.com\/wp-content\/uploads\/2025\/03\/play-lotteries-available-in-other-countries-300x300.png","contentUrl":"https:\/\/lottomat.com\/wp-content\/uploads\/2025\/03\/play-lotteries-available-in-other-countries-300x300.png"},{"@type":"BreadcrumbList","@id":"https:\/\/lottomat.com\/pt\/#breadcrumb","itemListElement":[{"@type":"ListItem","position":1,"name":"Home","item":"https:\/\/lottomat.com\/pt\/"},{"@type":"ListItem","position":2,"name":"Lottomat &#8211; as maiores loterias do mundo em um s\u00f3 lugar"}]},{"@type":"WebSite","@id":"https:\/\/lottomat.com\/pt\/#website","url":"https:\/\/lottomat.com\/pt\/","name":"Lottomat","description":"","potentialAction":[{"@type":"SearchAction","target":{"@type":"EntryPoint","urlTemplate":"https:\/\/lottomat.com\/pt\/?s={search_term_string}"},"query-input":{"@type":"PropertyValueSpecification","valueRequired":true,"valueName":"search_term_string"}}],"inLanguage":"pt"}]}},"_links":{"self":[{"href":"https:\/\/lottomat.com\/pt\/wp-json\/wp\/v2\/pages\/6423","targetHints":{"allow":["GET"]}}],"collection":[{"href":"https:\/\/lottomat.com\/pt\/wp-json\/wp\/v2\/pages"}],"about":[{"href":"https:\/\/lottomat.com\/pt\/wp-json\/wp\/v2\/types\/page"}],"author":[{"embeddable":true,"href":"https:\/\/lottomat.com\/pt\/wp-json\/wp\/v2\/users\/1"}],"replies":[{"embeddable":true,"href":"https:\/\/lottomat.com\/pt\/wp-json\/wp\/v2\/comments?post=6423"}],"version-history":[{"count":1,"href":"https:\/\/lottomat.com\/pt\/wp-json\/wp\/v2\/pages\/6423\/revisions"}],"predecessor-version":[{"id":270983,"href":"https:\/\/lottomat.com\/pt\/wp-json\/wp\/v2\/pages\/6423\/revisions\/270983"}],"wp:attachment":[{"href":"https:\/\/lottomat.com\/pt\/wp-json\/wp\/v2\/media?parent=6423"}],"curies":[{"name":"wp","href":"https:\/\/api.w.org\/{rel}","templated":true}]}}