{"id":272410,"date":"2025-05-18T16:33:53","date_gmt":"2025-05-18T16:33:53","guid":{"rendered":"https:\/\/lottomat.com\/?page_id=272410"},"modified":"2026-03-02T20:53:26","modified_gmt":"2026-03-02T20:53:26","slug":"euromillions-eu","status":"publish","type":"page","link":"https:\/\/lottomat.com\/pt\/loterias\/euromillions-eu\/","title":{"rendered":"Regras do EuroMillions Austria: Pr\u00eamios e Jackpot"},"content":{"rendered":"\n\n<div class=\"kk-star-ratings kksr-auto kksr-align-left kksr-valign-top\"\n    data-payload='{&quot;align&quot;:&quot;left&quot;,&quot;id&quot;:&quot;272410&quot;,&quot;slug&quot;:&quot;default&quot;,&quot;valign&quot;:&quot;top&quot;,&quot;ignore&quot;:&quot;&quot;,&quot;reference&quot;:&quot;auto&quot;,&quot;class&quot;:&quot;&quot;,&quot;count&quot;:&quot;0&quot;,&quot;legendonly&quot;:&quot;&quot;,&quot;readonly&quot;:&quot;&quot;,&quot;score&quot;:&quot;0&quot;,&quot;starsonly&quot;:&quot;&quot;,&quot;best&quot;:&quot;5&quot;,&quot;gap&quot;:&quot;5&quot;,&quot;greet&quot;:&quot;Rate this page&quot;,&quot;legend&quot;:&quot;0\\\/5 - (0 votes)&quot;,&quot;size&quot;:&quot;30&quot;,&quot;title&quot;:&quot;Regras do EuroMillions Austria: Pr\u00eamios e Jackpot&quot;,&quot;width&quot;:&quot;0&quot;,&quot;_legend&quot;:&quot;{score}\\\/{best} - ({count} {votes})&quot;,&quot;font_factor&quot;:&quot;1.25&quot;}'>\n            \n<div class=\"kksr-stars\">\n    \n<div class=\"kksr-stars-inactive\">\n            <div class=\"kksr-star\" data-star=\"1\" style=\"padding-right: 5px\">\n            \n\n<div class=\"kksr-icon\" style=\"width: 30px; height: 30px;\"><\/div>\n        <\/div>\n            <div class=\"kksr-star\" data-star=\"2\" style=\"padding-right: 5px\">\n            \n\n<div class=\"kksr-icon\" style=\"width: 30px; height: 30px;\"><\/div>\n        <\/div>\n            <div class=\"kksr-star\" data-star=\"3\" style=\"padding-right: 5px\">\n            \n\n<div class=\"kksr-icon\" style=\"width: 30px; height: 30px;\"><\/div>\n        <\/div>\n            <div class=\"kksr-star\" data-star=\"4\" style=\"padding-right: 5px\">\n            \n\n<div class=\"kksr-icon\" style=\"width: 30px; height: 30px;\"><\/div>\n        <\/div>\n            <div class=\"kksr-star\" data-star=\"5\" style=\"padding-right: 5px\">\n            \n\n<div class=\"kksr-icon\" style=\"width: 30px; height: 30px;\"><\/div>\n        <\/div>\n    <\/div>\n    \n<div class=\"kksr-stars-active\" style=\"width: 0px;\">\n            <div class=\"kksr-star\" style=\"padding-right: 5px\">\n            \n\n<div class=\"kksr-icon\" style=\"width: 30px; height: 30px;\"><\/div>\n        <\/div>\n            <div class=\"kksr-star\" style=\"padding-right: 5px\">\n            \n\n<div class=\"kksr-icon\" style=\"width: 30px; height: 30px;\"><\/div>\n        <\/div>\n            <div class=\"kksr-star\" style=\"padding-right: 5px\">\n            \n\n<div class=\"kksr-icon\" style=\"width: 30px; height: 30px;\"><\/div>\n        <\/div>\n            <div class=\"kksr-star\" style=\"padding-right: 5px\">\n            \n\n<div class=\"kksr-icon\" style=\"width: 30px; height: 30px;\"><\/div>\n        <\/div>\n            <div class=\"kksr-star\" style=\"padding-right: 5px\">\n            \n\n<div class=\"kksr-icon\" style=\"width: 30px; height: 30px;\"><\/div>\n        <\/div>\n    <\/div>\n<\/div>\n                \n\n<div class=\"kksr-legend\" style=\"font-size: 24px;\">\n            <span class=\"kksr-muted\">Rate this page<\/span>\n    <\/div>\n    <\/div>\n<h2>Descubra a emo\u00e7\u00e3o do EuroMillions Austria \u2013 sua porta de entrada para ganhos que mudam a vida!<\/h2>\n<p><img loading=\"lazy\" decoding=\"async\" class=\"alignleft wp-image-268187\" src=\"https:\/\/lottomat.com\/wp-content\/uploads\/2026\/01\/Austrian-EuroMillions-prizes.webp\" alt=\"Pr\u00eamios do EuroMillions Austria\" width=\"200\" height=\"200\" srcset=\"https:\/\/lottomat.com\/wp-content\/uploads\/2026\/01\/Austrian-EuroMillions-prizes.webp 400w, https:\/\/lottomat.com\/wp-content\/uploads\/2026\/01\/Austrian-EuroMillions-prizes-300x300.webp 300w, https:\/\/lottomat.com\/wp-content\/uploads\/2026\/01\/Austrian-EuroMillions-prizes-150x150.webp 150w, https:\/\/lottomat.com\/wp-content\/uploads\/2026\/01\/Austrian-EuroMillions-prizes-100x100.webp 100w\" sizes=\"auto, (max-width: 200px) 100vw, 200px\" \/>Imagine acordar amanh\u00e3 e perceber que seus sonhos finalmente podem se tornar realidade \u2013 uma casa luxuosa, f\u00e9rias ex\u00f3ticas, seguran\u00e7a financeira para seus entes queridos e a liberdade de viver a vida do seu jeito. Com o EuroMillions Austria, oficialmente conhecido como EuroMillions EU, esse sonho pode se tornar sua realidade! Como uma das loterias mais populares e emocionantes da Europa, o EuroMillions Austria oferece a voc\u00ea a chance \u00fanica de ganhar jackpots impressionantes e fazer parte de uma experi\u00eancia empolgante que pode transformar sua vida. Vamos descobrir tudo o que voc\u00ea precisa saber sobre essa incr\u00edvel loteria e o que a diferencia da vers\u00e3o do Reino Unido. Saiba mais sobre as regras do EuroMillions Austria e depois&#8230; <a href=\"https:\/\/lottomat.com\/pt\/jogar\/euromillions-eu\/\">jogue EuroMillions Austria online<\/a> na Lottomat!<\/p>\n<h2>O que \u00e9 EuroMillions Austria (EuroMillions EU)?<\/h2>\n<p>O EuroMillions Austria representa a participa\u00e7\u00e3o da \u00c1ustria na famosa loteria EuroMillions, uma loteria europeia transnacional que re\u00fane jogadores da \u00c1ustria, Espanha, Fran\u00e7a, B\u00e9lgica, Irlanda, Luxemburgo, Portugal e Su\u00ed\u00e7a. Lan\u00e7ado em 2004, o EuroMillions rapidamente se tornou um fen\u00f4meno em todo o continente gra\u00e7as aos seus jackpots gigantescos e ao seu formato de jogo simples e envolvente.<\/p>\n<p>Para jogar EuroMillions Austria, os participantes selecionam cinco n\u00fameros principais de 1 a 50 e dois n\u00fameros Lucky Star de 1 a 12. Os sorteios acontecem todas as ter\u00e7as e sextas-feiras \u00e0 noite, em Paris, e a emo\u00e7\u00e3o toma conta enquanto milh\u00f5es de europeus prendem a respira\u00e7\u00e3o esperando que seus n\u00fameros sejam sorteados!<\/p>\n<h2>Como funciona o EuroMillions Austria? Regras do EuroMillions Austria<img loading=\"lazy\" decoding=\"async\" class=\"alignright wp-image-268217\" src=\"https:\/\/lottomat.com\/wp-content\/uploads\/2026\/01\/Austrian-EuroMillions-rules.webp\" alt=\"Regras do EuroMillions Austria\" width=\"200\" height=\"200\" srcset=\"https:\/\/lottomat.com\/wp-content\/uploads\/2026\/01\/Austrian-EuroMillions-rules.webp 400w, https:\/\/lottomat.com\/wp-content\/uploads\/2026\/01\/Austrian-EuroMillions-rules-300x300.webp 300w, https:\/\/lottomat.com\/wp-content\/uploads\/2026\/01\/Austrian-EuroMillions-rules-150x150.webp 150w, https:\/\/lottomat.com\/wp-content\/uploads\/2026\/01\/Austrian-EuroMillions-rules-100x100.webp 100w\" sizes=\"auto, (max-width: 200px) 100vw, 200px\" \/><\/h2>\n<p>Come\u00e7ar \u00e9 f\u00e1cil e acess\u00edvel para todos. <a href=\"https:\/\/lottomat.com\/pt\/jogar\/\">Voc\u00ea pode comprar bilhetes de loteria<\/a> nos pontos de venda autorizados em toda a \u00c1ustria ou jogar online no conforto da sua casa. O jackpot m\u00ednimo come\u00e7a em impressionantes \u20ac17 milh\u00f5es, mas com acumula\u00e7\u00f5es pode chegar ao incr\u00edvel valor de \u20ac240 milh\u00f5es! Existem 13 faixas de premia\u00e7\u00e3o diferentes, o que significa que voc\u00ea tem v\u00e1rias chances de ganhar, mesmo que n\u00e3o acerte o jackpot.<\/p>\n<p>Quando voc\u00ea joga EuroMillions Austria, n\u00e3o est\u00e1 apenas participando de uma loteria \u2013 voc\u00ea est\u00e1 entrando para uma comunidade de sonhadores que aguardam aquele momento m\u00e1gico em que suas vidas podem mudar para sempre. Seja ganhando um pr\u00eamio menor ou conquistando um jackpot recorde, cada bilhete carrega a promessa de um amanh\u00e3 mais brilhante.<\/p>\n<h2>EuroMillions Austria vs EuroMillions UK \u2013 Principais diferen\u00e7as<\/h2>\n<p><img loading=\"lazy\" decoding=\"async\" class=\"alignleft wp-image-268247\" src=\"https:\/\/lottomat.com\/wp-content\/uploads\/2026\/01\/EuroMillions-Austria-jackpot.webp\" alt=\"Jackpot do EuroMillions Austria\" width=\"200\" height=\"200\" srcset=\"https:\/\/lottomat.com\/wp-content\/uploads\/2026\/01\/EuroMillions-Austria-jackpot.webp 400w, https:\/\/lottomat.com\/wp-content\/uploads\/2026\/01\/EuroMillions-Austria-jackpot-300x300.webp 300w, https:\/\/lottomat.com\/wp-content\/uploads\/2026\/01\/EuroMillions-Austria-jackpot-150x150.webp 150w, https:\/\/lottomat.com\/wp-content\/uploads\/2026\/01\/EuroMillions-Austria-jackpot-100x100.webp 100w\" sizes=\"auto, (max-width: 200px) 100vw, 200px\" \/>Embora tanto a \u00c1ustria quanto o Reino Unido participem do EuroMillions, existem algumas diferen\u00e7as importantes a serem consideradas:<\/p>\n<ol>\n<li><strong>Pre\u00e7o do bilhete<\/strong>: Na \u00c1ustria, um <a href=\"https:\/\/lottomat.com\/pt\/jogar\/euromillions-eu\/\">bilhete do EuroMillions Austria<\/a> \u00e9 vendido em euros. No Reino Unido, o pre\u00e7o do bilhete \u00e9 definido em libras esterlinas e \u00e9 ligeiramente mais alto do que na \u00c1ustria, pois inclui a participa\u00e7\u00e3o no jogo UK Millionaire Maker, que garante pelo menos um milion\u00e1rio brit\u00e2nico em cada sorteio.<\/li>\n<li><strong>Moeda e pr\u00eamios<\/strong>: Os pr\u00eamios do EuroMillions Austria s\u00e3o pagos em euros, enquanto os jogadores do Reino Unido recebem seus ganhos em libras esterlinas. O valor dos pr\u00eamios secund\u00e1rios pode variar ligeiramente devido \u00e0s taxas de c\u00e2mbio.<\/li>\n<li><strong>Jogos adicionais<\/strong>: Os jogadores austr\u00edacos podem participar do \u201c\u00d6sterreich Bonus\u201d \u2013 um sorteio adicional exclusivo que oferece ainda mais chances de ganhar. O equivalente no Reino Unido \u00e9 o Millionaire Maker, inclu\u00eddo automaticamente em cada bilhete.<\/li>\n<li><strong>Tributa\u00e7\u00e3o<\/strong>: Na \u00c1ustria, os pr\u00eamios de loteria s\u00e3o isentos de impostos, ent\u00e3o voc\u00ea fica com cada centavo do seu pr\u00eamio! No Reino Unido, os pr\u00eamios de loteria tamb\u00e9m s\u00e3o atualmente isentos de impostos, mas \u00e9 sempre importante verificar as regulamenta\u00e7\u00f5es mais recentes.<\/li>\n<\/ol>\n<h2>Por que jogar EuroMillions Austria? A magia dos ganhos que transformam vidas<\/h2>\n<p>O EuroMillions Austria n\u00e3o \u00e9 apenas sobre grandes quantias de dinheiro \u2013 \u00e9 sobre esperan\u00e7a, emo\u00e7\u00e3o e a adrenalina das possibilidades. Cada sorteio \u00e9 uma nova oportunidade de mudar sua vida, cuidar da sua fam\u00edlia, apoiar causas beneficentes ou embarcar em grandes aventuras com as quais voc\u00ea sempre sonhou. As hist\u00f3rias de pessoas comuns que se tornam milion\u00e1rias da noite para o dia s\u00e3o reais e inspiradoras \u2013 voc\u00ea pode ser o pr\u00f3ximo!<img loading=\"lazy\" decoding=\"async\" class=\"alignright wp-image-268278\" src=\"https:\/\/lottomat.com\/wp-content\/uploads\/2026\/01\/EuroMillions-Austria-rules.webp\" alt=\"Regras do EuroMillions Austria\" width=\"200\" height=\"200\" srcset=\"https:\/\/lottomat.com\/wp-content\/uploads\/2026\/01\/EuroMillions-Austria-rules.webp 400w, https:\/\/lottomat.com\/wp-content\/uploads\/2026\/01\/EuroMillions-Austria-rules-300x300.webp 300w, https:\/\/lottomat.com\/wp-content\/uploads\/2026\/01\/EuroMillions-Austria-rules-150x150.webp 150w, https:\/\/lottomat.com\/wp-content\/uploads\/2026\/01\/EuroMillions-Austria-rules-100x100.webp 100w\" sizes=\"auto, (max-width: 200px) 100vw, 200px\" \/><\/p>\n<p>O que voc\u00ea est\u00e1 esperando? O pr\u00f3ximo sorteio do EuroMillions Austria pode ser o seu bilhete para um futuro cheio de alegria, luxo e possibilidades ilimitadas. Compre seu bilhete, sonhe grande e abrace a emo\u00e7\u00e3o \u2013 porque com o EuroMillions Austria, tudo pode acontecer!<\/p>\n<p><strong>Junte-se \u00e0 emo\u00e7\u00e3o hoje mesmo \u2013 e deixe seus sonhos ganharem asas com o EuroMillions Austria! Confira os <a href=\"https:\/\/lottomat.com\/pt\/resultados\/euromillions-eu\/\">n\u00fameros vencedores do EuroMillions Austria<\/a>.<\/strong><\/p>\n","protected":false},"excerpt":{"rendered":"<p>Descubra a emo\u00e7\u00e3o do EuroMillions Austria \u2013 sua porta de entrada para ganhos que mudam a vida! Imagine acordar amanh\u00e3 e perceber que seus sonhos finalmente podem se tornar realidade \u2013 uma casa luxuosa, f\u00e9rias ex\u00f3ticas, seguran\u00e7a financeira para seus entes queridos e a liberdade de viver a vida do seu jeito. Com o EuroMillions [&hellip;]<\/p>\n","protected":false},"author":11,"featured_media":0,"parent":6908,"menu_order":0,"comment_status":"closed","ping_status":"closed","template":"euromillions-at-info.php","meta":{"_et_pb_use_builder":"","_et_pb_old_content":"","_et_gb_content_width":"","exclude_from_search":false,"footnotes":""},"class_list":["post-272410","page","type-page","status-publish","hentry"],"yoast_head":"<!-- This site is optimized with the Yoast SEO plugin v23.8 - https:\/\/yoast.com\/wordpress\/plugins\/seo\/ -->\n<title>Regras do EuroMillions Austria: Pr\u00eamios e Jackpot \u2013 Lottomat<\/title>\n<meta name=\"description\" content=\"Saiba mais sobre as regras do EuroMillions Austria. Aqui voc\u00ea pode conferir os pr\u00eamios e o jackpot do EuroMillions Austria. Verifique suas chances.\" \/>\n<meta name=\"robots\" content=\"index, follow, max-snippet:-1, max-image-preview:large, max-video-preview:-1\" \/>\n<link rel=\"canonical\" href=\"https:\/\/lottomat.com\/pt\/loterias\/euromillions-eu\/\" \/>\n<meta property=\"og:locale\" content=\"pt_PT\" \/>\n<meta property=\"og:type\" content=\"article\" \/>\n<meta property=\"og:title\" content=\"Regras do EuroMillions Austria: Pr\u00eamios e Jackpot \u2013 Lottomat\" \/>\n<meta property=\"og:description\" content=\"Saiba mais sobre as regras do EuroMillions Austria. Aqui voc\u00ea pode conferir os pr\u00eamios e o jackpot do EuroMillions Austria. Verifique suas chances.\" \/>\n<meta property=\"og:url\" content=\"https:\/\/lottomat.com\/pt\/loterias\/euromillions-eu\/\" \/>\n<meta property=\"og:site_name\" content=\"Lottomat\" \/>\n<meta property=\"article:modified_time\" content=\"2026-03-02T20:53:26+00:00\" \/>\n<meta property=\"og:image\" content=\"https:\/\/lottomat.com\/wp-content\/uploads\/2026\/01\/Austrian-EuroMillions-prizes.webp\" \/>\n\t<meta property=\"og:image:width\" content=\"400\" \/>\n\t<meta property=\"og:image:height\" content=\"400\" \/>\n\t<meta property=\"og:image:type\" content=\"image\/webp\" \/>\n<meta name=\"twitter:card\" content=\"summary_large_image\" \/>\n<meta name=\"twitter:label1\" content=\"Est. reading time\" \/>\n\t<meta name=\"twitter:data1\" content=\"5 minutes\" \/>\n<script type=\"application\/ld+json\" class=\"yoast-schema-graph\">{\"@context\":\"https:\/\/schema.org\",\"@graph\":[{\"@type\":\"WebPage\",\"@id\":\"https:\/\/lottomat.com\/pt\/loterias\/euromillions-eu\/\",\"url\":\"https:\/\/lottomat.com\/pt\/loterias\/euromillions-eu\/\",\"name\":\"Regras do EuroMillions Austria: Pr\u00eamios e Jackpot \u2013 Lottomat\",\"isPartOf\":{\"@id\":\"https:\/\/lottomat.com\/pt\/#website\"},\"primaryImageOfPage\":{\"@id\":\"https:\/\/lottomat.com\/pt\/loterias\/euromillions-eu\/#primaryimage\"},\"image\":{\"@id\":\"https:\/\/lottomat.com\/pt\/loterias\/euromillions-eu\/#primaryimage\"},\"thumbnailUrl\":\"https:\/\/lottomat.com\/wp-content\/uploads\/2026\/01\/Austrian-EuroMillions-prizes.webp\",\"datePublished\":\"2025-05-18T16:33:53+00:00\",\"dateModified\":\"2026-03-02T20:53:26+00:00\",\"description\":\"Saiba mais sobre as regras do EuroMillions Austria. Aqui voc\u00ea pode conferir os pr\u00eamios e o jackpot do EuroMillions Austria. Verifique suas chances.\",\"breadcrumb\":{\"@id\":\"https:\/\/lottomat.com\/pt\/loterias\/euromillions-eu\/#breadcrumb\"},\"inLanguage\":\"pt\",\"potentialAction\":[{\"@type\":\"ReadAction\",\"target\":[\"https:\/\/lottomat.com\/pt\/loterias\/euromillions-eu\/\"]}]},{\"@type\":\"ImageObject\",\"inLanguage\":\"pt\",\"@id\":\"https:\/\/lottomat.com\/pt\/loterias\/euromillions-eu\/#primaryimage\",\"url\":\"https:\/\/lottomat.com\/wp-content\/uploads\/2026\/01\/Austrian-EuroMillions-prizes.webp\",\"contentUrl\":\"https:\/\/lottomat.com\/wp-content\/uploads\/2026\/01\/Austrian-EuroMillions-prizes.webp\"},{\"@type\":\"BreadcrumbList\",\"@id\":\"https:\/\/lottomat.com\/pt\/loterias\/euromillions-eu\/#breadcrumb\",\"itemListElement\":[{\"@type\":\"ListItem\",\"position\":1,\"name\":\"Home\",\"item\":\"https:\/\/lottomat.com\/pt\/\"},{\"@type\":\"ListItem\",\"position\":2,\"name\":\"Regras da Loteria: Pr\u00eamios, Jackpot e Probabilidades\",\"item\":\"https:\/\/lottomat.com\/pt\/loterias\/\"},{\"@type\":\"ListItem\",\"position\":3,\"name\":\"Regras do EuroMillions Austria: Pr\u00eamios e Jackpot\"}]},{\"@type\":\"WebSite\",\"@id\":\"https:\/\/lottomat.com\/pt\/#website\",\"url\":\"https:\/\/lottomat.com\/pt\/\",\"name\":\"Lottomat\",\"description\":\"\",\"potentialAction\":[{\"@type\":\"SearchAction\",\"target\":{\"@type\":\"EntryPoint\",\"urlTemplate\":\"https:\/\/lottomat.com\/pt\/?s={search_term_string}\"},\"query-input\":{\"@type\":\"PropertyValueSpecification\",\"valueRequired\":true,\"valueName\":\"search_term_string\"}}],\"inLanguage\":\"pt\"}]}<\/script>\n<!-- \/ Yoast SEO plugin. -->","yoast_head_json":{"title":"Regras do EuroMillions Austria: Pr\u00eamios e Jackpot \u2013 Lottomat","description":"Saiba mais sobre as regras do EuroMillions Austria. Aqui voc\u00ea pode conferir os pr\u00eamios e o jackpot do EuroMillions Austria. Verifique suas chances.","robots":{"index":"index","follow":"follow","max-snippet":"max-snippet:-1","max-image-preview":"max-image-preview:large","max-video-preview":"max-video-preview:-1"},"canonical":"https:\/\/lottomat.com\/pt\/loterias\/euromillions-eu\/","og_locale":"pt_PT","og_type":"article","og_title":"Regras do EuroMillions Austria: Pr\u00eamios e Jackpot \u2013 Lottomat","og_description":"Saiba mais sobre as regras do EuroMillions Austria. Aqui voc\u00ea pode conferir os pr\u00eamios e o jackpot do EuroMillions Austria. Verifique suas chances.","og_url":"https:\/\/lottomat.com\/pt\/loterias\/euromillions-eu\/","og_site_name":"Lottomat","article_modified_time":"2026-03-02T20:53:26+00:00","og_image":[{"width":400,"height":400,"url":"https:\/\/lottomat.com\/wp-content\/uploads\/2026\/01\/Austrian-EuroMillions-prizes.webp","type":"image\/webp"}],"twitter_card":"summary_large_image","twitter_misc":{"Est. reading time":"5 minutes"},"schema":{"@context":"https:\/\/schema.org","@graph":[{"@type":"WebPage","@id":"https:\/\/lottomat.com\/pt\/loterias\/euromillions-eu\/","url":"https:\/\/lottomat.com\/pt\/loterias\/euromillions-eu\/","name":"Regras do EuroMillions Austria: Pr\u00eamios e Jackpot \u2013 Lottomat","isPartOf":{"@id":"https:\/\/lottomat.com\/pt\/#website"},"primaryImageOfPage":{"@id":"https:\/\/lottomat.com\/pt\/loterias\/euromillions-eu\/#primaryimage"},"image":{"@id":"https:\/\/lottomat.com\/pt\/loterias\/euromillions-eu\/#primaryimage"},"thumbnailUrl":"https:\/\/lottomat.com\/wp-content\/uploads\/2026\/01\/Austrian-EuroMillions-prizes.webp","datePublished":"2025-05-18T16:33:53+00:00","dateModified":"2026-03-02T20:53:26+00:00","description":"Saiba mais sobre as regras do EuroMillions Austria. Aqui voc\u00ea pode conferir os pr\u00eamios e o jackpot do EuroMillions Austria. Verifique suas chances.","breadcrumb":{"@id":"https:\/\/lottomat.com\/pt\/loterias\/euromillions-eu\/#breadcrumb"},"inLanguage":"pt","potentialAction":[{"@type":"ReadAction","target":["https:\/\/lottomat.com\/pt\/loterias\/euromillions-eu\/"]}]},{"@type":"ImageObject","inLanguage":"pt","@id":"https:\/\/lottomat.com\/pt\/loterias\/euromillions-eu\/#primaryimage","url":"https:\/\/lottomat.com\/wp-content\/uploads\/2026\/01\/Austrian-EuroMillions-prizes.webp","contentUrl":"https:\/\/lottomat.com\/wp-content\/uploads\/2026\/01\/Austrian-EuroMillions-prizes.webp"},{"@type":"BreadcrumbList","@id":"https:\/\/lottomat.com\/pt\/loterias\/euromillions-eu\/#breadcrumb","itemListElement":[{"@type":"ListItem","position":1,"name":"Home","item":"https:\/\/lottomat.com\/pt\/"},{"@type":"ListItem","position":2,"name":"Regras da Loteria: Pr\u00eamios, Jackpot e Probabilidades","item":"https:\/\/lottomat.com\/pt\/loterias\/"},{"@type":"ListItem","position":3,"name":"Regras do EuroMillions Austria: Pr\u00eamios e Jackpot"}]},{"@type":"WebSite","@id":"https:\/\/lottomat.com\/pt\/#website","url":"https:\/\/lottomat.com\/pt\/","name":"Lottomat","description":"","potentialAction":[{"@type":"SearchAction","target":{"@type":"EntryPoint","urlTemplate":"https:\/\/lottomat.com\/pt\/?s={search_term_string}"},"query-input":{"@type":"PropertyValueSpecification","valueRequired":true,"valueName":"search_term_string"}}],"inLanguage":"pt"}]}},"_links":{"self":[{"href":"https:\/\/lottomat.com\/pt\/wp-json\/wp\/v2\/pages\/272410","targetHints":{"allow":["GET"]}}],"collection":[{"href":"https:\/\/lottomat.com\/pt\/wp-json\/wp\/v2\/pages"}],"about":[{"href":"https:\/\/lottomat.com\/pt\/wp-json\/wp\/v2\/types\/page"}],"author":[{"embeddable":true,"href":"https:\/\/lottomat.com\/pt\/wp-json\/wp\/v2\/users\/11"}],"replies":[{"embeddable":true,"href":"https:\/\/lottomat.com\/pt\/wp-json\/wp\/v2\/comments?post=272410"}],"version-history":[{"count":1,"href":"https:\/\/lottomat.com\/pt\/wp-json\/wp\/v2\/pages\/272410\/revisions"}],"predecessor-version":[{"id":272413,"href":"https:\/\/lottomat.com\/pt\/wp-json\/wp\/v2\/pages\/272410\/revisions\/272413"}],"up":[{"embeddable":true,"href":"https:\/\/lottomat.com\/pt\/wp-json\/wp\/v2\/pages\/6908"}],"wp:attachment":[{"href":"https:\/\/lottomat.com\/pt\/wp-json\/wp\/v2\/media?parent=272410"}],"curies":[{"name":"wp","href":"https:\/\/api.w.org\/{rel}","templated":true}]}}