{"id":272399,"date":"2025-05-18T16:34:38","date_gmt":"2025-05-18T16:34:38","guid":{"rendered":"https:\/\/lottomat.com\/?page_id=272399"},"modified":"2026-03-02T20:44:23","modified_gmt":"2026-03-02T20:44:23","slug":"euromillions-eu","status":"publish","type":"page","link":"https:\/\/lottomat.com\/pt\/resultados\/euromillions-eu\/","title":{"rendered":"Resultados do EuroMillions \u00c1ustria \u2013 n\u00fameros vencedores do EuroMillions UE"},"content":{"rendered":"\n\n<div class=\"kk-star-ratings kksr-auto kksr-align-left kksr-valign-top\"\n    data-payload='{&quot;align&quot;:&quot;left&quot;,&quot;id&quot;:&quot;272399&quot;,&quot;slug&quot;:&quot;default&quot;,&quot;valign&quot;:&quot;top&quot;,&quot;ignore&quot;:&quot;&quot;,&quot;reference&quot;:&quot;auto&quot;,&quot;class&quot;:&quot;&quot;,&quot;count&quot;:&quot;0&quot;,&quot;legendonly&quot;:&quot;&quot;,&quot;readonly&quot;:&quot;&quot;,&quot;score&quot;:&quot;0&quot;,&quot;starsonly&quot;:&quot;&quot;,&quot;best&quot;:&quot;5&quot;,&quot;gap&quot;:&quot;5&quot;,&quot;greet&quot;:&quot;Rate this page&quot;,&quot;legend&quot;:&quot;0\\\/5 - (0 votes)&quot;,&quot;size&quot;:&quot;30&quot;,&quot;title&quot;:&quot;Resultados do EuroMillions \u00c1ustria \u2013 n\u00fameros vencedores do EuroMillions UE&quot;,&quot;width&quot;:&quot;0&quot;,&quot;_legend&quot;:&quot;{score}\\\/{best} - ({count} {votes})&quot;,&quot;font_factor&quot;:&quot;1.25&quot;}'>\n            \n<div class=\"kksr-stars\">\n    \n<div class=\"kksr-stars-inactive\">\n            <div class=\"kksr-star\" data-star=\"1\" style=\"padding-right: 5px\">\n            \n\n<div class=\"kksr-icon\" style=\"width: 30px; height: 30px;\"><\/div>\n        <\/div>\n            <div class=\"kksr-star\" data-star=\"2\" style=\"padding-right: 5px\">\n            \n\n<div class=\"kksr-icon\" style=\"width: 30px; height: 30px;\"><\/div>\n        <\/div>\n            <div class=\"kksr-star\" data-star=\"3\" style=\"padding-right: 5px\">\n            \n\n<div class=\"kksr-icon\" style=\"width: 30px; height: 30px;\"><\/div>\n        <\/div>\n            <div class=\"kksr-star\" data-star=\"4\" style=\"padding-right: 5px\">\n            \n\n<div class=\"kksr-icon\" style=\"width: 30px; height: 30px;\"><\/div>\n        <\/div>\n            <div class=\"kksr-star\" data-star=\"5\" style=\"padding-right: 5px\">\n            \n\n<div class=\"kksr-icon\" style=\"width: 30px; height: 30px;\"><\/div>\n        <\/div>\n    <\/div>\n    \n<div class=\"kksr-stars-active\" style=\"width: 0px;\">\n            <div class=\"kksr-star\" style=\"padding-right: 5px\">\n            \n\n<div class=\"kksr-icon\" style=\"width: 30px; height: 30px;\"><\/div>\n        <\/div>\n            <div class=\"kksr-star\" style=\"padding-right: 5px\">\n            \n\n<div class=\"kksr-icon\" style=\"width: 30px; height: 30px;\"><\/div>\n        <\/div>\n            <div class=\"kksr-star\" style=\"padding-right: 5px\">\n            \n\n<div class=\"kksr-icon\" style=\"width: 30px; height: 30px;\"><\/div>\n        <\/div>\n            <div class=\"kksr-star\" style=\"padding-right: 5px\">\n            \n\n<div class=\"kksr-icon\" style=\"width: 30px; height: 30px;\"><\/div>\n        <\/div>\n            <div class=\"kksr-star\" style=\"padding-right: 5px\">\n            \n\n<div class=\"kksr-icon\" style=\"width: 30px; height: 30px;\"><\/div>\n        <\/div>\n    <\/div>\n<\/div>\n                \n\n<div class=\"kksr-legend\" style=\"font-size: 24px;\">\n            <span class=\"kksr-muted\">Rate this page<\/span>\n    <\/div>\n    <\/div>\n<h2>Descubra a emo\u00e7\u00e3o dos resultados do EuroMillions \u00c1ustria<img loading=\"lazy\" decoding=\"async\" class=\"alignright wp-image-268309\" src=\"https:\/\/lottomat.com\/wp-content\/uploads\/2026\/01\/Austrian-EuroMillions-draw.webp\" alt=\"Sorteio do EuroMillions na \u00c1ustria\" width=\"200\" height=\"200\" srcset=\"https:\/\/lottomat.com\/wp-content\/uploads\/2026\/01\/Austrian-EuroMillions-draw.webp 400w, https:\/\/lottomat.com\/wp-content\/uploads\/2026\/01\/Austrian-EuroMillions-draw-300x300.webp 300w, https:\/\/lottomat.com\/wp-content\/uploads\/2026\/01\/Austrian-EuroMillions-draw-150x150.webp 150w, https:\/\/lottomat.com\/wp-content\/uploads\/2026\/01\/Austrian-EuroMillions-draw-100x100.webp 100w\" sizes=\"auto, (max-width: 200px) 100vw, 200px\" \/><\/h2>\n<p>Se voc\u00ea j\u00e1 sonhou em mudar de vida da noite para o dia, o EuroMillions \u00c1ustria \u00e9 a loteria que transforma sonhos em realidade. Com sorteios emocionantes, jackpots que mudam vidas e hist\u00f3rias de vencedores incr\u00edveis, o EuroMillions \u00c1ustria desperta a imagina\u00e7\u00e3o de milh\u00f5es de pessoas em toda a Europa todas as semanas. Seja voc\u00ea um jogador experiente ou esteja apenas pensando em comprar seu primeiro bilhete, acompanhar os resultados e as possibilidades pode despertar uma sensa\u00e7\u00e3o de entusiasmo e esperan\u00e7a. Vamos mergulhar no universo dos resultados do EuroMillions \u00c1ustria, explorar as maiores vit\u00f3rias e ver com que frequ\u00eancia a sorte sorri para os jogadores sortudos!<\/p>\n<h2>Vit\u00f3rias recordes: conhe\u00e7a os maiores vencedores do EuroMillions \u00c1ustria<\/h2>\n<p>Quando se trata de jackpots impressionantes, o EuroMillions \u00c1ustria certamente fez hist\u00f3ria. Essa loteria, como parte do cons\u00f3rcio EuroMillions, oferece regularmente pr\u00eamios que podem alcan\u00e7ar valores extraordin\u00e1rios, \u00e0s vezes ultrapassando 100 milh\u00f5es de euros. Ao longo dos anos, vit\u00f3rias not\u00e1veis aconteceram na \u00c1ustria, mudando para sempre a vida de quem segurava os bilhetes premiados.<img loading=\"lazy\" decoding=\"async\" class=\"alignleft wp-image-268340\" src=\"https:\/\/lottomat.com\/wp-content\/uploads\/2026\/01\/Austrian-EuroMillions-numbers.webp\" alt=\"N\u00fameros do EuroMillions \u00c1ustria\" width=\"200\" height=\"200\" srcset=\"https:\/\/lottomat.com\/wp-content\/uploads\/2026\/01\/Austrian-EuroMillions-numbers.webp 400w, https:\/\/lottomat.com\/wp-content\/uploads\/2026\/01\/Austrian-EuroMillions-numbers-300x300.webp 300w, https:\/\/lottomat.com\/wp-content\/uploads\/2026\/01\/Austrian-EuroMillions-numbers-150x150.webp 150w, https:\/\/lottomat.com\/wp-content\/uploads\/2026\/01\/Austrian-EuroMillions-numbers-100x100.webp 100w\" sizes=\"auto, (max-width: 200px) 100vw, 200px\" \/><\/p>\n<p>Uma das vit\u00f3rias mais famosas na \u00c1ustria ocorreu em agosto de 2020, quando um grupo de colegas de Viena faturou incr\u00edveis 45 milh\u00f5es de euros. A hist\u00f3ria deles virou sensa\u00e7\u00e3o em todo o pa\u00eds \u2013 amigos e familiares comemoraram, e os vencedores mal conseguiam acreditar na pr\u00f3pria sorte. N\u00e3o foi apenas a vit\u00f3ria de uma pessoa, mas de uma equipe cujas vidas foram transformadas em conjunto.<\/p>\n<p>Outro momento inesquec\u00edvel aconteceu em 2018, quando um jogador de Salzburgo acertou os cinco n\u00fameros principais e as duas Lucky Stars, garantindo um jackpot de 30 milh\u00f5es de euros. O vencedor optou por permanecer an\u00f4nimo, mas a imprensa local relatou uma onda de entusiasmo em Salzburgo, com a cidade tomada por especula\u00e7\u00f5es e alegria com a not\u00edcia.<\/p>\n<p>Embora estejam entre as maiores, essas n\u00e3o s\u00e3o as \u00fanicas hist\u00f3rias de fortuna. Em toda a \u00c1ustria, de Graz a Innsbruck, o EuroMillions criou novos milion\u00e1rios, cada um com sua pr\u00f3pria hist\u00f3ria \u00fanica de como um \u00fanico bilhete mudou tudo.<\/p>\n<h2>Com que frequ\u00eancia acontecem vit\u00f3rias no EuroMillions \u00c1ustria?<\/h2>\n<p>Um dos aspectos mais empolgantes do EuroMillions \u00c1ustria \u00e9 a frequ\u00eancia com que <a href=\"https:\/\/lottomat.com\/pt\/lotarias\/euromillions\/\">pr\u00eamios do EuroMillions \u00c1ustria que mudam vidas<\/a> s\u00e3o conquistados. Com dois sorteios por semana \u2013 \u00e0s ter\u00e7as e sextas-feiras \u2013 as oportunidades de ganhar s\u00e3o muitas. De fato, as estat\u00edsticas mostram que os jogadores austr\u00edacos conquistam regularmente pr\u00eamios importantes, tanto no n\u00edvel do jackpot quanto nas faixas secund\u00e1rias de premia\u00e7\u00e3o.<\/p>\n<p>As chances de ganhar qualquer pr\u00eamio no EuroMillions s\u00e3o animadoras, de 1 em 13, o que significa que quase todo sorteio traz uma nova leva de vencedores. Na \u00c1ustria, centenas de milhares de jogadores recebem pr\u00eamios todos os anos, variando de quantias menores em dinheiro a jackpots multimilion\u00e1rios.<img loading=\"lazy\" decoding=\"async\" class=\"alignright wp-image-268370\" src=\"https:\/\/lottomat.com\/wp-content\/uploads\/2026\/01\/EuroMillions-Austria-draw.webp\" alt=\"Sorteio do EuroMillions \u00c1ustria\" width=\"200\" height=\"200\" srcset=\"https:\/\/lottomat.com\/wp-content\/uploads\/2026\/01\/EuroMillions-Austria-draw.webp 400w, https:\/\/lottomat.com\/wp-content\/uploads\/2026\/01\/EuroMillions-Austria-draw-300x300.webp 300w, https:\/\/lottomat.com\/wp-content\/uploads\/2026\/01\/EuroMillions-Austria-draw-150x150.webp 150w, https:\/\/lottomat.com\/wp-content\/uploads\/2026\/01\/EuroMillions-Austria-draw-100x100.webp 100w\" sizes=\"auto, (max-width: 200px) 100vw, 200px\" \/><\/p>\n<p>Ainda mais empolgante \u00e9 que o EuroMillions \u00c1ustria frequentemente acumula, aumentando o jackpot a cada sorteio at\u00e9 que algu\u00e9m acerte todos os n\u00fameros. Isso pode levar a grandes picos na venda de bilhetes e a um clima palp\u00e1vel de expectativa em todo o pa\u00eds \u00e0 medida que o pr\u00eamio cresce cada vez mais.<\/p>\n<p>N\u00e3o s\u00e3o apenas indiv\u00edduos que ganham. Bol\u00f5es \u2013 grupos de amigos, familiares ou colegas \u2013 frequentemente se unem para comprar bilhetes do EuroMillions \u00c1ustria juntos, aumentando suas chances de vit\u00f3ria e, em muitos casos, compartilhando a alegria de um grande pr\u00eamio.<\/p>\n<h2>A alegria e as possibilidades de uma vit\u00f3ria no EuroMillions<\/h2>\n<p>Imagine acordar e descobrir que voc\u00ea \u00e9 o mais novo milion\u00e1rio da \u00c1ustria. As possibilidades s\u00e3o infinitas: viajar pelo mundo, comprar a casa dos seus sonhos, apoiar quem voc\u00ea ama ou investir em um projeto pelo qual sempre foi apaixonado. Para muitos vencedores do EuroMillions \u00c1ustria, a realidade de um grande pr\u00eamio \u00e9 ainda melhor do que imaginaram.<\/p>\n<p>Existem in\u00fameras hist\u00f3rias de vencedores que usaram sua nova fortuna para fazer a diferen\u00e7a \u2013 n\u00e3o apenas em suas pr\u00f3prias vidas, mas tamb\u00e9m em suas comunidades. Alguns fizeram doa\u00e7\u00f5es para institui\u00e7\u00f5es de caridade locais, abriram empresas que criaram empregos ou realizaram sonhos de uma vida inteira. Seja uma aventura espont\u00e2nea ou uma aposentadoria cuidadosamente planejada, a liberdade que vem com uma vit\u00f3ria no EuroMillions \u00e9 realmente extraordin\u00e1ria.<\/p>\n<p>Todas as ter\u00e7as e sextas-feiras, quando os resultados s\u00e3o anunciados, milhares de austr\u00edacos sentem aquele frio na barriga da expectativa. Conferir seus n\u00fameros, imaginar o que voc\u00ea faria se ganhasse e compartilhar a emo\u00e7\u00e3o com amigos e familiares \u2013 tudo isso faz parte da magia que torna o EuroMillions \u00c1ustria t\u00e3o especial.<\/p>\n<h2>Conferindo os resultados do EuroMillions \u00c1ustria: seu primeiro passo para uma nova vida<\/h2>\n<p><img loading=\"lazy\" decoding=\"async\" class=\"alignleft wp-image-268401\" src=\"https:\/\/lottomat.com\/wp-content\/uploads\/2026\/01\/EuroMillions-Austria-results.webp\" alt=\"Resultados do EuroMillions \u00c1ustria\" width=\"200\" height=\"200\" srcset=\"https:\/\/lottomat.com\/wp-content\/uploads\/2026\/01\/EuroMillions-Austria-results.webp 400w, https:\/\/lottomat.com\/wp-content\/uploads\/2026\/01\/EuroMillions-Austria-results-300x300.webp 300w, https:\/\/lottomat.com\/wp-content\/uploads\/2026\/01\/EuroMillions-Austria-results-150x150.webp 150w, https:\/\/lottomat.com\/wp-content\/uploads\/2026\/01\/EuroMillions-Austria-results-100x100.webp 100w\" sizes=\"auto, (max-width: 200px) 100vw, 200px\" \/>Manter-se atualizado com os resultados mais recentes do EuroMillions \u00c1ustria \u00e9 essencial para todo jogador. <a href=\"https:\/\/lottomat.com\/pt\/resultados\/\">Os resultados oficiais da loteria<\/a> s\u00e3o publicados pouco depois de cada sorteio, e conferi-los nunca foi t\u00e3o f\u00e1cil \u2013 seja online, por meio de aplicativos oficiais ou no ponto de venda da loteria mais pr\u00f3ximo. Quando os n\u00fameros vencedores s\u00e3o revelados, os cora\u00e7\u00f5es aceleram e as esperan\u00e7as se renovam, enquanto jogadores de toda a \u00c1ustria aguardam para ver se s\u00e3o os pr\u00f3ximos sortudos.<\/p>\n<p>Se voc\u00ea estiver com um bilhete premiado em m\u00e3os, o processo \u00e9 simples. Pr\u00eamios maiores podem ser resgatados na sede da Austrian Lotteries, com total suporte para orient\u00e1-lo em cada etapa. Mesmo que voc\u00ea ganhe um pr\u00eamio menor, poder\u00e1 retirar seu valor em pontos de venda autorizados, tornando cada vit\u00f3ria acess\u00edvel e segura.<\/p>\n<p>Lembre-se: cada sorteio do EuroMillions \u00c1ustria traz novas possibilidades. Mesmo que voc\u00ea n\u00e3o ganhe o jackpot, existem doze faixas diferentes de premia\u00e7\u00e3o, o que significa que milhares de austr\u00edacos comemoram vit\u00f3rias \u2013 grandes e pequenas \u2013 todas as semanas.<\/p>\n<hr \/>\n<p>O EuroMillions \u00c1ustria \u00e9 mais do que apenas um jogo \u2013 \u00e9 uma porta de entrada para sonhos, emo\u00e7\u00e3o e a chance de viver a vida de uma maneira totalmente nova. A cada sorteio, novas hist\u00f3rias s\u00e3o escritas e novos vencedores entram em destaque. Ser\u00e1 que voc\u00ea ser\u00e1 o pr\u00f3ximo a se juntar a eles? <a href=\"https:\/\/lottomat.com\/pt\/jogar\/euromillions-eu\/\">Jogue EuroMillions \u00c1ustria online<\/a>, confira os resultados mais recentes do EuroMillions \u00c1ustria e ouse sonhar grande!<\/p>\n","protected":false},"excerpt":{"rendered":"<p>Descubra a emo\u00e7\u00e3o dos resultados do EuroMillions \u00c1ustria Se voc\u00ea j\u00e1 sonhou em mudar de vida da noite para o dia, o EuroMillions \u00c1ustria \u00e9 a loteria que transforma sonhos em realidade. Com sorteios emocionantes, jackpots que mudam vidas e hist\u00f3rias de vencedores incr\u00edveis, o EuroMillions \u00c1ustria desperta a imagina\u00e7\u00e3o de milh\u00f5es de pessoas em [&hellip;]<\/p>\n","protected":false},"author":11,"featured_media":0,"parent":7442,"menu_order":0,"comment_status":"closed","ping_status":"closed","template":"euromillions-results.php","meta":{"_et_pb_use_builder":"","_et_pb_old_content":"","_et_gb_content_width":"","exclude_from_search":false,"footnotes":""},"class_list":["post-272399","page","type-page","status-publish","hentry"],"yoast_head":"<!-- This site is optimized with the Yoast SEO plugin v23.8 - https:\/\/yoast.com\/wordpress\/plugins\/seo\/ -->\n<title>Resultados e n\u00fameros vencedores do EuroMillions \u00c1ustria \u2013 Lottomat<\/title>\n<meta name=\"description\" content=\"Confira os resultados mais recentes do EuroMillions \u00c1ustria e os n\u00fameros vencedores. Saiba mais sobre os resultados oficiais do sorteio.\" \/>\n<meta name=\"robots\" content=\"index, follow, max-snippet:-1, max-image-preview:large, max-video-preview:-1\" \/>\n<link rel=\"canonical\" href=\"https:\/\/lottomat.com\/pt\/resultados\/euromillions-eu\/\" \/>\n<meta property=\"og:locale\" content=\"pt_PT\" \/>\n<meta property=\"og:type\" content=\"article\" \/>\n<meta property=\"og:title\" content=\"Resultados e n\u00fameros vencedores do EuroMillions \u00c1ustria \u2013 Lottomat\" \/>\n<meta property=\"og:description\" content=\"Confira os resultados mais recentes do EuroMillions \u00c1ustria e os n\u00fameros vencedores. Saiba mais sobre os resultados oficiais do sorteio.\" \/>\n<meta property=\"og:url\" content=\"https:\/\/lottomat.com\/pt\/resultados\/euromillions-eu\/\" \/>\n<meta property=\"og:site_name\" content=\"Lottomat\" \/>\n<meta property=\"article:modified_time\" content=\"2026-03-02T20:44:23+00:00\" \/>\n<meta property=\"og:image\" content=\"https:\/\/lottomat.com\/wp-content\/uploads\/2026\/01\/Austrian-EuroMillions-draw.webp\" \/>\n\t<meta property=\"og:image:width\" content=\"400\" \/>\n\t<meta property=\"og:image:height\" content=\"400\" \/>\n\t<meta property=\"og:image:type\" content=\"image\/webp\" \/>\n<meta name=\"twitter:card\" content=\"summary_large_image\" \/>\n<meta name=\"twitter:label1\" content=\"Est. reading time\" \/>\n\t<meta name=\"twitter:data1\" content=\"6 minutes\" \/>\n<script type=\"application\/ld+json\" class=\"yoast-schema-graph\">{\"@context\":\"https:\/\/schema.org\",\"@graph\":[{\"@type\":\"WebPage\",\"@id\":\"https:\/\/lottomat.com\/pt\/resultados\/euromillions-eu\/\",\"url\":\"https:\/\/lottomat.com\/pt\/resultados\/euromillions-eu\/\",\"name\":\"Resultados e n\u00fameros vencedores do EuroMillions \u00c1ustria \u2013 Lottomat\",\"isPartOf\":{\"@id\":\"https:\/\/lottomat.com\/pt\/#website\"},\"primaryImageOfPage\":{\"@id\":\"https:\/\/lottomat.com\/pt\/resultados\/euromillions-eu\/#primaryimage\"},\"image\":{\"@id\":\"https:\/\/lottomat.com\/pt\/resultados\/euromillions-eu\/#primaryimage\"},\"thumbnailUrl\":\"https:\/\/lottomat.com\/wp-content\/uploads\/2026\/01\/Austrian-EuroMillions-draw.webp\",\"datePublished\":\"2025-05-18T16:34:38+00:00\",\"dateModified\":\"2026-03-02T20:44:23+00:00\",\"description\":\"Confira os resultados mais recentes do EuroMillions \u00c1ustria e os n\u00fameros vencedores. Saiba mais sobre os resultados oficiais do sorteio.\",\"breadcrumb\":{\"@id\":\"https:\/\/lottomat.com\/pt\/resultados\/euromillions-eu\/#breadcrumb\"},\"inLanguage\":\"pt\",\"potentialAction\":[{\"@type\":\"ReadAction\",\"target\":[\"https:\/\/lottomat.com\/pt\/resultados\/euromillions-eu\/\"]}]},{\"@type\":\"ImageObject\",\"inLanguage\":\"pt\",\"@id\":\"https:\/\/lottomat.com\/pt\/resultados\/euromillions-eu\/#primaryimage\",\"url\":\"https:\/\/lottomat.com\/wp-content\/uploads\/2026\/01\/Austrian-EuroMillions-draw.webp\",\"contentUrl\":\"https:\/\/lottomat.com\/wp-content\/uploads\/2026\/01\/Austrian-EuroMillions-draw.webp\"},{\"@type\":\"BreadcrumbList\",\"@id\":\"https:\/\/lottomat.com\/pt\/resultados\/euromillions-eu\/#breadcrumb\",\"itemListElement\":[{\"@type\":\"ListItem\",\"position\":1,\"name\":\"Home\",\"item\":\"https:\/\/lottomat.com\/pt\/\"},{\"@type\":\"ListItem\",\"position\":2,\"name\":\"Resultados da Loteria\",\"item\":\"https:\/\/lottomat.com\/pt\/resultados\/\"},{\"@type\":\"ListItem\",\"position\":3,\"name\":\"Resultados do EuroMillions \u00c1ustria \u2013 n\u00fameros vencedores do EuroMillions UE\"}]},{\"@type\":\"WebSite\",\"@id\":\"https:\/\/lottomat.com\/pt\/#website\",\"url\":\"https:\/\/lottomat.com\/pt\/\",\"name\":\"Lottomat\",\"description\":\"\",\"potentialAction\":[{\"@type\":\"SearchAction\",\"target\":{\"@type\":\"EntryPoint\",\"urlTemplate\":\"https:\/\/lottomat.com\/pt\/?s={search_term_string}\"},\"query-input\":{\"@type\":\"PropertyValueSpecification\",\"valueRequired\":true,\"valueName\":\"search_term_string\"}}],\"inLanguage\":\"pt\"}]}<\/script>\n<!-- \/ Yoast SEO plugin. -->","yoast_head_json":{"title":"Resultados e n\u00fameros vencedores do EuroMillions \u00c1ustria \u2013 Lottomat","description":"Confira os resultados mais recentes do EuroMillions \u00c1ustria e os n\u00fameros vencedores. Saiba mais sobre os resultados oficiais do sorteio.","robots":{"index":"index","follow":"follow","max-snippet":"max-snippet:-1","max-image-preview":"max-image-preview:large","max-video-preview":"max-video-preview:-1"},"canonical":"https:\/\/lottomat.com\/pt\/resultados\/euromillions-eu\/","og_locale":"pt_PT","og_type":"article","og_title":"Resultados e n\u00fameros vencedores do EuroMillions \u00c1ustria \u2013 Lottomat","og_description":"Confira os resultados mais recentes do EuroMillions \u00c1ustria e os n\u00fameros vencedores. Saiba mais sobre os resultados oficiais do sorteio.","og_url":"https:\/\/lottomat.com\/pt\/resultados\/euromillions-eu\/","og_site_name":"Lottomat","article_modified_time":"2026-03-02T20:44:23+00:00","og_image":[{"width":400,"height":400,"url":"https:\/\/lottomat.com\/wp-content\/uploads\/2026\/01\/Austrian-EuroMillions-draw.webp","type":"image\/webp"}],"twitter_card":"summary_large_image","twitter_misc":{"Est. reading time":"6 minutes"},"schema":{"@context":"https:\/\/schema.org","@graph":[{"@type":"WebPage","@id":"https:\/\/lottomat.com\/pt\/resultados\/euromillions-eu\/","url":"https:\/\/lottomat.com\/pt\/resultados\/euromillions-eu\/","name":"Resultados e n\u00fameros vencedores do EuroMillions \u00c1ustria \u2013 Lottomat","isPartOf":{"@id":"https:\/\/lottomat.com\/pt\/#website"},"primaryImageOfPage":{"@id":"https:\/\/lottomat.com\/pt\/resultados\/euromillions-eu\/#primaryimage"},"image":{"@id":"https:\/\/lottomat.com\/pt\/resultados\/euromillions-eu\/#primaryimage"},"thumbnailUrl":"https:\/\/lottomat.com\/wp-content\/uploads\/2026\/01\/Austrian-EuroMillions-draw.webp","datePublished":"2025-05-18T16:34:38+00:00","dateModified":"2026-03-02T20:44:23+00:00","description":"Confira os resultados mais recentes do EuroMillions \u00c1ustria e os n\u00fameros vencedores. Saiba mais sobre os resultados oficiais do sorteio.","breadcrumb":{"@id":"https:\/\/lottomat.com\/pt\/resultados\/euromillions-eu\/#breadcrumb"},"inLanguage":"pt","potentialAction":[{"@type":"ReadAction","target":["https:\/\/lottomat.com\/pt\/resultados\/euromillions-eu\/"]}]},{"@type":"ImageObject","inLanguage":"pt","@id":"https:\/\/lottomat.com\/pt\/resultados\/euromillions-eu\/#primaryimage","url":"https:\/\/lottomat.com\/wp-content\/uploads\/2026\/01\/Austrian-EuroMillions-draw.webp","contentUrl":"https:\/\/lottomat.com\/wp-content\/uploads\/2026\/01\/Austrian-EuroMillions-draw.webp"},{"@type":"BreadcrumbList","@id":"https:\/\/lottomat.com\/pt\/resultados\/euromillions-eu\/#breadcrumb","itemListElement":[{"@type":"ListItem","position":1,"name":"Home","item":"https:\/\/lottomat.com\/pt\/"},{"@type":"ListItem","position":2,"name":"Resultados da Loteria","item":"https:\/\/lottomat.com\/pt\/resultados\/"},{"@type":"ListItem","position":3,"name":"Resultados do EuroMillions \u00c1ustria \u2013 n\u00fameros vencedores do EuroMillions UE"}]},{"@type":"WebSite","@id":"https:\/\/lottomat.com\/pt\/#website","url":"https:\/\/lottomat.com\/pt\/","name":"Lottomat","description":"","potentialAction":[{"@type":"SearchAction","target":{"@type":"EntryPoint","urlTemplate":"https:\/\/lottomat.com\/pt\/?s={search_term_string}"},"query-input":{"@type":"PropertyValueSpecification","valueRequired":true,"valueName":"search_term_string"}}],"inLanguage":"pt"}]}},"_links":{"self":[{"href":"https:\/\/lottomat.com\/pt\/wp-json\/wp\/v2\/pages\/272399","targetHints":{"allow":["GET"]}}],"collection":[{"href":"https:\/\/lottomat.com\/pt\/wp-json\/wp\/v2\/pages"}],"about":[{"href":"https:\/\/lottomat.com\/pt\/wp-json\/wp\/v2\/types\/page"}],"author":[{"embeddable":true,"href":"https:\/\/lottomat.com\/pt\/wp-json\/wp\/v2\/users\/11"}],"replies":[{"embeddable":true,"href":"https:\/\/lottomat.com\/pt\/wp-json\/wp\/v2\/comments?post=272399"}],"version-history":[{"count":2,"href":"https:\/\/lottomat.com\/pt\/wp-json\/wp\/v2\/pages\/272399\/revisions"}],"predecessor-version":[{"id":272406,"href":"https:\/\/lottomat.com\/pt\/wp-json\/wp\/v2\/pages\/272399\/revisions\/272406"}],"up":[{"embeddable":true,"href":"https:\/\/lottomat.com\/pt\/wp-json\/wp\/v2\/pages\/7442"}],"wp:attachment":[{"href":"https:\/\/lottomat.com\/pt\/wp-json\/wp\/v2\/media?parent=272399"}],"curies":[{"name":"wp","href":"https:\/\/api.w.org\/{rel}","templated":true}]}}