{"id":272391,"date":"2025-05-18T16:39:08","date_gmt":"2025-05-18T16:39:08","guid":{"rendered":"https:\/\/lottomat.com\/?page_id=272391"},"modified":"2026-03-02T20:34:13","modified_gmt":"2026-03-02T20:34:13","slug":"euromillions-eu","status":"publish","type":"page","link":"https:\/\/lottomat.com\/pt\/jogar\/euromillions-eu\/","title":{"rendered":"Euromillions EU Online &#8211; bilhetes EuroMillions \u00c1ustria"},"content":{"rendered":"\n\n<div class=\"kk-star-ratings kksr-auto kksr-align-left kksr-valign-top\"\n    data-payload='{&quot;align&quot;:&quot;left&quot;,&quot;id&quot;:&quot;272391&quot;,&quot;slug&quot;:&quot;default&quot;,&quot;valign&quot;:&quot;top&quot;,&quot;ignore&quot;:&quot;&quot;,&quot;reference&quot;:&quot;auto&quot;,&quot;class&quot;:&quot;&quot;,&quot;count&quot;:&quot;0&quot;,&quot;legendonly&quot;:&quot;&quot;,&quot;readonly&quot;:&quot;&quot;,&quot;score&quot;:&quot;0&quot;,&quot;starsonly&quot;:&quot;&quot;,&quot;best&quot;:&quot;5&quot;,&quot;gap&quot;:&quot;5&quot;,&quot;greet&quot;:&quot;Rate this page&quot;,&quot;legend&quot;:&quot;0\\\/5 - (0 votes)&quot;,&quot;size&quot;:&quot;30&quot;,&quot;title&quot;:&quot;Euromillions EU Online - bilhetes EuroMillions \u00c1ustria&quot;,&quot;width&quot;:&quot;0&quot;,&quot;_legend&quot;:&quot;{score}\\\/{best} - ({count} {votes})&quot;,&quot;font_factor&quot;:&quot;1.25&quot;}'>\n            \n<div class=\"kksr-stars\">\n    \n<div class=\"kksr-stars-inactive\">\n            <div class=\"kksr-star\" data-star=\"1\" style=\"padding-right: 5px\">\n            \n\n<div class=\"kksr-icon\" style=\"width: 30px; height: 30px;\"><\/div>\n        <\/div>\n            <div class=\"kksr-star\" data-star=\"2\" style=\"padding-right: 5px\">\n            \n\n<div class=\"kksr-icon\" style=\"width: 30px; height: 30px;\"><\/div>\n        <\/div>\n            <div class=\"kksr-star\" data-star=\"3\" style=\"padding-right: 5px\">\n            \n\n<div class=\"kksr-icon\" style=\"width: 30px; height: 30px;\"><\/div>\n        <\/div>\n            <div class=\"kksr-star\" data-star=\"4\" style=\"padding-right: 5px\">\n            \n\n<div class=\"kksr-icon\" style=\"width: 30px; height: 30px;\"><\/div>\n        <\/div>\n            <div class=\"kksr-star\" data-star=\"5\" style=\"padding-right: 5px\">\n            \n\n<div class=\"kksr-icon\" style=\"width: 30px; height: 30px;\"><\/div>\n        <\/div>\n    <\/div>\n    \n<div class=\"kksr-stars-active\" style=\"width: 0px;\">\n            <div class=\"kksr-star\" style=\"padding-right: 5px\">\n            \n\n<div class=\"kksr-icon\" style=\"width: 30px; height: 30px;\"><\/div>\n        <\/div>\n            <div class=\"kksr-star\" style=\"padding-right: 5px\">\n            \n\n<div class=\"kksr-icon\" style=\"width: 30px; height: 30px;\"><\/div>\n        <\/div>\n            <div class=\"kksr-star\" style=\"padding-right: 5px\">\n            \n\n<div class=\"kksr-icon\" style=\"width: 30px; height: 30px;\"><\/div>\n        <\/div>\n            <div class=\"kksr-star\" style=\"padding-right: 5px\">\n            \n\n<div class=\"kksr-icon\" style=\"width: 30px; height: 30px;\"><\/div>\n        <\/div>\n            <div class=\"kksr-star\" style=\"padding-right: 5px\">\n            \n\n<div class=\"kksr-icon\" style=\"width: 30px; height: 30px;\"><\/div>\n        <\/div>\n    <\/div>\n<\/div>\n                \n\n<div class=\"kksr-legend\" style=\"font-size: 24px;\">\n            <span class=\"kksr-muted\">Rate this page<\/span>\n    <\/div>\n    <\/div>\n<h2>Descubra a emo\u00e7\u00e3o do Euromillions EU &#8211; o jeito austr\u00edaco de conquistar grandes pr\u00eamios<\/h2>\n<p><img loading=\"lazy\" decoding=\"async\" class=\"alignright wp-image-268063\" src=\"https:\/\/lottomat.com\/wp-content\/uploads\/2026\/01\/Austrian-EuroMillions.webp\" alt=\"EuroMillions \u00c1ustria\" width=\"200\" height=\"200\" srcset=\"https:\/\/lottomat.com\/wp-content\/uploads\/2026\/01\/Austrian-EuroMillions.webp 400w, https:\/\/lottomat.com\/wp-content\/uploads\/2026\/01\/Austrian-EuroMillions-300x300.webp 300w, https:\/\/lottomat.com\/wp-content\/uploads\/2026\/01\/Austrian-EuroMillions-150x150.webp 150w, https:\/\/lottomat.com\/wp-content\/uploads\/2026\/01\/Austrian-EuroMillions-100x100.webp 100w\" sizes=\"auto, (max-width: 200px) 100vw, 200px\" \/><\/p>\n<p>Imagine acordar para uma vida em que todos os seus sonhos est\u00e3o ao seu alcance, em que os n\u00fameros escolhidos na noite anterior transformaram o seu futuro para sempre. Essa \u00e9 a emo\u00e7\u00e3o que espera cada participante do <strong>Euromillions EU<\/strong>, tamb\u00e9m conhecido como <strong>EuroMillions \u00c1ustria<\/strong>. Com jackpots que despertam a imagina\u00e7\u00e3o e a empolga\u00e7\u00e3o de milh\u00f5es de jogadores, essa loteria \u00e9 o seu bilhete para um mundo de possibilidades.<\/p>\n<p>O Euromillions EU n\u00e3o \u00e9 apenas mais uma loteria \u2013 \u00e9 uma experi\u00eancia que une jogadores de todo o continente na esperan\u00e7a compartilhada de ganhar o grande pr\u00eamio. A expectativa, a vibra\u00e7\u00e3o da noite do sorteio e a chance de se juntar aos maiores vencedores da Europa \u2013 tudo come\u00e7a com um \u00fanico bilhete.<\/p>\n<h2>O que torna o EuroMillions \u00c1ustria \u00fanico?<\/h2>\n<p>Se voc\u00ea j\u00e1 conhece o fen\u00f4meno global EuroMillions, pode estar se perguntando o que diferencia a vers\u00e3o EU \u2013 especialmente o EuroMillions \u00c1ustria \u2013 da sua vers\u00e3o no Reino Unido. A resposta est\u00e1 nos detalhes, e para os entusiastas de loteria, esses detalhes fazem toda a diferen\u00e7a.<\/p>\n<p><img loading=\"lazy\" decoding=\"async\" class=\"alignleft wp-image-268094\" src=\"https:\/\/lottomat.com\/wp-content\/uploads\/2026\/01\/EuroMillions-Austria-online.webp\" alt=\"EuroMillions \u00c1ustria online\" width=\"200\" height=\"200\" srcset=\"https:\/\/lottomat.com\/wp-content\/uploads\/2026\/01\/EuroMillions-Austria-online.webp 400w, https:\/\/lottomat.com\/wp-content\/uploads\/2026\/01\/EuroMillions-Austria-online-300x300.webp 300w, https:\/\/lottomat.com\/wp-content\/uploads\/2026\/01\/EuroMillions-Austria-online-150x150.webp 150w, https:\/\/lottomat.com\/wp-content\/uploads\/2026\/01\/EuroMillions-Austria-online-100x100.webp 100w\" sizes=\"auto, (max-width: 200px) 100vw, 200px\" \/>O Euromillions EU segue o <a href=\"https:\/\/lottomat.com\/pt\/lotarias\/euromillions\/\">formato cl\u00e1ssico do EuroMillions<\/a>, mas os bilhetes s\u00e3o adquiridos e os pr\u00eamios pagos de acordo com as regras e a tributa\u00e7\u00e3o austr\u00edacas. Isso muitas vezes significa estruturas de pagamento diferentes e, em alguns casos, condi\u00e7\u00f5es fiscais mais favor\u00e1veis para os ganhadores, dependendo do pa\u00eds de resid\u00eancia. Diferentemente da vers\u00e3o do Reino Unido, onde os bilhetes s\u00e3o comprados em libras esterlinas e est\u00e3o sujeitos \u00e0s regulamenta\u00e7\u00f5es brit\u00e2nicas, o EuroMillions \u00c1ustria opera em euros e segue as leis austr\u00edacas de jogos. Isso pode fazer diferen\u00e7a n\u00e3o apenas na forma como voc\u00ea joga, mas tamb\u00e9m no valor que voc\u00ea realmente leva para casa em caso de vit\u00f3ria.<\/p>\n<p>Outra diferen\u00e7a importante \u00e9 a variedade de jogos adicionais e rifas que \u00e0s vezes acompanham os sorteios do EuroMillions UK, como o UK Millionaire Maker. Embora esses sejam exclusivos para participantes do Reino Unido, jogar pelo Euromillions EU significa fazer parte de uma experi\u00eancia verdadeiramente pan-europeia, compartilhando a emo\u00e7\u00e3o com jogadores da \u00c1ustria, Espanha, Fran\u00e7a, Portugal, B\u00e9lgica, Irlanda, Luxemburgo e Su\u00ed\u00e7a. O senso de comunidade e a dimens\u00e3o do jogo transformam cada sorteio em um evento internacional de verdade.<\/p>\n<h2>O ritmo da emo\u00e7\u00e3o \u2013 quando acontecem os sorteios?<\/h2>\n<p>O Euromillions EU mant\u00e9m a emo\u00e7\u00e3o viva com dois sorteios por semana, realizados todas as ter\u00e7as e sextas-feiras \u00e0 noite. Esse ritmo regular significa que a oportunidade de mudar a sua vida nunca est\u00e1 longe \u2013 apenas alguns dias separam cada chance de se tornar o pr\u00f3ximo grande vencedor da Europa. A expectativa cresce ao longo da semana, e cada sorteio representa um novo come\u00e7o, uma nova oportunidade de sorte que pode estar logo ali.<\/p>\n<p>H\u00e1 algo especial em saber que, duas vezes por semana, algu\u00e9m em algum lugar da Europa ver\u00e1 seus n\u00fameros serem sorteados. Por que n\u00e3o voc\u00ea? Com sorteios t\u00e3o frequentes, o Euromillions EU oferece muitas oportunidades para jogar, sonhar e ganhar.<\/p>\n<h2>Por que jogar EuroMillions \u00c1ustria? A alegria de buscar grandes sonhos<\/h2>\n<p>O verdadeiro encanto do Euromillions EU est\u00e1 nas possibilidades de transformar vidas que ele oferece. Os jackpots frequentemente atingem valores impressionantes, \u00e0s vezes ultrapassando 200 milh\u00f5es de euros. Imagine o que voc\u00ea poderia fazer com um pr\u00eamio assim \u2013 viajar pelo mundo, comprar a casa dos seus sonhos, garantir o futuro da sua fam\u00edlia ou apoiar causas importantes para voc\u00ea. O horizonte se amplia, e o \u00fanico limite \u00e9 a sua imagina\u00e7\u00e3o.<\/p>\n<p>Mas al\u00e9m dos grandes pr\u00eamios, h\u00e1 algo profundamente gratificante em fazer parte de uma loteria t\u00e3o lend\u00e1ria. Cada bilhete \u00e9 uma promessa de esperan\u00e7a, um pequeno investimento na cren\u00e7a de que a sorte pode sorrir para voc\u00ea na pr\u00f3xima vez. A expectativa do sorteio, o momento em que seus n\u00fameros s\u00e3o anunciados e a adrenalina que vem em seguida \u2013 \u00e9 uma experi\u00eancia que traz emo\u00e7\u00e3o ao dia a dia.<img loading=\"lazy\" decoding=\"async\" class=\"alignright wp-image-268125\" src=\"https:\/\/lottomat.com\/wp-content\/uploads\/2026\/01\/EuroMillions-Austria-tickets.webp\" alt=\"bilhetes EuroMillions \u00c1ustria\" width=\"200\" height=\"200\" srcset=\"https:\/\/lottomat.com\/wp-content\/uploads\/2026\/01\/EuroMillions-Austria-tickets.webp 400w, https:\/\/lottomat.com\/wp-content\/uploads\/2026\/01\/EuroMillions-Austria-tickets-300x300.webp 300w, https:\/\/lottomat.com\/wp-content\/uploads\/2026\/01\/EuroMillions-Austria-tickets-150x150.webp 150w, https:\/\/lottomat.com\/wp-content\/uploads\/2026\/01\/EuroMillions-Austria-tickets-100x100.webp 100w\" sizes=\"auto, (max-width: 200px) 100vw, 200px\" \/><\/p>\n<p>Para realmente abra\u00e7ar o estilo de vida das loterias, a consist\u00eancia \u00e9 fundamental. Os jogadores mais bem-sucedidos sabem que jogar regularmente \u00e9 o segredo para aumentar suas chances. Cada sorteio perdido \u00e9 uma oportunidade desperdi\u00e7ada, ent\u00e3o transforme isso em um h\u00e1bito \u2013 compre seus bilhetes, escolha seus n\u00fameros, acompanhe os <a href=\"https:\/\/lottomat.com\/pt\/jogar\/euromillions\/\">resultados oficiais do EuroMillions \u00c1ustria<\/a> e continue no jogo. Afinal, voc\u00ea n\u00e3o pode ganhar se n\u00e3o jogar, e nunca se sabe quando ser\u00e1 o seu dia de sorte.<\/p>\n<h2>Mais do que Euromillions \u2013 o mundo espera por voc\u00ea na Lottomat<\/h2>\n<p>Embora o Euromillions EU e sua vers\u00e3o do Reino Unido estejam entre <a href=\"https:\/\/lottomat.com\/pt\/jogar\/\">as loterias mais populares da Europa<\/a>, eles s\u00e3o apenas o come\u00e7o do que \u00e9 poss\u00edvel na Lottomat. Nossa plataforma coloca o mundo das loterias ao seu alcance \u2013 desde o poderoso Powerball e o <a href=\"https:\/\/lottomat.com\/pt\/jogar\/mega-millions\/\">Mega Millions<\/a> nos Estados Unidos, at\u00e9 o italiano <a href=\"https:\/\/lottomat.com\/pt\/jogar\/superenalotto\/\">SuperEnalotto<\/a>, o El Gordo da Espanha e muitos outros. Cada loteria tem seu pr\u00f3prio estilo, probabilidades e valores de jackpot, oferecendo in\u00fameras maneiras de jogar e ganhar.<\/p>\n<p>Jogar em v\u00e1rias loterias \u00e9 uma estrat\u00e9gia adotada por muitos jogadores experientes. Ao diversificar suas apostas em diferentes jogos, voc\u00ea n\u00e3o apenas amplia seus horizontes, mas tamb\u00e9m aumenta significativamente suas chances de conquistar um grande pr\u00eamio. Cada bilhete \u00e9 uma nova oportunidade, cada sorteio \u00e9 uma nova aventura. Na Lottomat, voc\u00ea tem a liberdade de explorar, experimentar e encontrar os jogos que mais combinam com o seu entusiasmo.<\/p>\n<p>O mundo das loterias est\u00e1 cheio de hist\u00f3rias \u2013 de pessoas comuns cujas vidas mudaram em um instante, de sonhos realizados e destinos reescritos. A cada bilhete comprado, voc\u00ea se junta a essa comunidade global de sonhadores e vencedores. A pr\u00f3xima hist\u00f3ria pode ser a sua.<\/p>\n<h2>Sua jornada rumo \u00e0 fortuna come\u00e7a aqui<\/h2>\n<p><img loading=\"lazy\" decoding=\"async\" class=\"alignleft wp-image-268155\" src=\"https:\/\/lottomat.com\/wp-content\/uploads\/2026\/01\/play-EuroMillions-Austria.webp\" alt=\"jogue EuroMillions \u00c1ustria\" width=\"200\" height=\"200\" srcset=\"https:\/\/lottomat.com\/wp-content\/uploads\/2026\/01\/play-EuroMillions-Austria.webp 400w, https:\/\/lottomat.com\/wp-content\/uploads\/2026\/01\/play-EuroMillions-Austria-300x300.webp 300w, https:\/\/lottomat.com\/wp-content\/uploads\/2026\/01\/play-EuroMillions-Austria-150x150.webp 150w, https:\/\/lottomat.com\/wp-content\/uploads\/2026\/01\/play-EuroMillions-Austria-100x100.webp 100w\" sizes=\"auto, (max-width: 200px) 100vw, 200px\" \/>O Euromillions EU \u00e9 mais do que um simples jogo \u2013 \u00e9 uma porta de entrada para um futuro mais brilhante. A emo\u00e7\u00e3o da expectativa, a alegria das possibilidades e a chance de se tornar um dos maiores vencedores da Europa est\u00e3o ao seu alcance. Seja voc\u00ea um jogador de primeira viagem ou um f\u00e3 experiente de loterias, n\u00e3o h\u00e1 momento melhor para participar.<\/p>\n<p>Lembre-se: a chave para ganhar \u00e9 participar. Quanto mais voc\u00ea joga, maiores s\u00e3o suas chances de se juntar ao grupo de sortudos que viram suas vidas transformadas por um \u00fanico bilhete. N\u00e3o deixe que mais um sorteio passe \u2013 aproveite sua chance, viva a emo\u00e7\u00e3o e deixe o Euromillions EU abrir as portas da vida com a qual voc\u00ea sempre sonhou.<\/p>\n<p>E se voc\u00ea quer aumentar ainda mais suas chances, explore a ampla sele\u00e7\u00e3o de loterias internacionais na Lottomat. Cada jogo \u00e9 uma nova possibilidade, um novo horizonte e um novo motivo para acreditar que a sorte favorece os ousados. Sua aventura come\u00e7a agora \u2013 voc\u00ea est\u00e1 pronto para jogar?<\/p>\n","protected":false},"excerpt":{"rendered":"<p>Descubra a emo\u00e7\u00e3o do Euromillions EU &#8211; o jeito austr\u00edaco de conquistar grandes pr\u00eamios Imagine acordar para uma vida em que todos os seus sonhos est\u00e3o ao seu alcance, em que os n\u00fameros escolhidos na noite anterior transformaram o seu futuro para sempre. Essa \u00e9 a emo\u00e7\u00e3o que espera cada participante do Euromillions EU, tamb\u00e9m [&hellip;]<\/p>\n","protected":false},"author":11,"featured_media":0,"parent":6788,"menu_order":0,"comment_status":"closed","ping_status":"closed","template":"euromillions-at.php","meta":{"_et_pb_use_builder":"","_et_pb_old_content":"","_et_gb_content_width":"","exclude_from_search":false,"footnotes":""},"class_list":["post-272391","page","type-page","status-publish","hentry"],"yoast_head":"<!-- This site is optimized with the Yoast SEO plugin v23.8 - https:\/\/yoast.com\/wordpress\/plugins\/seo\/ -->\n<title>EuroMillions \u00c1ustria Online - Compre bilhetes - Lottomat<\/title>\n<meta name=\"description\" content=\"Jogue EuroMillions \u00c1ustria online na Lottomat. Aqui voc\u00ea pode comprar bilhetes EuroMillions \u00c1ustria online para o pr\u00f3ximo sorteio. Participe agora!\" \/>\n<meta name=\"robots\" content=\"index, follow, max-snippet:-1, max-image-preview:large, max-video-preview:-1\" \/>\n<link rel=\"canonical\" href=\"https:\/\/lottomat.com\/pt\/jogar\/euromillions-eu\/\" \/>\n<meta property=\"og:locale\" content=\"pt_PT\" \/>\n<meta property=\"og:type\" content=\"article\" \/>\n<meta property=\"og:title\" content=\"EuroMillions \u00c1ustria Online - Compre bilhetes - Lottomat\" \/>\n<meta property=\"og:description\" content=\"Jogue EuroMillions \u00c1ustria online na Lottomat. Aqui voc\u00ea pode comprar bilhetes EuroMillions \u00c1ustria online para o pr\u00f3ximo sorteio. Participe agora!\" \/>\n<meta property=\"og:url\" content=\"https:\/\/lottomat.com\/pt\/jogar\/euromillions-eu\/\" \/>\n<meta property=\"og:site_name\" content=\"Lottomat\" \/>\n<meta property=\"article:modified_time\" content=\"2026-03-02T20:34:13+00:00\" \/>\n<meta property=\"og:image\" content=\"https:\/\/lottomat.com\/wp-content\/uploads\/2026\/01\/Austrian-EuroMillions.webp\" \/>\n\t<meta property=\"og:image:width\" content=\"400\" \/>\n\t<meta property=\"og:image:height\" content=\"400\" \/>\n\t<meta property=\"og:image:type\" content=\"image\/webp\" \/>\n<meta name=\"twitter:card\" content=\"summary_large_image\" \/>\n<meta name=\"twitter:label1\" content=\"Est. reading time\" \/>\n\t<meta name=\"twitter:data1\" content=\"6 minutes\" \/>\n<script type=\"application\/ld+json\" class=\"yoast-schema-graph\">{\"@context\":\"https:\/\/schema.org\",\"@graph\":[{\"@type\":\"WebPage\",\"@id\":\"https:\/\/lottomat.com\/pt\/jogar\/euromillions-eu\/\",\"url\":\"https:\/\/lottomat.com\/pt\/jogar\/euromillions-eu\/\",\"name\":\"EuroMillions \u00c1ustria Online - Compre bilhetes - Lottomat\",\"isPartOf\":{\"@id\":\"https:\/\/lottomat.com\/pt\/#website\"},\"primaryImageOfPage\":{\"@id\":\"https:\/\/lottomat.com\/pt\/jogar\/euromillions-eu\/#primaryimage\"},\"image\":{\"@id\":\"https:\/\/lottomat.com\/pt\/jogar\/euromillions-eu\/#primaryimage\"},\"thumbnailUrl\":\"https:\/\/lottomat.com\/wp-content\/uploads\/2026\/01\/Austrian-EuroMillions.webp\",\"datePublished\":\"2025-05-18T16:39:08+00:00\",\"dateModified\":\"2026-03-02T20:34:13+00:00\",\"description\":\"Jogue EuroMillions \u00c1ustria online na Lottomat. Aqui voc\u00ea pode comprar bilhetes EuroMillions \u00c1ustria online para o pr\u00f3ximo sorteio. Participe agora!\",\"breadcrumb\":{\"@id\":\"https:\/\/lottomat.com\/pt\/jogar\/euromillions-eu\/#breadcrumb\"},\"inLanguage\":\"pt\",\"potentialAction\":[{\"@type\":\"ReadAction\",\"target\":[\"https:\/\/lottomat.com\/pt\/jogar\/euromillions-eu\/\"]}]},{\"@type\":\"ImageObject\",\"inLanguage\":\"pt\",\"@id\":\"https:\/\/lottomat.com\/pt\/jogar\/euromillions-eu\/#primaryimage\",\"url\":\"https:\/\/lottomat.com\/wp-content\/uploads\/2026\/01\/Austrian-EuroMillions.webp\",\"contentUrl\":\"https:\/\/lottomat.com\/wp-content\/uploads\/2026\/01\/Austrian-EuroMillions.webp\"},{\"@type\":\"BreadcrumbList\",\"@id\":\"https:\/\/lottomat.com\/pt\/jogar\/euromillions-eu\/#breadcrumb\",\"itemListElement\":[{\"@type\":\"ListItem\",\"position\":1,\"name\":\"Home\",\"item\":\"https:\/\/lottomat.com\/pt\/\"},{\"@type\":\"ListItem\",\"position\":2,\"name\":\"Apostar na loteria\",\"item\":\"https:\/\/lottomat.com\/pt\/jogar\/\"},{\"@type\":\"ListItem\",\"position\":3,\"name\":\"Euromillions EU Online &#8211; bilhetes EuroMillions \u00c1ustria\"}]},{\"@type\":\"WebSite\",\"@id\":\"https:\/\/lottomat.com\/pt\/#website\",\"url\":\"https:\/\/lottomat.com\/pt\/\",\"name\":\"Lottomat\",\"description\":\"\",\"potentialAction\":[{\"@type\":\"SearchAction\",\"target\":{\"@type\":\"EntryPoint\",\"urlTemplate\":\"https:\/\/lottomat.com\/pt\/?s={search_term_string}\"},\"query-input\":{\"@type\":\"PropertyValueSpecification\",\"valueRequired\":true,\"valueName\":\"search_term_string\"}}],\"inLanguage\":\"pt\"}]}<\/script>\n<!-- \/ Yoast SEO plugin. -->","yoast_head_json":{"title":"EuroMillions \u00c1ustria Online - Compre bilhetes - Lottomat","description":"Jogue EuroMillions \u00c1ustria online na Lottomat. Aqui voc\u00ea pode comprar bilhetes EuroMillions \u00c1ustria online para o pr\u00f3ximo sorteio. Participe agora!","robots":{"index":"index","follow":"follow","max-snippet":"max-snippet:-1","max-image-preview":"max-image-preview:large","max-video-preview":"max-video-preview:-1"},"canonical":"https:\/\/lottomat.com\/pt\/jogar\/euromillions-eu\/","og_locale":"pt_PT","og_type":"article","og_title":"EuroMillions \u00c1ustria Online - Compre bilhetes - Lottomat","og_description":"Jogue EuroMillions \u00c1ustria online na Lottomat. Aqui voc\u00ea pode comprar bilhetes EuroMillions \u00c1ustria online para o pr\u00f3ximo sorteio. Participe agora!","og_url":"https:\/\/lottomat.com\/pt\/jogar\/euromillions-eu\/","og_site_name":"Lottomat","article_modified_time":"2026-03-02T20:34:13+00:00","og_image":[{"width":400,"height":400,"url":"https:\/\/lottomat.com\/wp-content\/uploads\/2026\/01\/Austrian-EuroMillions.webp","type":"image\/webp"}],"twitter_card":"summary_large_image","twitter_misc":{"Est. reading time":"6 minutes"},"schema":{"@context":"https:\/\/schema.org","@graph":[{"@type":"WebPage","@id":"https:\/\/lottomat.com\/pt\/jogar\/euromillions-eu\/","url":"https:\/\/lottomat.com\/pt\/jogar\/euromillions-eu\/","name":"EuroMillions \u00c1ustria Online - Compre bilhetes - Lottomat","isPartOf":{"@id":"https:\/\/lottomat.com\/pt\/#website"},"primaryImageOfPage":{"@id":"https:\/\/lottomat.com\/pt\/jogar\/euromillions-eu\/#primaryimage"},"image":{"@id":"https:\/\/lottomat.com\/pt\/jogar\/euromillions-eu\/#primaryimage"},"thumbnailUrl":"https:\/\/lottomat.com\/wp-content\/uploads\/2026\/01\/Austrian-EuroMillions.webp","datePublished":"2025-05-18T16:39:08+00:00","dateModified":"2026-03-02T20:34:13+00:00","description":"Jogue EuroMillions \u00c1ustria online na Lottomat. Aqui voc\u00ea pode comprar bilhetes EuroMillions \u00c1ustria online para o pr\u00f3ximo sorteio. Participe agora!","breadcrumb":{"@id":"https:\/\/lottomat.com\/pt\/jogar\/euromillions-eu\/#breadcrumb"},"inLanguage":"pt","potentialAction":[{"@type":"ReadAction","target":["https:\/\/lottomat.com\/pt\/jogar\/euromillions-eu\/"]}]},{"@type":"ImageObject","inLanguage":"pt","@id":"https:\/\/lottomat.com\/pt\/jogar\/euromillions-eu\/#primaryimage","url":"https:\/\/lottomat.com\/wp-content\/uploads\/2026\/01\/Austrian-EuroMillions.webp","contentUrl":"https:\/\/lottomat.com\/wp-content\/uploads\/2026\/01\/Austrian-EuroMillions.webp"},{"@type":"BreadcrumbList","@id":"https:\/\/lottomat.com\/pt\/jogar\/euromillions-eu\/#breadcrumb","itemListElement":[{"@type":"ListItem","position":1,"name":"Home","item":"https:\/\/lottomat.com\/pt\/"},{"@type":"ListItem","position":2,"name":"Apostar na loteria","item":"https:\/\/lottomat.com\/pt\/jogar\/"},{"@type":"ListItem","position":3,"name":"Euromillions EU Online &#8211; bilhetes EuroMillions \u00c1ustria"}]},{"@type":"WebSite","@id":"https:\/\/lottomat.com\/pt\/#website","url":"https:\/\/lottomat.com\/pt\/","name":"Lottomat","description":"","potentialAction":[{"@type":"SearchAction","target":{"@type":"EntryPoint","urlTemplate":"https:\/\/lottomat.com\/pt\/?s={search_term_string}"},"query-input":{"@type":"PropertyValueSpecification","valueRequired":true,"valueName":"search_term_string"}}],"inLanguage":"pt"}]}},"_links":{"self":[{"href":"https:\/\/lottomat.com\/pt\/wp-json\/wp\/v2\/pages\/272391","targetHints":{"allow":["GET"]}}],"collection":[{"href":"https:\/\/lottomat.com\/pt\/wp-json\/wp\/v2\/pages"}],"about":[{"href":"https:\/\/lottomat.com\/pt\/wp-json\/wp\/v2\/types\/page"}],"author":[{"embeddable":true,"href":"https:\/\/lottomat.com\/pt\/wp-json\/wp\/v2\/users\/11"}],"replies":[{"embeddable":true,"href":"https:\/\/lottomat.com\/pt\/wp-json\/wp\/v2\/comments?post=272391"}],"version-history":[{"count":1,"href":"https:\/\/lottomat.com\/pt\/wp-json\/wp\/v2\/pages\/272391\/revisions"}],"predecessor-version":[{"id":272396,"href":"https:\/\/lottomat.com\/pt\/wp-json\/wp\/v2\/pages\/272391\/revisions\/272396"}],"up":[{"embeddable":true,"href":"https:\/\/lottomat.com\/pt\/wp-json\/wp\/v2\/pages\/6788"}],"wp:attachment":[{"href":"https:\/\/lottomat.com\/pt\/wp-json\/wp\/v2\/media?parent=272391"}],"curies":[{"name":"wp","href":"https:\/\/api.w.org\/{rel}","templated":true}]}}