{"id":240481,"date":"2025-04-07T19:25:51","date_gmt":"2025-04-07T19:25:51","guid":{"rendered":"https:\/\/lottomat.net\/resultados\/resultados-da-superenalotto\/"},"modified":"2026-01-01T19:11:33","modified_gmt":"2026-01-01T19:11:33","slug":"superenalotto","status":"publish","type":"page","link":"https:\/\/lottomat.com\/pt\/resultados\/superenalotto\/","title":{"rendered":"Resultados do SuperEnalotto e N\u00fameros Premiados"},"content":{"rendered":"\n\n<div class=\"kk-star-ratings kksr-auto kksr-align-left kksr-valign-top\"\n    data-payload='{&quot;align&quot;:&quot;left&quot;,&quot;id&quot;:&quot;240481&quot;,&quot;slug&quot;:&quot;default&quot;,&quot;valign&quot;:&quot;top&quot;,&quot;ignore&quot;:&quot;&quot;,&quot;reference&quot;:&quot;auto&quot;,&quot;class&quot;:&quot;&quot;,&quot;count&quot;:&quot;0&quot;,&quot;legendonly&quot;:&quot;&quot;,&quot;readonly&quot;:&quot;&quot;,&quot;score&quot;:&quot;0&quot;,&quot;starsonly&quot;:&quot;&quot;,&quot;best&quot;:&quot;5&quot;,&quot;gap&quot;:&quot;5&quot;,&quot;greet&quot;:&quot;Rate this page&quot;,&quot;legend&quot;:&quot;0\\\/5 - (0 votes)&quot;,&quot;size&quot;:&quot;30&quot;,&quot;title&quot;:&quot;Resultados do SuperEnalotto e N\u00fameros Premiados&quot;,&quot;width&quot;:&quot;0&quot;,&quot;_legend&quot;:&quot;{score}\\\/{best} - ({count} {votes})&quot;,&quot;font_factor&quot;:&quot;1.25&quot;}'>\n            \n<div class=\"kksr-stars\">\n    \n<div class=\"kksr-stars-inactive\">\n            <div class=\"kksr-star\" data-star=\"1\" style=\"padding-right: 5px\">\n            \n\n<div class=\"kksr-icon\" style=\"width: 30px; height: 30px;\"><\/div>\n        <\/div>\n            <div class=\"kksr-star\" data-star=\"2\" style=\"padding-right: 5px\">\n            \n\n<div class=\"kksr-icon\" style=\"width: 30px; height: 30px;\"><\/div>\n        <\/div>\n            <div class=\"kksr-star\" data-star=\"3\" style=\"padding-right: 5px\">\n            \n\n<div class=\"kksr-icon\" style=\"width: 30px; height: 30px;\"><\/div>\n        <\/div>\n            <div class=\"kksr-star\" data-star=\"4\" style=\"padding-right: 5px\">\n            \n\n<div class=\"kksr-icon\" style=\"width: 30px; height: 30px;\"><\/div>\n        <\/div>\n            <div class=\"kksr-star\" data-star=\"5\" style=\"padding-right: 5px\">\n            \n\n<div class=\"kksr-icon\" style=\"width: 30px; height: 30px;\"><\/div>\n        <\/div>\n    <\/div>\n    \n<div class=\"kksr-stars-active\" style=\"width: 0px;\">\n            <div class=\"kksr-star\" style=\"padding-right: 5px\">\n            \n\n<div class=\"kksr-icon\" style=\"width: 30px; height: 30px;\"><\/div>\n        <\/div>\n            <div class=\"kksr-star\" style=\"padding-right: 5px\">\n            \n\n<div class=\"kksr-icon\" style=\"width: 30px; height: 30px;\"><\/div>\n        <\/div>\n            <div class=\"kksr-star\" style=\"padding-right: 5px\">\n            \n\n<div class=\"kksr-icon\" style=\"width: 30px; height: 30px;\"><\/div>\n        <\/div>\n            <div class=\"kksr-star\" style=\"padding-right: 5px\">\n            \n\n<div class=\"kksr-icon\" style=\"width: 30px; height: 30px;\"><\/div>\n        <\/div>\n            <div class=\"kksr-star\" style=\"padding-right: 5px\">\n            \n\n<div class=\"kksr-icon\" style=\"width: 30px; height: 30px;\"><\/div>\n        <\/div>\n    <\/div>\n<\/div>\n                \n\n<div class=\"kksr-legend\" style=\"font-size: 24px;\">\n            <span class=\"kksr-muted\">Rate this page<\/span>\n    <\/div>\n    <\/div>\n<p>Acompanhar os resultados do SuperEnalotto de cada sorteio em que seus bilhetes participam certamente ser\u00e1 muito divertido \u2014 especialmente quando voc\u00ea perceber que escolheu os n\u00fameros da sorte. Verifique de forma r\u00e1pida e f\u00e1cil no <a href=\"https:\/\/lottomat.com\/pt\/\">site da LottoMat<\/a> se voc\u00ea conseguiu entrar para o grupo dos milion\u00e1rios, pois publicamos os resultados logo ap\u00f3s o sorteio, e eles v\u00eam diretamente do comunicado oficial do organizador da loteria SuperEnalotto. Pode-se dizer que <a href=\"https:\/\/lottomat.com\/pt\/resultados\/\">nossos resultados de loteria<\/a> s\u00e3o sempre quentes como p\u00e3es rec\u00e9m-sa\u00eddos do forno.<\/p>\n<h2><img loading=\"lazy\" decoding=\"async\" class=\"wp-image-252676 alignleft\" src=\"https:\/\/lottomat.com\/wp-content\/uploads\/2025\/10\/Italian-lottery-numbers-300x300.webp\" alt=\"n\u00fameros da loteria italiana\" width=\"200\" height=\"200\" srcset=\"https:\/\/lottomat.com\/wp-content\/uploads\/2025\/10\/Italian-lottery-numbers-300x300.webp 300w, https:\/\/lottomat.com\/wp-content\/uploads\/2025\/10\/Italian-lottery-numbers-150x150.webp 150w, https:\/\/lottomat.com\/wp-content\/uploads\/2025\/10\/Italian-lottery-numbers-100x100.webp 100w, https:\/\/lottomat.com\/wp-content\/uploads\/2025\/10\/Italian-lottery-numbers.webp 400w\" sizes=\"auto, (max-width: 200px) 100vw, 200px\" \/>Como Verificar os Resultados Atuais do SuperEnalotto?<\/h2>\n<p>\u00c9 realmente f\u00e1cil como um estalo de dedos e incrivelmente r\u00e1pido. <strong>Os resultados do \u00faltimo sorteio est\u00e3o sempre no topo da p\u00e1gina.<\/strong> No entanto, voc\u00ea pode ficar confuso com o n\u00famero b\u00f4nus, o chamado Jolly, que aparece nos resultados \u2014 mas n\u00e3o se preocupe, recebemos os n\u00fameros diretamente do organizador logo ap\u00f3s o sorteio, por isso esse n\u00famero extra, que s\u00f3 pode ser escolhido na It\u00e1lia, tamb\u00e9m \u00e9 exibido. Isso significa que voc\u00ea deve se concentrar apenas nos n\u00fameros principais, j\u00e1 que n\u00e3o participa do sorteio do Jolly. <strong>Os resultados no site da LottoMat s\u00e3o exibidos em uma tabela de f\u00e1cil leitura e muito intuitiva.<\/strong><\/p>\n<h2>Como Verificar os Resultados Arquivados do SuperEnalotto?<\/h2>\n<p>No site da LottoMat, oferecemos a voc\u00ea a possibilidade de consultar resultados antigos. Ao lado dos n\u00fameros sorteados recentemente, h\u00e1 a data do \u00faltimo sorteio. <strong>Se voc\u00ea clicar nessa data, um calend\u00e1rio com sorteios arquivados aparecer\u00e1.<\/strong> Basta escolher a data de seu interesse e verificar os resultados do sorteio anterior do SuperEnalotto. Reunimos os dados dos \u00faltimos 12 meses, e voc\u00ea pode confiar que eles s\u00e3o precisos, confi\u00e1veis e totalmente ver\u00eddicos.<\/p>\n<h2>Como Usar os N\u00fameros Premiados Arquivados do SuperEnalotto?<img loading=\"lazy\" decoding=\"async\" class=\"wp-image-252707 alignright\" src=\"https:\/\/lottomat.com\/wp-content\/uploads\/2025\/10\/Italian-lottery-results-300x300.webp\" alt=\"resultados da loteria italiana\" width=\"200\" height=\"200\" srcset=\"https:\/\/lottomat.com\/wp-content\/uploads\/2025\/10\/Italian-lottery-results-300x300.webp 300w, https:\/\/lottomat.com\/wp-content\/uploads\/2025\/10\/Italian-lottery-results-150x150.webp 150w, https:\/\/lottomat.com\/wp-content\/uploads\/2025\/10\/Italian-lottery-results-100x100.webp 100w, https:\/\/lottomat.com\/wp-content\/uploads\/2025\/10\/Italian-lottery-results.webp 400w\" sizes=\"auto, (max-width: 200px) 100vw, 200px\" \/><\/h2>\n<p>Voc\u00ea sabe por que os sorteios arquivados s\u00e3o \u00fateis? Existem tr\u00eas raz\u00f5es principais. <strong>Primeiramente, eles permitem que voc\u00ea crie sua pr\u00f3pria estrat\u00e9gia \u00fanica<\/strong>, analisando os n\u00fameros sorteados recentemente e avaliando suas chances de ganhar. Em segundo lugar, voc\u00ea pode verificar se j\u00e1 houve uma combina\u00e7\u00e3o premiada de seis n\u00fameros, se haver\u00e1 um jackpot e, al\u00e9m disso, qual foi o pr\u00eamio m\u00e1ximo mais recente, para calcular o poss\u00edvel lucro de uma aposta vencedora. Em terceiro lugar, voc\u00ea pode ver quantos vencedores o SuperEnalotto teve e quais pr\u00eamios ganharam, mesmo que n\u00e3o tenham acertado todos os n\u00fameros \u2014 e sempre h\u00e1 centenas de milhares de ganhadores! Tudo o que voc\u00ea precisa fazer \u00e9 comprar seus bilhetes e mudar sua vida radicalmente! E lembre-se: cada bilhete o aproxima da vit\u00f3ria no <a href=\"https:\/\/lottomat.com\/pt\/jogar\/superenalotto\/\">SuperEnalotto online<\/a>.<\/p>\n<h2>Quais S\u00e3o os N\u00fameros Mais Sorteados no SuperEnalotto?<\/h2>\n<p>De acordo com a an\u00e1lise estat\u00edstica dos sorteios do SuperEnalotto desde 1997, <strong>os 10 n\u00fameros mais frequentemente sorteados s\u00e3o 90, 85, 77, 86, 82, 55, 88, 80, 87 e 79.<\/strong> Esses n\u00fameros s\u00e3o frequentemente chamados de \u201cn\u00fameros quentes\u201d entre os jogadores de loteria, devido \u00e0 sua recorr\u00eancia nas combina\u00e7\u00f5es vencedoras. O n\u00famero 90 ocupa o primeiro lugar, tendo sido sorteado centenas de vezes ao longo da hist\u00f3ria do jogo. Os jogadores costumam usar esses dados estat\u00edsticos para formular suas estrat\u00e9gias de escolha de n\u00fameros, embora seja importante lembrar que cada sorteio \u00e9 independente e que resultados passados n\u00e3o influenciam sorteios futuros.<\/p>\n<h2><img loading=\"lazy\" decoding=\"async\" class=\"wp-image-252737 alignleft\" src=\"https:\/\/lottomat.com\/wp-content\/uploads\/2025\/10\/SuperEnalotto-results-300x300.webp\" alt=\"resultados do SuperEnalotto\" width=\"200\" height=\"200\" srcset=\"https:\/\/lottomat.com\/wp-content\/uploads\/2025\/10\/SuperEnalotto-results-300x300.webp 300w, https:\/\/lottomat.com\/wp-content\/uploads\/2025\/10\/SuperEnalotto-results-150x150.webp 150w, https:\/\/lottomat.com\/wp-content\/uploads\/2025\/10\/SuperEnalotto-results-100x100.webp 100w, https:\/\/lottomat.com\/wp-content\/uploads\/2025\/10\/SuperEnalotto-results.webp 400w\" sizes=\"auto, (max-width: 200px) 100vw, 200px\" \/>Quais S\u00e3o os N\u00fameros Menos Sorteados no SuperEnalotto?<\/h2>\n<p>Por outro lado, o SuperEnalotto tem alguns \u201cn\u00fameros frios\u201d que aparecem com menos frequ\u00eancia nos sorteios. <strong>Os 10 n\u00fameros menos sorteados geralmente incluem n\u00fameros menores, como 1, 2, 3, 4, 5, 6, 7, 8, 9 e 10<\/strong>, embora isso possa variar dependendo do per\u00edodo analisado. Esses n\u00fameros frios aparecem com menos frequ\u00eancia nas combina\u00e7\u00f5es vencedoras em compara\u00e7\u00e3o com os n\u00fameros quentes. Alguns entusiastas acreditam que os n\u00fameros frios est\u00e3o \u201cna vez\u201d de serem sorteados, enquanto outros preferem manter-se fi\u00e9is aos n\u00fameros quentes, que j\u00e1 demonstraram sua frequ\u00eancia. Compreender os padr\u00f5es de n\u00fameros quentes e frios pode ajudar os jogadores a desenvolver suas pr\u00f3prias estrat\u00e9gias de jogo.<\/p>\n<h2>\u00c9 Poss\u00edvel Prever os Resultados do SuperEnalotto?<\/h2>\n<p>Apesar das extensas an\u00e1lises estat\u00edsticas dispon\u00edveis para o SuperEnalotto, \u00e9 essencial entender que <strong>os resultados da loteria n\u00e3o podem ser previstos com precis\u00e3o.<\/strong> Cada sorteio do SuperEnalotto \u00e9 completamente aleat\u00f3rio e independente dos resultados anteriores. Embora estudar n\u00fameros quentes e frios, gr\u00e1ficos de frequ\u00eancia e padr\u00f5es hist\u00f3ricos possa ser interessante e ajudar na escolha dos n\u00fameros, essas estat\u00edsticas n\u00e3o garantem sucesso futuro. A loteria usa sistemas sofisticados de gera\u00e7\u00e3o aleat\u00f3ria de n\u00fameros que garantem que cada n\u00famero de 1 a 90 tenha a mesma chance de ser sorteado. A probabilidade matem\u00e1tica permanece constante, independentemente dos resultados anteriores \u2014 isso \u00e9 conhecido como a \u201cfal\u00e1cia do jogador\u201d, quando as pessoas acreditam erroneamente que os resultados passados influenciam os futuros. Matem\u00e1ticos e estat\u00edsticos profissionais refor\u00e7am constantemente que jogos como o SuperEnalotto s\u00e3o baseados puramente na sorte. <strong>A melhor abordagem \u00e9 jogar com responsabilidade, dentro de suas possibilidades e por divers\u00e3o, e n\u00e3o como uma estrat\u00e9gia de investimento.<\/strong><\/p>\n<h2>Como Verificar os Resultados do Sorteio de Ontem do SuperEnalotto?<img loading=\"lazy\" decoding=\"async\" class=\"wp-image-252767 alignright\" src=\"https:\/\/lottomat.com\/wp-content\/uploads\/2025\/10\/SuperEnalotto-winning-numbers-300x300.webp\" alt=\"n\u00fameros premiados do SuperEnalotto\" width=\"200\" height=\"200\" srcset=\"https:\/\/lottomat.com\/wp-content\/uploads\/2025\/10\/SuperEnalotto-winning-numbers-300x300.webp 300w, https:\/\/lottomat.com\/wp-content\/uploads\/2025\/10\/SuperEnalotto-winning-numbers-150x150.webp 150w, https:\/\/lottomat.com\/wp-content\/uploads\/2025\/10\/SuperEnalotto-winning-numbers-100x100.webp 100w, https:\/\/lottomat.com\/wp-content\/uploads\/2025\/10\/SuperEnalotto-winning-numbers.webp 400w\" sizes=\"auto, (max-width: 200px) 100vw, 200px\" \/><\/h2>\n<p>Verificar os resultados de ontem do SuperEnalotto no site da LottoMat \u00e9 simples e conveniente. Nossa plataforma mant\u00e9m um arquivo completo de todos os sorteios recentes, tornando f\u00e1cil o acesso aos resultados de ontem, da semana passada ou at\u00e9 do m\u00eas passado. <strong>Seja para conferir os resultados mais recentes de hoje ou para verificar n\u00fameros de sorteios anteriores, o LottoMat fornece informa\u00e7\u00f5es confi\u00e1veis e precisas sobre a loteria italiana.<\/strong> Basta acessar a se\u00e7\u00e3o de resultados, onde voc\u00ea encontrar\u00e1 uma lista cronol\u00f3gica de todos os sorteios recentes do SuperEnalotto. Cada registro inclui os seis principais n\u00fameros premiados, o n\u00famero Jolly e o n\u00famero SuperStar, quando aplic\u00e1vel. Voc\u00ea pode clicar em qualquer data para visualizar informa\u00e7\u00f5es detalhadas sobre aquele sorteio, incluindo a distribui\u00e7\u00e3o dos pr\u00eamios e as estat\u00edsticas dos ganhadores. Lembre-se que, no LottoMat, <strong>n\u00e3o importa se voc\u00ea est\u00e1 procurando os resultados de hoje, os n\u00fameros de ontem ou os sorteios de semanas atr\u00e1s \u2014 voc\u00ea sempre encontrar\u00e1 resultados aut\u00eanticos da loteria italiana<\/strong> em que pode confiar completamente.<\/p>\n<h2>Quantas Pessoas Ganharam no \u00daltimo Sorteio do SuperEnalotto?<\/h2>\n<p>Cada sorteio do SuperEnalotto gera v\u00e1rios vencedores em diferentes <a href=\"https:\/\/lottomat.com\/pt\/lotarias\/superenalotto\/\">n\u00edveis de pr\u00eamios do SuperEnalotto<\/a>, n\u00e3o apenas o ganhador do jackpot. <strong>Nossa tabela detalhada de distribui\u00e7\u00e3o de pr\u00eamios fornece informa\u00e7\u00f5es completas sobre o n\u00famero de ganhadores em cada categoria e os valores que receberam.<\/strong> Esses dados valiosos ajudam os jogadores a entender as diversas formas de ganhar no SuperEnalotto, al\u00e9m de acertar todos os seis n\u00fameros. Normalmente, <strong>milhares de jogadores ganham pr\u00eamios em cada sorteio do SuperEnalotto, em todos os n\u00edveis<\/strong>, sendo que a maioria ganha valores menores por acertar 2 ou 3 n\u00fameros. Essas informa\u00e7\u00f5es s\u00e3o atualizadas imediatamente ap\u00f3s cada sorteio e garantem transpar\u00eancia na distribui\u00e7\u00e3o dos pr\u00eamios, ajudando os jogadores a compreender seus ganhos potenciais em diferentes n\u00edveis de acerto.<\/p>\n","protected":false},"excerpt":{"rendered":"<p>Acompanhar os resultados do SuperEnalotto de cada sorteio em que seus bilhetes participam certamente ser\u00e1 muito divertido \u2014 especialmente quando voc\u00ea perceber que escolheu os n\u00fameros da sorte. Verifique de forma r\u00e1pida e f\u00e1cil no site da LottoMat se voc\u00ea conseguiu entrar para o grupo dos milion\u00e1rios, pois publicamos os resultados logo ap\u00f3s o sorteio, [&hellip;]<\/p>\n","protected":false},"author":1,"featured_media":0,"parent":7442,"menu_order":5,"comment_status":"closed","ping_status":"closed","template":"superenalotto-results.php","meta":{"_et_pb_use_builder":"","_et_pb_old_content":"","_et_gb_content_width":"","exclude_from_search":false,"footnotes":""},"class_list":["post-240481","page","type-page","status-publish","hentry"],"yoast_head":"<!-- This site is optimized with the Yoast SEO plugin v23.8 - https:\/\/yoast.com\/wordpress\/plugins\/seo\/ -->\n<title>Resultados do SuperEnalotto e N\u00fameros Premiados - LottoMat<\/title>\n<meta name=\"description\" content=\"Confira agora os resultados mais recentes do SuperEnalotto! Veja os n\u00fameros premiados de hoje e descubra se voc\u00ea ganhou no sorteio da loteria italiana.\" \/>\n<meta name=\"robots\" content=\"index, follow, max-snippet:-1, max-image-preview:large, max-video-preview:-1\" \/>\n<link rel=\"canonical\" href=\"https:\/\/lottomat.com\/pt\/resultados\/superenalotto\/\" \/>\n<meta property=\"og:locale\" content=\"pt_PT\" \/>\n<meta property=\"og:type\" content=\"article\" \/>\n<meta property=\"og:title\" content=\"Resultados do SuperEnalotto e N\u00fameros Premiados - LottoMat\" \/>\n<meta property=\"og:description\" content=\"Confira agora os resultados mais recentes do SuperEnalotto! Veja os n\u00fameros premiados de hoje e descubra se voc\u00ea ganhou no sorteio da loteria italiana.\" \/>\n<meta property=\"og:url\" content=\"https:\/\/lottomat.com\/pt\/resultados\/superenalotto\/\" \/>\n<meta property=\"og:site_name\" content=\"Lottomat\" \/>\n<meta property=\"article:modified_time\" content=\"2026-01-01T19:11:33+00:00\" \/>\n<meta property=\"og:image\" content=\"https:\/\/lottomat.com\/wp-content\/uploads\/2025\/10\/Italian-lottery-numbers-300x300.webp\" \/>\n<meta name=\"twitter:card\" content=\"summary_large_image\" \/>\n<meta name=\"twitter:label1\" content=\"Est. reading time\" \/>\n\t<meta name=\"twitter:data1\" content=\"6 minutes\" \/>\n<script type=\"application\/ld+json\" class=\"yoast-schema-graph\">{\"@context\":\"https:\/\/schema.org\",\"@graph\":[{\"@type\":\"WebPage\",\"@id\":\"https:\/\/lottomat.com\/pt\/resultados\/superenalotto\/\",\"url\":\"https:\/\/lottomat.com\/pt\/resultados\/superenalotto\/\",\"name\":\"Resultados do SuperEnalotto e N\u00fameros Premiados - LottoMat\",\"isPartOf\":{\"@id\":\"https:\/\/lottomat.com\/pt\/#website\"},\"primaryImageOfPage\":{\"@id\":\"https:\/\/lottomat.com\/pt\/resultados\/superenalotto\/#primaryimage\"},\"image\":{\"@id\":\"https:\/\/lottomat.com\/pt\/resultados\/superenalotto\/#primaryimage\"},\"thumbnailUrl\":\"https:\/\/lottomat.com\/wp-content\/uploads\/2025\/10\/Italian-lottery-numbers-300x300.webp\",\"datePublished\":\"2025-04-07T19:25:51+00:00\",\"dateModified\":\"2026-01-01T19:11:33+00:00\",\"description\":\"Confira agora os resultados mais recentes do SuperEnalotto! Veja os n\u00fameros premiados de hoje e descubra se voc\u00ea ganhou no sorteio da loteria italiana.\",\"breadcrumb\":{\"@id\":\"https:\/\/lottomat.com\/pt\/resultados\/superenalotto\/#breadcrumb\"},\"inLanguage\":\"pt\",\"potentialAction\":[{\"@type\":\"ReadAction\",\"target\":[\"https:\/\/lottomat.com\/pt\/resultados\/superenalotto\/\"]}]},{\"@type\":\"ImageObject\",\"inLanguage\":\"pt\",\"@id\":\"https:\/\/lottomat.com\/pt\/resultados\/superenalotto\/#primaryimage\",\"url\":\"https:\/\/lottomat.com\/wp-content\/uploads\/2025\/10\/Italian-lottery-numbers-300x300.webp\",\"contentUrl\":\"https:\/\/lottomat.com\/wp-content\/uploads\/2025\/10\/Italian-lottery-numbers-300x300.webp\"},{\"@type\":\"BreadcrumbList\",\"@id\":\"https:\/\/lottomat.com\/pt\/resultados\/superenalotto\/#breadcrumb\",\"itemListElement\":[{\"@type\":\"ListItem\",\"position\":1,\"name\":\"Home\",\"item\":\"https:\/\/lottomat.com\/pt\/\"},{\"@type\":\"ListItem\",\"position\":2,\"name\":\"Resultados da Loteria\",\"item\":\"https:\/\/lottomat.com\/pt\/resultados\/\"},{\"@type\":\"ListItem\",\"position\":3,\"name\":\"Resultados do SuperEnalotto e N\u00fameros Premiados\"}]},{\"@type\":\"WebSite\",\"@id\":\"https:\/\/lottomat.com\/pt\/#website\",\"url\":\"https:\/\/lottomat.com\/pt\/\",\"name\":\"Lottomat\",\"description\":\"\",\"potentialAction\":[{\"@type\":\"SearchAction\",\"target\":{\"@type\":\"EntryPoint\",\"urlTemplate\":\"https:\/\/lottomat.com\/pt\/?s={search_term_string}\"},\"query-input\":{\"@type\":\"PropertyValueSpecification\",\"valueRequired\":true,\"valueName\":\"search_term_string\"}}],\"inLanguage\":\"pt\"}]}<\/script>\n<!-- \/ Yoast SEO plugin. -->","yoast_head_json":{"title":"Resultados do SuperEnalotto e N\u00fameros Premiados - LottoMat","description":"Confira agora os resultados mais recentes do SuperEnalotto! Veja os n\u00fameros premiados de hoje e descubra se voc\u00ea ganhou no sorteio da loteria italiana.","robots":{"index":"index","follow":"follow","max-snippet":"max-snippet:-1","max-image-preview":"max-image-preview:large","max-video-preview":"max-video-preview:-1"},"canonical":"https:\/\/lottomat.com\/pt\/resultados\/superenalotto\/","og_locale":"pt_PT","og_type":"article","og_title":"Resultados do SuperEnalotto e N\u00fameros Premiados - LottoMat","og_description":"Confira agora os resultados mais recentes do SuperEnalotto! Veja os n\u00fameros premiados de hoje e descubra se voc\u00ea ganhou no sorteio da loteria italiana.","og_url":"https:\/\/lottomat.com\/pt\/resultados\/superenalotto\/","og_site_name":"Lottomat","article_modified_time":"2026-01-01T19:11:33+00:00","og_image":[{"url":"https:\/\/lottomat.com\/wp-content\/uploads\/2025\/10\/Italian-lottery-numbers-300x300.webp"}],"twitter_card":"summary_large_image","twitter_misc":{"Est. reading time":"6 minutes"},"schema":{"@context":"https:\/\/schema.org","@graph":[{"@type":"WebPage","@id":"https:\/\/lottomat.com\/pt\/resultados\/superenalotto\/","url":"https:\/\/lottomat.com\/pt\/resultados\/superenalotto\/","name":"Resultados do SuperEnalotto e N\u00fameros Premiados - LottoMat","isPartOf":{"@id":"https:\/\/lottomat.com\/pt\/#website"},"primaryImageOfPage":{"@id":"https:\/\/lottomat.com\/pt\/resultados\/superenalotto\/#primaryimage"},"image":{"@id":"https:\/\/lottomat.com\/pt\/resultados\/superenalotto\/#primaryimage"},"thumbnailUrl":"https:\/\/lottomat.com\/wp-content\/uploads\/2025\/10\/Italian-lottery-numbers-300x300.webp","datePublished":"2025-04-07T19:25:51+00:00","dateModified":"2026-01-01T19:11:33+00:00","description":"Confira agora os resultados mais recentes do SuperEnalotto! Veja os n\u00fameros premiados de hoje e descubra se voc\u00ea ganhou no sorteio da loteria italiana.","breadcrumb":{"@id":"https:\/\/lottomat.com\/pt\/resultados\/superenalotto\/#breadcrumb"},"inLanguage":"pt","potentialAction":[{"@type":"ReadAction","target":["https:\/\/lottomat.com\/pt\/resultados\/superenalotto\/"]}]},{"@type":"ImageObject","inLanguage":"pt","@id":"https:\/\/lottomat.com\/pt\/resultados\/superenalotto\/#primaryimage","url":"https:\/\/lottomat.com\/wp-content\/uploads\/2025\/10\/Italian-lottery-numbers-300x300.webp","contentUrl":"https:\/\/lottomat.com\/wp-content\/uploads\/2025\/10\/Italian-lottery-numbers-300x300.webp"},{"@type":"BreadcrumbList","@id":"https:\/\/lottomat.com\/pt\/resultados\/superenalotto\/#breadcrumb","itemListElement":[{"@type":"ListItem","position":1,"name":"Home","item":"https:\/\/lottomat.com\/pt\/"},{"@type":"ListItem","position":2,"name":"Resultados da Loteria","item":"https:\/\/lottomat.com\/pt\/resultados\/"},{"@type":"ListItem","position":3,"name":"Resultados do SuperEnalotto e N\u00fameros Premiados"}]},{"@type":"WebSite","@id":"https:\/\/lottomat.com\/pt\/#website","url":"https:\/\/lottomat.com\/pt\/","name":"Lottomat","description":"","potentialAction":[{"@type":"SearchAction","target":{"@type":"EntryPoint","urlTemplate":"https:\/\/lottomat.com\/pt\/?s={search_term_string}"},"query-input":{"@type":"PropertyValueSpecification","valueRequired":true,"valueName":"search_term_string"}}],"inLanguage":"pt"}]}},"_links":{"self":[{"href":"https:\/\/lottomat.com\/pt\/wp-json\/wp\/v2\/pages\/240481","targetHints":{"allow":["GET"]}}],"collection":[{"href":"https:\/\/lottomat.com\/pt\/wp-json\/wp\/v2\/pages"}],"about":[{"href":"https:\/\/lottomat.com\/pt\/wp-json\/wp\/v2\/types\/page"}],"author":[{"embeddable":true,"href":"https:\/\/lottomat.com\/pt\/wp-json\/wp\/v2\/users\/1"}],"replies":[{"embeddable":true,"href":"https:\/\/lottomat.com\/pt\/wp-json\/wp\/v2\/comments?post=240481"}],"version-history":[{"count":3,"href":"https:\/\/lottomat.com\/pt\/wp-json\/wp\/v2\/pages\/240481\/revisions"}],"predecessor-version":[{"id":263833,"href":"https:\/\/lottomat.com\/pt\/wp-json\/wp\/v2\/pages\/240481\/revisions\/263833"}],"up":[{"embeddable":true,"href":"https:\/\/lottomat.com\/pt\/wp-json\/wp\/v2\/pages\/7442"}],"wp:attachment":[{"href":"https:\/\/lottomat.com\/pt\/wp-json\/wp\/v2\/media?parent=240481"}],"curies":[{"name":"wp","href":"https:\/\/api.w.org\/{rel}","templated":true}]}}