{"id":240480,"date":"2025-04-07T19:24:29","date_gmt":"2025-04-07T19:24:29","guid":{"rendered":"https:\/\/lottomat.net\/resultados\/resultados-da-mega-millions\/"},"modified":"2025-11-11T16:32:01","modified_gmt":"2025-11-11T16:32:01","slug":"resultados-da-mega-millions","status":"publish","type":"page","link":"https:\/\/lottomat.com\/pt\/resultados\/resultados-da-mega-millions\/","title":{"rendered":"Resultados Mega Millions e N\u00fameros Premiados"},"content":{"rendered":"\n\n<div class=\"kk-star-ratings kksr-auto kksr-align-left kksr-valign-top\"\n    data-payload='{&quot;align&quot;:&quot;left&quot;,&quot;id&quot;:&quot;240480&quot;,&quot;slug&quot;:&quot;default&quot;,&quot;valign&quot;:&quot;top&quot;,&quot;ignore&quot;:&quot;&quot;,&quot;reference&quot;:&quot;auto&quot;,&quot;class&quot;:&quot;&quot;,&quot;count&quot;:&quot;0&quot;,&quot;legendonly&quot;:&quot;&quot;,&quot;readonly&quot;:&quot;&quot;,&quot;score&quot;:&quot;0&quot;,&quot;starsonly&quot;:&quot;&quot;,&quot;best&quot;:&quot;5&quot;,&quot;gap&quot;:&quot;5&quot;,&quot;greet&quot;:&quot;Rate this page&quot;,&quot;legend&quot;:&quot;0\\\/5 - (0 votes)&quot;,&quot;size&quot;:&quot;30&quot;,&quot;title&quot;:&quot;Resultados Mega Millions e N\u00fameros Premiados&quot;,&quot;width&quot;:&quot;0&quot;,&quot;_legend&quot;:&quot;{score}\\\/{best} - ({count} {votes})&quot;,&quot;font_factor&quot;:&quot;1.25&quot;}'>\n            \n<div class=\"kksr-stars\">\n    \n<div class=\"kksr-stars-inactive\">\n            <div class=\"kksr-star\" data-star=\"1\" style=\"padding-right: 5px\">\n            \n\n<div class=\"kksr-icon\" style=\"width: 30px; height: 30px;\"><\/div>\n        <\/div>\n            <div class=\"kksr-star\" data-star=\"2\" style=\"padding-right: 5px\">\n            \n\n<div class=\"kksr-icon\" style=\"width: 30px; height: 30px;\"><\/div>\n        <\/div>\n            <div class=\"kksr-star\" data-star=\"3\" style=\"padding-right: 5px\">\n            \n\n<div class=\"kksr-icon\" style=\"width: 30px; height: 30px;\"><\/div>\n        <\/div>\n            <div class=\"kksr-star\" data-star=\"4\" style=\"padding-right: 5px\">\n            \n\n<div class=\"kksr-icon\" style=\"width: 30px; height: 30px;\"><\/div>\n        <\/div>\n            <div class=\"kksr-star\" data-star=\"5\" style=\"padding-right: 5px\">\n            \n\n<div class=\"kksr-icon\" style=\"width: 30px; height: 30px;\"><\/div>\n        <\/div>\n    <\/div>\n    \n<div class=\"kksr-stars-active\" style=\"width: 0px;\">\n            <div class=\"kksr-star\" style=\"padding-right: 5px\">\n            \n\n<div class=\"kksr-icon\" style=\"width: 30px; height: 30px;\"><\/div>\n        <\/div>\n            <div class=\"kksr-star\" style=\"padding-right: 5px\">\n            \n\n<div class=\"kksr-icon\" style=\"width: 30px; height: 30px;\"><\/div>\n        <\/div>\n            <div class=\"kksr-star\" style=\"padding-right: 5px\">\n            \n\n<div class=\"kksr-icon\" style=\"width: 30px; height: 30px;\"><\/div>\n        <\/div>\n            <div class=\"kksr-star\" style=\"padding-right: 5px\">\n            \n\n<div class=\"kksr-icon\" style=\"width: 30px; height: 30px;\"><\/div>\n        <\/div>\n            <div class=\"kksr-star\" style=\"padding-right: 5px\">\n            \n\n<div class=\"kksr-icon\" style=\"width: 30px; height: 30px;\"><\/div>\n        <\/div>\n    <\/div>\n<\/div>\n                \n\n<div class=\"kksr-legend\" style=\"font-size: 24px;\">\n            <span class=\"kksr-muted\">Rate this page<\/span>\n    <\/div>\n    <\/div>\n<p>Os bilhetes do Mega Millions s\u00e3o comprados, os n\u00fameros premiados do Mega Millions s\u00e3o sorteados, e voc\u00ea s\u00f3 precisa se concentrar em planos felizes e sonhos que podem se tornar realidade se voc\u00ea entrar para o grupo dos milion\u00e1rios. N\u00e3o h\u00e1 nada de errado nisso \u2014 todos n\u00f3s temos nossos sonhos. \u00c9 prov\u00e1vel que os pensamentos de todo jogador girem em torno da vit\u00f3ria antes de saber o resultado do sorteio do Mega Millions, e <strong>Mega Millions \u00e9 um jogo que realmente pode oferecer muito<\/strong>.<\/p>\n<h2>\u00c9 Poss\u00edvel Ganhar com os N\u00fameros do Mega Millions?<img loading=\"lazy\" decoding=\"async\" class=\"alignright wp-image-251955\" src=\"https:\/\/lottomat.com\/wp-content\/uploads\/2025\/10\/Mega-Millions-winning-numbers.webp\" alt=\"N\u00fameros premiados do Mega Millions\" width=\"200\" height=\"200\" srcset=\"https:\/\/lottomat.com\/wp-content\/uploads\/2025\/10\/Mega-Millions-winning-numbers.webp 400w, https:\/\/lottomat.com\/wp-content\/uploads\/2025\/10\/Mega-Millions-winning-numbers-300x300.webp 300w, https:\/\/lottomat.com\/wp-content\/uploads\/2025\/10\/Mega-Millions-winning-numbers-150x150.webp 150w, https:\/\/lottomat.com\/wp-content\/uploads\/2025\/10\/Mega-Millions-winning-numbers-100x100.webp 100w\" sizes=\"auto, (max-width: 200px) 100vw, 200px\" \/><\/h2>\n<p>At\u00e9 que voc\u00ea <a href=\"https:\/\/lottomat.com\/pt\/resultados\/\">confira os resultados atuais do sorteio da loteria<\/a>, voc\u00ea pode sonhar, mas apenas o sorteio dos n\u00fameros que escolheu pode transformar esse lindo sonho em realidade. Por isso, n\u00e3o faz sentido esperar \u2014 basta jogar e conferir. Tudo o que voc\u00ea precisa fazer ap\u00f3s o sorteio \u00e9 <a href=\"https:\/\/lottomat.com\/pt\/\">visitar o site da Lottomat<\/a> na p\u00e1gina de resultados do Mega Millions e ver quais n\u00fameros foram sorteados. Se coincidirem com o seu bilhete, isso significa que voc\u00ea est\u00e1 entre os ganhadores de <a href=\"https:\/\/lottomat.com\/pt\/lotarias\/mega-millions\/\">pr\u00eamios e jackpots do Mega Millions<\/a>. <strong>O sorteio do Mega Millions acontece regularmente duas vezes por semana, todas as quartas-feiras e s\u00e1bados \u00e0s 03:00 UTC<\/strong>. Publicamos os resultados atualizados do Mega Millions online logo ap\u00f3s o t\u00e9rmino do sorteio, e eles v\u00eam das informa\u00e7\u00f5es oficiais do organizador, o que os torna 100% verificados e confi\u00e1veis. A \u00fanica coisa que voc\u00ea deve lembrar \u00e9 ajustar o hor\u00e1rio para o seu fuso hor\u00e1rio local.<\/p>\n<h2>Como Verificar os Resultados do Mega Millions de Hoje?<\/h2>\n<p><strong>Os resultados atuais do Mega Millions est\u00e3o dispon\u00edveis no site da Lottomat imediatamente ap\u00f3s cada sorteio<\/strong>. Todos os resultados publicados v\u00eam diretamente de fontes oficiais da loteria, garantindo total precis\u00e3o e confiabilidade. Voc\u00ea pode acessar os n\u00fameros premiados mais recentes visitando nossa p\u00e1gina dedicada aos resultados do Mega Millions. Os resultados s\u00e3o atualizados em tempo real ap\u00f3s cada sorteio, para que voc\u00ea sempre tenha acesso \u00e0s informa\u00e7\u00f5es mais recentes. Basta navegar at\u00e9 a se\u00e7\u00e3o de resultados para descobrir se seus n\u00fameros fizeram de voc\u00ea o pr\u00f3ximo ganhador do Mega Millions.<\/p>\n<h2><img loading=\"lazy\" decoding=\"async\" class=\"alignleft wp-image-251985\" src=\"https:\/\/lottomat.com\/wp-content\/uploads\/2025\/10\/Mega-Millions-results.webp\" alt=\"Resultados do Mega Millions\" width=\"200\" height=\"200\" srcset=\"https:\/\/lottomat.com\/wp-content\/uploads\/2025\/10\/Mega-Millions-results.webp 400w, https:\/\/lottomat.com\/wp-content\/uploads\/2025\/10\/Mega-Millions-results-300x300.webp 300w, https:\/\/lottomat.com\/wp-content\/uploads\/2025\/10\/Mega-Millions-results-150x150.webp 150w, https:\/\/lottomat.com\/wp-content\/uploads\/2025\/10\/Mega-Millions-results-100x100.webp 100w\" sizes=\"auto, (max-width: 200px) 100vw, 200px\" \/>Como Verificar os Resultados Hist\u00f3ricos do Mega Millions e os N\u00fameros Premiados?<\/h2>\n<p>Sabemos o quanto os resultados arquivados das loterias s\u00e3o importantes para muitos de n\u00f3s, j\u00e1 que alguns jogadores baseiam suas estrat\u00e9gias para os pr\u00f3ximos sorteios neles. Para utiliz\u00e1-los, basta acessar nosso calend\u00e1rio de resultados. Ele est\u00e1 dispon\u00edvel no canto superior direito. Ap\u00f3s clicar em uma data, voc\u00ea pode alternar livremente entre outros per\u00edodos. <strong>L\u00e1 voc\u00ea pode verificar os n\u00fameros premiados do Mega Millions sorteados nas \u00faltimas semanas e ver como \u00e9 importante ter uma sele\u00e7\u00e3o diversificada de n\u00fameros nos bilhetes<\/strong>.<\/p>\n<h2>Como Usar o Arquivo de N\u00fameros Premiados do Mega Millions?<\/h2>\n<p>O arquivo hist\u00f3rico dos resultados do Mega Millions serve como uma ferramenta valiosa para jogadores que desejam analisar padr\u00f5es e desenvolver suas estrat\u00e9gias de jogo. Ao examinar sorteios anteriores, voc\u00ea pode identificar tend\u00eancias na frequ\u00eancia dos n\u00fameros e tomar decis\u00f5es mais informadas sobre suas escolhas. <strong>O arquivo permite rastrear quais n\u00fameros apareceram juntos com frequ\u00eancia, ajudando voc\u00ea a entender os padr\u00f5es do jogo ao longo do tempo<\/strong>. Muitos jogadores bem-sucedidos usam esses dados hist\u00f3ricos para criar abordagens sistem\u00e1ticas na escolha de n\u00fameros, embora seja importante lembrar que cada sorteio \u00e9 independente e aleat\u00f3rio. O arquivo fornece insights sobre combina\u00e7\u00f5es de n\u00fameros que foram sorteadas v\u00e1rias vezes, dando a voc\u00ea uma base para desenvolver sua pr\u00f3pria metodologia de sele\u00e7\u00e3o. No entanto, o desempenho passado n\u00e3o garante resultados futuros em jogos de loteria.<\/p>\n<h2>Quais S\u00e3o os N\u00fameros Mais Sorteados no Mega Millions?<img loading=\"lazy\" decoding=\"async\" class=\"alignright wp-image-252015\" src=\"https:\/\/lottomat.com\/wp-content\/uploads\/2025\/10\/drawing-results.webp\" alt=\"resultados do sorteio\" width=\"200\" height=\"200\" srcset=\"https:\/\/lottomat.com\/wp-content\/uploads\/2025\/10\/drawing-results.webp 400w, https:\/\/lottomat.com\/wp-content\/uploads\/2025\/10\/drawing-results-300x300.webp 300w, https:\/\/lottomat.com\/wp-content\/uploads\/2025\/10\/drawing-results-150x150.webp 150w, https:\/\/lottomat.com\/wp-content\/uploads\/2025\/10\/drawing-results-100x100.webp 100w\" sizes=\"auto, (max-width: 200px) 100vw, 200px\" \/><\/h2>\n<p>J\u00e1 mencionamos a import\u00e2ncia de preparar uma boa estrat\u00e9gia usando n\u00fameros sorteados anteriormente, mas h\u00e1 tamb\u00e9m um suporte igualmente \u00fatil em forma de estat\u00edsticas sobre determinados n\u00fameros. Acontece que h\u00e1 n\u00fameros que s\u00e3o sorteados com muito mais frequ\u00eancia do que outros. No site da Lottomat, voc\u00ea encontrar\u00e1 todas essas informa\u00e7\u00f5es para cada loteria. <strong>Os n\u00fameros mais sorteados do Mega Millions s\u00e3o: 29, 4, 48 e 36<\/strong>. O n\u00famero 48 j\u00e1 foi sorteado 80 vezes desde 2005. <strong>Quanto \u00e0 Mega Ball, os n\u00fameros mais sorteados s\u00e3o: 35, 9, 36 e 7<\/strong>. Desejamos a voc\u00ea apenas os resultados mais lucrativos do Mega Millions!<\/p>\n<h2>Quais S\u00e3o os N\u00fameros Menos Sorteados no Mega Millions?<\/h2>\n<p>Enquanto alguns n\u00fameros aparecem frequentemente nos sorteios do Mega Millions, outros parecem ser sorteados com menos frequ\u00eancia, o que os jogadores chamam de \u201cn\u00fameros frios\u201d. <strong>Esses n\u00fameros menos sorteados podem ser igualmente valiosos na cria\u00e7\u00e3o de uma estrat\u00e9gia de loteria equilibrada<\/strong>. Alguns jogadores preferem incluir esses n\u00fameros raros em suas sele\u00e7\u00f5es, acreditando que \u201cchegou a vez deles\u201d de aparecer. <strong>Os principais n\u00fameros menos sorteados na hist\u00f3ria do Mega Millions incluem 50, 51, 65, 66 e 67<\/strong>. Esses n\u00fameros foram sorteados significativamente menos vezes em compara\u00e7\u00e3o com os mais frequentes, com alguns aparecendo apenas de 66 a 84 vezes ao longo da hist\u00f3ria do jogo. Entre os n\u00fameros da Mega Ball, certos n\u00fameros como 15 e os de valores mais altos tendem a aparecer com menos frequ\u00eancia nos sorteios recentes. Os n\u00fameros principais menos sorteados historicamente incluem v\u00e1rios n\u00fameros altos dentro da faixa dispon\u00edvel, embora os n\u00fameros espec\u00edficos mudem com o tempo conforme mais sorteios ocorrem. <strong>O n\u00famero 50 se destaca como um dos mais frios, tendo sido sorteado apenas 66 vezes desde o in\u00edcio do jogo<\/strong>. Vale lembrar que, em um sistema verdadeiramente aleat\u00f3rio, todos os n\u00fameros t\u00eam a mesma probabilidade de serem sorteados em qualquer sorteio, independentemente de sua frequ\u00eancia hist\u00f3rica.<\/p>\n<h2><img loading=\"lazy\" decoding=\"async\" class=\"alignleft wp-image-252045\" src=\"https:\/\/lottomat.com\/wp-content\/uploads\/2025\/10\/Mega-Millions-draw.webp\" alt=\"sorteio do Mega Millions\" width=\"200\" height=\"200\" srcset=\"https:\/\/lottomat.com\/wp-content\/uploads\/2025\/10\/Mega-Millions-draw.webp 400w, https:\/\/lottomat.com\/wp-content\/uploads\/2025\/10\/Mega-Millions-draw-300x300.webp 300w, https:\/\/lottomat.com\/wp-content\/uploads\/2025\/10\/Mega-Millions-draw-150x150.webp 150w, https:\/\/lottomat.com\/wp-content\/uploads\/2025\/10\/Mega-Millions-draw-100x100.webp 100w\" sizes=\"auto, (max-width: 200px) 100vw, 200px\" \/>Os Resultados do Mega Millions Podem Ser Previstos?<\/h2>\n<p>A quest\u00e3o de saber se os resultados da loteria podem ser previstos fascina os jogadores h\u00e1 gera\u00e7\u00f5es. <strong>Os sorteios do Mega Millions s\u00e3o realizados usando m\u00e9todos certificados de gera\u00e7\u00e3o de n\u00fameros aleat\u00f3rios, o que torna uma previs\u00e3o real matematicamente imposs\u00edvel<\/strong>. Cada bola tem a mesma chance de ser sorteada em cada concurso, independentemente de quando foi sorteada pela \u00faltima vez. Embora a an\u00e1lise estat\u00edstica de resultados passados possa revelar padr\u00f5es e frequ\u00eancias interessantes, esses padr\u00f5es n\u00e3o podem prever de forma confi\u00e1vel os resultados futuros. A natureza aleat\u00f3ria dos sorteios significa que qualquer combina\u00e7\u00e3o de n\u00fameros tem a mesma probabilidade de ganhar que qualquer outra, seja uma sequ\u00eancia como 1-2-3-4-5 ou uma mistura aparentemente aleat\u00f3ria de n\u00fameros. <strong>A melhor abordagem \u00e9 <a href=\"https:\/\/lottomat.com\/pt\/jogar\/mega-millions\/\">jogar Mega Millions online<\/a> com responsabilidade e lembrar que os jogos de loteria s\u00e3o projetados para serem jogos de sorte, n\u00e3o de habilidade ou previs\u00e3o<\/strong>.<\/p>\n","protected":false},"excerpt":{"rendered":"<p>Os bilhetes do Mega Millions s\u00e3o comprados, os n\u00fameros premiados do Mega Millions s\u00e3o sorteados, e voc\u00ea s\u00f3 precisa se concentrar em planos felizes e sonhos que podem se tornar realidade se voc\u00ea entrar para o grupo dos milion\u00e1rios. N\u00e3o h\u00e1 nada de errado nisso \u2014 todos n\u00f3s temos nossos sonhos. \u00c9 prov\u00e1vel que os [&hellip;]<\/p>\n","protected":false},"author":1,"featured_media":0,"parent":7442,"menu_order":2,"comment_status":"closed","ping_status":"closed","template":"megamillion-results.php","meta":{"_et_pb_use_builder":"","_et_pb_old_content":"","_et_gb_content_width":"","exclude_from_search":false,"footnotes":""},"class_list":["post-240480","page","type-page","status-publish","hentry"],"yoast_head":"<!-- This site is optimized with the Yoast SEO plugin v23.8 - https:\/\/yoast.com\/wordpress\/plugins\/seo\/ -->\n<title>Resultados Mega Millions e N\u00fameros Premiados - LottoMat<\/title>\n<meta name=\"description\" content=\"Confira aqui os resultados mais recentes do Mega Millions e os n\u00fameros premiados. Veja quais n\u00fameros foram sorteados no \u00faltimo concurso do Mega Millions.\" \/>\n<meta name=\"robots\" content=\"index, follow, max-snippet:-1, max-image-preview:large, max-video-preview:-1\" \/>\n<link rel=\"canonical\" href=\"https:\/\/lottomat.com\/pt\/resultados\/resultados-da-mega-millions\/\" \/>\n<meta property=\"og:locale\" content=\"pt_PT\" \/>\n<meta property=\"og:type\" content=\"article\" \/>\n<meta property=\"og:title\" content=\"Resultados Mega Millions e N\u00fameros Premiados - LottoMat\" \/>\n<meta property=\"og:description\" content=\"Confira aqui os resultados mais recentes do Mega Millions e os n\u00fameros premiados. Veja quais n\u00fameros foram sorteados no \u00faltimo concurso do Mega Millions.\" \/>\n<meta property=\"og:url\" content=\"https:\/\/lottomat.com\/pt\/resultados\/resultados-da-mega-millions\/\" \/>\n<meta property=\"og:site_name\" content=\"Lottomat\" \/>\n<meta property=\"article:modified_time\" content=\"2025-11-11T16:32:01+00:00\" \/>\n<meta property=\"og:image\" content=\"https:\/\/lottomat.com\/wp-content\/uploads\/2025\/10\/Mega-Millions-winning-numbers.webp\" \/>\n<meta name=\"twitter:card\" content=\"summary_large_image\" \/>\n<meta name=\"twitter:label1\" content=\"Est. reading time\" \/>\n\t<meta name=\"twitter:data1\" content=\"6 minutes\" \/>\n<script type=\"application\/ld+json\" class=\"yoast-schema-graph\">{\"@context\":\"https:\/\/schema.org\",\"@graph\":[{\"@type\":\"WebPage\",\"@id\":\"https:\/\/lottomat.com\/pt\/resultados\/resultados-da-mega-millions\/\",\"url\":\"https:\/\/lottomat.com\/pt\/resultados\/resultados-da-mega-millions\/\",\"name\":\"Resultados Mega Millions e N\u00fameros Premiados - LottoMat\",\"isPartOf\":{\"@id\":\"https:\/\/lottomat.com\/pt\/#website\"},\"primaryImageOfPage\":{\"@id\":\"https:\/\/lottomat.com\/pt\/resultados\/resultados-da-mega-millions\/#primaryimage\"},\"image\":{\"@id\":\"https:\/\/lottomat.com\/pt\/resultados\/resultados-da-mega-millions\/#primaryimage\"},\"thumbnailUrl\":\"https:\/\/lottomat.com\/wp-content\/uploads\/2025\/10\/Mega-Millions-winning-numbers.webp\",\"datePublished\":\"2025-04-07T19:24:29+00:00\",\"dateModified\":\"2025-11-11T16:32:01+00:00\",\"description\":\"Confira aqui os resultados mais recentes do Mega Millions e os n\u00fameros premiados. Veja quais n\u00fameros foram sorteados no \u00faltimo concurso do Mega Millions.\",\"breadcrumb\":{\"@id\":\"https:\/\/lottomat.com\/pt\/resultados\/resultados-da-mega-millions\/#breadcrumb\"},\"inLanguage\":\"pt\",\"potentialAction\":[{\"@type\":\"ReadAction\",\"target\":[\"https:\/\/lottomat.com\/pt\/resultados\/resultados-da-mega-millions\/\"]}]},{\"@type\":\"ImageObject\",\"inLanguage\":\"pt\",\"@id\":\"https:\/\/lottomat.com\/pt\/resultados\/resultados-da-mega-millions\/#primaryimage\",\"url\":\"https:\/\/lottomat.com\/wp-content\/uploads\/2025\/10\/Mega-Millions-winning-numbers.webp\",\"contentUrl\":\"https:\/\/lottomat.com\/wp-content\/uploads\/2025\/10\/Mega-Millions-winning-numbers.webp\"},{\"@type\":\"BreadcrumbList\",\"@id\":\"https:\/\/lottomat.com\/pt\/resultados\/resultados-da-mega-millions\/#breadcrumb\",\"itemListElement\":[{\"@type\":\"ListItem\",\"position\":1,\"name\":\"Home\",\"item\":\"https:\/\/lottomat.com\/pt\/\"},{\"@type\":\"ListItem\",\"position\":2,\"name\":\"Resultados da Loteria\",\"item\":\"https:\/\/lottomat.com\/pt\/resultados\/\"},{\"@type\":\"ListItem\",\"position\":3,\"name\":\"Resultados Mega Millions e N\u00fameros Premiados\"}]},{\"@type\":\"WebSite\",\"@id\":\"https:\/\/lottomat.com\/pt\/#website\",\"url\":\"https:\/\/lottomat.com\/pt\/\",\"name\":\"Lottomat\",\"description\":\"\",\"potentialAction\":[{\"@type\":\"SearchAction\",\"target\":{\"@type\":\"EntryPoint\",\"urlTemplate\":\"https:\/\/lottomat.com\/pt\/?s={search_term_string}\"},\"query-input\":{\"@type\":\"PropertyValueSpecification\",\"valueRequired\":true,\"valueName\":\"search_term_string\"}}],\"inLanguage\":\"pt\"}]}<\/script>\n<!-- \/ Yoast SEO plugin. -->","yoast_head_json":{"title":"Resultados Mega Millions e N\u00fameros Premiados - LottoMat","description":"Confira aqui os resultados mais recentes do Mega Millions e os n\u00fameros premiados. Veja quais n\u00fameros foram sorteados no \u00faltimo concurso do Mega Millions.","robots":{"index":"index","follow":"follow","max-snippet":"max-snippet:-1","max-image-preview":"max-image-preview:large","max-video-preview":"max-video-preview:-1"},"canonical":"https:\/\/lottomat.com\/pt\/resultados\/resultados-da-mega-millions\/","og_locale":"pt_PT","og_type":"article","og_title":"Resultados Mega Millions e N\u00fameros Premiados - LottoMat","og_description":"Confira aqui os resultados mais recentes do Mega Millions e os n\u00fameros premiados. Veja quais n\u00fameros foram sorteados no \u00faltimo concurso do Mega Millions.","og_url":"https:\/\/lottomat.com\/pt\/resultados\/resultados-da-mega-millions\/","og_site_name":"Lottomat","article_modified_time":"2025-11-11T16:32:01+00:00","og_image":[{"url":"https:\/\/lottomat.com\/wp-content\/uploads\/2025\/10\/Mega-Millions-winning-numbers.webp"}],"twitter_card":"summary_large_image","twitter_misc":{"Est. reading time":"6 minutes"},"schema":{"@context":"https:\/\/schema.org","@graph":[{"@type":"WebPage","@id":"https:\/\/lottomat.com\/pt\/resultados\/resultados-da-mega-millions\/","url":"https:\/\/lottomat.com\/pt\/resultados\/resultados-da-mega-millions\/","name":"Resultados Mega Millions e N\u00fameros Premiados - LottoMat","isPartOf":{"@id":"https:\/\/lottomat.com\/pt\/#website"},"primaryImageOfPage":{"@id":"https:\/\/lottomat.com\/pt\/resultados\/resultados-da-mega-millions\/#primaryimage"},"image":{"@id":"https:\/\/lottomat.com\/pt\/resultados\/resultados-da-mega-millions\/#primaryimage"},"thumbnailUrl":"https:\/\/lottomat.com\/wp-content\/uploads\/2025\/10\/Mega-Millions-winning-numbers.webp","datePublished":"2025-04-07T19:24:29+00:00","dateModified":"2025-11-11T16:32:01+00:00","description":"Confira aqui os resultados mais recentes do Mega Millions e os n\u00fameros premiados. Veja quais n\u00fameros foram sorteados no \u00faltimo concurso do Mega Millions.","breadcrumb":{"@id":"https:\/\/lottomat.com\/pt\/resultados\/resultados-da-mega-millions\/#breadcrumb"},"inLanguage":"pt","potentialAction":[{"@type":"ReadAction","target":["https:\/\/lottomat.com\/pt\/resultados\/resultados-da-mega-millions\/"]}]},{"@type":"ImageObject","inLanguage":"pt","@id":"https:\/\/lottomat.com\/pt\/resultados\/resultados-da-mega-millions\/#primaryimage","url":"https:\/\/lottomat.com\/wp-content\/uploads\/2025\/10\/Mega-Millions-winning-numbers.webp","contentUrl":"https:\/\/lottomat.com\/wp-content\/uploads\/2025\/10\/Mega-Millions-winning-numbers.webp"},{"@type":"BreadcrumbList","@id":"https:\/\/lottomat.com\/pt\/resultados\/resultados-da-mega-millions\/#breadcrumb","itemListElement":[{"@type":"ListItem","position":1,"name":"Home","item":"https:\/\/lottomat.com\/pt\/"},{"@type":"ListItem","position":2,"name":"Resultados da Loteria","item":"https:\/\/lottomat.com\/pt\/resultados\/"},{"@type":"ListItem","position":3,"name":"Resultados Mega Millions e N\u00fameros Premiados"}]},{"@type":"WebSite","@id":"https:\/\/lottomat.com\/pt\/#website","url":"https:\/\/lottomat.com\/pt\/","name":"Lottomat","description":"","potentialAction":[{"@type":"SearchAction","target":{"@type":"EntryPoint","urlTemplate":"https:\/\/lottomat.com\/pt\/?s={search_term_string}"},"query-input":{"@type":"PropertyValueSpecification","valueRequired":true,"valueName":"search_term_string"}}],"inLanguage":"pt"}]}},"_links":{"self":[{"href":"https:\/\/lottomat.com\/pt\/wp-json\/wp\/v2\/pages\/240480","targetHints":{"allow":["GET"]}}],"collection":[{"href":"https:\/\/lottomat.com\/pt\/wp-json\/wp\/v2\/pages"}],"about":[{"href":"https:\/\/lottomat.com\/pt\/wp-json\/wp\/v2\/types\/page"}],"author":[{"embeddable":true,"href":"https:\/\/lottomat.com\/pt\/wp-json\/wp\/v2\/users\/1"}],"replies":[{"embeddable":true,"href":"https:\/\/lottomat.com\/pt\/wp-json\/wp\/v2\/comments?post=240480"}],"version-history":[{"count":1,"href":"https:\/\/lottomat.com\/pt\/wp-json\/wp\/v2\/pages\/240480\/revisions"}],"predecessor-version":[{"id":257208,"href":"https:\/\/lottomat.com\/pt\/wp-json\/wp\/v2\/pages\/240480\/revisions\/257208"}],"up":[{"embeddable":true,"href":"https:\/\/lottomat.com\/pt\/wp-json\/wp\/v2\/pages\/7442"}],"wp:attachment":[{"href":"https:\/\/lottomat.com\/pt\/wp-json\/wp\/v2\/media?parent=240480"}],"curies":[{"name":"wp","href":"https:\/\/api.w.org\/{rel}","templated":true}]}}