{"id":240478,"date":"2025-04-07T19:23:03","date_gmt":"2025-04-07T19:23:03","guid":{"rendered":"https:\/\/lottomat.net\/resultados\/resultados-da-powerball\/"},"modified":"2025-11-16T11:06:09","modified_gmt":"2025-11-16T11:06:09","slug":"powerball","status":"publish","type":"page","link":"https:\/\/lottomat.com\/pt\/resultados\/powerball\/","title":{"rendered":"Resultados do Powerball e N\u00fameros Premiados"},"content":{"rendered":"\n\n<div class=\"kk-star-ratings kksr-auto kksr-align-left kksr-valign-top\"\n    data-payload='{&quot;align&quot;:&quot;left&quot;,&quot;id&quot;:&quot;240478&quot;,&quot;slug&quot;:&quot;default&quot;,&quot;valign&quot;:&quot;top&quot;,&quot;ignore&quot;:&quot;&quot;,&quot;reference&quot;:&quot;auto&quot;,&quot;class&quot;:&quot;&quot;,&quot;count&quot;:&quot;0&quot;,&quot;legendonly&quot;:&quot;&quot;,&quot;readonly&quot;:&quot;&quot;,&quot;score&quot;:&quot;0&quot;,&quot;starsonly&quot;:&quot;&quot;,&quot;best&quot;:&quot;5&quot;,&quot;gap&quot;:&quot;5&quot;,&quot;greet&quot;:&quot;Rate this page&quot;,&quot;legend&quot;:&quot;0\\\/5 - (0 votes)&quot;,&quot;size&quot;:&quot;30&quot;,&quot;title&quot;:&quot;Resultados do Powerball e N\u00fameros Premiados&quot;,&quot;width&quot;:&quot;0&quot;,&quot;_legend&quot;:&quot;{score}\\\/{best} - ({count} {votes})&quot;,&quot;font_factor&quot;:&quot;1.25&quot;}'>\n            \n<div class=\"kksr-stars\">\n    \n<div class=\"kksr-stars-inactive\">\n            <div class=\"kksr-star\" data-star=\"1\" style=\"padding-right: 5px\">\n            \n\n<div class=\"kksr-icon\" style=\"width: 30px; height: 30px;\"><\/div>\n        <\/div>\n            <div class=\"kksr-star\" data-star=\"2\" style=\"padding-right: 5px\">\n            \n\n<div class=\"kksr-icon\" style=\"width: 30px; height: 30px;\"><\/div>\n        <\/div>\n            <div class=\"kksr-star\" data-star=\"3\" style=\"padding-right: 5px\">\n            \n\n<div class=\"kksr-icon\" style=\"width: 30px; height: 30px;\"><\/div>\n        <\/div>\n            <div class=\"kksr-star\" data-star=\"4\" style=\"padding-right: 5px\">\n            \n\n<div class=\"kksr-icon\" style=\"width: 30px; height: 30px;\"><\/div>\n        <\/div>\n            <div class=\"kksr-star\" data-star=\"5\" style=\"padding-right: 5px\">\n            \n\n<div class=\"kksr-icon\" style=\"width: 30px; height: 30px;\"><\/div>\n        <\/div>\n    <\/div>\n    \n<div class=\"kksr-stars-active\" style=\"width: 0px;\">\n            <div class=\"kksr-star\" style=\"padding-right: 5px\">\n            \n\n<div class=\"kksr-icon\" style=\"width: 30px; height: 30px;\"><\/div>\n        <\/div>\n            <div class=\"kksr-star\" style=\"padding-right: 5px\">\n            \n\n<div class=\"kksr-icon\" style=\"width: 30px; height: 30px;\"><\/div>\n        <\/div>\n            <div class=\"kksr-star\" style=\"padding-right: 5px\">\n            \n\n<div class=\"kksr-icon\" style=\"width: 30px; height: 30px;\"><\/div>\n        <\/div>\n            <div class=\"kksr-star\" style=\"padding-right: 5px\">\n            \n\n<div class=\"kksr-icon\" style=\"width: 30px; height: 30px;\"><\/div>\n        <\/div>\n            <div class=\"kksr-star\" style=\"padding-right: 5px\">\n            \n\n<div class=\"kksr-icon\" style=\"width: 30px; height: 30px;\"><\/div>\n        <\/div>\n    <\/div>\n<\/div>\n                \n\n<div class=\"kksr-legend\" style=\"font-size: 24px;\">\n            <span class=\"kksr-muted\">Rate this page<\/span>\n    <\/div>\n    <\/div>\n<p>Depois de comprar os bilhetes e escolher cinco n\u00fameros principais e um n\u00famero b\u00f4nus Powerball, tudo o que voc\u00ea precisa fazer \u00e9 aguardar pacientemente os resultados do sorteio, que aparecer\u00e3o em quest\u00e3o de segundos no <a href=\"https:\/\/lottomat.com\/pt\/\"><strong>site do LottoMat<\/strong><\/a>. Todas as informa\u00e7\u00f5es que publicamos sobre os n\u00fameros sorteados v\u00eam diretamente do organizador do sorteio, garantindo que <strong>os resultados do Powerball sejam 100% precisos e fi\u00e9is ao sorteio oficial<\/strong>.<img loading=\"lazy\" decoding=\"async\" class=\"alignleft wp-image-252294\" src=\"https:\/\/lottomat.com\/wp-content\/uploads\/2025\/10\/jackpot-and-prizes-300x300.webp\" alt=\"jackpot e pr\u00eamios\" width=\"200\" height=\"200\" srcset=\"https:\/\/lottomat.com\/wp-content\/uploads\/2025\/10\/jackpot-and-prizes-300x300.webp 300w, https:\/\/lottomat.com\/wp-content\/uploads\/2025\/10\/jackpot-and-prizes-150x150.webp 150w, https:\/\/lottomat.com\/wp-content\/uploads\/2025\/10\/jackpot-and-prizes-100x100.webp 100w, https:\/\/lottomat.com\/wp-content\/uploads\/2025\/10\/jackpot-and-prizes.webp 400w\" sizes=\"auto, (max-width: 200px) 100vw, 200px\" \/><\/p>\n<h2>Como verificar os resultados atuais do Powerball?<\/h2>\n<p>No site do LottoMat, voc\u00ea sempre encontrar\u00e1 <strong>os resultados mais recentes da loteria Powerball<\/strong>, fresquinhos. Atualizamos os resultados do Powerball logo ap\u00f3s o sorteio \u2014 as informa\u00e7\u00f5es v\u00eam de fontes oficiais, ou seja, do pr\u00f3prio organizador da loteria, e s\u00e3o <strong>totalmente confi\u00e1veis<\/strong>. Ao acessar a p\u00e1gina de resultados do Powerball, basta comparar os n\u00fameros do seu bilhete com os n\u00fameros exibidos na tabela de resultados. Se o seu bilhete tiver os seis n\u00fameros sorteados \u2014 parab\u00e9ns, <strong>voc\u00ea acaba de se tornar milion\u00e1rio!<\/strong> Se n\u00e3o, n\u00e3o se preocupe, pois o Powerball oferece <strong>nove n\u00edveis de pr\u00eamios garantidos<\/strong>. Isso significa que voc\u00ea n\u00e3o precisa acertar todos os seis n\u00fameros para ganhar um pr\u00eamio em dinheiro \u2014 basta <a href=\"https:\/\/lottomat.com\/pt\/jogar\/powerball\/\">comprar um bilhete Powerball online<\/a>!<\/p>\n<h2>Como verificar os resultados do Powerball de ontem?<img loading=\"lazy\" decoding=\"async\" class=\"wp-image-252354 alignright\" src=\"https:\/\/lottomat.com\/wp-content\/uploads\/2025\/10\/Powerball-Numbers-300x300.webp\" alt=\"N\u00fameros do Powerball\" width=\"200\" height=\"200\" srcset=\"https:\/\/lottomat.com\/wp-content\/uploads\/2025\/10\/Powerball-Numbers-300x300.webp 300w, https:\/\/lottomat.com\/wp-content\/uploads\/2025\/10\/Powerball-Numbers-150x150.webp 150w, https:\/\/lottomat.com\/wp-content\/uploads\/2025\/10\/Powerball-Numbers-100x100.webp 100w, https:\/\/lottomat.com\/wp-content\/uploads\/2025\/10\/Powerball-Numbers.webp 400w\" sizes=\"auto, (max-width: 200px) 100vw, 200px\" \/><\/h2>\n<p>Seja para conferir os resultados de hoje, de ontem ou dos sorteios da semana passada, <strong>todos os resultados do Powerball est\u00e3o dispon\u00edveis facilmente no LottoMat<\/strong>. Nosso banco de dados completo permite acessar informa\u00e7\u00f5es sobre qualquer sorteio de forma r\u00e1pida e eficiente. Basta navegar at\u00e9 a se\u00e7\u00e3o de resultados e selecionar a data que deseja verificar. Esse recurso pr\u00e1tico garante que <strong>voc\u00ea nunca se esque\u00e7a de conferir seus bilhetes<\/strong>, n\u00e3o importa quando o sorteio tenha ocorrido.<\/p>\n<h2>Como usar os resultados arquivados do Powerball?<\/h2>\n<p>O site do LottoMat tamb\u00e9m oferece acesso aos <strong>resultados arquivados dos sorteios do Powerball<\/strong>. Se quiser consult\u00e1-los, basta usar nosso calend\u00e1rio de resultados, localizado \u00e0 direita dos n\u00fameros sorteados mais recentes. Ap\u00f3s expandir a lista, voc\u00ea pode verificar sorteios anteriores \u2014 at\u00e9 <strong>doze meses atr\u00e1s<\/strong>.<\/p>\n<h3><img loading=\"lazy\" decoding=\"async\" class=\"alignleft wp-image-252324\" src=\"https:\/\/lottomat.com\/wp-content\/uploads\/2025\/10\/Powerball-Draw-300x300.webp\" alt=\"Sorteio do Powerball\" width=\"200\" height=\"200\" srcset=\"https:\/\/lottomat.com\/wp-content\/uploads\/2025\/10\/Powerball-Draw-300x300.webp 300w, https:\/\/lottomat.com\/wp-content\/uploads\/2025\/10\/Powerball-Draw-150x150.webp 150w, https:\/\/lottomat.com\/wp-content\/uploads\/2025\/10\/Powerball-Draw-100x100.webp 100w, https:\/\/lottomat.com\/wp-content\/uploads\/2025\/10\/Powerball-Draw.webp 400w\" sizes=\"auto, (max-width: 200px) 100vw, 200px\" \/>Quais s\u00e3o os benef\u00edcios de usar os resultados arquivados do Powerball?<\/h3>\n<p>Por que usar os resultados antigos da loteria? H\u00e1 v\u00e1rias raz\u00f5es. Em primeiro lugar, eles podem te ajudar a <strong>criar sua pr\u00f3pria estrat\u00e9gia de escolha de n\u00fameros<\/strong> ao preencher novos bilhetes, o que pode aumentar suas chances em futuras jogadas. Voc\u00ea tamb\u00e9m pode <a href=\"https:\/\/lottomat.com\/pt\/resultados\/\">usar os resultados arquivados da loteria<\/a> para ver quais n\u00fameros foram sorteados com mais frequ\u00eancia recentemente, quais n\u00e3o aparecem h\u00e1 semanas e perceber como \u00e9 importante escolher n\u00fameros variados de diferentes faixas. J\u00e1 se sabe h\u00e1 muito tempo que n\u00e3o se deve limitar na hora de escolher os n\u00fameros. Cada n\u00famero dispon\u00edvel no conjunto \u00e9 importante, mas muitos jogadores escolhem combina\u00e7\u00f5es fixas baseadas em anivers\u00e1rios, o que reduz o n\u00famero de op\u00e7\u00f5es e, consequentemente, as chances de ganhar no Powerball. Os resultados arquivados tamb\u00e9m cont\u00eam informa\u00e7\u00f5es sobre os \u00faltimos jackpots acumulados, valores dos pr\u00eamios e o n\u00famero de ganhadores que acertaram o jackpot do Powerball.<\/p>\n<h2>Quais s\u00e3o os n\u00fameros mais sorteados do Powerball?<\/h2>\n<p>No site do LottoMat, voc\u00ea encontra todas as informa\u00e7\u00f5es essenciais sobre loterias. N\u00e3o apenas os resultados, mas tamb\u00e9m as regras do Powerball, curiosidades, termos de uso e uma grande quantidade de dicas que podem facilitar sua vida como jogador. Preparamos para voc\u00ea um <strong>guia completo e interessante<\/strong>, mostrando quais n\u00fameros foram sorteados com mais frequ\u00eancia no Powerball e quais foram menos sorteados. Isso te ajudar\u00e1 a planejar sua escolha de n\u00fameros para novos bilhetes, pois as estat\u00edsticas mostram claramente quais n\u00fameros t\u00eam maior probabilidade de aparecer. Use essas informa\u00e7\u00f5es e lembre-se: o n\u00famero Powerball \u00e9 sorteado de um conjunto separado de n\u00fameros, portanto o mesmo n\u00famero pode ser sorteado tanto entre os principais quanto como b\u00f4nus Powerball. Voc\u00ea n\u00e3o precisa mais procurar resultados antigos \u2014 tudo est\u00e1 \u00e0 sua disposi\u00e7\u00e3o. <strong>Os n\u00fameros mais sorteados na loteria Powerball s\u00e3o: 8, 26, 22, 23 e 36<\/strong>. Crie sua pr\u00f3pria estrat\u00e9gia escolhendo os n\u00fameros que t\u00eam significado para voc\u00ea, mas tamb\u00e9m considere aqueles que recomendamos, pois <strong>as estat\u00edsticas nunca mentem<\/strong>.<\/p>\n<h2>Quais s\u00e3o os n\u00fameros menos sorteados do Powerball?<img loading=\"lazy\" decoding=\"async\" class=\"alignright wp-image-252384\" src=\"https:\/\/lottomat.com\/wp-content\/uploads\/2025\/10\/Powerball-Results-300x300.webp\" alt=\"Resultados do Powerball\" width=\"200\" height=\"200\" srcset=\"https:\/\/lottomat.com\/wp-content\/uploads\/2025\/10\/Powerball-Results-300x300.webp 300w, https:\/\/lottomat.com\/wp-content\/uploads\/2025\/10\/Powerball-Results-150x150.webp 150w, https:\/\/lottomat.com\/wp-content\/uploads\/2025\/10\/Powerball-Results-100x100.webp 100w, https:\/\/lottomat.com\/wp-content\/uploads\/2025\/10\/Powerball-Results.webp 400w\" sizes=\"auto, (max-width: 200px) 100vw, 200px\" \/><\/h2>\n<p>Entender quais n\u00fameros aparecem com menos frequ\u00eancia nos sorteios do Powerball pode ser t\u00e3o valioso quanto saber quais aparecem com mais frequ\u00eancia. As an\u00e1lises estat\u00edsticas mostram que certos n\u00fameros <strong>t\u00eam sido consistentemente menos sorteados nos \u00faltimos concursos<\/strong>. Os n\u00fameros menos sorteados incluem: 15, 51, 37, 47, 12, 4 e 24. Alguns jogadores acreditam que esses \u201cn\u00fameros frios\u201d est\u00e3o \u201cprontos para voltar\u201d e os incluem em suas estrat\u00e9gias. Embora os resultados passados n\u00e3o garantam resultados futuros, analisar esses padr\u00f5es pode te ajudar a tomar decis\u00f5es mais informadas ao escolher seus n\u00fameros Powerball para os pr\u00f3ximos sorteios.<\/p>\n<h2>Quantos jogadores ganharam e quanto no \u00faltimo sorteio do Powerball?<\/h2>\n<p>Cada sorteio do Powerball cria <strong>milhares de vencedores em todos os n\u00edveis de pr\u00eamios<\/strong>, tornando-o uma das loterias mais recompensadoras do mundo. A distribui\u00e7\u00e3o de pr\u00eamios geralmente inclui um ganhador do jackpot (ou v\u00e1rios que compartilham o pr\u00eamio principal), alguns milion\u00e1rios que acertaram os cinco n\u00fameros principais e centenas de milhares de ganhadores de pr\u00eamios menores. O valor dos pr\u00eamios varia de acordo com o n\u00famero de vencedores em cada categoria e o total de vendas de bilhetes naquele sorteio. No site do LottoMat, voc\u00ea pode encontrar <strong>detalhes sobre o n\u00famero de ganhadores e valores dos pr\u00eamios<\/strong> em cada n\u00edvel logo ap\u00f3s cada sorteio. Essas informa\u00e7\u00f5es ajudam voc\u00ea a entender as chances e os poss\u00edveis ganhos para diferentes combina\u00e7\u00f5es. Se quiser saber mais sobre os pr\u00eamios do pr\u00f3ximo sorteio, <a href=\"https:\/\/lottomat.com\/pt\/lotarias\/powerball\/\">leia sobre os pr\u00eamios e jackpots do Powerball<\/a>.<\/p>\n<h2><img loading=\"lazy\" decoding=\"async\" class=\"alignleft wp-image-252414\" src=\"https:\/\/lottomat.com\/wp-content\/uploads\/2025\/10\/Powerball-Winning-Numbers-300x300.webp\" alt=\"N\u00fameros premiados do Powerball\" width=\"200\" height=\"200\" srcset=\"https:\/\/lottomat.com\/wp-content\/uploads\/2025\/10\/Powerball-Winning-Numbers-300x300.webp 300w, https:\/\/lottomat.com\/wp-content\/uploads\/2025\/10\/Powerball-Winning-Numbers-150x150.webp 150w, https:\/\/lottomat.com\/wp-content\/uploads\/2025\/10\/Powerball-Winning-Numbers-100x100.webp 100w, https:\/\/lottomat.com\/wp-content\/uploads\/2025\/10\/Powerball-Winning-Numbers.webp 400w\" sizes=\"auto, (max-width: 200px) 100vw, 200px\" \/><\/h2>\n<h2>Como prever os resultados e os n\u00fameros premiados do Powerball?<\/h2>\n<p>Embora o Powerball seja um jogo de sorte e <strong>nenhum m\u00e9todo possa garantir n\u00fameros vencedores<\/strong>, muitos jogadores usam diferentes estrat\u00e9gias para melhorar suas escolhas. Alguns analisam tabelas de frequ\u00eancia para identificar n\u00fameros \u201cquentes\u201d e \u201cfrios\u201d, enquanto outros utilizam sistemas matem\u00e1ticos, como o \u201cwheeling\u201d ou a an\u00e1lise de n\u00fameros delta. Geradores de n\u00fameros aleat\u00f3rios podem ajudar a eliminar o vi\u00e9s humano na sele\u00e7\u00e3o de n\u00fameros. Lembre-se de que cada sorteio \u00e9 independente e que toda combina\u00e7\u00e3o tem as mesmas chances de ser sorteada. A chave \u00e9 <strong>jogar de forma consistente com n\u00fameros nos quais voc\u00ea confia<\/strong> \u2014 seja com base em an\u00e1lise estat\u00edstica, significado pessoal ou pura intui\u00e7\u00e3o. O mais importante \u00e9 jogar com responsabilidade, dentro do seu or\u00e7amento. Agora voc\u00ea sabe se \u00e9 poss\u00edvel prever os resultados do Powerball. Uma coisa \u00e9 certa \u2014 para ganhar, \u00e9 preciso jogar. Ent\u00e3o <a href=\"https:\/\/lottomat.com\/pt\/jogar\/\">compre um bilhete para qualquer loteria<\/a> e aguarde pelos resultados que v\u00e3o te trazer alegria.<\/p>\n","protected":false},"excerpt":{"rendered":"<p>Depois de comprar os bilhetes e escolher cinco n\u00fameros principais e um n\u00famero b\u00f4nus Powerball, tudo o que voc\u00ea precisa fazer \u00e9 aguardar pacientemente os resultados do sorteio, que aparecer\u00e3o em quest\u00e3o de segundos no site do LottoMat. Todas as informa\u00e7\u00f5es que publicamos sobre os n\u00fameros sorteados v\u00eam diretamente do organizador do sorteio, garantindo que [&hellip;]<\/p>\n","protected":false},"author":1,"featured_media":0,"parent":7442,"menu_order":1,"comment_status":"closed","ping_status":"closed","template":"powerball-usa-results.php","meta":{"_et_pb_use_builder":"","_et_pb_old_content":"","_et_gb_content_width":"","exclude_from_search":false,"footnotes":""},"class_list":["post-240478","page","type-page","status-publish","hentry"],"yoast_head":"<!-- This site is optimized with the Yoast SEO plugin v23.8 - https:\/\/yoast.com\/wordpress\/plugins\/seo\/ -->\n<title>Resultados do Powerball e N\u00fameros Premiados \u2013 LottoMat<\/title>\n<meta name=\"description\" content=\"Confira os resultados mais recentes do Powerball e os n\u00fameros premiados no LottoMat. Compare seus n\u00fameros com os resultados oficiais do sorteio.\" \/>\n<meta name=\"robots\" content=\"index, follow, max-snippet:-1, max-image-preview:large, max-video-preview:-1\" \/>\n<link rel=\"canonical\" href=\"https:\/\/lottomat.com\/pt\/resultados\/powerball\/\" \/>\n<meta property=\"og:locale\" content=\"pt_PT\" \/>\n<meta property=\"og:type\" content=\"article\" \/>\n<meta property=\"og:title\" content=\"Resultados do Powerball e N\u00fameros Premiados \u2013 LottoMat\" \/>\n<meta property=\"og:description\" content=\"Confira os resultados mais recentes do Powerball e os n\u00fameros premiados no LottoMat. Compare seus n\u00fameros com os resultados oficiais do sorteio.\" \/>\n<meta property=\"og:url\" content=\"https:\/\/lottomat.com\/pt\/resultados\/powerball\/\" \/>\n<meta property=\"og:site_name\" content=\"Lottomat\" \/>\n<meta property=\"article:modified_time\" content=\"2025-11-16T11:06:09+00:00\" \/>\n<meta property=\"og:image\" content=\"https:\/\/lottomat.com\/wp-content\/uploads\/2025\/10\/jackpot-and-prizes-300x300.webp\" \/>\n<meta name=\"twitter:card\" content=\"summary_large_image\" \/>\n<meta name=\"twitter:label1\" content=\"Est. reading time\" \/>\n\t<meta name=\"twitter:data1\" content=\"6 minutes\" \/>\n<script type=\"application\/ld+json\" class=\"yoast-schema-graph\">{\"@context\":\"https:\/\/schema.org\",\"@graph\":[{\"@type\":\"WebPage\",\"@id\":\"https:\/\/lottomat.com\/pt\/resultados\/powerball\/\",\"url\":\"https:\/\/lottomat.com\/pt\/resultados\/powerball\/\",\"name\":\"Resultados do Powerball e N\u00fameros Premiados \u2013 LottoMat\",\"isPartOf\":{\"@id\":\"https:\/\/lottomat.com\/pt\/#website\"},\"primaryImageOfPage\":{\"@id\":\"https:\/\/lottomat.com\/pt\/resultados\/powerball\/#primaryimage\"},\"image\":{\"@id\":\"https:\/\/lottomat.com\/pt\/resultados\/powerball\/#primaryimage\"},\"thumbnailUrl\":\"https:\/\/lottomat.com\/wp-content\/uploads\/2025\/10\/jackpot-and-prizes-300x300.webp\",\"datePublished\":\"2025-04-07T19:23:03+00:00\",\"dateModified\":\"2025-11-16T11:06:09+00:00\",\"description\":\"Confira os resultados mais recentes do Powerball e os n\u00fameros premiados no LottoMat. Compare seus n\u00fameros com os resultados oficiais do sorteio.\",\"breadcrumb\":{\"@id\":\"https:\/\/lottomat.com\/pt\/resultados\/powerball\/#breadcrumb\"},\"inLanguage\":\"pt\",\"potentialAction\":[{\"@type\":\"ReadAction\",\"target\":[\"https:\/\/lottomat.com\/pt\/resultados\/powerball\/\"]}]},{\"@type\":\"ImageObject\",\"inLanguage\":\"pt\",\"@id\":\"https:\/\/lottomat.com\/pt\/resultados\/powerball\/#primaryimage\",\"url\":\"https:\/\/lottomat.com\/wp-content\/uploads\/2025\/10\/jackpot-and-prizes-300x300.webp\",\"contentUrl\":\"https:\/\/lottomat.com\/wp-content\/uploads\/2025\/10\/jackpot-and-prizes-300x300.webp\"},{\"@type\":\"BreadcrumbList\",\"@id\":\"https:\/\/lottomat.com\/pt\/resultados\/powerball\/#breadcrumb\",\"itemListElement\":[{\"@type\":\"ListItem\",\"position\":1,\"name\":\"Home\",\"item\":\"https:\/\/lottomat.com\/pt\/\"},{\"@type\":\"ListItem\",\"position\":2,\"name\":\"Resultados da Loteria\",\"item\":\"https:\/\/lottomat.com\/pt\/resultados\/\"},{\"@type\":\"ListItem\",\"position\":3,\"name\":\"Resultados do Powerball e N\u00fameros Premiados\"}]},{\"@type\":\"WebSite\",\"@id\":\"https:\/\/lottomat.com\/pt\/#website\",\"url\":\"https:\/\/lottomat.com\/pt\/\",\"name\":\"Lottomat\",\"description\":\"\",\"potentialAction\":[{\"@type\":\"SearchAction\",\"target\":{\"@type\":\"EntryPoint\",\"urlTemplate\":\"https:\/\/lottomat.com\/pt\/?s={search_term_string}\"},\"query-input\":{\"@type\":\"PropertyValueSpecification\",\"valueRequired\":true,\"valueName\":\"search_term_string\"}}],\"inLanguage\":\"pt\"}]}<\/script>\n<!-- \/ Yoast SEO plugin. -->","yoast_head_json":{"title":"Resultados do Powerball e N\u00fameros Premiados \u2013 LottoMat","description":"Confira os resultados mais recentes do Powerball e os n\u00fameros premiados no LottoMat. Compare seus n\u00fameros com os resultados oficiais do sorteio.","robots":{"index":"index","follow":"follow","max-snippet":"max-snippet:-1","max-image-preview":"max-image-preview:large","max-video-preview":"max-video-preview:-1"},"canonical":"https:\/\/lottomat.com\/pt\/resultados\/powerball\/","og_locale":"pt_PT","og_type":"article","og_title":"Resultados do Powerball e N\u00fameros Premiados \u2013 LottoMat","og_description":"Confira os resultados mais recentes do Powerball e os n\u00fameros premiados no LottoMat. Compare seus n\u00fameros com os resultados oficiais do sorteio.","og_url":"https:\/\/lottomat.com\/pt\/resultados\/powerball\/","og_site_name":"Lottomat","article_modified_time":"2025-11-16T11:06:09+00:00","og_image":[{"url":"https:\/\/lottomat.com\/wp-content\/uploads\/2025\/10\/jackpot-and-prizes-300x300.webp"}],"twitter_card":"summary_large_image","twitter_misc":{"Est. reading time":"6 minutes"},"schema":{"@context":"https:\/\/schema.org","@graph":[{"@type":"WebPage","@id":"https:\/\/lottomat.com\/pt\/resultados\/powerball\/","url":"https:\/\/lottomat.com\/pt\/resultados\/powerball\/","name":"Resultados do Powerball e N\u00fameros Premiados \u2013 LottoMat","isPartOf":{"@id":"https:\/\/lottomat.com\/pt\/#website"},"primaryImageOfPage":{"@id":"https:\/\/lottomat.com\/pt\/resultados\/powerball\/#primaryimage"},"image":{"@id":"https:\/\/lottomat.com\/pt\/resultados\/powerball\/#primaryimage"},"thumbnailUrl":"https:\/\/lottomat.com\/wp-content\/uploads\/2025\/10\/jackpot-and-prizes-300x300.webp","datePublished":"2025-04-07T19:23:03+00:00","dateModified":"2025-11-16T11:06:09+00:00","description":"Confira os resultados mais recentes do Powerball e os n\u00fameros premiados no LottoMat. Compare seus n\u00fameros com os resultados oficiais do sorteio.","breadcrumb":{"@id":"https:\/\/lottomat.com\/pt\/resultados\/powerball\/#breadcrumb"},"inLanguage":"pt","potentialAction":[{"@type":"ReadAction","target":["https:\/\/lottomat.com\/pt\/resultados\/powerball\/"]}]},{"@type":"ImageObject","inLanguage":"pt","@id":"https:\/\/lottomat.com\/pt\/resultados\/powerball\/#primaryimage","url":"https:\/\/lottomat.com\/wp-content\/uploads\/2025\/10\/jackpot-and-prizes-300x300.webp","contentUrl":"https:\/\/lottomat.com\/wp-content\/uploads\/2025\/10\/jackpot-and-prizes-300x300.webp"},{"@type":"BreadcrumbList","@id":"https:\/\/lottomat.com\/pt\/resultados\/powerball\/#breadcrumb","itemListElement":[{"@type":"ListItem","position":1,"name":"Home","item":"https:\/\/lottomat.com\/pt\/"},{"@type":"ListItem","position":2,"name":"Resultados da Loteria","item":"https:\/\/lottomat.com\/pt\/resultados\/"},{"@type":"ListItem","position":3,"name":"Resultados do Powerball e N\u00fameros Premiados"}]},{"@type":"WebSite","@id":"https:\/\/lottomat.com\/pt\/#website","url":"https:\/\/lottomat.com\/pt\/","name":"Lottomat","description":"","potentialAction":[{"@type":"SearchAction","target":{"@type":"EntryPoint","urlTemplate":"https:\/\/lottomat.com\/pt\/?s={search_term_string}"},"query-input":{"@type":"PropertyValueSpecification","valueRequired":true,"valueName":"search_term_string"}}],"inLanguage":"pt"}]}},"_links":{"self":[{"href":"https:\/\/lottomat.com\/pt\/wp-json\/wp\/v2\/pages\/240478","targetHints":{"allow":["GET"]}}],"collection":[{"href":"https:\/\/lottomat.com\/pt\/wp-json\/wp\/v2\/pages"}],"about":[{"href":"https:\/\/lottomat.com\/pt\/wp-json\/wp\/v2\/types\/page"}],"author":[{"embeddable":true,"href":"https:\/\/lottomat.com\/pt\/wp-json\/wp\/v2\/users\/1"}],"replies":[{"embeddable":true,"href":"https:\/\/lottomat.com\/pt\/wp-json\/wp\/v2\/comments?post=240478"}],"version-history":[{"count":2,"href":"https:\/\/lottomat.com\/pt\/wp-json\/wp\/v2\/pages\/240478\/revisions"}],"predecessor-version":[{"id":257489,"href":"https:\/\/lottomat.com\/pt\/wp-json\/wp\/v2\/pages\/240478\/revisions\/257489"}],"up":[{"embeddable":true,"href":"https:\/\/lottomat.com\/pt\/wp-json\/wp\/v2\/pages\/7442"}],"wp:attachment":[{"href":"https:\/\/lottomat.com\/pt\/wp-json\/wp\/v2\/media?parent=240478"}],"curies":[{"name":"wp","href":"https:\/\/api.w.org\/{rel}","templated":true}]}}