{"id":232634,"date":"2025-03-27T10:35:32","date_gmt":"2025-03-27T10:35:32","guid":{"rendered":"https:\/\/lottomat.net\/resultados-da-loteria\/resultados-do-eurojackpot\/"},"modified":"2025-12-21T16:48:02","modified_gmt":"2025-12-21T16:48:02","slug":"eurojackpot","status":"publish","type":"page","link":"https:\/\/lottomat.com\/pt\/resultados\/eurojackpot\/","title":{"rendered":"Resultados do Eurojackpot e N\u00fameros Premiados"},"content":{"rendered":"\n\n<div class=\"kk-star-ratings kksr-auto kksr-align-left kksr-valign-top\"\n    data-payload='{&quot;align&quot;:&quot;left&quot;,&quot;id&quot;:&quot;232634&quot;,&quot;slug&quot;:&quot;default&quot;,&quot;valign&quot;:&quot;top&quot;,&quot;ignore&quot;:&quot;&quot;,&quot;reference&quot;:&quot;auto&quot;,&quot;class&quot;:&quot;&quot;,&quot;count&quot;:&quot;0&quot;,&quot;legendonly&quot;:&quot;&quot;,&quot;readonly&quot;:&quot;&quot;,&quot;score&quot;:&quot;0&quot;,&quot;starsonly&quot;:&quot;&quot;,&quot;best&quot;:&quot;5&quot;,&quot;gap&quot;:&quot;5&quot;,&quot;greet&quot;:&quot;Rate this page&quot;,&quot;legend&quot;:&quot;0\\\/5 - (0 votes)&quot;,&quot;size&quot;:&quot;30&quot;,&quot;title&quot;:&quot;Resultados do Eurojackpot e N\u00fameros Premiados&quot;,&quot;width&quot;:&quot;0&quot;,&quot;_legend&quot;:&quot;{score}\\\/{best} - ({count} {votes})&quot;,&quot;font_factor&quot;:&quot;1.25&quot;}'>\n            \n<div class=\"kksr-stars\">\n    \n<div class=\"kksr-stars-inactive\">\n            <div class=\"kksr-star\" data-star=\"1\" style=\"padding-right: 5px\">\n            \n\n<div class=\"kksr-icon\" style=\"width: 30px; height: 30px;\"><\/div>\n        <\/div>\n            <div class=\"kksr-star\" data-star=\"2\" style=\"padding-right: 5px\">\n            \n\n<div class=\"kksr-icon\" style=\"width: 30px; height: 30px;\"><\/div>\n        <\/div>\n            <div class=\"kksr-star\" data-star=\"3\" style=\"padding-right: 5px\">\n            \n\n<div class=\"kksr-icon\" style=\"width: 30px; height: 30px;\"><\/div>\n        <\/div>\n            <div class=\"kksr-star\" data-star=\"4\" style=\"padding-right: 5px\">\n            \n\n<div class=\"kksr-icon\" style=\"width: 30px; height: 30px;\"><\/div>\n        <\/div>\n            <div class=\"kksr-star\" data-star=\"5\" style=\"padding-right: 5px\">\n            \n\n<div class=\"kksr-icon\" style=\"width: 30px; height: 30px;\"><\/div>\n        <\/div>\n    <\/div>\n    \n<div class=\"kksr-stars-active\" style=\"width: 0px;\">\n            <div class=\"kksr-star\" style=\"padding-right: 5px\">\n            \n\n<div class=\"kksr-icon\" style=\"width: 30px; height: 30px;\"><\/div>\n        <\/div>\n            <div class=\"kksr-star\" style=\"padding-right: 5px\">\n            \n\n<div class=\"kksr-icon\" style=\"width: 30px; height: 30px;\"><\/div>\n        <\/div>\n            <div class=\"kksr-star\" style=\"padding-right: 5px\">\n            \n\n<div class=\"kksr-icon\" style=\"width: 30px; height: 30px;\"><\/div>\n        <\/div>\n            <div class=\"kksr-star\" style=\"padding-right: 5px\">\n            \n\n<div class=\"kksr-icon\" style=\"width: 30px; height: 30px;\"><\/div>\n        <\/div>\n            <div class=\"kksr-star\" style=\"padding-right: 5px\">\n            \n\n<div class=\"kksr-icon\" style=\"width: 30px; height: 30px;\"><\/div>\n        <\/div>\n    <\/div>\n<\/div>\n                \n\n<div class=\"kksr-legend\" style=\"font-size: 24px;\">\n            <span class=\"kksr-muted\">Rate this page<\/span>\n    <\/div>\n    <\/div>\n<p>Voc\u00ea comprou bilhete do Eurojackpot e est\u00e1 se perguntando se ganhou? At\u00e9 que os n\u00fameros sorteados sejam conhecidos, tudo pode acontecer, e voc\u00ea pode conferir <a href=\"https:\/\/lottomat.com\/pt\/resultados\/\">os resultados da loteria neste site<\/a>. N\u00f3s os publicamos de forma ultrarr\u00e1pida logo ap\u00f3s recebermos a informa\u00e7\u00e3o do site oficial do organizador do Eurojackpot, garantindo que sejam resultados confirmados, confi\u00e1veis e 100% reais. Analise agora mesmo os resultados e os n\u00fameros premiados do Eurojackpot!<\/p>\n<h2>Como verificar os resultados de hoje do Eurojackpot?<img loading=\"lazy\" decoding=\"async\" class=\"alignright wp-image-257716\" src=\"https:\/\/lottomat.com\/wp-content\/uploads\/2025\/11\/Eurojackpot-online-1.webp\" alt=\"Eurojackpot online\" width=\"200\" height=\"200\" srcset=\"https:\/\/lottomat.com\/wp-content\/uploads\/2025\/11\/Eurojackpot-online-1.webp 400w, https:\/\/lottomat.com\/wp-content\/uploads\/2025\/11\/Eurojackpot-online-1-300x300.webp 300w, https:\/\/lottomat.com\/wp-content\/uploads\/2025\/11\/Eurojackpot-online-1-150x150.webp 150w, https:\/\/lottomat.com\/wp-content\/uploads\/2025\/11\/Eurojackpot-online-1-100x100.webp 100w\" sizes=\"auto, (max-width: 200px) 100vw, 200px\" \/><\/h2>\n<p>A maneira mais f\u00e1cil de verificar os resultados mais recentes do Eurojackpot \u00e9 em nosso site. Oferecemos <strong>resultados de sorteios 100% confi\u00e1veis<\/strong>, nos quais voc\u00ea pode confiar totalmente. Nossa plataforma garante que todos os n\u00fameros premiados do Eurojackpot sejam <strong>atualizados imediatamente ap\u00f3s cada sorteio oficial<\/strong>. Seja para conferir combina\u00e7\u00f5es vencedoras, a divis\u00e3o dos pr\u00eamios ou o valor do jackpot, voc\u00ea encontrar\u00e1 aqui informa\u00e7\u00f5es precisas e atualizadas. Sabemos o quanto \u00e9 importante para os jogadores receber resultados verificados rapidamente, por isso priorizamos <strong>velocidade e precis\u00e3o<\/strong> na divulga\u00e7\u00e3o dos resultados do Eurojackpot.<\/p>\n<h2>Como verificar os resultados de ontem do Eurojackpot?<\/h2>\n<p>Voc\u00ea tamb\u00e9m pode conferir os resultados de ontem do Eurojackpot em <a href=\"https:\/\/lottomat.com\/pt\/\">nosso site Lottomat<\/a>, pois apresentamos n\u00e3o apenas os resultados atuais, mas tamb\u00e9m <strong>dados hist\u00f3ricos de sorteios anteriores<\/strong>. Nosso banco de dados completo inclui <strong>os resultados de hoje, os sorteios de ontem e resultados de semanas, meses ou at\u00e9 anos atr\u00e1s<\/strong>. Esse vasto arquivo permite acompanhar padr\u00f5es, analisar tend\u00eancias e revisar qualquer sorteio que seja do seu interesse. Quer voc\u00ea tenha esquecido de verificar seus bilhete ontem ou queira confirmar n\u00fameros premiados do passado, nossa plataforma oferece acesso f\u00e1cil a todos os resultados hist\u00f3ricos do Eurojackpot com <strong>total precis\u00e3o e confiabilidade<\/strong>.<\/p>\n<h2>Como verificar os resultados arquivados do Eurojackpot?<\/h2>\n<p>Para ver os resultados arquivados do Eurojackpot, basta utilizar o calend\u00e1rio de resultados no site Lottomat. Ele est\u00e1 localizado logo abaixo da data do sorteio mais recente. Tudo o que voc\u00ea precisa fazer \u00e9 escolher a data que mais lhe interessa e conferir os resultados do jogo at\u00e9 aquele momento.<\/p>\n<h2><img loading=\"lazy\" decoding=\"async\" class=\"alignleft wp-image-257746\" src=\"https:\/\/lottomat.com\/wp-content\/uploads\/2025\/11\/Eurojackpot-tickets-1.webp\" alt=\"Eurojackpot tickets\" width=\"200\" height=\"200\" srcset=\"https:\/\/lottomat.com\/wp-content\/uploads\/2025\/11\/Eurojackpot-tickets-1.webp 400w, https:\/\/lottomat.com\/wp-content\/uploads\/2025\/11\/Eurojackpot-tickets-1-300x300.webp 300w, https:\/\/lottomat.com\/wp-content\/uploads\/2025\/11\/Eurojackpot-tickets-1-150x150.webp 150w, https:\/\/lottomat.com\/wp-content\/uploads\/2025\/11\/Eurojackpot-tickets-1-100x100.webp 100w\" sizes=\"auto, (max-width: 200px) 100vw, 200px\" \/>Como usar os resultados arquivados e os n\u00fameros premiados do Eurojackpot?<\/h2>\n<p>Os resultados mais recentes e os arquivados permitem verificar quais n\u00fameros foram sorteados em concursos anteriores, a frequ\u00eancia de acumula\u00e7\u00e3o em uma determinada loteria, o n\u00famero de ganhadores e os pr\u00eamios recordes. Tudo isso ajuda voc\u00ea a construir uma estrat\u00e9gia para jogar Eurojackpot e a desenvolver seu pr\u00f3prio m\u00e9todo de escolha de n\u00fameros. Por outro lado, se voc\u00ea quiser selecionar n\u00fameros mais rapidamente, mas ainda assim usar estat\u00edsticas, pode aproveitar nossas dicas sobre os n\u00fameros mais e menos sorteados nas loterias Eurojackpot. Todos os dados e informa\u00e7\u00f5es necess\u00e1rios podem ser encontrados no site Lottomat. Lembre-se de n\u00e3o se limitar apenas aos sorteios anteriores. Por isso, \u00e9 uma boa ideia escolher entre todo o conjunto de n\u00fameros dispon\u00edveis ao fazer sua aposta, pois isso aumenta suas chances de ganhar o pr\u00eamio principal.<\/p>\n<h2>Quais n\u00fameros s\u00e3o mais frequentemente sorteados no Eurojackpot?<\/h2>\n<p>Com base na an\u00e1lise estat\u00edstica dos sorteios do Eurojackpot desde o in\u00edcio da loteria, em 2012, os n\u00fameros principais mais frequentemente sorteados incluem <strong>14, 16, 18, 19, 25, 33 e 40<\/strong>. Esses \u201cn\u00fameros quentes\u201d apareceram com mais frequ\u00eancia do que outros ao longo da hist\u00f3ria da loteria. Em rela\u00e7\u00e3o aos n\u00fameros b\u00f4nus do Euro, os n\u00fameros <strong>5 e 8 foram sorteados com maior frequ\u00eancia: 83 vezes cada<\/strong>. Muitos jogadores utilizam essas estat\u00edsticas de n\u00fameros quentes para orientar sua estrat\u00e9gia de sele\u00e7\u00e3o. Embora teoricamente todos os n\u00fameros tenham a mesma chance de serem sorteados, alguns jogadores preferem escolher entre esses n\u00fameros que aparecem com mais frequ\u00eancia ao fazer suas apostas no Eurojackpot. Vale lembrar que <strong>a frequ\u00eancia passada n\u00e3o garante resultados futuros<\/strong>, mas essas estat\u00edsticas podem oferecer insights interessantes para os entusiastas de loterias.<\/p>\n<h2>Quais n\u00fameros s\u00e3o menos frequentemente sorteados no Eurojackpot?<\/h2>\n<p>No outro extremo, alguns n\u00fameros aparecem com menos frequ\u00eancia nos sorteios do Eurojackpot, sendo conhecidos como \u201cn\u00fameros frios\u201d. Os n\u00fameros do Eurojackpot sorteados com menor frequ\u00eancia s\u00e3o: <strong>48, 2, 36, 50 e um empate entre 24, 27 e 31<\/strong>. Os n\u00fameros do Euro menos sorteados s\u00e3o <strong>9 e 10<\/strong>. Alguns jogadores acreditam que esses n\u00fameros frios est\u00e3o \u201catrasados\u201d e devem aparecer em breve, embora seja importante entender que <strong>cada sorteio \u00e9 completamente aleat\u00f3rio e independente<\/strong>. Embora n\u00e3o seja assim que as loterias funcionam \u2014 cada sorteio \u00e9 totalmente aleat\u00f3rio e n\u00e3o conectado ao anterior \u2014 ainda \u00e9 divertido descobrir quais n\u00fameros apareceram com menos frequ\u00eancia. Seja escolhendo n\u00fameros quentes, frios ou uma combina\u00e7\u00e3o de ambos, lembre-se de que <strong>os resultados da loteria dependem, em \u00faltima an\u00e1lise, da sorte<\/strong>.<\/p>\n<h2>Quantas pessoas ganharam no sorteio mais recente do Eurojackpot?<img loading=\"lazy\" decoding=\"async\" class=\"alignright wp-image-257777\" src=\"https:\/\/lottomat.com\/wp-content\/uploads\/2025\/11\/play-Eurojackpot-1.webp\" alt=\"jogar Eurojackpot\" width=\"200\" height=\"200\" srcset=\"https:\/\/lottomat.com\/wp-content\/uploads\/2025\/11\/play-Eurojackpot-1.webp 400w, https:\/\/lottomat.com\/wp-content\/uploads\/2025\/11\/play-Eurojackpot-1-300x300.webp 300w, https:\/\/lottomat.com\/wp-content\/uploads\/2025\/11\/play-Eurojackpot-1-150x150.webp 150w, https:\/\/lottomat.com\/wp-content\/uploads\/2025\/11\/play-Eurojackpot-1-100x100.webp 100w\" sizes=\"auto, (max-width: 200px) 100vw, 200px\" \/><\/h2>\n<p>Em nosso site, voc\u00ea encontrar\u00e1 uma tabela detalhada com informa\u00e7\u00f5es completas sobre os resultados do sorteio mais recente do Eurojackpot, incluindo <strong>o n\u00famero de pessoas que ganharam pr\u00eamios em cada faixa<\/strong> e <strong>o valor exato de cada pr\u00eamio em euros<\/strong>. Essa divis\u00e3o mostra os ganhadores em todas as <strong>doze categorias de pr\u00eamios<\/strong>, desde o vencedor do jackpot at\u00e9 aqueles que acertaram a combina\u00e7\u00e3o m\u00ednima vencedora. Ao analisar essas informa\u00e7\u00f5es, voc\u00ea pode ver que <strong>os jogadores realmente ganham no Eurojackpot com regularidade<\/strong> em todos os n\u00edveis de pr\u00eamio. A distribui\u00e7\u00e3o de pr\u00eamios demonstra o apelo da loteria, com <strong>m\u00faltiplas formas de ganhar e pr\u00eamios substanciais<\/strong> mesmo para acertos de categorias inferiores. Essa transpar\u00eancia ajuda os jogadores a entender suas chances e a ver o impacto real dos sorteios do Eurojackpot sobre os ganhadores nos pa\u00edses participantes. Voc\u00ea est\u00e1 pronto para a melhor divers\u00e3o? <a href=\"https:\/\/lottomat.com\/pt\/jogar\/eurojackpot\/\">Jogue Eurojackpot online<\/a> na Lottomat e ganhe grandes pr\u00eamios.<\/p>\n<h2>O que acontece quando ningu\u00e9m ganha o jackpot?<\/h2>\n<p>Quando nenhum jogador acerta todos os cinco n\u00fameros principais mais os dois n\u00fameros do Euro, o valor do jackpot <strong>acumula para o pr\u00f3ximo sorteio<\/strong>, criando o que \u00e9 conhecido como rollover ou acumula\u00e7\u00e3o. Esse processo significa que <strong>o pr\u00eamio continua crescendo<\/strong> at\u00e9 que algu\u00e9m ganhe o pr\u00eamio m\u00e1ximo, tornando os sorteios seguintes ainda mais emocionantes para os jogadores. O mecanismo de acumula\u00e7\u00e3o permite que os jackpots atinjam valores impressionantes, com <strong>o limite m\u00e1ximo do jackpot fixado em \u20ac120 milh\u00f5es<\/strong>. Quando esse valor m\u00e1ximo \u00e9 alcan\u00e7ado, quaisquer fundos adicionais que seriam adicionados ao jackpot s\u00e3o distribu\u00eddos entre os ganhadores da faixa de premia\u00e7\u00e3o seguinte. Esse sistema garante que pr\u00eamios enormes possam se acumular ao longo do tempo, criando o potencial para ganhos que mudam vidas e atraem milh\u00f5es de jogadores em toda a Europa. Leia mais sobre <a href=\"https:\/\/lottomat.com\/pt\/lotarias\/eurojackpot\/\">os pr\u00eamios e o jackpot do Eurojackpot<\/a> em nosso site.<\/p>\n<h2><img loading=\"lazy\" decoding=\"async\" class=\"alignleft wp-image-257807\" src=\"https:\/\/lottomat.com\/wp-content\/uploads\/2025\/11\/tickets-online.webp\" alt=\"tickets online\" width=\"200\" height=\"200\" srcset=\"https:\/\/lottomat.com\/wp-content\/uploads\/2025\/11\/tickets-online.webp 400w, https:\/\/lottomat.com\/wp-content\/uploads\/2025\/11\/tickets-online-300x300.webp 300w, https:\/\/lottomat.com\/wp-content\/uploads\/2025\/11\/tickets-online-150x150.webp 150w, https:\/\/lottomat.com\/wp-content\/uploads\/2025\/11\/tickets-online-100x100.webp 100w\" sizes=\"auto, (max-width: 200px) 100vw, 200px\" \/>Os resultados dos sorteios do Eurojackpot podem ser previstos?<\/h2>\n<p><strong>N\u00e3o, os resultados dos sorteios do Eurojackpot n\u00e3o podem ser previstos<\/strong> com qualquer grau de certeza. A loteria utiliza um <strong>sistema de sorteio completamente aleat\u00f3rio<\/strong>, no qual cada combina\u00e7\u00e3o de n\u00fameros tem exatamente a mesma probabilidade matem\u00e1tica de ser selecionada em cada sorteio. Embora a an\u00e1lise estat\u00edstica possa mostrar quais n\u00fameros foram sorteados com mais ou menos frequ\u00eancia no passado, esses dados hist\u00f3ricos <strong>n\u00e3o t\u00eam nenhuma influ\u00eancia sobre sorteios futuros<\/strong>. Cada sorteio do Eurojackpot \u00e9 um <strong>evento independente<\/strong>, o que significa que resultados anteriores n\u00e3o influenciam os pr\u00f3ximos. Qualquer sistema ou estrat\u00e9gia que alegue prever n\u00fameros de loteria \u00e9 fundamentalmente falho, pois <strong>a verdadeira aleatoriedade n\u00e3o pode ser prevista<\/strong> nem manipulada por meio de an\u00e1lises ou padr\u00f5es. O que voc\u00ea est\u00e1 esperando? Bilhete s\u00e3o baratos e as chances s\u00e3o altas, ent\u00e3o prepare-se para escolher seus n\u00fameros e ver o que acontece a seguir. <strong>Voc\u00ea tamb\u00e9m pode <a href=\"https:\/\/lottomat.com\/pt\/jogar\/\">conferir a lista completa das nossas loterias online<\/a> com os maiores jackpots!<\/strong><\/p>\n","protected":false},"excerpt":{"rendered":"<p>Voc\u00ea comprou bilhete do Eurojackpot e est\u00e1 se perguntando se ganhou? At\u00e9 que os n\u00fameros sorteados sejam conhecidos, tudo pode acontecer, e voc\u00ea pode conferir os resultados da loteria neste site. N\u00f3s os publicamos de forma ultrarr\u00e1pida logo ap\u00f3s recebermos a informa\u00e7\u00e3o do site oficial do organizador do Eurojackpot, garantindo que sejam resultados confirmados, confi\u00e1veis [&hellip;]<\/p>\n","protected":false},"author":1,"featured_media":0,"parent":7442,"menu_order":4,"comment_status":"closed","ping_status":"closed","template":"eurojackpot-results.php","meta":{"_et_pb_use_builder":"","_et_pb_old_content":"","_et_gb_content_width":"","exclude_from_search":false,"footnotes":""},"class_list":["post-232634","page","type-page","status-publish","hentry"],"yoast_head":"<!-- This site is optimized with the Yoast SEO plugin v23.8 - https:\/\/yoast.com\/wordpress\/plugins\/seo\/ -->\n<title>Resultados do Eurojackpot \u2013 N\u00fameros Premiados do Eurojackpot \u2013 LottoMat<\/title>\n<meta name=\"description\" content=\"Confira os resultados mais recentes do Eurojackpot. Aqui voc\u00ea pode comparar seus n\u00fameros com os n\u00fameros oficiais premiados do Eurojackpot.\" \/>\n<meta name=\"robots\" content=\"index, follow, max-snippet:-1, max-image-preview:large, max-video-preview:-1\" \/>\n<link rel=\"canonical\" href=\"https:\/\/lottomat.com\/pt\/resultados\/eurojackpot\/\" \/>\n<meta property=\"og:locale\" content=\"pt_PT\" \/>\n<meta property=\"og:type\" content=\"article\" \/>\n<meta property=\"og:title\" content=\"Resultados do Eurojackpot \u2013 N\u00fameros Premiados do Eurojackpot \u2013 LottoMat\" \/>\n<meta property=\"og:description\" content=\"Confira os resultados mais recentes do Eurojackpot. Aqui voc\u00ea pode comparar seus n\u00fameros com os n\u00fameros oficiais premiados do Eurojackpot.\" \/>\n<meta property=\"og:url\" content=\"https:\/\/lottomat.com\/pt\/resultados\/eurojackpot\/\" \/>\n<meta property=\"og:site_name\" content=\"Lottomat\" \/>\n<meta property=\"article:modified_time\" content=\"2025-12-21T16:48:02+00:00\" \/>\n<meta property=\"og:image\" content=\"https:\/\/lottomat.com\/wp-content\/uploads\/2025\/11\/Eurojackpot-online-1.webp\" \/>\n<meta name=\"twitter:card\" content=\"summary_large_image\" \/>\n<meta name=\"twitter:label1\" content=\"Est. reading time\" \/>\n\t<meta name=\"twitter:data1\" content=\"7 minutes\" \/>\n<script type=\"application\/ld+json\" class=\"yoast-schema-graph\">{\"@context\":\"https:\/\/schema.org\",\"@graph\":[{\"@type\":\"WebPage\",\"@id\":\"https:\/\/lottomat.com\/pt\/resultados\/eurojackpot\/\",\"url\":\"https:\/\/lottomat.com\/pt\/resultados\/eurojackpot\/\",\"name\":\"Resultados do Eurojackpot \u2013 N\u00fameros Premiados do Eurojackpot \u2013 LottoMat\",\"isPartOf\":{\"@id\":\"https:\/\/lottomat.com\/pt\/#website\"},\"primaryImageOfPage\":{\"@id\":\"https:\/\/lottomat.com\/pt\/resultados\/eurojackpot\/#primaryimage\"},\"image\":{\"@id\":\"https:\/\/lottomat.com\/pt\/resultados\/eurojackpot\/#primaryimage\"},\"thumbnailUrl\":\"https:\/\/lottomat.com\/wp-content\/uploads\/2025\/11\/Eurojackpot-online-1.webp\",\"datePublished\":\"2025-03-27T10:35:32+00:00\",\"dateModified\":\"2025-12-21T16:48:02+00:00\",\"description\":\"Confira os resultados mais recentes do Eurojackpot. Aqui voc\u00ea pode comparar seus n\u00fameros com os n\u00fameros oficiais premiados do Eurojackpot.\",\"breadcrumb\":{\"@id\":\"https:\/\/lottomat.com\/pt\/resultados\/eurojackpot\/#breadcrumb\"},\"inLanguage\":\"pt\",\"potentialAction\":[{\"@type\":\"ReadAction\",\"target\":[\"https:\/\/lottomat.com\/pt\/resultados\/eurojackpot\/\"]}]},{\"@type\":\"ImageObject\",\"inLanguage\":\"pt\",\"@id\":\"https:\/\/lottomat.com\/pt\/resultados\/eurojackpot\/#primaryimage\",\"url\":\"https:\/\/lottomat.com\/wp-content\/uploads\/2025\/11\/Eurojackpot-online-1.webp\",\"contentUrl\":\"https:\/\/lottomat.com\/wp-content\/uploads\/2025\/11\/Eurojackpot-online-1.webp\"},{\"@type\":\"BreadcrumbList\",\"@id\":\"https:\/\/lottomat.com\/pt\/resultados\/eurojackpot\/#breadcrumb\",\"itemListElement\":[{\"@type\":\"ListItem\",\"position\":1,\"name\":\"Home\",\"item\":\"https:\/\/lottomat.com\/pt\/\"},{\"@type\":\"ListItem\",\"position\":2,\"name\":\"Resultados da Loteria\",\"item\":\"https:\/\/lottomat.com\/pt\/resultados\/\"},{\"@type\":\"ListItem\",\"position\":3,\"name\":\"Resultados do Eurojackpot e N\u00fameros Premiados\"}]},{\"@type\":\"WebSite\",\"@id\":\"https:\/\/lottomat.com\/pt\/#website\",\"url\":\"https:\/\/lottomat.com\/pt\/\",\"name\":\"Lottomat\",\"description\":\"\",\"potentialAction\":[{\"@type\":\"SearchAction\",\"target\":{\"@type\":\"EntryPoint\",\"urlTemplate\":\"https:\/\/lottomat.com\/pt\/?s={search_term_string}\"},\"query-input\":{\"@type\":\"PropertyValueSpecification\",\"valueRequired\":true,\"valueName\":\"search_term_string\"}}],\"inLanguage\":\"pt\"}]}<\/script>\n<!-- \/ Yoast SEO plugin. -->","yoast_head_json":{"title":"Resultados do Eurojackpot \u2013 N\u00fameros Premiados do Eurojackpot \u2013 LottoMat","description":"Confira os resultados mais recentes do Eurojackpot. Aqui voc\u00ea pode comparar seus n\u00fameros com os n\u00fameros oficiais premiados do Eurojackpot.","robots":{"index":"index","follow":"follow","max-snippet":"max-snippet:-1","max-image-preview":"max-image-preview:large","max-video-preview":"max-video-preview:-1"},"canonical":"https:\/\/lottomat.com\/pt\/resultados\/eurojackpot\/","og_locale":"pt_PT","og_type":"article","og_title":"Resultados do Eurojackpot \u2013 N\u00fameros Premiados do Eurojackpot \u2013 LottoMat","og_description":"Confira os resultados mais recentes do Eurojackpot. Aqui voc\u00ea pode comparar seus n\u00fameros com os n\u00fameros oficiais premiados do Eurojackpot.","og_url":"https:\/\/lottomat.com\/pt\/resultados\/eurojackpot\/","og_site_name":"Lottomat","article_modified_time":"2025-12-21T16:48:02+00:00","og_image":[{"url":"https:\/\/lottomat.com\/wp-content\/uploads\/2025\/11\/Eurojackpot-online-1.webp"}],"twitter_card":"summary_large_image","twitter_misc":{"Est. reading time":"7 minutes"},"schema":{"@context":"https:\/\/schema.org","@graph":[{"@type":"WebPage","@id":"https:\/\/lottomat.com\/pt\/resultados\/eurojackpot\/","url":"https:\/\/lottomat.com\/pt\/resultados\/eurojackpot\/","name":"Resultados do Eurojackpot \u2013 N\u00fameros Premiados do Eurojackpot \u2013 LottoMat","isPartOf":{"@id":"https:\/\/lottomat.com\/pt\/#website"},"primaryImageOfPage":{"@id":"https:\/\/lottomat.com\/pt\/resultados\/eurojackpot\/#primaryimage"},"image":{"@id":"https:\/\/lottomat.com\/pt\/resultados\/eurojackpot\/#primaryimage"},"thumbnailUrl":"https:\/\/lottomat.com\/wp-content\/uploads\/2025\/11\/Eurojackpot-online-1.webp","datePublished":"2025-03-27T10:35:32+00:00","dateModified":"2025-12-21T16:48:02+00:00","description":"Confira os resultados mais recentes do Eurojackpot. Aqui voc\u00ea pode comparar seus n\u00fameros com os n\u00fameros oficiais premiados do Eurojackpot.","breadcrumb":{"@id":"https:\/\/lottomat.com\/pt\/resultados\/eurojackpot\/#breadcrumb"},"inLanguage":"pt","potentialAction":[{"@type":"ReadAction","target":["https:\/\/lottomat.com\/pt\/resultados\/eurojackpot\/"]}]},{"@type":"ImageObject","inLanguage":"pt","@id":"https:\/\/lottomat.com\/pt\/resultados\/eurojackpot\/#primaryimage","url":"https:\/\/lottomat.com\/wp-content\/uploads\/2025\/11\/Eurojackpot-online-1.webp","contentUrl":"https:\/\/lottomat.com\/wp-content\/uploads\/2025\/11\/Eurojackpot-online-1.webp"},{"@type":"BreadcrumbList","@id":"https:\/\/lottomat.com\/pt\/resultados\/eurojackpot\/#breadcrumb","itemListElement":[{"@type":"ListItem","position":1,"name":"Home","item":"https:\/\/lottomat.com\/pt\/"},{"@type":"ListItem","position":2,"name":"Resultados da Loteria","item":"https:\/\/lottomat.com\/pt\/resultados\/"},{"@type":"ListItem","position":3,"name":"Resultados do Eurojackpot e N\u00fameros Premiados"}]},{"@type":"WebSite","@id":"https:\/\/lottomat.com\/pt\/#website","url":"https:\/\/lottomat.com\/pt\/","name":"Lottomat","description":"","potentialAction":[{"@type":"SearchAction","target":{"@type":"EntryPoint","urlTemplate":"https:\/\/lottomat.com\/pt\/?s={search_term_string}"},"query-input":{"@type":"PropertyValueSpecification","valueRequired":true,"valueName":"search_term_string"}}],"inLanguage":"pt"}]}},"_links":{"self":[{"href":"https:\/\/lottomat.com\/pt\/wp-json\/wp\/v2\/pages\/232634","targetHints":{"allow":["GET"]}}],"collection":[{"href":"https:\/\/lottomat.com\/pt\/wp-json\/wp\/v2\/pages"}],"about":[{"href":"https:\/\/lottomat.com\/pt\/wp-json\/wp\/v2\/types\/page"}],"author":[{"embeddable":true,"href":"https:\/\/lottomat.com\/pt\/wp-json\/wp\/v2\/users\/1"}],"replies":[{"embeddable":true,"href":"https:\/\/lottomat.com\/pt\/wp-json\/wp\/v2\/comments?post=232634"}],"version-history":[{"count":3,"href":"https:\/\/lottomat.com\/pt\/wp-json\/wp\/v2\/pages\/232634\/revisions"}],"predecessor-version":[{"id":263228,"href":"https:\/\/lottomat.com\/pt\/wp-json\/wp\/v2\/pages\/232634\/revisions\/263228"}],"up":[{"embeddable":true,"href":"https:\/\/lottomat.com\/pt\/wp-json\/wp\/v2\/pages\/7442"}],"wp:attachment":[{"href":"https:\/\/lottomat.com\/pt\/wp-json\/wp\/v2\/media?parent=232634"}],"curies":[{"name":"wp","href":"https:\/\/api.w.org\/{rel}","templated":true}]}}