{"id":10622,"date":"2025-03-26T10:16:37","date_gmt":"2025-03-26T10:16:37","guid":{"rendered":"https:\/\/lottomat.net\/informacoes-sobre-a-loteria\/informacoes-sobre-a-powerball\/"},"modified":"2025-11-16T11:06:36","modified_gmt":"2025-11-16T11:06:36","slug":"powerball","status":"publish","type":"page","link":"https:\/\/lottomat.com\/pt\/loterias\/powerball\/","title":{"rendered":"Powerball Pr\u00eamios, Regras e Jackpot"},"content":{"rendered":"\n\n<div class=\"kk-star-ratings kksr-auto kksr-align-left kksr-valign-top\"\n    data-payload='{&quot;align&quot;:&quot;left&quot;,&quot;id&quot;:&quot;10622&quot;,&quot;slug&quot;:&quot;default&quot;,&quot;valign&quot;:&quot;top&quot;,&quot;ignore&quot;:&quot;&quot;,&quot;reference&quot;:&quot;auto&quot;,&quot;class&quot;:&quot;&quot;,&quot;count&quot;:&quot;0&quot;,&quot;legendonly&quot;:&quot;&quot;,&quot;readonly&quot;:&quot;&quot;,&quot;score&quot;:&quot;0&quot;,&quot;starsonly&quot;:&quot;&quot;,&quot;best&quot;:&quot;5&quot;,&quot;gap&quot;:&quot;5&quot;,&quot;greet&quot;:&quot;Rate this page&quot;,&quot;legend&quot;:&quot;0\\\/5 - (0 votes)&quot;,&quot;size&quot;:&quot;30&quot;,&quot;title&quot;:&quot;Powerball Pr\u00eamios, Regras e Jackpot&quot;,&quot;width&quot;:&quot;0&quot;,&quot;_legend&quot;:&quot;{score}\\\/{best} - ({count} {votes})&quot;,&quot;font_factor&quot;:&quot;1.25&quot;}'>\n            \n<div class=\"kksr-stars\">\n    \n<div class=\"kksr-stars-inactive\">\n            <div class=\"kksr-star\" data-star=\"1\" style=\"padding-right: 5px\">\n            \n\n<div class=\"kksr-icon\" style=\"width: 30px; height: 30px;\"><\/div>\n        <\/div>\n            <div class=\"kksr-star\" data-star=\"2\" style=\"padding-right: 5px\">\n            \n\n<div class=\"kksr-icon\" style=\"width: 30px; height: 30px;\"><\/div>\n        <\/div>\n            <div class=\"kksr-star\" data-star=\"3\" style=\"padding-right: 5px\">\n            \n\n<div class=\"kksr-icon\" style=\"width: 30px; height: 30px;\"><\/div>\n        <\/div>\n            <div class=\"kksr-star\" data-star=\"4\" style=\"padding-right: 5px\">\n            \n\n<div class=\"kksr-icon\" style=\"width: 30px; height: 30px;\"><\/div>\n        <\/div>\n            <div class=\"kksr-star\" data-star=\"5\" style=\"padding-right: 5px\">\n            \n\n<div class=\"kksr-icon\" style=\"width: 30px; height: 30px;\"><\/div>\n        <\/div>\n    <\/div>\n    \n<div class=\"kksr-stars-active\" style=\"width: 0px;\">\n            <div class=\"kksr-star\" style=\"padding-right: 5px\">\n            \n\n<div class=\"kksr-icon\" style=\"width: 30px; height: 30px;\"><\/div>\n        <\/div>\n            <div class=\"kksr-star\" style=\"padding-right: 5px\">\n            \n\n<div class=\"kksr-icon\" style=\"width: 30px; height: 30px;\"><\/div>\n        <\/div>\n            <div class=\"kksr-star\" style=\"padding-right: 5px\">\n            \n\n<div class=\"kksr-icon\" style=\"width: 30px; height: 30px;\"><\/div>\n        <\/div>\n            <div class=\"kksr-star\" style=\"padding-right: 5px\">\n            \n\n<div class=\"kksr-icon\" style=\"width: 30px; height: 30px;\"><\/div>\n        <\/div>\n            <div class=\"kksr-star\" style=\"padding-right: 5px\">\n            \n\n<div class=\"kksr-icon\" style=\"width: 30px; height: 30px;\"><\/div>\n        <\/div>\n    <\/div>\n<\/div>\n                \n\n<div class=\"kksr-legend\" style=\"font-size: 24px;\">\n            <span class=\"kksr-muted\">Rate this page<\/span>\n    <\/div>\n    <\/div>\n<p>Saiba mais sobre os pr\u00eamios Powerball, o jackpot e as regras do jogo. Powerball Lotto \u2013 um jogo de sorte ou uma loteria \u2013 \u00e9 uma das formas de entretenimento mais populares do mundo no universo das apostas. A maioria de n\u00f3s j\u00e1 participou de um sorteio de loteria pelo menos uma vez. As loterias s\u00e3o jogos muito simples e empolgantes, com regras claras. N\u00e3o h\u00e1 nada de complicado nelas, e qualquer pessoa pode aprender rapidamente as regras de qualquer loteria. Se voc\u00ea \u00e9 um entusiasta de jogos de n\u00fameros e ainda procura uma nova e interessante loteria para experimentar, continue lendo este artigo. N\u00f3s vamos contar o que \u00e9 a famosa Powerball lotto, como o jogo funciona, quais s\u00e3o as chances e os riscos e quanto se pode ganhar (pr\u00eamios Powerball e jackpot).<\/p>\n<h2><img loading=\"lazy\" decoding=\"async\" class=\"alignleft wp-image-252449\" src=\"https:\/\/lottomat.com\/wp-content\/uploads\/2025\/10\/Powerball-jackpot-300x300.webp\" alt=\"Powerball jackpot\" width=\"200\" height=\"200\" srcset=\"https:\/\/lottomat.com\/wp-content\/uploads\/2025\/10\/Powerball-jackpot-300x300.webp 300w, https:\/\/lottomat.com\/wp-content\/uploads\/2025\/10\/Powerball-jackpot-150x150.webp 150w, https:\/\/lottomat.com\/wp-content\/uploads\/2025\/10\/Powerball-jackpot-100x100.webp 100w, https:\/\/lottomat.com\/wp-content\/uploads\/2025\/10\/Powerball-jackpot.webp 400w\" sizes=\"auto, (max-width: 200px) 100vw, 200px\" \/>O que \u00e9 a Loteria Powerball?<\/h2>\n<p>Powerball \u00e9 uma loteria americana que existe desde <strong>1988<\/strong>. Era conhecida como Lotto America, mas em <strong>1992<\/strong> o nome foi alterado para o atual Powerball. A Powerball americana \u00e9 uma das <a href=\"https:\/\/lottomat.com\/pt\/\">loterias mais populares do mundo<\/a>; possui escrit\u00f3rios nos Estados Unidos em <strong>45 estados<\/strong>, al\u00e9m do Distrito de Columbia, Porto Rico e Ilhas Virgens. Vale destacar que esta loteria foi pioneira no sorteio com dois tambores, o que permitiu pr\u00eamios maiores. Os sorteios da Powerball lotto acontecem todas as <strong>segundas, quartas e s\u00e1bados \u00e0s 22h59 (EST)<\/strong>. O est\u00fadio da Florida Lottery \u00e9 geralmente o local dos sorteios. Se voc\u00ea n\u00e3o mora ou est\u00e1 nos Estados Unidos e n\u00e3o tem como <a href=\"https:\/\/lottomat.com\/pt\/jogar\/powerball\/\">comprar um ticket Powerball lotto online<\/a>, basta acessar nosso <strong>site LottoMat<\/strong>. Aqui, voc\u00ea pode jogar Powerball lotto pela internet, ler artigos interessantes e <a href=\"https:\/\/lottomat.com\/pt\/resultados\/powerball\/\">verificar os resultados mais recentes da Powerball<\/a>.<\/p>\n<h2>Quais s\u00e3o as regras do jogo Powerball?<\/h2>\n<p>Desde a cria\u00e7\u00e3o da loteria, as regras foram alteradas v\u00e1rias vezes; normalmente foram modernizadas para permitir que os jogadores ganhassem pr\u00eamios Powerball maiores. No in\u00edcio, era preciso escolher sete n\u00fameros de um conjunto de 40. Depois, foi adicionada a escolha de um segundo n\u00famero b\u00f4nus de um conjunto menor. O tamanho do conjunto mudou algumas vezes at\u00e9 que foi definido que se escolhem <strong>cinco n\u00fameros de 69 e um de 26<\/strong> chamados de Powerballs. Essas regras continuam em vigor at\u00e9 hoje. Um n\u00famero do sorteio principal pode coincidir com o segundo.<\/p>\n<h2>Quais s\u00e3o os riscos e as chances de ganhar pr\u00eamios Powerball?<\/h2>\n<p>Em uma palavra: grandes. A probabilidade de ganhar o pr\u00eamio principal \u00e9 de <strong>1 em 292 milh\u00f5es<\/strong>. As chances de ganhar o pr\u00eamio de segundo n\u00edvel s\u00e3o de apenas <strong>1 em 11,5 milh\u00f5es<\/strong>, o que \u00e9 uma diferen\u00e7a enorme, e as chances diminuem ainda mais. Para compara\u00e7\u00e3o, as chances de ganhar o pr\u00eamio principal da Loteria da Pol\u00f4nia (Lotto) s\u00e3o de 1 em 14 milh\u00f5es. Na Powerball lotto, <strong>1 em cada 25 tickets enviados \u00e9 premiado<\/strong>. Portanto, o risco n\u00e3o \u00e9 pequeno, mas os pr\u00eamios tamb\u00e9m n\u00e3o s\u00e3o; na verdade, est\u00e3o entre os maiores do mundo. \u00c9 por isso que, apesar das baixas probabilidades, o n\u00famero de interessados em Powerball n\u00e3o diminui \u2014 pelo contr\u00e1rio, cresce a cada ano. A aposta m\u00ednima Powerball \u00e9 de <strong>5 d\u00f3lares<\/strong>, o que \u00e9 muito atraente para a maioria dos jogadores, especialmente considerando os altos pr\u00eamios.<\/p>\n<h2><img loading=\"lazy\" decoding=\"async\" class=\"wp-image-252479 alignright\" src=\"https:\/\/lottomat.com\/wp-content\/uploads\/2025\/10\/Powerball-prizes-300x300.webp\" alt=\"Powerball pr\u00eamios\" width=\"200\" height=\"200\" srcset=\"https:\/\/lottomat.com\/wp-content\/uploads\/2025\/10\/Powerball-prizes-300x300.webp 300w, https:\/\/lottomat.com\/wp-content\/uploads\/2025\/10\/Powerball-prizes-150x150.webp 150w, https:\/\/lottomat.com\/wp-content\/uploads\/2025\/10\/Powerball-prizes-100x100.webp 100w, https:\/\/lottomat.com\/wp-content\/uploads\/2025\/10\/Powerball-prizes.webp 400w\" sizes=\"auto, (max-width: 200px) 100vw, 200px\" \/><\/h2>\n<h2>Quais s\u00e3o os pr\u00eamios Powerball \u2013 quanto se pode ganhar?<\/h2>\n<p>Dizer que a Powerball oferece pr\u00eamios muito altos \u00e9 pouco. Estamos falando de somas enormes; \u00e9 dif\u00edcil imaginar o que fazer com um pr\u00eamio t\u00e3o grande. Se voc\u00ea ganhar, seus filhos, netos, bisnetos e tataranetos nunca mais precisar\u00e3o trabalhar. O pr\u00eamio m\u00ednimo garantido da Powerball \u00e9 de <strong>20 milh\u00f5es de d\u00f3lares<\/strong>. Sem contar que os pr\u00eamios m\u00e9dios giram em torno de 110\u2013120 milh\u00f5es de d\u00f3lares. Os pr\u00eamios de segundo n\u00edvel parecem mais modestos \u2014 \u201capenas\u201d <strong>um milh\u00e3o de d\u00f3lares<\/strong>. No entanto, basta acertar cinco n\u00fameros corretos para se tornar um felizardo. Tudo muda, por\u00e9m, quando ocorre um rollover. Ah, sim! Um jackpot rollover na Powerball \u00e9 pura loucura.<\/p>\n<h2>Como funcionam os rollovers na Powerball?<\/h2>\n<p>O que diferencia principalmente a Powerball de, por exemplo, a Loteria da Pol\u00f4nia (Lotto) s\u00e3o os enormes rollovers, que fazem o cora\u00e7\u00e3o bater mais r\u00e1pido, e os jackpots que os acompanham s\u00e3o impressionantemente altos. Como n\u00e3o se emocionar quando a Powerball <strong>n\u00e3o tem limite m\u00e1ximo de rollover<\/strong>? Isso significa que, se em v\u00e1rios sorteios ningu\u00e9m ganhar o pr\u00eamio principal, o valor acumulado continua crescendo at\u00e9 que os n\u00fameros corretos sejam sorteados. Um jackpot rollover geralmente \u00e9 dividido entre v\u00e1rios jogadores, o que significa que o pr\u00eamio \u00e9 distribu\u00eddo proporcionalmente. Mas j\u00e1 aconteceu mais de uma vez na hist\u00f3ria da Powerball de apenas uma pessoa acertar os n\u00fameros sorteados e levar todo o jackpot sozinha.<\/p>\n<h2>Qual foi o pr\u00eamio recorde na Powerball?<img loading=\"lazy\" decoding=\"async\" class=\"wp-image-252509 alignleft\" src=\"https:\/\/lottomat.com\/wp-content\/uploads\/2025\/10\/Powerball-rules-300x300.webp\" alt=\"Powerball regras\" width=\"200\" height=\"200\" srcset=\"https:\/\/lottomat.com\/wp-content\/uploads\/2025\/10\/Powerball-rules-300x300.webp 300w, https:\/\/lottomat.com\/wp-content\/uploads\/2025\/10\/Powerball-rules-150x150.webp 150w, https:\/\/lottomat.com\/wp-content\/uploads\/2025\/10\/Powerball-rules-100x100.webp 100w, https:\/\/lottomat.com\/wp-content\/uploads\/2025\/10\/Powerball-rules.webp 400w\" sizes=\"auto, (max-width: 200px) 100vw, 200px\" \/><\/h2>\n<p>O jackpot recorde da hist\u00f3ria da Powerball foi ganho em <strong>7 de novembro de 2022<\/strong> e atingiu incr\u00edveis <strong>US$ 2,04 bilh\u00f5es<\/strong>, com valor em dinheiro de <strong>US$ 997,6 milh\u00f5es<\/strong>. Este continua sendo o maior pr\u00eamio de loteria j\u00e1 ganho no mundo. O ticket vencedor foi vendido na Calif\u00f3rnia e foi reivindicado por um \u00fanico ganhador. O segundo maior jackpot Powerball foi de <strong>US$ 1,787 bilh\u00e3o<\/strong>, ganho em setembro de 2025 por tickets vendidos no Missouri e no Texas.<\/p>\n<h2>Quem pode jogar Powerball e ganhar pr\u00eamios Powerball?<\/h2>\n<p>Qualquer pessoa pode jogar, desde que seja maior de idade. H\u00e1 pouco tempo, Powerball estava dispon\u00edvel apenas para americanos ou para quem estivesse nos Estados Unidos e pudesse acessar um escrit\u00f3rio de loteria. Agora \u00e9 diferente. E tudo isso gra\u00e7as \u00e0s loterias online e ao nosso <a href=\"https:\/\/lottomat.com\/pt\/\"><strong>site LottoMat<\/strong><\/a>. N\u00e3o importa se voc\u00ea vive na \u00c1frica, \u00c1sia ou Europa. Ou se est\u00e1 sentado \u00e0 mesa, deitado na cama, correndo ou relaxando no quintal. Voc\u00ea pode jogar Powerball e ganhar o jackpot Powerball de qualquer lugar. As loterias online se tornaram incrivelmente populares; a maioria dos jogadores usa essa op\u00e7\u00e3o porque \u00e9 conveniente. Tudo o que voc\u00ea precisa \u00e9 de <strong>acesso \u00e0 internet<\/strong>. Isso oferece aos jogadores muita liberdade em todo o mundo.<\/p>\n<h2>Como jogar Powerball pela internet?<\/h2>\n<p>Tudo o que voc\u00ea precisa fazer \u00e9 entrar no <strong>site LottoMat<\/strong> e preencher um ticket com seus n\u00fameros favoritos. \u00c9 s\u00f3 isso. Depois, aguarde o sorteio e verifique os resultados Powerball. Eles tamb\u00e9m s\u00e3o f\u00e1ceis de encontrar em nosso site. Jogar Powerball pela internet \u00e9 incrivelmente simples e proporciona muita emo\u00e7\u00e3o.<\/p>\n<h2>Quando acontecem os sorteios Powerball Lotto?<\/h2>\n<p>Os sorteios da Powerball acontecem <strong>tr\u00eas vezes por semana \u2013 \u00e0s segundas, quartas e s\u00e1bados<\/strong>. Procurando fortes emo\u00e7\u00f5es e pr\u00eamios fant\u00e1sticos? Jogue Powerball lotto online \u2013 r\u00e1pido, pr\u00e1tico e sem sair de casa. Boa sorte!<\/p>\n<h2>Tabela de Pr\u00eamios Powerball e Chances de Ganhar<\/h2>\n","protected":false},"excerpt":{"rendered":"<p>Saiba mais sobre os pr\u00eamios Powerball, o jackpot e as regras do jogo. Powerball Lotto \u2013 um jogo de sorte ou uma loteria \u2013 \u00e9 uma das formas de entretenimento mais populares do mundo no universo das apostas. A maioria de n\u00f3s j\u00e1 participou de um sorteio de loteria pelo menos uma vez. As loterias [&hellip;]<\/p>\n","protected":false},"author":1,"featured_media":0,"parent":6908,"menu_order":1,"comment_status":"closed","ping_status":"closed","template":"powerball-usa-info.php","meta":{"_et_pb_use_builder":"","_et_pb_old_content":"","_et_gb_content_width":"","exclude_from_search":false,"footnotes":""},"class_list":["post-10622","page","type-page","status-publish","hentry"],"yoast_head":"<!-- This site is optimized with the Yoast SEO plugin v23.8 - https:\/\/yoast.com\/wordpress\/plugins\/seo\/ -->\n<title>Powerball Pr\u00eamios, Regras e Jackpot - LottoMat<\/title>\n<meta name=\"description\" content=\"Confira os pr\u00eamios Powerball, o jackpot e as regras do jogo Powerball. Descubra mais sobre suas chances de ganhar nesta loteria americana.\" \/>\n<meta name=\"robots\" content=\"index, follow, max-snippet:-1, max-image-preview:large, max-video-preview:-1\" \/>\n<link rel=\"canonical\" href=\"https:\/\/lottomat.com\/pt\/loterias\/powerball\/\" \/>\n<meta property=\"og:locale\" content=\"pt_PT\" \/>\n<meta property=\"og:type\" content=\"article\" \/>\n<meta property=\"og:title\" content=\"Powerball Pr\u00eamios, Regras e Jackpot - LottoMat\" \/>\n<meta property=\"og:description\" content=\"Confira os pr\u00eamios Powerball, o jackpot e as regras do jogo Powerball. Descubra mais sobre suas chances de ganhar nesta loteria americana.\" \/>\n<meta property=\"og:url\" content=\"https:\/\/lottomat.com\/pt\/loterias\/powerball\/\" \/>\n<meta property=\"og:site_name\" content=\"Lottomat\" \/>\n<meta property=\"article:modified_time\" content=\"2025-11-16T11:06:36+00:00\" \/>\n<meta property=\"og:image\" content=\"https:\/\/lottomat.com\/wp-content\/uploads\/2025\/10\/Powerball-jackpot-300x300.webp\" \/>\n<meta name=\"twitter:card\" content=\"summary_large_image\" \/>\n<meta name=\"twitter:label1\" content=\"Est. reading time\" \/>\n\t<meta name=\"twitter:data1\" content=\"6 minutes\" \/>\n<script type=\"application\/ld+json\" class=\"yoast-schema-graph\">{\"@context\":\"https:\/\/schema.org\",\"@graph\":[{\"@type\":\"WebPage\",\"@id\":\"https:\/\/lottomat.com\/pt\/loterias\/powerball\/\",\"url\":\"https:\/\/lottomat.com\/pt\/loterias\/powerball\/\",\"name\":\"Powerball Pr\u00eamios, Regras e Jackpot - LottoMat\",\"isPartOf\":{\"@id\":\"https:\/\/lottomat.com\/pt\/#website\"},\"primaryImageOfPage\":{\"@id\":\"https:\/\/lottomat.com\/pt\/loterias\/powerball\/#primaryimage\"},\"image\":{\"@id\":\"https:\/\/lottomat.com\/pt\/loterias\/powerball\/#primaryimage\"},\"thumbnailUrl\":\"https:\/\/lottomat.com\/wp-content\/uploads\/2025\/10\/Powerball-jackpot-300x300.webp\",\"datePublished\":\"2025-03-26T10:16:37+00:00\",\"dateModified\":\"2025-11-16T11:06:36+00:00\",\"description\":\"Confira os pr\u00eamios Powerball, o jackpot e as regras do jogo Powerball. Descubra mais sobre suas chances de ganhar nesta loteria americana.\",\"breadcrumb\":{\"@id\":\"https:\/\/lottomat.com\/pt\/loterias\/powerball\/#breadcrumb\"},\"inLanguage\":\"pt\",\"potentialAction\":[{\"@type\":\"ReadAction\",\"target\":[\"https:\/\/lottomat.com\/pt\/loterias\/powerball\/\"]}]},{\"@type\":\"ImageObject\",\"inLanguage\":\"pt\",\"@id\":\"https:\/\/lottomat.com\/pt\/loterias\/powerball\/#primaryimage\",\"url\":\"https:\/\/lottomat.com\/wp-content\/uploads\/2025\/10\/Powerball-jackpot-300x300.webp\",\"contentUrl\":\"https:\/\/lottomat.com\/wp-content\/uploads\/2025\/10\/Powerball-jackpot-300x300.webp\"},{\"@type\":\"BreadcrumbList\",\"@id\":\"https:\/\/lottomat.com\/pt\/loterias\/powerball\/#breadcrumb\",\"itemListElement\":[{\"@type\":\"ListItem\",\"position\":1,\"name\":\"Home\",\"item\":\"https:\/\/lottomat.com\/pt\/\"},{\"@type\":\"ListItem\",\"position\":2,\"name\":\"Regras da Loteria: Pr\u00eamios, Jackpot e Probabilidades\",\"item\":\"https:\/\/lottomat.com\/pt\/loterias\/\"},{\"@type\":\"ListItem\",\"position\":3,\"name\":\"Powerball Pr\u00eamios, Regras e Jackpot\"}]},{\"@type\":\"WebSite\",\"@id\":\"https:\/\/lottomat.com\/pt\/#website\",\"url\":\"https:\/\/lottomat.com\/pt\/\",\"name\":\"Lottomat\",\"description\":\"\",\"potentialAction\":[{\"@type\":\"SearchAction\",\"target\":{\"@type\":\"EntryPoint\",\"urlTemplate\":\"https:\/\/lottomat.com\/pt\/?s={search_term_string}\"},\"query-input\":{\"@type\":\"PropertyValueSpecification\",\"valueRequired\":true,\"valueName\":\"search_term_string\"}}],\"inLanguage\":\"pt\"}]}<\/script>\n<!-- \/ Yoast SEO plugin. -->","yoast_head_json":{"title":"Powerball Pr\u00eamios, Regras e Jackpot - LottoMat","description":"Confira os pr\u00eamios Powerball, o jackpot e as regras do jogo Powerball. Descubra mais sobre suas chances de ganhar nesta loteria americana.","robots":{"index":"index","follow":"follow","max-snippet":"max-snippet:-1","max-image-preview":"max-image-preview:large","max-video-preview":"max-video-preview:-1"},"canonical":"https:\/\/lottomat.com\/pt\/loterias\/powerball\/","og_locale":"pt_PT","og_type":"article","og_title":"Powerball Pr\u00eamios, Regras e Jackpot - LottoMat","og_description":"Confira os pr\u00eamios Powerball, o jackpot e as regras do jogo Powerball. Descubra mais sobre suas chances de ganhar nesta loteria americana.","og_url":"https:\/\/lottomat.com\/pt\/loterias\/powerball\/","og_site_name":"Lottomat","article_modified_time":"2025-11-16T11:06:36+00:00","og_image":[{"url":"https:\/\/lottomat.com\/wp-content\/uploads\/2025\/10\/Powerball-jackpot-300x300.webp"}],"twitter_card":"summary_large_image","twitter_misc":{"Est. reading time":"6 minutes"},"schema":{"@context":"https:\/\/schema.org","@graph":[{"@type":"WebPage","@id":"https:\/\/lottomat.com\/pt\/loterias\/powerball\/","url":"https:\/\/lottomat.com\/pt\/loterias\/powerball\/","name":"Powerball Pr\u00eamios, Regras e Jackpot - LottoMat","isPartOf":{"@id":"https:\/\/lottomat.com\/pt\/#website"},"primaryImageOfPage":{"@id":"https:\/\/lottomat.com\/pt\/loterias\/powerball\/#primaryimage"},"image":{"@id":"https:\/\/lottomat.com\/pt\/loterias\/powerball\/#primaryimage"},"thumbnailUrl":"https:\/\/lottomat.com\/wp-content\/uploads\/2025\/10\/Powerball-jackpot-300x300.webp","datePublished":"2025-03-26T10:16:37+00:00","dateModified":"2025-11-16T11:06:36+00:00","description":"Confira os pr\u00eamios Powerball, o jackpot e as regras do jogo Powerball. Descubra mais sobre suas chances de ganhar nesta loteria americana.","breadcrumb":{"@id":"https:\/\/lottomat.com\/pt\/loterias\/powerball\/#breadcrumb"},"inLanguage":"pt","potentialAction":[{"@type":"ReadAction","target":["https:\/\/lottomat.com\/pt\/loterias\/powerball\/"]}]},{"@type":"ImageObject","inLanguage":"pt","@id":"https:\/\/lottomat.com\/pt\/loterias\/powerball\/#primaryimage","url":"https:\/\/lottomat.com\/wp-content\/uploads\/2025\/10\/Powerball-jackpot-300x300.webp","contentUrl":"https:\/\/lottomat.com\/wp-content\/uploads\/2025\/10\/Powerball-jackpot-300x300.webp"},{"@type":"BreadcrumbList","@id":"https:\/\/lottomat.com\/pt\/loterias\/powerball\/#breadcrumb","itemListElement":[{"@type":"ListItem","position":1,"name":"Home","item":"https:\/\/lottomat.com\/pt\/"},{"@type":"ListItem","position":2,"name":"Regras da Loteria: Pr\u00eamios, Jackpot e Probabilidades","item":"https:\/\/lottomat.com\/pt\/loterias\/"},{"@type":"ListItem","position":3,"name":"Powerball Pr\u00eamios, Regras e Jackpot"}]},{"@type":"WebSite","@id":"https:\/\/lottomat.com\/pt\/#website","url":"https:\/\/lottomat.com\/pt\/","name":"Lottomat","description":"","potentialAction":[{"@type":"SearchAction","target":{"@type":"EntryPoint","urlTemplate":"https:\/\/lottomat.com\/pt\/?s={search_term_string}"},"query-input":{"@type":"PropertyValueSpecification","valueRequired":true,"valueName":"search_term_string"}}],"inLanguage":"pt"}]}},"_links":{"self":[{"href":"https:\/\/lottomat.com\/pt\/wp-json\/wp\/v2\/pages\/10622","targetHints":{"allow":["GET"]}}],"collection":[{"href":"https:\/\/lottomat.com\/pt\/wp-json\/wp\/v2\/pages"}],"about":[{"href":"https:\/\/lottomat.com\/pt\/wp-json\/wp\/v2\/types\/page"}],"author":[{"embeddable":true,"href":"https:\/\/lottomat.com\/pt\/wp-json\/wp\/v2\/users\/1"}],"replies":[{"embeddable":true,"href":"https:\/\/lottomat.com\/pt\/wp-json\/wp\/v2\/comments?post=10622"}],"version-history":[{"count":3,"href":"https:\/\/lottomat.com\/pt\/wp-json\/wp\/v2\/pages\/10622\/revisions"}],"predecessor-version":[{"id":257507,"href":"https:\/\/lottomat.com\/pt\/wp-json\/wp\/v2\/pages\/10622\/revisions\/257507"}],"up":[{"embeddable":true,"href":"https:\/\/lottomat.com\/pt\/wp-json\/wp\/v2\/pages\/6908"}],"wp:attachment":[{"href":"https:\/\/lottomat.com\/pt\/wp-json\/wp\/v2\/media?parent=10622"}],"curies":[{"name":"wp","href":"https:\/\/api.w.org\/{rel}","templated":true}]}}