{"id":10562,"date":"2025-03-26T13:41:46","date_gmt":"2025-03-26T13:41:46","guid":{"rendered":"https:\/\/lottomat.net\/informacoes-sobre-a-loteria\/informacoes-sobre-a-mega-millions\/"},"modified":"2026-02-26T20:57:44","modified_gmt":"2026-02-26T20:57:44","slug":"mega-millions","status":"publish","type":"page","link":"https:\/\/lottomat.com\/pt\/loterias\/mega-millions\/","title":{"rendered":"Mega Millions Pr\u00eamios, Regras e Jackpot"},"content":{"rendered":"\n\n<div class=\"kk-star-ratings kksr-auto kksr-align-left kksr-valign-top\"\n    data-payload='{&quot;align&quot;:&quot;left&quot;,&quot;id&quot;:&quot;10562&quot;,&quot;slug&quot;:&quot;default&quot;,&quot;valign&quot;:&quot;top&quot;,&quot;ignore&quot;:&quot;&quot;,&quot;reference&quot;:&quot;auto&quot;,&quot;class&quot;:&quot;&quot;,&quot;count&quot;:&quot;0&quot;,&quot;legendonly&quot;:&quot;&quot;,&quot;readonly&quot;:&quot;&quot;,&quot;score&quot;:&quot;0&quot;,&quot;starsonly&quot;:&quot;&quot;,&quot;best&quot;:&quot;5&quot;,&quot;gap&quot;:&quot;5&quot;,&quot;greet&quot;:&quot;Rate this page&quot;,&quot;legend&quot;:&quot;0\\\/5 - (0 votes)&quot;,&quot;size&quot;:&quot;30&quot;,&quot;title&quot;:&quot;Mega Millions Pr\u00eamios, Regras e Jackpot&quot;,&quot;width&quot;:&quot;0&quot;,&quot;_legend&quot;:&quot;{score}\\\/{best} - ({count} {votes})&quot;,&quot;font_factor&quot;:&quot;1.25&quot;}'>\n            \n<div class=\"kksr-stars\">\n    \n<div class=\"kksr-stars-inactive\">\n            <div class=\"kksr-star\" data-star=\"1\" style=\"padding-right: 5px\">\n            \n\n<div class=\"kksr-icon\" style=\"width: 30px; height: 30px;\"><\/div>\n        <\/div>\n            <div class=\"kksr-star\" data-star=\"2\" style=\"padding-right: 5px\">\n            \n\n<div class=\"kksr-icon\" style=\"width: 30px; height: 30px;\"><\/div>\n        <\/div>\n            <div class=\"kksr-star\" data-star=\"3\" style=\"padding-right: 5px\">\n            \n\n<div class=\"kksr-icon\" style=\"width: 30px; height: 30px;\"><\/div>\n        <\/div>\n            <div class=\"kksr-star\" data-star=\"4\" style=\"padding-right: 5px\">\n            \n\n<div class=\"kksr-icon\" style=\"width: 30px; height: 30px;\"><\/div>\n        <\/div>\n            <div class=\"kksr-star\" data-star=\"5\" style=\"padding-right: 5px\">\n            \n\n<div class=\"kksr-icon\" style=\"width: 30px; height: 30px;\"><\/div>\n        <\/div>\n    <\/div>\n    \n<div class=\"kksr-stars-active\" style=\"width: 0px;\">\n            <div class=\"kksr-star\" style=\"padding-right: 5px\">\n            \n\n<div class=\"kksr-icon\" style=\"width: 30px; height: 30px;\"><\/div>\n        <\/div>\n            <div class=\"kksr-star\" style=\"padding-right: 5px\">\n            \n\n<div class=\"kksr-icon\" style=\"width: 30px; height: 30px;\"><\/div>\n        <\/div>\n            <div class=\"kksr-star\" style=\"padding-right: 5px\">\n            \n\n<div class=\"kksr-icon\" style=\"width: 30px; height: 30px;\"><\/div>\n        <\/div>\n            <div class=\"kksr-star\" style=\"padding-right: 5px\">\n            \n\n<div class=\"kksr-icon\" style=\"width: 30px; height: 30px;\"><\/div>\n        <\/div>\n            <div class=\"kksr-star\" style=\"padding-right: 5px\">\n            \n\n<div class=\"kksr-icon\" style=\"width: 30px; height: 30px;\"><\/div>\n        <\/div>\n    <\/div>\n<\/div>\n                \n\n<div class=\"kksr-legend\" style=\"font-size: 24px;\">\n            <span class=\"kksr-muted\">Rate this page<\/span>\n    <\/div>\n    <\/div>\n<p><strong>Voc\u00ea quer ganhar pr\u00eamios e jackpots do Mega Millions?<\/strong> Jogadores de todo o mundo sempre se perguntam como desvendar o sistema dos jogos de n\u00fameros, em qual loteria apostar, se devem jogar combina\u00e7\u00f5es ou manter-se fi\u00e9is a um \u00fanico jogo. Infelizmente, n\u00e3o existe uma resposta \u00fanica e definitiva para essa pergunta. Cada jogador experiente tem suas pr\u00f3prias teorias, cren\u00e7as e h\u00e1bitos. O que se pode fazer, antes de tudo, \u00e9 aprender o m\u00e1ximo poss\u00edvel sobre as diferentes loterias online, para tomar uma decis\u00e3o bem informada sobre em qual jogar. Tudo o que voc\u00ea precisa saber sobre os melhores e mais populares jogos de sorte online est\u00e1 dispon\u00edvel no site LottoMat. L\u00e1 voc\u00ea tamb\u00e9m pode jogar sua loteria favorita ou <a href=\"https:\/\/lottomat.com\/pt\/resultados\/\">verificar os resultados mais recentes dos sorteios<\/a>. No artigo abaixo, vamos focar nos pr\u00eamios, regras e informa\u00e7\u00f5es essenciais sobre o Mega Millions.<\/p>\n<h2>O que \u00e9 a Loteria Mega Millions?<img loading=\"lazy\" decoding=\"async\" class=\"alignright wp-image-253136\" src=\"https:\/\/lottomat.com\/wp-content\/uploads\/2025\/10\/prizes-and-jackpot.webp\" alt=\"pr\u00eamios e jackpot\" width=\"200\" height=\"200\" srcset=\"https:\/\/lottomat.com\/wp-content\/uploads\/2025\/10\/prizes-and-jackpot.webp 400w, https:\/\/lottomat.com\/wp-content\/uploads\/2025\/10\/prizes-and-jackpot-300x300.webp 300w, https:\/\/lottomat.com\/wp-content\/uploads\/2025\/10\/prizes-and-jackpot-150x150.webp 150w, https:\/\/lottomat.com\/wp-content\/uploads\/2025\/10\/prizes-and-jackpot-100x100.webp 100w\" sizes=\"auto, (max-width: 200px) 100vw, 200px\" \/><\/h2>\n<p>O Mega Millions online, junto com o Powerball, \u00e9 a loteria americana de n\u00fameros mais popular. Ela conquistou sua fama gra\u00e7as \u00e0s regras simples, \u00e0 facilidade de jogar, aos ganhos astron\u00f4micos e, acima de tudo, \u00e0s suas incr\u00edveis chances de vit\u00f3ria. Emo\u00e7\u00f5es \u00fanicas acompanham cada sorteio, e quando h\u00e1 um jackpot do Mega Millions, n\u00e3o s\u00e3o apenas os jogadores que ficam empolgados \u2014 at\u00e9 quem n\u00e3o participa sente a agita\u00e7\u00e3o. Quase todo americano compra bilhetes dessa loteria, mesmo aqueles que normalmente n\u00e3o se interessam por jogos de azar. Os jackpots empolgam n\u00e3o apenas os americanos \u2014 o jogo \u00e9 popular no mundo inteiro. Gra\u00e7as \u00e0 possibilidade de <a href=\"https:\/\/lottomat.com\/pt\/jogar\/mega-millions\/\">jogar Mega Millions online<\/a>, qualquer adulto pode participar dessa incr\u00edvel loteria de qualquer lugar do mundo.<\/p>\n<h2>Qual \u00e9 a hist\u00f3ria do Mega Millions?<\/h2>\n<p>Essa loteria foi fundada em 1996 e inicialmente chamada de The Big Game, sendo renomeada seis anos depois para o nome atual: Mega Millions. No in\u00edcio, estava dispon\u00edvel apenas em seis estados: Ge\u00f3rgia, Maryland, Illinois, Massachusetts, Virg\u00ednia e Michigan. Atualmente, o Mega Millions opera em <strong>45 estados, no Distrito de Columbia e nas Ilhas Virgens Americanas<\/strong>. Os sorteios do Mega Millions acontecem todas as <strong>quartas e s\u00e1bados \u00e0 noite, \u00e0s 03:00 UTC<\/strong>, incluindo feriados observados pela Loteria da Ge\u00f3rgia. Os sorteios dos pr\u00eamios e do jackpot principal do Mega Millions s\u00e3o realizados em Atlanta, Ge\u00f3rgia.<\/p>\n<h2><img loading=\"lazy\" decoding=\"async\" class=\"alignleft wp-image-253166\" src=\"https:\/\/lottomat.com\/wp-content\/uploads\/2025\/10\/Mega-Millions-jackpot.webp\" alt=\"jackpot Mega Millions\" width=\"200\" height=\"200\" srcset=\"https:\/\/lottomat.com\/wp-content\/uploads\/2025\/10\/Mega-Millions-jackpot.webp 400w, https:\/\/lottomat.com\/wp-content\/uploads\/2025\/10\/Mega-Millions-jackpot-300x300.webp 300w, https:\/\/lottomat.com\/wp-content\/uploads\/2025\/10\/Mega-Millions-jackpot-150x150.webp 150w, https:\/\/lottomat.com\/wp-content\/uploads\/2025\/10\/Mega-Millions-jackpot-100x100.webp 100w\" sizes=\"auto, (max-width: 200px) 100vw, 200px\" \/>Quais s\u00e3o as regras do Mega Millions?<\/h2>\n<p>As regras atuais do Mega Millions s\u00e3o simples e parecidas com as de outras loterias. Para jogar, voc\u00ea escolhe <strong>cinco n\u00fameros de um conjunto de 70<\/strong> e um n\u00famero extra (chamado Mega Ball) de um <strong>conjunto de 24 bolas douradas<\/strong>. O n\u00famero adicional, Mega Ball, \u00e9 sorteado de um segundo conjunto de n\u00fameros, podendo coincidir com um n\u00famero principal.<\/p>\n<h3>Principais mudan\u00e7as em 2025<\/h3>\n<ul class=\"list\">\n<li><strong>Pre\u00e7o do bilhete:<\/strong> Agora custa US$ 5 por jogo (antes era US$ 2)<\/li>\n<li><strong>Multiplicador embutido:<\/strong> Cada bilhete inclui automaticamente um multiplicador (2X, 3X, 4X, 5X ou 10X)<\/li>\n<li><strong>Jackpot inicial:<\/strong> Aumentou de US$ 20 milh\u00f5es para US$ 50 milh\u00f5es<\/li>\n<li><strong>Melhores chances:<\/strong> As chances do jackpot melhoraram de 1 em 302.575.350 para 1 em 290.472.336<\/li>\n<li><strong>Conjunto Mega Ball:<\/strong> Reduzido de 25 para 24 n\u00fameros<\/li>\n<\/ul>\n<p><strong>Acertar todos os seis n\u00fameros<\/strong> garante o pr\u00eamio principal. <strong>Os pr\u00eamios de segundo n\u00edvel variam de US$ 2 milh\u00f5es a US$ 10 milh\u00f5es<\/strong> (dependendo do multiplicador), e os jogadores podem ganhar acertando cinco n\u00fameros principais. <strong>Diferen\u00e7as enormes separam<\/strong> o primeiro e o segundo n\u00edvel de pr\u00eamios do Mega Millions! Se ningu\u00e9m acertar todos os n\u00fameros ap\u00f3s um sorteio, o pr\u00eamio acumula. O jackpot acumulado do Mega Millions pode atingir valores impressionantes. \u00c9 uma \u00f3tima ideia comprar bilhetes do Mega Millions online durante uma dessas acumula\u00e7\u00f5es.<\/p>\n<h2>Quais s\u00e3o os maiores jackpots do Mega Millions na hist\u00f3ria?<img loading=\"lazy\" decoding=\"async\" class=\"alignright wp-image-253196\" src=\"https:\/\/lottomat.com\/wp-content\/uploads\/2025\/10\/rules-of-playing.webp\" alt=\"regras do jogo\" width=\"200\" height=\"200\" srcset=\"https:\/\/lottomat.com\/wp-content\/uploads\/2025\/10\/rules-of-playing.webp 400w, https:\/\/lottomat.com\/wp-content\/uploads\/2025\/10\/rules-of-playing-300x300.webp 300w, https:\/\/lottomat.com\/wp-content\/uploads\/2025\/10\/rules-of-playing-150x150.webp 150w, https:\/\/lottomat.com\/wp-content\/uploads\/2025\/10\/rules-of-playing-100x100.webp 100w\" sizes=\"auto, (max-width: 200px) 100vw, 200px\" \/><\/h2>\n<p>Os cinco maiores jackpots do Mega Millions j\u00e1 ganhos s\u00e3o:<\/p>\n<ol class=\"list\">\n<li><strong>US$ 1,602 bilh\u00e3o<\/strong> (8 de agosto de 2023) \u2014 ganho na Fl\u00f3rida<\/li>\n<li><strong>US$ 1,537 bilh\u00e3o<\/strong> (23 de outubro de 2018) \u2014 ganho na Carolina do Sul<\/li>\n<li><strong>US$ 1,35 bilh\u00e3o<\/strong> (13 de janeiro de 2023) \u2014 ganho no Maine<\/li>\n<li><strong>US$ 1,337 bilh\u00e3o<\/strong> (29 de julho de 2022) \u2014 ganho em Illinois<\/li>\n<li><strong>US$ 1,22 bilh\u00e3o<\/strong> (27 de dezembro de 2024) \u2014 ganho na Calif\u00f3rnia<\/li>\n<\/ol>\n<p>Esses jackpots recordistas demonstram o incr\u00edvel potencial das acumula\u00e7\u00f5es do Mega Millions e mostram como o jogo produziu alguns dos maiores pr\u00eamios de loteria da hist\u00f3ria mundial.<\/p>\n<h2>Qual \u00e9 o risco de jogar Mega Millions?<\/h2>\n<p>Costuma-se dizer que \u201cn\u00e3o h\u00e1 divers\u00e3o sem risco\u201d \u2014 e \u00e9 verdade. No caso do Mega Millions, essa frase ganha um significado especial. E o risco, infelizmente, \u00e9 enorme. As chances de ganhar o jackpot do Mega Millions e acertar todos os seis n\u00fameros s\u00e3o de <strong>1 em 290.472.336<\/strong> (a partir de 2025). Uma probabilidade t\u00e3o baixa pode desanimar muitos jogadores, mas o Mega Millions ainda tem seus fi\u00e9is entusiastas. O risco \u00e9, sem d\u00favida, alto, mas assumi-lo pode ser altamente recompensador. O Mega Millions \u00e9 um jogo para jogadores ousados, que gostam de apostar alto e sonham em ganhar milh\u00f5es. Aqueles que preferem jogos mais seguros e de baixo risco provavelmente n\u00e3o se interessar\u00e3o pelo Mega Millions. Felizmente, no <a href=\"https:\/\/lottomat.com\/pt\/\">site LottoMat<\/a>, todos podem encontrar a loteria online que melhor combina com seu perfil.<\/p>\n<h2><img loading=\"lazy\" decoding=\"async\" class=\"alignleft wp-image-253226\" src=\"https:\/\/lottomat.com\/wp-content\/uploads\/2025\/10\/Mega-Millions-rules.webp\" alt=\"regras do Mega Millions\" width=\"200\" height=\"200\" srcset=\"https:\/\/lottomat.com\/wp-content\/uploads\/2025\/10\/Mega-Millions-rules.webp 400w, https:\/\/lottomat.com\/wp-content\/uploads\/2025\/10\/Mega-Millions-rules-300x300.webp 300w, https:\/\/lottomat.com\/wp-content\/uploads\/2025\/10\/Mega-Millions-rules-150x150.webp 150w, https:\/\/lottomat.com\/wp-content\/uploads\/2025\/10\/Mega-Millions-rules-100x100.webp 100w\" sizes=\"auto, (max-width: 200px) 100vw, 200px\" \/>Quais s\u00e3o os pr\u00eamios do Mega Millions e quanto voc\u00ea pode ganhar?<\/h2>\n<p>O valor garantido do pr\u00eamio de primeiro n\u00edvel \u00e9 agora de <strong>US$ 50 milh\u00f5es<\/strong> como jackpot inicial, um aumento significativo em rela\u00e7\u00e3o aos anteriores US$ 15 milh\u00f5es e depois US$ 20 milh\u00f5es. Essa mudan\u00e7a tornou o jogo ainda mais emocionante e atraente para os jogadores. O Mega Millions oferece nove diferentes n\u00edveis de pr\u00eamios, desde acertar apenas a Mega Ball at\u00e9 conquistar o jackpot completo. O formato de 2025 inclui uma <strong>fun\u00e7\u00e3o de multiplicador embutida<\/strong>, que pode aumentar os pr\u00eamios que n\u00e3o s\u00e3o jackpots em 2, 3, 4, 5 ou 10 vezes o valor base. Isso significa que at\u00e9 os pr\u00eamios menores podem se tornar somas consider\u00e1veis. O pr\u00eamio de segundo n\u00edvel (acertando cinco n\u00fameros principais sem a Mega Ball) agora pode variar de <strong>US$ 2 milh\u00f5es a US$ 10 milh\u00f5es<\/strong>, dependendo do multiplicador sorteado. Todos os outros n\u00edveis de pr\u00eamio tamb\u00e9m se beneficiam dessa fun\u00e7\u00e3o de multiplica\u00e7\u00e3o autom\u00e1tica, tornando cada bilhete potencialmente mais valioso do que antes.<\/p>\n<h2>Quem pode jogar Mega Millions e ganhar pr\u00eamios?<\/h2>\n<p>Se voc\u00ea estiver nos Estados Unidos, pode comprar um bilhete em um ponto de venda f\u00edsico. Se estiver fora dos EUA, pode usar o site LottoMat, que oferece a compra de bilhetes online. Em termos simples, o Mega Millions pode ser jogado por <strong>qualquer adulto com acesso \u00e0 Internet<\/strong>, ou seja, pessoas com mais de 18 anos. Atualmente, jogadores de todo o mundo t\u00eam o privil\u00e9gio de enviar bilhetes para qualquer loteria com apenas um clique, preenchendo quantos quiserem, de qualquer lugar do mundo. Sem filas, sem procurar casas lot\u00e9ricas \u2014 com tranquilidade, sem estresse e sem pressa na escolha dos n\u00fameros. No site LottoMat, voc\u00ea tem a oportunidade n\u00e3o apenas de jogar Mega Millions, mas tamb\u00e9m de aprender sobre os sorteios, como jogar para ganhar e <a href=\"https:\/\/lottomat.com\/pt\/resultados\/resultados-da-mega-millions\/\">verificar os resultados mais recentes do Mega Millions<\/a>.<\/p>\n<h2>Quais s\u00e3o suas chances de ganhar no Mega Millions?<img loading=\"lazy\" decoding=\"async\" class=\"alignright wp-image-253256\" src=\"https:\/\/lottomat.com\/wp-content\/uploads\/2025\/10\/Mega-Millions-prizes.webp\" alt=\"pr\u00eamios Mega Millions\" width=\"200\" height=\"200\" srcset=\"https:\/\/lottomat.com\/wp-content\/uploads\/2025\/10\/Mega-Millions-prizes.webp 400w, https:\/\/lottomat.com\/wp-content\/uploads\/2025\/10\/Mega-Millions-prizes-300x300.webp 300w, https:\/\/lottomat.com\/wp-content\/uploads\/2025\/10\/Mega-Millions-prizes-150x150.webp 150w, https:\/\/lottomat.com\/wp-content\/uploads\/2025\/10\/Mega-Millions-prizes-100x100.webp 100w\" sizes=\"auto, (max-width: 200px) 100vw, 200px\" \/><\/h2>\n<p>As chances gerais de ganhar qualquer pr\u00eamio no Mega Millions s\u00e3o de <strong>1 em 23<\/strong> (melhoradas em rela\u00e7\u00e3o a 1 em 24 em 2025). Embora as chances de ganhar o jackpot sejam astron\u00f4micas, existem v\u00e1rios n\u00edveis de pr\u00eamios com melhores probabilidades de ganhos menores. <strong>Lembre-se:<\/strong> Cada sorteio \u00e9 aleat\u00f3rio e cada combina\u00e7\u00e3o de n\u00fameros tem a mesma chance de ser sorteada. A fun\u00e7\u00e3o de multiplicador embutida em 2025 garante que at\u00e9 os pr\u00eamios que n\u00e3o s\u00e3o jackpots possam ser significativos, com a possibilidade de ganhar at\u00e9 <strong>10 vezes<\/strong> o valor base. Com jackpots que regularmente ultrapassam centenas de milh\u00f5es e \u00e0s vezes quebram a marca de um bilh\u00e3o de d\u00f3lares, o Mega Millions continua a oferecer aos jogadores de todo o mundo o sonho da riqueza instant\u00e2nea.<\/p>\n<h2>Tabela de Pr\u00eamios e Probabilidades do Mega Millions<\/h2>\n","protected":false},"excerpt":{"rendered":"<p>Voc\u00ea quer ganhar pr\u00eamios e jackpots do Mega Millions? Jogadores de todo o mundo sempre se perguntam como desvendar o sistema dos jogos de n\u00fameros, em qual loteria apostar, se devem jogar combina\u00e7\u00f5es ou manter-se fi\u00e9is a um \u00fanico jogo. Infelizmente, n\u00e3o existe uma resposta \u00fanica e definitiva para essa pergunta. Cada jogador experiente tem [&hellip;]<\/p>\n","protected":false},"author":2,"featured_media":0,"parent":6908,"menu_order":2,"comment_status":"closed","ping_status":"closed","template":"megamillion-info.php","meta":{"_et_pb_use_builder":"","_et_pb_old_content":"","_et_gb_content_width":"","exclude_from_search":false,"footnotes":""},"class_list":["post-10562","page","type-page","status-publish","hentry"],"yoast_head":"<!-- This site is optimized with the Yoast SEO plugin v23.8 - https:\/\/yoast.com\/wordpress\/plugins\/seo\/ -->\n<title>Pr\u00e9mios e jackpot do Mega Millions [5\/70 + 1\/25] - LottoMat<\/title>\n<meta name=\"description\" content=\"Voc\u00ea tem a oportunidade de ganhar pr\u00eamios e o jackpot do Mega Millions. Mega Millions \u00e9 uma loteria incr\u00edvel em que os jackpots crescem loucamente.\" \/>\n<meta name=\"robots\" content=\"index, follow, max-snippet:-1, max-image-preview:large, max-video-preview:-1\" \/>\n<link rel=\"canonical\" href=\"https:\/\/lottomat.com\/pt\/loterias\/mega-millions\/\" \/>\n<meta property=\"og:locale\" content=\"pt_PT\" \/>\n<meta property=\"og:type\" content=\"article\" \/>\n<meta property=\"og:title\" content=\"Pr\u00e9mios e jackpot do Mega Millions [5\/70 + 1\/25] - LottoMat\" \/>\n<meta property=\"og:description\" content=\"Voc\u00ea tem a oportunidade de ganhar pr\u00eamios e o jackpot do Mega Millions. Mega Millions \u00e9 uma loteria incr\u00edvel em que os jackpots crescem loucamente.\" \/>\n<meta property=\"og:url\" content=\"https:\/\/lottomat.com\/pt\/loterias\/mega-millions\/\" \/>\n<meta property=\"og:site_name\" content=\"Lottomat\" \/>\n<meta property=\"article:modified_time\" content=\"2026-02-26T20:57:44+00:00\" \/>\n<meta property=\"og:image\" content=\"https:\/\/lottomat.com\/wp-content\/uploads\/2025\/10\/prizes-and-jackpot.webp\" \/>\n\t<meta property=\"og:image:width\" content=\"400\" \/>\n\t<meta property=\"og:image:height\" content=\"400\" \/>\n\t<meta property=\"og:image:type\" content=\"image\/webp\" \/>\n<meta name=\"twitter:card\" content=\"summary_large_image\" \/>\n<meta name=\"twitter:label1\" content=\"Est. reading time\" \/>\n\t<meta name=\"twitter:data1\" content=\"7 minutes\" \/>\n<script type=\"application\/ld+json\" class=\"yoast-schema-graph\">{\"@context\":\"https:\/\/schema.org\",\"@graph\":[{\"@type\":\"WebPage\",\"@id\":\"https:\/\/lottomat.com\/pt\/loterias\/mega-millions\/\",\"url\":\"https:\/\/lottomat.com\/pt\/loterias\/mega-millions\/\",\"name\":\"Pr\u00e9mios e jackpot do Mega Millions [5\/70 + 1\/25] - LottoMat\",\"isPartOf\":{\"@id\":\"https:\/\/lottomat.com\/pt\/#website\"},\"primaryImageOfPage\":{\"@id\":\"https:\/\/lottomat.com\/pt\/loterias\/mega-millions\/#primaryimage\"},\"image\":{\"@id\":\"https:\/\/lottomat.com\/pt\/loterias\/mega-millions\/#primaryimage\"},\"thumbnailUrl\":\"https:\/\/lottomat.com\/wp-content\/uploads\/2025\/10\/prizes-and-jackpot.webp\",\"datePublished\":\"2025-03-26T13:41:46+00:00\",\"dateModified\":\"2026-02-26T20:57:44+00:00\",\"description\":\"Voc\u00ea tem a oportunidade de ganhar pr\u00eamios e o jackpot do Mega Millions. Mega Millions \u00e9 uma loteria incr\u00edvel em que os jackpots crescem loucamente.\",\"breadcrumb\":{\"@id\":\"https:\/\/lottomat.com\/pt\/loterias\/mega-millions\/#breadcrumb\"},\"inLanguage\":\"pt\",\"potentialAction\":[{\"@type\":\"ReadAction\",\"target\":[\"https:\/\/lottomat.com\/pt\/loterias\/mega-millions\/\"]}]},{\"@type\":\"ImageObject\",\"inLanguage\":\"pt\",\"@id\":\"https:\/\/lottomat.com\/pt\/loterias\/mega-millions\/#primaryimage\",\"url\":\"https:\/\/lottomat.com\/wp-content\/uploads\/2025\/10\/prizes-and-jackpot.webp\",\"contentUrl\":\"https:\/\/lottomat.com\/wp-content\/uploads\/2025\/10\/prizes-and-jackpot.webp\"},{\"@type\":\"BreadcrumbList\",\"@id\":\"https:\/\/lottomat.com\/pt\/loterias\/mega-millions\/#breadcrumb\",\"itemListElement\":[{\"@type\":\"ListItem\",\"position\":1,\"name\":\"Home\",\"item\":\"https:\/\/lottomat.com\/pt\/\"},{\"@type\":\"ListItem\",\"position\":2,\"name\":\"Regras da Loteria: Pr\u00eamios, Jackpot e Probabilidades\",\"item\":\"https:\/\/lottomat.com\/pt\/loterias\/\"},{\"@type\":\"ListItem\",\"position\":3,\"name\":\"Mega Millions Pr\u00eamios, Regras e Jackpot\"}]},{\"@type\":\"WebSite\",\"@id\":\"https:\/\/lottomat.com\/pt\/#website\",\"url\":\"https:\/\/lottomat.com\/pt\/\",\"name\":\"Lottomat\",\"description\":\"\",\"potentialAction\":[{\"@type\":\"SearchAction\",\"target\":{\"@type\":\"EntryPoint\",\"urlTemplate\":\"https:\/\/lottomat.com\/pt\/?s={search_term_string}\"},\"query-input\":{\"@type\":\"PropertyValueSpecification\",\"valueRequired\":true,\"valueName\":\"search_term_string\"}}],\"inLanguage\":\"pt\"}]}<\/script>\n<!-- \/ Yoast SEO plugin. -->","yoast_head_json":{"title":"Pr\u00e9mios e jackpot do Mega Millions [5\/70 + 1\/25] - LottoMat","description":"Voc\u00ea tem a oportunidade de ganhar pr\u00eamios e o jackpot do Mega Millions. Mega Millions \u00e9 uma loteria incr\u00edvel em que os jackpots crescem loucamente.","robots":{"index":"index","follow":"follow","max-snippet":"max-snippet:-1","max-image-preview":"max-image-preview:large","max-video-preview":"max-video-preview:-1"},"canonical":"https:\/\/lottomat.com\/pt\/loterias\/mega-millions\/","og_locale":"pt_PT","og_type":"article","og_title":"Pr\u00e9mios e jackpot do Mega Millions [5\/70 + 1\/25] - LottoMat","og_description":"Voc\u00ea tem a oportunidade de ganhar pr\u00eamios e o jackpot do Mega Millions. Mega Millions \u00e9 uma loteria incr\u00edvel em que os jackpots crescem loucamente.","og_url":"https:\/\/lottomat.com\/pt\/loterias\/mega-millions\/","og_site_name":"Lottomat","article_modified_time":"2026-02-26T20:57:44+00:00","og_image":[{"width":400,"height":400,"url":"https:\/\/lottomat.com\/wp-content\/uploads\/2025\/10\/prizes-and-jackpot.webp","type":"image\/webp"}],"twitter_card":"summary_large_image","twitter_misc":{"Est. reading time":"7 minutes"},"schema":{"@context":"https:\/\/schema.org","@graph":[{"@type":"WebPage","@id":"https:\/\/lottomat.com\/pt\/loterias\/mega-millions\/","url":"https:\/\/lottomat.com\/pt\/loterias\/mega-millions\/","name":"Pr\u00e9mios e jackpot do Mega Millions [5\/70 + 1\/25] - LottoMat","isPartOf":{"@id":"https:\/\/lottomat.com\/pt\/#website"},"primaryImageOfPage":{"@id":"https:\/\/lottomat.com\/pt\/loterias\/mega-millions\/#primaryimage"},"image":{"@id":"https:\/\/lottomat.com\/pt\/loterias\/mega-millions\/#primaryimage"},"thumbnailUrl":"https:\/\/lottomat.com\/wp-content\/uploads\/2025\/10\/prizes-and-jackpot.webp","datePublished":"2025-03-26T13:41:46+00:00","dateModified":"2026-02-26T20:57:44+00:00","description":"Voc\u00ea tem a oportunidade de ganhar pr\u00eamios e o jackpot do Mega Millions. Mega Millions \u00e9 uma loteria incr\u00edvel em que os jackpots crescem loucamente.","breadcrumb":{"@id":"https:\/\/lottomat.com\/pt\/loterias\/mega-millions\/#breadcrumb"},"inLanguage":"pt","potentialAction":[{"@type":"ReadAction","target":["https:\/\/lottomat.com\/pt\/loterias\/mega-millions\/"]}]},{"@type":"ImageObject","inLanguage":"pt","@id":"https:\/\/lottomat.com\/pt\/loterias\/mega-millions\/#primaryimage","url":"https:\/\/lottomat.com\/wp-content\/uploads\/2025\/10\/prizes-and-jackpot.webp","contentUrl":"https:\/\/lottomat.com\/wp-content\/uploads\/2025\/10\/prizes-and-jackpot.webp"},{"@type":"BreadcrumbList","@id":"https:\/\/lottomat.com\/pt\/loterias\/mega-millions\/#breadcrumb","itemListElement":[{"@type":"ListItem","position":1,"name":"Home","item":"https:\/\/lottomat.com\/pt\/"},{"@type":"ListItem","position":2,"name":"Regras da Loteria: Pr\u00eamios, Jackpot e Probabilidades","item":"https:\/\/lottomat.com\/pt\/loterias\/"},{"@type":"ListItem","position":3,"name":"Mega Millions Pr\u00eamios, Regras e Jackpot"}]},{"@type":"WebSite","@id":"https:\/\/lottomat.com\/pt\/#website","url":"https:\/\/lottomat.com\/pt\/","name":"Lottomat","description":"","potentialAction":[{"@type":"SearchAction","target":{"@type":"EntryPoint","urlTemplate":"https:\/\/lottomat.com\/pt\/?s={search_term_string}"},"query-input":{"@type":"PropertyValueSpecification","valueRequired":true,"valueName":"search_term_string"}}],"inLanguage":"pt"}]}},"_links":{"self":[{"href":"https:\/\/lottomat.com\/pt\/wp-json\/wp\/v2\/pages\/10562","targetHints":{"allow":["GET"]}}],"collection":[{"href":"https:\/\/lottomat.com\/pt\/wp-json\/wp\/v2\/pages"}],"about":[{"href":"https:\/\/lottomat.com\/pt\/wp-json\/wp\/v2\/types\/page"}],"author":[{"embeddable":true,"href":"https:\/\/lottomat.com\/pt\/wp-json\/wp\/v2\/users\/2"}],"replies":[{"embeddable":true,"href":"https:\/\/lottomat.com\/pt\/wp-json\/wp\/v2\/comments?post=10562"}],"version-history":[{"count":3,"href":"https:\/\/lottomat.com\/pt\/wp-json\/wp\/v2\/pages\/10562\/revisions"}],"predecessor-version":[{"id":272057,"href":"https:\/\/lottomat.com\/pt\/wp-json\/wp\/v2\/pages\/10562\/revisions\/272057"}],"up":[{"embeddable":true,"href":"https:\/\/lottomat.com\/pt\/wp-json\/wp\/v2\/pages\/6908"}],"wp:attachment":[{"href":"https:\/\/lottomat.com\/pt\/wp-json\/wp\/v2\/media?parent=10562"}],"curies":[{"name":"wp","href":"https:\/\/api.w.org\/{rel}","templated":true}]}}