{"id":9287,"date":"2025-03-27T18:29:16","date_gmt":"2025-03-27T18:29:16","guid":{"rendered":"https:\/\/lottomat.net\/informacoes-sobre-a-lotaria\/informacoes-sobre-a-lotaria-thunderball\/"},"modified":"2025-04-08T18:57:12","modified_gmt":"2025-04-08T18:57:12","slug":"thunderball","status":"publish","type":"page","link":"https:\/\/lottomat.com\/pt-pt\/lotarias\/thunderball\/","title":{"rendered":"Informa\u00e7\u00f5es sobre a lotaria Thunderball"},"content":{"rendered":"\n\n<div class=\"kk-star-ratings kksr-auto kksr-align-left kksr-valign-top\"\n    data-payload='{&quot;align&quot;:&quot;left&quot;,&quot;id&quot;:&quot;9287&quot;,&quot;slug&quot;:&quot;default&quot;,&quot;valign&quot;:&quot;top&quot;,&quot;ignore&quot;:&quot;&quot;,&quot;reference&quot;:&quot;auto&quot;,&quot;class&quot;:&quot;&quot;,&quot;count&quot;:&quot;0&quot;,&quot;legendonly&quot;:&quot;&quot;,&quot;readonly&quot;:&quot;&quot;,&quot;score&quot;:&quot;0&quot;,&quot;starsonly&quot;:&quot;&quot;,&quot;best&quot;:&quot;5&quot;,&quot;gap&quot;:&quot;5&quot;,&quot;greet&quot;:&quot;Rate this page&quot;,&quot;legend&quot;:&quot;0\\\/5 - (0 votes)&quot;,&quot;size&quot;:&quot;30&quot;,&quot;title&quot;:&quot;Informa\u00e7\u00f5es sobre a lotaria Thunderball&quot;,&quot;width&quot;:&quot;0&quot;,&quot;_legend&quot;:&quot;{score}\\\/{best} - ({count} {votes})&quot;,&quot;font_factor&quot;:&quot;1.25&quot;}'>\n            \n<div class=\"kksr-stars\">\n    \n<div class=\"kksr-stars-inactive\">\n            <div class=\"kksr-star\" data-star=\"1\" style=\"padding-right: 5px\">\n            \n\n<div class=\"kksr-icon\" style=\"width: 30px; height: 30px;\"><\/div>\n        <\/div>\n            <div class=\"kksr-star\" data-star=\"2\" style=\"padding-right: 5px\">\n            \n\n<div class=\"kksr-icon\" style=\"width: 30px; height: 30px;\"><\/div>\n        <\/div>\n            <div class=\"kksr-star\" data-star=\"3\" style=\"padding-right: 5px\">\n            \n\n<div class=\"kksr-icon\" style=\"width: 30px; height: 30px;\"><\/div>\n        <\/div>\n            <div class=\"kksr-star\" data-star=\"4\" style=\"padding-right: 5px\">\n            \n\n<div class=\"kksr-icon\" style=\"width: 30px; height: 30px;\"><\/div>\n        <\/div>\n            <div class=\"kksr-star\" data-star=\"5\" style=\"padding-right: 5px\">\n            \n\n<div class=\"kksr-icon\" style=\"width: 30px; height: 30px;\"><\/div>\n        <\/div>\n    <\/div>\n    \n<div class=\"kksr-stars-active\" style=\"width: 0px;\">\n            <div class=\"kksr-star\" style=\"padding-right: 5px\">\n            \n\n<div class=\"kksr-icon\" style=\"width: 30px; height: 30px;\"><\/div>\n        <\/div>\n            <div class=\"kksr-star\" style=\"padding-right: 5px\">\n            \n\n<div class=\"kksr-icon\" style=\"width: 30px; height: 30px;\"><\/div>\n        <\/div>\n            <div class=\"kksr-star\" style=\"padding-right: 5px\">\n            \n\n<div class=\"kksr-icon\" style=\"width: 30px; height: 30px;\"><\/div>\n        <\/div>\n            <div class=\"kksr-star\" style=\"padding-right: 5px\">\n            \n\n<div class=\"kksr-icon\" style=\"width: 30px; height: 30px;\"><\/div>\n        <\/div>\n            <div class=\"kksr-star\" style=\"padding-right: 5px\">\n            \n\n<div class=\"kksr-icon\" style=\"width: 30px; height: 30px;\"><\/div>\n        <\/div>\n    <\/div>\n<\/div>\n                \n\n<div class=\"kksr-legend\" style=\"font-size: 24px;\">\n            <span class=\"kksr-muted\">Rate this page<\/span>\n    <\/div>\n    <\/div>\n<h2><img loading=\"lazy\" decoding=\"async\" class=\"alignleft wp-image-5336\" src=\"https:\/\/lottomat.com\/wp-content\/uploads\/2025\/03\/The-British-Thunderball-Lottery-300x300.png\" alt=\"The British Thunderball Lottery\" width=\"100\" height=\"100\" srcset=\"https:\/\/lottomat.com\/wp-content\/uploads\/2025\/03\/The-British-Thunderball-Lottery-300x300.png 300w, https:\/\/lottomat.com\/wp-content\/uploads\/2025\/03\/The-British-Thunderball-Lottery-150x150.png 150w, https:\/\/lottomat.com\/wp-content\/uploads\/2025\/03\/The-British-Thunderball-Lottery-100x100.png 100w, https:\/\/lottomat.com\/wp-content\/uploads\/2025\/03\/The-British-Thunderball-Lottery.png 400w\" sizes=\"auto, (max-width: 100px) 100vw, 100px\" \/>Descubra a emo\u00e7\u00e3o da lotaria brit\u00e2nica Thunderball<\/h2>\n<p>A Loteria Brit\u00e2nica Thunderball \u00e9 uma oportunidade emocionante para qualquer pessoa que queira experimentar a emo\u00e7\u00e3o de ganhar uma quantia substancial. Com o seu formato \u00fanico e sorteios frequentes, o Thunderball destaca-se como uma escolha fant\u00e1stica para os entusiastas da lotaria. Ao explorar o mundo de Thunderball, descobrir\u00e1 que este oferece mais do que apenas a hip\u00f3tese de ganhar dinheiro: \u00e9 uma aventura cheia de expectativa e sonhos sobre o que pode ser.<\/p>\n<h2><img loading=\"lazy\" decoding=\"async\" class=\"alignleft wp-image-5365\" src=\"https:\/\/lottomat.net\/wp-content\/uploads\/2025\/03\/How-Of-Of-is-Thunderball-Drawn-300x300.png\" alt=\"Com que frequ\u00eancia o Thunderball \u00e9 sorteado\" width=\"100\" height=\"100\" \/>Com que frequ\u00eancia o Thunderball \u00e9 sorteado?<\/h2>\n<p>Um dos aspetos atrativos da Thunderball Lottery \u00e9 a frequ\u00eancia dos sorteios. Os sorteios decorrem quatro vezes por semana, \u00e0s ter\u00e7as, quartas, sextas e s\u00e1bados. Esta programa\u00e7\u00e3o regular oferece aos jogadores diversas oportunidades de experienciar a emo\u00e7\u00e3o e potencialmente mudar as suas vidas. A regularidade dos sorteios significa que nunca ter\u00e1 de esperar muito pela pr\u00f3xima oportunidade de jogar e ganhar.<\/p>\n<h2>Porqu\u00ea jogar na lotaria Thunderball?<img loading=\"lazy\" decoding=\"async\" class=\"alignleft wp-image-5394\" src=\"https:\/\/lottomat.com\/wp-content\/uploads\/2025\/03\/Play-the-Thunderball-Lottery-300x300.png\" alt=\"Jogar na lotaria Thunderball\" width=\"100\" height=\"100\" srcset=\"https:\/\/lottomat.com\/wp-content\/uploads\/2025\/03\/Play-the-Thunderball-Lottery-300x300.png 300w, https:\/\/lottomat.com\/wp-content\/uploads\/2025\/03\/Play-the-Thunderball-Lottery-150x150.png 150w, https:\/\/lottomat.com\/wp-content\/uploads\/2025\/03\/Play-the-Thunderball-Lottery-100x100.png 100w, https:\/\/lottomat.com\/wp-content\/uploads\/2025\/03\/Play-the-Thunderball-Lottery.png 400w\" sizes=\"auto, (max-width: 100px) 100vw, 100px\" \/><\/h2>\n<p>A Loteria Thunderball oferece v\u00e1rios motivos convincentes para participar. Em primeiro lugar, as probabilidades s\u00e3o mais favor\u00e1veis \u200b\u200bem compara\u00e7\u00e3o com outras lotarias, o que a torna uma op\u00e7\u00e3o atrativa para quem procura uma maior probabilidade de ganhar. Com um pr\u00e9mio m\u00e1ximo de 500.000 libras, n\u00e3o se trata apenas de ganhar o jackpot; trata-se de desfrutar da emo\u00e7\u00e3o do jogo e da possibilidade de sair com uma quantia significativa de dinheiro.<\/p>\n<p>Jogar Thunderball tamb\u00e9m significa envolver-se num jogo com um formato simples. Escolhe cinco n\u00fameros de 1 a 39 e um n\u00famero Thunderball de 1 a 14. Esta simplicidade torna-o acess\u00edvel a todos, quer seja um jogador de lotaria experiente ou um novato a tentar a sua sorte pela primeira vez.<\/p>\n<h2><img loading=\"lazy\" decoding=\"async\" class=\"alignleft wp-image-5423\" src=\"https:\/\/lottomat.com\/wp-content\/uploads\/2025\/03\/winning-the-Thunderball-Lottery-300x300.png\" alt=\"winning the Thunderball Lottery\" width=\"100\" height=\"100\" srcset=\"https:\/\/lottomat.com\/wp-content\/uploads\/2025\/03\/winning-the-Thunderball-Lottery-300x300.png 300w, https:\/\/lottomat.com\/wp-content\/uploads\/2025\/03\/winning-the-Thunderball-Lottery-150x150.png 150w, https:\/\/lottomat.com\/wp-content\/uploads\/2025\/03\/winning-the-Thunderball-Lottery-100x100.png 100w, https:\/\/lottomat.com\/wp-content\/uploads\/2025\/03\/winning-the-Thunderball-Lottery.png 400w\" sizes=\"auto, (max-width: 100px) 100vw, 100px\" \/>A alegria de ganhar<\/h2>\n<p>A ideia de ganhar na Lotaria Thunderball \u00e9 inegavelmente entusiasmante. Imagine o que poderia fazer com 500.000 libras na sua conta. Seja a viajar pelo mundo, a comprar a casa dos seus sonhos ou a iniciar um neg\u00f3cio, as possibilidades s\u00e3o infinitas. A emo\u00e7\u00e3o de verificar os seus n\u00fameros ap\u00f3s cada sorteio e imaginar as mudan\u00e7as de estilo de vida que poderia fazer acrescenta uma camada de emo\u00e7\u00e3o \u00e0 vida quotidiana.<\/p>\n<p>Al\u00e9m disso, a Thunderball Lottery d\u00e1-lhe a hip\u00f3tese de sonhar alto sem a press\u00e3o de competir por pr\u00e9mios astron\u00f3micos. O pr\u00e9mio m\u00e1ximo \u00e9 fixo, o que significa que sabe exatamente o que est\u00e1 a receber cada vez que compra um bilhete. Esta transpar\u00eancia \u00e9 um aspeto reconfortante para muitos jogadores, pois permite expectativas claras e objetivos focados.<\/p>\n<h2><img loading=\"lazy\" decoding=\"async\" class=\"alignleft wp-image-5452\" src=\"https:\/\/lottomat.net\/wp-content\/uploads\/2025\/03\/Jogar-em-v\u00e1rias-lotarias-300x300.png\" alt=\"Jogar em v\u00e1rias lotarias\" width=\"100\" height=\"100\" \/>Mais oportunidades com a Lottomat<\/h2>\n<p>Embora a Thunderball Lottery seja uma op\u00e7\u00e3o fant\u00e1stica, a Lottomat oferece acesso a uma variedade de outras lotarias globais, cada uma com o seu charme e grandes pr\u00e9mios. Imagine a emo\u00e7\u00e3o de jogar na lotaria americana Powerball ou Mega Millions, onde os pr\u00e9mios podem chegar \u00e0s centenas de milh\u00f5es. Ou talvez se sinta atra\u00eddo pelo charme europeu do Eurojackpot ou da Superenalotto italiana. Cada lotaria oferece emo\u00e7\u00f5es \u00fanicas e oportunidades de ganhos que podem mudar vidas.<\/p>\n<p>Jogar em diversas lotarias atrav\u00e9s da Lottomat n\u00e3o s\u00f3 diversifica a sua experi\u00eancia de jogo, como tamb\u00e9m aumenta as suas hip\u00f3teses de ganhar. Cada bilhete \u00e9 uma nova oportunidade, um novo sonho e uma nova aventura. Com tantas op\u00e7\u00f5es ao seu alcance, o mundo das lotarias torna-se um playground de possibilidades.<\/p>\n<h2><img loading=\"lazy\" decoding=\"async\" class=\"alignleft wp-image-5481\" src=\"https:\/\/lottomat.com\/wp-content\/uploads\/2025\/03\/Consistent-Play-Consistent-Chances-300x300.png\" alt=\"Jogo consistente, hip\u00f3teses consistentes\" width=\"100\" height=\"100\" srcset=\"https:\/\/lottomat.com\/wp-content\/uploads\/2025\/03\/Consistent-Play-Consistent-Chances-300x300.png 300w, https:\/\/lottomat.com\/wp-content\/uploads\/2025\/03\/Consistent-Play-Consistent-Chances-150x150.png 150w, https:\/\/lottomat.com\/wp-content\/uploads\/2025\/03\/Consistent-Play-Consistent-Chances-100x100.png 100w, https:\/\/lottomat.com\/wp-content\/uploads\/2025\/03\/Consistent-Play-Consistent-Chances.png 400w\" sizes=\"auto, (max-width: 100px) 100vw, 100px\" \/>Jogo consistente, hip\u00f3teses consistentes<\/h2>\n<p>Para realmente aproveitar a emo\u00e7\u00e3o e o potencial das lotarias, a consist\u00eancia \u00e9 fundamental. Participar regularmente em sorteios aumenta as suas hip\u00f3teses de ganhar ao longo do tempo. Ao tornar a lotaria uma rotina na sua vida, mant\u00e9m a porta aberta para a possibilidade de uma grande vit\u00f3ria. Quanto mais joga, mais se envolve com o emocionante mundo das lotarias, aumentando a emo\u00e7\u00e3o e a expectativa.<\/p>\n<p>Concluindo, a Loteria Brit\u00e2nica Thunderball oferece uma forma emocionante, acess\u00edvel e gratificante Uma \u00f3tima experi\u00eancia para quem quer explorar o mundo das lotarias. Com os seus sorteios frequentes, probabilidades favor\u00e1veis \u200b\u200be a promessa de um pr\u00e9mio substancial, \u00e9 um jogo que convida os jogadores a sonhar alto e a jogar com frequ\u00eancia. Juntamente com a vasta gama de outras lotarias dispon\u00edveis atrav\u00e9s da Lottomat, as suas oportunidades de ganhar s\u00e3o infinitas. Ent\u00e3o, porqu\u00ea esperar? Mergulhe no mundo de Thunderball e deixe que a emo\u00e7\u00e3o da possibilidade acenda a sua imagina\u00e7\u00e3o. Lembre-se, para ganhar muito, tem de jogar. Com cada bilhete, estar\u00e1 um passo mais perto de realizar os seus sonhos.<\/p>\n","protected":false},"excerpt":{"rendered":"<p>Descubra a emo\u00e7\u00e3o da lotaria brit\u00e2nica Thunderball A Loteria Brit\u00e2nica Thunderball \u00e9 uma oportunidade emocionante para qualquer pessoa que queira experimentar a emo\u00e7\u00e3o de ganhar uma quantia substancial. Com o seu formato \u00fanico e sorteios frequentes, o Thunderball destaca-se como uma escolha fant\u00e1stica para os entusiastas da lotaria. Ao explorar o mundo de Thunderball, descobrir\u00e1 [&hellip;]<\/p>\n","protected":false},"author":2,"featured_media":0,"parent":6911,"menu_order":15,"comment_status":"closed","ping_status":"closed","template":"thunderball-info.php","meta":{"_et_pb_use_builder":"","_et_pb_old_content":"","_et_gb_content_width":"","exclude_from_search":false,"footnotes":""},"class_list":["post-9287","page","type-page","status-publish","hentry"],"yoast_head":"<!-- This site is optimized with the Yoast SEO plugin v23.8 - https:\/\/yoast.com\/wordpress\/plugins\/seo\/ -->\n<title>Informa\u00e7\u00f5es sobre a lotaria Thunderball - Lottomat<\/title>\n<meta name=\"description\" content=\"A Loteria Brit\u00e2nica Thunderball \u00e9 uma oportunidade emocionante para qualquer pessoa que queira experimentar a emo\u00e7\u00e3o de ganhar uma quantia substancial.\" \/>\n<meta name=\"robots\" content=\"index, follow, max-snippet:-1, max-image-preview:large, max-video-preview:-1\" \/>\n<link rel=\"canonical\" href=\"https:\/\/lottomat.com\/pt-pt\/lotarias\/thunderball\/\" \/>\n<meta property=\"og:locale\" content=\"pt_PT\" \/>\n<meta property=\"og:type\" content=\"article\" \/>\n<meta property=\"og:title\" content=\"Informa\u00e7\u00f5es sobre a lotaria Thunderball - Lottomat\" \/>\n<meta property=\"og:description\" content=\"A Loteria Brit\u00e2nica Thunderball \u00e9 uma oportunidade emocionante para qualquer pessoa que queira experimentar a emo\u00e7\u00e3o de ganhar uma quantia substancial.\" \/>\n<meta property=\"og:url\" content=\"https:\/\/lottomat.com\/pt-pt\/lotarias\/thunderball\/\" \/>\n<meta property=\"og:site_name\" content=\"Lottomat\" \/>\n<meta property=\"article:modified_time\" content=\"2025-04-08T18:57:12+00:00\" \/>\n<meta property=\"og:image\" content=\"https:\/\/lottomat.com\/wp-content\/uploads\/2025\/03\/The-British-Thunderball-Lottery-300x300.png\" \/>\n<meta name=\"twitter:card\" content=\"summary_large_image\" \/>\n<meta name=\"twitter:label1\" content=\"Tempo estimado de leitura\" \/>\n\t<meta name=\"twitter:data1\" content=\"4 minutos\" \/>\n<script type=\"application\/ld+json\" class=\"yoast-schema-graph\">{\"@context\":\"https:\/\/schema.org\",\"@graph\":[{\"@type\":\"WebPage\",\"@id\":\"https:\/\/lottomat.com\/pt-pt\/lotarias\/thunderball\/\",\"url\":\"https:\/\/lottomat.com\/pt-pt\/lotarias\/thunderball\/\",\"name\":\"Informa\u00e7\u00f5es sobre a lotaria Thunderball - Lottomat\",\"isPartOf\":{\"@id\":\"https:\/\/lottomat.com\/pt-pt\/#website\"},\"primaryImageOfPage\":{\"@id\":\"https:\/\/lottomat.com\/pt-pt\/lotarias\/thunderball\/#primaryimage\"},\"image\":{\"@id\":\"https:\/\/lottomat.com\/pt-pt\/lotarias\/thunderball\/#primaryimage\"},\"thumbnailUrl\":\"https:\/\/lottomat.com\/wp-content\/uploads\/2025\/03\/The-British-Thunderball-Lottery-300x300.png\",\"datePublished\":\"2025-03-27T18:29:16+00:00\",\"dateModified\":\"2025-04-08T18:57:12+00:00\",\"description\":\"A Loteria Brit\u00e2nica Thunderball \u00e9 uma oportunidade emocionante para qualquer pessoa que queira experimentar a emo\u00e7\u00e3o de ganhar uma quantia substancial.\",\"breadcrumb\":{\"@id\":\"https:\/\/lottomat.com\/pt-pt\/lotarias\/thunderball\/#breadcrumb\"},\"inLanguage\":\"pt-PT\",\"potentialAction\":[{\"@type\":\"ReadAction\",\"target\":[\"https:\/\/lottomat.com\/pt-pt\/lotarias\/thunderball\/\"]}]},{\"@type\":\"ImageObject\",\"inLanguage\":\"pt-PT\",\"@id\":\"https:\/\/lottomat.com\/pt-pt\/lotarias\/thunderball\/#primaryimage\",\"url\":\"https:\/\/lottomat.com\/wp-content\/uploads\/2025\/03\/The-British-Thunderball-Lottery-300x300.png\",\"contentUrl\":\"https:\/\/lottomat.com\/wp-content\/uploads\/2025\/03\/The-British-Thunderball-Lottery-300x300.png\"},{\"@type\":\"BreadcrumbList\",\"@id\":\"https:\/\/lottomat.com\/pt-pt\/lotarias\/thunderball\/#breadcrumb\",\"itemListElement\":[{\"@type\":\"ListItem\",\"position\":1,\"name\":\"Home\",\"item\":\"https:\/\/lottomat.com\/pt-pt\/\"},{\"@type\":\"ListItem\",\"position\":2,\"name\":\"Regras da Lotaria: Pr\u00e9mios, Jackpot e Probabilidades\",\"item\":\"https:\/\/lottomat.com\/pt-pt\/lotarias\/\"},{\"@type\":\"ListItem\",\"position\":3,\"name\":\"Informa\u00e7\u00f5es sobre a lotaria Thunderball\"}]},{\"@type\":\"WebSite\",\"@id\":\"https:\/\/lottomat.com\/pt-pt\/#website\",\"url\":\"https:\/\/lottomat.com\/pt-pt\/\",\"name\":\"Lottomat\",\"description\":\"\",\"potentialAction\":[{\"@type\":\"SearchAction\",\"target\":{\"@type\":\"EntryPoint\",\"urlTemplate\":\"https:\/\/lottomat.com\/pt-pt\/?s={search_term_string}\"},\"query-input\":{\"@type\":\"PropertyValueSpecification\",\"valueRequired\":true,\"valueName\":\"search_term_string\"}}],\"inLanguage\":\"pt-PT\"}]}<\/script>\n<!-- \/ Yoast SEO plugin. -->","yoast_head_json":{"title":"Informa\u00e7\u00f5es sobre a lotaria Thunderball - Lottomat","description":"A Loteria Brit\u00e2nica Thunderball \u00e9 uma oportunidade emocionante para qualquer pessoa que queira experimentar a emo\u00e7\u00e3o de ganhar uma quantia substancial.","robots":{"index":"index","follow":"follow","max-snippet":"max-snippet:-1","max-image-preview":"max-image-preview:large","max-video-preview":"max-video-preview:-1"},"canonical":"https:\/\/lottomat.com\/pt-pt\/lotarias\/thunderball\/","og_locale":"pt_PT","og_type":"article","og_title":"Informa\u00e7\u00f5es sobre a lotaria Thunderball - Lottomat","og_description":"A Loteria Brit\u00e2nica Thunderball \u00e9 uma oportunidade emocionante para qualquer pessoa que queira experimentar a emo\u00e7\u00e3o de ganhar uma quantia substancial.","og_url":"https:\/\/lottomat.com\/pt-pt\/lotarias\/thunderball\/","og_site_name":"Lottomat","article_modified_time":"2025-04-08T18:57:12+00:00","og_image":[{"url":"https:\/\/lottomat.com\/wp-content\/uploads\/2025\/03\/The-British-Thunderball-Lottery-300x300.png"}],"twitter_card":"summary_large_image","twitter_misc":{"Tempo estimado de leitura":"4 minutos"},"schema":{"@context":"https:\/\/schema.org","@graph":[{"@type":"WebPage","@id":"https:\/\/lottomat.com\/pt-pt\/lotarias\/thunderball\/","url":"https:\/\/lottomat.com\/pt-pt\/lotarias\/thunderball\/","name":"Informa\u00e7\u00f5es sobre a lotaria Thunderball - Lottomat","isPartOf":{"@id":"https:\/\/lottomat.com\/pt-pt\/#website"},"primaryImageOfPage":{"@id":"https:\/\/lottomat.com\/pt-pt\/lotarias\/thunderball\/#primaryimage"},"image":{"@id":"https:\/\/lottomat.com\/pt-pt\/lotarias\/thunderball\/#primaryimage"},"thumbnailUrl":"https:\/\/lottomat.com\/wp-content\/uploads\/2025\/03\/The-British-Thunderball-Lottery-300x300.png","datePublished":"2025-03-27T18:29:16+00:00","dateModified":"2025-04-08T18:57:12+00:00","description":"A Loteria Brit\u00e2nica Thunderball \u00e9 uma oportunidade emocionante para qualquer pessoa que queira experimentar a emo\u00e7\u00e3o de ganhar uma quantia substancial.","breadcrumb":{"@id":"https:\/\/lottomat.com\/pt-pt\/lotarias\/thunderball\/#breadcrumb"},"inLanguage":"pt-PT","potentialAction":[{"@type":"ReadAction","target":["https:\/\/lottomat.com\/pt-pt\/lotarias\/thunderball\/"]}]},{"@type":"ImageObject","inLanguage":"pt-PT","@id":"https:\/\/lottomat.com\/pt-pt\/lotarias\/thunderball\/#primaryimage","url":"https:\/\/lottomat.com\/wp-content\/uploads\/2025\/03\/The-British-Thunderball-Lottery-300x300.png","contentUrl":"https:\/\/lottomat.com\/wp-content\/uploads\/2025\/03\/The-British-Thunderball-Lottery-300x300.png"},{"@type":"BreadcrumbList","@id":"https:\/\/lottomat.com\/pt-pt\/lotarias\/thunderball\/#breadcrumb","itemListElement":[{"@type":"ListItem","position":1,"name":"Home","item":"https:\/\/lottomat.com\/pt-pt\/"},{"@type":"ListItem","position":2,"name":"Regras da Lotaria: Pr\u00e9mios, Jackpot e Probabilidades","item":"https:\/\/lottomat.com\/pt-pt\/lotarias\/"},{"@type":"ListItem","position":3,"name":"Informa\u00e7\u00f5es sobre a lotaria Thunderball"}]},{"@type":"WebSite","@id":"https:\/\/lottomat.com\/pt-pt\/#website","url":"https:\/\/lottomat.com\/pt-pt\/","name":"Lottomat","description":"","potentialAction":[{"@type":"SearchAction","target":{"@type":"EntryPoint","urlTemplate":"https:\/\/lottomat.com\/pt-pt\/?s={search_term_string}"},"query-input":{"@type":"PropertyValueSpecification","valueRequired":true,"valueName":"search_term_string"}}],"inLanguage":"pt-PT"}]}},"_links":{"self":[{"href":"https:\/\/lottomat.com\/pt-pt\/wp-json\/wp\/v2\/pages\/9287","targetHints":{"allow":["GET"]}}],"collection":[{"href":"https:\/\/lottomat.com\/pt-pt\/wp-json\/wp\/v2\/pages"}],"about":[{"href":"https:\/\/lottomat.com\/pt-pt\/wp-json\/wp\/v2\/types\/page"}],"author":[{"embeddable":true,"href":"https:\/\/lottomat.com\/pt-pt\/wp-json\/wp\/v2\/users\/2"}],"replies":[{"embeddable":true,"href":"https:\/\/lottomat.com\/pt-pt\/wp-json\/wp\/v2\/comments?post=9287"}],"version-history":[{"count":0,"href":"https:\/\/lottomat.com\/pt-pt\/wp-json\/wp\/v2\/pages\/9287\/revisions"}],"up":[{"embeddable":true,"href":"https:\/\/lottomat.com\/pt-pt\/wp-json\/wp\/v2\/pages\/6911"}],"wp:attachment":[{"href":"https:\/\/lottomat.com\/pt-pt\/wp-json\/wp\/v2\/media?parent=9287"}],"curies":[{"name":"wp","href":"https:\/\/api.w.org\/{rel}","templated":true}]}}