{"id":9238,"date":"2025-03-26T08:35:10","date_gmt":"2025-03-26T08:35:10","guid":{"rendered":"https:\/\/lottomat.net\/jogar-na-lotaria\/jogar-superenalotto-online\/"},"modified":"2026-03-17T07:38:41","modified_gmt":"2026-03-17T07:38:41","slug":"superenalotto","status":"publish","type":"page","link":"https:\/\/lottomat.com\/pt-pt\/jogar\/superenalotto\/","title":{"rendered":"SuperEnalotto Online &#8211; Bilhetes SuperEnalotto"},"content":{"rendered":"\n\n<div class=\"kk-star-ratings kksr-auto kksr-align-left kksr-valign-top\"\n    data-payload='{&quot;align&quot;:&quot;left&quot;,&quot;id&quot;:&quot;9238&quot;,&quot;slug&quot;:&quot;default&quot;,&quot;valign&quot;:&quot;top&quot;,&quot;ignore&quot;:&quot;&quot;,&quot;reference&quot;:&quot;auto&quot;,&quot;class&quot;:&quot;&quot;,&quot;count&quot;:&quot;0&quot;,&quot;legendonly&quot;:&quot;&quot;,&quot;readonly&quot;:&quot;&quot;,&quot;score&quot;:&quot;0&quot;,&quot;starsonly&quot;:&quot;&quot;,&quot;best&quot;:&quot;5&quot;,&quot;gap&quot;:&quot;5&quot;,&quot;greet&quot;:&quot;Rate this page&quot;,&quot;legend&quot;:&quot;0\\\/5 - (0 votes)&quot;,&quot;size&quot;:&quot;30&quot;,&quot;title&quot;:&quot;SuperEnalotto Online - Bilhetes SuperEnalotto&quot;,&quot;width&quot;:&quot;0&quot;,&quot;_legend&quot;:&quot;{score}\\\/{best} - ({count} {votes})&quot;,&quot;font_factor&quot;:&quot;1.25&quot;}'>\n            \n<div class=\"kksr-stars\">\n    \n<div class=\"kksr-stars-inactive\">\n            <div class=\"kksr-star\" data-star=\"1\" style=\"padding-right: 5px\">\n            \n\n<div class=\"kksr-icon\" style=\"width: 30px; height: 30px;\"><\/div>\n        <\/div>\n            <div class=\"kksr-star\" data-star=\"2\" style=\"padding-right: 5px\">\n            \n\n<div class=\"kksr-icon\" style=\"width: 30px; height: 30px;\"><\/div>\n        <\/div>\n            <div class=\"kksr-star\" data-star=\"3\" style=\"padding-right: 5px\">\n            \n\n<div class=\"kksr-icon\" style=\"width: 30px; height: 30px;\"><\/div>\n        <\/div>\n            <div class=\"kksr-star\" data-star=\"4\" style=\"padding-right: 5px\">\n            \n\n<div class=\"kksr-icon\" style=\"width: 30px; height: 30px;\"><\/div>\n        <\/div>\n            <div class=\"kksr-star\" data-star=\"5\" style=\"padding-right: 5px\">\n            \n\n<div class=\"kksr-icon\" style=\"width: 30px; height: 30px;\"><\/div>\n        <\/div>\n    <\/div>\n    \n<div class=\"kksr-stars-active\" style=\"width: 0px;\">\n            <div class=\"kksr-star\" style=\"padding-right: 5px\">\n            \n\n<div class=\"kksr-icon\" style=\"width: 30px; height: 30px;\"><\/div>\n        <\/div>\n            <div class=\"kksr-star\" style=\"padding-right: 5px\">\n            \n\n<div class=\"kksr-icon\" style=\"width: 30px; height: 30px;\"><\/div>\n        <\/div>\n            <div class=\"kksr-star\" style=\"padding-right: 5px\">\n            \n\n<div class=\"kksr-icon\" style=\"width: 30px; height: 30px;\"><\/div>\n        <\/div>\n            <div class=\"kksr-star\" style=\"padding-right: 5px\">\n            \n\n<div class=\"kksr-icon\" style=\"width: 30px; height: 30px;\"><\/div>\n        <\/div>\n            <div class=\"kksr-star\" style=\"padding-right: 5px\">\n            \n\n<div class=\"kksr-icon\" style=\"width: 30px; height: 30px;\"><\/div>\n        <\/div>\n    <\/div>\n<\/div>\n                \n\n<div class=\"kksr-legend\" style=\"font-size: 24px;\">\n            <span class=\"kksr-muted\">Rate this page<\/span>\n    <\/div>\n    <\/div>\n<h2><img loading=\"lazy\" decoding=\"async\" class=\"alignleft wp-image-252554\" src=\"https:\/\/lottomat.com\/wp-content\/uploads\/2025\/10\/Italian-lottery-online-300x300.webp\" alt=\"lotaria italiana online\" width=\"200\" height=\"200\" srcset=\"https:\/\/lottomat.com\/wp-content\/uploads\/2025\/10\/Italian-lottery-online-300x300.webp 300w, https:\/\/lottomat.com\/wp-content\/uploads\/2025\/10\/Italian-lottery-online-150x150.webp 150w, https:\/\/lottomat.com\/wp-content\/uploads\/2025\/10\/Italian-lottery-online-100x100.webp 100w, https:\/\/lottomat.com\/wp-content\/uploads\/2025\/10\/Italian-lottery-online.webp 400w\" sizes=\"auto, (max-width: 200px) 100vw, 200px\" \/>O Que \u00c9 o SuperEnalotto?<\/h2>\n<p><strong>O SuperEnalotto \u00e9 o jogo de lotaria mais popular e prestigiado de It\u00e1lia<\/strong>, reconhecido por oferecer alguns dos maiores jackpots da hist\u00f3ria das lotarias europeias. Esta ic\u00f3nica lotaria italiana tem cativado jogadores desde 1997 com o seu formato \u00fanico e excecional potencial de pr\u00e9mios. <strong>Os sorteios do SuperEnalotto realizam-se tr\u00eas vezes por semana<\/strong> \u2013 \u00e0s ter\u00e7as-feiras, quintas-feiras e s\u00e1bados \u2013 dando aos jogadores m\u00faltiplas oportunidades de ganhar quantias capazes de mudar vidas. O que distingue esta lotaria italiana \u00e9 a aus\u00eancia de um limite m\u00e1ximo para o jackpot, o que significa que os pr\u00e9mios podem acumular-se indefinidamente at\u00e9 algu\u00e9m ganhar, atingindo frequentemente valores astron\u00f3micos que captam a aten\u00e7\u00e3o internacional. Quer jogar SuperEnalotto online? Vamos descobrir mais!<\/p>\n<h2><img loading=\"lazy\" decoding=\"async\" class=\"alignright wp-image-252584\" src=\"https:\/\/lottomat.com\/wp-content\/uploads\/2025\/10\/play-SuperEnalotto-300x300.webp\" alt=\"jogar SuperEnalotto\" width=\"200\" height=\"200\" srcset=\"https:\/\/lottomat.com\/wp-content\/uploads\/2025\/10\/play-SuperEnalotto-300x300.webp 300w, https:\/\/lottomat.com\/wp-content\/uploads\/2025\/10\/play-SuperEnalotto-150x150.webp 150w, https:\/\/lottomat.com\/wp-content\/uploads\/2025\/10\/play-SuperEnalotto-100x100.webp 100w, https:\/\/lottomat.com\/wp-content\/uploads\/2025\/10\/play-SuperEnalotto.webp 400w\" sizes=\"auto, (max-width: 200px) 100vw, 200px\" \/>Como Jogar SuperEnalotto Online?<\/h2>\n<p><strong>Jogar SuperEnalotto online atrav\u00e9s do LottoMat \u00e9 incrivelmente conveniente e acess\u00edvel a partir de qualquer lugar do mundo, a qualquer hora<\/strong>. O processo \u00e9 simples e intuitivo \u2013 basta registar-se no <a href=\"https:\/\/lottomat.com\/pt-pt\/\">site LottoMat<\/a>, selecionar os seus n\u00fameros da sorte e comprar os seus bilhetes online sem sair de casa. <strong>Pode escolher os n\u00fameros manualmente com base na sua estrat\u00e9gia pessoal ou utilizar a op\u00e7\u00e3o Escolha Aleat\u00f3ria para uma sele\u00e7\u00e3o ao acaso<\/strong>. Esta flexibilidade permite que tanto os jogadores estrat\u00e9gicos como os que preferem deixar o destino decidir desfrutem da emo\u00e7\u00e3o da principal lotaria italiana. Jogar online elimina as barreiras geogr\u00e1ficas, tornando poss\u00edvel a jogadores internacionais participar num dos jogos de lotaria mais emocionantes da Europa.<\/p>\n<h2>Como Comprar Bilhetes SuperEnalotto Online?<\/h2>\n<p><strong>A compra de bilhetes SuperEnalotto online requer a utiliza\u00e7\u00e3o do seu m\u00e9todo de pagamento online preferido atrav\u00e9s da plataforma segura LottoMat<\/strong>. Todos os bilhetes est\u00e3o prontamente dispon\u00edveis no site LottoMat, garantindo que nunca perde uma oportunidade de participar num sorteio. <strong>Garantimos a autenticidade das suas participa\u00e7\u00f5es atrav\u00e9s da digitaliza\u00e7\u00e3o de bilhetes originais comprados pelos nossos agentes licenciados diretamente em It\u00e1lia<\/strong>. Este processo assegura que os seus <a href=\"https:\/\/lottomat.com\/pt-pt\/jogar\/\">bilhetes de lotaria online<\/a> s\u00e3o suportados por bilhetes f\u00edsicos genu\u00ednos adquiridos em revendedores italianos autorizados. As c\u00f3pias digitais dos seus bilhetes s\u00e3o guardadas em seguran\u00e7a na sua conta, proporcionando total transpar\u00eancia e seguran\u00e7a para os seus investimentos em lotaria. Este sistema combina a comodidade do jogo online com a fiabilidade da compra tradicional de bilhetes.<\/p>\n<h2><img loading=\"lazy\" decoding=\"async\" class=\"wp-image-252614 alignleft\" src=\"https:\/\/lottomat.com\/wp-content\/uploads\/2025\/10\/SuperEnalotto-online-300x300.webp\" alt=\"SuperEnalotto online\" width=\"200\" height=\"200\" srcset=\"https:\/\/lottomat.com\/wp-content\/uploads\/2025\/10\/SuperEnalotto-online-300x300.webp 300w, https:\/\/lottomat.com\/wp-content\/uploads\/2025\/10\/SuperEnalotto-online-150x150.webp 150w, https:\/\/lottomat.com\/wp-content\/uploads\/2025\/10\/SuperEnalotto-online-100x100.webp 100w, https:\/\/lottomat.com\/wp-content\/uploads\/2025\/10\/SuperEnalotto-online.webp 400w\" sizes=\"auto, (max-width: 200px) 100vw, 200px\" \/>Pode Comprar V\u00e1rios Bilhetes SuperEnalotto?<\/h2>\n<p><strong>Sim, pode aumentar significativamente as suas hip\u00f3teses de ganhar comprando v\u00e1rios bilhetes SuperEnalotto numa \u00fanica transa\u00e7\u00e3o<\/strong>. O LottoMat oferece a conveniente op\u00e7\u00e3o &#8220;mais linhas&#8221;, permitindo-lhe comprar at\u00e9 20 bilhetes SuperEnalotto de uma s\u00f3 vez. Esta funcionalidade \u00e9 perfeita para jogadores que pretendem maximizar o seu potencial de vit\u00f3ria ou para cons\u00f3rcios de lotaria que queiram juntar recursos. <strong>Comprar v\u00e1rios bilhetes n\u00e3o s\u00f3 aumenta as suas probabilidades, como tamb\u00e9m facilita a gest\u00e3o das suas participa\u00e7\u00f5es<\/strong> numa \u00fanica e simples transa\u00e7\u00e3o.<\/p>\n<h2>Pode Comprar Bilhetes SuperEnalotto para V\u00e1rios Sorteios?<\/h2>\n<p><strong>Com toda a certeza! O LottoMat permite-lhe comprar bilhetes SuperEnalotto para at\u00e9 8 sorteios consecutivos<\/strong>, garantindo que nunca perde uma oportunidade de ganhar. Esta op\u00e7\u00e3o de compra antecipada \u00e9 ideal para jogadores ocupados que pretendem manter uma participa\u00e7\u00e3o regular sem terem de se lembrar de comprar bilhetes antes de cada sorteio. <strong>Jogar em v\u00e1rios sorteios com os mesmos n\u00fameros pode fazer parte de uma estrat\u00e9gia de lotaria a longo prazo<\/strong>, e muitos jogadores preferem esta abordagem pela sua comodidade e consist\u00eancia.<\/p>\n<h2>Qual \u00c9 o Pre\u00e7o dos Bilhetes SuperEnalotto Online?<img loading=\"lazy\" decoding=\"async\" class=\"alignright wp-image-252644\" src=\"https:\/\/lottomat.com\/wp-content\/uploads\/2025\/10\/SuperEnalotto-tickets-300x300.webp\" alt=\"bilhetes SuperEnalotto\" width=\"200\" height=\"200\" srcset=\"https:\/\/lottomat.com\/wp-content\/uploads\/2025\/10\/SuperEnalotto-tickets-300x300.webp 300w, https:\/\/lottomat.com\/wp-content\/uploads\/2025\/10\/SuperEnalotto-tickets-150x150.webp 150w, https:\/\/lottomat.com\/wp-content\/uploads\/2025\/10\/SuperEnalotto-tickets-100x100.webp 100w, https:\/\/lottomat.com\/wp-content\/uploads\/2025\/10\/SuperEnalotto-tickets.webp 400w\" sizes=\"auto, (max-width: 200px) 100vw, 200px\" \/><\/h2>\n<p><strong>Ap\u00f3s selecionar o n\u00famero de linhas pretendido no LottoMat, a nossa calculadora autom\u00e1tica calcular\u00e1 instantaneamente o custo total dos seus bilhetes SuperEnalotto<\/strong>. Os pre\u00e7os s\u00e3o transparentes e apresentados de forma clara antes de concluir a compra, garantindo a aus\u00eancia de taxas ocultas ou surpresas. <strong>O nosso sistema de pre\u00e7os tem em conta o n\u00famero de linhas, de sorteios e quaisquer op\u00e7\u00f5es adicionais que tenha selecionado<\/strong>, fornecendo-lhe uma discrimina\u00e7\u00e3o completa do seu investimento em lotaria. Esta funcionalidade de c\u00e1lculo autom\u00e1tico torna a gest\u00e3o do or\u00e7amento para os seus jogos simples e direta.<\/p>\n<h2>Quais S\u00e3o as Melhores Dicas para Jogar SuperEnalotto Online?<\/h2>\n<p><strong>Um jogo bem-sucedido no SuperEnalotto combina estrat\u00e9gia com pr\u00e1ticas de jogo respons\u00e1vel<\/strong>. Considere utilizar uma mistura de n\u00fameros &#8220;quentes&#8221; sorteados com frequ\u00eancia e n\u00fameros &#8220;frios&#8221; menos comuns, embora tenha em conta que cada sorteio \u00e9 independente e aleat\u00f3rio. <strong>As entradas de sistema podem aumentar as suas hip\u00f3teses de ganhar ao cobrir mais combina\u00e7\u00f5es de n\u00fameros<\/strong>, enquanto o jogo consistente com os mesmos n\u00fameros agrada a muitos jogadores dedicados. Defina um or\u00e7amento confort\u00e1vel e cumpra-o, encarando o jogo de lotaria como entretenimento e n\u00e3o como uma estrat\u00e9gia de investimento. <strong>Aproveite as op\u00e7\u00f5es de sorteios m\u00faltiplos para manter a consist\u00eancia<\/strong> e considere juntar-se ou formar um cons\u00f3rcio para unir recursos e aumentar as hip\u00f3teses coletivas do grupo. Muitos jogadores bem-sucedidos acompanham os <a href=\"https:\/\/lottomat.com\/pt-pt\/resultados\/superenalotto\/\">resultados dos sorteios do SuperEnalotto<\/a> e os seus padr\u00f5es, embora seja importante lembrar que os jogos de lotaria s\u00e3o, em \u00faltima an\u00e1lise, baseados no acaso. <strong>A chave est\u00e1 em jogar com responsabilidade, maximizando ao mesmo tempo o prazer desta emocionante lotaria italiana<\/strong>.<\/p>\n<h2>Vale a Pena Jogar SuperEnalotto Online?<\/h2>\n<p><strong>Jogar SuperEnalotto online oferece um valor excecional para os entusiastas de lotaria que procuram os maiores jackpots poss\u00edveis na Europa<\/strong>. A comodidade do jogo online, aliada ao potencial ilimitado do jackpot do SuperEnalotto, torna-o uma op\u00e7\u00e3o atrativa para jogadores de lotaria mais exigentes. <strong>A possibilidade de participar a partir de qualquer lugar do mundo, a qualquer hora, sem restri\u00e7\u00f5es geogr\u00e1ficas, acrescenta um valor enorme<\/strong>. Com tr\u00eas sorteios por semana e alguns dos maiores pr\u00e9mios da hist\u00f3ria das lotarias, o SuperEnalotto oferece mais oportunidades e recompensas potencialmente maiores do que muitas outras lotarias europeias. <strong>A combina\u00e7\u00e3o de acessibilidade, seguran\u00e7a e enorme potencial de pr\u00e9mios faz do SuperEnalotto online uma escolha que vale a pena para os jogadores de lotaria dedicados<\/strong>. Leia mais sobre os <a href=\"https:\/\/lottomat.com\/pt-pt\/lotarias\/superenalotto\/\">pr\u00e9mios e o jackpot do SuperEnalotto<\/a> no nosso site.<\/p>\n<h2>Os Bilhetes SuperEnalotto Comprados Online Atrav\u00e9s do LottoMat S\u00e3o Seguros?<\/h2>\n<p><strong>Sim, os bilhetes SuperEnalotto comprados atrav\u00e9s do LottoMat s\u00e3o completamente seguros e fi\u00e1veis<\/strong>. Garantimos o armazenamento e a gest\u00e3o seguros de todos os seus bilhetes de lotaria atrav\u00e9s do nosso avan\u00e7ado sistema digital. <strong>Cada bilhete \u00e9 digitalizado profissionalmente e guardado na sua conta pessoal<\/strong>, proporcionando-lhe acesso permanente \u00e0s suas participa\u00e7\u00f5es e eliminando qualquer risco de perda ou dano de bilhetes f\u00edsicos. Os nossos agentes licenciados compram bilhetes originais diretamente em revendedores italianos autorizados, garantindo total autenticidade e legitimidade. <strong>As medidas de seguran\u00e7a do LottoMat incluem transa\u00e7\u00f5es encriptadas, armazenamento seguro de dados e total conformidade regulat\u00f3ria<\/strong>, dando-lhe a tranquilidade de saber que os seus investimentos em lotaria est\u00e3o protegidos. Os seus pr\u00e9mios s\u00e3o garantidos e creditados automaticamente na sua conta, tornando todo o processo transparente e de confian\u00e7a.<\/p>\n","protected":false},"excerpt":{"rendered":"<p>O Que \u00c9 o SuperEnalotto? O SuperEnalotto \u00e9 o jogo de lotaria mais popular e prestigiado de It\u00e1lia, reconhecido por oferecer alguns dos maiores jackpots da hist\u00f3ria das lotarias europeias. Esta ic\u00f3nica lotaria italiana tem cativado jogadores desde 1997 com o seu formato \u00fanico e excecional potencial de pr\u00e9mios. Os sorteios do SuperEnalotto realizam-se tr\u00eas [&hellip;]<\/p>\n","protected":false},"author":1,"featured_media":0,"parent":6790,"menu_order":5,"comment_status":"closed","ping_status":"closed","template":"superenalotto.php","meta":{"_et_pb_use_builder":"","_et_pb_old_content":"","_et_gb_content_width":"","exclude_from_search":false,"footnotes":""},"class_list":["post-9238","page","type-page","status-publish","hentry"],"yoast_head":"<!-- This site is optimized with the Yoast SEO plugin v23.8 - https:\/\/yoast.com\/wordpress\/plugins\/seo\/ -->\n<title>SuperEnalotto Online - Bilhetes SuperEnalotto - Lottomat<\/title>\n<meta name=\"description\" content=\"Jogue o italiano SuperEnalotto online e ganhe uma fortuna! Compre bilhetes SuperEnalotto no Lottomat e participe no pr\u00f3ximo sorteio do loto italiano.\" \/>\n<meta name=\"robots\" content=\"index, follow, max-snippet:-1, max-image-preview:large, max-video-preview:-1\" \/>\n<link rel=\"canonical\" href=\"https:\/\/lottomat.com\/pt-pt\/jogar\/superenalotto\/\" \/>\n<meta property=\"og:locale\" content=\"pt_PT\" \/>\n<meta property=\"og:type\" content=\"article\" \/>\n<meta property=\"og:title\" content=\"SuperEnalotto Online - Bilhetes SuperEnalotto - Lottomat\" \/>\n<meta property=\"og:description\" content=\"Jogue o italiano SuperEnalotto online e ganhe uma fortuna! Compre bilhetes SuperEnalotto no Lottomat e participe no pr\u00f3ximo sorteio do loto italiano.\" \/>\n<meta property=\"og:url\" content=\"https:\/\/lottomat.com\/pt-pt\/jogar\/superenalotto\/\" \/>\n<meta property=\"og:site_name\" content=\"Lottomat\" \/>\n<meta property=\"article:modified_time\" content=\"2026-03-17T07:38:41+00:00\" \/>\n<meta property=\"og:image\" content=\"https:\/\/lottomat.com\/wp-content\/uploads\/2025\/10\/Italian-lottery-online.webp\" \/>\n\t<meta property=\"og:image:width\" content=\"400\" \/>\n\t<meta property=\"og:image:height\" content=\"400\" \/>\n\t<meta property=\"og:image:type\" content=\"image\/webp\" \/>\n<meta name=\"twitter:card\" content=\"summary_large_image\" \/>\n<meta name=\"twitter:label1\" content=\"Tempo estimado de leitura\" \/>\n\t<meta name=\"twitter:data1\" content=\"6 minutos\" \/>\n<script type=\"application\/ld+json\" class=\"yoast-schema-graph\">{\"@context\":\"https:\/\/schema.org\",\"@graph\":[{\"@type\":\"WebPage\",\"@id\":\"https:\/\/lottomat.com\/pt-pt\/jogar\/superenalotto\/\",\"url\":\"https:\/\/lottomat.com\/pt-pt\/jogar\/superenalotto\/\",\"name\":\"SuperEnalotto Online - Bilhetes SuperEnalotto - Lottomat\",\"isPartOf\":{\"@id\":\"https:\/\/lottomat.com\/pt-pt\/#website\"},\"primaryImageOfPage\":{\"@id\":\"https:\/\/lottomat.com\/pt-pt\/jogar\/superenalotto\/#primaryimage\"},\"image\":{\"@id\":\"https:\/\/lottomat.com\/pt-pt\/jogar\/superenalotto\/#primaryimage\"},\"thumbnailUrl\":\"https:\/\/lottomat.com\/wp-content\/uploads\/2025\/10\/Italian-lottery-online-300x300.webp\",\"datePublished\":\"2025-03-26T08:35:10+00:00\",\"dateModified\":\"2026-03-17T07:38:41+00:00\",\"description\":\"Jogue o italiano SuperEnalotto online e ganhe uma fortuna! Compre bilhetes SuperEnalotto no Lottomat e participe no pr\u00f3ximo sorteio do loto italiano.\",\"breadcrumb\":{\"@id\":\"https:\/\/lottomat.com\/pt-pt\/jogar\/superenalotto\/#breadcrumb\"},\"inLanguage\":\"pt-PT\",\"potentialAction\":[{\"@type\":\"ReadAction\",\"target\":[\"https:\/\/lottomat.com\/pt-pt\/jogar\/superenalotto\/\"]}]},{\"@type\":\"ImageObject\",\"inLanguage\":\"pt-PT\",\"@id\":\"https:\/\/lottomat.com\/pt-pt\/jogar\/superenalotto\/#primaryimage\",\"url\":\"https:\/\/lottomat.com\/wp-content\/uploads\/2025\/10\/Italian-lottery-online-300x300.webp\",\"contentUrl\":\"https:\/\/lottomat.com\/wp-content\/uploads\/2025\/10\/Italian-lottery-online-300x300.webp\"},{\"@type\":\"BreadcrumbList\",\"@id\":\"https:\/\/lottomat.com\/pt-pt\/jogar\/superenalotto\/#breadcrumb\",\"itemListElement\":[{\"@type\":\"ListItem\",\"position\":1,\"name\":\"Home\",\"item\":\"https:\/\/lottomat.com\/pt-pt\/\"},{\"@type\":\"ListItem\",\"position\":2,\"name\":\"Jogar na Lotaria\",\"item\":\"https:\/\/lottomat.com\/pt-pt\/jogar\/\"},{\"@type\":\"ListItem\",\"position\":3,\"name\":\"SuperEnalotto Online &#8211; Bilhetes SuperEnalotto\"}]},{\"@type\":\"WebSite\",\"@id\":\"https:\/\/lottomat.com\/pt-pt\/#website\",\"url\":\"https:\/\/lottomat.com\/pt-pt\/\",\"name\":\"Lottomat\",\"description\":\"\",\"potentialAction\":[{\"@type\":\"SearchAction\",\"target\":{\"@type\":\"EntryPoint\",\"urlTemplate\":\"https:\/\/lottomat.com\/pt-pt\/?s={search_term_string}\"},\"query-input\":{\"@type\":\"PropertyValueSpecification\",\"valueRequired\":true,\"valueName\":\"search_term_string\"}}],\"inLanguage\":\"pt-PT\"}]}<\/script>\n<!-- \/ Yoast SEO plugin. -->","yoast_head_json":{"title":"SuperEnalotto Online - Bilhetes SuperEnalotto - Lottomat","description":"Jogue o italiano SuperEnalotto online e ganhe uma fortuna! Compre bilhetes SuperEnalotto no Lottomat e participe no pr\u00f3ximo sorteio do loto italiano.","robots":{"index":"index","follow":"follow","max-snippet":"max-snippet:-1","max-image-preview":"max-image-preview:large","max-video-preview":"max-video-preview:-1"},"canonical":"https:\/\/lottomat.com\/pt-pt\/jogar\/superenalotto\/","og_locale":"pt_PT","og_type":"article","og_title":"SuperEnalotto Online - Bilhetes SuperEnalotto - Lottomat","og_description":"Jogue o italiano SuperEnalotto online e ganhe uma fortuna! Compre bilhetes SuperEnalotto no Lottomat e participe no pr\u00f3ximo sorteio do loto italiano.","og_url":"https:\/\/lottomat.com\/pt-pt\/jogar\/superenalotto\/","og_site_name":"Lottomat","article_modified_time":"2026-03-17T07:38:41+00:00","og_image":[{"width":400,"height":400,"url":"https:\/\/lottomat.com\/wp-content\/uploads\/2025\/10\/Italian-lottery-online.webp","type":"image\/webp"}],"twitter_card":"summary_large_image","twitter_misc":{"Tempo estimado de leitura":"6 minutos"},"schema":{"@context":"https:\/\/schema.org","@graph":[{"@type":"WebPage","@id":"https:\/\/lottomat.com\/pt-pt\/jogar\/superenalotto\/","url":"https:\/\/lottomat.com\/pt-pt\/jogar\/superenalotto\/","name":"SuperEnalotto Online - Bilhetes SuperEnalotto - Lottomat","isPartOf":{"@id":"https:\/\/lottomat.com\/pt-pt\/#website"},"primaryImageOfPage":{"@id":"https:\/\/lottomat.com\/pt-pt\/jogar\/superenalotto\/#primaryimage"},"image":{"@id":"https:\/\/lottomat.com\/pt-pt\/jogar\/superenalotto\/#primaryimage"},"thumbnailUrl":"https:\/\/lottomat.com\/wp-content\/uploads\/2025\/10\/Italian-lottery-online-300x300.webp","datePublished":"2025-03-26T08:35:10+00:00","dateModified":"2026-03-17T07:38:41+00:00","description":"Jogue o italiano SuperEnalotto online e ganhe uma fortuna! Compre bilhetes SuperEnalotto no Lottomat e participe no pr\u00f3ximo sorteio do loto italiano.","breadcrumb":{"@id":"https:\/\/lottomat.com\/pt-pt\/jogar\/superenalotto\/#breadcrumb"},"inLanguage":"pt-PT","potentialAction":[{"@type":"ReadAction","target":["https:\/\/lottomat.com\/pt-pt\/jogar\/superenalotto\/"]}]},{"@type":"ImageObject","inLanguage":"pt-PT","@id":"https:\/\/lottomat.com\/pt-pt\/jogar\/superenalotto\/#primaryimage","url":"https:\/\/lottomat.com\/wp-content\/uploads\/2025\/10\/Italian-lottery-online-300x300.webp","contentUrl":"https:\/\/lottomat.com\/wp-content\/uploads\/2025\/10\/Italian-lottery-online-300x300.webp"},{"@type":"BreadcrumbList","@id":"https:\/\/lottomat.com\/pt-pt\/jogar\/superenalotto\/#breadcrumb","itemListElement":[{"@type":"ListItem","position":1,"name":"Home","item":"https:\/\/lottomat.com\/pt-pt\/"},{"@type":"ListItem","position":2,"name":"Jogar na Lotaria","item":"https:\/\/lottomat.com\/pt-pt\/jogar\/"},{"@type":"ListItem","position":3,"name":"SuperEnalotto Online &#8211; Bilhetes SuperEnalotto"}]},{"@type":"WebSite","@id":"https:\/\/lottomat.com\/pt-pt\/#website","url":"https:\/\/lottomat.com\/pt-pt\/","name":"Lottomat","description":"","potentialAction":[{"@type":"SearchAction","target":{"@type":"EntryPoint","urlTemplate":"https:\/\/lottomat.com\/pt-pt\/?s={search_term_string}"},"query-input":{"@type":"PropertyValueSpecification","valueRequired":true,"valueName":"search_term_string"}}],"inLanguage":"pt-PT"}]}},"_links":{"self":[{"href":"https:\/\/lottomat.com\/pt-pt\/wp-json\/wp\/v2\/pages\/9238","targetHints":{"allow":["GET"]}}],"collection":[{"href":"https:\/\/lottomat.com\/pt-pt\/wp-json\/wp\/v2\/pages"}],"about":[{"href":"https:\/\/lottomat.com\/pt-pt\/wp-json\/wp\/v2\/types\/page"}],"author":[{"embeddable":true,"href":"https:\/\/lottomat.com\/pt-pt\/wp-json\/wp\/v2\/users\/1"}],"replies":[{"embeddable":true,"href":"https:\/\/lottomat.com\/pt-pt\/wp-json\/wp\/v2\/comments?post=9238"}],"version-history":[{"count":2,"href":"https:\/\/lottomat.com\/pt-pt\/wp-json\/wp\/v2\/pages\/9238\/revisions"}],"predecessor-version":[{"id":273875,"href":"https:\/\/lottomat.com\/pt-pt\/wp-json\/wp\/v2\/pages\/9238\/revisions\/273875"}],"up":[{"embeddable":true,"href":"https:\/\/lottomat.com\/pt-pt\/wp-json\/wp\/v2\/pages\/6790"}],"wp:attachment":[{"href":"https:\/\/lottomat.com\/pt-pt\/wp-json\/wp\/v2\/media?parent=9238"}],"curies":[{"name":"wp","href":"https:\/\/api.w.org\/{rel}","templated":true}]}}