{"id":8944,"date":"2025-03-26T08:02:36","date_gmt":"2025-03-26T08:02:36","guid":{"rendered":"https:\/\/lottomat.net\/jogar-na-lotaria\/jogar-eurojackpot-online\/"},"modified":"2026-03-17T07:29:09","modified_gmt":"2026-03-17T07:29:09","slug":"eurojackpot","status":"publish","type":"page","link":"https:\/\/lottomat.com\/pt-pt\/jogar\/eurojackpot\/","title":{"rendered":"Jogue Eurojackpot online &#8211; Bilhetes Eurojackpot"},"content":{"rendered":"\n\n<div class=\"kk-star-ratings kksr-auto kksr-align-left kksr-valign-top\"\n    data-payload='{&quot;align&quot;:&quot;left&quot;,&quot;id&quot;:&quot;8944&quot;,&quot;slug&quot;:&quot;default&quot;,&quot;valign&quot;:&quot;top&quot;,&quot;ignore&quot;:&quot;&quot;,&quot;reference&quot;:&quot;auto&quot;,&quot;class&quot;:&quot;&quot;,&quot;count&quot;:&quot;0&quot;,&quot;legendonly&quot;:&quot;&quot;,&quot;readonly&quot;:&quot;&quot;,&quot;score&quot;:&quot;0&quot;,&quot;starsonly&quot;:&quot;&quot;,&quot;best&quot;:&quot;5&quot;,&quot;gap&quot;:&quot;5&quot;,&quot;greet&quot;:&quot;Rate this page&quot;,&quot;legend&quot;:&quot;0\\\/5 - (0 votes)&quot;,&quot;size&quot;:&quot;30&quot;,&quot;title&quot;:&quot;Jogue Eurojackpot online - Bilhetes Eurojackpot&quot;,&quot;width&quot;:&quot;0&quot;,&quot;_legend&quot;:&quot;{score}\\\/{best} - ({count} {votes})&quot;,&quot;font_factor&quot;:&quot;1.25&quot;}'>\n            \n<div class=\"kksr-stars\">\n    \n<div class=\"kksr-stars-inactive\">\n            <div class=\"kksr-star\" data-star=\"1\" style=\"padding-right: 5px\">\n            \n\n<div class=\"kksr-icon\" style=\"width: 30px; height: 30px;\"><\/div>\n        <\/div>\n            <div class=\"kksr-star\" data-star=\"2\" style=\"padding-right: 5px\">\n            \n\n<div class=\"kksr-icon\" style=\"width: 30px; height: 30px;\"><\/div>\n        <\/div>\n            <div class=\"kksr-star\" data-star=\"3\" style=\"padding-right: 5px\">\n            \n\n<div class=\"kksr-icon\" style=\"width: 30px; height: 30px;\"><\/div>\n        <\/div>\n            <div class=\"kksr-star\" data-star=\"4\" style=\"padding-right: 5px\">\n            \n\n<div class=\"kksr-icon\" style=\"width: 30px; height: 30px;\"><\/div>\n        <\/div>\n            <div class=\"kksr-star\" data-star=\"5\" style=\"padding-right: 5px\">\n            \n\n<div class=\"kksr-icon\" style=\"width: 30px; height: 30px;\"><\/div>\n        <\/div>\n    <\/div>\n    \n<div class=\"kksr-stars-active\" style=\"width: 0px;\">\n            <div class=\"kksr-star\" style=\"padding-right: 5px\">\n            \n\n<div class=\"kksr-icon\" style=\"width: 30px; height: 30px;\"><\/div>\n        <\/div>\n            <div class=\"kksr-star\" style=\"padding-right: 5px\">\n            \n\n<div class=\"kksr-icon\" style=\"width: 30px; height: 30px;\"><\/div>\n        <\/div>\n            <div class=\"kksr-star\" style=\"padding-right: 5px\">\n            \n\n<div class=\"kksr-icon\" style=\"width: 30px; height: 30px;\"><\/div>\n        <\/div>\n            <div class=\"kksr-star\" style=\"padding-right: 5px\">\n            \n\n<div class=\"kksr-icon\" style=\"width: 30px; height: 30px;\"><\/div>\n        <\/div>\n            <div class=\"kksr-star\" style=\"padding-right: 5px\">\n            \n\n<div class=\"kksr-icon\" style=\"width: 30px; height: 30px;\"><\/div>\n        <\/div>\n    <\/div>\n<\/div>\n                \n\n<div class=\"kksr-legend\" style=\"font-size: 24px;\">\n            <span class=\"kksr-muted\">Rate this page<\/span>\n    <\/div>\n    <\/div>\n<h2>O Que \u00c9 o Eurojackpot?<\/h2>\n<p>O Eurojackpot online \u00e9 uma <strong>lotaria internacional criada na Europa<\/strong> e que inicialmente era popular apenas do nosso lado do hemisf\u00e9rio. Poder-se-ia dizer que \u00e9 simplesmente uma esp\u00e9cie de vers\u00e3o europeia do loto. O Eurojackpot \u00e9 uma lotaria bastante jovem, foi <strong>criada em mar\u00e7o de 2012<\/strong> e desde ent\u00e3o tem gozado de uma popularidade inabal\u00e1vel, j\u00e1 n\u00e3o apenas na Europa, mas em todo o mundo. Os <strong>pr\u00e9mios elevados, as grandes hip\u00f3teses de escolher os n\u00fameros da sorte e os jackpots incr\u00edveis<\/strong> fazem com que o Eurojackpot atraia um n\u00famero crescente de novos jogadores. Esta lotaria monet\u00e1ria j\u00e1 criou algumas dezenas de milion\u00e1rios do loto. Tudo come\u00e7ou com um plano para criar concorr\u00eancia \u00e0 lotaria Euromillions e j\u00e1 a <strong>ultrapassou, tornando-se um dos <a href=\"https:\/\/lottomat.com\/pt-pt\/jogar\/\">jogos de loto online mais populares<\/a> e de crescimento mais r\u00e1pido<\/strong>.<\/p>\n<h2><img loading=\"lazy\" decoding=\"async\" class=\"alignleft wp-image-257564\" src=\"https:\/\/lottomat.com\/wp-content\/uploads\/2025\/11\/Eurojackpot-online.webp\" alt=\"Eurojackpot online\" width=\"200\" height=\"200\" srcset=\"https:\/\/lottomat.com\/wp-content\/uploads\/2025\/11\/Eurojackpot-online.webp 400w, https:\/\/lottomat.com\/wp-content\/uploads\/2025\/11\/Eurojackpot-online-300x300.webp 300w, https:\/\/lottomat.com\/wp-content\/uploads\/2025\/11\/Eurojackpot-online-150x150.webp 150w, https:\/\/lottomat.com\/wp-content\/uploads\/2025\/11\/Eurojackpot-online-100x100.webp 100w\" sizes=\"auto, (max-width: 200px) 100vw, 200px\" \/>Como Comprar um Bilhete de Lotaria Eurojackpot Online?<\/h2>\n<p>O site LottoMat permite comprar bilhetes de lotaria online, para que n\u00e3o tenha de procurar um local onde adquiri-los. Tem tudo num s\u00f3 lugar, <strong>24 horas por dia, 7 dias por semana<\/strong>. Ainda mais importante \u2013 <strong>a partir de qualquer lugar do mundo<\/strong>, pois uma compra online no LottoMat \u00e9 tratada da mesma forma que uma compra num pa\u00eds participante nos sorteios. O que significa que <strong>independentemente de onde estiver, pode jogar Eurojackpot online!<\/strong> Ap\u00f3s efetuar uma encomenda, <strong>o nosso representante comprar\u00e1 um bilhete f\u00edsico Eurojackpot em seu nome<\/strong>, que ficar\u00e1 dispon\u00edvel na sua conta no LottoMat.<\/p>\n<h2>Qual \u00c9 o Pre\u00e7o de um Bilhete de Lotaria Eurojackpot?<\/h2>\n<p>Primeiro <strong>selecione os n\u00fameros no seu bilhete Eurojackpot online \u2013 5 n\u00fameros b\u00e1sicos e 2 extra<\/strong>. O pre\u00e7o do bilhete ser\u00e1 apresentado na parte inferior da lista. A nossa calculadora calcular\u00e1 o montante devido consoante o n\u00famero de bilhetes que preencher. Agora basta dar-se a si pr\u00f3prio uma hip\u00f3tese de ganhar, o que acontece com uma frequ\u00eancia surpreendente neste jogo.<\/p>\n<h2>Pode Comprar Mais Bilhetes Eurojackpot?<\/h2>\n<p>Sim, pode <strong>comprar v\u00e1rios bilhetes de lotaria Eurojackpot<\/strong> selecionando a op\u00e7\u00e3o &#8220;mais linhas&#8221; e escolhendo tantas linhas quantas necessitar. Esta estrat\u00e9gia permite-lhe <strong>jogar diferentes combina\u00e7\u00f5es de n\u00fameros no mesmo sorteio, podendo aumentar as suas hip\u00f3teses de ganhar<\/strong> um pr\u00e9mio. Cada linha adicional oferece-lhe mais uma oportunidade de acertar nos n\u00fameros vencedores, e pode combinar diferentes m\u00e9todos de sele\u00e7\u00e3o de n\u00fameros nos seus v\u00e1rios bilhetes. Lembre-se de que <strong>cada linha \u00e9 cobrada separadamente<\/strong>, pelo que comprar mais bilhetes aumentar\u00e1 proporcionalmente o custo total.<\/p>\n<h2>Pode Comprar Bilhetes Eurojackpot para V\u00e1rios Sorteios?<\/h2>\n<h2><img loading=\"lazy\" decoding=\"async\" class=\"alignright wp-image-257594\" src=\"https:\/\/lottomat.com\/wp-content\/uploads\/2025\/11\/Eurojackpot-tickets.webp\" alt=\"bilhetes Eurojackpot\" width=\"200\" height=\"200\" srcset=\"https:\/\/lottomat.com\/wp-content\/uploads\/2025\/11\/Eurojackpot-tickets.webp 400w, https:\/\/lottomat.com\/wp-content\/uploads\/2025\/11\/Eurojackpot-tickets-300x300.webp 300w, https:\/\/lottomat.com\/wp-content\/uploads\/2025\/11\/Eurojackpot-tickets-150x150.webp 150w, https:\/\/lottomat.com\/wp-content\/uploads\/2025\/11\/Eurojackpot-tickets-100x100.webp 100w\" sizes=\"auto, (max-width: 200px) 100vw, 200px\" \/><\/h2>\n<p>Sim, no LottoMat pode <strong>comprar bilhetes de lotaria para at\u00e9 8 sorteios consecutivos com anteced\u00eancia<\/strong>. Esta funcionalidade de sorteios m\u00faltiplos garante que nunca perde um sorteio e pode ser especialmente conveniente para jogadores habituais que preferem planear com anteced\u00eancia. Os n\u00fameros selecionados participar\u00e3o automaticamente em cada sorteio agendado, e ser\u00e1 notificado dos resultados de cada sorteio. Esta op\u00e7\u00e3o \u00e9 perfeita para os jogadores que pretendem manter uma participa\u00e7\u00e3o regular sem terem de se lembrar de comprar bilhetes para cada sorteio individualmente.<\/p>\n<h2>Como Jogar Eurojackpot Online: O Que Fazer Para Ganhar?<\/h2>\n<p>Para participar nos sorteios, deve <strong>selecionar 5 n\u00fameros no intervalo de 1 a 50, mais 2 n\u00fameros extra, ou n\u00fameros b\u00f3nus, no intervalo de 1 a 12<\/strong>. Para uma sele\u00e7\u00e3o de n\u00fameros completamente aleat\u00f3ria, pode utilizar a op\u00e7\u00e3o aleat\u00f3ria dispon\u00edvel na plataforma. <strong>Para ganhar o pr\u00e9mio principal, \u00e9 necess\u00e1rio selecionar corretamente todos os 7 n\u00fameros<\/strong>. Quanto aos pr\u00e9mios, n\u00e3o h\u00e1 uma resposta \u00fanica \u00e0 quest\u00e3o &#8220;como jogar Eurojackpot para ganhar&#8221;. Cada jogador tem os seus m\u00e9todos: alguns compram uma grande quantidade de bilhetes, outros consultam os <a href=\"https:\/\/lottomat.com\/pt-pt\/resultados\/\">resultados dos sorteios atuais e arquivados<\/a>, anotam quais os n\u00fameros sorteados com maior frequ\u00eancia e criam as suas pr\u00f3prias estrat\u00e9gias para jogos futuros, e h\u00e1 ainda os que simplesmente jogam. No seu jogo, pode utilizar os chamados <strong>n\u00fameros quentes (mais sorteados) ou frios (menos sorteados)<\/strong> no seu bilhete; pode consult\u00e1-los no site LottoMat, que preparou um guia pr\u00e1tico dispon\u00edvel a todos os jogadores. Ao preencher o bilhete Eurojackpot, certifique-se de <strong>utilizar diferentes combina\u00e7\u00f5es de n\u00fameros e de aproveitar todo o intervalo dispon\u00edvel<\/strong>.<\/p>\n<h2>Quais S\u00e3o as Melhores Dicas para Jogar Eurojackpot Online?<\/h2>\n<p>Para maximizar as suas hip\u00f3teses na lotaria Eurojackpot online, considere <strong>diversificar a sele\u00e7\u00e3o de n\u00fameros por todo o intervalo dispon\u00edvel<\/strong>, em vez de os concentrar numa \u00fanica \u00e1rea. Muitos jogadores experientes recomendam <strong>analisar dados hist\u00f3ricos dos sorteios para identificar padr\u00f5es<\/strong>, embora seja importante lembrar que cada sorteio \u00e9 independente. Pondere <strong>juntar-se a grupos de jogo para aumentar o seu poder de compra ao partilhar custos<\/strong>, e jogue sempre <strong>dentro dos limites do seu or\u00e7amento<\/strong>. Por fim, <strong>a consist\u00eancia pode ser fundamental \u2013 a participa\u00e7\u00e3o regular nos sorteios pode melhorar as suas probabilidades globais<\/strong> em compara\u00e7\u00e3o com uma participa\u00e7\u00e3o espor\u00e1dica. Para saber mais sobre esta lotaria \u2013 <a href=\"https:\/\/lottomat.com\/pt-pt\/lotarias\/eurojackpot\/\">consulte os pr\u00e9mios, as regras e o jackpot do Eurojackpot<\/a> para o pr\u00f3ximo sorteio.<\/p>\n<h2><img loading=\"lazy\" decoding=\"async\" class=\"alignleft wp-image-257624\" src=\"https:\/\/lottomat.com\/wp-content\/uploads\/2025\/11\/play-Eurojackpot.webp\" alt=\"jogar Eurojackpot\" width=\"200\" height=\"200\" srcset=\"https:\/\/lottomat.com\/wp-content\/uploads\/2025\/11\/play-Eurojackpot.webp 400w, https:\/\/lottomat.com\/wp-content\/uploads\/2025\/11\/play-Eurojackpot-300x300.webp 300w, https:\/\/lottomat.com\/wp-content\/uploads\/2025\/11\/play-Eurojackpot-150x150.webp 150w, https:\/\/lottomat.com\/wp-content\/uploads\/2025\/11\/play-Eurojackpot-100x100.webp 100w\" sizes=\"auto, (max-width: 200px) 100vw, 200px\" \/>Quem Pode Jogar Eurojackpot Online?<\/h2>\n<p>Entre os pa\u00edses participantes na lotaria Eurojackpot contam-se nada menos do que <strong>18 estados (Cro\u00e1cia, Rep\u00fablica Checa, Dinamarca, Est\u00f3nia, Finl\u00e2ndia, Alemanha, Hungria, Isl\u00e2ndia, It\u00e1lia, Let\u00f3nia, Litu\u00e2nia, Pa\u00edses Baixos, Noruega, Pol\u00f3nia, Eslov\u00e1quia, Eslov\u00e9nia, Espanha e Su\u00e9cia)<\/strong>. Enumer\u00e1-los todos \u00e9 importante no contexto das regras do Eurojackpot, pois de acordo com os termos de utiliza\u00e7\u00e3o da lotaria, <strong>pessoas com outra cidadania tamb\u00e9m podem participar nos sorteios, desde que o bilhete tenha sido comprado num dos pa\u00edses acima referidos<\/strong>. A lotaria Eurojackpot est\u00e1 dispon\u00edvel maioritariamente online. O site LottoMat permite-lhe comprar bilhetes Eurojackpot pela Internet. \u00c9 muito f\u00e1cil, bastam literalmente alguns cliques e, ap\u00f3s a compra, pode r\u00e1pida e comodamente <a href=\"https:\/\/lottomat.com\/pt-pt\/resultados\/eurojackpot\/\">consultar os resultados atuais do sorteio Eurojackpot<\/a> no site.<\/p>\n<h2>O Que Distingue o Eurojackpot dos Outros Jogos de N\u00fameros?<\/h2>\n<p>A maioria dos jogos de azar foi concebida de forma a tornar os pr\u00e9mios muito elevados acess\u00edveis apenas a um n\u00famero bastante limitado de jogadores. <strong>O Eurojackpot foi criado tendo em mente um n\u00famero muito maior de vencedores, e os pr\u00e9mios ascendem a milhares e milh\u00f5es de euros<\/strong>. Em suma, \u00e9 um sorteio desenhado de forma a <strong>dar aos jogadores maiores hip\u00f3teses de ganhar na lotaria<\/strong>. E embora a lotaria Euromillions, por exemplo, permita ganhar mais, o <strong>Eurojackpot oferece probabilidades de vit\u00f3ria muito superiores<\/strong> num sorteio, com pr\u00e9mios igualmente impressionantes. Vale a pena referir que no Eurojackpot existem <strong>o dobro dos pr\u00e9mios em compara\u00e7\u00e3o com outros jogos de azar<\/strong>, o que coloca os pr\u00e9mios elevados quase ao alcance de todos. \u00c9 esta caracter\u00edstica do jogo que elevou o Eurojackpot a patamares de popularidade mais elevados na Europa. <strong>Um maior n\u00famero de vencedores significa tamb\u00e9m maiores hip\u00f3teses para si<\/strong>.<\/p>\n<h2>Vale a Pena Jogar Eurojackpot Online?<img loading=\"lazy\" decoding=\"async\" class=\"alignright wp-image-257654\" src=\"https:\/\/lottomat.com\/wp-content\/uploads\/2025\/11\/buy-tickets-online.webp\" alt=\"comprar bilhetes online\" width=\"200\" height=\"200\" srcset=\"https:\/\/lottomat.com\/wp-content\/uploads\/2025\/11\/buy-tickets-online.webp 400w, https:\/\/lottomat.com\/wp-content\/uploads\/2025\/11\/buy-tickets-online-300x300.webp 300w, https:\/\/lottomat.com\/wp-content\/uploads\/2025\/11\/buy-tickets-online-150x150.webp 150w, https:\/\/lottomat.com\/wp-content\/uploads\/2025\/11\/buy-tickets-online-100x100.webp 100w\" sizes=\"auto, (max-width: 200px) 100vw, 200px\" \/><\/h2>\n<p>A quest\u00e3o que provavelmente se coloca a si pr\u00f3prio \u00e9 se realmente vale a pena. Muitas pessoas perguntam o mesmo quando est\u00e3o prestes a comprar um bilhete. Como em qualquer lotaria, \u00e9 um risco que corre sempre que compra, mas <strong>os resultados podem mudar a sua vida<\/strong>. Pense no que poderia fazer se ganhasse o jackpot, ou mesmo um pr\u00e9mio menor. Por vezes, vale a pena arriscar pela hip\u00f3tese de algo melhor. O facto \u00e9 que <strong>o Eurojackpot tem probabilidades muito mais favor\u00e1veis do que o seu principal concorrente, o EuroMillions, no geral<\/strong>. \u00c9 <strong>muito mais prov\u00e1vel ganhar o grande pr\u00e9mio desta lotaria do que o da sua concorrente mais popular<\/strong>. Portanto, est\u00e1 a gastar o mesmo dinheiro para ter uma hip\u00f3tese maior de ganhar. A \u00fanica desvantagem \u00e9 que poder\u00e1 n\u00e3o ganhar, mas a expectativa \u00e9 muitas vezes metade da divers\u00e3o. Perder nunca \u00e9 agrad\u00e1vel, especialmente quando sonha com o que poderia fazer com o dinheiro ganho. No entanto, a euforia de ganhar, quando chega, compensa todas as desilus\u00f5es anteriores. Ent\u00e3o, o que est\u00e1 \u00e0 espera? Porque n\u00e3o criar a sua primeira conta no <a href=\"https:\/\/lottomat.com\/pt-pt\/\">site LottoMat<\/a> e descobrir tudo sobre o Eurojackpot? De certeza que ser\u00e1 uma experi\u00eancia divertida e emocionante.<\/p>\n<h2>Onde Deve Comprar o Seu Bilhete Eurojackpot: Online ou Presencialmente?<\/h2>\n<p>Ao comprar bilhetes de lotaria Eurojackpot, pode escolher entre plataformas online como o LottoMat ou pontos de venda f\u00edsicos. <strong>Ambos os m\u00e9todos oferecem o mesmo potencial de vit\u00f3ria<\/strong>, mas diferem em conveni\u00eancia e experi\u00eancia de utiliza\u00e7\u00e3o.<\/p>\n<h3>A Experi\u00eancia Tradicional em Loja<\/h3>\n<p>Comprar bilhetes em loja implica preencher os n\u00fameros \u00e0 m\u00e3o ou pedir uma escolha aleat\u00f3ria no balc\u00e3o. Embora alguns jogadores apreciem o aspeto social e confiem nas compras f\u00edsicas, <strong>tanto os bilhetes online como os presenciais t\u00eam iguais hip\u00f3teses de ganhar o jackpot<\/strong>. O local de compra n\u00e3o afeta as suas probabilidades de ganhar.<\/p>\n<h3><img loading=\"lazy\" decoding=\"async\" class=\"alignleft wp-image-257684\" src=\"https:\/\/lottomat.com\/wp-content\/uploads\/2025\/11\/play-online.webp\" alt=\"jogar online\" width=\"200\" height=\"200\" srcset=\"https:\/\/lottomat.com\/wp-content\/uploads\/2025\/11\/play-online.webp 400w, https:\/\/lottomat.com\/wp-content\/uploads\/2025\/11\/play-online-300x300.webp 300w, https:\/\/lottomat.com\/wp-content\/uploads\/2025\/11\/play-online-150x150.webp 150w, https:\/\/lottomat.com\/wp-content\/uploads\/2025\/11\/play-online-100x100.webp 100w\" sizes=\"auto, (max-width: 200px) 100vw, 200px\" \/>A Comodidade dos Bilhetes de Lotaria Online<\/h3>\n<p><strong>A compra de bilhetes online elimina as filas de espera e poupa tempo<\/strong>. Basta criar uma conta, escolher os seus n\u00fameros ou usar a escolha aleat\u00f3ria, selecionar o m\u00e9todo de pagamento e est\u00e1 feito. Receber\u00e1 notifica\u00e7\u00f5es por e-mail sobre os resultados. <strong>A grande vantagem dos bilhetes online \u00e9 que s\u00e3o armazenados digitalmente, pelo que n\u00e3o os pode perder<\/strong>. Isto elimina o stress de bilhetes extraviados e \u00e9 tamb\u00e9m amigo do ambiente, ao reduzir o desperd\u00edcio de papel. Est\u00e1 pronto para se juntar \u00e0 divers\u00e3o? Escolha os seus n\u00fameros e jogue Eurojackpot online agora!<\/p>\n","protected":false},"excerpt":{"rendered":"<p>O Que \u00c9 o Eurojackpot? O Eurojackpot online \u00e9 uma lotaria internacional criada na Europa e que inicialmente era popular apenas do nosso lado do hemisf\u00e9rio. Poder-se-ia dizer que \u00e9 simplesmente uma esp\u00e9cie de vers\u00e3o europeia do loto. O Eurojackpot \u00e9 uma lotaria bastante jovem, foi criada em mar\u00e7o de 2012 e desde ent\u00e3o tem [&hellip;]<\/p>\n","protected":false},"author":1,"featured_media":0,"parent":6790,"menu_order":4,"comment_status":"closed","ping_status":"closed","template":"eurojackpot.php","meta":{"_et_pb_use_builder":"","_et_pb_old_content":"","_et_gb_content_width":"","exclude_from_search":false,"footnotes":""},"class_list":["post-8944","page","type-page","status-publish","hentry"],"yoast_head":"<!-- This site is optimized with the Yoast SEO plugin v23.8 - https:\/\/yoast.com\/wordpress\/plugins\/seo\/ -->\n<title>Eurojackpot Online - Bilhetes Eurojackpot - LottoMat<\/title>\n<meta name=\"description\" content=\"Jogue Eurojackpot online e ganhe a sorte grande no Lottomat! Selecione os seus n\u00fameros e compre bilhetes Eurojackpot online a qualquer hora!\" \/>\n<meta name=\"robots\" content=\"index, follow, max-snippet:-1, max-image-preview:large, max-video-preview:-1\" \/>\n<link rel=\"canonical\" href=\"https:\/\/lottomat.com\/pt-pt\/jogar\/eurojackpot\/\" \/>\n<meta property=\"og:locale\" content=\"pt_PT\" \/>\n<meta property=\"og:type\" content=\"article\" \/>\n<meta property=\"og:title\" content=\"Eurojackpot Online - Bilhetes Eurojackpot - LottoMat\" \/>\n<meta property=\"og:description\" content=\"Jogue Eurojackpot online e ganhe a sorte grande no Lottomat! Selecione os seus n\u00fameros e compre bilhetes Eurojackpot online a qualquer hora!\" \/>\n<meta property=\"og:url\" content=\"https:\/\/lottomat.com\/pt-pt\/jogar\/eurojackpot\/\" \/>\n<meta property=\"og:site_name\" content=\"Lottomat\" \/>\n<meta property=\"article:modified_time\" content=\"2026-03-17T07:29:09+00:00\" \/>\n<meta property=\"og:image\" content=\"https:\/\/lottomat.com\/wp-content\/uploads\/2025\/11\/Eurojackpot-online.webp\" \/>\n\t<meta property=\"og:image:width\" content=\"400\" \/>\n\t<meta property=\"og:image:height\" content=\"400\" \/>\n\t<meta property=\"og:image:type\" content=\"image\/webp\" \/>\n<meta name=\"twitter:card\" content=\"summary_large_image\" \/>\n<meta name=\"twitter:label1\" content=\"Tempo estimado de leitura\" \/>\n\t<meta name=\"twitter:data1\" content=\"8 minutos\" \/>\n<script type=\"application\/ld+json\" class=\"yoast-schema-graph\">{\"@context\":\"https:\/\/schema.org\",\"@graph\":[{\"@type\":\"WebPage\",\"@id\":\"https:\/\/lottomat.com\/pt-pt\/jogar\/eurojackpot\/\",\"url\":\"https:\/\/lottomat.com\/pt-pt\/jogar\/eurojackpot\/\",\"name\":\"Eurojackpot Online - Bilhetes Eurojackpot - LottoMat\",\"isPartOf\":{\"@id\":\"https:\/\/lottomat.com\/pt-pt\/#website\"},\"primaryImageOfPage\":{\"@id\":\"https:\/\/lottomat.com\/pt-pt\/jogar\/eurojackpot\/#primaryimage\"},\"image\":{\"@id\":\"https:\/\/lottomat.com\/pt-pt\/jogar\/eurojackpot\/#primaryimage\"},\"thumbnailUrl\":\"https:\/\/lottomat.com\/wp-content\/uploads\/2025\/11\/Eurojackpot-online.webp\",\"datePublished\":\"2025-03-26T08:02:36+00:00\",\"dateModified\":\"2026-03-17T07:29:09+00:00\",\"description\":\"Jogue Eurojackpot online e ganhe a sorte grande no Lottomat! Selecione os seus n\u00fameros e compre bilhetes Eurojackpot online a qualquer hora!\",\"breadcrumb\":{\"@id\":\"https:\/\/lottomat.com\/pt-pt\/jogar\/eurojackpot\/#breadcrumb\"},\"inLanguage\":\"pt-PT\",\"potentialAction\":[{\"@type\":\"ReadAction\",\"target\":[\"https:\/\/lottomat.com\/pt-pt\/jogar\/eurojackpot\/\"]}]},{\"@type\":\"ImageObject\",\"inLanguage\":\"pt-PT\",\"@id\":\"https:\/\/lottomat.com\/pt-pt\/jogar\/eurojackpot\/#primaryimage\",\"url\":\"https:\/\/lottomat.com\/wp-content\/uploads\/2025\/11\/Eurojackpot-online.webp\",\"contentUrl\":\"https:\/\/lottomat.com\/wp-content\/uploads\/2025\/11\/Eurojackpot-online.webp\"},{\"@type\":\"BreadcrumbList\",\"@id\":\"https:\/\/lottomat.com\/pt-pt\/jogar\/eurojackpot\/#breadcrumb\",\"itemListElement\":[{\"@type\":\"ListItem\",\"position\":1,\"name\":\"Home\",\"item\":\"https:\/\/lottomat.com\/pt-pt\/\"},{\"@type\":\"ListItem\",\"position\":2,\"name\":\"Jogar na Lotaria\",\"item\":\"https:\/\/lottomat.com\/pt-pt\/jogar\/\"},{\"@type\":\"ListItem\",\"position\":3,\"name\":\"Jogue Eurojackpot online &#8211; Bilhetes Eurojackpot\"}]},{\"@type\":\"WebSite\",\"@id\":\"https:\/\/lottomat.com\/pt-pt\/#website\",\"url\":\"https:\/\/lottomat.com\/pt-pt\/\",\"name\":\"Lottomat\",\"description\":\"\",\"potentialAction\":[{\"@type\":\"SearchAction\",\"target\":{\"@type\":\"EntryPoint\",\"urlTemplate\":\"https:\/\/lottomat.com\/pt-pt\/?s={search_term_string}\"},\"query-input\":{\"@type\":\"PropertyValueSpecification\",\"valueRequired\":true,\"valueName\":\"search_term_string\"}}],\"inLanguage\":\"pt-PT\"}]}<\/script>\n<!-- \/ Yoast SEO plugin. -->","yoast_head_json":{"title":"Eurojackpot Online - Bilhetes Eurojackpot - LottoMat","description":"Jogue Eurojackpot online e ganhe a sorte grande no Lottomat! Selecione os seus n\u00fameros e compre bilhetes Eurojackpot online a qualquer hora!","robots":{"index":"index","follow":"follow","max-snippet":"max-snippet:-1","max-image-preview":"max-image-preview:large","max-video-preview":"max-video-preview:-1"},"canonical":"https:\/\/lottomat.com\/pt-pt\/jogar\/eurojackpot\/","og_locale":"pt_PT","og_type":"article","og_title":"Eurojackpot Online - Bilhetes Eurojackpot - LottoMat","og_description":"Jogue Eurojackpot online e ganhe a sorte grande no Lottomat! Selecione os seus n\u00fameros e compre bilhetes Eurojackpot online a qualquer hora!","og_url":"https:\/\/lottomat.com\/pt-pt\/jogar\/eurojackpot\/","og_site_name":"Lottomat","article_modified_time":"2026-03-17T07:29:09+00:00","og_image":[{"width":400,"height":400,"url":"https:\/\/lottomat.com\/wp-content\/uploads\/2025\/11\/Eurojackpot-online.webp","type":"image\/webp"}],"twitter_card":"summary_large_image","twitter_misc":{"Tempo estimado de leitura":"8 minutos"},"schema":{"@context":"https:\/\/schema.org","@graph":[{"@type":"WebPage","@id":"https:\/\/lottomat.com\/pt-pt\/jogar\/eurojackpot\/","url":"https:\/\/lottomat.com\/pt-pt\/jogar\/eurojackpot\/","name":"Eurojackpot Online - Bilhetes Eurojackpot - LottoMat","isPartOf":{"@id":"https:\/\/lottomat.com\/pt-pt\/#website"},"primaryImageOfPage":{"@id":"https:\/\/lottomat.com\/pt-pt\/jogar\/eurojackpot\/#primaryimage"},"image":{"@id":"https:\/\/lottomat.com\/pt-pt\/jogar\/eurojackpot\/#primaryimage"},"thumbnailUrl":"https:\/\/lottomat.com\/wp-content\/uploads\/2025\/11\/Eurojackpot-online.webp","datePublished":"2025-03-26T08:02:36+00:00","dateModified":"2026-03-17T07:29:09+00:00","description":"Jogue Eurojackpot online e ganhe a sorte grande no Lottomat! Selecione os seus n\u00fameros e compre bilhetes Eurojackpot online a qualquer hora!","breadcrumb":{"@id":"https:\/\/lottomat.com\/pt-pt\/jogar\/eurojackpot\/#breadcrumb"},"inLanguage":"pt-PT","potentialAction":[{"@type":"ReadAction","target":["https:\/\/lottomat.com\/pt-pt\/jogar\/eurojackpot\/"]}]},{"@type":"ImageObject","inLanguage":"pt-PT","@id":"https:\/\/lottomat.com\/pt-pt\/jogar\/eurojackpot\/#primaryimage","url":"https:\/\/lottomat.com\/wp-content\/uploads\/2025\/11\/Eurojackpot-online.webp","contentUrl":"https:\/\/lottomat.com\/wp-content\/uploads\/2025\/11\/Eurojackpot-online.webp"},{"@type":"BreadcrumbList","@id":"https:\/\/lottomat.com\/pt-pt\/jogar\/eurojackpot\/#breadcrumb","itemListElement":[{"@type":"ListItem","position":1,"name":"Home","item":"https:\/\/lottomat.com\/pt-pt\/"},{"@type":"ListItem","position":2,"name":"Jogar na Lotaria","item":"https:\/\/lottomat.com\/pt-pt\/jogar\/"},{"@type":"ListItem","position":3,"name":"Jogue Eurojackpot online &#8211; Bilhetes Eurojackpot"}]},{"@type":"WebSite","@id":"https:\/\/lottomat.com\/pt-pt\/#website","url":"https:\/\/lottomat.com\/pt-pt\/","name":"Lottomat","description":"","potentialAction":[{"@type":"SearchAction","target":{"@type":"EntryPoint","urlTemplate":"https:\/\/lottomat.com\/pt-pt\/?s={search_term_string}"},"query-input":{"@type":"PropertyValueSpecification","valueRequired":true,"valueName":"search_term_string"}}],"inLanguage":"pt-PT"}]}},"_links":{"self":[{"href":"https:\/\/lottomat.com\/pt-pt\/wp-json\/wp\/v2\/pages\/8944","targetHints":{"allow":["GET"]}}],"collection":[{"href":"https:\/\/lottomat.com\/pt-pt\/wp-json\/wp\/v2\/pages"}],"about":[{"href":"https:\/\/lottomat.com\/pt-pt\/wp-json\/wp\/v2\/types\/page"}],"author":[{"embeddable":true,"href":"https:\/\/lottomat.com\/pt-pt\/wp-json\/wp\/v2\/users\/1"}],"replies":[{"embeddable":true,"href":"https:\/\/lottomat.com\/pt-pt\/wp-json\/wp\/v2\/comments?post=8944"}],"version-history":[{"count":3,"href":"https:\/\/lottomat.com\/pt-pt\/wp-json\/wp\/v2\/pages\/8944\/revisions"}],"predecessor-version":[{"id":273869,"href":"https:\/\/lottomat.com\/pt-pt\/wp-json\/wp\/v2\/pages\/8944\/revisions\/273869"}],"up":[{"embeddable":true,"href":"https:\/\/lottomat.com\/pt-pt\/wp-json\/wp\/v2\/pages\/6790"}],"wp:attachment":[{"href":"https:\/\/lottomat.com\/pt-pt\/wp-json\/wp\/v2\/media?parent=8944"}],"curies":[{"name":"wp","href":"https:\/\/api.w.org\/{rel}","templated":true}]}}