{"id":8647,"date":"2025-03-26T07:54:05","date_gmt":"2025-03-26T07:54:05","guid":{"rendered":"https:\/\/lottomat.net\/jogar-na-lotaria\/apostar-no-mega-millions-online\/"},"modified":"2026-03-17T07:09:16","modified_gmt":"2026-03-17T07:09:16","slug":"mega-millions","status":"publish","type":"page","link":"https:\/\/lottomat.com\/pt-pt\/jogar\/mega-millions\/","title":{"rendered":"Jogue Mega Millions online \u2013 Bilhetes Mega Millions"},"content":{"rendered":"\n\n<div class=\"kk-star-ratings kksr-auto kksr-align-left kksr-valign-top\"\n    data-payload='{&quot;align&quot;:&quot;left&quot;,&quot;id&quot;:&quot;8647&quot;,&quot;slug&quot;:&quot;default&quot;,&quot;valign&quot;:&quot;top&quot;,&quot;ignore&quot;:&quot;&quot;,&quot;reference&quot;:&quot;auto&quot;,&quot;class&quot;:&quot;&quot;,&quot;count&quot;:&quot;0&quot;,&quot;legendonly&quot;:&quot;&quot;,&quot;readonly&quot;:&quot;&quot;,&quot;score&quot;:&quot;0&quot;,&quot;starsonly&quot;:&quot;&quot;,&quot;best&quot;:&quot;5&quot;,&quot;gap&quot;:&quot;5&quot;,&quot;greet&quot;:&quot;Rate this page&quot;,&quot;legend&quot;:&quot;0\\\/5 - (0 votes)&quot;,&quot;size&quot;:&quot;30&quot;,&quot;title&quot;:&quot;Jogue Mega Millions online \u2013 Bilhetes Mega Millions&quot;,&quot;width&quot;:&quot;0&quot;,&quot;_legend&quot;:&quot;{score}\\\/{best} - ({count} {votes})&quot;,&quot;font_factor&quot;:&quot;1.25&quot;}'>\n            \n<div class=\"kksr-stars\">\n    \n<div class=\"kksr-stars-inactive\">\n            <div class=\"kksr-star\" data-star=\"1\" style=\"padding-right: 5px\">\n            \n\n<div class=\"kksr-icon\" style=\"width: 30px; height: 30px;\"><\/div>\n        <\/div>\n            <div class=\"kksr-star\" data-star=\"2\" style=\"padding-right: 5px\">\n            \n\n<div class=\"kksr-icon\" style=\"width: 30px; height: 30px;\"><\/div>\n        <\/div>\n            <div class=\"kksr-star\" data-star=\"3\" style=\"padding-right: 5px\">\n            \n\n<div class=\"kksr-icon\" style=\"width: 30px; height: 30px;\"><\/div>\n        <\/div>\n            <div class=\"kksr-star\" data-star=\"4\" style=\"padding-right: 5px\">\n            \n\n<div class=\"kksr-icon\" style=\"width: 30px; height: 30px;\"><\/div>\n        <\/div>\n            <div class=\"kksr-star\" data-star=\"5\" style=\"padding-right: 5px\">\n            \n\n<div class=\"kksr-icon\" style=\"width: 30px; height: 30px;\"><\/div>\n        <\/div>\n    <\/div>\n    \n<div class=\"kksr-stars-active\" style=\"width: 0px;\">\n            <div class=\"kksr-star\" style=\"padding-right: 5px\">\n            \n\n<div class=\"kksr-icon\" style=\"width: 30px; height: 30px;\"><\/div>\n        <\/div>\n            <div class=\"kksr-star\" style=\"padding-right: 5px\">\n            \n\n<div class=\"kksr-icon\" style=\"width: 30px; height: 30px;\"><\/div>\n        <\/div>\n            <div class=\"kksr-star\" style=\"padding-right: 5px\">\n            \n\n<div class=\"kksr-icon\" style=\"width: 30px; height: 30px;\"><\/div>\n        <\/div>\n            <div class=\"kksr-star\" style=\"padding-right: 5px\">\n            \n\n<div class=\"kksr-icon\" style=\"width: 30px; height: 30px;\"><\/div>\n        <\/div>\n            <div class=\"kksr-star\" style=\"padding-right: 5px\">\n            \n\n<div class=\"kksr-icon\" style=\"width: 30px; height: 30px;\"><\/div>\n        <\/div>\n    <\/div>\n<\/div>\n                \n\n<div class=\"kksr-legend\" style=\"font-size: 24px;\">\n            <span class=\"kksr-muted\">Rate this page<\/span>\n    <\/div>\n    <\/div>\n<h2>Como Funciona a Lotaria Mega Millions?<\/h2>\n<p>A lotaria Mega Millions online \u00e9 um jogo de n\u00fameros simples, com regras f\u00e1ceis de memorizar. A tarefa de cada jogador consiste em selecionar cinco n\u00fameros principais no intervalo de 1 a 70 e escolher a Mega Ball, que \u00e9 um n\u00famero b\u00f3nus \u00fanico no intervalo de 1 a 24. O pr\u00e9mio principal destina-se ao vencedor cujo bilhete cont\u00e9m todos os seis n\u00fameros sorteados, compostos por cinco n\u00fameros principais e um n\u00famero b\u00f3nus. Vale a pena referir que a <strong>Mega Millions \u00e9 uma lotaria que possui nada menos do que nove n\u00edveis de pr\u00e9mios<\/strong>, nos quais qualquer jogador pode receber uma recompensa monet\u00e1ria. Ainda mais importante: um bilhete Mega Millions com apenas a Mega Ball selecionada corretamente tamb\u00e9m ganha. Como descrevemos acima, a Mega Millions \u00e9 uma lotaria que oferece verdadeiramente grandes possibilidades de ganhar milh\u00f5es de d\u00f3lares. Leia <a href=\"https:\/\/lottomat.com\/pt-pt\/lotarias\/mega-millions\/\">mais sobre as regras da Mega Millions<\/a> no nosso site e saiba mais.<\/p>\n<h2><img loading=\"lazy\" decoding=\"async\" class=\"alignleft wp-image-251833\" src=\"https:\/\/lottomat.com\/wp-content\/uploads\/2025\/10\/play-Mega-Millions.webp\" alt=\"jogar Mega Millions\" width=\"200\" height=\"200\" srcset=\"https:\/\/lottomat.com\/wp-content\/uploads\/2025\/10\/play-Mega-Millions.webp 400w, https:\/\/lottomat.com\/wp-content\/uploads\/2025\/10\/play-Mega-Millions-300x300.webp 300w, https:\/\/lottomat.com\/wp-content\/uploads\/2025\/10\/play-Mega-Millions-150x150.webp 150w, https:\/\/lottomat.com\/wp-content\/uploads\/2025\/10\/play-Mega-Millions-100x100.webp 100w\" sizes=\"auto, (max-width: 200px) 100vw, 200px\" \/>Quanto Pode Ganhar com a Mega Millions Online?<\/h2>\n<p>Adivinhar corretamente todos os n\u00fameros sorteados garante ganhar o pr\u00e9mio principal ou uma parte do mesmo, caso haja mais do que um vencedor. Se v\u00e1rios jogadores selecionarem todos os n\u00fameros sorteados, o pr\u00e9mio monet\u00e1rio principal \u00e9 dividido proporcionalmente entre todos os participantes. Se acertar nos cinco n\u00fameros principais, mas falhar a Mega Ball, receber\u00e1 um <strong>pr\u00e9mio garantido de 1.000.000 de d\u00f3lares<\/strong> (est\u00e1 a ler bem; estamos a falar de um milh\u00e3o de d\u00f3lares por cinco n\u00fameros corretamente adivinhados!). A Mega Millions \u00e9 uma lotaria com jackpots frequentes que podem atingir valores inimagin\u00e1veis, pelo que os bilhetes vencedores desta lotaria proporcionam ganhos muito consider\u00e1veis aos vencedores. A Mega Millions oferece aos jogadores duas op\u00e7\u00f5es interessantes. Infelizmente, essas op\u00e7\u00f5es adicionais \u2013 incluindo a possibilidade de comprar um bilhete mais barato apenas para o jackpot e de multiplicar os ganhos nos n\u00edveis inferiores do jogo \u2013 est\u00e3o dispon\u00edveis apenas para cidad\u00e3os de determinados estados dos EUA; no entanto, o pr\u00e9mio principal e os seus n\u00edveis inferiores est\u00e3o acess\u00edveis a todos os outros jogadores.<\/p>\n<h2>Qual \u00e9 o Pre\u00e7o de um Bilhete de Lotaria Mega Millions Online?<\/h2>\n<p>Para verificar o custo de um bilhete individual ou de uma quantidade maior, utilize o site LottoMat e use a op\u00e7\u00e3o para selecionar os n\u00fameros vencedores. Ap\u00f3s preencher o bilhete, o seu pre\u00e7o ser\u00e1 apresentado por baixo dos bilhetes. <strong>A calculadora calcular\u00e1 automaticamente o valor do pagamento<\/strong> com base no n\u00famero de bilhetes Mega Millions online selecionados. O pre\u00e7o de um bilhete inclui o custo do bilhete, bem como todas as comiss\u00f5es aplic\u00e1veis, e \u00e9 definitivo. N\u00e3o tem de se preocupar com mais nada; basta aguardar pelos <a href=\"https:\/\/lottomat.com\/pt-pt\/resultados\/mega-millions\/\">resultados do sorteio atual da Mega Millions<\/a>.<\/p>\n<h2>Como Comprar um Bilhete Mega Millions Online?<img loading=\"lazy\" decoding=\"async\" class=\"alignright wp-image-251863\" src=\"https:\/\/lottomat.com\/wp-content\/uploads\/2025\/10\/Mega-Millions-tickets.webp\" alt=\"bilhetes Mega Millions\" width=\"200\" height=\"200\" srcset=\"https:\/\/lottomat.com\/wp-content\/uploads\/2025\/10\/Mega-Millions-tickets.webp 400w, https:\/\/lottomat.com\/wp-content\/uploads\/2025\/10\/Mega-Millions-tickets-300x300.webp 300w, https:\/\/lottomat.com\/wp-content\/uploads\/2025\/10\/Mega-Millions-tickets-150x150.webp 150w, https:\/\/lottomat.com\/wp-content\/uploads\/2025\/10\/Mega-Millions-tickets-100x100.webp 100w\" sizes=\"auto, (max-width: 200px) 100vw, 200px\" \/><\/h2>\n<p>Para participar nos sorteios de pr\u00e9mios da Mega Millions, n\u00e3o \u00e9 obrigat\u00f3rio residir nos Estados Unidos, mas <strong>a \u00fanica op\u00e7\u00e3o \u00e9 comprar um bilhete Mega Millions online<\/strong>. Os postos de lotaria presenciais est\u00e3o dispon\u00edveis apenas nos EUA. Tudo o que precisa de fazer \u00e9 preencher um bilhete no site LottoMat e, em seguida, efetuar o pagamento (est\u00e3o dispon\u00edveis v\u00e1rios m\u00e9todos de pagamento preferenciais). Milh\u00f5es de d\u00f3lares est\u00e3o ao seu alcance, sem sair de casa, 24 horas por dia, 7 dias por semana. Hoje em dia, pode jogar a lotaria Mega Millions online no conforto da sua cadeira. As lotarias online s\u00e3o atualmente o principal pilar deste neg\u00f3cio.<\/p>\n<h3>Calend\u00e1rio de Sorteios e Resultados<\/h3>\n<p>O seu bilhete participar\u00e1 na lotaria americana e, se ganhar, o pr\u00e9mio ser\u00e1 enviado na totalidade ou em presta\u00e7\u00f5es, consoante a op\u00e7\u00e3o que escolheu. <strong>Os sorteios realizam-se \u00e0s quartas-feiras e aos s\u00e1bados<\/strong>, e <a href=\"https:\/\/lottomat.com\/pt-pt\/resultados\/\">os resultados atuais dos sorteios<\/a> podem ser consultados no site LottoMat. Aceda \u00e0 op\u00e7\u00e3o Jogar e veja como \u00e9 f\u00e1cil comprar um bilhete de lotaria online. Para ganhar, s\u00f3 precisa de sorte!<\/p>\n<h2>Como Jogar a Lotaria Mega Millions Online?<\/h2>\n<p>Gra\u00e7as ao nosso site, n\u00e3o precisa de se deslocar aos EUA para comprar um bilhete da lotaria Mega Millions. Tudo o que tem de fazer \u00e9 selecionar cinco n\u00fameros principais no intervalo de 1 a 70 e um n\u00famero Mega Ball adicional no intervalo de 1 a 24. Tamb\u00e9m pode utilizar a op\u00e7\u00e3o aleat\u00f3ria, em que os n\u00fameros s\u00e3o selecionados de forma autom\u00e1tica. Para ganhar o pr\u00e9mio principal, tem de acertar em todos os n\u00fameros sorteados. Quanto menos n\u00fameros acertar, menores ser\u00e3o os seus ganhos. <strong>Selecione cinco n\u00fameros principais no intervalo de 1 a 70 e um n\u00famero \u00fanico chamado Mega Ball de 1 a 24.<\/strong> Escolha os seus n\u00fameros e jogue por milh\u00f5es hoje mesmo!<\/p>\n<h2><img loading=\"lazy\" decoding=\"async\" class=\"alignleft wp-image-251893\" src=\"https:\/\/lottomat.com\/wp-content\/uploads\/2025\/10\/buy-Mega-Millions-tickets.webp\" alt=\"comprar bilhetes Mega Millions\" width=\"200\" height=\"200\" srcset=\"https:\/\/lottomat.com\/wp-content\/uploads\/2025\/10\/buy-Mega-Millions-tickets.webp 400w, https:\/\/lottomat.com\/wp-content\/uploads\/2025\/10\/buy-Mega-Millions-tickets-300x300.webp 300w, https:\/\/lottomat.com\/wp-content\/uploads\/2025\/10\/buy-Mega-Millions-tickets-150x150.webp 150w, https:\/\/lottomat.com\/wp-content\/uploads\/2025\/10\/buy-Mega-Millions-tickets-100x100.webp 100w\" sizes=\"auto, (max-width: 200px) 100vw, 200px\" \/>Quais S\u00e3o as Melhores Dicas para Jogar Mega Millions Online e Ganhar?<\/h2>\n<p>Jogar com intelig\u00eancia \u00e9 a chave para tirar o m\u00e1ximo partido da sua experi\u00eancia de lotaria, gerindo o seu or\u00e7amento de forma eficaz. Eis algumas estrat\u00e9gias comprovadas que podem aumentar as suas hip\u00f3teses de ganhar.<\/p>\n<h3>Estrat\u00e9gia de Jogo em Grupo<\/h3>\n<p>O que se pode fazer para evitar gastar uma fortuna no jogo e ainda assim poder participar na lotaria com um n\u00famero significativo de bilhetes? A resposta \u00e9 simples \u2013 <strong>jogue apenas quando houver rollover e convide os seus amigos ou familiares para jogar<\/strong>. \u00c9 a melhor forma de ganhar, dividindo o custo dos bilhetes Mega Millions entre os participantes do jogo em fam\u00edlia. Lembre-se de que as possibilidades de ganhar um pr\u00e9mio aumentam com o n\u00famero de bilhetes que compra.<\/p>\n<h3>M\u00e9todos de Sele\u00e7\u00e3o de N\u00fameros<\/h3>\n<p>A forma como escolhe os n\u00fameros depende apenas de si. Pode utilizar a op\u00e7\u00e3o aleat\u00f3ria para preencher o bilhete Mega Millions com n\u00fameros ao acaso, ou usar os seus n\u00fameros da sorte. Se quiser, pode tamb\u00e9m analisar os resultados de sorteios anteriores para identificar os n\u00fameros mais e menos frequentemente sorteados na Mega Millions e desenvolver a sua pr\u00f3pria estrat\u00e9gia para os jogos de n\u00fameros. <a href=\"https:\/\/lottomat.com\/pt-pt\/jogar\/\">Compre um bilhete de lotaria<\/a> e desejamos-lhe boa sorte!<\/p>\n<h2>Pode Comprar Mais Bilhetes Mega Millions Online?<\/h2>\n<p>Sim, aproveite a op\u00e7\u00e3o <strong>&#8220;Mais linhas&#8221; e selecione tantas linhas quantas precisar<\/strong>. Esta funcionalidade permite-lhe aumentar as suas hip\u00f3teses de ganhar, adquirindo v\u00e1rios bilhetes numa \u00fanica transa\u00e7\u00e3o. Quanto mais linhas jogar, maiores ser\u00e3o as suas probabilidades de acertar na combina\u00e7\u00e3o vencedora.<\/p>\n<h2>Pode Comprar Bilhetes Mega Millions Online para V\u00e1rios Sorteios?<img loading=\"lazy\" decoding=\"async\" class=\"alignright wp-image-251923\" src=\"https:\/\/lottomat.com\/wp-content\/uploads\/2025\/10\/Mega-Millions-online.webp\" alt=\"Mega Millions online\" width=\"200\" height=\"200\" srcset=\"https:\/\/lottomat.com\/wp-content\/uploads\/2025\/10\/Mega-Millions-online.webp 400w, https:\/\/lottomat.com\/wp-content\/uploads\/2025\/10\/Mega-Millions-online-300x300.webp 300w, https:\/\/lottomat.com\/wp-content\/uploads\/2025\/10\/Mega-Millions-online-150x150.webp 150w, https:\/\/lottomat.com\/wp-content\/uploads\/2025\/10\/Mega-Millions-online-100x100.webp 100w\" sizes=\"auto, (max-width: 200px) 100vw, 200px\" \/><\/h2>\n<p>Sim, no LottoMat pode <strong>comprar bilhetes para at\u00e9 8 sorteios com anteced\u00eancia<\/strong>. Esta funcionalidade conveniente significa que n\u00e3o precisa de se lembrar de comprar bilhetes para cada sorteio individualmente. Pode definir os seus n\u00fameros uma \u00fanica vez e deix\u00e1-los participar automaticamente em sorteios consecutivos. Esta op\u00e7\u00e3o de compra antecipada \u00e9 perfeita para jogadores que t\u00eam os seus n\u00fameros favoritos e querem garantir que nunca perdem um sorteio.<\/p>\n<h2>Jogar Mega Millions Online \u00e9 Seguro?<\/h2>\n<p>Jogar no site LottoMat \u00e9 <strong>completamente seguro e fi\u00e1vel<\/strong>. Verificamos todos os bilhetes e zelamos com todo o cuidado pelos nossos clientes, garantindo que as suas informa\u00e7\u00f5es pessoais e financeiras s\u00e3o protegidas com os mais elevados padr\u00f5es de seguran\u00e7a. A nossa plataforma utiliza tecnologia de encripta\u00e7\u00e3o avan\u00e7ada para proteger todas as transa\u00e7\u00f5es e compras de bilhetes. No entanto, \u00e9 importante lembrar que <strong>jogar na Mega Millions deve ser encarado como entretenimento e divers\u00e3o<\/strong>. Nunca deve arriscar dinheiro que n\u00e3o pode perder. Jogue sempre com responsabilidade e dentro das suas possibilidades, tratando os bilhetes de lotaria como uma forma de entretenimento e n\u00e3o como uma estrat\u00e9gia de investimento.<\/p>\n","protected":false},"excerpt":{"rendered":"<p>Como Funciona a Lotaria Mega Millions? A lotaria Mega Millions online \u00e9 um jogo de n\u00fameros simples, com regras f\u00e1ceis de memorizar. A tarefa de cada jogador consiste em selecionar cinco n\u00fameros principais no intervalo de 1 a 70 e escolher a Mega Ball, que \u00e9 um n\u00famero b\u00f3nus \u00fanico no intervalo de 1 a [&hellip;]<\/p>\n","protected":false},"author":1,"featured_media":0,"parent":6790,"menu_order":2,"comment_status":"closed","ping_status":"closed","template":"megamillion.php","meta":{"_et_pb_use_builder":"","_et_pb_old_content":"","_et_gb_content_width":"","exclude_from_search":false,"footnotes":""},"class_list":["post-8647","page","type-page","status-publish","hentry"],"yoast_head":"<!-- This site is optimized with the Yoast SEO plugin v23.8 - https:\/\/yoast.com\/wordpress\/plugins\/seo\/ -->\n<title>Bilhetes Mega Millions - Jogue Mega Millions online - Lottomat<\/title>\n<meta name=\"description\" content=\"Jogue a lotaria Mega Millions online no Lottomat e ganhe uma fortuna! Compre bilhetes Mega Millions online hoje \u2013 junte-se \u00e0 divers\u00e3o!\" \/>\n<meta name=\"robots\" content=\"index, follow, max-snippet:-1, max-image-preview:large, max-video-preview:-1\" \/>\n<link rel=\"canonical\" href=\"https:\/\/lottomat.com\/pt-pt\/jogar\/mega-millions\/\" \/>\n<meta property=\"og:locale\" content=\"pt_PT\" \/>\n<meta property=\"og:type\" content=\"article\" \/>\n<meta property=\"og:title\" content=\"Bilhetes Mega Millions - Jogue Mega Millions online - Lottomat\" \/>\n<meta property=\"og:description\" content=\"Jogue a lotaria Mega Millions online no Lottomat e ganhe uma fortuna! Compre bilhetes Mega Millions online hoje \u2013 junte-se \u00e0 divers\u00e3o!\" \/>\n<meta property=\"og:url\" content=\"https:\/\/lottomat.com\/pt-pt\/jogar\/mega-millions\/\" \/>\n<meta property=\"og:site_name\" content=\"Lottomat\" \/>\n<meta property=\"article:modified_time\" content=\"2026-03-17T07:09:16+00:00\" \/>\n<meta property=\"og:image\" content=\"https:\/\/lottomat.com\/wp-content\/uploads\/2025\/10\/play-Mega-Millions.webp\" \/>\n\t<meta property=\"og:image:width\" content=\"400\" \/>\n\t<meta property=\"og:image:height\" content=\"400\" \/>\n\t<meta property=\"og:image:type\" content=\"image\/webp\" \/>\n<meta name=\"twitter:card\" content=\"summary_large_image\" \/>\n<meta name=\"twitter:label1\" content=\"Tempo estimado de leitura\" \/>\n\t<meta name=\"twitter:data1\" content=\"7 minutos\" \/>\n<script type=\"application\/ld+json\" class=\"yoast-schema-graph\">{\"@context\":\"https:\/\/schema.org\",\"@graph\":[{\"@type\":\"WebPage\",\"@id\":\"https:\/\/lottomat.com\/pt-pt\/jogar\/mega-millions\/\",\"url\":\"https:\/\/lottomat.com\/pt-pt\/jogar\/mega-millions\/\",\"name\":\"Bilhetes Mega Millions - Jogue Mega Millions online - Lottomat\",\"isPartOf\":{\"@id\":\"https:\/\/lottomat.com\/pt-pt\/#website\"},\"primaryImageOfPage\":{\"@id\":\"https:\/\/lottomat.com\/pt-pt\/jogar\/mega-millions\/#primaryimage\"},\"image\":{\"@id\":\"https:\/\/lottomat.com\/pt-pt\/jogar\/mega-millions\/#primaryimage\"},\"thumbnailUrl\":\"https:\/\/lottomat.com\/wp-content\/uploads\/2025\/10\/play-Mega-Millions.webp\",\"datePublished\":\"2025-03-26T07:54:05+00:00\",\"dateModified\":\"2026-03-17T07:09:16+00:00\",\"description\":\"Jogue a lotaria Mega Millions online no Lottomat e ganhe uma fortuna! Compre bilhetes Mega Millions online hoje \u2013 junte-se \u00e0 divers\u00e3o!\",\"breadcrumb\":{\"@id\":\"https:\/\/lottomat.com\/pt-pt\/jogar\/mega-millions\/#breadcrumb\"},\"inLanguage\":\"pt-PT\",\"potentialAction\":[{\"@type\":\"ReadAction\",\"target\":[\"https:\/\/lottomat.com\/pt-pt\/jogar\/mega-millions\/\"]}]},{\"@type\":\"ImageObject\",\"inLanguage\":\"pt-PT\",\"@id\":\"https:\/\/lottomat.com\/pt-pt\/jogar\/mega-millions\/#primaryimage\",\"url\":\"https:\/\/lottomat.com\/wp-content\/uploads\/2025\/10\/play-Mega-Millions.webp\",\"contentUrl\":\"https:\/\/lottomat.com\/wp-content\/uploads\/2025\/10\/play-Mega-Millions.webp\"},{\"@type\":\"BreadcrumbList\",\"@id\":\"https:\/\/lottomat.com\/pt-pt\/jogar\/mega-millions\/#breadcrumb\",\"itemListElement\":[{\"@type\":\"ListItem\",\"position\":1,\"name\":\"Home\",\"item\":\"https:\/\/lottomat.com\/pt-pt\/\"},{\"@type\":\"ListItem\",\"position\":2,\"name\":\"Jogar na Lotaria\",\"item\":\"https:\/\/lottomat.com\/pt-pt\/jogar\/\"},{\"@type\":\"ListItem\",\"position\":3,\"name\":\"Jogue Mega Millions online \u2013 Bilhetes Mega Millions\"}]},{\"@type\":\"WebSite\",\"@id\":\"https:\/\/lottomat.com\/pt-pt\/#website\",\"url\":\"https:\/\/lottomat.com\/pt-pt\/\",\"name\":\"Lottomat\",\"description\":\"\",\"potentialAction\":[{\"@type\":\"SearchAction\",\"target\":{\"@type\":\"EntryPoint\",\"urlTemplate\":\"https:\/\/lottomat.com\/pt-pt\/?s={search_term_string}\"},\"query-input\":{\"@type\":\"PropertyValueSpecification\",\"valueRequired\":true,\"valueName\":\"search_term_string\"}}],\"inLanguage\":\"pt-PT\"}]}<\/script>\n<!-- \/ Yoast SEO plugin. -->","yoast_head_json":{"title":"Bilhetes Mega Millions - Jogue Mega Millions online - Lottomat","description":"Jogue a lotaria Mega Millions online no Lottomat e ganhe uma fortuna! Compre bilhetes Mega Millions online hoje \u2013 junte-se \u00e0 divers\u00e3o!","robots":{"index":"index","follow":"follow","max-snippet":"max-snippet:-1","max-image-preview":"max-image-preview:large","max-video-preview":"max-video-preview:-1"},"canonical":"https:\/\/lottomat.com\/pt-pt\/jogar\/mega-millions\/","og_locale":"pt_PT","og_type":"article","og_title":"Bilhetes Mega Millions - Jogue Mega Millions online - Lottomat","og_description":"Jogue a lotaria Mega Millions online no Lottomat e ganhe uma fortuna! Compre bilhetes Mega Millions online hoje \u2013 junte-se \u00e0 divers\u00e3o!","og_url":"https:\/\/lottomat.com\/pt-pt\/jogar\/mega-millions\/","og_site_name":"Lottomat","article_modified_time":"2026-03-17T07:09:16+00:00","og_image":[{"width":400,"height":400,"url":"https:\/\/lottomat.com\/wp-content\/uploads\/2025\/10\/play-Mega-Millions.webp","type":"image\/webp"}],"twitter_card":"summary_large_image","twitter_misc":{"Tempo estimado de leitura":"7 minutos"},"schema":{"@context":"https:\/\/schema.org","@graph":[{"@type":"WebPage","@id":"https:\/\/lottomat.com\/pt-pt\/jogar\/mega-millions\/","url":"https:\/\/lottomat.com\/pt-pt\/jogar\/mega-millions\/","name":"Bilhetes Mega Millions - Jogue Mega Millions online - Lottomat","isPartOf":{"@id":"https:\/\/lottomat.com\/pt-pt\/#website"},"primaryImageOfPage":{"@id":"https:\/\/lottomat.com\/pt-pt\/jogar\/mega-millions\/#primaryimage"},"image":{"@id":"https:\/\/lottomat.com\/pt-pt\/jogar\/mega-millions\/#primaryimage"},"thumbnailUrl":"https:\/\/lottomat.com\/wp-content\/uploads\/2025\/10\/play-Mega-Millions.webp","datePublished":"2025-03-26T07:54:05+00:00","dateModified":"2026-03-17T07:09:16+00:00","description":"Jogue a lotaria Mega Millions online no Lottomat e ganhe uma fortuna! Compre bilhetes Mega Millions online hoje \u2013 junte-se \u00e0 divers\u00e3o!","breadcrumb":{"@id":"https:\/\/lottomat.com\/pt-pt\/jogar\/mega-millions\/#breadcrumb"},"inLanguage":"pt-PT","potentialAction":[{"@type":"ReadAction","target":["https:\/\/lottomat.com\/pt-pt\/jogar\/mega-millions\/"]}]},{"@type":"ImageObject","inLanguage":"pt-PT","@id":"https:\/\/lottomat.com\/pt-pt\/jogar\/mega-millions\/#primaryimage","url":"https:\/\/lottomat.com\/wp-content\/uploads\/2025\/10\/play-Mega-Millions.webp","contentUrl":"https:\/\/lottomat.com\/wp-content\/uploads\/2025\/10\/play-Mega-Millions.webp"},{"@type":"BreadcrumbList","@id":"https:\/\/lottomat.com\/pt-pt\/jogar\/mega-millions\/#breadcrumb","itemListElement":[{"@type":"ListItem","position":1,"name":"Home","item":"https:\/\/lottomat.com\/pt-pt\/"},{"@type":"ListItem","position":2,"name":"Jogar na Lotaria","item":"https:\/\/lottomat.com\/pt-pt\/jogar\/"},{"@type":"ListItem","position":3,"name":"Jogue Mega Millions online \u2013 Bilhetes Mega Millions"}]},{"@type":"WebSite","@id":"https:\/\/lottomat.com\/pt-pt\/#website","url":"https:\/\/lottomat.com\/pt-pt\/","name":"Lottomat","description":"","potentialAction":[{"@type":"SearchAction","target":{"@type":"EntryPoint","urlTemplate":"https:\/\/lottomat.com\/pt-pt\/?s={search_term_string}"},"query-input":{"@type":"PropertyValueSpecification","valueRequired":true,"valueName":"search_term_string"}}],"inLanguage":"pt-PT"}]}},"_links":{"self":[{"href":"https:\/\/lottomat.com\/pt-pt\/wp-json\/wp\/v2\/pages\/8647","targetHints":{"allow":["GET"]}}],"collection":[{"href":"https:\/\/lottomat.com\/pt-pt\/wp-json\/wp\/v2\/pages"}],"about":[{"href":"https:\/\/lottomat.com\/pt-pt\/wp-json\/wp\/v2\/types\/page"}],"author":[{"embeddable":true,"href":"https:\/\/lottomat.com\/pt-pt\/wp-json\/wp\/v2\/users\/1"}],"replies":[{"embeddable":true,"href":"https:\/\/lottomat.com\/pt-pt\/wp-json\/wp\/v2\/comments?post=8647"}],"version-history":[{"count":7,"href":"https:\/\/lottomat.com\/pt-pt\/wp-json\/wp\/v2\/pages\/8647\/revisions"}],"predecessor-version":[{"id":273854,"href":"https:\/\/lottomat.com\/pt-pt\/wp-json\/wp\/v2\/pages\/8647\/revisions\/273854"}],"up":[{"embeddable":true,"href":"https:\/\/lottomat.com\/pt-pt\/wp-json\/wp\/v2\/pages\/6790"}],"wp:attachment":[{"href":"https:\/\/lottomat.com\/pt-pt\/wp-json\/wp\/v2\/media?parent=8647"}],"curies":[{"name":"wp","href":"https:\/\/api.w.org\/{rel}","templated":true}]}}