{"id":8437,"date":"2025-03-26T07:52:23","date_gmt":"2025-03-26T07:52:23","guid":{"rendered":"https:\/\/lottomat.net\/jogar-na-lotaria\/jogar-powerball-online\/"},"modified":"2026-03-17T07:18:56","modified_gmt":"2026-03-17T07:18:56","slug":"powerball","status":"publish","type":"page","link":"https:\/\/lottomat.com\/pt-pt\/jogar\/powerball\/","title":{"rendered":"Jogue Powerball Online &#8211; Bilhetes Powerball"},"content":{"rendered":"\n\n<div class=\"kk-star-ratings kksr-auto kksr-align-left kksr-valign-top\"\n    data-payload='{&quot;align&quot;:&quot;left&quot;,&quot;id&quot;:&quot;8437&quot;,&quot;slug&quot;:&quot;default&quot;,&quot;valign&quot;:&quot;top&quot;,&quot;ignore&quot;:&quot;&quot;,&quot;reference&quot;:&quot;auto&quot;,&quot;class&quot;:&quot;&quot;,&quot;count&quot;:&quot;0&quot;,&quot;legendonly&quot;:&quot;&quot;,&quot;readonly&quot;:&quot;&quot;,&quot;score&quot;:&quot;0&quot;,&quot;starsonly&quot;:&quot;&quot;,&quot;best&quot;:&quot;5&quot;,&quot;gap&quot;:&quot;5&quot;,&quot;greet&quot;:&quot;Rate this page&quot;,&quot;legend&quot;:&quot;0\\\/5 - (0 votes)&quot;,&quot;size&quot;:&quot;30&quot;,&quot;title&quot;:&quot;Jogue Powerball Online - Bilhetes Powerball&quot;,&quot;width&quot;:&quot;0&quot;,&quot;_legend&quot;:&quot;{score}\\\/{best} - ({count} {votes})&quot;,&quot;font_factor&quot;:&quot;1.25&quot;}'>\n            \n<div class=\"kksr-stars\">\n    \n<div class=\"kksr-stars-inactive\">\n            <div class=\"kksr-star\" data-star=\"1\" style=\"padding-right: 5px\">\n            \n\n<div class=\"kksr-icon\" style=\"width: 30px; height: 30px;\"><\/div>\n        <\/div>\n            <div class=\"kksr-star\" data-star=\"2\" style=\"padding-right: 5px\">\n            \n\n<div class=\"kksr-icon\" style=\"width: 30px; height: 30px;\"><\/div>\n        <\/div>\n            <div class=\"kksr-star\" data-star=\"3\" style=\"padding-right: 5px\">\n            \n\n<div class=\"kksr-icon\" style=\"width: 30px; height: 30px;\"><\/div>\n        <\/div>\n            <div class=\"kksr-star\" data-star=\"4\" style=\"padding-right: 5px\">\n            \n\n<div class=\"kksr-icon\" style=\"width: 30px; height: 30px;\"><\/div>\n        <\/div>\n            <div class=\"kksr-star\" data-star=\"5\" style=\"padding-right: 5px\">\n            \n\n<div class=\"kksr-icon\" style=\"width: 30px; height: 30px;\"><\/div>\n        <\/div>\n    <\/div>\n    \n<div class=\"kksr-stars-active\" style=\"width: 0px;\">\n            <div class=\"kksr-star\" style=\"padding-right: 5px\">\n            \n\n<div class=\"kksr-icon\" style=\"width: 30px; height: 30px;\"><\/div>\n        <\/div>\n            <div class=\"kksr-star\" style=\"padding-right: 5px\">\n            \n\n<div class=\"kksr-icon\" style=\"width: 30px; height: 30px;\"><\/div>\n        <\/div>\n            <div class=\"kksr-star\" style=\"padding-right: 5px\">\n            \n\n<div class=\"kksr-icon\" style=\"width: 30px; height: 30px;\"><\/div>\n        <\/div>\n            <div class=\"kksr-star\" style=\"padding-right: 5px\">\n            \n\n<div class=\"kksr-icon\" style=\"width: 30px; height: 30px;\"><\/div>\n        <\/div>\n            <div class=\"kksr-star\" style=\"padding-right: 5px\">\n            \n\n<div class=\"kksr-icon\" style=\"width: 30px; height: 30px;\"><\/div>\n        <\/div>\n    <\/div>\n<\/div>\n                \n\n<div class=\"kksr-legend\" style=\"font-size: 24px;\">\n            <span class=\"kksr-muted\">Rate this page<\/span>\n    <\/div>\n    <\/div>\n<h2><img loading=\"lazy\" decoding=\"async\" class=\"alignleft wp-image-252142\" src=\"https:\/\/lottomat.com\/wp-content\/uploads\/2025\/10\/play-Powerball-150x150.webp\" alt=\"jogar Powerball\" width=\"200\" height=\"200\" srcset=\"https:\/\/lottomat.com\/wp-content\/uploads\/2025\/10\/play-Powerball-150x150.webp 150w, https:\/\/lottomat.com\/wp-content\/uploads\/2025\/10\/play-Powerball-300x300.webp 300w, https:\/\/lottomat.com\/wp-content\/uploads\/2025\/10\/play-Powerball-100x100.webp 100w, https:\/\/lottomat.com\/wp-content\/uploads\/2025\/10\/play-Powerball.webp 400w\" sizes=\"auto, (max-width: 200px) 100vw, 200px\" \/>O Que \u00c9 a Lotaria Powerball?<\/h2>\n<p>Comecemos pelas regras desta famosa lotaria, que s\u00e3o muito simples, e de certeza que aprender\u00e1 rapidamente como jogar Powerball online. O jogo consiste em escolher cinco n\u00fameros no intervalo de 1 a 69 e 1 n\u00famero extra, chamado Power Ball, de um conjunto de n\u00fameros de 1 a 26. Se todos os n\u00fameros vencedores do loto forem selecionados, o jogador ganha o pr\u00e9mio principal garantido, mas lembre-se de que existem <strong>9 n\u00edveis de pr\u00e9mios<\/strong>. Um pr\u00e9mio \u00e9 tamb\u00e9m ganho pelo jogador que selecionar corretamente apenas o Power Ball extra, que \u00e9 o n\u00famero b\u00f3nus. Na lotaria Powerball online, existe ainda uma solu\u00e7\u00e3o interessante para os jogadores. Chama-se <strong>Power Play<\/strong> e \u00e9 uma op\u00e7\u00e3o adicional que permite multiplicar os ganhos fora do pr\u00e9mio principal. No entanto, est\u00e1 dispon\u00edvel apenas em territ\u00f3rio norte-americano, aquando da compra de um bilhete presencialmente numa delega\u00e7\u00e3o Powerball. O jogador que acertar em todos os n\u00fameros do loto sorteados ganha o pr\u00e9mio principal, mas se n\u00e3o escolher o n\u00famero b\u00f3nus Powerball correto, recebe o pr\u00e9mio garantido de <strong>1.000.000 de d\u00f3lares<\/strong>. Por outras palavras, quem acertar nos 5 n\u00fameros principais ganha um milh\u00e3o de d\u00f3lares. Clique e leia <a href=\"https:\/\/lottomat.com\/pt-pt\/lotarias\/powerball\/\">mais sobre as regras e pr\u00e9mios do Powerball<\/a> no nosso site. Claro que, tal como noutras <a href=\"https:\/\/lottomat.com\/pt-pt\/\">melhores lotarias do mundo<\/a>, existe rollover em caso de aus\u00eancia de vencedor, o que resulta na possibilidade de ganhar enormes quantias em d\u00f3lares. O Powerball ficou famoso pelos seus bilhetes vencedores que se transformam em milh\u00f5es de d\u00f3lares. O maior pr\u00e9mio em rollover na lotaria americana ocorreu a <strong>7 de novembro de 2022<\/strong> e ascendeu a <strong>2,04 mil milh\u00f5es de d\u00f3lares<\/strong>, com um valor em dinheiro de <strong>997,6 milh\u00f5es de d\u00f3lares<\/strong>.<\/p>\n<h2>Como Comprar Bilhetes Powerball?<img loading=\"lazy\" decoding=\"async\" class=\"alignright wp-image-252172\" src=\"https:\/\/lottomat.com\/wp-content\/uploads\/2025\/10\/Powerball-lottery-tickets-300x300.webp\" alt=\"bilhetes da lotaria Powerball\" width=\"200\" height=\"200\" srcset=\"https:\/\/lottomat.com\/wp-content\/uploads\/2025\/10\/Powerball-lottery-tickets-300x300.webp 300w, https:\/\/lottomat.com\/wp-content\/uploads\/2025\/10\/Powerball-lottery-tickets-150x150.webp 150w, https:\/\/lottomat.com\/wp-content\/uploads\/2025\/10\/Powerball-lottery-tickets-100x100.webp 100w, https:\/\/lottomat.com\/wp-content\/uploads\/2025\/10\/Powerball-lottery-tickets.webp 400w\" sizes=\"auto, (max-width: 200px) 100vw, 200px\" \/><\/h2>\n<p>Gra\u00e7as \u00e0s altera\u00e7\u00f5es nas regras de jogo do Powerball, n\u00e3o \u00e9 necess\u00e1rio ser cidad\u00e3o norte-americano nem estar em territ\u00f3rio dos EUA. Pode participar na <strong>lotaria Powerball online atrav\u00e9s do site LottoMat<\/strong>. \u00c9 muito conveniente e pode comprar bilhetes Powerball a qualquer hora do dia ou da noite, sete dias por semana. Tudo o que tem de fazer \u00e9 escolher a op\u00e7\u00e3o Jogar no site LottoMat e preencher o n\u00famero de bilhetes pretendido. Depois, basta ter paci\u00eancia e aguardar pelo sorteio, que se realiza todas as <strong>ter\u00e7as-feiras, quintas-feiras e domingos \u00e0s 02:59 UTC<\/strong>. O site LottoMat garante que o bilhete de lotaria \u00e9 v\u00e1lido e participa no sorteio de pr\u00e9mios Powerball. Pode efetuar a compra atrav\u00e9s de computador ou telem\u00f3vel a partir de <strong>qualquer parte do mundo e a qualquer hora<\/strong>. Basta criar uma conta de utilizador segura, comprar um bilhete e aguardar a vit\u00f3ria!<\/p>\n<h2>Qual \u00c9 o Pre\u00e7o de um Bilhete de Lotaria Powerball Online?<\/h2>\n<p>Para calcular o custo de um bilhete, basta preencher um ou mais bilhetes no site LottoMat. Ap\u00f3s escolher os n\u00fameros, <strong>o pre\u00e7o ser\u00e1 vis\u00edvel por baixo de todos os bilhetes<\/strong>. Ao preencher mais do que um bilhete, a calculadora calcular\u00e1 o montante total a pagar, que \u00e9 o pre\u00e7o final. Este inclui o pre\u00e7o de todos os bilhetes Powerball e as respetivas comiss\u00f5es.<\/p>\n<h2><img loading=\"lazy\" decoding=\"async\" class=\"alignleft wp-image-252202\" src=\"https:\/\/lottomat.com\/wp-content\/uploads\/2025\/10\/Powerball-online-tickets-300x300.webp\" alt=\"bilhetes Powerball online\" width=\"200\" height=\"200\" srcset=\"https:\/\/lottomat.com\/wp-content\/uploads\/2025\/10\/Powerball-online-tickets-300x300.webp 300w, https:\/\/lottomat.com\/wp-content\/uploads\/2025\/10\/Powerball-online-tickets-150x150.webp 150w, https:\/\/lottomat.com\/wp-content\/uploads\/2025\/10\/Powerball-online-tickets-100x100.webp 100w, https:\/\/lottomat.com\/wp-content\/uploads\/2025\/10\/Powerball-online-tickets.webp 400w\" sizes=\"auto, (max-width: 200px) 100vw, 200px\" \/><\/h2>\n<h2>Como Jogar Powerball Online?<\/h2>\n<p>Gra\u00e7as ao nosso site, a lotaria mais popular do mundo est\u00e1 agora dispon\u00edvel sem sair de casa. Para jogar Powerball online, escolha <strong>cinco n\u00fameros principais de 1 a 69 mais um n\u00famero Power Ball extra de 1 a 26<\/strong>. Pode escolher os seus n\u00fameros manualmente ou utilizar a <strong>op\u00e7\u00e3o Escolha Aleat\u00f3ria para uma sele\u00e7\u00e3o ao acaso<\/strong>. \u00c9 assim t\u00e3o simples! Jogar com o LottoMat \u00e9 completamente seguro e fi\u00e1vel. <strong>Verificamos todos os bilhetes comprados para garantir a sua validade e a sua tranquilidade.<\/strong> Com o LottoMat, pode jogar Powerball online a partir de qualquer parte do mundo \u2013 tudo o que precisa \u00e9 de <strong>acesso \u00e0 internet e capacidade de pagamento online.<\/strong> Esta acessibilidade global torna mais f\u00e1cil do que nunca participar numa das lotarias mais emocionantes do mundo.<\/p>\n<h2>Posso Comprar Mais Bilhetes Powerball Online?<\/h2>\n<p><strong>Sim, pode definitivamente comprar v\u00e1rios bilhetes Powerball online<\/strong> para aumentar as suas hip\u00f3teses de ganhar. Basta selecionar a op\u00e7\u00e3o <strong>&#8220;mais linhas&#8221;<\/strong> ao jogar e escolher tantas linhas quantas desejar jogar. Cada linha adicional representa mais uma hip\u00f3tese de ganhar o jackpot ou qualquer um dos pr\u00e9mios secund\u00e1rios. Quanto mais bilhetes comprar, maiores ser\u00e3o as suas probabilidades de acertar nos n\u00fameros vencedores.<\/p>\n<h2>Posso Comprar Bilhetes Powerball Online para V\u00e1rios Sorteios?<\/h2>\n<h2><img loading=\"lazy\" decoding=\"async\" class=\"alignright wp-image-252232\" src=\"https:\/\/lottomat.com\/wp-content\/uploads\/2025\/10\/Powerball-online-300x300.webp\" alt=\"Powerball online\" width=\"200\" height=\"200\" srcset=\"https:\/\/lottomat.com\/wp-content\/uploads\/2025\/10\/Powerball-online-300x300.webp 300w, https:\/\/lottomat.com\/wp-content\/uploads\/2025\/10\/Powerball-online-150x150.webp 150w, https:\/\/lottomat.com\/wp-content\/uploads\/2025\/10\/Powerball-online-100x100.webp 100w, https:\/\/lottomat.com\/wp-content\/uploads\/2025\/10\/Powerball-online.webp 400w\" sizes=\"auto, (max-width: 200px) 100vw, 200px\" \/><\/h2>\n<p>Com certeza! No LottoMat, pode <strong>comprar bilhetes Powerball para at\u00e9 8 sorteios consecutivos<\/strong> com anteced\u00eancia. Esta funcionalidade conveniente significa que n\u00e3o precisa de se lembrar de comprar bilhetes para cada sorteio individualmente \u2013 os seus n\u00fameros ser\u00e3o automaticamente inscritos em v\u00e1rios sorteios futuros. Esta op\u00e7\u00e3o de compra antecipada garante que <strong>nunca perde um sorteio<\/strong> e assegura a sua participa\u00e7\u00e3o continuada na lotaria ao longo de v\u00e1rias semanas.<\/p>\n<h2>Como Verificar os Resultados da Lotaria Powerball Online?<\/h2>\n<p>Pode consultar facilmente <a href=\"https:\/\/lottomat.com\/pt-pt\/resultados\/powerball\/\">os resultados mais recentes e os resultados arquivados do Powerball<\/a> diretamente no site LottoMat. A nossa p\u00e1gina de resultados \u00e9 atualizada imediatamente ap\u00f3s cada sorteio, fornecendo-lhe <strong>n\u00fameros vencedores precisos e atualizados.<\/strong> Quer pretenda verificar sorteios recentes ou consultar resultados hist\u00f3ricos, toda a informa\u00e7\u00e3o est\u00e1 dispon\u00edvel na ponta dos dedos. Esta funcionalidade conveniente permite-lhe verificar rapidamente se os seus n\u00fameros ganharam, sem ter de recorrer a m\u00faltiplas fontes.<\/p>\n<h2><img loading=\"lazy\" decoding=\"async\" class=\"alignleft wp-image-252262\" src=\"https:\/\/lottomat.com\/wp-content\/uploads\/2025\/10\/Powerball-tickets-300x300.webp\" alt=\"bilhetes Powerball\" width=\"200\" height=\"200\" srcset=\"https:\/\/lottomat.com\/wp-content\/uploads\/2025\/10\/Powerball-tickets-300x300.webp 300w, https:\/\/lottomat.com\/wp-content\/uploads\/2025\/10\/Powerball-tickets-150x150.webp 150w, https:\/\/lottomat.com\/wp-content\/uploads\/2025\/10\/Powerball-tickets-100x100.webp 100w, https:\/\/lottomat.com\/wp-content\/uploads\/2025\/10\/Powerball-tickets.webp 400w\" sizes=\"auto, (max-width: 200px) 100vw, 200px\" \/>O LottoMat Verifica os Bilhetes Powerball Online?<\/h2>\n<p><strong>Sim, absolutamente!<\/strong> Os nossos agentes autorizados compram fisicamente bilhetes Powerball em pontos de venda oficiais e licenciados em seu nome. <strong>Digitalizamos e armazenamos os bilhetes originais de forma segura<\/strong> para garantir total transpar\u00eancia e seguran\u00e7a aos nossos jogadores. Isto significa que tem prova da compra do seu bilhete e pode ter a certeza de que a sua participa\u00e7\u00e3o \u00e9 v\u00e1lida para o sorteio oficial do Powerball. Os bilhetes originais s\u00e3o guardados em seguran\u00e7a nas nossas instala\u00e7\u00f5es protegidas, dando-lhe total tranquilidade relativamente ao seu investimento.<\/p>\n<h2>Quais S\u00e3o as Melhores Dicas para o Powerball Online?<\/h2>\n<p>Jogue, especialmente quando tiver havido um rollover. <strong>O Powerball tem os maiores rollovers do mundo,<\/strong> e mesmo com apenas um bilhete, tem hip\u00f3tese de ganhar. O maior jackpot atingiu a incr\u00edvel marca de <strong>2,04 mil milh\u00f5es de d\u00f3lares!<\/strong> Pode tamb\u00e9m utilizar os n\u00fameros mais sorteados, que encontrar\u00e1 na <a href=\"https:\/\/lottomat.com\/pt-pt\/resultados\/\">p\u00e1gina de resultados dos sorteios<\/a>. Esta cont\u00e9m tanto os resultados dos sorteios mais recentes como os arquivados. Lembre-se de que <strong>jogar Powerball online deve ser uma forma de entretenimento,<\/strong> por isso \u00e9 importante jogar com responsabilidade e bom senso. Defina um or\u00e7amento para si pr\u00f3prio e cumpra-o, tratando os bilhetes de lotaria como uma atividade divertida e n\u00e3o como uma estrat\u00e9gia de investimento.<\/p>\n<h3>Dicas que Podem Ajudar a Aumentar as Suas Hip\u00f3teses de Ganhar<\/h3>\n<p>Comprar mais do que um bilhete Powerball significa que cada bilhete adicional oferece maiores hip\u00f3teses de acertar nos n\u00fameros sorteados. Certifique-se de que os n\u00fameros que escolhe s\u00e3o diversificados, uma vez que o conjunto \u00e9 grande, por isso n\u00e3o se limite a datas de nascimento, que reduzem significativamente o seu intervalo de escolha. Para reduzir o custo de <a href=\"https:\/\/lottomat.com\/pt-pt\/jogar\/\">comprar bilhetes de lotaria online<\/a>, pode convidar os seus entes queridos a jogar, o que garante maiores hip\u00f3teses de ganhar. Os custos dos bilhetes podem ser divididos por um maior n\u00famero de pessoas, tornando-o mais acess\u00edvel para todos os envolvidos. Jogue quando houver <a href=\"https:\/\/lottomat.com\/pt-pt\/lotarias\/\">os maiores rollovers de lotaria<\/a>, porque toda a ess\u00eancia do Powerball \u00e9 a hip\u00f3tese de ganhar! <strong>Pode comprar um bilhete vencedor a qualquer momento e tornar-se milion\u00e1rio!<\/strong><\/p>\n","protected":false},"excerpt":{"rendered":"<p>O Que \u00c9 a Lotaria Powerball? Comecemos pelas regras desta famosa lotaria, que s\u00e3o muito simples, e de certeza que aprender\u00e1 rapidamente como jogar Powerball online. O jogo consiste em escolher cinco n\u00fameros no intervalo de 1 a 69 e 1 n\u00famero extra, chamado Power Ball, de um conjunto de n\u00fameros de 1 a 26. [&hellip;]<\/p>\n","protected":false},"author":1,"featured_media":0,"parent":6790,"menu_order":1,"comment_status":"closed","ping_status":"closed","template":"powerball-usa.php","meta":{"_et_pb_use_builder":"","_et_pb_old_content":"","_et_gb_content_width":"","exclude_from_search":false,"footnotes":""},"class_list":["post-8437","page","type-page","status-publish","hentry"],"yoast_head":"<!-- This site is optimized with the Yoast SEO plugin v23.8 - https:\/\/yoast.com\/wordpress\/plugins\/seo\/ -->\n<title>Jogue Powerball Online - Bilhetes Powerball - Lottomat<\/title>\n<meta name=\"description\" content=\"Quer jogar a lotaria Powerball online? Saiba como jogar Powerball e torne-se milion\u00e1rio! Compre bilhetes Powerball online a qualquer hora!\" \/>\n<meta name=\"robots\" content=\"index, follow, max-snippet:-1, max-image-preview:large, max-video-preview:-1\" \/>\n<link rel=\"canonical\" href=\"https:\/\/lottomat.com\/pt-pt\/jogar\/powerball\/\" \/>\n<meta property=\"og:locale\" content=\"pt_PT\" \/>\n<meta property=\"og:type\" content=\"article\" \/>\n<meta property=\"og:title\" content=\"Jogue Powerball Online - Bilhetes Powerball - Lottomat\" \/>\n<meta property=\"og:description\" content=\"Quer jogar a lotaria Powerball online? Saiba como jogar Powerball e torne-se milion\u00e1rio! Compre bilhetes Powerball online a qualquer hora!\" \/>\n<meta property=\"og:url\" content=\"https:\/\/lottomat.com\/pt-pt\/jogar\/powerball\/\" \/>\n<meta property=\"og:site_name\" content=\"Lottomat\" \/>\n<meta property=\"article:modified_time\" content=\"2026-03-17T07:18:56+00:00\" \/>\n<meta property=\"og:image\" content=\"https:\/\/lottomat.com\/wp-content\/uploads\/2025\/10\/play-Powerball.webp\" \/>\n\t<meta property=\"og:image:width\" content=\"400\" \/>\n\t<meta property=\"og:image:height\" content=\"400\" \/>\n\t<meta property=\"og:image:type\" content=\"image\/webp\" \/>\n<meta name=\"twitter:card\" content=\"summary_large_image\" \/>\n<meta name=\"twitter:label1\" content=\"Tempo estimado de leitura\" \/>\n\t<meta name=\"twitter:data1\" content=\"7 minutos\" \/>\n<script type=\"application\/ld+json\" class=\"yoast-schema-graph\">{\"@context\":\"https:\/\/schema.org\",\"@graph\":[{\"@type\":\"WebPage\",\"@id\":\"https:\/\/lottomat.com\/pt-pt\/jogar\/powerball\/\",\"url\":\"https:\/\/lottomat.com\/pt-pt\/jogar\/powerball\/\",\"name\":\"Jogue Powerball Online - Bilhetes Powerball - Lottomat\",\"isPartOf\":{\"@id\":\"https:\/\/lottomat.com\/pt-pt\/#website\"},\"primaryImageOfPage\":{\"@id\":\"https:\/\/lottomat.com\/pt-pt\/jogar\/powerball\/#primaryimage\"},\"image\":{\"@id\":\"https:\/\/lottomat.com\/pt-pt\/jogar\/powerball\/#primaryimage\"},\"thumbnailUrl\":\"https:\/\/lottomat.com\/wp-content\/uploads\/2025\/10\/play-Powerball-150x150.webp\",\"datePublished\":\"2025-03-26T07:52:23+00:00\",\"dateModified\":\"2026-03-17T07:18:56+00:00\",\"description\":\"Quer jogar a lotaria Powerball online? Saiba como jogar Powerball e torne-se milion\u00e1rio! Compre bilhetes Powerball online a qualquer hora!\",\"breadcrumb\":{\"@id\":\"https:\/\/lottomat.com\/pt-pt\/jogar\/powerball\/#breadcrumb\"},\"inLanguage\":\"pt-PT\",\"potentialAction\":[{\"@type\":\"ReadAction\",\"target\":[\"https:\/\/lottomat.com\/pt-pt\/jogar\/powerball\/\"]}]},{\"@type\":\"ImageObject\",\"inLanguage\":\"pt-PT\",\"@id\":\"https:\/\/lottomat.com\/pt-pt\/jogar\/powerball\/#primaryimage\",\"url\":\"https:\/\/lottomat.com\/wp-content\/uploads\/2025\/10\/play-Powerball-150x150.webp\",\"contentUrl\":\"https:\/\/lottomat.com\/wp-content\/uploads\/2025\/10\/play-Powerball-150x150.webp\"},{\"@type\":\"BreadcrumbList\",\"@id\":\"https:\/\/lottomat.com\/pt-pt\/jogar\/powerball\/#breadcrumb\",\"itemListElement\":[{\"@type\":\"ListItem\",\"position\":1,\"name\":\"Home\",\"item\":\"https:\/\/lottomat.com\/pt-pt\/\"},{\"@type\":\"ListItem\",\"position\":2,\"name\":\"Jogar na Lotaria\",\"item\":\"https:\/\/lottomat.com\/pt-pt\/jogar\/\"},{\"@type\":\"ListItem\",\"position\":3,\"name\":\"Jogue Powerball Online &#8211; Bilhetes Powerball\"}]},{\"@type\":\"WebSite\",\"@id\":\"https:\/\/lottomat.com\/pt-pt\/#website\",\"url\":\"https:\/\/lottomat.com\/pt-pt\/\",\"name\":\"Lottomat\",\"description\":\"\",\"potentialAction\":[{\"@type\":\"SearchAction\",\"target\":{\"@type\":\"EntryPoint\",\"urlTemplate\":\"https:\/\/lottomat.com\/pt-pt\/?s={search_term_string}\"},\"query-input\":{\"@type\":\"PropertyValueSpecification\",\"valueRequired\":true,\"valueName\":\"search_term_string\"}}],\"inLanguage\":\"pt-PT\"}]}<\/script>\n<!-- \/ Yoast SEO plugin. -->","yoast_head_json":{"title":"Jogue Powerball Online - Bilhetes Powerball - Lottomat","description":"Quer jogar a lotaria Powerball online? Saiba como jogar Powerball e torne-se milion\u00e1rio! Compre bilhetes Powerball online a qualquer hora!","robots":{"index":"index","follow":"follow","max-snippet":"max-snippet:-1","max-image-preview":"max-image-preview:large","max-video-preview":"max-video-preview:-1"},"canonical":"https:\/\/lottomat.com\/pt-pt\/jogar\/powerball\/","og_locale":"pt_PT","og_type":"article","og_title":"Jogue Powerball Online - Bilhetes Powerball - Lottomat","og_description":"Quer jogar a lotaria Powerball online? Saiba como jogar Powerball e torne-se milion\u00e1rio! Compre bilhetes Powerball online a qualquer hora!","og_url":"https:\/\/lottomat.com\/pt-pt\/jogar\/powerball\/","og_site_name":"Lottomat","article_modified_time":"2026-03-17T07:18:56+00:00","og_image":[{"width":400,"height":400,"url":"https:\/\/lottomat.com\/wp-content\/uploads\/2025\/10\/play-Powerball.webp","type":"image\/webp"}],"twitter_card":"summary_large_image","twitter_misc":{"Tempo estimado de leitura":"7 minutos"},"schema":{"@context":"https:\/\/schema.org","@graph":[{"@type":"WebPage","@id":"https:\/\/lottomat.com\/pt-pt\/jogar\/powerball\/","url":"https:\/\/lottomat.com\/pt-pt\/jogar\/powerball\/","name":"Jogue Powerball Online - Bilhetes Powerball - Lottomat","isPartOf":{"@id":"https:\/\/lottomat.com\/pt-pt\/#website"},"primaryImageOfPage":{"@id":"https:\/\/lottomat.com\/pt-pt\/jogar\/powerball\/#primaryimage"},"image":{"@id":"https:\/\/lottomat.com\/pt-pt\/jogar\/powerball\/#primaryimage"},"thumbnailUrl":"https:\/\/lottomat.com\/wp-content\/uploads\/2025\/10\/play-Powerball-150x150.webp","datePublished":"2025-03-26T07:52:23+00:00","dateModified":"2026-03-17T07:18:56+00:00","description":"Quer jogar a lotaria Powerball online? Saiba como jogar Powerball e torne-se milion\u00e1rio! Compre bilhetes Powerball online a qualquer hora!","breadcrumb":{"@id":"https:\/\/lottomat.com\/pt-pt\/jogar\/powerball\/#breadcrumb"},"inLanguage":"pt-PT","potentialAction":[{"@type":"ReadAction","target":["https:\/\/lottomat.com\/pt-pt\/jogar\/powerball\/"]}]},{"@type":"ImageObject","inLanguage":"pt-PT","@id":"https:\/\/lottomat.com\/pt-pt\/jogar\/powerball\/#primaryimage","url":"https:\/\/lottomat.com\/wp-content\/uploads\/2025\/10\/play-Powerball-150x150.webp","contentUrl":"https:\/\/lottomat.com\/wp-content\/uploads\/2025\/10\/play-Powerball-150x150.webp"},{"@type":"BreadcrumbList","@id":"https:\/\/lottomat.com\/pt-pt\/jogar\/powerball\/#breadcrumb","itemListElement":[{"@type":"ListItem","position":1,"name":"Home","item":"https:\/\/lottomat.com\/pt-pt\/"},{"@type":"ListItem","position":2,"name":"Jogar na Lotaria","item":"https:\/\/lottomat.com\/pt-pt\/jogar\/"},{"@type":"ListItem","position":3,"name":"Jogue Powerball Online &#8211; Bilhetes Powerball"}]},{"@type":"WebSite","@id":"https:\/\/lottomat.com\/pt-pt\/#website","url":"https:\/\/lottomat.com\/pt-pt\/","name":"Lottomat","description":"","potentialAction":[{"@type":"SearchAction","target":{"@type":"EntryPoint","urlTemplate":"https:\/\/lottomat.com\/pt-pt\/?s={search_term_string}"},"query-input":{"@type":"PropertyValueSpecification","valueRequired":true,"valueName":"search_term_string"}}],"inLanguage":"pt-PT"}]}},"_links":{"self":[{"href":"https:\/\/lottomat.com\/pt-pt\/wp-json\/wp\/v2\/pages\/8437","targetHints":{"allow":["GET"]}}],"collection":[{"href":"https:\/\/lottomat.com\/pt-pt\/wp-json\/wp\/v2\/pages"}],"about":[{"href":"https:\/\/lottomat.com\/pt-pt\/wp-json\/wp\/v2\/types\/page"}],"author":[{"embeddable":true,"href":"https:\/\/lottomat.com\/pt-pt\/wp-json\/wp\/v2\/users\/1"}],"replies":[{"embeddable":true,"href":"https:\/\/lottomat.com\/pt-pt\/wp-json\/wp\/v2\/comments?post=8437"}],"version-history":[{"count":2,"href":"https:\/\/lottomat.com\/pt-pt\/wp-json\/wp\/v2\/pages\/8437\/revisions"}],"predecessor-version":[{"id":273862,"href":"https:\/\/lottomat.com\/pt-pt\/wp-json\/wp\/v2\/pages\/8437\/revisions\/273862"}],"up":[{"embeddable":true,"href":"https:\/\/lottomat.com\/pt-pt\/wp-json\/wp\/v2\/pages\/6790"}],"wp:attachment":[{"href":"https:\/\/lottomat.com\/pt-pt\/wp-json\/wp\/v2\/media?parent=8437"}],"curies":[{"name":"wp","href":"https:\/\/api.w.org\/{rel}","templated":true}]}}