{"id":6425,"date":"2025-03-26T07:12:15","date_gmt":"2025-03-26T07:12:15","guid":{"rendered":"https:\/\/lottomat.net\/inicio-as-maiores-lotarias-do-mundo-num-so-lugar\/"},"modified":"2026-02-13T11:48:55","modified_gmt":"2026-02-13T11:48:55","slug":"inicio-as-maiores-lotarias-do-mundo-num-so-lugar","status":"publish","type":"page","link":"https:\/\/lottomat.com\/pt-pt\/","title":{"rendered":"Lottomat &#8211; as maiores lotarias do mundo num s\u00f3 lugar"},"content":{"rendered":"\n\n<div class=\"kk-star-ratings kksr-auto kksr-align-left kksr-valign-top\"\n    data-payload='{&quot;align&quot;:&quot;left&quot;,&quot;id&quot;:&quot;6425&quot;,&quot;slug&quot;:&quot;default&quot;,&quot;valign&quot;:&quot;top&quot;,&quot;ignore&quot;:&quot;&quot;,&quot;reference&quot;:&quot;auto&quot;,&quot;class&quot;:&quot;&quot;,&quot;count&quot;:&quot;0&quot;,&quot;legendonly&quot;:&quot;&quot;,&quot;readonly&quot;:&quot;&quot;,&quot;score&quot;:&quot;0&quot;,&quot;starsonly&quot;:&quot;&quot;,&quot;best&quot;:&quot;5&quot;,&quot;gap&quot;:&quot;5&quot;,&quot;greet&quot;:&quot;Rate this page&quot;,&quot;legend&quot;:&quot;0\\\/5 - (0 votes)&quot;,&quot;size&quot;:&quot;30&quot;,&quot;title&quot;:&quot;Lottomat - as maiores lotarias do mundo num s\u00f3 lugar&quot;,&quot;width&quot;:&quot;0&quot;,&quot;_legend&quot;:&quot;{score}\\\/{best} - ({count} {votes})&quot;,&quot;font_factor&quot;:&quot;1.25&quot;}'>\n            \n<div class=\"kksr-stars\">\n    \n<div class=\"kksr-stars-inactive\">\n            <div class=\"kksr-star\" data-star=\"1\" style=\"padding-right: 5px\">\n            \n\n<div class=\"kksr-icon\" style=\"width: 30px; height: 30px;\"><\/div>\n        <\/div>\n            <div class=\"kksr-star\" data-star=\"2\" style=\"padding-right: 5px\">\n            \n\n<div class=\"kksr-icon\" style=\"width: 30px; height: 30px;\"><\/div>\n        <\/div>\n            <div class=\"kksr-star\" data-star=\"3\" style=\"padding-right: 5px\">\n            \n\n<div class=\"kksr-icon\" style=\"width: 30px; height: 30px;\"><\/div>\n        <\/div>\n            <div class=\"kksr-star\" data-star=\"4\" style=\"padding-right: 5px\">\n            \n\n<div class=\"kksr-icon\" style=\"width: 30px; height: 30px;\"><\/div>\n        <\/div>\n            <div class=\"kksr-star\" data-star=\"5\" style=\"padding-right: 5px\">\n            \n\n<div class=\"kksr-icon\" style=\"width: 30px; height: 30px;\"><\/div>\n        <\/div>\n    <\/div>\n    \n<div class=\"kksr-stars-active\" style=\"width: 0px;\">\n            <div class=\"kksr-star\" style=\"padding-right: 5px\">\n            \n\n<div class=\"kksr-icon\" style=\"width: 30px; height: 30px;\"><\/div>\n        <\/div>\n            <div class=\"kksr-star\" style=\"padding-right: 5px\">\n            \n\n<div class=\"kksr-icon\" style=\"width: 30px; height: 30px;\"><\/div>\n        <\/div>\n            <div class=\"kksr-star\" style=\"padding-right: 5px\">\n            \n\n<div class=\"kksr-icon\" style=\"width: 30px; height: 30px;\"><\/div>\n        <\/div>\n            <div class=\"kksr-star\" style=\"padding-right: 5px\">\n            \n\n<div class=\"kksr-icon\" style=\"width: 30px; height: 30px;\"><\/div>\n        <\/div>\n            <div class=\"kksr-star\" style=\"padding-right: 5px\">\n            \n\n<div class=\"kksr-icon\" style=\"width: 30px; height: 30px;\"><\/div>\n        <\/div>\n    <\/div>\n<\/div>\n                \n\n<div class=\"kksr-legend\" style=\"font-size: 24px;\">\n            <span class=\"kksr-muted\">Rate this page<\/span>\n    <\/div>\n    <\/div>\n<h2 style=\"text-align: left;\"><img loading=\"lazy\" decoding=\"async\" class=\"alignleft wp-image-1091\" src=\"https:\/\/lottomat.com\/wp-content\/uploads\/2025\/03\/play-lotteries-available-in-other-countries-300x300.png\" alt=\"jogar lotarias dispon\u00edveis noutros pa\u00edses\" width=\"130\" height=\"130\" srcset=\"https:\/\/lottomat.com\/wp-content\/uploads\/2025\/03\/play-lotteries-available-in-other-countries-300x300.png 300w, https:\/\/lottomat.com\/wp-content\/uploads\/2025\/03\/play-lotteries-available-in-other-countries-150x150.png 150w, https:\/\/lottomat.com\/wp-content\/uploads\/2025\/03\/play-lotteries-available-in-other-countries-100x100.png 100w, https:\/\/lottomat.com\/wp-content\/uploads\/2025\/03\/play-lotteries-available-in-other-countries.png 400w\" sizes=\"auto, (max-width: 130px) 100vw, 130px\" \/>Posso jogar lotarias dispon\u00edveis noutros pa\u00edses?<\/h2>\n<p>Sim, sim, sim! A resposta \u00e0 pergunta mais frequente dos nossos jogadores \u00e9 sim &#8211; pode jogar as maiores lotarias do mundo independentemente do seu pa\u00eds de resid\u00eancia. No site Lottomat, as maiores lotarias est\u00e3o dispon\u00edveis para si sem necessidade de visitar qualquer estabelecimento de lotaria, incluindo o mais pr\u00f3ximo no seu pa\u00eds de resid\u00eancia. Na Lottomat, encontrar\u00e1 lotarias que garantem os maiores pr\u00e9mios, entre elas a SuperEnalotto, na qual para ganhar o pr\u00e9mio principal, deve acertar corretamente em 6 n\u00fameros de 90. Tamb\u00e9m h\u00e1 a Eurojackpot e a EuroMillions, que s\u00e3o as lotarias europeias mais significativas; para ganhar, s\u00f3 precisa de escolher cinco n\u00fameros de 50. Connosco, pode tamb\u00e9m jogar a French Lotto, a UK Lotto ou duas fant\u00e1sticas lotarias espanholas, El Gordo e La Primitiva, oferecendo uma grande probabilidade de ganhar. No nosso portf\u00f3lio, encontrar\u00e1 tamb\u00e9m as maiores lotarias americanas, incluindo a Powerball, Mega Millions e muitas outras op\u00e7\u00f5es atrativas, que lhe proporcionam a oportunidade de aumentar as suas hip\u00f3teses de ganhar.<\/p>\n<hr \/>\n<h2><img loading=\"lazy\" decoding=\"async\" class=\"alignleft wp-image-21538 lazy loaded\" src=\"https:\/\/lottomat.net\/wp-content\/uploads\/2020\/06\/euro-jackpot-2.png\" alt=\"euro jackpot\" width=\"130\" height=\"130\" data-src=\"https:\/\/lottomat.net\/wp-content\/uploads\/2020\/06\/euro-jackpot-2.png\" data-was-processed=\"true\" srcset=\"https:\/\/lottomat.com\/wp-content\/uploads\/2020\/06\/euro-jackpot-2.png 400w, https:\/\/lottomat.com\/wp-content\/uploads\/2020\/06\/euro-jackpot-2-300x300.png 300w, https:\/\/lottomat.com\/wp-content\/uploads\/2020\/06\/euro-jackpot-2-150x150.png 150w, https:\/\/lottomat.com\/wp-content\/uploads\/2020\/06\/euro-jackpot-2-100x100.png 100w\" sizes=\"auto, (max-width: 130px) 100vw, 130px\" \/>Como posso comprar os bilhetes?<\/h2>\n<p>Comprar bilhetes de lotaria online \u00e9 extremamente simples, r\u00e1pido e, acima de tudo, seguro. Tudo o que tem de fazer \u00e9 escolher uma lotaria, selecionar os n\u00fameros, completar um registo simples, pagar o cup\u00e3o e verificar se selecionou corretamente ap\u00f3s o sorteio.<\/p>\n<hr \/>\n<h2><img loading=\"lazy\" decoding=\"async\" class=\"alignleft wp-image-21566 lazy loaded\" src=\"https:\/\/lottomat.net\/wp-content\/uploads\/2020\/06\/Euro-Million.png\" alt=\"Euro Million\" width=\"130\" height=\"130\" data-src=\"https:\/\/lottomat.net\/wp-content\/uploads\/2020\/06\/Euro-Million.png\" data-was-processed=\"true\" srcset=\"https:\/\/lottomat.com\/wp-content\/uploads\/2020\/06\/Euro-Million.png 400w, https:\/\/lottomat.com\/wp-content\/uploads\/2020\/06\/Euro-Million-300x300.png 300w, https:\/\/lottomat.com\/wp-content\/uploads\/2020\/06\/Euro-Million-150x150.png 150w, https:\/\/lottomat.com\/wp-content\/uploads\/2020\/06\/Euro-Million-100x100.png 100w\" sizes=\"auto, (max-width: 130px) 100vw, 130px\" \/>O que acontece depois de encomendar o cup\u00e3o online?<\/h2>\n<p>Um dos nossos representantes comprar\u00e1 um cup\u00e3o oficial em seu nome de acordo com os n\u00fameros que escolheu. O seu cup\u00e3o ser\u00e1 depositado no cofre at\u00e9 ao sorteio, e os n\u00fameros que selecionou estar\u00e3o na sua conta de utilizador no nosso site. Al\u00e9m disso, quando efetuar uma compra, a Lottomat tamb\u00e9m o notificar\u00e1 por e-mail sobre o valor gasto na compra de bilhetes, o m\u00e9todo de pagamento e os n\u00fameros que escolheu. Adicionalmente, uma digitaliza\u00e7\u00e3o do cup\u00e3o comprado ser\u00e1 colocada na sua conta.<\/p>\n<hr \/>\n<h2><img loading=\"lazy\" decoding=\"async\" class=\"alignleft wp-image-21594 lazy loaded\" src=\"https:\/\/lottomat.net\/wp-content\/uploads\/2020\/06\/Euro-Millions.png\" alt=\"Euro Millions\" width=\"122\" height=\"122\" data-src=\"https:\/\/lottomat.net\/wp-content\/uploads\/2020\/06\/Euro-Millions.png\" data-was-processed=\"true\" srcset=\"https:\/\/lottomat.com\/wp-content\/uploads\/2020\/06\/Euro-Millions.png 400w, https:\/\/lottomat.com\/wp-content\/uploads\/2020\/06\/Euro-Millions-300x300.png 300w, https:\/\/lottomat.com\/wp-content\/uploads\/2020\/06\/Euro-Millions-150x150.png 150w, https:\/\/lottomat.com\/wp-content\/uploads\/2020\/06\/Euro-Millions-100x100.png 100w\" sizes=\"auto, (max-width: 122px) 100vw, 122px\" \/>Como n\u00e3o perder os jackpots?<\/h2>\n<p>A Lottomat mant\u00ea-lo-\u00e1 informado sobre os pr\u00f3ximos jackpots. Receber\u00e1 um e-mail com anteced\u00eancia para lembr\u00e1-lo do pr\u00f3ximo sorteio, e poder\u00e1 planear o seu calend\u00e1rio de jogo usando a op\u00e7\u00e3o de subscri\u00e7\u00e3o.<\/p>\n<p>&nbsp;<\/p>\n<hr \/>\n<h2><img loading=\"lazy\" decoding=\"async\" class=\"alignleft wp-image-21622 lazy loaded\" src=\"https:\/\/lottomat.net\/wp-content\/uploads\/2020\/06\/mega-millions.png\" alt=\"mega millions\" width=\"130\" height=\"130\" data-src=\"https:\/\/lottomat.net\/wp-content\/uploads\/2020\/06\/mega-millions.png\" data-was-processed=\"true\" srcset=\"https:\/\/lottomat.com\/wp-content\/uploads\/2020\/06\/mega-millions.png 400w, https:\/\/lottomat.com\/wp-content\/uploads\/2020\/06\/mega-millions-300x300.png 300w, https:\/\/lottomat.com\/wp-content\/uploads\/2020\/06\/mega-millions-150x150.png 150w, https:\/\/lottomat.com\/wp-content\/uploads\/2020\/06\/mega-millions-100x100.png 100w\" sizes=\"auto, (max-width: 130px) 100vw, 130px\" \/>E se eu ganhar?<\/h2>\n<p>Tamb\u00e9m neste momento, a Lottomat facilita-lhe o levantamento dos seus pr\u00e9mios. Todos os seus pr\u00e9mios, at\u00e9 2.500 EUR, s\u00e3o automaticamente creditados na sua conta no nosso sistema imediatamente ap\u00f3s o sorteio e podem ser usados para as suas compras subsequentes ou solicitados como um levantamento da sua conta. Faz tudo isto online &#8211; de forma conveniente e segura. No caso de pr\u00e9mios significativos, a Lottomat ajud\u00e1-lo-\u00e1 a selecionar a forma mais conveniente de receber o pr\u00e9mio. Os grandes pr\u00e9mios s\u00e3o normalmente depositados na conta banc\u00e1ria que especificar e, em alguns casos, podem exigir a sua presen\u00e7a para reclamar os ganhos. Tamb\u00e9m organizaremos isto para que possa desfrutar plenamente dos pr\u00e9mios, como muitos dos nossos atuais vencedores t\u00eam feito.<\/p>\n<hr \/>\n<h2><img loading=\"lazy\" decoding=\"async\" class=\"alignleft wp-image-21650 lazy loaded\" src=\"https:\/\/lottomat.net\/wp-content\/uploads\/2020\/06\/online-lotto.png\" alt=\"lotaria online\" width=\"130\" height=\"130\" data-src=\"https:\/\/lottomat.net\/wp-content\/uploads\/2020\/06\/online-lotto.png\" data-was-processed=\"true\" srcset=\"https:\/\/lottomat.com\/wp-content\/uploads\/2020\/06\/online-lotto.png 400w, https:\/\/lottomat.com\/wp-content\/uploads\/2020\/06\/online-lotto-300x300.png 300w, https:\/\/lottomat.com\/wp-content\/uploads\/2020\/06\/online-lotto-150x150.png 150w, https:\/\/lottomat.com\/wp-content\/uploads\/2020\/06\/online-lotto-100x100.png 100w\" sizes=\"auto, (max-width: 130px) 100vw, 130px\" \/>Existem m\u00e9todos para ganhar?<\/h2>\n<p>Queremos assegurar-lhe que n\u00e3o conhecemos tais m\u00e9todos. As lotarias, como a maioria dos jogos de n\u00fameros, baseiam-se na aleatoriedade. Provavelmente j\u00e1 ouviu dizer que algu\u00e9m descobriu um sistema para o jogo do Loto ou outro jogo de sorte. Apesar das evid\u00eancias que sugerem que n\u00fameros espec\u00edficos s\u00e3o sorteados com mais frequ\u00eancia do que outros, os especialistas concordam que n\u00e3o existe nenhum sistema comprovado. Este \u00e9 o paradoxo do Loto. Todos t\u00eam as mesmas hip\u00f3teses aqui, por isso talvez hoje mesmo o seu conjunto de n\u00fameros ganhe. Ent\u00e3o vamos jogar sistematicamente, porque a sorte pode sorrir a qualquer momento. Os nossos atuais vencedores sugerem que a regularidade e o jogo consistente s\u00e3o as chaves para ganhar.<\/p>\n<hr \/>\n<h2 style=\"text-align: center;\"><span style=\"color: #00b3ff;\">Connosco, pode jogar 24\/7, 365 dias por ano.<\/span><\/h2>\n","protected":false},"excerpt":{"rendered":"<p>Posso jogar lotarias dispon\u00edveis noutros pa\u00edses? Sim, sim, sim! A resposta \u00e0 pergunta mais frequente dos nossos jogadores \u00e9 sim &#8211; pode jogar as maiores lotarias do mundo independentemente do seu pa\u00eds de resid\u00eancia. No site Lottomat, as maiores lotarias est\u00e3o dispon\u00edveis para si sem necessidade de visitar qualquer estabelecimento de lotaria, incluindo o mais [&hellip;]<\/p>\n","protected":false},"author":1,"featured_media":0,"parent":0,"menu_order":1,"comment_status":"closed","ping_status":"closed","template":"lotto.php","meta":{"_et_pb_use_builder":"","_et_pb_old_content":"","_et_gb_content_width":"","exclude_from_search":false,"footnotes":""},"class_list":["post-6425","page","type-page","status-publish","hentry"],"yoast_head":"<!-- This site is optimized with the Yoast SEO plugin v23.8 - https:\/\/yoast.com\/wordpress\/plugins\/seo\/ -->\n<title>Lotto online - comprar bilhetes de lotaria online - Lottomat.com<\/title>\n<meta name=\"description\" content=\"A Lottomat oferece as maiores lotarias do mundo com os melhores jackpots. Joga online e ganha em grande! Compre os bilhetes e verifique os resultados.\" \/>\n<meta name=\"robots\" content=\"index, follow, max-snippet:-1, max-image-preview:large, max-video-preview:-1\" \/>\n<link rel=\"canonical\" href=\"https:\/\/lottomat.com\/pt-pt\/\" \/>\n<meta property=\"og:locale\" content=\"pt_PT\" \/>\n<meta property=\"og:type\" content=\"article\" \/>\n<meta property=\"og:title\" content=\"Lotto online - comprar bilhetes de lotaria online - Lottomat.com\" \/>\n<meta property=\"og:description\" content=\"A Lottomat oferece as maiores lotarias do mundo com os melhores jackpots. Joga online e ganha em grande! Compre os bilhetes e verifique os resultados.\" \/>\n<meta property=\"og:url\" content=\"https:\/\/lottomat.com\/pt-pt\/\" \/>\n<meta property=\"og:site_name\" content=\"Lottomat\" \/>\n<meta property=\"article:modified_time\" content=\"2026-02-13T11:48:55+00:00\" \/>\n<meta property=\"og:image\" content=\"https:\/\/lottomat.com\/wp-content\/uploads\/2025\/03\/play-lotteries-available-in-other-countries-300x300.png\" \/>\n<meta name=\"twitter:card\" content=\"summary_large_image\" \/>\n<meta name=\"twitter:label1\" content=\"Tempo estimado de leitura\" \/>\n\t<meta name=\"twitter:data1\" content=\"4 minutos\" \/>\n<script type=\"application\/ld+json\" class=\"yoast-schema-graph\">{\"@context\":\"https:\/\/schema.org\",\"@graph\":[{\"@type\":\"WebPage\",\"@id\":\"https:\/\/lottomat.com\/pt-pt\/\",\"url\":\"https:\/\/lottomat.com\/pt-pt\/\",\"name\":\"Lotto online - comprar bilhetes de lotaria online - Lottomat.com\",\"isPartOf\":{\"@id\":\"https:\/\/lottomat.com\/pt-pt\/#website\"},\"primaryImageOfPage\":{\"@id\":\"https:\/\/lottomat.com\/pt-pt\/#primaryimage\"},\"image\":{\"@id\":\"https:\/\/lottomat.com\/pt-pt\/#primaryimage\"},\"thumbnailUrl\":\"https:\/\/lottomat.com\/wp-content\/uploads\/2025\/03\/play-lotteries-available-in-other-countries-300x300.png\",\"datePublished\":\"2025-03-26T07:12:15+00:00\",\"dateModified\":\"2026-02-13T11:48:55+00:00\",\"description\":\"A Lottomat oferece as maiores lotarias do mundo com os melhores jackpots. Joga online e ganha em grande! Compre os bilhetes e verifique os resultados.\",\"breadcrumb\":{\"@id\":\"https:\/\/lottomat.com\/pt-pt\/#breadcrumb\"},\"inLanguage\":\"pt-PT\",\"potentialAction\":[{\"@type\":\"ReadAction\",\"target\":[\"https:\/\/lottomat.com\/pt-pt\/\"]}]},{\"@type\":\"ImageObject\",\"inLanguage\":\"pt-PT\",\"@id\":\"https:\/\/lottomat.com\/pt-pt\/#primaryimage\",\"url\":\"https:\/\/lottomat.com\/wp-content\/uploads\/2025\/03\/play-lotteries-available-in-other-countries-300x300.png\",\"contentUrl\":\"https:\/\/lottomat.com\/wp-content\/uploads\/2025\/03\/play-lotteries-available-in-other-countries-300x300.png\"},{\"@type\":\"BreadcrumbList\",\"@id\":\"https:\/\/lottomat.com\/pt-pt\/#breadcrumb\",\"itemListElement\":[{\"@type\":\"ListItem\",\"position\":1,\"name\":\"Home\",\"item\":\"https:\/\/lottomat.com\/pt-pt\/\"},{\"@type\":\"ListItem\",\"position\":2,\"name\":\"Lottomat &#8211; as maiores lotarias do mundo num s\u00f3 lugar\"}]},{\"@type\":\"WebSite\",\"@id\":\"https:\/\/lottomat.com\/pt-pt\/#website\",\"url\":\"https:\/\/lottomat.com\/pt-pt\/\",\"name\":\"Lottomat\",\"description\":\"\",\"potentialAction\":[{\"@type\":\"SearchAction\",\"target\":{\"@type\":\"EntryPoint\",\"urlTemplate\":\"https:\/\/lottomat.com\/pt-pt\/?s={search_term_string}\"},\"query-input\":{\"@type\":\"PropertyValueSpecification\",\"valueRequired\":true,\"valueName\":\"search_term_string\"}}],\"inLanguage\":\"pt-PT\"}]}<\/script>\n<!-- \/ Yoast SEO plugin. -->","yoast_head_json":{"title":"Lotto online - comprar bilhetes de lotaria online - Lottomat.com","description":"A Lottomat oferece as maiores lotarias do mundo com os melhores jackpots. Joga online e ganha em grande! Compre os bilhetes e verifique os resultados.","robots":{"index":"index","follow":"follow","max-snippet":"max-snippet:-1","max-image-preview":"max-image-preview:large","max-video-preview":"max-video-preview:-1"},"canonical":"https:\/\/lottomat.com\/pt-pt\/","og_locale":"pt_PT","og_type":"article","og_title":"Lotto online - comprar bilhetes de lotaria online - Lottomat.com","og_description":"A Lottomat oferece as maiores lotarias do mundo com os melhores jackpots. Joga online e ganha em grande! Compre os bilhetes e verifique os resultados.","og_url":"https:\/\/lottomat.com\/pt-pt\/","og_site_name":"Lottomat","article_modified_time":"2026-02-13T11:48:55+00:00","og_image":[{"url":"https:\/\/lottomat.com\/wp-content\/uploads\/2025\/03\/play-lotteries-available-in-other-countries-300x300.png"}],"twitter_card":"summary_large_image","twitter_misc":{"Tempo estimado de leitura":"4 minutos"},"schema":{"@context":"https:\/\/schema.org","@graph":[{"@type":"WebPage","@id":"https:\/\/lottomat.com\/pt-pt\/","url":"https:\/\/lottomat.com\/pt-pt\/","name":"Lotto online - comprar bilhetes de lotaria online - Lottomat.com","isPartOf":{"@id":"https:\/\/lottomat.com\/pt-pt\/#website"},"primaryImageOfPage":{"@id":"https:\/\/lottomat.com\/pt-pt\/#primaryimage"},"image":{"@id":"https:\/\/lottomat.com\/pt-pt\/#primaryimage"},"thumbnailUrl":"https:\/\/lottomat.com\/wp-content\/uploads\/2025\/03\/play-lotteries-available-in-other-countries-300x300.png","datePublished":"2025-03-26T07:12:15+00:00","dateModified":"2026-02-13T11:48:55+00:00","description":"A Lottomat oferece as maiores lotarias do mundo com os melhores jackpots. Joga online e ganha em grande! Compre os bilhetes e verifique os resultados.","breadcrumb":{"@id":"https:\/\/lottomat.com\/pt-pt\/#breadcrumb"},"inLanguage":"pt-PT","potentialAction":[{"@type":"ReadAction","target":["https:\/\/lottomat.com\/pt-pt\/"]}]},{"@type":"ImageObject","inLanguage":"pt-PT","@id":"https:\/\/lottomat.com\/pt-pt\/#primaryimage","url":"https:\/\/lottomat.com\/wp-content\/uploads\/2025\/03\/play-lotteries-available-in-other-countries-300x300.png","contentUrl":"https:\/\/lottomat.com\/wp-content\/uploads\/2025\/03\/play-lotteries-available-in-other-countries-300x300.png"},{"@type":"BreadcrumbList","@id":"https:\/\/lottomat.com\/pt-pt\/#breadcrumb","itemListElement":[{"@type":"ListItem","position":1,"name":"Home","item":"https:\/\/lottomat.com\/pt-pt\/"},{"@type":"ListItem","position":2,"name":"Lottomat &#8211; as maiores lotarias do mundo num s\u00f3 lugar"}]},{"@type":"WebSite","@id":"https:\/\/lottomat.com\/pt-pt\/#website","url":"https:\/\/lottomat.com\/pt-pt\/","name":"Lottomat","description":"","potentialAction":[{"@type":"SearchAction","target":{"@type":"EntryPoint","urlTemplate":"https:\/\/lottomat.com\/pt-pt\/?s={search_term_string}"},"query-input":{"@type":"PropertyValueSpecification","valueRequired":true,"valueName":"search_term_string"}}],"inLanguage":"pt-PT"}]}},"_links":{"self":[{"href":"https:\/\/lottomat.com\/pt-pt\/wp-json\/wp\/v2\/pages\/6425","targetHints":{"allow":["GET"]}}],"collection":[{"href":"https:\/\/lottomat.com\/pt-pt\/wp-json\/wp\/v2\/pages"}],"about":[{"href":"https:\/\/lottomat.com\/pt-pt\/wp-json\/wp\/v2\/types\/page"}],"author":[{"embeddable":true,"href":"https:\/\/lottomat.com\/pt-pt\/wp-json\/wp\/v2\/users\/1"}],"replies":[{"embeddable":true,"href":"https:\/\/lottomat.com\/pt-pt\/wp-json\/wp\/v2\/comments?post=6425"}],"version-history":[{"count":1,"href":"https:\/\/lottomat.com\/pt-pt\/wp-json\/wp\/v2\/pages\/6425\/revisions"}],"predecessor-version":[{"id":270992,"href":"https:\/\/lottomat.com\/pt-pt\/wp-json\/wp\/v2\/pages\/6425\/revisions\/270992"}],"wp:attachment":[{"href":"https:\/\/lottomat.com\/pt-pt\/wp-json\/wp\/v2\/media?parent=6425"}],"curies":[{"name":"wp","href":"https:\/\/api.w.org\/{rel}","templated":true}]}}