{"id":274129,"date":"2025-05-18T16:33:53","date_gmt":"2025-05-18T16:33:53","guid":{"rendered":"https:\/\/lottomat.com\/?page_id=274129"},"modified":"2026-03-19T08:01:40","modified_gmt":"2026-03-19T08:01:40","slug":"euromillions-austria-regras-premios-e-jackpot","status":"publish","type":"page","link":"https:\/\/lottomat.com\/pt-pt\/lotarias\/euromillions-austria-regras-premios-e-jackpot\/","title":{"rendered":"Euromillions Austria Regras: Pr\u00e9mios e Jackpot"},"content":{"rendered":"\n\n<div class=\"kk-star-ratings kksr-auto kksr-align-left kksr-valign-top\"\n    data-payload='{&quot;align&quot;:&quot;left&quot;,&quot;id&quot;:&quot;274129&quot;,&quot;slug&quot;:&quot;default&quot;,&quot;valign&quot;:&quot;top&quot;,&quot;ignore&quot;:&quot;&quot;,&quot;reference&quot;:&quot;auto&quot;,&quot;class&quot;:&quot;&quot;,&quot;count&quot;:&quot;0&quot;,&quot;legendonly&quot;:&quot;&quot;,&quot;readonly&quot;:&quot;&quot;,&quot;score&quot;:&quot;0&quot;,&quot;starsonly&quot;:&quot;&quot;,&quot;best&quot;:&quot;5&quot;,&quot;gap&quot;:&quot;5&quot;,&quot;greet&quot;:&quot;Rate this page&quot;,&quot;legend&quot;:&quot;0\\\/5 - (0 votes)&quot;,&quot;size&quot;:&quot;30&quot;,&quot;title&quot;:&quot;Euromillions Austria Regras: Pr\u00e9mios e Jackpot&quot;,&quot;width&quot;:&quot;0&quot;,&quot;_legend&quot;:&quot;{score}\\\/{best} - ({count} {votes})&quot;,&quot;font_factor&quot;:&quot;1.25&quot;}'>\n            \n<div class=\"kksr-stars\">\n    \n<div class=\"kksr-stars-inactive\">\n            <div class=\"kksr-star\" data-star=\"1\" style=\"padding-right: 5px\">\n            \n\n<div class=\"kksr-icon\" style=\"width: 30px; height: 30px;\"><\/div>\n        <\/div>\n            <div class=\"kksr-star\" data-star=\"2\" style=\"padding-right: 5px\">\n            \n\n<div class=\"kksr-icon\" style=\"width: 30px; height: 30px;\"><\/div>\n        <\/div>\n            <div class=\"kksr-star\" data-star=\"3\" style=\"padding-right: 5px\">\n            \n\n<div class=\"kksr-icon\" style=\"width: 30px; height: 30px;\"><\/div>\n        <\/div>\n            <div class=\"kksr-star\" data-star=\"4\" style=\"padding-right: 5px\">\n            \n\n<div class=\"kksr-icon\" style=\"width: 30px; height: 30px;\"><\/div>\n        <\/div>\n            <div class=\"kksr-star\" data-star=\"5\" style=\"padding-right: 5px\">\n            \n\n<div class=\"kksr-icon\" style=\"width: 30px; height: 30px;\"><\/div>\n        <\/div>\n    <\/div>\n    \n<div class=\"kksr-stars-active\" style=\"width: 0px;\">\n            <div class=\"kksr-star\" style=\"padding-right: 5px\">\n            \n\n<div class=\"kksr-icon\" style=\"width: 30px; height: 30px;\"><\/div>\n        <\/div>\n            <div class=\"kksr-star\" style=\"padding-right: 5px\">\n            \n\n<div class=\"kksr-icon\" style=\"width: 30px; height: 30px;\"><\/div>\n        <\/div>\n            <div class=\"kksr-star\" style=\"padding-right: 5px\">\n            \n\n<div class=\"kksr-icon\" style=\"width: 30px; height: 30px;\"><\/div>\n        <\/div>\n            <div class=\"kksr-star\" style=\"padding-right: 5px\">\n            \n\n<div class=\"kksr-icon\" style=\"width: 30px; height: 30px;\"><\/div>\n        <\/div>\n            <div class=\"kksr-star\" style=\"padding-right: 5px\">\n            \n\n<div class=\"kksr-icon\" style=\"width: 30px; height: 30px;\"><\/div>\n        <\/div>\n    <\/div>\n<\/div>\n                \n\n<div class=\"kksr-legend\" style=\"font-size: 24px;\">\n            <span class=\"kksr-muted\">Rate this page<\/span>\n    <\/div>\n    <\/div>\n<h2>Descubra a Emo\u00e7\u00e3o do EuroMillions Austria \u2013 A Sua Porta de Entrada para Ganhos que Mudam de Vida!<\/h2>\n<p><img loading=\"lazy\" decoding=\"async\" class=\"alignleft wp-image-268187\" src=\"https:\/\/lottomat.com\/wp-content\/uploads\/2026\/01\/Austrian-EuroMillions-prizes.webp\" alt=\"Pr\u00e9mios do EuroMillions austr\u00edaco\" width=\"200\" height=\"200\" srcset=\"https:\/\/lottomat.com\/wp-content\/uploads\/2026\/01\/Austrian-EuroMillions-prizes.webp 400w, https:\/\/lottomat.com\/wp-content\/uploads\/2026\/01\/Austrian-EuroMillions-prizes-300x300.webp 300w, https:\/\/lottomat.com\/wp-content\/uploads\/2026\/01\/Austrian-EuroMillions-prizes-150x150.webp 150w, https:\/\/lottomat.com\/wp-content\/uploads\/2026\/01\/Austrian-EuroMillions-prizes-100x100.webp 100w\" sizes=\"auto, (max-width: 200px) 100vw, 200px\" \/>Imagine acordar amanh\u00e3 e perceber que os seus sonhos podem finalmente tornar-se realidade \u2013 uma casa de luxo, f\u00e9rias ex\u00f3ticas, seguran\u00e7a financeira para os seus entes queridos e a liberdade de viver a vida segundo as suas pr\u00f3prias regras. Com o EuroMillions Austria, oficialmente conhecido como EuroMillions EU, este sonho pode tornar-se a sua realidade! Sendo uma das loterias mais populares e emocionantes da Europa, o EuroMillions Austria oferece-lhe a oportunidade \u00fanica de ganhar jackpots extraordin\u00e1rios e fazer parte de uma experi\u00eancia verdadeiramente transformadora. Vamos explorar tudo o que precisa de saber sobre esta incr\u00edvel loteria e o que a distingue da sua cong\u00e9nere brit\u00e2nica. Saiba mais sobre as regras do EuroMillions Austria e depois&#8230; <a href=\"https:\/\/lottomat.com\/pt-pt\/jogar\/euromillions-eu-online-bilhetes-do-euromillions-austria\/\">jogue o EuroMillions Austria online<\/a> no Lottomat!<\/p>\n<h2>O que \u00e9 o EuroMillions Austria (EuroMillions EU)?<\/h2>\n<p>O EuroMillions Austria \u00e9 a participa\u00e7\u00e3o austr\u00edaca na famosa loteria EuroMillions, uma loteria europeia transnacional que re\u00fane jogadores da \u00c1ustria, Espanha, Fran\u00e7a, B\u00e9lgica, Irlanda, Luxemburgo, Portugal e Su\u00ed\u00e7a. Lan\u00e7ado em 2004, o EuroMillions tornou-se rapidamente um fen\u00f3meno em todo o continente, gra\u00e7as aos seus enormes jackpots e a uma mec\u00e2nica de jogo simples e envolvente.<\/p>\n<p>Para jogar o EuroMillions Austria, os participantes selecionam cinco n\u00fameros principais de 1 a 50 e dois n\u00fameros de Estrela da Sorte de 1 a 12. Os sorteios realizam-se todas as ter\u00e7as e sextas-feiras \u00e0 noite em Paris, e a tens\u00e3o \u00e9 palp\u00e1vel enquanto milh\u00f5es de europeus aguardam, cheios de esperan\u00e7a, que os seus n\u00fameros sejam sorteados!<\/p>\n<h2>Como Funciona o EuroMillions Austria? Regras do EuroMillions Austria<img loading=\"lazy\" decoding=\"async\" class=\"alignright wp-image-268217\" src=\"https:\/\/lottomat.com\/wp-content\/uploads\/2026\/01\/Austrian-EuroMillions-rules.webp\" alt=\"Regras do EuroMillions austr\u00edaco\" width=\"200\" height=\"200\" srcset=\"https:\/\/lottomat.com\/wp-content\/uploads\/2026\/01\/Austrian-EuroMillions-rules.webp 400w, https:\/\/lottomat.com\/wp-content\/uploads\/2026\/01\/Austrian-EuroMillions-rules-300x300.webp 300w, https:\/\/lottomat.com\/wp-content\/uploads\/2026\/01\/Austrian-EuroMillions-rules-150x150.webp 150w, https:\/\/lottomat.com\/wp-content\/uploads\/2026\/01\/Austrian-EuroMillions-rules-100x100.webp 100w\" sizes=\"auto, (max-width: 200px) 100vw, 200px\" \/><\/h2>\n<p>Come\u00e7ar a jogar \u00e9 f\u00e1cil e acess\u00edvel a toda a gente. <a href=\"https:\/\/lottomat.com\/pt-pt\/jogar\/\">Pode comprar os seus bilhetes de loteria<\/a> em pontos de venda autorizados em toda a \u00c1ustria ou jogar online comodamente a partir de casa. O jackpot m\u00ednimo come\u00e7a nos impressionantes 17 milh\u00f5es de euros, mas com os ac\u00famulos pode disparar at\u00e9 aos vertiginosos 240 milh\u00f5es de euros! Existem 13 categorias de pr\u00e9mios diferentes, o que significa que tem m\u00faltiplas hip\u00f3teses de ganhar, mesmo que n\u00e3o acerte no jackpot.<\/p>\n<p>Quando joga o EuroMillions Austria, n\u00e3o est\u00e1 apenas a participar numa loteria \u2013 est\u00e1 a fazer parte de uma comunidade de sonhadores, todos \u00e0 espera daquele momento m\u00e1gico em que as suas vidas se transformam para sempre. Quer ganhe um pr\u00e9mio menor ou acerte no jackpot hist\u00f3rico, cada bilhete encerra a promessa de um amanh\u00e3 mais luminoso.<\/p>\n<h2>EuroMillions Austria vs EuroMillions do Reino Unido \u2013 Diferen\u00e7as Principais<\/h2>\n<p><img loading=\"lazy\" decoding=\"async\" class=\"alignleft wp-image-268247\" src=\"https:\/\/lottomat.com\/wp-content\/uploads\/2026\/01\/EuroMillions-Austria-jackpot.webp\" alt=\"Jackpot do EuroMillions Austria\" width=\"200\" height=\"200\" srcset=\"https:\/\/lottomat.com\/wp-content\/uploads\/2026\/01\/EuroMillions-Austria-jackpot.webp 400w, https:\/\/lottomat.com\/wp-content\/uploads\/2026\/01\/EuroMillions-Austria-jackpot-300x300.webp 300w, https:\/\/lottomat.com\/wp-content\/uploads\/2026\/01\/EuroMillions-Austria-jackpot-150x150.webp 150w, https:\/\/lottomat.com\/wp-content\/uploads\/2026\/01\/EuroMillions-Austria-jackpot-100x100.webp 100w\" sizes=\"auto, (max-width: 200px) 100vw, 200px\" \/>Embora tanto a \u00c1ustria como o Reino Unido participem no EuroMillions, existem algumas diferen\u00e7as importantes a ter em conta:<\/p>\n<ol>\n<li><strong>Pre\u00e7o do Bilhete<\/strong>: Na \u00c1ustria, um \u00fanico <a href=\"https:\/\/lottomat.com\/pt-pt\/jogar\/euromillions-eu-online-bilhetes-do-euromillions-austria\/\">bilhete do EuroMillions Austria<\/a> tem o pre\u00e7o em euros. No Reino Unido, o pre\u00e7o do bilhete \u00e9 calculado em libras esterlinas e \u00e9 ligeiramente mais elevado do que na \u00c1ustria, porque inclui a participa\u00e7\u00e3o no jogo UK Millionaire Maker, que garante pelo menos um milion\u00e1rio brit\u00e2nico em cada sorteio.<\/li>\n<li><strong>Moeda e Pr\u00e9mios<\/strong>: Os pr\u00e9mios do EuroMillions Austria s\u00e3o pagos em euros, enquanto os jogadores do Reino Unido recebem os seus ganhos em libras esterlinas. O valor dos pr\u00e9mios secund\u00e1rios pode variar ligeiramente devido \u00e0s taxas de c\u00e2mbio.<\/li>\n<li><strong>Jogos Adicionais<\/strong>: Os jogadores austr\u00edacos podem participar no &#8220;\u00d6sterreich Bonus&#8221; \u2013 um sorteio adicional exclusivo que lhes oferece ainda mais hip\u00f3teses de ganhar. O equivalente no Reino Unido \u00e9 o Millionaire Maker, inclu\u00eddo automaticamente em cada bilhete.<\/li>\n<li><strong>Tributa\u00e7\u00e3o<\/strong>: Na \u00c1ustria, os pr\u00e9mios de loteria s\u00e3o isentos de impostos, pelo que fica com cada c\u00eantimo do seu pr\u00e9mio! No Reino Unido, os pr\u00e9mios de loteria tamb\u00e9m s\u00e3o atualmente isentos de impostos, mas verifique sempre a legisla\u00e7\u00e3o em vigor.<\/li>\n<\/ol>\n<h2>Porqu\u00ea Jogar o EuroMillions Austria? A Magia dos Ganhos que Mudam de Vida<\/h2>\n<p>O EuroMillions Austria n\u00e3o \u00e9 apenas uma quest\u00e3o de grandes pr\u00e9mios \u2013 \u00e9 sobre esperan\u00e7a, emo\u00e7\u00e3o e o fasc\u00ednio da possibilidade. Cada sorteio \u00e9 uma nova oportunidade de dar a volta \u00e0 sua vida, de mimar a sua fam\u00edlia, de apoiar causas solid\u00e1rias ou de embarcar nas grandes aventuras com que sempre sonhou. As hist\u00f3rias de pessoas comuns que se tornaram milion\u00e1rias de um dia para o outro s\u00e3o reais e inspiradoras \u2013 a pr\u00f3xima pode ser voc\u00ea!<img loading=\"lazy\" decoding=\"async\" class=\"alignright wp-image-268278\" src=\"https:\/\/lottomat.com\/wp-content\/uploads\/2026\/01\/EuroMillions-Austria-rules.webp\" alt=\"Regras do EuroMillions Austria\" width=\"200\" height=\"200\" srcset=\"https:\/\/lottomat.com\/wp-content\/uploads\/2026\/01\/EuroMillions-Austria-rules.webp 400w, https:\/\/lottomat.com\/wp-content\/uploads\/2026\/01\/EuroMillions-Austria-rules-300x300.webp 300w, https:\/\/lottomat.com\/wp-content\/uploads\/2026\/01\/EuroMillions-Austria-rules-150x150.webp 150w, https:\/\/lottomat.com\/wp-content\/uploads\/2026\/01\/EuroMillions-Austria-rules-100x100.webp 100w\" sizes=\"auto, (max-width: 200px) 100vw, 200px\" \/><\/p>\n<p>O que est\u00e1 \u00e0 espera? O pr\u00f3ximo sorteio do EuroMillions Austria pode ser o seu bilhete para um futuro repleto de alegria, luxo e possibilidades sem fim. Compre o seu bilhete, sonhe alto e deixe-se levar pela emo\u00e7\u00e3o \u2013 porque com o EuroMillions Austria, tudo pode acontecer!<\/p>\n<p><strong>Junte-se \u00e0 emo\u00e7\u00e3o hoje \u2013 e deixe os seus sonhos al\u00e7ar voo com o EuroMillions Austria! Consulte os <a href=\"https:\/\/lottomat.com\/pt-pt\/resultados\/resultados-do-euromillions-austria-numeros-vencedores-do-euromillions-eu\/\">n\u00fameros vencedores do EuroMillions Austria<\/a>.<\/strong><\/p>\n","protected":false},"excerpt":{"rendered":"<p>Descubra a Emo\u00e7\u00e3o do EuroMillions Austria \u2013 A Sua Porta de Entrada para Ganhos que Mudam de Vida! Imagine acordar amanh\u00e3 e perceber que os seus sonhos podem finalmente tornar-se realidade \u2013 uma casa de luxo, f\u00e9rias ex\u00f3ticas, seguran\u00e7a financeira para os seus entes queridos e a liberdade de viver a vida segundo as suas [&hellip;]<\/p>\n","protected":false},"author":2,"featured_media":0,"parent":6911,"menu_order":0,"comment_status":"closed","ping_status":"closed","template":"euromillions-at-info.php","meta":{"_et_pb_use_builder":"","_et_pb_old_content":"","_et_gb_content_width":"","exclude_from_search":false,"footnotes":""},"class_list":["post-274129","page","type-page","status-publish","hentry"],"yoast_head":"<!-- This site is optimized with the Yoast SEO plugin v23.8 - https:\/\/yoast.com\/wordpress\/plugins\/seo\/ -->\n<title>Euromillions Austria Regras: Pr\u00e9mios e Jackpot - Lottomat<\/title>\n<meta name=\"description\" content=\"Saiba mais sobre as regras do EuroMillions Austria. Aqui pode consultar os pr\u00e9mios e o jackpot do EuroMillions Austria.\" \/>\n<meta name=\"robots\" content=\"index, follow, max-snippet:-1, max-image-preview:large, max-video-preview:-1\" \/>\n<link rel=\"canonical\" href=\"https:\/\/lottomat.com\/pt-pt\/lotarias\/euromillions-austria-regras-premios-e-jackpot\/\" \/>\n<meta property=\"og:locale\" content=\"pt_PT\" \/>\n<meta property=\"og:type\" content=\"article\" \/>\n<meta property=\"og:title\" content=\"Euromillions Austria Regras: Pr\u00e9mios e Jackpot - Lottomat\" \/>\n<meta property=\"og:description\" content=\"Saiba mais sobre as regras do EuroMillions Austria. Aqui pode consultar os pr\u00e9mios e o jackpot do EuroMillions Austria.\" \/>\n<meta property=\"og:url\" content=\"https:\/\/lottomat.com\/pt-pt\/lotarias\/euromillions-austria-regras-premios-e-jackpot\/\" \/>\n<meta property=\"og:site_name\" content=\"Lottomat\" \/>\n<meta property=\"article:modified_time\" content=\"2026-03-19T08:01:40+00:00\" \/>\n<meta property=\"og:image\" content=\"https:\/\/lottomat.com\/wp-content\/uploads\/2026\/01\/Austrian-EuroMillions-prizes.webp\" \/>\n\t<meta property=\"og:image:width\" content=\"400\" \/>\n\t<meta property=\"og:image:height\" content=\"400\" \/>\n\t<meta property=\"og:image:type\" content=\"image\/webp\" \/>\n<meta name=\"twitter:card\" content=\"summary_large_image\" \/>\n<meta name=\"twitter:label1\" content=\"Tempo estimado de leitura\" \/>\n\t<meta name=\"twitter:data1\" content=\"5 minutos\" \/>\n<script type=\"application\/ld+json\" class=\"yoast-schema-graph\">{\"@context\":\"https:\/\/schema.org\",\"@graph\":[{\"@type\":\"WebPage\",\"@id\":\"https:\/\/lottomat.com\/pt-pt\/lotarias\/euromillions-austria-regras-premios-e-jackpot\/\",\"url\":\"https:\/\/lottomat.com\/pt-pt\/lotarias\/euromillions-austria-regras-premios-e-jackpot\/\",\"name\":\"Euromillions Austria Regras: Pr\u00e9mios e Jackpot - Lottomat\",\"isPartOf\":{\"@id\":\"https:\/\/lottomat.com\/pt-pt\/#website\"},\"primaryImageOfPage\":{\"@id\":\"https:\/\/lottomat.com\/pt-pt\/lotarias\/euromillions-austria-regras-premios-e-jackpot\/#primaryimage\"},\"image\":{\"@id\":\"https:\/\/lottomat.com\/pt-pt\/lotarias\/euromillions-austria-regras-premios-e-jackpot\/#primaryimage\"},\"thumbnailUrl\":\"https:\/\/lottomat.com\/wp-content\/uploads\/2026\/01\/Austrian-EuroMillions-prizes.webp\",\"datePublished\":\"2025-05-18T16:33:53+00:00\",\"dateModified\":\"2026-03-19T08:01:40+00:00\",\"description\":\"Saiba mais sobre as regras do EuroMillions Austria. Aqui pode consultar os pr\u00e9mios e o jackpot do EuroMillions Austria.\",\"breadcrumb\":{\"@id\":\"https:\/\/lottomat.com\/pt-pt\/lotarias\/euromillions-austria-regras-premios-e-jackpot\/#breadcrumb\"},\"inLanguage\":\"pt-PT\",\"potentialAction\":[{\"@type\":\"ReadAction\",\"target\":[\"https:\/\/lottomat.com\/pt-pt\/lotarias\/euromillions-austria-regras-premios-e-jackpot\/\"]}]},{\"@type\":\"ImageObject\",\"inLanguage\":\"pt-PT\",\"@id\":\"https:\/\/lottomat.com\/pt-pt\/lotarias\/euromillions-austria-regras-premios-e-jackpot\/#primaryimage\",\"url\":\"https:\/\/lottomat.com\/wp-content\/uploads\/2026\/01\/Austrian-EuroMillions-prizes.webp\",\"contentUrl\":\"https:\/\/lottomat.com\/wp-content\/uploads\/2026\/01\/Austrian-EuroMillions-prizes.webp\"},{\"@type\":\"BreadcrumbList\",\"@id\":\"https:\/\/lottomat.com\/pt-pt\/lotarias\/euromillions-austria-regras-premios-e-jackpot\/#breadcrumb\",\"itemListElement\":[{\"@type\":\"ListItem\",\"position\":1,\"name\":\"Home\",\"item\":\"https:\/\/lottomat.com\/pt-pt\/\"},{\"@type\":\"ListItem\",\"position\":2,\"name\":\"Regras da Lotaria: Pr\u00e9mios, Jackpot e Probabilidades\",\"item\":\"https:\/\/lottomat.com\/pt-pt\/lotarias\/\"},{\"@type\":\"ListItem\",\"position\":3,\"name\":\"Euromillions Austria Regras: Pr\u00e9mios e Jackpot\"}]},{\"@type\":\"WebSite\",\"@id\":\"https:\/\/lottomat.com\/pt-pt\/#website\",\"url\":\"https:\/\/lottomat.com\/pt-pt\/\",\"name\":\"Lottomat\",\"description\":\"\",\"potentialAction\":[{\"@type\":\"SearchAction\",\"target\":{\"@type\":\"EntryPoint\",\"urlTemplate\":\"https:\/\/lottomat.com\/pt-pt\/?s={search_term_string}\"},\"query-input\":{\"@type\":\"PropertyValueSpecification\",\"valueRequired\":true,\"valueName\":\"search_term_string\"}}],\"inLanguage\":\"pt-PT\"}]}<\/script>\n<!-- \/ Yoast SEO plugin. -->","yoast_head_json":{"title":"Euromillions Austria Regras: Pr\u00e9mios e Jackpot - Lottomat","description":"Saiba mais sobre as regras do EuroMillions Austria. Aqui pode consultar os pr\u00e9mios e o jackpot do EuroMillions Austria.","robots":{"index":"index","follow":"follow","max-snippet":"max-snippet:-1","max-image-preview":"max-image-preview:large","max-video-preview":"max-video-preview:-1"},"canonical":"https:\/\/lottomat.com\/pt-pt\/lotarias\/euromillions-austria-regras-premios-e-jackpot\/","og_locale":"pt_PT","og_type":"article","og_title":"Euromillions Austria Regras: Pr\u00e9mios e Jackpot - Lottomat","og_description":"Saiba mais sobre as regras do EuroMillions Austria. Aqui pode consultar os pr\u00e9mios e o jackpot do EuroMillions Austria.","og_url":"https:\/\/lottomat.com\/pt-pt\/lotarias\/euromillions-austria-regras-premios-e-jackpot\/","og_site_name":"Lottomat","article_modified_time":"2026-03-19T08:01:40+00:00","og_image":[{"width":400,"height":400,"url":"https:\/\/lottomat.com\/wp-content\/uploads\/2026\/01\/Austrian-EuroMillions-prizes.webp","type":"image\/webp"}],"twitter_card":"summary_large_image","twitter_misc":{"Tempo estimado de leitura":"5 minutos"},"schema":{"@context":"https:\/\/schema.org","@graph":[{"@type":"WebPage","@id":"https:\/\/lottomat.com\/pt-pt\/lotarias\/euromillions-austria-regras-premios-e-jackpot\/","url":"https:\/\/lottomat.com\/pt-pt\/lotarias\/euromillions-austria-regras-premios-e-jackpot\/","name":"Euromillions Austria Regras: Pr\u00e9mios e Jackpot - Lottomat","isPartOf":{"@id":"https:\/\/lottomat.com\/pt-pt\/#website"},"primaryImageOfPage":{"@id":"https:\/\/lottomat.com\/pt-pt\/lotarias\/euromillions-austria-regras-premios-e-jackpot\/#primaryimage"},"image":{"@id":"https:\/\/lottomat.com\/pt-pt\/lotarias\/euromillions-austria-regras-premios-e-jackpot\/#primaryimage"},"thumbnailUrl":"https:\/\/lottomat.com\/wp-content\/uploads\/2026\/01\/Austrian-EuroMillions-prizes.webp","datePublished":"2025-05-18T16:33:53+00:00","dateModified":"2026-03-19T08:01:40+00:00","description":"Saiba mais sobre as regras do EuroMillions Austria. Aqui pode consultar os pr\u00e9mios e o jackpot do EuroMillions Austria.","breadcrumb":{"@id":"https:\/\/lottomat.com\/pt-pt\/lotarias\/euromillions-austria-regras-premios-e-jackpot\/#breadcrumb"},"inLanguage":"pt-PT","potentialAction":[{"@type":"ReadAction","target":["https:\/\/lottomat.com\/pt-pt\/lotarias\/euromillions-austria-regras-premios-e-jackpot\/"]}]},{"@type":"ImageObject","inLanguage":"pt-PT","@id":"https:\/\/lottomat.com\/pt-pt\/lotarias\/euromillions-austria-regras-premios-e-jackpot\/#primaryimage","url":"https:\/\/lottomat.com\/wp-content\/uploads\/2026\/01\/Austrian-EuroMillions-prizes.webp","contentUrl":"https:\/\/lottomat.com\/wp-content\/uploads\/2026\/01\/Austrian-EuroMillions-prizes.webp"},{"@type":"BreadcrumbList","@id":"https:\/\/lottomat.com\/pt-pt\/lotarias\/euromillions-austria-regras-premios-e-jackpot\/#breadcrumb","itemListElement":[{"@type":"ListItem","position":1,"name":"Home","item":"https:\/\/lottomat.com\/pt-pt\/"},{"@type":"ListItem","position":2,"name":"Regras da Lotaria: Pr\u00e9mios, Jackpot e Probabilidades","item":"https:\/\/lottomat.com\/pt-pt\/lotarias\/"},{"@type":"ListItem","position":3,"name":"Euromillions Austria Regras: Pr\u00e9mios e Jackpot"}]},{"@type":"WebSite","@id":"https:\/\/lottomat.com\/pt-pt\/#website","url":"https:\/\/lottomat.com\/pt-pt\/","name":"Lottomat","description":"","potentialAction":[{"@type":"SearchAction","target":{"@type":"EntryPoint","urlTemplate":"https:\/\/lottomat.com\/pt-pt\/?s={search_term_string}"},"query-input":{"@type":"PropertyValueSpecification","valueRequired":true,"valueName":"search_term_string"}}],"inLanguage":"pt-PT"}]}},"_links":{"self":[{"href":"https:\/\/lottomat.com\/pt-pt\/wp-json\/wp\/v2\/pages\/274129","targetHints":{"allow":["GET"]}}],"collection":[{"href":"https:\/\/lottomat.com\/pt-pt\/wp-json\/wp\/v2\/pages"}],"about":[{"href":"https:\/\/lottomat.com\/pt-pt\/wp-json\/wp\/v2\/types\/page"}],"author":[{"embeddable":true,"href":"https:\/\/lottomat.com\/pt-pt\/wp-json\/wp\/v2\/users\/2"}],"replies":[{"embeddable":true,"href":"https:\/\/lottomat.com\/pt-pt\/wp-json\/wp\/v2\/comments?post=274129"}],"version-history":[{"count":2,"href":"https:\/\/lottomat.com\/pt-pt\/wp-json\/wp\/v2\/pages\/274129\/revisions"}],"predecessor-version":[{"id":274131,"href":"https:\/\/lottomat.com\/pt-pt\/wp-json\/wp\/v2\/pages\/274129\/revisions\/274131"}],"up":[{"embeddable":true,"href":"https:\/\/lottomat.com\/pt-pt\/wp-json\/wp\/v2\/pages\/6911"}],"wp:attachment":[{"href":"https:\/\/lottomat.com\/pt-pt\/wp-json\/wp\/v2\/media?parent=274129"}],"curies":[{"name":"wp","href":"https:\/\/api.w.org\/{rel}","templated":true}]}}