{"id":273969,"date":"2025-05-18T16:34:38","date_gmt":"2025-05-18T16:34:38","guid":{"rendered":"https:\/\/lottomat.com\/?page_id=273969"},"modified":"2026-03-17T15:31:25","modified_gmt":"2026-03-17T15:31:25","slug":"resultados-do-euromillions-austria-numeros-vencedores-do-euromillions-eu","status":"publish","type":"page","link":"https:\/\/lottomat.com\/pt-pt\/resultados\/resultados-do-euromillions-austria-numeros-vencedores-do-euromillions-eu\/","title":{"rendered":"Resultados do Euromillions \u00c1ustria &#8211; N\u00fameros Vencedores do Euromillions EU"},"content":{"rendered":"\n\n<div class=\"kk-star-ratings kksr-auto kksr-align-left kksr-valign-top\"\n    data-payload='{&quot;align&quot;:&quot;left&quot;,&quot;id&quot;:&quot;273969&quot;,&quot;slug&quot;:&quot;default&quot;,&quot;valign&quot;:&quot;top&quot;,&quot;ignore&quot;:&quot;&quot;,&quot;reference&quot;:&quot;auto&quot;,&quot;class&quot;:&quot;&quot;,&quot;count&quot;:&quot;0&quot;,&quot;legendonly&quot;:&quot;&quot;,&quot;readonly&quot;:&quot;&quot;,&quot;score&quot;:&quot;0&quot;,&quot;starsonly&quot;:&quot;&quot;,&quot;best&quot;:&quot;5&quot;,&quot;gap&quot;:&quot;5&quot;,&quot;greet&quot;:&quot;Rate this page&quot;,&quot;legend&quot;:&quot;0\\\/5 - (0 votes)&quot;,&quot;size&quot;:&quot;30&quot;,&quot;title&quot;:&quot;Resultados do Euromillions \u00c1ustria - N\u00fameros Vencedores do Euromillions EU&quot;,&quot;width&quot;:&quot;0&quot;,&quot;_legend&quot;:&quot;{score}\\\/{best} - ({count} {votes})&quot;,&quot;font_factor&quot;:&quot;1.25&quot;}'>\n            \n<div class=\"kksr-stars\">\n    \n<div class=\"kksr-stars-inactive\">\n            <div class=\"kksr-star\" data-star=\"1\" style=\"padding-right: 5px\">\n            \n\n<div class=\"kksr-icon\" style=\"width: 30px; height: 30px;\"><\/div>\n        <\/div>\n            <div class=\"kksr-star\" data-star=\"2\" style=\"padding-right: 5px\">\n            \n\n<div class=\"kksr-icon\" style=\"width: 30px; height: 30px;\"><\/div>\n        <\/div>\n            <div class=\"kksr-star\" data-star=\"3\" style=\"padding-right: 5px\">\n            \n\n<div class=\"kksr-icon\" style=\"width: 30px; height: 30px;\"><\/div>\n        <\/div>\n            <div class=\"kksr-star\" data-star=\"4\" style=\"padding-right: 5px\">\n            \n\n<div class=\"kksr-icon\" style=\"width: 30px; height: 30px;\"><\/div>\n        <\/div>\n            <div class=\"kksr-star\" data-star=\"5\" style=\"padding-right: 5px\">\n            \n\n<div class=\"kksr-icon\" style=\"width: 30px; height: 30px;\"><\/div>\n        <\/div>\n    <\/div>\n    \n<div class=\"kksr-stars-active\" style=\"width: 0px;\">\n            <div class=\"kksr-star\" style=\"padding-right: 5px\">\n            \n\n<div class=\"kksr-icon\" style=\"width: 30px; height: 30px;\"><\/div>\n        <\/div>\n            <div class=\"kksr-star\" style=\"padding-right: 5px\">\n            \n\n<div class=\"kksr-icon\" style=\"width: 30px; height: 30px;\"><\/div>\n        <\/div>\n            <div class=\"kksr-star\" style=\"padding-right: 5px\">\n            \n\n<div class=\"kksr-icon\" style=\"width: 30px; height: 30px;\"><\/div>\n        <\/div>\n            <div class=\"kksr-star\" style=\"padding-right: 5px\">\n            \n\n<div class=\"kksr-icon\" style=\"width: 30px; height: 30px;\"><\/div>\n        <\/div>\n            <div class=\"kksr-star\" style=\"padding-right: 5px\">\n            \n\n<div class=\"kksr-icon\" style=\"width: 30px; height: 30px;\"><\/div>\n        <\/div>\n    <\/div>\n<\/div>\n                \n\n<div class=\"kksr-legend\" style=\"font-size: 24px;\">\n            <span class=\"kksr-muted\">Rate this page<\/span>\n    <\/div>\n    <\/div>\n<h2>Descubra a Emo\u00e7\u00e3o dos Resultados do EuroMillions \u00c1ustria<img loading=\"lazy\" decoding=\"async\" class=\"alignright wp-image-268309\" src=\"https:\/\/lottomat.com\/wp-content\/uploads\/2026\/01\/Austrian-EuroMillions-draw.webp\" alt=\"Sorteio do EuroMillions Austr\u00edaco\" width=\"200\" height=\"200\" srcset=\"https:\/\/lottomat.com\/wp-content\/uploads\/2026\/01\/Austrian-EuroMillions-draw.webp 400w, https:\/\/lottomat.com\/wp-content\/uploads\/2026\/01\/Austrian-EuroMillions-draw-300x300.webp 300w, https:\/\/lottomat.com\/wp-content\/uploads\/2026\/01\/Austrian-EuroMillions-draw-150x150.webp 150w, https:\/\/lottomat.com\/wp-content\/uploads\/2026\/01\/Austrian-EuroMillions-draw-100x100.webp 100w\" sizes=\"auto, (max-width: 200px) 100vw, 200px\" \/><\/h2>\n<p>Se alguma vez sonhou em mudar de vida da noite para o dia, o EuroMillions \u00c1ustria \u00e9 a lotaria que transforma sonhos em realidade. Com os seus sorteios emocionantes, jackpots que mudam vidas e hist\u00f3rias de vencedores extraordin\u00e1rios, o EuroMillions \u00c1ustria capta a imagina\u00e7\u00e3o de milh\u00f5es de pessoas por toda a Europa semana ap\u00f3s semana. Quer seja um jogador experiente ou esteja apenas a pensar em comprar o seu primeiro bilhete, ler sobre os resultados e as possibilidades pode despertar um sentimento de entusiasmo e esperan\u00e7a. Vamos mergulhar no mundo dos resultados do EuroMillions \u00c1ustria, explorar as maiores vit\u00f3rias e descobrir com que frequ\u00eancia a sorte sorri aos jogadores mais afortunados!<\/p>\n<h2>Vit\u00f3rias Hist\u00f3ricas: Conhe\u00e7a os Maiores Vencedores do EuroMillions \u00c1ustria<\/h2>\n<p>Quando se fala em jackpots de fazer perder o f\u00f4lego, o EuroMillions \u00c1ustria certamente j\u00e1 entrou para a hist\u00f3ria. A lotaria, como parte do cons\u00f3rcio alargado do EuroMillions, oferece regularmente pr\u00e9mios que podem atingir montantes extraordin\u00e1rios, por vezes superiores a 100 milh\u00f5es de euros. Ao longo dos anos, t\u00eam ocorrido ganhos not\u00e1veis na \u00c1ustria, que transformaram para sempre a vida de quem detinha os bilhetes vencedores.<img loading=\"lazy\" decoding=\"async\" class=\"alignleft wp-image-268340\" src=\"https:\/\/lottomat.com\/wp-content\/uploads\/2026\/01\/Austrian-EuroMillions-numbers.webp\" alt=\"N\u00fameros do EuroMillions Austr\u00edaco\" width=\"200\" height=\"200\" srcset=\"https:\/\/lottomat.com\/wp-content\/uploads\/2026\/01\/Austrian-EuroMillions-numbers.webp 400w, https:\/\/lottomat.com\/wp-content\/uploads\/2026\/01\/Austrian-EuroMillions-numbers-300x300.webp 300w, https:\/\/lottomat.com\/wp-content\/uploads\/2026\/01\/Austrian-EuroMillions-numbers-150x150.webp 150w, https:\/\/lottomat.com\/wp-content\/uploads\/2026\/01\/Austrian-EuroMillions-numbers-100x100.webp 100w\" sizes=\"auto, (max-width: 200px) 100vw, 200px\" \/><\/p>\n<p>Uma das vit\u00f3rias mais c\u00e9lebres na \u00c1ustria ocorreu em agosto de 2020, quando um grupo de colegas de Viena arrecadou uns incr\u00edveis 45 milh\u00f5es de euros. A sua hist\u00f3ria tornou-se uma sensa\u00e7\u00e3o em todo o pa\u00eds \u2013 amigos e familiares celebraram, e os vencedores mal conseguiam acreditar na sua sorte. N\u00e3o foi apenas uma vit\u00f3ria para um \u00fanico indiv\u00edduo, mas para uma equipa cujas vidas foram coletivamente transformadas.<\/p>\n<p>Outro momento inesquec\u00edvel chegou em 2018, quando um jogador de Salzburgo acertou nos cinco n\u00fameros principais e nas duas Estrelas da Sorte, garantindo um jackpot de 30 milh\u00f5es de euros. O vencedor optou por permanecer an\u00f3nimo, mas a imprensa local relatou uma vaga de entusiasmo em Salzburgo, com a cidade a fervilhar de especula\u00e7\u00e3o e alegria perante a not\u00edcia.<\/p>\n<p>Embora estes sejam dos maiores, est\u00e3o longe de ser as \u00fanicas hist\u00f3rias de fortuna. Por toda a \u00c1ustria, de Graz a Innsbruck, o EuroMillions tem criado novos milion\u00e1rios, cada um com a sua hist\u00f3ria \u00fanica de como um bilhete mudou tudo.<\/p>\n<h2>Com Que Frequ\u00eancia Ocorrem Vit\u00f3rias no EuroMillions \u00c1ustria?<\/h2>\n<p>Um dos aspetos mais emocionantes do EuroMillions \u00c1ustria \u00e9 a frequ\u00eancia com que s\u00e3o ganhos <a href=\"https:\/\/lottomat.com\/pt-pt\/lotarias\/euromillions\/\">pr\u00e9mios do EuroMillions \u00c1ustria que mudam vidas<\/a>. Com dois sorteios por semana \u2013 \u00e0s ter\u00e7as-feiras e sextas-feiras \u2013 as oportunidades de ganhar s\u00e3o abundantes. De facto, as estat\u00edsticas mostram que os jogadores austr\u00edacos reclamam regularmente pr\u00e9mios de grande valor, tanto ao n\u00edvel do jackpot como nos escal\u00f5es de pr\u00e9mios secund\u00e1rios.<\/p>\n<p>As probabilidades de ganhar qualquer pr\u00e9mio no EuroMillions s\u00e3o animadoras: 1 em 13, o que significa que quase cada sorteio traz uma nova vaga de vencedores. Na \u00c1ustria, centenas de milhares de jogadores recebem pr\u00e9mios todos os anos, que v\u00e3o desde valores mais pequenos em numer\u00e1rio at\u00e9 jackpots de v\u00e1rios milh\u00f5es de euros.<img loading=\"lazy\" decoding=\"async\" class=\"alignright wp-image-268370\" src=\"https:\/\/lottomat.com\/wp-content\/uploads\/2026\/01\/EuroMillions-Austria-draw.webp\" alt=\"Sorteio do EuroMillions \u00c1ustria\" width=\"200\" height=\"200\" srcset=\"https:\/\/lottomat.com\/wp-content\/uploads\/2026\/01\/EuroMillions-Austria-draw.webp 400w, https:\/\/lottomat.com\/wp-content\/uploads\/2026\/01\/EuroMillions-Austria-draw-300x300.webp 300w, https:\/\/lottomat.com\/wp-content\/uploads\/2026\/01\/EuroMillions-Austria-draw-150x150.webp 150w, https:\/\/lottomat.com\/wp-content\/uploads\/2026\/01\/EuroMillions-Austria-draw-100x100.webp 100w\" sizes=\"auto, (max-width: 200px) 100vw, 200px\" \/><\/p>\n<p>O que \u00e9 ainda mais emocionante \u00e9 que o EuroMillions \u00c1ustria acumula frequentemente, aumentando o jackpot a cada sorteio at\u00e9 que algu\u00e9m acerte em todos os n\u00fameros. Isto pode levar a grandes picos nas vendas de bilhetes e a uma palp\u00e1vel sensa\u00e7\u00e3o de expectativa em todo o pa\u00eds, \u00e0 medida que o jackpot sobe cada vez mais.<\/p>\n<p>Tamb\u00e9m n\u00e3o s\u00e3o apenas os jogadores individuais que ganham. Os sindicatos \u2013 grupos de amigos, familiares ou colegas \u2013 juntam-se regularmente para comprar bilhetes do EuroMillions \u00c1ustria em conjunto, aumentando as suas hip\u00f3teses de ganhar e, em muitos casos, partilhando a alegria de um grande pr\u00e9mio.<\/p>\n<h2>A Alegria e a Possibilidade de Ganhar no EuroMillions<\/h2>\n<p>Imagine acordar e descobrir que \u00e9 o mais recente milion\u00e1rio da \u00c1ustria. As possibilidades s\u00e3o infinitas: viajar pelo mundo, comprar a casa dos seus sonhos, apoiar os seus entes queridos ou investir num projeto de paix\u00e3o que sempre sonhou concretizar. Para muitos vencedores do EuroMillions \u00c1ustria, a realidade de um grande ganho supera at\u00e9 os mais otimistas cen\u00e1rios que imaginaram.<\/p>\n<p>Abundam as hist\u00f3rias de vencedores que utilizaram a sua rec\u00e9m-descoberta fortuna para fazer a diferen\u00e7a \u2013 n\u00e3o apenas nas suas pr\u00f3prias vidas, mas tamb\u00e9m nas suas comunidades. Alguns doaram a institui\u00e7\u00f5es de solidariedade local, criaram empresas que geraram empregos ou realizaram sonhos de uma vida inteira. Seja uma aventura espont\u00e2nea ou uma reforma cuidadosamente planeada, a liberdade que acompanha uma vit\u00f3ria no EuroMillions \u00e9 verdadeiramente extraordin\u00e1ria.<\/p>\n<p>Todas as ter\u00e7as-feiras e sextas-feiras, \u00e0 medida que os resultados s\u00e3o anunciados, milhares de austr\u00edacos vivem uma emo\u00e7\u00e3o de antecipa\u00e7\u00e3o. Verificar os seus n\u00fameros, imaginar o que faria se ganhasse e partilhar o entusiasmo com amigos e familiares \u2013 \u00e9 tudo parte da magia que torna o EuroMillions \u00c1ustria t\u00e3o especial.<\/p>\n<h2>Consultar os Resultados do EuroMillions \u00c1ustria: O Seu Primeiro Passo para uma Nova Vida<\/h2>\n<p><img loading=\"lazy\" decoding=\"async\" class=\"alignleft wp-image-268401\" src=\"https:\/\/lottomat.com\/wp-content\/uploads\/2026\/01\/EuroMillions-Austria-results.webp\" alt=\"Resultados do EuroMillions \u00c1ustria\" width=\"200\" height=\"200\" srcset=\"https:\/\/lottomat.com\/wp-content\/uploads\/2026\/01\/EuroMillions-Austria-results.webp 400w, https:\/\/lottomat.com\/wp-content\/uploads\/2026\/01\/EuroMillions-Austria-results-300x300.webp 300w, https:\/\/lottomat.com\/wp-content\/uploads\/2026\/01\/EuroMillions-Austria-results-150x150.webp 150w, https:\/\/lottomat.com\/wp-content\/uploads\/2026\/01\/EuroMillions-Austria-results-100x100.webp 100w\" sizes=\"auto, (max-width: 200px) 100vw, 200px\" \/>Manter-se atualizado com os mais recentes resultados do EuroMillions \u00c1ustria \u00e9 essencial para qualquer jogador. <a href=\"https:\/\/lottomat.com\/pt-pt\/resultados\/\">Os resultados oficiais da lotaria<\/a> s\u00e3o publicados pouco depois de cada sorteio, e consult\u00e1-los nunca foi t\u00e3o f\u00e1cil \u2013 seja online, atrav\u00e9s das aplica\u00e7\u00f5es oficiais ou no seu retalhista de lotaria local. Quando os n\u00fameros vencedores s\u00e3o revelados, os cora\u00e7\u00f5es aceleram e as esperan\u00e7as sobem, enquanto os jogadores por toda a \u00c1ustria aguardam para saber se s\u00e3o o pr\u00f3ximo sortudo.<\/p>\n<p>Se se aperceber de que tem um bilhete vencedor, o processo \u00e9 simples. Os pr\u00e9mios de maior valor podem ser reclamados na sede da Lotaria Austr\u00edaca, com todo o apoio necess\u00e1rio para o guiar em cada passo. Mesmo que ganhe um pr\u00e9mio mais pequeno, pode reclamar os seus ganhos nos retalhistas autorizados, tornando cada vit\u00f3ria acess\u00edvel e segura.<\/p>\n<p>Recorde-se que cada sorteio do EuroMillions \u00c1ustria traz novas possibilidades. Mesmo que n\u00e3o ganhe o jackpot, existem doze escal\u00f5es de pr\u00e9mios diferentes, o que significa que milhares de austr\u00edacos desfrutam de vit\u00f3rias \u2013 grandes e pequenas \u2013 todas as semanas.<\/p>\n<hr \/>\n<p>O EuroMillions \u00c1ustria \u00e9 muito mais do que um jogo \u2013 \u00e9 uma porta de entrada para sonhos, emo\u00e7\u00e3o e a oportunidade de experimentar a vida de uma forma completamente nova. A cada sorteio, novas hist\u00f3rias s\u00e3o escritas e novos vencedores sobem ao palco. Ser\u00e1 voc\u00ea o pr\u00f3ximo a juntar-se \u00e0s suas fileiras? <a href=\"https:\/\/lottomat.com\/pt-pt\/jogar\/euromillions-eu-online-bilhetes-do-euromillions-austria\/\">Jogue EuroMillions \u00c1ustria online<\/a>, consulte os mais recentes resultados do EuroMillions \u00c1ustria e atreva-se a sonhar alto!<\/p>\n","protected":false},"excerpt":{"rendered":"<p>Descubra a Emo\u00e7\u00e3o dos Resultados do EuroMillions \u00c1ustria Se alguma vez sonhou em mudar de vida da noite para o dia, o EuroMillions \u00c1ustria \u00e9 a lotaria que transforma sonhos em realidade. Com os seus sorteios emocionantes, jackpots que mudam vidas e hist\u00f3rias de vencedores extraordin\u00e1rios, o EuroMillions \u00c1ustria capta a imagina\u00e7\u00e3o de milh\u00f5es de [&hellip;]<\/p>\n","protected":false},"author":2,"featured_media":0,"parent":7445,"menu_order":0,"comment_status":"closed","ping_status":"closed","template":"euromillions-results.php","meta":{"_et_pb_use_builder":"","_et_pb_old_content":"","_et_gb_content_width":"","exclude_from_search":false,"footnotes":""},"class_list":["post-273969","page","type-page","status-publish","hentry"],"yoast_head":"<!-- This site is optimized with the Yoast SEO plugin v23.8 - https:\/\/yoast.com\/wordpress\/plugins\/seo\/ -->\n<title>Resultados do Euromillions \u00c1ustria - N\u00fameros Vencedores - Lottomat<\/title>\n<meta name=\"description\" content=\"Consulte os mais recentes resultados e n\u00fameros vencedores do EuroMillions \u00c1ustria. Saiba mais sobre os resultados oficiais do sorteio.\" \/>\n<meta name=\"robots\" content=\"index, follow, max-snippet:-1, max-image-preview:large, max-video-preview:-1\" \/>\n<link rel=\"canonical\" href=\"https:\/\/lottomat.com\/pt-pt\/resultados\/resultados-do-euromillions-austria-numeros-vencedores-do-euromillions-eu\/\" \/>\n<meta property=\"og:locale\" content=\"pt_PT\" \/>\n<meta property=\"og:type\" content=\"article\" \/>\n<meta property=\"og:title\" content=\"Resultados do Euromillions \u00c1ustria - N\u00fameros Vencedores - Lottomat\" \/>\n<meta property=\"og:description\" content=\"Consulte os mais recentes resultados e n\u00fameros vencedores do EuroMillions \u00c1ustria. Saiba mais sobre os resultados oficiais do sorteio.\" \/>\n<meta property=\"og:url\" content=\"https:\/\/lottomat.com\/pt-pt\/resultados\/resultados-do-euromillions-austria-numeros-vencedores-do-euromillions-eu\/\" \/>\n<meta property=\"og:site_name\" content=\"Lottomat\" \/>\n<meta property=\"article:modified_time\" content=\"2026-03-17T15:31:25+00:00\" \/>\n<meta property=\"og:image\" content=\"https:\/\/lottomat.com\/wp-content\/uploads\/2026\/01\/Austrian-EuroMillions-draw.webp\" \/>\n\t<meta property=\"og:image:width\" content=\"400\" \/>\n\t<meta property=\"og:image:height\" content=\"400\" \/>\n\t<meta property=\"og:image:type\" content=\"image\/webp\" \/>\n<meta name=\"twitter:card\" content=\"summary_large_image\" \/>\n<meta name=\"twitter:label1\" content=\"Tempo estimado de leitura\" \/>\n\t<meta name=\"twitter:data1\" content=\"6 minutos\" \/>\n<script type=\"application\/ld+json\" class=\"yoast-schema-graph\">{\"@context\":\"https:\/\/schema.org\",\"@graph\":[{\"@type\":\"WebPage\",\"@id\":\"https:\/\/lottomat.com\/pt-pt\/resultados\/resultados-do-euromillions-austria-numeros-vencedores-do-euromillions-eu\/\",\"url\":\"https:\/\/lottomat.com\/pt-pt\/resultados\/resultados-do-euromillions-austria-numeros-vencedores-do-euromillions-eu\/\",\"name\":\"Resultados do Euromillions \u00c1ustria - N\u00fameros Vencedores - Lottomat\",\"isPartOf\":{\"@id\":\"https:\/\/lottomat.com\/pt-pt\/#website\"},\"primaryImageOfPage\":{\"@id\":\"https:\/\/lottomat.com\/pt-pt\/resultados\/resultados-do-euromillions-austria-numeros-vencedores-do-euromillions-eu\/#primaryimage\"},\"image\":{\"@id\":\"https:\/\/lottomat.com\/pt-pt\/resultados\/resultados-do-euromillions-austria-numeros-vencedores-do-euromillions-eu\/#primaryimage\"},\"thumbnailUrl\":\"https:\/\/lottomat.com\/wp-content\/uploads\/2026\/01\/Austrian-EuroMillions-draw.webp\",\"datePublished\":\"2025-05-18T16:34:38+00:00\",\"dateModified\":\"2026-03-17T15:31:25+00:00\",\"description\":\"Consulte os mais recentes resultados e n\u00fameros vencedores do EuroMillions \u00c1ustria. Saiba mais sobre os resultados oficiais do sorteio.\",\"breadcrumb\":{\"@id\":\"https:\/\/lottomat.com\/pt-pt\/resultados\/resultados-do-euromillions-austria-numeros-vencedores-do-euromillions-eu\/#breadcrumb\"},\"inLanguage\":\"pt-PT\",\"potentialAction\":[{\"@type\":\"ReadAction\",\"target\":[\"https:\/\/lottomat.com\/pt-pt\/resultados\/resultados-do-euromillions-austria-numeros-vencedores-do-euromillions-eu\/\"]}]},{\"@type\":\"ImageObject\",\"inLanguage\":\"pt-PT\",\"@id\":\"https:\/\/lottomat.com\/pt-pt\/resultados\/resultados-do-euromillions-austria-numeros-vencedores-do-euromillions-eu\/#primaryimage\",\"url\":\"https:\/\/lottomat.com\/wp-content\/uploads\/2026\/01\/Austrian-EuroMillions-draw.webp\",\"contentUrl\":\"https:\/\/lottomat.com\/wp-content\/uploads\/2026\/01\/Austrian-EuroMillions-draw.webp\"},{\"@type\":\"BreadcrumbList\",\"@id\":\"https:\/\/lottomat.com\/pt-pt\/resultados\/resultados-do-euromillions-austria-numeros-vencedores-do-euromillions-eu\/#breadcrumb\",\"itemListElement\":[{\"@type\":\"ListItem\",\"position\":1,\"name\":\"Home\",\"item\":\"https:\/\/lottomat.com\/pt-pt\/\"},{\"@type\":\"ListItem\",\"position\":2,\"name\":\"Os \u00daltimos Resultados de Lotaria e N\u00fameros Vencedores\",\"item\":\"https:\/\/lottomat.com\/pt-pt\/resultados\/\"},{\"@type\":\"ListItem\",\"position\":3,\"name\":\"Resultados do Euromillions \u00c1ustria &#8211; N\u00fameros Vencedores do Euromillions EU\"}]},{\"@type\":\"WebSite\",\"@id\":\"https:\/\/lottomat.com\/pt-pt\/#website\",\"url\":\"https:\/\/lottomat.com\/pt-pt\/\",\"name\":\"Lottomat\",\"description\":\"\",\"potentialAction\":[{\"@type\":\"SearchAction\",\"target\":{\"@type\":\"EntryPoint\",\"urlTemplate\":\"https:\/\/lottomat.com\/pt-pt\/?s={search_term_string}\"},\"query-input\":{\"@type\":\"PropertyValueSpecification\",\"valueRequired\":true,\"valueName\":\"search_term_string\"}}],\"inLanguage\":\"pt-PT\"}]}<\/script>\n<!-- \/ Yoast SEO plugin. -->","yoast_head_json":{"title":"Resultados do Euromillions \u00c1ustria - N\u00fameros Vencedores - Lottomat","description":"Consulte os mais recentes resultados e n\u00fameros vencedores do EuroMillions \u00c1ustria. Saiba mais sobre os resultados oficiais do sorteio.","robots":{"index":"index","follow":"follow","max-snippet":"max-snippet:-1","max-image-preview":"max-image-preview:large","max-video-preview":"max-video-preview:-1"},"canonical":"https:\/\/lottomat.com\/pt-pt\/resultados\/resultados-do-euromillions-austria-numeros-vencedores-do-euromillions-eu\/","og_locale":"pt_PT","og_type":"article","og_title":"Resultados do Euromillions \u00c1ustria - N\u00fameros Vencedores - Lottomat","og_description":"Consulte os mais recentes resultados e n\u00fameros vencedores do EuroMillions \u00c1ustria. Saiba mais sobre os resultados oficiais do sorteio.","og_url":"https:\/\/lottomat.com\/pt-pt\/resultados\/resultados-do-euromillions-austria-numeros-vencedores-do-euromillions-eu\/","og_site_name":"Lottomat","article_modified_time":"2026-03-17T15:31:25+00:00","og_image":[{"width":400,"height":400,"url":"https:\/\/lottomat.com\/wp-content\/uploads\/2026\/01\/Austrian-EuroMillions-draw.webp","type":"image\/webp"}],"twitter_card":"summary_large_image","twitter_misc":{"Tempo estimado de leitura":"6 minutos"},"schema":{"@context":"https:\/\/schema.org","@graph":[{"@type":"WebPage","@id":"https:\/\/lottomat.com\/pt-pt\/resultados\/resultados-do-euromillions-austria-numeros-vencedores-do-euromillions-eu\/","url":"https:\/\/lottomat.com\/pt-pt\/resultados\/resultados-do-euromillions-austria-numeros-vencedores-do-euromillions-eu\/","name":"Resultados do Euromillions \u00c1ustria - N\u00fameros Vencedores - Lottomat","isPartOf":{"@id":"https:\/\/lottomat.com\/pt-pt\/#website"},"primaryImageOfPage":{"@id":"https:\/\/lottomat.com\/pt-pt\/resultados\/resultados-do-euromillions-austria-numeros-vencedores-do-euromillions-eu\/#primaryimage"},"image":{"@id":"https:\/\/lottomat.com\/pt-pt\/resultados\/resultados-do-euromillions-austria-numeros-vencedores-do-euromillions-eu\/#primaryimage"},"thumbnailUrl":"https:\/\/lottomat.com\/wp-content\/uploads\/2026\/01\/Austrian-EuroMillions-draw.webp","datePublished":"2025-05-18T16:34:38+00:00","dateModified":"2026-03-17T15:31:25+00:00","description":"Consulte os mais recentes resultados e n\u00fameros vencedores do EuroMillions \u00c1ustria. Saiba mais sobre os resultados oficiais do sorteio.","breadcrumb":{"@id":"https:\/\/lottomat.com\/pt-pt\/resultados\/resultados-do-euromillions-austria-numeros-vencedores-do-euromillions-eu\/#breadcrumb"},"inLanguage":"pt-PT","potentialAction":[{"@type":"ReadAction","target":["https:\/\/lottomat.com\/pt-pt\/resultados\/resultados-do-euromillions-austria-numeros-vencedores-do-euromillions-eu\/"]}]},{"@type":"ImageObject","inLanguage":"pt-PT","@id":"https:\/\/lottomat.com\/pt-pt\/resultados\/resultados-do-euromillions-austria-numeros-vencedores-do-euromillions-eu\/#primaryimage","url":"https:\/\/lottomat.com\/wp-content\/uploads\/2026\/01\/Austrian-EuroMillions-draw.webp","contentUrl":"https:\/\/lottomat.com\/wp-content\/uploads\/2026\/01\/Austrian-EuroMillions-draw.webp"},{"@type":"BreadcrumbList","@id":"https:\/\/lottomat.com\/pt-pt\/resultados\/resultados-do-euromillions-austria-numeros-vencedores-do-euromillions-eu\/#breadcrumb","itemListElement":[{"@type":"ListItem","position":1,"name":"Home","item":"https:\/\/lottomat.com\/pt-pt\/"},{"@type":"ListItem","position":2,"name":"Os \u00daltimos Resultados de Lotaria e N\u00fameros Vencedores","item":"https:\/\/lottomat.com\/pt-pt\/resultados\/"},{"@type":"ListItem","position":3,"name":"Resultados do Euromillions \u00c1ustria &#8211; N\u00fameros Vencedores do Euromillions EU"}]},{"@type":"WebSite","@id":"https:\/\/lottomat.com\/pt-pt\/#website","url":"https:\/\/lottomat.com\/pt-pt\/","name":"Lottomat","description":"","potentialAction":[{"@type":"SearchAction","target":{"@type":"EntryPoint","urlTemplate":"https:\/\/lottomat.com\/pt-pt\/?s={search_term_string}"},"query-input":{"@type":"PropertyValueSpecification","valueRequired":true,"valueName":"search_term_string"}}],"inLanguage":"pt-PT"}]}},"_links":{"self":[{"href":"https:\/\/lottomat.com\/pt-pt\/wp-json\/wp\/v2\/pages\/273969","targetHints":{"allow":["GET"]}}],"collection":[{"href":"https:\/\/lottomat.com\/pt-pt\/wp-json\/wp\/v2\/pages"}],"about":[{"href":"https:\/\/lottomat.com\/pt-pt\/wp-json\/wp\/v2\/types\/page"}],"author":[{"embeddable":true,"href":"https:\/\/lottomat.com\/pt-pt\/wp-json\/wp\/v2\/users\/2"}],"replies":[{"embeddable":true,"href":"https:\/\/lottomat.com\/pt-pt\/wp-json\/wp\/v2\/comments?post=273969"}],"version-history":[{"count":3,"href":"https:\/\/lottomat.com\/pt-pt\/wp-json\/wp\/v2\/pages\/273969\/revisions"}],"predecessor-version":[{"id":273972,"href":"https:\/\/lottomat.com\/pt-pt\/wp-json\/wp\/v2\/pages\/273969\/revisions\/273972"}],"up":[{"embeddable":true,"href":"https:\/\/lottomat.com\/pt-pt\/wp-json\/wp\/v2\/pages\/7445"}],"wp:attachment":[{"href":"https:\/\/lottomat.com\/pt-pt\/wp-json\/wp\/v2\/media?parent=273969"}],"curies":[{"name":"wp","href":"https:\/\/api.w.org\/{rel}","templated":true}]}}