{"id":273965,"date":"2025-05-18T16:39:08","date_gmt":"2025-05-18T16:39:08","guid":{"rendered":"https:\/\/lottomat.com\/?page_id=273965"},"modified":"2026-03-17T15:25:04","modified_gmt":"2026-03-17T15:25:04","slug":"euromillions-eu-online-bilhetes-do-euromillions-austria","status":"publish","type":"page","link":"https:\/\/lottomat.com\/pt-pt\/jogar\/euromillions-eu-online-bilhetes-do-euromillions-austria\/","title":{"rendered":"Euromillions EU Online &#8211; Bilhetes do Euromillions \u00c1ustria"},"content":{"rendered":"\n\n<div class=\"kk-star-ratings kksr-auto kksr-align-left kksr-valign-top\"\n    data-payload='{&quot;align&quot;:&quot;left&quot;,&quot;id&quot;:&quot;273965&quot;,&quot;slug&quot;:&quot;default&quot;,&quot;valign&quot;:&quot;top&quot;,&quot;ignore&quot;:&quot;&quot;,&quot;reference&quot;:&quot;auto&quot;,&quot;class&quot;:&quot;&quot;,&quot;count&quot;:&quot;0&quot;,&quot;legendonly&quot;:&quot;&quot;,&quot;readonly&quot;:&quot;&quot;,&quot;score&quot;:&quot;0&quot;,&quot;starsonly&quot;:&quot;&quot;,&quot;best&quot;:&quot;5&quot;,&quot;gap&quot;:&quot;5&quot;,&quot;greet&quot;:&quot;Rate this page&quot;,&quot;legend&quot;:&quot;0\\\/5 - (0 votes)&quot;,&quot;size&quot;:&quot;30&quot;,&quot;title&quot;:&quot;Euromillions EU Online - Bilhetes do Euromillions \u00c1ustria&quot;,&quot;width&quot;:&quot;0&quot;,&quot;_legend&quot;:&quot;{score}\\\/{best} - ({count} {votes})&quot;,&quot;font_factor&quot;:&quot;1.25&quot;}'>\n            \n<div class=\"kksr-stars\">\n    \n<div class=\"kksr-stars-inactive\">\n            <div class=\"kksr-star\" data-star=\"1\" style=\"padding-right: 5px\">\n            \n\n<div class=\"kksr-icon\" style=\"width: 30px; height: 30px;\"><\/div>\n        <\/div>\n            <div class=\"kksr-star\" data-star=\"2\" style=\"padding-right: 5px\">\n            \n\n<div class=\"kksr-icon\" style=\"width: 30px; height: 30px;\"><\/div>\n        <\/div>\n            <div class=\"kksr-star\" data-star=\"3\" style=\"padding-right: 5px\">\n            \n\n<div class=\"kksr-icon\" style=\"width: 30px; height: 30px;\"><\/div>\n        <\/div>\n            <div class=\"kksr-star\" data-star=\"4\" style=\"padding-right: 5px\">\n            \n\n<div class=\"kksr-icon\" style=\"width: 30px; height: 30px;\"><\/div>\n        <\/div>\n            <div class=\"kksr-star\" data-star=\"5\" style=\"padding-right: 5px\">\n            \n\n<div class=\"kksr-icon\" style=\"width: 30px; height: 30px;\"><\/div>\n        <\/div>\n    <\/div>\n    \n<div class=\"kksr-stars-active\" style=\"width: 0px;\">\n            <div class=\"kksr-star\" style=\"padding-right: 5px\">\n            \n\n<div class=\"kksr-icon\" style=\"width: 30px; height: 30px;\"><\/div>\n        <\/div>\n            <div class=\"kksr-star\" style=\"padding-right: 5px\">\n            \n\n<div class=\"kksr-icon\" style=\"width: 30px; height: 30px;\"><\/div>\n        <\/div>\n            <div class=\"kksr-star\" style=\"padding-right: 5px\">\n            \n\n<div class=\"kksr-icon\" style=\"width: 30px; height: 30px;\"><\/div>\n        <\/div>\n            <div class=\"kksr-star\" style=\"padding-right: 5px\">\n            \n\n<div class=\"kksr-icon\" style=\"width: 30px; height: 30px;\"><\/div>\n        <\/div>\n            <div class=\"kksr-star\" style=\"padding-right: 5px\">\n            \n\n<div class=\"kksr-icon\" style=\"width: 30px; height: 30px;\"><\/div>\n        <\/div>\n    <\/div>\n<\/div>\n                \n\n<div class=\"kksr-legend\" style=\"font-size: 24px;\">\n            <span class=\"kksr-muted\">Rate this page<\/span>\n    <\/div>\n    <\/div>\n<h2>Descubra a Emo\u00e7\u00e3o do Euromillions EU \u2013 A Forma Austr\u00edaca de Ganhar a S\u00e9rio<\/h2>\n<p><img loading=\"lazy\" decoding=\"async\" class=\"alignright wp-image-268063\" src=\"https:\/\/lottomat.com\/wp-content\/uploads\/2026\/01\/Austrian-EuroMillions.webp\" alt=\"EuroMillions Austr\u00edaco\" width=\"200\" height=\"200\" srcset=\"https:\/\/lottomat.com\/wp-content\/uploads\/2026\/01\/Austrian-EuroMillions.webp 400w, https:\/\/lottomat.com\/wp-content\/uploads\/2026\/01\/Austrian-EuroMillions-300x300.webp 300w, https:\/\/lottomat.com\/wp-content\/uploads\/2026\/01\/Austrian-EuroMillions-150x150.webp 150w, https:\/\/lottomat.com\/wp-content\/uploads\/2026\/01\/Austrian-EuroMillions-100x100.webp 100w\" sizes=\"auto, (max-width: 200px) 100vw, 200px\" \/><\/p>\n<p>Imagine acordar para uma vida em que todos os seus sonhos est\u00e3o ao seu alcance, em que os n\u00fameros que escolheu na noite anterior transformaram o seu futuro para sempre. \u00c9 esta a emo\u00e7\u00e3o que aguarda cada participante no <strong>Euromillions EU<\/strong>, tamb\u00e9m conhecido como <strong>Euromillions \u00c1ustria<\/strong>. Com jackpots que capturam a imagina\u00e7\u00e3o e o entusiasmo de milh\u00f5es, esta lotaria \u00e9 o seu bilhete para um mundo de possibilidades.<\/p>\n<p>O Euromillions EU n\u00e3o \u00e9 apenas mais uma lotaria \u2013 \u00e9 uma experi\u00eancia que une jogadores de todo o continente na esperan\u00e7a partilhada de ganhar a vida. A antecipa\u00e7\u00e3o, a agita\u00e7\u00e3o da noite do sorteio e a oportunidade de se juntar \u00e0s fileiras dos maiores vencedores da Europa \u2013 tudo come\u00e7a com um \u00fanico bilhete.<\/p>\n<h2>O Que Torna o Euromillions \u00c1ustria \u00danico?<\/h2>\n<p>Se conhece o fen\u00f3meno global do Euromillions, pode interrogar-se sobre o que distingue a vers\u00e3o EU \u2013 em especial o Euromillions \u00c1ustria \u2013 da sua cong\u00e9nere brit\u00e2nica. A resposta est\u00e1 nos detalhes e, para os entusiastas de lotarias, esses detalhes fazem toda a diferen\u00e7a.<\/p>\n<p><img loading=\"lazy\" decoding=\"async\" class=\"alignleft wp-image-268094\" src=\"https:\/\/lottomat.com\/wp-content\/uploads\/2026\/01\/EuroMillions-Austria-online.webp\" alt=\"EuroMillions \u00c1ustria online\" width=\"200\" height=\"200\" srcset=\"https:\/\/lottomat.com\/wp-content\/uploads\/2026\/01\/EuroMillions-Austria-online.webp 400w, https:\/\/lottomat.com\/wp-content\/uploads\/2026\/01\/EuroMillions-Austria-online-300x300.webp 300w, https:\/\/lottomat.com\/wp-content\/uploads\/2026\/01\/EuroMillions-Austria-online-150x150.webp 150w, https:\/\/lottomat.com\/wp-content\/uploads\/2026\/01\/EuroMillions-Austria-online-100x100.webp 100w\" sizes=\"auto, (max-width: 200px) 100vw, 200px\" \/>O Euromillions EU segue o <a href=\"https:\/\/lottomat.com\/pt-pt\/lotarias\/euromillions\/\">formato cl\u00e1ssico do Euromillions<\/a>, mas os bilhetes s\u00e3o adquiridos e os ganhos s\u00e3o pagos segundo as regras e a fiscalidade austr\u00edacas. Isto significa frequentemente estruturas de pagamento diferentes e, por vezes, condi\u00e7\u00f5es fiscais mais favor\u00e1veis para os vencedores, dependendo do pa\u00eds de resid\u00eancia. Ao contr\u00e1rio da vers\u00e3o brit\u00e2nica, em que os bilhetes s\u00e3o comprados em libras e sujeitos \u00e0 regulamenta\u00e7\u00e3o brit\u00e2nica de lotarias, o Euromillions \u00c1ustria opera em euros e segue as leis de jogo austr\u00edacas. Isto pode fazer diferen\u00e7a n\u00e3o s\u00f3 na forma como joga, mas tamb\u00e9m no montante que acaba por receber caso ganhe.<\/p>\n<p>Outra diferen\u00e7a not\u00e1vel \u00e9 a gama de jogos adicionais e rifas que por vezes acompanham os sorteios do Euromillions do Reino Unido, como o UK Millionaire Maker. Embora estes sejam exclusivos para os participantes brit\u00e2nicos, jogar atrav\u00e9s do Euromillions EU significa que faz parte de uma experi\u00eancia de lotaria verdadeiramente pan-europeia, partilhando a emo\u00e7\u00e3o com jogadores da \u00c1ustria, Espanha, Fran\u00e7a, Portugal, B\u00e9lgica, Irlanda, Luxemburgo e Su\u00ed\u00e7a. O sentido de comunidade e a dimens\u00e3o do jogo tornam cada sorteio um evento verdadeiramente internacional.<\/p>\n<h2>O Ritmo da Emo\u00e7\u00e3o \u2013 Quando S\u00e3o os Sorteios?<\/h2>\n<p>O Euromillions EU mant\u00e9m a emo\u00e7\u00e3o bem viva com dois sorteios por semana, todas as ter\u00e7as-feiras e sextas-feiras \u00e0 noite. Este ritmo regular significa que a oportunidade de mudar a sua vida nunca est\u00e1 muito longe \u2013 apenas alguns dias separam cada chance de se tornar o pr\u00f3ximo grande vencedor europeu. A expectativa cresce ao longo da semana, e cada sorteio \u00e9 um novo come\u00e7o, uma nova oportunidade de fortuna que pode estar mesmo ao virar da esquina.<\/p>\n<p>H\u00e1 uma magia especial em saber que duas vezes por semana, algu\u00e9m, algures na Europa, ver\u00e1 os seus n\u00fameros sair. Por que n\u00e3o h\u00e1 de ser voc\u00ea? Com sorteios t\u00e3o frequentes, o Euromillions EU oferece imensas oportunidades para jogar, sonhar e ganhar.<\/p>\n<h2>Por Que Jogar Euromillions \u00c1ustria? A Alegria de Perseguir Grandes Sonhos<\/h2>\n<p>O verdadeiro encanto do Euromillions EU reside nas possibilidades que oferece de mudar de vida. Os jackpots atingem regularmente valores vertiginosos, chegando por vezes a ultrapassar os 200 milh\u00f5es de euros. Imagine o que poderia fazer com um ganho desses \u2013 viajar pelo mundo, comprar a casa dos seus sonhos, garantir o futuro da sua fam\u00edlia ou apoiar as causas que lhe s\u00e3o mais pr\u00f3ximas do cora\u00e7\u00e3o. O horizonte expande-se e o \u00fanico limite \u00e9 a sua imagina\u00e7\u00e3o.<\/p>\n<p>Mas para al\u00e9m dos enormes pr\u00e9mios, h\u00e1 algo profundamente gratificante em fazer parte de uma lotaria t\u00e3o lend\u00e1ria. Cada bilhete \u00e9 uma promessa de esperan\u00e7a, um pequeno investimento na cren\u00e7a de que a sorte pode sorrir-lhe desta vez. A pura expectativa do sorteio, o momento em que os seus n\u00fameros s\u00e3o chamados e a descarga de adrenalina que se segue \u2013 \u00e9 uma experi\u00eancia que traz emo\u00e7\u00e3o ao quotidiano.<img loading=\"lazy\" decoding=\"async\" class=\"alignright wp-image-268125\" src=\"https:\/\/lottomat.com\/wp-content\/uploads\/2026\/01\/EuroMillions-Austria-tickets.webp\" alt=\"Bilhetes do EuroMillions \u00c1ustria\" width=\"200\" height=\"200\" srcset=\"https:\/\/lottomat.com\/wp-content\/uploads\/2026\/01\/EuroMillions-Austria-tickets.webp 400w, https:\/\/lottomat.com\/wp-content\/uploads\/2026\/01\/EuroMillions-Austria-tickets-300x300.webp 300w, https:\/\/lottomat.com\/wp-content\/uploads\/2026\/01\/EuroMillions-Austria-tickets-150x150.webp 150w, https:\/\/lottomat.com\/wp-content\/uploads\/2026\/01\/EuroMillions-Austria-tickets-100x100.webp 100w\" sizes=\"auto, (max-width: 200px) 100vw, 200px\" \/><\/p>\n<p>Para abra\u00e7ar verdadeiramente o estilo de vida da lotaria, a regularidade \u00e9 fundamental. Os jogadores de lotaria mais bem-sucedidos sabem que jogar com frequ\u00eancia \u00e9 o segredo para aumentar as suas hip\u00f3teses. Cada sorteio que deixa passar \u00e9 uma oportunidade perdida, por isso torne-o um h\u00e1bito \u2013 compre os seus bilhetes, escolha os seus n\u00fameros, aguarde pelos <a href=\"https:\/\/lottomat.com\/pt-pt\/jogar\/euromillions\/\">resultados oficiais do EuroMillions \u00c1ustria<\/a> e mantenha-se no jogo. Afinal, n\u00e3o pode ganhar se n\u00e3o jogar, e nunca se sabe quando chegar\u00e1 o seu dia de sorte.<\/p>\n<h2>Muito Mais do Que Euromillions \u2013 O Mundo Est\u00e1 \u00e0 Sua Espera no Lottomat<\/h2>\n<p>Embora o Euromillions EU e a sua cong\u00e9nere brit\u00e2nica estejam entre <a href=\"https:\/\/lottomat.com\/pt-pt\/jogar\/\">as lotarias mais populares da Europa<\/a>, s\u00e3o apenas o in\u00edcio do que \u00e9 poss\u00edvel no Lottomat. A nossa plataforma traz o mundo inteiro das lotarias \u00e0 ponta dos seus dedos \u2013 desde o poderoso Powerball e o <a href=\"https:\/\/lottomat.com\/pt-pt\/jogar\/mega-millions\/\">Mega Millions<\/a> dos Estados Unidos, ao <a href=\"https:\/\/lottomat.com\/pt-pt\/jogar\/superenalotto\/\">SuperEnalotto<\/a> italiano, ao El Gordo espanhol e a muitos outros. Cada lotaria oferece o seu sabor \u00fanico, as suas probabilidades e os seus valores de jackpot, dando-lhe formas infinitas de jogar e ganhar.<\/p>\n<p>Jogar em v\u00e1rias lotarias \u00e9 uma estrat\u00e9gia adotada por muitos jogadores experientes. Ao distribuir as suas apostas por diferentes jogos, n\u00e3o s\u00f3 alarga os seus horizontes como tamb\u00e9m aumenta significativamente as suas hip\u00f3teses de conseguir um grande ganho. Cada bilhete \u00e9 uma nova oportunidade, cada sorteio \u00e9 uma nova aventura. No Lottomat, tem a liberdade de explorar, experimentar e encontrar os jogos que falam ao seu sentido de emo\u00e7\u00e3o.<\/p>\n<p>O mundo das lotarias est\u00e1 repleto de hist\u00f3rias \u2013 de pessoas comuns cujas vidas mudaram num \u00e1pice, de sonhos realizados e destinos reescritos. Com cada bilhete que compra, junta-se a esta comunidade global de sonhadores e vencedores. A pr\u00f3xima hist\u00f3ria pode ser a sua.<\/p>\n<h2>A Sua Jornada Rumo \u00e0 Fortuna Come\u00e7a Aqui<\/h2>\n<p><img loading=\"lazy\" decoding=\"async\" class=\"alignleft wp-image-268155\" src=\"https:\/\/lottomat.com\/wp-content\/uploads\/2026\/01\/play-EuroMillions-Austria.webp\" alt=\"jogar EuroMillions \u00c1ustria\" width=\"200\" height=\"200\" srcset=\"https:\/\/lottomat.com\/wp-content\/uploads\/2026\/01\/play-EuroMillions-Austria.webp 400w, https:\/\/lottomat.com\/wp-content\/uploads\/2026\/01\/play-EuroMillions-Austria-300x300.webp 300w, https:\/\/lottomat.com\/wp-content\/uploads\/2026\/01\/play-EuroMillions-Austria-150x150.webp 150w, https:\/\/lottomat.com\/wp-content\/uploads\/2026\/01\/play-EuroMillions-Austria-100x100.webp 100w\" sizes=\"auto, (max-width: 200px) 100vw, 200px\" \/>O Euromillions EU \u00e9 muito mais do que um jogo \u2013 \u00e9 uma porta de entrada para um futuro mais luminoso. A emo\u00e7\u00e3o da expectativa, a alegria da possibilidade e a oportunidade de se tornar um dos maiores vencedores da Europa est\u00e3o todas ao seu alcance. Quer esteja a jogar pela primeira vez ou seja um adepto experiente de lotarias, n\u00e3o h\u00e1 melhor altura para se envolver.<\/p>\n<p>Recorde-se que a chave para ganhar \u00e9 a participa\u00e7\u00e3o. Quanto mais jogar, maiores ser\u00e3o as suas hip\u00f3teses de se juntar \u00e0 pequena minoria de sortudos que viram as suas vidas transformadas por um \u00fanico bilhete. N\u00e3o deixe passar mais um sorteio \u2013 aproveite a sua oportunidade, abrace a emo\u00e7\u00e3o e deixe que o Euromillions EU lhe abra as portas para a vida que sempre sonhou.<\/p>\n<p>E se pretende ampliar ainda mais as suas hip\u00f3teses, explore a rica sele\u00e7\u00e3o de lotarias internacionais no Lottomat. Cada jogo \u00e9 uma nova possibilidade, um novo horizonte e uma nova raz\u00e3o para acreditar que a fortuna favorece os audazes. A sua aventura come\u00e7a agora \u2013 est\u00e1 pronto para jogar?<\/p>\n","protected":false},"excerpt":{"rendered":"<p>Descubra a Emo\u00e7\u00e3o do Euromillions EU \u2013 A Forma Austr\u00edaca de Ganhar a S\u00e9rio Imagine acordar para uma vida em que todos os seus sonhos est\u00e3o ao seu alcance, em que os n\u00fameros que escolheu na noite anterior transformaram o seu futuro para sempre. \u00c9 esta a emo\u00e7\u00e3o que aguarda cada participante no Euromillions EU, [&hellip;]<\/p>\n","protected":false},"author":2,"featured_media":0,"parent":6790,"menu_order":0,"comment_status":"closed","ping_status":"closed","template":"euromillions-at.php","meta":{"_et_pb_use_builder":"","_et_pb_old_content":"","_et_gb_content_width":"","exclude_from_search":false,"footnotes":""},"class_list":["post-273965","page","type-page","status-publish","hentry"],"yoast_head":"<!-- This site is optimized with the Yoast SEO plugin v23.8 - https:\/\/yoast.com\/wordpress\/plugins\/seo\/ -->\n<title>Euromillions EU Online - Bilhetes do Euromillions \u00c1ustria - Lottomat<\/title>\n<meta name=\"description\" content=\"Jogue EuroMillions \u00c1ustria online no Lottomat. Aqui pode comprar bilhetes do EuroMillions \u00c1ustria online para o pr\u00f3ximo sorteio.\" \/>\n<meta name=\"robots\" content=\"index, follow, max-snippet:-1, max-image-preview:large, max-video-preview:-1\" \/>\n<link rel=\"canonical\" href=\"https:\/\/lottomat.com\/pt-pt\/jogar\/euromillions-eu-online-bilhetes-do-euromillions-austria\/\" \/>\n<meta property=\"og:locale\" content=\"pt_PT\" \/>\n<meta property=\"og:type\" content=\"article\" \/>\n<meta property=\"og:title\" content=\"Euromillions EU Online - Bilhetes do Euromillions \u00c1ustria - Lottomat\" \/>\n<meta property=\"og:description\" content=\"Jogue EuroMillions \u00c1ustria online no Lottomat. Aqui pode comprar bilhetes do EuroMillions \u00c1ustria online para o pr\u00f3ximo sorteio.\" \/>\n<meta property=\"og:url\" content=\"https:\/\/lottomat.com\/pt-pt\/jogar\/euromillions-eu-online-bilhetes-do-euromillions-austria\/\" \/>\n<meta property=\"og:site_name\" content=\"Lottomat\" \/>\n<meta property=\"article:modified_time\" content=\"2026-03-17T15:25:04+00:00\" \/>\n<meta property=\"og:image\" content=\"https:\/\/lottomat.com\/wp-content\/uploads\/2026\/01\/Austrian-EuroMillions.webp\" \/>\n\t<meta property=\"og:image:width\" content=\"400\" \/>\n\t<meta property=\"og:image:height\" content=\"400\" \/>\n\t<meta property=\"og:image:type\" content=\"image\/webp\" \/>\n<meta name=\"twitter:card\" content=\"summary_large_image\" \/>\n<meta name=\"twitter:label1\" content=\"Tempo estimado de leitura\" \/>\n\t<meta name=\"twitter:data1\" content=\"6 minutos\" \/>\n<script type=\"application\/ld+json\" class=\"yoast-schema-graph\">{\"@context\":\"https:\/\/schema.org\",\"@graph\":[{\"@type\":\"WebPage\",\"@id\":\"https:\/\/lottomat.com\/pt-pt\/jogar\/euromillions-eu-online-bilhetes-do-euromillions-austria\/\",\"url\":\"https:\/\/lottomat.com\/pt-pt\/jogar\/euromillions-eu-online-bilhetes-do-euromillions-austria\/\",\"name\":\"Euromillions EU Online - Bilhetes do Euromillions \u00c1ustria - Lottomat\",\"isPartOf\":{\"@id\":\"https:\/\/lottomat.com\/pt-pt\/#website\"},\"primaryImageOfPage\":{\"@id\":\"https:\/\/lottomat.com\/pt-pt\/jogar\/euromillions-eu-online-bilhetes-do-euromillions-austria\/#primaryimage\"},\"image\":{\"@id\":\"https:\/\/lottomat.com\/pt-pt\/jogar\/euromillions-eu-online-bilhetes-do-euromillions-austria\/#primaryimage\"},\"thumbnailUrl\":\"https:\/\/lottomat.com\/wp-content\/uploads\/2026\/01\/Austrian-EuroMillions.webp\",\"datePublished\":\"2025-05-18T16:39:08+00:00\",\"dateModified\":\"2026-03-17T15:25:04+00:00\",\"description\":\"Jogue EuroMillions \u00c1ustria online no Lottomat. Aqui pode comprar bilhetes do EuroMillions \u00c1ustria online para o pr\u00f3ximo sorteio.\",\"breadcrumb\":{\"@id\":\"https:\/\/lottomat.com\/pt-pt\/jogar\/euromillions-eu-online-bilhetes-do-euromillions-austria\/#breadcrumb\"},\"inLanguage\":\"pt-PT\",\"potentialAction\":[{\"@type\":\"ReadAction\",\"target\":[\"https:\/\/lottomat.com\/pt-pt\/jogar\/euromillions-eu-online-bilhetes-do-euromillions-austria\/\"]}]},{\"@type\":\"ImageObject\",\"inLanguage\":\"pt-PT\",\"@id\":\"https:\/\/lottomat.com\/pt-pt\/jogar\/euromillions-eu-online-bilhetes-do-euromillions-austria\/#primaryimage\",\"url\":\"https:\/\/lottomat.com\/wp-content\/uploads\/2026\/01\/Austrian-EuroMillions.webp\",\"contentUrl\":\"https:\/\/lottomat.com\/wp-content\/uploads\/2026\/01\/Austrian-EuroMillions.webp\"},{\"@type\":\"BreadcrumbList\",\"@id\":\"https:\/\/lottomat.com\/pt-pt\/jogar\/euromillions-eu-online-bilhetes-do-euromillions-austria\/#breadcrumb\",\"itemListElement\":[{\"@type\":\"ListItem\",\"position\":1,\"name\":\"Home\",\"item\":\"https:\/\/lottomat.com\/pt-pt\/\"},{\"@type\":\"ListItem\",\"position\":2,\"name\":\"Jogar na Lotaria\",\"item\":\"https:\/\/lottomat.com\/pt-pt\/jogar\/\"},{\"@type\":\"ListItem\",\"position\":3,\"name\":\"Euromillions EU Online &#8211; Bilhetes do Euromillions \u00c1ustria\"}]},{\"@type\":\"WebSite\",\"@id\":\"https:\/\/lottomat.com\/pt-pt\/#website\",\"url\":\"https:\/\/lottomat.com\/pt-pt\/\",\"name\":\"Lottomat\",\"description\":\"\",\"potentialAction\":[{\"@type\":\"SearchAction\",\"target\":{\"@type\":\"EntryPoint\",\"urlTemplate\":\"https:\/\/lottomat.com\/pt-pt\/?s={search_term_string}\"},\"query-input\":{\"@type\":\"PropertyValueSpecification\",\"valueRequired\":true,\"valueName\":\"search_term_string\"}}],\"inLanguage\":\"pt-PT\"}]}<\/script>\n<!-- \/ Yoast SEO plugin. -->","yoast_head_json":{"title":"Euromillions EU Online - Bilhetes do Euromillions \u00c1ustria - Lottomat","description":"Jogue EuroMillions \u00c1ustria online no Lottomat. Aqui pode comprar bilhetes do EuroMillions \u00c1ustria online para o pr\u00f3ximo sorteio.","robots":{"index":"index","follow":"follow","max-snippet":"max-snippet:-1","max-image-preview":"max-image-preview:large","max-video-preview":"max-video-preview:-1"},"canonical":"https:\/\/lottomat.com\/pt-pt\/jogar\/euromillions-eu-online-bilhetes-do-euromillions-austria\/","og_locale":"pt_PT","og_type":"article","og_title":"Euromillions EU Online - Bilhetes do Euromillions \u00c1ustria - Lottomat","og_description":"Jogue EuroMillions \u00c1ustria online no Lottomat. Aqui pode comprar bilhetes do EuroMillions \u00c1ustria online para o pr\u00f3ximo sorteio.","og_url":"https:\/\/lottomat.com\/pt-pt\/jogar\/euromillions-eu-online-bilhetes-do-euromillions-austria\/","og_site_name":"Lottomat","article_modified_time":"2026-03-17T15:25:04+00:00","og_image":[{"width":400,"height":400,"url":"https:\/\/lottomat.com\/wp-content\/uploads\/2026\/01\/Austrian-EuroMillions.webp","type":"image\/webp"}],"twitter_card":"summary_large_image","twitter_misc":{"Tempo estimado de leitura":"6 minutos"},"schema":{"@context":"https:\/\/schema.org","@graph":[{"@type":"WebPage","@id":"https:\/\/lottomat.com\/pt-pt\/jogar\/euromillions-eu-online-bilhetes-do-euromillions-austria\/","url":"https:\/\/lottomat.com\/pt-pt\/jogar\/euromillions-eu-online-bilhetes-do-euromillions-austria\/","name":"Euromillions EU Online - Bilhetes do Euromillions \u00c1ustria - Lottomat","isPartOf":{"@id":"https:\/\/lottomat.com\/pt-pt\/#website"},"primaryImageOfPage":{"@id":"https:\/\/lottomat.com\/pt-pt\/jogar\/euromillions-eu-online-bilhetes-do-euromillions-austria\/#primaryimage"},"image":{"@id":"https:\/\/lottomat.com\/pt-pt\/jogar\/euromillions-eu-online-bilhetes-do-euromillions-austria\/#primaryimage"},"thumbnailUrl":"https:\/\/lottomat.com\/wp-content\/uploads\/2026\/01\/Austrian-EuroMillions.webp","datePublished":"2025-05-18T16:39:08+00:00","dateModified":"2026-03-17T15:25:04+00:00","description":"Jogue EuroMillions \u00c1ustria online no Lottomat. Aqui pode comprar bilhetes do EuroMillions \u00c1ustria online para o pr\u00f3ximo sorteio.","breadcrumb":{"@id":"https:\/\/lottomat.com\/pt-pt\/jogar\/euromillions-eu-online-bilhetes-do-euromillions-austria\/#breadcrumb"},"inLanguage":"pt-PT","potentialAction":[{"@type":"ReadAction","target":["https:\/\/lottomat.com\/pt-pt\/jogar\/euromillions-eu-online-bilhetes-do-euromillions-austria\/"]}]},{"@type":"ImageObject","inLanguage":"pt-PT","@id":"https:\/\/lottomat.com\/pt-pt\/jogar\/euromillions-eu-online-bilhetes-do-euromillions-austria\/#primaryimage","url":"https:\/\/lottomat.com\/wp-content\/uploads\/2026\/01\/Austrian-EuroMillions.webp","contentUrl":"https:\/\/lottomat.com\/wp-content\/uploads\/2026\/01\/Austrian-EuroMillions.webp"},{"@type":"BreadcrumbList","@id":"https:\/\/lottomat.com\/pt-pt\/jogar\/euromillions-eu-online-bilhetes-do-euromillions-austria\/#breadcrumb","itemListElement":[{"@type":"ListItem","position":1,"name":"Home","item":"https:\/\/lottomat.com\/pt-pt\/"},{"@type":"ListItem","position":2,"name":"Jogar na Lotaria","item":"https:\/\/lottomat.com\/pt-pt\/jogar\/"},{"@type":"ListItem","position":3,"name":"Euromillions EU Online &#8211; Bilhetes do Euromillions \u00c1ustria"}]},{"@type":"WebSite","@id":"https:\/\/lottomat.com\/pt-pt\/#website","url":"https:\/\/lottomat.com\/pt-pt\/","name":"Lottomat","description":"","potentialAction":[{"@type":"SearchAction","target":{"@type":"EntryPoint","urlTemplate":"https:\/\/lottomat.com\/pt-pt\/?s={search_term_string}"},"query-input":{"@type":"PropertyValueSpecification","valueRequired":true,"valueName":"search_term_string"}}],"inLanguage":"pt-PT"}]}},"_links":{"self":[{"href":"https:\/\/lottomat.com\/pt-pt\/wp-json\/wp\/v2\/pages\/273965","targetHints":{"allow":["GET"]}}],"collection":[{"href":"https:\/\/lottomat.com\/pt-pt\/wp-json\/wp\/v2\/pages"}],"about":[{"href":"https:\/\/lottomat.com\/pt-pt\/wp-json\/wp\/v2\/types\/page"}],"author":[{"embeddable":true,"href":"https:\/\/lottomat.com\/pt-pt\/wp-json\/wp\/v2\/users\/2"}],"replies":[{"embeddable":true,"href":"https:\/\/lottomat.com\/pt-pt\/wp-json\/wp\/v2\/comments?post=273965"}],"version-history":[{"count":3,"href":"https:\/\/lottomat.com\/pt-pt\/wp-json\/wp\/v2\/pages\/273965\/revisions"}],"predecessor-version":[{"id":273968,"href":"https:\/\/lottomat.com\/pt-pt\/wp-json\/wp\/v2\/pages\/273965\/revisions\/273968"}],"up":[{"embeddable":true,"href":"https:\/\/lottomat.com\/pt-pt\/wp-json\/wp\/v2\/pages\/6790"}],"wp:attachment":[{"href":"https:\/\/lottomat.com\/pt-pt\/wp-json\/wp\/v2\/media?parent=273965"}],"curies":[{"name":"wp","href":"https:\/\/api.w.org\/{rel}","templated":true}]}}