{"id":238182,"date":"2025-04-07T19:25:51","date_gmt":"2025-04-07T19:25:51","guid":{"rendered":"https:\/\/lottomat.net\/resultados-da-lotaria\/resultados-da-superenalotto\/"},"modified":"2026-03-17T07:42:04","modified_gmt":"2026-03-17T07:42:04","slug":"superenalotto","status":"publish","type":"page","link":"https:\/\/lottomat.com\/pt-pt\/resultados\/superenalotto\/","title":{"rendered":"Resultados e N\u00fameros Vencedores do SuperEnalotto"},"content":{"rendered":"\n\n<div class=\"kk-star-ratings kksr-auto kksr-align-left kksr-valign-top\"\n    data-payload='{&quot;align&quot;:&quot;left&quot;,&quot;id&quot;:&quot;238182&quot;,&quot;slug&quot;:&quot;default&quot;,&quot;valign&quot;:&quot;top&quot;,&quot;ignore&quot;:&quot;&quot;,&quot;reference&quot;:&quot;auto&quot;,&quot;class&quot;:&quot;&quot;,&quot;count&quot;:&quot;0&quot;,&quot;legendonly&quot;:&quot;&quot;,&quot;readonly&quot;:&quot;&quot;,&quot;score&quot;:&quot;0&quot;,&quot;starsonly&quot;:&quot;&quot;,&quot;best&quot;:&quot;5&quot;,&quot;gap&quot;:&quot;5&quot;,&quot;greet&quot;:&quot;Rate this page&quot;,&quot;legend&quot;:&quot;0\\\/5 - (0 votes)&quot;,&quot;size&quot;:&quot;30&quot;,&quot;title&quot;:&quot;Resultados e N\u00fameros Vencedores do SuperEnalotto&quot;,&quot;width&quot;:&quot;0&quot;,&quot;_legend&quot;:&quot;{score}\\\/{best} - ({count} {votes})&quot;,&quot;font_factor&quot;:&quot;1.25&quot;}'>\n            \n<div class=\"kksr-stars\">\n    \n<div class=\"kksr-stars-inactive\">\n            <div class=\"kksr-star\" data-star=\"1\" style=\"padding-right: 5px\">\n            \n\n<div class=\"kksr-icon\" style=\"width: 30px; height: 30px;\"><\/div>\n        <\/div>\n            <div class=\"kksr-star\" data-star=\"2\" style=\"padding-right: 5px\">\n            \n\n<div class=\"kksr-icon\" style=\"width: 30px; height: 30px;\"><\/div>\n        <\/div>\n            <div class=\"kksr-star\" data-star=\"3\" style=\"padding-right: 5px\">\n            \n\n<div class=\"kksr-icon\" style=\"width: 30px; height: 30px;\"><\/div>\n        <\/div>\n            <div class=\"kksr-star\" data-star=\"4\" style=\"padding-right: 5px\">\n            \n\n<div class=\"kksr-icon\" style=\"width: 30px; height: 30px;\"><\/div>\n        <\/div>\n            <div class=\"kksr-star\" data-star=\"5\" style=\"padding-right: 5px\">\n            \n\n<div class=\"kksr-icon\" style=\"width: 30px; height: 30px;\"><\/div>\n        <\/div>\n    <\/div>\n    \n<div class=\"kksr-stars-active\" style=\"width: 0px;\">\n            <div class=\"kksr-star\" style=\"padding-right: 5px\">\n            \n\n<div class=\"kksr-icon\" style=\"width: 30px; height: 30px;\"><\/div>\n        <\/div>\n            <div class=\"kksr-star\" style=\"padding-right: 5px\">\n            \n\n<div class=\"kksr-icon\" style=\"width: 30px; height: 30px;\"><\/div>\n        <\/div>\n            <div class=\"kksr-star\" style=\"padding-right: 5px\">\n            \n\n<div class=\"kksr-icon\" style=\"width: 30px; height: 30px;\"><\/div>\n        <\/div>\n            <div class=\"kksr-star\" style=\"padding-right: 5px\">\n            \n\n<div class=\"kksr-icon\" style=\"width: 30px; height: 30px;\"><\/div>\n        <\/div>\n            <div class=\"kksr-star\" style=\"padding-right: 5px\">\n            \n\n<div class=\"kksr-icon\" style=\"width: 30px; height: 30px;\"><\/div>\n        <\/div>\n    <\/div>\n<\/div>\n                \n\n<div class=\"kksr-legend\" style=\"font-size: 24px;\">\n            <span class=\"kksr-muted\">Rate this page<\/span>\n    <\/div>\n    <\/div>\n<p>Conhecer os resultados do SuperEnalotto de cada sorteio em que os seus bilhetes participam ser\u00e1 certamente muito divertido, especialmente quando se descobrir que escolheu os n\u00fameros da sorte. Verifique r\u00e1pida e comodamente no <a href=\"https:\/\/lottomat.com\/pt-pt\/\">site LottoMat<\/a> se conseguiu entrar para as fileiras dos milion\u00e1rios, pois publicamos os resultados imediatamente ap\u00f3s o sorteio e estes prov\u00eam da mensagem oficial do organizador da lotaria SuperEnalotto. Pode dizer-se que <a href=\"https:\/\/lottomat.com\/pt-pt\/resultados\/\">os nossos resultados de lotaria<\/a> chegam sempre fresquinhos, como p\u00e3o sa\u00eddo do forno.<\/p>\n<h2><img loading=\"lazy\" decoding=\"async\" class=\"wp-image-252676 alignleft\" src=\"https:\/\/lottomat.com\/wp-content\/uploads\/2025\/10\/Italian-lottery-numbers-300x300.webp\" alt=\"n\u00fameros da lotaria italiana\" width=\"200\" height=\"200\" srcset=\"https:\/\/lottomat.com\/wp-content\/uploads\/2025\/10\/Italian-lottery-numbers-300x300.webp 300w, https:\/\/lottomat.com\/wp-content\/uploads\/2025\/10\/Italian-lottery-numbers-150x150.webp 150w, https:\/\/lottomat.com\/wp-content\/uploads\/2025\/10\/Italian-lottery-numbers-100x100.webp 100w, https:\/\/lottomat.com\/wp-content\/uploads\/2025\/10\/Italian-lottery-numbers.webp 400w\" sizes=\"auto, (max-width: 200px) 100vw, 200px\" \/>Como Verificar os Resultados Atuais do SuperEnalotto?<\/h2>\n<p>\u00c9 mesmo muito simples e incrivelmente r\u00e1pido. <strong>Os resultados do \u00faltimo sorteio est\u00e3o sempre no topo da p\u00e1gina.<\/strong> No entanto, pode ficar confuso ao ver o n\u00famero b\u00f3nus, o chamado Jolly, nos resultados, mas recebemos os resultados diretamente do organizador, imediatamente ap\u00f3s o sorteio, por isso este pequeno n\u00famero extra \u2013 que apenas pode ser escolhido pelos italianos nas delega\u00e7\u00f5es de lotaria em todo o seu pa\u00eds \u2013 tamb\u00e9m consta. Isto significa que deve concentrar-se apenas nos resultados do sorteio dos n\u00fameros principais, pois n\u00e3o participa no sorteio do Jolly. <strong>Os resultados no site LottoMat s\u00e3o apresentados numa tabela de f\u00e1cil leitura, muito simples de interpretar.<\/strong><\/p>\n<h2>Como Consultar os Resultados Arquivados do SuperEnalotto?<\/h2>\n<p>No site LottoMat, \u00e9 poss\u00edvel consultar resultados mais antigos. Junto aos n\u00fameros recentemente sorteados, encontra a data do \u00faltimo sorteio. <strong>Se clicar nessa data, surgir\u00e1 um calend\u00e1rio com os sorteios arquivados.<\/strong> Basta selecionar a data que lhe interessa e consultar os resultados anteriores do sorteio do SuperEnalotto. Recolhemos os dados dos \u00faltimos 12 meses e pode confiar que s\u00e3o geridos de forma fi\u00e1vel e, acima de tudo, fidedigna.<\/p>\n<h2>Como Utilizar os N\u00fameros Vencedores Arquivados do SuperEnalotto?<img loading=\"lazy\" decoding=\"async\" class=\"wp-image-252707 alignright\" src=\"https:\/\/lottomat.com\/wp-content\/uploads\/2025\/10\/Italian-lottery-results-300x300.webp\" alt=\"resultados da lotaria italiana\" width=\"200\" height=\"200\" srcset=\"https:\/\/lottomat.com\/wp-content\/uploads\/2025\/10\/Italian-lottery-results-300x300.webp 300w, https:\/\/lottomat.com\/wp-content\/uploads\/2025\/10\/Italian-lottery-results-150x150.webp 150w, https:\/\/lottomat.com\/wp-content\/uploads\/2025\/10\/Italian-lottery-results-100x100.webp 100w, https:\/\/lottomat.com\/wp-content\/uploads\/2025\/10\/Italian-lottery-results.webp 400w\" sizes=\"auto, (max-width: 200px) 100vw, 200px\" \/><\/h2>\n<p>Sabe por que raz\u00e3o os sorteios arquivados s\u00e3o \u00fateis? Na verdade, existem tr\u00eas raz\u00f5es principais. <strong>Em primeiro lugar, permitem-lhe criar a sua pr\u00f3pria estrat\u00e9gia \u00fanica<\/strong>, na qual verifica os n\u00fameros recentemente sorteados e define as probabilidades de ganhar no sorteio. Em segundo lugar, pode verificar se houve o &#8220;seis&#8221; completo na lotaria, se haver\u00e1 um jackpot e, ainda mais, qual foi o pr\u00e9mio mais elevado recentemente, para poder calcular o potencial lucro de um pr\u00e9mio ganho. Em terceiro lugar, pode ver quantos vencedores tem o SuperEnalotto e que pr\u00e9mios ganham, mesmo que n\u00e3o selecionem todos os n\u00fameros sorteados \u2013 e h\u00e1 sempre centenas de milhares de vencedores! Tudo o que resta fazer \u00e9 comprar os bilhetes e mudar drasticamente a sua vida! E lembre-se, cada bilhete aproxima-o de ganhar no <a href=\"https:\/\/lottomat.com\/pt-pt\/jogar\/superenalotto\/\">SuperEnalotto online<\/a>.<\/p>\n<h2>Quais S\u00e3o os N\u00fameros Mais Sorteados no SuperEnalotto?<\/h2>\n<p>De acordo com a an\u00e1lise estat\u00edstica dos sorteios do SuperEnalotto desde 1997, <strong>os 10 n\u00fameros sorteados com maior frequ\u00eancia incluem o 90, 85, 77, 86, 82, 55, 88, 80, 87 e 79.<\/strong> Estes n\u00fameros s\u00e3o frequentemente designados como &#8220;n\u00fameros quentes&#8221; nos c\u00edrculos de lotaria devido \u00e0s suas apari\u00e7\u00f5es frequentes em combina\u00e7\u00f5es vencedoras. O n\u00famero 90 ocupa o primeiro lugar, tendo sido sorteado centenas de vezes ao longo da hist\u00f3ria do jogo. Os jogadores utilizam muitas vezes estes dados estat\u00edsticos para orientar as suas estrat\u00e9gias de sele\u00e7\u00e3o de n\u00fameros, embora seja importante lembrar que cada sorteio \u00e9 independente e os resultados passados n\u00e3o influenciam os resultados futuros.<\/p>\n<h2><img loading=\"lazy\" decoding=\"async\" class=\"wp-image-252737 alignleft\" src=\"https:\/\/lottomat.com\/wp-content\/uploads\/2025\/10\/SuperEnalotto-results-300x300.webp\" alt=\"resultados do SuperEnalotto\" width=\"200\" height=\"200\" srcset=\"https:\/\/lottomat.com\/wp-content\/uploads\/2025\/10\/SuperEnalotto-results-300x300.webp 300w, https:\/\/lottomat.com\/wp-content\/uploads\/2025\/10\/SuperEnalotto-results-150x150.webp 150w, https:\/\/lottomat.com\/wp-content\/uploads\/2025\/10\/SuperEnalotto-results-100x100.webp 100w, https:\/\/lottomat.com\/wp-content\/uploads\/2025\/10\/SuperEnalotto-results.webp 400w\" sizes=\"auto, (max-width: 200px) 100vw, 200px\" \/>Quais S\u00e3o os N\u00fameros Menos Sorteados no SuperEnalotto?<\/h2>\n<p>No extremo oposto, o SuperEnalotto tem v\u00e1rios &#8220;n\u00fameros frios&#8221; que aparecem com menor frequ\u00eancia nos sorteios. <strong>Os 10 n\u00fameros menos sorteados incluem tipicamente n\u00fameros mais baixos como o 1, 2, 3, 4, 5, 6, 7, 8, 9 e 10<\/strong>, embora isto possa variar consoante o per\u00edodo de tempo analisado. Estes n\u00fameros frios n\u00e3o apareceram com tanta frequ\u00eancia em combina\u00e7\u00f5es vencedoras em compara\u00e7\u00e3o com os seus hom\u00f3logos quentes. Alguns entusiastas de lotaria acreditam que os n\u00fameros frios est\u00e3o &#8220;prestes a ser sorteados&#8221;, enquanto outros preferem apostar nos n\u00fameros quentes que j\u00e1 provaram a sua frequ\u00eancia. Compreender os padr\u00f5es de n\u00fameros quentes e frios pode ajudar os jogadores a desenvolver as suas estrat\u00e9gias pessoais de lotaria.<\/p>\n<h2>\u00c9 Poss\u00edvel Prever os Resultados do SuperEnalotto?<\/h2>\n<p>Apesar da extensa an\u00e1lise estat\u00edstica dispon\u00edvel para o SuperEnalotto, \u00e9 fundamental compreender que <strong>os resultados da lotaria n\u00e3o podem ser previstos com precis\u00e3o.<\/strong> Cada sorteio do SuperEnalotto \u00e9 completamente aleat\u00f3rio e independente dos resultados anteriores. Embora estudar os n\u00fameros quentes e frios, os gr\u00e1ficos de frequ\u00eancia e os padr\u00f5es hist\u00f3ricos possa ser interessante e ajudar a orientar a estrat\u00e9gia de sele\u00e7\u00e3o de n\u00fameros, estas estat\u00edsticas n\u00e3o garantem sucesso futuro. A lotaria utiliza sofisticados sistemas de gera\u00e7\u00e3o aleat\u00f3ria de n\u00fameros que garantem que cada n\u00famero de 1 a 90 tem igual probabilidade de ser sorteado em cada sorteio. A probabilidade matem\u00e1tica mant\u00e9m-se constante independentemente dos resultados passados \u2013 isto \u00e9 conhecido como &#8220;fal\u00e1cia do jogador&#8221;, quando as pessoas acreditam incorretamente que os resultados passados influenciam os resultados futuros. Matem\u00e1ticos e estat\u00edsticos profissionais sublinham consistentemente que jogos de lotaria como o SuperEnalotto s\u00e3o jogos de puro acaso. <strong>A melhor abordagem \u00e9 jogar com responsabilidade, dentro das suas possibilidades e como forma de entretenimento, e n\u00e3o como estrat\u00e9gia de investimento.<\/strong><\/p>\n<h2>Como Verificar os Resultados do Sorteio de Ontem do SuperEnalotto?<img loading=\"lazy\" decoding=\"async\" class=\"wp-image-252767 alignright\" src=\"https:\/\/lottomat.com\/wp-content\/uploads\/2025\/10\/SuperEnalotto-winning-numbers-300x300.webp\" alt=\"n\u00fameros vencedores do SuperEnalotto\" width=\"200\" height=\"200\" srcset=\"https:\/\/lottomat.com\/wp-content\/uploads\/2025\/10\/SuperEnalotto-winning-numbers-300x300.webp 300w, https:\/\/lottomat.com\/wp-content\/uploads\/2025\/10\/SuperEnalotto-winning-numbers-150x150.webp 150w, https:\/\/lottomat.com\/wp-content\/uploads\/2025\/10\/SuperEnalotto-winning-numbers-100x100.webp 100w, https:\/\/lottomat.com\/wp-content\/uploads\/2025\/10\/SuperEnalotto-winning-numbers.webp 400w\" sizes=\"auto, (max-width: 200px) 100vw, 200px\" \/><\/h2>\n<p>Verificar os resultados de ontem do SuperEnalotto no site LottoMat \u00e9 simples e conveniente. A nossa plataforma mant\u00e9m arquivos completos de todos os sorteios recentes, facilitando o acesso aos resultados de ontem, da semana passada ou at\u00e9 do m\u00eas passado. <strong>Quer esteja \u00e0 procura dos resultados mais recentes de hoje ou precise de verificar n\u00fameros de sorteios anteriores, o LottoMat fornece informa\u00e7\u00f5es fi\u00e1veis e precisas sobre a lotaria italiana.<\/strong> Basta navegar at\u00e9 \u00e0 nossa sec\u00e7\u00e3o de resultados, onde encontrar\u00e1 uma listagem cronol\u00f3gica de todos os sorteios recentes do SuperEnalotto. Cada entrada de resultado inclui os seis n\u00fameros principais vencedores, o n\u00famero Jolly e o n\u00famero SuperStar, se aplic\u00e1vel. Pode clicar em qualquer data espec\u00edfica para ver informa\u00e7\u00f5es detalhadas sobre esse sorteio em particular, incluindo a distribui\u00e7\u00e3o de pr\u00e9mios e as estat\u00edsticas de vencedores. Lembre-se de que no LottoMat, <strong>n\u00e3o importa se est\u00e1 \u00e0 procura dos resultados de hoje, dos n\u00fameros de ontem ou de resultados de h\u00e1 semanas \u2013 encontrar\u00e1 sempre resultados aut\u00eanticos da lotaria italiana<\/strong> nos quais pode confiar plenamente.<\/p>\n<h2>Quantas Pessoas Ganharam no \u00daltimo Sorteio do SuperEnalotto?<\/h2>\n<p>Cada sorteio do SuperEnalotto produz m\u00faltiplos vencedores em diferentes <a href=\"https:\/\/lottomat.com\/pt-pt\/lotarias\/superenalotto\/\">n\u00edveis de pr\u00e9mios do SuperEnalotto<\/a>, n\u00e3o apenas o vencedor do jackpot. <strong>A nossa tabela detalhada de distribui\u00e7\u00e3o de pr\u00e9mios fornece informa\u00e7\u00f5es pormenorizadas sobre o n\u00famero de vencedores em cada n\u00edvel de pr\u00e9mio e os respetivos valores recebidos.<\/strong> Estes dados valiosos ajudam os jogadores a compreender as v\u00e1rias formas de ganhar no SuperEnalotto para al\u00e9m de acertar em todos os seis n\u00fameros. Tipicamente, <strong>milhares de jogadores ganham pr\u00e9mios em cada sorteio do SuperEnalotto em todos os n\u00edveis<\/strong>, sendo que a maioria ganha valores menores por acertar em 2 a 3 n\u00fameros. Esta informa\u00e7\u00e3o \u00e9 atualizada imediatamente ap\u00f3s cada sorteio e proporciona transpar\u00eancia sobre a distribui\u00e7\u00e3o de pr\u00e9mios da lotaria, ajudando os jogadores a compreender os seus potenciais ganhos nos diferentes n\u00edveis de combina\u00e7\u00e3o.<\/p>\n","protected":false},"excerpt":{"rendered":"<p>Conhecer os resultados do SuperEnalotto de cada sorteio em que os seus bilhetes participam ser\u00e1 certamente muito divertido, especialmente quando se descobrir que escolheu os n\u00fameros da sorte. Verifique r\u00e1pida e comodamente no site LottoMat se conseguiu entrar para as fileiras dos milion\u00e1rios, pois publicamos os resultados imediatamente ap\u00f3s o sorteio e estes prov\u00eam da [&hellip;]<\/p>\n","protected":false},"author":1,"featured_media":0,"parent":7445,"menu_order":5,"comment_status":"closed","ping_status":"closed","template":"superenalotto-results.php","meta":{"_et_pb_use_builder":"","_et_pb_old_content":"","_et_gb_content_width":"","exclude_from_search":false,"footnotes":""},"class_list":["post-238182","page","type-page","status-publish","hentry"],"yoast_head":"<!-- This site is optimized with the Yoast SEO plugin v23.8 - https:\/\/yoast.com\/wordpress\/plugins\/seo\/ -->\n<title>Resultados e N\u00fameros Vencedores do SuperEnalotto - Lottomat<\/title>\n<meta name=\"description\" content=\"Consulte agora os resultados mais recentes do SuperEnalotto! Veja os n\u00fameros vencedores de hoje e descubra se ganhou no sorteio do loto italiano.\" \/>\n<meta name=\"robots\" content=\"index, follow, max-snippet:-1, max-image-preview:large, max-video-preview:-1\" \/>\n<link rel=\"canonical\" href=\"https:\/\/lottomat.com\/pt-pt\/resultados\/superenalotto\/\" \/>\n<meta property=\"og:locale\" content=\"pt_PT\" \/>\n<meta property=\"og:type\" content=\"article\" \/>\n<meta property=\"og:title\" content=\"Resultados e N\u00fameros Vencedores do SuperEnalotto - Lottomat\" \/>\n<meta property=\"og:description\" content=\"Consulte agora os resultados mais recentes do SuperEnalotto! Veja os n\u00fameros vencedores de hoje e descubra se ganhou no sorteio do loto italiano.\" \/>\n<meta property=\"og:url\" content=\"https:\/\/lottomat.com\/pt-pt\/resultados\/superenalotto\/\" \/>\n<meta property=\"og:site_name\" content=\"Lottomat\" \/>\n<meta property=\"article:modified_time\" content=\"2026-03-17T07:42:04+00:00\" \/>\n<meta property=\"og:image\" content=\"https:\/\/lottomat.com\/wp-content\/uploads\/2025\/10\/Italian-lottery-numbers.webp\" \/>\n\t<meta property=\"og:image:width\" content=\"400\" \/>\n\t<meta property=\"og:image:height\" content=\"400\" \/>\n\t<meta property=\"og:image:type\" content=\"image\/webp\" \/>\n<meta name=\"twitter:card\" content=\"summary_large_image\" \/>\n<meta name=\"twitter:label1\" content=\"Tempo estimado de leitura\" \/>\n\t<meta name=\"twitter:data1\" content=\"6 minutos\" \/>\n<script type=\"application\/ld+json\" class=\"yoast-schema-graph\">{\"@context\":\"https:\/\/schema.org\",\"@graph\":[{\"@type\":\"WebPage\",\"@id\":\"https:\/\/lottomat.com\/pt-pt\/resultados\/superenalotto\/\",\"url\":\"https:\/\/lottomat.com\/pt-pt\/resultados\/superenalotto\/\",\"name\":\"Resultados e N\u00fameros Vencedores do SuperEnalotto - Lottomat\",\"isPartOf\":{\"@id\":\"https:\/\/lottomat.com\/pt-pt\/#website\"},\"primaryImageOfPage\":{\"@id\":\"https:\/\/lottomat.com\/pt-pt\/resultados\/superenalotto\/#primaryimage\"},\"image\":{\"@id\":\"https:\/\/lottomat.com\/pt-pt\/resultados\/superenalotto\/#primaryimage\"},\"thumbnailUrl\":\"https:\/\/lottomat.com\/wp-content\/uploads\/2025\/10\/Italian-lottery-numbers-300x300.webp\",\"datePublished\":\"2025-04-07T19:25:51+00:00\",\"dateModified\":\"2026-03-17T07:42:04+00:00\",\"description\":\"Consulte agora os resultados mais recentes do SuperEnalotto! Veja os n\u00fameros vencedores de hoje e descubra se ganhou no sorteio do loto italiano.\",\"breadcrumb\":{\"@id\":\"https:\/\/lottomat.com\/pt-pt\/resultados\/superenalotto\/#breadcrumb\"},\"inLanguage\":\"pt-PT\",\"potentialAction\":[{\"@type\":\"ReadAction\",\"target\":[\"https:\/\/lottomat.com\/pt-pt\/resultados\/superenalotto\/\"]}]},{\"@type\":\"ImageObject\",\"inLanguage\":\"pt-PT\",\"@id\":\"https:\/\/lottomat.com\/pt-pt\/resultados\/superenalotto\/#primaryimage\",\"url\":\"https:\/\/lottomat.com\/wp-content\/uploads\/2025\/10\/Italian-lottery-numbers-300x300.webp\",\"contentUrl\":\"https:\/\/lottomat.com\/wp-content\/uploads\/2025\/10\/Italian-lottery-numbers-300x300.webp\"},{\"@type\":\"BreadcrumbList\",\"@id\":\"https:\/\/lottomat.com\/pt-pt\/resultados\/superenalotto\/#breadcrumb\",\"itemListElement\":[{\"@type\":\"ListItem\",\"position\":1,\"name\":\"Home\",\"item\":\"https:\/\/lottomat.com\/pt-pt\/\"},{\"@type\":\"ListItem\",\"position\":2,\"name\":\"Os \u00daltimos Resultados de Lotaria e N\u00fameros Vencedores\",\"item\":\"https:\/\/lottomat.com\/pt-pt\/resultados\/\"},{\"@type\":\"ListItem\",\"position\":3,\"name\":\"Resultados e N\u00fameros Vencedores do SuperEnalotto\"}]},{\"@type\":\"WebSite\",\"@id\":\"https:\/\/lottomat.com\/pt-pt\/#website\",\"url\":\"https:\/\/lottomat.com\/pt-pt\/\",\"name\":\"Lottomat\",\"description\":\"\",\"potentialAction\":[{\"@type\":\"SearchAction\",\"target\":{\"@type\":\"EntryPoint\",\"urlTemplate\":\"https:\/\/lottomat.com\/pt-pt\/?s={search_term_string}\"},\"query-input\":{\"@type\":\"PropertyValueSpecification\",\"valueRequired\":true,\"valueName\":\"search_term_string\"}}],\"inLanguage\":\"pt-PT\"}]}<\/script>\n<!-- \/ Yoast SEO plugin. -->","yoast_head_json":{"title":"Resultados e N\u00fameros Vencedores do SuperEnalotto - Lottomat","description":"Consulte agora os resultados mais recentes do SuperEnalotto! Veja os n\u00fameros vencedores de hoje e descubra se ganhou no sorteio do loto italiano.","robots":{"index":"index","follow":"follow","max-snippet":"max-snippet:-1","max-image-preview":"max-image-preview:large","max-video-preview":"max-video-preview:-1"},"canonical":"https:\/\/lottomat.com\/pt-pt\/resultados\/superenalotto\/","og_locale":"pt_PT","og_type":"article","og_title":"Resultados e N\u00fameros Vencedores do SuperEnalotto - Lottomat","og_description":"Consulte agora os resultados mais recentes do SuperEnalotto! Veja os n\u00fameros vencedores de hoje e descubra se ganhou no sorteio do loto italiano.","og_url":"https:\/\/lottomat.com\/pt-pt\/resultados\/superenalotto\/","og_site_name":"Lottomat","article_modified_time":"2026-03-17T07:42:04+00:00","og_image":[{"width":400,"height":400,"url":"https:\/\/lottomat.com\/wp-content\/uploads\/2025\/10\/Italian-lottery-numbers.webp","type":"image\/webp"}],"twitter_card":"summary_large_image","twitter_misc":{"Tempo estimado de leitura":"6 minutos"},"schema":{"@context":"https:\/\/schema.org","@graph":[{"@type":"WebPage","@id":"https:\/\/lottomat.com\/pt-pt\/resultados\/superenalotto\/","url":"https:\/\/lottomat.com\/pt-pt\/resultados\/superenalotto\/","name":"Resultados e N\u00fameros Vencedores do SuperEnalotto - Lottomat","isPartOf":{"@id":"https:\/\/lottomat.com\/pt-pt\/#website"},"primaryImageOfPage":{"@id":"https:\/\/lottomat.com\/pt-pt\/resultados\/superenalotto\/#primaryimage"},"image":{"@id":"https:\/\/lottomat.com\/pt-pt\/resultados\/superenalotto\/#primaryimage"},"thumbnailUrl":"https:\/\/lottomat.com\/wp-content\/uploads\/2025\/10\/Italian-lottery-numbers-300x300.webp","datePublished":"2025-04-07T19:25:51+00:00","dateModified":"2026-03-17T07:42:04+00:00","description":"Consulte agora os resultados mais recentes do SuperEnalotto! Veja os n\u00fameros vencedores de hoje e descubra se ganhou no sorteio do loto italiano.","breadcrumb":{"@id":"https:\/\/lottomat.com\/pt-pt\/resultados\/superenalotto\/#breadcrumb"},"inLanguage":"pt-PT","potentialAction":[{"@type":"ReadAction","target":["https:\/\/lottomat.com\/pt-pt\/resultados\/superenalotto\/"]}]},{"@type":"ImageObject","inLanguage":"pt-PT","@id":"https:\/\/lottomat.com\/pt-pt\/resultados\/superenalotto\/#primaryimage","url":"https:\/\/lottomat.com\/wp-content\/uploads\/2025\/10\/Italian-lottery-numbers-300x300.webp","contentUrl":"https:\/\/lottomat.com\/wp-content\/uploads\/2025\/10\/Italian-lottery-numbers-300x300.webp"},{"@type":"BreadcrumbList","@id":"https:\/\/lottomat.com\/pt-pt\/resultados\/superenalotto\/#breadcrumb","itemListElement":[{"@type":"ListItem","position":1,"name":"Home","item":"https:\/\/lottomat.com\/pt-pt\/"},{"@type":"ListItem","position":2,"name":"Os \u00daltimos Resultados de Lotaria e N\u00fameros Vencedores","item":"https:\/\/lottomat.com\/pt-pt\/resultados\/"},{"@type":"ListItem","position":3,"name":"Resultados e N\u00fameros Vencedores do SuperEnalotto"}]},{"@type":"WebSite","@id":"https:\/\/lottomat.com\/pt-pt\/#website","url":"https:\/\/lottomat.com\/pt-pt\/","name":"Lottomat","description":"","potentialAction":[{"@type":"SearchAction","target":{"@type":"EntryPoint","urlTemplate":"https:\/\/lottomat.com\/pt-pt\/?s={search_term_string}"},"query-input":{"@type":"PropertyValueSpecification","valueRequired":true,"valueName":"search_term_string"}}],"inLanguage":"pt-PT"}]}},"_links":{"self":[{"href":"https:\/\/lottomat.com\/pt-pt\/wp-json\/wp\/v2\/pages\/238182","targetHints":{"allow":["GET"]}}],"collection":[{"href":"https:\/\/lottomat.com\/pt-pt\/wp-json\/wp\/v2\/pages"}],"about":[{"href":"https:\/\/lottomat.com\/pt-pt\/wp-json\/wp\/v2\/types\/page"}],"author":[{"embeddable":true,"href":"https:\/\/lottomat.com\/pt-pt\/wp-json\/wp\/v2\/users\/1"}],"replies":[{"embeddable":true,"href":"https:\/\/lottomat.com\/pt-pt\/wp-json\/wp\/v2\/comments?post=238182"}],"version-history":[{"count":2,"href":"https:\/\/lottomat.com\/pt-pt\/wp-json\/wp\/v2\/pages\/238182\/revisions"}],"predecessor-version":[{"id":273877,"href":"https:\/\/lottomat.com\/pt-pt\/wp-json\/wp\/v2\/pages\/238182\/revisions\/273877"}],"up":[{"embeddable":true,"href":"https:\/\/lottomat.com\/pt-pt\/wp-json\/wp\/v2\/pages\/7445"}],"wp:attachment":[{"href":"https:\/\/lottomat.com\/pt-pt\/wp-json\/wp\/v2\/media?parent=238182"}],"curies":[{"name":"wp","href":"https:\/\/api.w.org\/{rel}","templated":true}]}}