{"id":237846,"date":"2025-04-07T19:24:29","date_gmt":"2025-04-07T19:24:29","guid":{"rendered":"https:\/\/lottomat.net\/resultados-da-lotaria\/resultados-do-mega-millions\/"},"modified":"2026-03-17T07:12:43","modified_gmt":"2026-03-17T07:12:43","slug":"mega-millions","status":"publish","type":"page","link":"https:\/\/lottomat.com\/pt-pt\/resultados\/mega-millions\/","title":{"rendered":"Resultados e N\u00fameros Vencedores da Mega Millions"},"content":{"rendered":"\n\n<div class=\"kk-star-ratings kksr-auto kksr-align-left kksr-valign-top\"\n    data-payload='{&quot;align&quot;:&quot;left&quot;,&quot;id&quot;:&quot;237846&quot;,&quot;slug&quot;:&quot;default&quot;,&quot;valign&quot;:&quot;top&quot;,&quot;ignore&quot;:&quot;&quot;,&quot;reference&quot;:&quot;auto&quot;,&quot;class&quot;:&quot;&quot;,&quot;count&quot;:&quot;0&quot;,&quot;legendonly&quot;:&quot;&quot;,&quot;readonly&quot;:&quot;&quot;,&quot;score&quot;:&quot;0&quot;,&quot;starsonly&quot;:&quot;&quot;,&quot;best&quot;:&quot;5&quot;,&quot;gap&quot;:&quot;5&quot;,&quot;greet&quot;:&quot;Rate this page&quot;,&quot;legend&quot;:&quot;0\\\/5 - (0 votes)&quot;,&quot;size&quot;:&quot;30&quot;,&quot;title&quot;:&quot;Resultados e N\u00fameros Vencedores da Mega Millions&quot;,&quot;width&quot;:&quot;0&quot;,&quot;_legend&quot;:&quot;{score}\\\/{best} - ({count} {votes})&quot;,&quot;font_factor&quot;:&quot;1.25&quot;}'>\n            \n<div class=\"kksr-stars\">\n    \n<div class=\"kksr-stars-inactive\">\n            <div class=\"kksr-star\" data-star=\"1\" style=\"padding-right: 5px\">\n            \n\n<div class=\"kksr-icon\" style=\"width: 30px; height: 30px;\"><\/div>\n        <\/div>\n            <div class=\"kksr-star\" data-star=\"2\" style=\"padding-right: 5px\">\n            \n\n<div class=\"kksr-icon\" style=\"width: 30px; height: 30px;\"><\/div>\n        <\/div>\n            <div class=\"kksr-star\" data-star=\"3\" style=\"padding-right: 5px\">\n            \n\n<div class=\"kksr-icon\" style=\"width: 30px; height: 30px;\"><\/div>\n        <\/div>\n            <div class=\"kksr-star\" data-star=\"4\" style=\"padding-right: 5px\">\n            \n\n<div class=\"kksr-icon\" style=\"width: 30px; height: 30px;\"><\/div>\n        <\/div>\n            <div class=\"kksr-star\" data-star=\"5\" style=\"padding-right: 5px\">\n            \n\n<div class=\"kksr-icon\" style=\"width: 30px; height: 30px;\"><\/div>\n        <\/div>\n    <\/div>\n    \n<div class=\"kksr-stars-active\" style=\"width: 0px;\">\n            <div class=\"kksr-star\" style=\"padding-right: 5px\">\n            \n\n<div class=\"kksr-icon\" style=\"width: 30px; height: 30px;\"><\/div>\n        <\/div>\n            <div class=\"kksr-star\" style=\"padding-right: 5px\">\n            \n\n<div class=\"kksr-icon\" style=\"width: 30px; height: 30px;\"><\/div>\n        <\/div>\n            <div class=\"kksr-star\" style=\"padding-right: 5px\">\n            \n\n<div class=\"kksr-icon\" style=\"width: 30px; height: 30px;\"><\/div>\n        <\/div>\n            <div class=\"kksr-star\" style=\"padding-right: 5px\">\n            \n\n<div class=\"kksr-icon\" style=\"width: 30px; height: 30px;\"><\/div>\n        <\/div>\n            <div class=\"kksr-star\" style=\"padding-right: 5px\">\n            \n\n<div class=\"kksr-icon\" style=\"width: 30px; height: 30px;\"><\/div>\n        <\/div>\n    <\/div>\n<\/div>\n                \n\n<div class=\"kksr-legend\" style=\"font-size: 24px;\">\n            <span class=\"kksr-muted\">Rate this page<\/span>\n    <\/div>\n    <\/div>\n<p>Os bilhetes da lotaria Mega Millions s\u00e3o comprados, os n\u00fameros vencedores da Mega Millions s\u00e3o selecionados, e voc\u00ea concentra-se apenas em planos e sonhos de felicidade que se tornar\u00e3o realidade se entrar no grupo dos milion\u00e1rios. N\u00e3o h\u00e1 nada de errado nisso, todos temos os nossos sonhos. \u00c9 prov\u00e1vel que os pensamentos de cada jogador girem em torno de ganhar antes de conhecer os resultados do sorteio da Mega Millions, e a <strong>Mega Millions \u00e9 um jogo que realmente pode dar muito<\/strong>.<\/p>\n<h2>\u00c9 Poss\u00edvel Ganhar com os N\u00fameros da Mega Millions?<img loading=\"lazy\" decoding=\"async\" class=\"alignright wp-image-251955\" src=\"https:\/\/lottomat.com\/wp-content\/uploads\/2025\/10\/Mega-Millions-winning-numbers.webp\" alt=\"n\u00fameros vencedores da Mega Millions\" width=\"200\" height=\"200\" srcset=\"https:\/\/lottomat.com\/wp-content\/uploads\/2025\/10\/Mega-Millions-winning-numbers.webp 400w, https:\/\/lottomat.com\/wp-content\/uploads\/2025\/10\/Mega-Millions-winning-numbers-300x300.webp 300w, https:\/\/lottomat.com\/wp-content\/uploads\/2025\/10\/Mega-Millions-winning-numbers-150x150.webp 150w, https:\/\/lottomat.com\/wp-content\/uploads\/2025\/10\/Mega-Millions-winning-numbers-100x100.webp 100w\" sizes=\"auto, (max-width: 200px) 100vw, 200px\" \/><\/h2>\n<p>At\u00e9 <a href=\"https:\/\/lottomat.com\/pt-pt\/resultados\/\">verificar os resultados atuais do sorteio<\/a>, pode sonhar, mas apenas o sorteio dos n\u00fameros que escolheu pode tornar este belo sonho realidade, por isso n\u00e3o vale a pena esperar \u2013 jogue e verifique. Tudo o que tem de fazer ap\u00f3s o sorteio \u00e9 <a href=\"https:\/\/lottomat.com\/pt-pt\/\">visitar o site LottoMat<\/a> na p\u00e1gina de resultados da Mega Millions e ver quais os n\u00fameros vencedores nesse sorteio em particular; se corresponderem ao seu bilhete, significa que est\u00e1 entre os vencedores dos <a href=\"https:\/\/lottomat.com\/pt-pt\/lotarias\/mega-millions\/\">pr\u00e9mios e jackpot da Mega Millions<\/a>. <strong>O sorteio da lotaria Mega Millions realiza-se regularmente duas vezes por semana, todas as quartas-feiras e s\u00e1bados \u00e0s 03:00 UTC<\/strong>. Publicamos os resultados atuais da Mega Millions online imediatamente ap\u00f3s o fim do sorteio, e estes prov\u00eam das informa\u00e7\u00f5es oficiais do organizador da lotaria, o que os torna 100% verificados e fi\u00e1veis. A \u00fanica coisa a ter em aten\u00e7\u00e3o \u00e9 ajustar o fuso hor\u00e1rio para o seu fuso hor\u00e1rio local.<\/p>\n<h2>Como Verificar os Resultados de Hoje da Mega Millions?<\/h2>\n<p><strong>Os resultados atuais da Mega Millions est\u00e3o prontamente dispon\u00edveis no site LottoMat imediatamente ap\u00f3s a conclus\u00e3o de cada sorteio<\/strong>. Todos os resultados publicados prov\u00eam diretamente de fontes oficiais da lotaria, garantindo total exatid\u00e3o e fiabilidade. Pode aceder aos n\u00fameros vencedores mais recentes visitando a nossa p\u00e1gina dedicada aos resultados da Mega Millions. Os resultados s\u00e3o atualizados em tempo real ap\u00f3s cada sorteio, pelo que ter\u00e1 sempre acesso \u00e0s informa\u00e7\u00f5es mais recentes. Basta navegar at\u00e9 \u00e0 nossa sec\u00e7\u00e3o de resultados para descobrir se os seus n\u00fameros o tornaram no pr\u00f3ximo vencedor da Mega Millions.<\/p>\n<h2><img loading=\"lazy\" decoding=\"async\" class=\"alignleft wp-image-251985\" src=\"https:\/\/lottomat.com\/wp-content\/uploads\/2025\/10\/Mega-Millions-results.webp\" alt=\"resultados da Mega Millions\" width=\"200\" height=\"200\" srcset=\"https:\/\/lottomat.com\/wp-content\/uploads\/2025\/10\/Mega-Millions-results.webp 400w, https:\/\/lottomat.com\/wp-content\/uploads\/2025\/10\/Mega-Millions-results-300x300.webp 300w, https:\/\/lottomat.com\/wp-content\/uploads\/2025\/10\/Mega-Millions-results-150x150.webp 150w, https:\/\/lottomat.com\/wp-content\/uploads\/2025\/10\/Mega-Millions-results-100x100.webp 100w\" sizes=\"auto, (max-width: 200px) 100vw, 200px\" \/>Como Consultar os Resultados Hist\u00f3ricos e os N\u00fameros Vencedores da Mega Millions?<\/h2>\n<p>Sabemos a import\u00e2ncia que os resultados arquivados t\u00eam para muitos de n\u00f3s, j\u00e1 que alguns jogadores constroem a sua estrat\u00e9gia para os sorteios seguintes com base neles. Para os utilizar, basta aceder ao nosso calend\u00e1rio de resultados, dispon\u00edvel no lado direito, no topo da p\u00e1gina. Ap\u00f3s clicar numa data, pode navegar livremente para outros per\u00edodos. <strong>A\u00ed pode consultar os n\u00fameros vencedores da Mega Millions sorteados nas \u00faltimas semanas e perceber a import\u00e2ncia de uma sele\u00e7\u00e3o diversificada de n\u00fameros nos bilhetes<\/strong>.<\/p>\n<h2>Como Utilizar o Arquivo de N\u00fameros Vencedores da Mega Millions?<\/h2>\n<p>O arquivo hist\u00f3rico dos resultados da Mega Millions \u00e9 uma ferramenta valiosa para os jogadores que pretendem analisar padr\u00f5es e desenvolver as suas estrat\u00e9gias de jogo. Ao examinar sorteios anteriores, pode identificar tend\u00eancias na frequ\u00eancia dos n\u00fameros e tomar decis\u00f5es mais informadas sobre as suas escolhas. <strong>O arquivo permite-lhe acompanhar quais os n\u00fameros que apareceram juntos com maior frequ\u00eancia, ajudando-o a compreender os padr\u00f5es do jogo ao longo do tempo<\/strong>. Muitos jogadores bem-sucedidos utilizam estes dados hist\u00f3ricos para criar abordagens sistem\u00e1ticas \u00e0s suas escolhas de n\u00fameros, embora seja importante recordar que cada sorteio \u00e9 independente e aleat\u00f3rio. O arquivo fornece informa\u00e7\u00f5es sobre combina\u00e7\u00f5es de n\u00fameros que foram sorteadas v\u00e1rias vezes, oferecendo-lhe uma base para criar a sua pr\u00f3pria metodologia de sele\u00e7\u00e3o. No entanto, o desempenho passado n\u00e3o garante resultados futuros nos jogos de lotaria.<\/p>\n<h2>Quais S\u00e3o os N\u00fameros Mais Sorteados na Mega Millions?<img loading=\"lazy\" decoding=\"async\" class=\"alignright wp-image-252015\" src=\"https:\/\/lottomat.com\/wp-content\/uploads\/2025\/10\/drawing-results.webp\" alt=\"resultados do sorteio\" width=\"200\" height=\"200\" srcset=\"https:\/\/lottomat.com\/wp-content\/uploads\/2025\/10\/drawing-results.webp 400w, https:\/\/lottomat.com\/wp-content\/uploads\/2025\/10\/drawing-results-300x300.webp 300w, https:\/\/lottomat.com\/wp-content\/uploads\/2025\/10\/drawing-results-150x150.webp 150w, https:\/\/lottomat.com\/wp-content\/uploads\/2025\/10\/drawing-results-100x100.webp 100w\" sizes=\"auto, (max-width: 200px) 100vw, 200px\" \/><\/h2>\n<p>J\u00e1 mencion\u00e1mos a prepara\u00e7\u00e3o de uma boa estrat\u00e9gia com base em n\u00fameros sorteados anteriormente, mas existe um apoio igualmente \u00fatil sob a forma de estat\u00edsticas sobre o sorteio de determinados n\u00fameros. Acontece que h\u00e1 n\u00fameros que s\u00e3o sorteados com muito maior frequ\u00eancia do que outros. No site LottoMat, encontrar\u00e1 toda essa informa\u00e7\u00e3o para cada lotaria. <strong>Os n\u00fameros mais sorteados na Mega Millions s\u00e3o: 29, 4, 48 e 36<\/strong>. O n\u00famero 48 j\u00e1 foi sorteado 80 vezes desde 2005. <strong>Quanto \u00e0 Mega Ball, os n\u00fameros mais sorteados s\u00e3o 35, 9, 36 e 7<\/strong>. Desejamos-lhe os resultados mais lucrativos poss\u00edveis na Mega Millions!<\/p>\n<h2>Quais S\u00e3o os N\u00fameros Menos Sorteados na Mega Millions?<\/h2>\n<p>Enquanto alguns n\u00fameros aparecem com frequ\u00eancia nos sorteios da Mega Millions, outros parecem ser sorteados com menor regularidade, criando o que os jogadores chamam de n\u00fameros &#8220;frios&#8221;. <strong>Estes n\u00fameros sorteados com menor frequ\u00eancia podem ser igualmente valiosos na cria\u00e7\u00e3o de uma estrat\u00e9gia de lotaria equilibrada<\/strong>. Alguns jogadores preferem incluir estes n\u00fameros raramente sorteados nas suas escolhas, acreditando que est\u00e3o &#8220;em atraso&#8221; para aparecer. <strong>Os n\u00fameros principais menos sorteados na hist\u00f3ria da Mega Millions incluem 50, 51, 65, 66 e 67<\/strong>. Estes n\u00fameros foram sorteados significativamente menos vezes em compara\u00e7\u00e3o com os n\u00fameros mais frequentes, com alguns a aparecer apenas entre 66 e 84 vezes ao longo da hist\u00f3ria do jogo. Entre os n\u00fameros da Mega Ball, certos n\u00fameros como o 15 e as bolas com n\u00fameros mais elevados tendem a aparecer com menor frequ\u00eancia nos sorteios recentes. Os n\u00fameros principais historicamente menos sorteados incluem v\u00e1rios n\u00fameros mais elevados do intervalo dispon\u00edvel, embora os n\u00fameros espec\u00edficos se alterem ao longo do tempo \u00e0 medida que mais sorteios ocorrem. <strong>O n\u00famero 50 destaca-se como um dos n\u00fameros mais &#8220;frios&#8221;, tendo sido sorteado apenas 66 vezes desde o in\u00edcio do jogo<\/strong>. Vale a pena notar que, num sistema verdadeiramente aleat\u00f3rio, todos os n\u00fameros t\u00eam igual probabilidade de ser sorteados em qualquer sorteio, independentemente da sua frequ\u00eancia hist\u00f3rica.<\/p>\n<h2><img loading=\"lazy\" decoding=\"async\" class=\"alignleft wp-image-252045\" src=\"https:\/\/lottomat.com\/wp-content\/uploads\/2025\/10\/Mega-Millions-draw.webp\" alt=\"sorteio da Mega Millions\" width=\"200\" height=\"200\" srcset=\"https:\/\/lottomat.com\/wp-content\/uploads\/2025\/10\/Mega-Millions-draw.webp 400w, https:\/\/lottomat.com\/wp-content\/uploads\/2025\/10\/Mega-Millions-draw-300x300.webp 300w, https:\/\/lottomat.com\/wp-content\/uploads\/2025\/10\/Mega-Millions-draw-150x150.webp 150w, https:\/\/lottomat.com\/wp-content\/uploads\/2025\/10\/Mega-Millions-draw-100x100.webp 100w\" sizes=\"auto, (max-width: 200px) 100vw, 200px\" \/>\u00c9 Poss\u00edvel Prever os Resultados da Mega Millions?<\/h2>\n<p>A quest\u00e3o de saber se os resultados da lotaria podem ser previstos \u00e9 uma que tem fascinado os jogadores ao longo de gera\u00e7\u00f5es. <strong>Os sorteios da Mega Millions s\u00e3o realizados com recurso a m\u00e9todos certificados de gera\u00e7\u00e3o aleat\u00f3ria de n\u00fameros, tornando a previs\u00e3o verdadeira matematicamente imposs\u00edvel<\/strong>. Cada bola tem igual probabilidade de ser selecionada em cada sorteio, independentemente de quando foi sorteada pela \u00faltima vez. Embora a an\u00e1lise estat\u00edstica de resultados passados possa revelar padr\u00f5es e frequ\u00eancias interessantes, esses padr\u00f5es n\u00e3o permitem prever resultados futuros de forma fi\u00e1vel. A natureza aleat\u00f3ria dos sorteios de lotaria significa que qualquer combina\u00e7\u00e3o de n\u00fameros tem a mesma probabilidade de ganhar que qualquer outra, seja uma sequ\u00eancia como 1-2-3-4-5 ou uma mistura aparentemente aleat\u00f3ria de n\u00fameros. <strong>A melhor abordagem \u00e9 <a href=\"https:\/\/lottomat.com\/pt-pt\/jogar\/mega-millions\/\">jogar Mega Millions online<\/a> com responsabilidade e lembrar que os jogos de lotaria s\u00e3o concebidos para ser jogos de sorte, e n\u00e3o de habilidade ou previs\u00e3o<\/strong>.<\/p>\n","protected":false},"excerpt":{"rendered":"<p>Os bilhetes da lotaria Mega Millions s\u00e3o comprados, os n\u00fameros vencedores da Mega Millions s\u00e3o selecionados, e voc\u00ea concentra-se apenas em planos e sonhos de felicidade que se tornar\u00e3o realidade se entrar no grupo dos milion\u00e1rios. N\u00e3o h\u00e1 nada de errado nisso, todos temos os nossos sonhos. \u00c9 prov\u00e1vel que os pensamentos de cada jogador [&hellip;]<\/p>\n","protected":false},"author":1,"featured_media":0,"parent":7445,"menu_order":2,"comment_status":"closed","ping_status":"closed","template":"megamillion-results.php","meta":{"_et_pb_use_builder":"","_et_pb_old_content":"","_et_gb_content_width":"","exclude_from_search":false,"footnotes":""},"class_list":["post-237846","page","type-page","status-publish","hentry"],"yoast_head":"<!-- This site is optimized with the Yoast SEO plugin v23.8 - https:\/\/yoast.com\/wordpress\/plugins\/seo\/ -->\n<title>Resultados e N\u00fameros Vencedores da Mega Millions - Lottomat<\/title>\n<meta name=\"description\" content=\"Consulte aqui os resultados mais recentes e os n\u00fameros vencedores da Mega Millions. Verifique quais os n\u00fameros sorteados no \u00faltimo sorteio da lotaria Mega Millions.\" \/>\n<meta name=\"robots\" content=\"index, follow, max-snippet:-1, max-image-preview:large, max-video-preview:-1\" \/>\n<link rel=\"canonical\" href=\"https:\/\/lottomat.com\/pt-pt\/resultados\/mega-millions\/\" \/>\n<meta property=\"og:locale\" content=\"pt_PT\" \/>\n<meta property=\"og:type\" content=\"article\" \/>\n<meta property=\"og:title\" content=\"Resultados e N\u00fameros Vencedores da Mega Millions - Lottomat\" \/>\n<meta property=\"og:description\" content=\"Consulte aqui os resultados mais recentes e os n\u00fameros vencedores da Mega Millions. Verifique quais os n\u00fameros sorteados no \u00faltimo sorteio da lotaria Mega Millions.\" \/>\n<meta property=\"og:url\" content=\"https:\/\/lottomat.com\/pt-pt\/resultados\/mega-millions\/\" \/>\n<meta property=\"og:site_name\" content=\"Lottomat\" \/>\n<meta property=\"article:modified_time\" content=\"2026-03-17T07:12:43+00:00\" \/>\n<meta property=\"og:image\" content=\"https:\/\/lottomat.com\/wp-content\/uploads\/2025\/10\/Mega-Millions-winning-numbers.webp\" \/>\n\t<meta property=\"og:image:width\" content=\"400\" \/>\n\t<meta property=\"og:image:height\" content=\"400\" \/>\n\t<meta property=\"og:image:type\" content=\"image\/webp\" \/>\n<meta name=\"twitter:card\" content=\"summary_large_image\" \/>\n<meta name=\"twitter:label1\" content=\"Tempo estimado de leitura\" \/>\n\t<meta name=\"twitter:data1\" content=\"6 minutos\" \/>\n<script type=\"application\/ld+json\" class=\"yoast-schema-graph\">{\"@context\":\"https:\/\/schema.org\",\"@graph\":[{\"@type\":\"WebPage\",\"@id\":\"https:\/\/lottomat.com\/pt-pt\/resultados\/mega-millions\/\",\"url\":\"https:\/\/lottomat.com\/pt-pt\/resultados\/mega-millions\/\",\"name\":\"Resultados e N\u00fameros Vencedores da Mega Millions - Lottomat\",\"isPartOf\":{\"@id\":\"https:\/\/lottomat.com\/pt-pt\/#website\"},\"primaryImageOfPage\":{\"@id\":\"https:\/\/lottomat.com\/pt-pt\/resultados\/mega-millions\/#primaryimage\"},\"image\":{\"@id\":\"https:\/\/lottomat.com\/pt-pt\/resultados\/mega-millions\/#primaryimage\"},\"thumbnailUrl\":\"https:\/\/lottomat.com\/wp-content\/uploads\/2025\/10\/Mega-Millions-winning-numbers.webp\",\"datePublished\":\"2025-04-07T19:24:29+00:00\",\"dateModified\":\"2026-03-17T07:12:43+00:00\",\"description\":\"Consulte aqui os resultados mais recentes e os n\u00fameros vencedores da Mega Millions. Verifique quais os n\u00fameros sorteados no \u00faltimo sorteio da lotaria Mega Millions.\",\"breadcrumb\":{\"@id\":\"https:\/\/lottomat.com\/pt-pt\/resultados\/mega-millions\/#breadcrumb\"},\"inLanguage\":\"pt-PT\",\"potentialAction\":[{\"@type\":\"ReadAction\",\"target\":[\"https:\/\/lottomat.com\/pt-pt\/resultados\/mega-millions\/\"]}]},{\"@type\":\"ImageObject\",\"inLanguage\":\"pt-PT\",\"@id\":\"https:\/\/lottomat.com\/pt-pt\/resultados\/mega-millions\/#primaryimage\",\"url\":\"https:\/\/lottomat.com\/wp-content\/uploads\/2025\/10\/Mega-Millions-winning-numbers.webp\",\"contentUrl\":\"https:\/\/lottomat.com\/wp-content\/uploads\/2025\/10\/Mega-Millions-winning-numbers.webp\"},{\"@type\":\"BreadcrumbList\",\"@id\":\"https:\/\/lottomat.com\/pt-pt\/resultados\/mega-millions\/#breadcrumb\",\"itemListElement\":[{\"@type\":\"ListItem\",\"position\":1,\"name\":\"Home\",\"item\":\"https:\/\/lottomat.com\/pt-pt\/\"},{\"@type\":\"ListItem\",\"position\":2,\"name\":\"Os \u00daltimos Resultados de Lotaria e N\u00fameros Vencedores\",\"item\":\"https:\/\/lottomat.com\/pt-pt\/resultados\/\"},{\"@type\":\"ListItem\",\"position\":3,\"name\":\"Resultados e N\u00fameros Vencedores da Mega Millions\"}]},{\"@type\":\"WebSite\",\"@id\":\"https:\/\/lottomat.com\/pt-pt\/#website\",\"url\":\"https:\/\/lottomat.com\/pt-pt\/\",\"name\":\"Lottomat\",\"description\":\"\",\"potentialAction\":[{\"@type\":\"SearchAction\",\"target\":{\"@type\":\"EntryPoint\",\"urlTemplate\":\"https:\/\/lottomat.com\/pt-pt\/?s={search_term_string}\"},\"query-input\":{\"@type\":\"PropertyValueSpecification\",\"valueRequired\":true,\"valueName\":\"search_term_string\"}}],\"inLanguage\":\"pt-PT\"}]}<\/script>\n<!-- \/ Yoast SEO plugin. -->","yoast_head_json":{"title":"Resultados e N\u00fameros Vencedores da Mega Millions - Lottomat","description":"Consulte aqui os resultados mais recentes e os n\u00fameros vencedores da Mega Millions. Verifique quais os n\u00fameros sorteados no \u00faltimo sorteio da lotaria Mega Millions.","robots":{"index":"index","follow":"follow","max-snippet":"max-snippet:-1","max-image-preview":"max-image-preview:large","max-video-preview":"max-video-preview:-1"},"canonical":"https:\/\/lottomat.com\/pt-pt\/resultados\/mega-millions\/","og_locale":"pt_PT","og_type":"article","og_title":"Resultados e N\u00fameros Vencedores da Mega Millions - Lottomat","og_description":"Consulte aqui os resultados mais recentes e os n\u00fameros vencedores da Mega Millions. Verifique quais os n\u00fameros sorteados no \u00faltimo sorteio da lotaria Mega Millions.","og_url":"https:\/\/lottomat.com\/pt-pt\/resultados\/mega-millions\/","og_site_name":"Lottomat","article_modified_time":"2026-03-17T07:12:43+00:00","og_image":[{"width":400,"height":400,"url":"https:\/\/lottomat.com\/wp-content\/uploads\/2025\/10\/Mega-Millions-winning-numbers.webp","type":"image\/webp"}],"twitter_card":"summary_large_image","twitter_misc":{"Tempo estimado de leitura":"6 minutos"},"schema":{"@context":"https:\/\/schema.org","@graph":[{"@type":"WebPage","@id":"https:\/\/lottomat.com\/pt-pt\/resultados\/mega-millions\/","url":"https:\/\/lottomat.com\/pt-pt\/resultados\/mega-millions\/","name":"Resultados e N\u00fameros Vencedores da Mega Millions - Lottomat","isPartOf":{"@id":"https:\/\/lottomat.com\/pt-pt\/#website"},"primaryImageOfPage":{"@id":"https:\/\/lottomat.com\/pt-pt\/resultados\/mega-millions\/#primaryimage"},"image":{"@id":"https:\/\/lottomat.com\/pt-pt\/resultados\/mega-millions\/#primaryimage"},"thumbnailUrl":"https:\/\/lottomat.com\/wp-content\/uploads\/2025\/10\/Mega-Millions-winning-numbers.webp","datePublished":"2025-04-07T19:24:29+00:00","dateModified":"2026-03-17T07:12:43+00:00","description":"Consulte aqui os resultados mais recentes e os n\u00fameros vencedores da Mega Millions. Verifique quais os n\u00fameros sorteados no \u00faltimo sorteio da lotaria Mega Millions.","breadcrumb":{"@id":"https:\/\/lottomat.com\/pt-pt\/resultados\/mega-millions\/#breadcrumb"},"inLanguage":"pt-PT","potentialAction":[{"@type":"ReadAction","target":["https:\/\/lottomat.com\/pt-pt\/resultados\/mega-millions\/"]}]},{"@type":"ImageObject","inLanguage":"pt-PT","@id":"https:\/\/lottomat.com\/pt-pt\/resultados\/mega-millions\/#primaryimage","url":"https:\/\/lottomat.com\/wp-content\/uploads\/2025\/10\/Mega-Millions-winning-numbers.webp","contentUrl":"https:\/\/lottomat.com\/wp-content\/uploads\/2025\/10\/Mega-Millions-winning-numbers.webp"},{"@type":"BreadcrumbList","@id":"https:\/\/lottomat.com\/pt-pt\/resultados\/mega-millions\/#breadcrumb","itemListElement":[{"@type":"ListItem","position":1,"name":"Home","item":"https:\/\/lottomat.com\/pt-pt\/"},{"@type":"ListItem","position":2,"name":"Os \u00daltimos Resultados de Lotaria e N\u00fameros Vencedores","item":"https:\/\/lottomat.com\/pt-pt\/resultados\/"},{"@type":"ListItem","position":3,"name":"Resultados e N\u00fameros Vencedores da Mega Millions"}]},{"@type":"WebSite","@id":"https:\/\/lottomat.com\/pt-pt\/#website","url":"https:\/\/lottomat.com\/pt-pt\/","name":"Lottomat","description":"","potentialAction":[{"@type":"SearchAction","target":{"@type":"EntryPoint","urlTemplate":"https:\/\/lottomat.com\/pt-pt\/?s={search_term_string}"},"query-input":{"@type":"PropertyValueSpecification","valueRequired":true,"valueName":"search_term_string"}}],"inLanguage":"pt-PT"}]}},"_links":{"self":[{"href":"https:\/\/lottomat.com\/pt-pt\/wp-json\/wp\/v2\/pages\/237846","targetHints":{"allow":["GET"]}}],"collection":[{"href":"https:\/\/lottomat.com\/pt-pt\/wp-json\/wp\/v2\/pages"}],"about":[{"href":"https:\/\/lottomat.com\/pt-pt\/wp-json\/wp\/v2\/types\/page"}],"author":[{"embeddable":true,"href":"https:\/\/lottomat.com\/pt-pt\/wp-json\/wp\/v2\/users\/1"}],"replies":[{"embeddable":true,"href":"https:\/\/lottomat.com\/pt-pt\/wp-json\/wp\/v2\/comments?post=237846"}],"version-history":[{"count":2,"href":"https:\/\/lottomat.com\/pt-pt\/wp-json\/wp\/v2\/pages\/237846\/revisions"}],"predecessor-version":[{"id":273857,"href":"https:\/\/lottomat.com\/pt-pt\/wp-json\/wp\/v2\/pages\/237846\/revisions\/273857"}],"up":[{"embeddable":true,"href":"https:\/\/lottomat.com\/pt-pt\/wp-json\/wp\/v2\/pages\/7445"}],"wp:attachment":[{"href":"https:\/\/lottomat.com\/pt-pt\/wp-json\/wp\/v2\/media?parent=237846"}],"curies":[{"name":"wp","href":"https:\/\/api.w.org\/{rel}","templated":true}]}}