{"id":237716,"date":"2025-04-07T19:23:03","date_gmt":"2025-04-07T19:23:03","guid":{"rendered":"https:\/\/lottomat.net\/resultados-da-lotaria\/resultados-do-powerball\/"},"modified":"2026-03-17T07:21:57","modified_gmt":"2026-03-17T07:21:57","slug":"powerball","status":"publish","type":"page","link":"https:\/\/lottomat.com\/pt-pt\/resultados\/powerball\/","title":{"rendered":"Resultados e N\u00fameros Vencedores do Powerball"},"content":{"rendered":"\n\n<div class=\"kk-star-ratings kksr-auto kksr-align-left kksr-valign-top\"\n    data-payload='{&quot;align&quot;:&quot;left&quot;,&quot;id&quot;:&quot;237716&quot;,&quot;slug&quot;:&quot;default&quot;,&quot;valign&quot;:&quot;top&quot;,&quot;ignore&quot;:&quot;&quot;,&quot;reference&quot;:&quot;auto&quot;,&quot;class&quot;:&quot;&quot;,&quot;count&quot;:&quot;0&quot;,&quot;legendonly&quot;:&quot;&quot;,&quot;readonly&quot;:&quot;&quot;,&quot;score&quot;:&quot;0&quot;,&quot;starsonly&quot;:&quot;&quot;,&quot;best&quot;:&quot;5&quot;,&quot;gap&quot;:&quot;5&quot;,&quot;greet&quot;:&quot;Rate this page&quot;,&quot;legend&quot;:&quot;0\\\/5 - (0 votes)&quot;,&quot;size&quot;:&quot;30&quot;,&quot;title&quot;:&quot;Resultados e N\u00fameros Vencedores do Powerball&quot;,&quot;width&quot;:&quot;0&quot;,&quot;_legend&quot;:&quot;{score}\\\/{best} - ({count} {votes})&quot;,&quot;font_factor&quot;:&quot;1.25&quot;}'>\n            \n<div class=\"kksr-stars\">\n    \n<div class=\"kksr-stars-inactive\">\n            <div class=\"kksr-star\" data-star=\"1\" style=\"padding-right: 5px\">\n            \n\n<div class=\"kksr-icon\" style=\"width: 30px; height: 30px;\"><\/div>\n        <\/div>\n            <div class=\"kksr-star\" data-star=\"2\" style=\"padding-right: 5px\">\n            \n\n<div class=\"kksr-icon\" style=\"width: 30px; height: 30px;\"><\/div>\n        <\/div>\n            <div class=\"kksr-star\" data-star=\"3\" style=\"padding-right: 5px\">\n            \n\n<div class=\"kksr-icon\" style=\"width: 30px; height: 30px;\"><\/div>\n        <\/div>\n            <div class=\"kksr-star\" data-star=\"4\" style=\"padding-right: 5px\">\n            \n\n<div class=\"kksr-icon\" style=\"width: 30px; height: 30px;\"><\/div>\n        <\/div>\n            <div class=\"kksr-star\" data-star=\"5\" style=\"padding-right: 5px\">\n            \n\n<div class=\"kksr-icon\" style=\"width: 30px; height: 30px;\"><\/div>\n        <\/div>\n    <\/div>\n    \n<div class=\"kksr-stars-active\" style=\"width: 0px;\">\n            <div class=\"kksr-star\" style=\"padding-right: 5px\">\n            \n\n<div class=\"kksr-icon\" style=\"width: 30px; height: 30px;\"><\/div>\n        <\/div>\n            <div class=\"kksr-star\" style=\"padding-right: 5px\">\n            \n\n<div class=\"kksr-icon\" style=\"width: 30px; height: 30px;\"><\/div>\n        <\/div>\n            <div class=\"kksr-star\" style=\"padding-right: 5px\">\n            \n\n<div class=\"kksr-icon\" style=\"width: 30px; height: 30px;\"><\/div>\n        <\/div>\n            <div class=\"kksr-star\" style=\"padding-right: 5px\">\n            \n\n<div class=\"kksr-icon\" style=\"width: 30px; height: 30px;\"><\/div>\n        <\/div>\n            <div class=\"kksr-star\" style=\"padding-right: 5px\">\n            \n\n<div class=\"kksr-icon\" style=\"width: 30px; height: 30px;\"><\/div>\n        <\/div>\n    <\/div>\n<\/div>\n                \n\n<div class=\"kksr-legend\" style=\"font-size: 24px;\">\n            <span class=\"kksr-muted\">Rate this page<\/span>\n    <\/div>\n    <\/div>\n<p>Ap\u00f3s a compra dos bilhetes, a sele\u00e7\u00e3o dos cinco n\u00fameros principais e de um n\u00famero b\u00f3nus Powerball nos mesmos, tudo o que resta fazer \u00e9 aguardar pacientemente pelos resultados do sorteio, que aparecer\u00e3o \u00e0 velocidade da luz no <a href=\"https:\/\/lottomat.com\/pt-pt\/\"><strong>site LottoMat<\/strong><\/a>. Toda a informa\u00e7\u00e3o que publicamos sobre os n\u00fameros sorteados prov\u00e9m diretamente do organizador do sorteio, para que possa ter a certeza de que os <strong>resultados do Powerball s\u00e3o 100% consistentes com o sorteio<\/strong>.<img loading=\"lazy\" decoding=\"async\" class=\"alignleft wp-image-252294\" src=\"https:\/\/lottomat.com\/wp-content\/uploads\/2025\/10\/jackpot-and-prizes-300x300.webp\" alt=\"jackpot e pr\u00e9mios\" width=\"200\" height=\"200\" srcset=\"https:\/\/lottomat.com\/wp-content\/uploads\/2025\/10\/jackpot-and-prizes-300x300.webp 300w, https:\/\/lottomat.com\/wp-content\/uploads\/2025\/10\/jackpot-and-prizes-150x150.webp 150w, https:\/\/lottomat.com\/wp-content\/uploads\/2025\/10\/jackpot-and-prizes-100x100.webp 100w, https:\/\/lottomat.com\/wp-content\/uploads\/2025\/10\/jackpot-and-prizes.webp 400w\" sizes=\"auto, (max-width: 200px) 100vw, 200px\" \/><\/p>\n<h2>Como Verificar os Resultados Atuais do Powerball?<\/h2>\n<p>No site LottoMat, encontrar\u00e1 sempre os <strong>resultados mais recentes da lotaria Powerball<\/strong>, quentinhos. Atualizamos os resultados do Powerball imediatamente ap\u00f3s o sorteio; estes prov\u00eam de fontes oficiais, nomeadamente do organizador da lotaria, e s\u00e3o <strong>cem por cento fi\u00e1veis<\/strong>. Ap\u00f3s aceder \u00e0 p\u00e1gina de resultados da lotaria Powerball, deve comparar os n\u00fameros do bilhete com os n\u00fameros da tabela de resultados. Se o seu bilhete tiver os seis n\u00fameros sorteados, ent\u00e3o parab\u00e9ns, <strong>acaba de se tornar milion\u00e1rio!<\/strong> Se n\u00e3o, n\u00e3o tem nada com que se preocupar, pois o Powerball tem nada menos do que <strong>nove n\u00edveis com pr\u00e9mios garantidos<\/strong>. Isto significa que n\u00e3o precisa de acertar num &#8220;seis&#8221; completo para ganhar um pr\u00e9mio monet\u00e1rio, mas tem de <a href=\"https:\/\/lottomat.com\/pt-pt\/jogar\/powerball\/\">comprar um bilhete Powerball online<\/a>!<\/p>\n<h2>Como Verificar os Resultados de Ontem do Power<img loading=\"lazy\" decoding=\"async\" class=\"wp-image-252354 alignright\" src=\"https:\/\/lottomat.com\/wp-content\/uploads\/2025\/10\/Powerball-Numbers-300x300.webp\" alt=\"N\u00fameros Powerball\" width=\"200\" height=\"200\" srcset=\"https:\/\/lottomat.com\/wp-content\/uploads\/2025\/10\/Powerball-Numbers-300x300.webp 300w, https:\/\/lottomat.com\/wp-content\/uploads\/2025\/10\/Powerball-Numbers-150x150.webp 150w, https:\/\/lottomat.com\/wp-content\/uploads\/2025\/10\/Powerball-Numbers-100x100.webp 100w, https:\/\/lottomat.com\/wp-content\/uploads\/2025\/10\/Powerball-Numbers.webp 400w\" sizes=\"auto, (max-width: 200px) 100vw, 200px\" \/>ball?<\/h2>\n<p>Quer esteja \u00e0 procura dos resultados de hoje, dos n\u00fameros de ontem ou dos sorteios da semana passada, pode encontrar <strong>todos os resultados do Powerball facilmente no LottoMat<\/strong>. A nossa abrangente base de dados de resultados permite-lhe aceder a qualquer informa\u00e7\u00e3o sobre sorteios de forma r\u00e1pida e eficiente. Basta navegar at\u00e9 \u00e0 sec\u00e7\u00e3o de resultados e selecionar a data espec\u00edfica que pretende consultar. Esta funcionalidade conveniente garante que <strong>nunca deixa de verificar os seus bilhetes<\/strong>, independentemente de quando o sorteio teve lugar.<\/p>\n<h2>Como Utilizar os Resultados Arquivados dos Sorteios do Powerball?<\/h2>\n<p>O site LottoMat tamb\u00e9m disponibiliza os <strong>resultados arquivados dos sorteios do Powerball<\/strong>. Se pretender consult\u00e1-los, basta utilizar o nosso calend\u00e1rio de resultados. Encontr\u00e1-lo-\u00e1 no lado direito dos n\u00fameros atualmente sorteados. Ap\u00f3s expandir a lista, pode consultar sorteios anteriores, com um hist\u00f3rico que remonta a <strong>doze meses<\/strong>.<\/p>\n<h3><img loading=\"lazy\" decoding=\"async\" class=\"alignleft wp-image-252324\" src=\"https:\/\/lottomat.com\/wp-content\/uploads\/2025\/10\/Powerball-Draw-300x300.webp\" alt=\"Sorteio Powerball\" width=\"200\" height=\"200\" srcset=\"https:\/\/lottomat.com\/wp-content\/uploads\/2025\/10\/Powerball-Draw-300x300.webp 300w, https:\/\/lottomat.com\/wp-content\/uploads\/2025\/10\/Powerball-Draw-150x150.webp 150w, https:\/\/lottomat.com\/wp-content\/uploads\/2025\/10\/Powerball-Draw-100x100.webp 100w, https:\/\/lottomat.com\/wp-content\/uploads\/2025\/10\/Powerball-Draw.webp 400w\" sizes=\"auto, (max-width: 200px) 100vw, 200px\" \/>Quais S\u00e3o as Vantagens de Utilizar os Resultados Arquivados do Powerball?<\/h3>\n<p>Para que servem os resultados arquivados dos sorteios do loto? Para v\u00e1rias coisas, na verdade. Em primeiro lugar, podem ajud\u00e1-lo a <strong>criar a sua pr\u00f3pria estrat\u00e9gia para escolher n\u00fameros<\/strong> ao preencher futuros bilhetes, para que os seus jogos seguintes possam ser muito bem-sucedidos. Pode tamb\u00e9m <a href=\"https:\/\/lottomat.com\/pt-pt\/resultados\/\">utilizar os resultados arquivados da lotaria<\/a> para verificar quais os n\u00fameros sorteados com maior frequ\u00eancia recentemente, quais n\u00e3o aparecem h\u00e1 semanas, e ficar\u00e1 a perceber a import\u00e2ncia de escolher n\u00fameros diversificados de diferentes intervalos. H\u00e1 muito que se sabe que n\u00e3o se deve limitar de forma alguma ao preencher os bilhetes. Todos os n\u00fameros do conjunto dispon\u00edvel s\u00e3o importantes, contudo muitos jogadores definem para si um conjunto fixo de n\u00fameros baseado em datas de anivers\u00e1rio, como o m\u00eas ou o dia de nascimento, o que realmente estreita o conjunto utilizado e reduz as hip\u00f3teses de ganhar na lotaria Powerball. Os resultados arquivados dos sorteios incluem tamb\u00e9m informa\u00e7\u00f5es sobre os jackpots em rollover mais recentes, o valor dos pr\u00e9mios e o n\u00famero de vencedores que acertaram no jackpot do Powerball.<\/p>\n<h2>Quais S\u00e3o os N\u00fameros Mais Sorteados no Powerball?<\/h2>\n<p>No site LottoMat, encontrar\u00e1 toda a informa\u00e7\u00e3o essencial relacionada com as lotarias. N\u00e3o s\u00e3o apenas os resultados, mas tamb\u00e9m uma lista de regras do Powerball e informa\u00e7\u00f5es interessantes, termos de utiliza\u00e7\u00e3o e uma enorme dose de dicas que facilitar\u00e3o a vit\u00f3ria nas lotarias. Prepar\u00e1mos para si um <strong>guia extenso e interessante<\/strong>, no qual especificamos quais os n\u00fameros mais e menos sorteados no Powerball. Isto ajud\u00e1-lo-\u00e1 a planear a escolha dos n\u00fameros em novos bilhetes, porque as estat\u00edsticas mostram claramente quais os n\u00fameros que tendem a ser sorteados com maior frequ\u00eancia. Tire partido delas e lembre-se de que o n\u00famero Powerball \u00e9 sorteado a partir de um intervalo separado de n\u00fameros, pelo que o mesmo n\u00famero pode ser sorteado tanto entre os n\u00fameros principais como no Powerball b\u00f3nus. J\u00e1 n\u00e3o precisa de procurar e anotar resultados antigos, pois tudo lhe \u00e9 servido em bandeja de prata. Os <strong>n\u00fameros mais sorteados na lotaria Powerball s\u00e3o: 8, 26, 22, 23 e 36<\/strong>. Crie a sua pr\u00f3pria estrat\u00e9gia escolhendo os n\u00fameros que mais lhe agradam, mas aproveite tamb\u00e9m os que sugerimos, pois <strong>as estat\u00edsticas nunca mentem<\/strong>.<\/p>\n<h2>Quais S\u00e3o os N\u00fameros Vencedores do Powerball Menos Sorteados?<img loading=\"lazy\" decoding=\"async\" class=\"alignright wp-image-252384\" src=\"https:\/\/lottomat.com\/wp-content\/uploads\/2025\/10\/Powerball-Results-300x300.webp\" alt=\"Resultados Powerball\" width=\"200\" height=\"200\" srcset=\"https:\/\/lottomat.com\/wp-content\/uploads\/2025\/10\/Powerball-Results-300x300.webp 300w, https:\/\/lottomat.com\/wp-content\/uploads\/2025\/10\/Powerball-Results-150x150.webp 150w, https:\/\/lottomat.com\/wp-content\/uploads\/2025\/10\/Powerball-Results-100x100.webp 100w, https:\/\/lottomat.com\/wp-content\/uploads\/2025\/10\/Powerball-Results.webp 400w\" sizes=\"auto, (max-width: 200px) 100vw, 200px\" \/><\/h2>\n<p>Compreender quais os n\u00fameros que aparecem com menor frequ\u00eancia nos sorteios do Powerball pode ser t\u00e3o valioso como conhecer os mais sorteados. A an\u00e1lise estat\u00edstica revela que certos n\u00fameros t\u00eam estado <strong>consistentemente sub-representados nos sorteios passados<\/strong>. Os n\u00fameros menos sorteados incluem o 15, 51, 37, 47, 12, 4 e 24. Alguns jogadores acreditam que estes n\u00fameros &#8220;frios&#8221; est\u00e3o prestes a reaparecer e incorporam-nos na sua estrat\u00e9gia de sele\u00e7\u00e3o de n\u00fameros. Embora os resultados passados n\u00e3o garantam resultados futuros, analisar estes padr\u00f5es pode ajud\u00e1-lo a tomar decis\u00f5es mais informadas ao escolher os seus n\u00fameros do Powerball para os pr\u00f3ximos sorteios.<\/p>\n<h2>Quantos Jogadores Ganharam e Quanto no \u00daltimo Sorteio do Powerball?<\/h2>\n<p>Cada sorteio do Powerball cria <strong>milhares de vencedores em todos os n\u00edveis de pr\u00e9mios<\/strong>, tornando-o uma das lotarias mais recompensadoras do mundo. A distribui\u00e7\u00e3o de pr\u00e9mios inclui tipicamente um vencedor do jackpot ou v\u00e1rios vencedores a partilhar o pr\u00e9mio principal, v\u00e1rios milion\u00e1rios que acertaram nos cinco n\u00fameros principais e centenas de milhares de vencedores de pr\u00e9mios menores. Os valores dos pr\u00e9mios variam consoante o n\u00famero de vencedores em cada categoria e as vendas totais de bilhetes para esse sorteio. Pode encontrar <strong>informa\u00e7\u00f5es detalhadas sobre o n\u00famero de vencedores e os valores dos pr\u00e9mios<\/strong> para cada n\u00edvel imediatamente ap\u00f3s cada sorteio no site LottoMat. Esta informa\u00e7\u00e3o ajuda-o a compreender as probabilidades e os potenciais retornos para as diferentes combina\u00e7\u00f5es vencedoras. Se quiser saber mais sobre os pr\u00e9mios do pr\u00f3ximo sorteio, <a href=\"https:\/\/lottomat.com\/pt-pt\/lotarias\/powerball\/\">leia sobre os pr\u00e9mios e o jackpot do Powerball<\/a>.<\/p>\n<h2><img loading=\"lazy\" decoding=\"async\" class=\"alignleft wp-image-252414\" src=\"https:\/\/lottomat.com\/wp-content\/uploads\/2025\/10\/Powerball-Winning-Numbers-300x300.webp\" alt=\"N\u00fameros Vencedores do Powerball\" width=\"200\" height=\"200\" srcset=\"https:\/\/lottomat.com\/wp-content\/uploads\/2025\/10\/Powerball-Winning-Numbers-300x300.webp 300w, https:\/\/lottomat.com\/wp-content\/uploads\/2025\/10\/Powerball-Winning-Numbers-150x150.webp 150w, https:\/\/lottomat.com\/wp-content\/uploads\/2025\/10\/Powerball-Winning-Numbers-100x100.webp 100w, https:\/\/lottomat.com\/wp-content\/uploads\/2025\/10\/Powerball-Winning-Numbers.webp 400w\" sizes=\"auto, (max-width: 200px) 100vw, 200px\" \/><\/h2>\n<h2>Como Prever os Resultados e os N\u00fameros Vencedores do Powerball?<\/h2>\n<p>Embora o Powerball seja um jogo de sorte e <strong>nenhum m\u00e9todo possa garantir n\u00fameros vencedores<\/strong>, muitos jogadores recorrem a diversas estrat\u00e9gias para melhorar o seu processo de sele\u00e7\u00e3o. Alguns analisam gr\u00e1ficos de frequ\u00eancia para identificar n\u00fameros quentes e frios, enquanto outros utilizam sistemas matem\u00e1ticos como a t\u00e9cnica de wheeling ou a an\u00e1lise delta de n\u00fameros. Os geradores de n\u00fameros aleat\u00f3rios podem ajudar a eliminar o vi\u00e9s humano na sele\u00e7\u00e3o de n\u00fameros. Lembre-se de que cada sorteio \u00e9 independente e cada combina\u00e7\u00e3o de n\u00fameros tem igual probabilidade de ser sorteada. A chave est\u00e1 em <strong>jogar de forma consistente com n\u00fameros nos quais se sente confiante<\/strong>, quer sejam baseados em an\u00e1lise estat\u00edstica, significado pessoal ou pura intui\u00e7\u00e3o. O mais importante \u00e9 jogar sempre com responsabilidade e dentro dos limites do seu or\u00e7amento. Agora j\u00e1 sabe se \u00e9 poss\u00edvel prever os resultados do Powerball. Uma coisa \u00e9 certa \u2013 para ganhar, \u00e9 preciso jogar. Por isso, <a href=\"https:\/\/lottomat.com\/pt-pt\/jogar\/\">compre um bilhete para qualquer lotaria<\/a> e aguarde os resultados que o v\u00e3o alegrar.<\/p>\n","protected":false},"excerpt":{"rendered":"<p>Ap\u00f3s a compra dos bilhetes, a sele\u00e7\u00e3o dos cinco n\u00fameros principais e de um n\u00famero b\u00f3nus Powerball nos mesmos, tudo o que resta fazer \u00e9 aguardar pacientemente pelos resultados do sorteio, que aparecer\u00e3o \u00e0 velocidade da luz no site LottoMat. Toda a informa\u00e7\u00e3o que publicamos sobre os n\u00fameros sorteados prov\u00e9m diretamente do organizador do sorteio, [&hellip;]<\/p>\n","protected":false},"author":1,"featured_media":0,"parent":7445,"menu_order":1,"comment_status":"closed","ping_status":"closed","template":"powerball-usa-results.php","meta":{"_et_pb_use_builder":"","_et_pb_old_content":"","_et_gb_content_width":"","exclude_from_search":false,"footnotes":""},"class_list":["post-237716","page","type-page","status-publish","hentry"],"yoast_head":"<!-- This site is optimized with the Yoast SEO plugin v23.8 - https:\/\/yoast.com\/wordpress\/plugins\/seo\/ -->\n<title>Resultados e N\u00fameros Vencedores do Powerball - Lottomat<\/title>\n<meta name=\"description\" content=\"Consulte os resultados mais recentes e os n\u00fameros vencedores do Powerball no LottoMat. Compare os seus n\u00fameros com os resultados oficiais do sorteio para saber se ganhou!\" \/>\n<meta name=\"robots\" content=\"index, follow, max-snippet:-1, max-image-preview:large, max-video-preview:-1\" \/>\n<link rel=\"canonical\" href=\"https:\/\/lottomat.com\/pt-pt\/resultados\/powerball\/\" \/>\n<meta property=\"og:locale\" content=\"pt_PT\" \/>\n<meta property=\"og:type\" content=\"article\" \/>\n<meta property=\"og:title\" content=\"Resultados e N\u00fameros Vencedores do Powerball - Lottomat\" \/>\n<meta property=\"og:description\" content=\"Consulte os resultados mais recentes e os n\u00fameros vencedores do Powerball no LottoMat. Compare os seus n\u00fameros com os resultados oficiais do sorteio para saber se ganhou!\" \/>\n<meta property=\"og:url\" content=\"https:\/\/lottomat.com\/pt-pt\/resultados\/powerball\/\" \/>\n<meta property=\"og:site_name\" content=\"Lottomat\" \/>\n<meta property=\"article:modified_time\" content=\"2026-03-17T07:21:57+00:00\" \/>\n<meta property=\"og:image\" content=\"https:\/\/lottomat.com\/wp-content\/uploads\/2025\/10\/jackpot-and-prizes.webp\" \/>\n\t<meta property=\"og:image:width\" content=\"400\" \/>\n\t<meta property=\"og:image:height\" content=\"400\" \/>\n\t<meta property=\"og:image:type\" content=\"image\/webp\" \/>\n<meta name=\"twitter:card\" content=\"summary_large_image\" \/>\n<meta name=\"twitter:label1\" content=\"Tempo estimado de leitura\" \/>\n\t<meta name=\"twitter:data1\" content=\"7 minutos\" \/>\n<script type=\"application\/ld+json\" class=\"yoast-schema-graph\">{\"@context\":\"https:\/\/schema.org\",\"@graph\":[{\"@type\":\"WebPage\",\"@id\":\"https:\/\/lottomat.com\/pt-pt\/resultados\/powerball\/\",\"url\":\"https:\/\/lottomat.com\/pt-pt\/resultados\/powerball\/\",\"name\":\"Resultados e N\u00fameros Vencedores do Powerball - Lottomat\",\"isPartOf\":{\"@id\":\"https:\/\/lottomat.com\/pt-pt\/#website\"},\"primaryImageOfPage\":{\"@id\":\"https:\/\/lottomat.com\/pt-pt\/resultados\/powerball\/#primaryimage\"},\"image\":{\"@id\":\"https:\/\/lottomat.com\/pt-pt\/resultados\/powerball\/#primaryimage\"},\"thumbnailUrl\":\"https:\/\/lottomat.com\/wp-content\/uploads\/2025\/10\/jackpot-and-prizes-300x300.webp\",\"datePublished\":\"2025-04-07T19:23:03+00:00\",\"dateModified\":\"2026-03-17T07:21:57+00:00\",\"description\":\"Consulte os resultados mais recentes e os n\u00fameros vencedores do Powerball no LottoMat. Compare os seus n\u00fameros com os resultados oficiais do sorteio para saber se ganhou!\",\"breadcrumb\":{\"@id\":\"https:\/\/lottomat.com\/pt-pt\/resultados\/powerball\/#breadcrumb\"},\"inLanguage\":\"pt-PT\",\"potentialAction\":[{\"@type\":\"ReadAction\",\"target\":[\"https:\/\/lottomat.com\/pt-pt\/resultados\/powerball\/\"]}]},{\"@type\":\"ImageObject\",\"inLanguage\":\"pt-PT\",\"@id\":\"https:\/\/lottomat.com\/pt-pt\/resultados\/powerball\/#primaryimage\",\"url\":\"https:\/\/lottomat.com\/wp-content\/uploads\/2025\/10\/jackpot-and-prizes-300x300.webp\",\"contentUrl\":\"https:\/\/lottomat.com\/wp-content\/uploads\/2025\/10\/jackpot-and-prizes-300x300.webp\"},{\"@type\":\"BreadcrumbList\",\"@id\":\"https:\/\/lottomat.com\/pt-pt\/resultados\/powerball\/#breadcrumb\",\"itemListElement\":[{\"@type\":\"ListItem\",\"position\":1,\"name\":\"Home\",\"item\":\"https:\/\/lottomat.com\/pt-pt\/\"},{\"@type\":\"ListItem\",\"position\":2,\"name\":\"Os \u00daltimos Resultados de Lotaria e N\u00fameros Vencedores\",\"item\":\"https:\/\/lottomat.com\/pt-pt\/resultados\/\"},{\"@type\":\"ListItem\",\"position\":3,\"name\":\"Resultados e N\u00fameros Vencedores do Powerball\"}]},{\"@type\":\"WebSite\",\"@id\":\"https:\/\/lottomat.com\/pt-pt\/#website\",\"url\":\"https:\/\/lottomat.com\/pt-pt\/\",\"name\":\"Lottomat\",\"description\":\"\",\"potentialAction\":[{\"@type\":\"SearchAction\",\"target\":{\"@type\":\"EntryPoint\",\"urlTemplate\":\"https:\/\/lottomat.com\/pt-pt\/?s={search_term_string}\"},\"query-input\":{\"@type\":\"PropertyValueSpecification\",\"valueRequired\":true,\"valueName\":\"search_term_string\"}}],\"inLanguage\":\"pt-PT\"}]}<\/script>\n<!-- \/ Yoast SEO plugin. -->","yoast_head_json":{"title":"Resultados e N\u00fameros Vencedores do Powerball - Lottomat","description":"Consulte os resultados mais recentes e os n\u00fameros vencedores do Powerball no LottoMat. Compare os seus n\u00fameros com os resultados oficiais do sorteio para saber se ganhou!","robots":{"index":"index","follow":"follow","max-snippet":"max-snippet:-1","max-image-preview":"max-image-preview:large","max-video-preview":"max-video-preview:-1"},"canonical":"https:\/\/lottomat.com\/pt-pt\/resultados\/powerball\/","og_locale":"pt_PT","og_type":"article","og_title":"Resultados e N\u00fameros Vencedores do Powerball - Lottomat","og_description":"Consulte os resultados mais recentes e os n\u00fameros vencedores do Powerball no LottoMat. Compare os seus n\u00fameros com os resultados oficiais do sorteio para saber se ganhou!","og_url":"https:\/\/lottomat.com\/pt-pt\/resultados\/powerball\/","og_site_name":"Lottomat","article_modified_time":"2026-03-17T07:21:57+00:00","og_image":[{"width":400,"height":400,"url":"https:\/\/lottomat.com\/wp-content\/uploads\/2025\/10\/jackpot-and-prizes.webp","type":"image\/webp"}],"twitter_card":"summary_large_image","twitter_misc":{"Tempo estimado de leitura":"7 minutos"},"schema":{"@context":"https:\/\/schema.org","@graph":[{"@type":"WebPage","@id":"https:\/\/lottomat.com\/pt-pt\/resultados\/powerball\/","url":"https:\/\/lottomat.com\/pt-pt\/resultados\/powerball\/","name":"Resultados e N\u00fameros Vencedores do Powerball - Lottomat","isPartOf":{"@id":"https:\/\/lottomat.com\/pt-pt\/#website"},"primaryImageOfPage":{"@id":"https:\/\/lottomat.com\/pt-pt\/resultados\/powerball\/#primaryimage"},"image":{"@id":"https:\/\/lottomat.com\/pt-pt\/resultados\/powerball\/#primaryimage"},"thumbnailUrl":"https:\/\/lottomat.com\/wp-content\/uploads\/2025\/10\/jackpot-and-prizes-300x300.webp","datePublished":"2025-04-07T19:23:03+00:00","dateModified":"2026-03-17T07:21:57+00:00","description":"Consulte os resultados mais recentes e os n\u00fameros vencedores do Powerball no LottoMat. Compare os seus n\u00fameros com os resultados oficiais do sorteio para saber se ganhou!","breadcrumb":{"@id":"https:\/\/lottomat.com\/pt-pt\/resultados\/powerball\/#breadcrumb"},"inLanguage":"pt-PT","potentialAction":[{"@type":"ReadAction","target":["https:\/\/lottomat.com\/pt-pt\/resultados\/powerball\/"]}]},{"@type":"ImageObject","inLanguage":"pt-PT","@id":"https:\/\/lottomat.com\/pt-pt\/resultados\/powerball\/#primaryimage","url":"https:\/\/lottomat.com\/wp-content\/uploads\/2025\/10\/jackpot-and-prizes-300x300.webp","contentUrl":"https:\/\/lottomat.com\/wp-content\/uploads\/2025\/10\/jackpot-and-prizes-300x300.webp"},{"@type":"BreadcrumbList","@id":"https:\/\/lottomat.com\/pt-pt\/resultados\/powerball\/#breadcrumb","itemListElement":[{"@type":"ListItem","position":1,"name":"Home","item":"https:\/\/lottomat.com\/pt-pt\/"},{"@type":"ListItem","position":2,"name":"Os \u00daltimos Resultados de Lotaria e N\u00fameros Vencedores","item":"https:\/\/lottomat.com\/pt-pt\/resultados\/"},{"@type":"ListItem","position":3,"name":"Resultados e N\u00fameros Vencedores do Powerball"}]},{"@type":"WebSite","@id":"https:\/\/lottomat.com\/pt-pt\/#website","url":"https:\/\/lottomat.com\/pt-pt\/","name":"Lottomat","description":"","potentialAction":[{"@type":"SearchAction","target":{"@type":"EntryPoint","urlTemplate":"https:\/\/lottomat.com\/pt-pt\/?s={search_term_string}"},"query-input":{"@type":"PropertyValueSpecification","valueRequired":true,"valueName":"search_term_string"}}],"inLanguage":"pt-PT"}]}},"_links":{"self":[{"href":"https:\/\/lottomat.com\/pt-pt\/wp-json\/wp\/v2\/pages\/237716","targetHints":{"allow":["GET"]}}],"collection":[{"href":"https:\/\/lottomat.com\/pt-pt\/wp-json\/wp\/v2\/pages"}],"about":[{"href":"https:\/\/lottomat.com\/pt-pt\/wp-json\/wp\/v2\/types\/page"}],"author":[{"embeddable":true,"href":"https:\/\/lottomat.com\/pt-pt\/wp-json\/wp\/v2\/users\/1"}],"replies":[{"embeddable":true,"href":"https:\/\/lottomat.com\/pt-pt\/wp-json\/wp\/v2\/comments?post=237716"}],"version-history":[{"count":2,"href":"https:\/\/lottomat.com\/pt-pt\/wp-json\/wp\/v2\/pages\/237716\/revisions"}],"predecessor-version":[{"id":273864,"href":"https:\/\/lottomat.com\/pt-pt\/wp-json\/wp\/v2\/pages\/237716\/revisions\/273864"}],"up":[{"embeddable":true,"href":"https:\/\/lottomat.com\/pt-pt\/wp-json\/wp\/v2\/pages\/7445"}],"wp:attachment":[{"href":"https:\/\/lottomat.com\/pt-pt\/wp-json\/wp\/v2\/media?parent=237716"}],"curies":[{"name":"wp","href":"https:\/\/api.w.org\/{rel}","templated":true}]}}