{"id":232635,"date":"2025-03-27T10:35:32","date_gmt":"2025-03-27T10:35:32","guid":{"rendered":"https:\/\/lottomat.net\/resultados-da-lotaria\/resultados-do-eurojackpot\/"},"modified":"2026-03-17T07:32:31","modified_gmt":"2026-03-17T07:32:31","slug":"eurojackpot","status":"publish","type":"page","link":"https:\/\/lottomat.com\/pt-pt\/resultados\/eurojackpot\/","title":{"rendered":"Resultados do Eurojackpot &#8211; N\u00fameros Vencedores do Eurojackpot"},"content":{"rendered":"\n\n<div class=\"kk-star-ratings kksr-auto kksr-align-left kksr-valign-top\"\n    data-payload='{&quot;align&quot;:&quot;left&quot;,&quot;id&quot;:&quot;232635&quot;,&quot;slug&quot;:&quot;default&quot;,&quot;valign&quot;:&quot;top&quot;,&quot;ignore&quot;:&quot;&quot;,&quot;reference&quot;:&quot;auto&quot;,&quot;class&quot;:&quot;&quot;,&quot;count&quot;:&quot;0&quot;,&quot;legendonly&quot;:&quot;&quot;,&quot;readonly&quot;:&quot;&quot;,&quot;score&quot;:&quot;0&quot;,&quot;starsonly&quot;:&quot;&quot;,&quot;best&quot;:&quot;5&quot;,&quot;gap&quot;:&quot;5&quot;,&quot;greet&quot;:&quot;Rate this page&quot;,&quot;legend&quot;:&quot;0\\\/5 - (0 votes)&quot;,&quot;size&quot;:&quot;30&quot;,&quot;title&quot;:&quot;Resultados do Eurojackpot - N\u00fameros Vencedores do Eurojackpot&quot;,&quot;width&quot;:&quot;0&quot;,&quot;_legend&quot;:&quot;{score}\\\/{best} - ({count} {votes})&quot;,&quot;font_factor&quot;:&quot;1.25&quot;}'>\n            \n<div class=\"kksr-stars\">\n    \n<div class=\"kksr-stars-inactive\">\n            <div class=\"kksr-star\" data-star=\"1\" style=\"padding-right: 5px\">\n            \n\n<div class=\"kksr-icon\" style=\"width: 30px; height: 30px;\"><\/div>\n        <\/div>\n            <div class=\"kksr-star\" data-star=\"2\" style=\"padding-right: 5px\">\n            \n\n<div class=\"kksr-icon\" style=\"width: 30px; height: 30px;\"><\/div>\n        <\/div>\n            <div class=\"kksr-star\" data-star=\"3\" style=\"padding-right: 5px\">\n            \n\n<div class=\"kksr-icon\" style=\"width: 30px; height: 30px;\"><\/div>\n        <\/div>\n            <div class=\"kksr-star\" data-star=\"4\" style=\"padding-right: 5px\">\n            \n\n<div class=\"kksr-icon\" style=\"width: 30px; height: 30px;\"><\/div>\n        <\/div>\n            <div class=\"kksr-star\" data-star=\"5\" style=\"padding-right: 5px\">\n            \n\n<div class=\"kksr-icon\" style=\"width: 30px; height: 30px;\"><\/div>\n        <\/div>\n    <\/div>\n    \n<div class=\"kksr-stars-active\" style=\"width: 0px;\">\n            <div class=\"kksr-star\" style=\"padding-right: 5px\">\n            \n\n<div class=\"kksr-icon\" style=\"width: 30px; height: 30px;\"><\/div>\n        <\/div>\n            <div class=\"kksr-star\" style=\"padding-right: 5px\">\n            \n\n<div class=\"kksr-icon\" style=\"width: 30px; height: 30px;\"><\/div>\n        <\/div>\n            <div class=\"kksr-star\" style=\"padding-right: 5px\">\n            \n\n<div class=\"kksr-icon\" style=\"width: 30px; height: 30px;\"><\/div>\n        <\/div>\n            <div class=\"kksr-star\" style=\"padding-right: 5px\">\n            \n\n<div class=\"kksr-icon\" style=\"width: 30px; height: 30px;\"><\/div>\n        <\/div>\n            <div class=\"kksr-star\" style=\"padding-right: 5px\">\n            \n\n<div class=\"kksr-icon\" style=\"width: 30px; height: 30px;\"><\/div>\n        <\/div>\n    <\/div>\n<\/div>\n                \n\n<div class=\"kksr-legend\" style=\"font-size: 24px;\">\n            <span class=\"kksr-muted\">Rate this page<\/span>\n    <\/div>\n    <\/div>\n<p>Comprou bilhetes Eurojackpot e quer saber se ganhou? At\u00e9 conhecer os n\u00fameros sorteados, tudo \u00e9 poss\u00edvel, e pode ver os <a href=\"https:\/\/lottomat.com\/pt-pt\/resultados\/\">resultados da lotaria neste site<\/a>. Publicamo-los a uma velocidade rel\u00e2mpago, imediatamente ap\u00f3s receber a confirma\u00e7\u00e3o do site do organizador do Eurojackpot, pelo que tem a garantia de que s\u00e3o fidedignos e 100% reais. Analise os resultados e os n\u00fameros vencedores do Eurojackpot agora mesmo!<\/p>\n<h2>Como Verificar os Resultados de Hoje do Eurojackpot?<img loading=\"lazy\" decoding=\"async\" class=\"alignright wp-image-257716\" src=\"https:\/\/lottomat.com\/wp-content\/uploads\/2025\/11\/Eurojackpot-online-1.webp\" alt=\"Eurojackpot online\" width=\"200\" height=\"200\" srcset=\"https:\/\/lottomat.com\/wp-content\/uploads\/2025\/11\/Eurojackpot-online-1.webp 400w, https:\/\/lottomat.com\/wp-content\/uploads\/2025\/11\/Eurojackpot-online-1-300x300.webp 300w, https:\/\/lottomat.com\/wp-content\/uploads\/2025\/11\/Eurojackpot-online-1-150x150.webp 150w, https:\/\/lottomat.com\/wp-content\/uploads\/2025\/11\/Eurojackpot-online-1-100x100.webp 100w\" sizes=\"auto, (max-width: 200px) 100vw, 200px\" \/><\/h2>\n<p>A forma mais f\u00e1cil de consultar os resultados mais recentes do Eurojackpot \u00e9 no nosso site. Disponibilizamos <strong>resultados de sorteios de lotaria 100% fi\u00e1veis<\/strong>, nos quais pode confiar plenamente. A nossa plataforma garante que todos os n\u00fameros vencedores do Eurojackpot s\u00e3o <strong>atualizados imediatamente ap\u00f3s cada sorteio oficial<\/strong>. Quer esteja a verificar combina\u00e7\u00f5es vencedoras, a distribui\u00e7\u00e3o de pr\u00e9mios ou os valores dos jackpots, encontrar\u00e1 aqui informa\u00e7\u00f5es precisas e atualizadas. Compreendemos a import\u00e2ncia de os jogadores de lotaria obterem resultados verificados rapidamente, raz\u00e3o pela qual priorizamos a <strong>rapidez e a precis\u00e3o<\/strong> na disponibiliza\u00e7\u00e3o dos resultados do Eurojackpot aos nossos utilizadores.<\/p>\n<h2>Como Verificar os Resultados de Ontem do Eurojackpot?<\/h2>\n<p>Pode tamb\u00e9m consultar os resultados de ontem do Eurojackpot no <a href=\"https:\/\/lottomat.com\/pt-pt\/\">nosso site Lottomat<\/a>, uma vez que apresentamos n\u00e3o apenas os resultados atuais, mas tamb\u00e9m <strong>dados hist\u00f3ricos de sorteios anteriores<\/strong>. A nossa abrangente base de dados inclui <strong>os resultados de hoje, os sorteios de ontem e os resultados de semanas, meses ou mesmo anos atr\u00e1s<\/strong>. Este extenso arquivo permite-lhe acompanhar padr\u00f5es, analisar tend\u00eancias e consultar qualquer sorteio que lhe interesse. Quer tenha perdido a verifica\u00e7\u00e3o dos seus bilhetes ontem ou pretenda confirmar n\u00fameros vencedores passados, a nossa plataforma oferece f\u00e1cil acesso a todos os resultados hist\u00f3ricos do Eurojackpot com <strong>total precis\u00e3o e fiabilidade<\/strong>.<\/p>\n<h2>Como Consultar os Resultados Arquivados do Eurojackpot?<\/h2>\n<p>Para ver os resultados arquivados do Eurojackpot, basta utilizar o calend\u00e1rio de resultados no site Lottomat. Este encontra-se por baixo da data do sorteio mais recente. Tudo o que tem de fazer \u00e9 selecionar a data que mais lhe interessa e consultar os resultados do jogo at\u00e9 ao momento.<\/p>\n<h2><img loading=\"lazy\" decoding=\"async\" class=\"alignleft wp-image-257746\" src=\"https:\/\/lottomat.com\/wp-content\/uploads\/2025\/11\/Eurojackpot-tickets-1.webp\" alt=\"bilhetes Eurojackpot\" width=\"200\" height=\"200\" srcset=\"https:\/\/lottomat.com\/wp-content\/uploads\/2025\/11\/Eurojackpot-tickets-1.webp 400w, https:\/\/lottomat.com\/wp-content\/uploads\/2025\/11\/Eurojackpot-tickets-1-300x300.webp 300w, https:\/\/lottomat.com\/wp-content\/uploads\/2025\/11\/Eurojackpot-tickets-1-150x150.webp 150w, https:\/\/lottomat.com\/wp-content\/uploads\/2025\/11\/Eurojackpot-tickets-1-100x100.webp 100w\" sizes=\"auto, (max-width: 200px) 100vw, 200px\" \/>Como Utilizar os Resultados Arquivados e os N\u00fameros Vencedores do Eurojackpot?<\/h2>\n<p>Os resultados mais recentes e arquivados do loto permitem-lhe verificar quais os n\u00fameros sorteados em sorteios anteriores, qual a frequ\u00eancia de rollover numa determinada lotaria, o n\u00famero de vencedores e os pr\u00e9mios recorde. Tudo isso serve para que construa uma estrat\u00e9gia de jogo no Eurojackpot e desenvolva o seu pr\u00f3prio m\u00e9todo de sele\u00e7\u00e3o de n\u00fameros. Por outro lado, se pretender selecionar os n\u00fameros mais rapidamente, mas ainda assim recorrer a estat\u00edsticas, pode utilizar as nossas sugest\u00f5es sobre os n\u00fameros mais e menos sorteados nas lotarias Eurojackpot. Todos os dados e informa\u00e7\u00f5es necess\u00e1rios est\u00e3o dispon\u00edveis no site Lottomat. Lembre-se de n\u00e3o se limitar nas escolhas. Por isso, \u00e9 aconselh\u00e1vel selecionar a partir de todo o conjunto de n\u00fameros dispon\u00edveis ao fazer uma aposta, pois isso aumenta as suas hip\u00f3teses de ganhar o pr\u00e9mio principal.<\/p>\n<h2>Quais S\u00e3o os N\u00fameros Sorteados com Maior Frequ\u00eancia no Eurojackpot?<\/h2>\n<p>Com base na an\u00e1lise estat\u00edstica dos sorteios do Eurojackpot desde o in\u00edcio da lotaria em 2012, os n\u00fameros principais sorteados com maior frequ\u00eancia incluem o <strong>14, 16, 18, 19, 25, 33 e 40<\/strong>. Estes n\u00fameros quentes apareceram mais vezes do que os restantes ao longo da hist\u00f3ria da lotaria. Quanto aos n\u00fameros b\u00f3nus Euro, os n\u00fameros <strong>5 e 8 foram os mais sorteados: 83 vezes cada<\/strong>. Muitos jogadores de lotaria utilizam estas estat\u00edsticas de n\u00fameros quentes para orientar a sua estrat\u00e9gia de sele\u00e7\u00e3o. Embora, em teoria, todos os n\u00fameros tenham igual probabilidade de ser sorteados, alguns jogadores preferem escolher entre estes n\u00fameros de apari\u00e7\u00e3o mais frequente ao fazer as suas sele\u00e7\u00f5es no Eurojackpot. Vale a pena notar que a <strong>frequ\u00eancia passada n\u00e3o garante resultados futuros<\/strong>, mas estas estat\u00edsticas podem fornecer perspetivas interessantes para os entusiastas da lotaria.<\/p>\n<h2>Quais S\u00e3o os N\u00fameros Sorteados com Menor Frequ\u00eancia no Eurojackpot?<\/h2>\n<p>No extremo oposto, certos n\u00fameros aparecem com menor frequ\u00eancia nos sorteios do Eurojackpot, merecendo a designa\u00e7\u00e3o de &#8220;n\u00fameros frios&#8221;. Os n\u00fameros do Eurojackpot sorteados com menor frequ\u00eancia s\u00e3o: <strong>48, 2, 36, 50 e um empate entre o 24, 27 e 31<\/strong>. Os n\u00fameros Euro menos sorteados s\u00e3o o <strong>9 e o 10<\/strong>. Alguns jogadores de lotaria acreditam que estes n\u00fameros frios est\u00e3o &#8220;prestes a aparecer&#8221; em breve, embora seja importante compreender que <strong>cada sorteio \u00e9 completamente aleat\u00f3rio e independente<\/strong>. Embora n\u00e3o seja assim que os sorteios de lotaria funcionam \u2013 cada sorteio \u00e9 inteiramente aleat\u00f3rio e n\u00e3o est\u00e1 ligado ao sorteio anterior \u2013, \u00e9 sempre curioso descobrir quais os n\u00fameros que apareceram com menor frequ\u00eancia. Quer escolha n\u00fameros quentes, frios, ou uma mistura de ambos, lembre-se de que os <strong>resultados da lotaria s\u00e3o, em \u00faltima an\u00e1lise, baseados no acaso<\/strong>.<\/p>\n<h2>Quantas Pessoas Ganharam no \u00daltimo Sorteio do Eurojackpot?<img loading=\"lazy\" decoding=\"async\" class=\"alignright wp-image-257777\" src=\"https:\/\/lottomat.com\/wp-content\/uploads\/2025\/11\/play-Eurojackpot-1.webp\" alt=\"jogar Eurojackpot\" width=\"200\" height=\"200\" srcset=\"https:\/\/lottomat.com\/wp-content\/uploads\/2025\/11\/play-Eurojackpot-1.webp 400w, https:\/\/lottomat.com\/wp-content\/uploads\/2025\/11\/play-Eurojackpot-1-300x300.webp 300w, https:\/\/lottomat.com\/wp-content\/uploads\/2025\/11\/play-Eurojackpot-1-150x150.webp 150w, https:\/\/lottomat.com\/wp-content\/uploads\/2025\/11\/play-Eurojackpot-1-100x100.webp 100w\" sizes=\"auto, (max-width: 200px) 100vw, 200px\" \/><\/h2>\n<p>No nosso site, encontrar\u00e1 uma tabela detalhada com informa\u00e7\u00f5es completas sobre os resultados do \u00faltimo sorteio do Eurojackpot, incluindo <strong>o n\u00famero de pessoas que ganhou pr\u00e9mios em cada n\u00edvel<\/strong> e <strong>o valor exato de cada pr\u00e9mio em euros<\/strong>. Esta distribui\u00e7\u00e3o mostra os vencedores em todas as <strong>doze categorias de pr\u00e9mios<\/strong>, desde o vencedor do jackpot at\u00e9 aos que acertaram na combina\u00e7\u00e3o m\u00ednima vencedora. Ao analisar esta informa\u00e7\u00e3o, pode constatar que <strong>os jogadores ganham realmente no Eurojackpot com regularidade<\/strong> em todos os n\u00edveis de pr\u00e9mios. A distribui\u00e7\u00e3o de pr\u00e9mios demonstra o apelo da lotaria, com <strong>m\u00faltiplas formas de ganhar e pr\u00e9mios substanciais<\/strong> mesmo nas categorias inferiores. Esta transpar\u00eancia ajuda os jogadores a compreender as suas hip\u00f3teses e a ver o impacto real dos sorteios do Eurojackpot nos vencedores dos pa\u00edses participantes. Est\u00e1 pronto para a melhor divers\u00e3o? <a href=\"https:\/\/lottomat.com\/pt-pt\/jogar\/eurojackpot\/\">Jogue Eurojackpot online<\/a> no Lottomat e ganhe a sorte grande.<\/p>\n<h2>O Que Acontece Quando Nenhum Jogador Ganha o Jackpot?<\/h2>\n<p>Quando nenhum jogador acerta nos cinco n\u00fameros principais mais os dois n\u00fameros Euro, o valor do jackpot <strong>transita para o sorteio seguinte<\/strong>, dando origem ao que se conhece como rollover ou acumula\u00e7\u00e3o. Este processo significa que o <strong>po\u00e7o de pr\u00e9mios cresce continuamente<\/strong> at\u00e9 algu\u00e9m ganhar o pr\u00e9mio principal, tornando os sorteios seguintes ainda mais emocionantes para os jogadores. O mecanismo de rollover permite que os jackpots atinjam valores consider\u00e1veis, com o <strong>limite m\u00e1ximo do jackpot fixado em 120 milh\u00f5es de euros<\/strong>. Quando este valor m\u00e1ximo \u00e9 atingido, os fundos adicionais que teriam sido acrescentados ao jackpot s\u00e3o, em vez disso, distribu\u00eddos pelos vencedores do n\u00edvel de pr\u00e9mio seguinte. Este sistema garante que pr\u00e9mios de enorme dimens\u00e3o se podem acumular ao longo do tempo, criando a possibilidade de ganhos que mudam vidas e atraem milh\u00f5es de jogadores em toda a Europa. Leia mais sobre os <a href=\"https:\/\/lottomat.com\/pt-pt\/lotarias\/eurojackpot\/\">pr\u00e9mios e o jackpot do Eurojackpot<\/a> no nosso site.<\/p>\n<h2><img loading=\"lazy\" decoding=\"async\" class=\"alignleft wp-image-257807\" src=\"https:\/\/lottomat.com\/wp-content\/uploads\/2025\/11\/tickets-online.webp\" alt=\"bilhetes online\" width=\"200\" height=\"200\" srcset=\"https:\/\/lottomat.com\/wp-content\/uploads\/2025\/11\/tickets-online.webp 400w, https:\/\/lottomat.com\/wp-content\/uploads\/2025\/11\/tickets-online-300x300.webp 300w, https:\/\/lottomat.com\/wp-content\/uploads\/2025\/11\/tickets-online-150x150.webp 150w, https:\/\/lottomat.com\/wp-content\/uploads\/2025\/11\/tickets-online-100x100.webp 100w\" sizes=\"auto, (max-width: 200px) 100vw, 200px\" \/>\u00c9 Poss\u00edvel Prever os Resultados dos Sorteios do Eurojackpot?<\/h2>\n<p><strong>N\u00e3o, os resultados dos sorteios do Eurojackpot n\u00e3o podem ser previstos<\/strong> com qualquer grau de certeza. A lotaria utiliza um <strong>sistema de sorteio completamente aleat\u00f3rio<\/strong>, no qual cada combina\u00e7\u00e3o de n\u00fameros tem exatamente a mesma probabilidade matem\u00e1tica de ser selecionada em cada sorteio. Embora a an\u00e1lise estat\u00edstica possa mostrar quais os n\u00fameros que foram sorteados com maior ou menor frequ\u00eancia no passado, estes dados hist\u00f3ricos <strong>n\u00e3o t\u00eam qualquer influ\u00eancia em sorteios futuros<\/strong>. Cada sorteio do Eurojackpot \u00e9 um <strong>evento independente<\/strong>, o que significa que os resultados anteriores n\u00e3o influenciam os sorteios seguintes. Qualquer sistema ou estrat\u00e9gia que afirme prever n\u00fameros de lotaria \u00e9 fundamentalmente falacioso, uma vez que a <strong>verdadeira aleatoriedade n\u00e3o pode ser prevista<\/strong> nem manipulada atrav\u00e9s de an\u00e1lises ou padr\u00f5es. Ent\u00e3o, o que est\u00e1 \u00e0 espera? Os bilhetes s\u00e3o acess\u00edveis e as hip\u00f3teses s\u00e3o elevadas, por isso prepare-se para escolher os seus n\u00fameros e ver o que acontece a seguir. <strong>Pode tamb\u00e9m <a href=\"https:\/\/lottomat.com\/pt-pt\/jogar\/\">consultar a lista completa das nossas lotarias online<\/a> com os maiores jackpots!<\/strong><\/p>\n","protected":false},"excerpt":{"rendered":"<p>Comprou bilhetes Eurojackpot e quer saber se ganhou? At\u00e9 conhecer os n\u00fameros sorteados, tudo \u00e9 poss\u00edvel, e pode ver os resultados da lotaria neste site. Publicamo-los a uma velocidade rel\u00e2mpago, imediatamente ap\u00f3s receber a confirma\u00e7\u00e3o do site do organizador do Eurojackpot, pelo que tem a garantia de que s\u00e3o fidedignos e 100% reais. Analise os [&hellip;]<\/p>\n","protected":false},"author":1,"featured_media":0,"parent":7445,"menu_order":4,"comment_status":"closed","ping_status":"closed","template":"eurojackpot-results.php","meta":{"_et_pb_use_builder":"","_et_pb_old_content":"","_et_gb_content_width":"","exclude_from_search":false,"footnotes":""},"class_list":["post-232635","page","type-page","status-publish","hentry"],"yoast_head":"<!-- This site is optimized with the Yoast SEO plugin v23.8 - https:\/\/yoast.com\/wordpress\/plugins\/seo\/ -->\n<title>Resultados do Eurojackpot - N\u00fameros Vencedores - LottoMat<\/title>\n<meta name=\"description\" content=\"Consulte os resultados mais recentes do Eurojackpot. Aqui pode comparar os seus n\u00fameros com os n\u00fameros vencedores oficiais do Eurojackpot.\" \/>\n<meta name=\"robots\" content=\"index, follow, max-snippet:-1, max-image-preview:large, max-video-preview:-1\" \/>\n<link rel=\"canonical\" href=\"https:\/\/lottomat.com\/pt-pt\/resultados\/eurojackpot\/\" \/>\n<meta property=\"og:locale\" content=\"pt_PT\" \/>\n<meta property=\"og:type\" content=\"article\" \/>\n<meta property=\"og:title\" content=\"Resultados do Eurojackpot - N\u00fameros Vencedores - LottoMat\" \/>\n<meta property=\"og:description\" content=\"Consulte os resultados mais recentes do Eurojackpot. Aqui pode comparar os seus n\u00fameros com os n\u00fameros vencedores oficiais do Eurojackpot.\" \/>\n<meta property=\"og:url\" content=\"https:\/\/lottomat.com\/pt-pt\/resultados\/eurojackpot\/\" \/>\n<meta property=\"og:site_name\" content=\"Lottomat\" \/>\n<meta property=\"article:modified_time\" content=\"2026-03-17T07:32:31+00:00\" \/>\n<meta property=\"og:image\" content=\"https:\/\/lottomat.com\/wp-content\/uploads\/2025\/11\/Eurojackpot-online-1.webp\" \/>\n\t<meta property=\"og:image:width\" content=\"400\" \/>\n\t<meta property=\"og:image:height\" content=\"400\" \/>\n\t<meta property=\"og:image:type\" content=\"image\/webp\" \/>\n<meta name=\"twitter:card\" content=\"summary_large_image\" \/>\n<meta name=\"twitter:label1\" content=\"Tempo estimado de leitura\" \/>\n\t<meta name=\"twitter:data1\" content=\"7 minutos\" \/>\n<script type=\"application\/ld+json\" class=\"yoast-schema-graph\">{\"@context\":\"https:\/\/schema.org\",\"@graph\":[{\"@type\":\"WebPage\",\"@id\":\"https:\/\/lottomat.com\/pt-pt\/resultados\/eurojackpot\/\",\"url\":\"https:\/\/lottomat.com\/pt-pt\/resultados\/eurojackpot\/\",\"name\":\"Resultados do Eurojackpot - N\u00fameros Vencedores - LottoMat\",\"isPartOf\":{\"@id\":\"https:\/\/lottomat.com\/pt-pt\/#website\"},\"primaryImageOfPage\":{\"@id\":\"https:\/\/lottomat.com\/pt-pt\/resultados\/eurojackpot\/#primaryimage\"},\"image\":{\"@id\":\"https:\/\/lottomat.com\/pt-pt\/resultados\/eurojackpot\/#primaryimage\"},\"thumbnailUrl\":\"https:\/\/lottomat.com\/wp-content\/uploads\/2025\/11\/Eurojackpot-online-1.webp\",\"datePublished\":\"2025-03-27T10:35:32+00:00\",\"dateModified\":\"2026-03-17T07:32:31+00:00\",\"description\":\"Consulte os resultados mais recentes do Eurojackpot. Aqui pode comparar os seus n\u00fameros com os n\u00fameros vencedores oficiais do Eurojackpot.\",\"breadcrumb\":{\"@id\":\"https:\/\/lottomat.com\/pt-pt\/resultados\/eurojackpot\/#breadcrumb\"},\"inLanguage\":\"pt-PT\",\"potentialAction\":[{\"@type\":\"ReadAction\",\"target\":[\"https:\/\/lottomat.com\/pt-pt\/resultados\/eurojackpot\/\"]}]},{\"@type\":\"ImageObject\",\"inLanguage\":\"pt-PT\",\"@id\":\"https:\/\/lottomat.com\/pt-pt\/resultados\/eurojackpot\/#primaryimage\",\"url\":\"https:\/\/lottomat.com\/wp-content\/uploads\/2025\/11\/Eurojackpot-online-1.webp\",\"contentUrl\":\"https:\/\/lottomat.com\/wp-content\/uploads\/2025\/11\/Eurojackpot-online-1.webp\"},{\"@type\":\"BreadcrumbList\",\"@id\":\"https:\/\/lottomat.com\/pt-pt\/resultados\/eurojackpot\/#breadcrumb\",\"itemListElement\":[{\"@type\":\"ListItem\",\"position\":1,\"name\":\"Home\",\"item\":\"https:\/\/lottomat.com\/pt-pt\/\"},{\"@type\":\"ListItem\",\"position\":2,\"name\":\"Os \u00daltimos Resultados de Lotaria e N\u00fameros Vencedores\",\"item\":\"https:\/\/lottomat.com\/pt-pt\/resultados\/\"},{\"@type\":\"ListItem\",\"position\":3,\"name\":\"Resultados do Eurojackpot &#8211; N\u00fameros Vencedores do Eurojackpot\"}]},{\"@type\":\"WebSite\",\"@id\":\"https:\/\/lottomat.com\/pt-pt\/#website\",\"url\":\"https:\/\/lottomat.com\/pt-pt\/\",\"name\":\"Lottomat\",\"description\":\"\",\"potentialAction\":[{\"@type\":\"SearchAction\",\"target\":{\"@type\":\"EntryPoint\",\"urlTemplate\":\"https:\/\/lottomat.com\/pt-pt\/?s={search_term_string}\"},\"query-input\":{\"@type\":\"PropertyValueSpecification\",\"valueRequired\":true,\"valueName\":\"search_term_string\"}}],\"inLanguage\":\"pt-PT\"}]}<\/script>\n<!-- \/ Yoast SEO plugin. -->","yoast_head_json":{"title":"Resultados do Eurojackpot - N\u00fameros Vencedores - LottoMat","description":"Consulte os resultados mais recentes do Eurojackpot. Aqui pode comparar os seus n\u00fameros com os n\u00fameros vencedores oficiais do Eurojackpot.","robots":{"index":"index","follow":"follow","max-snippet":"max-snippet:-1","max-image-preview":"max-image-preview:large","max-video-preview":"max-video-preview:-1"},"canonical":"https:\/\/lottomat.com\/pt-pt\/resultados\/eurojackpot\/","og_locale":"pt_PT","og_type":"article","og_title":"Resultados do Eurojackpot - N\u00fameros Vencedores - LottoMat","og_description":"Consulte os resultados mais recentes do Eurojackpot. Aqui pode comparar os seus n\u00fameros com os n\u00fameros vencedores oficiais do Eurojackpot.","og_url":"https:\/\/lottomat.com\/pt-pt\/resultados\/eurojackpot\/","og_site_name":"Lottomat","article_modified_time":"2026-03-17T07:32:31+00:00","og_image":[{"width":400,"height":400,"url":"https:\/\/lottomat.com\/wp-content\/uploads\/2025\/11\/Eurojackpot-online-1.webp","type":"image\/webp"}],"twitter_card":"summary_large_image","twitter_misc":{"Tempo estimado de leitura":"7 minutos"},"schema":{"@context":"https:\/\/schema.org","@graph":[{"@type":"WebPage","@id":"https:\/\/lottomat.com\/pt-pt\/resultados\/eurojackpot\/","url":"https:\/\/lottomat.com\/pt-pt\/resultados\/eurojackpot\/","name":"Resultados do Eurojackpot - N\u00fameros Vencedores - LottoMat","isPartOf":{"@id":"https:\/\/lottomat.com\/pt-pt\/#website"},"primaryImageOfPage":{"@id":"https:\/\/lottomat.com\/pt-pt\/resultados\/eurojackpot\/#primaryimage"},"image":{"@id":"https:\/\/lottomat.com\/pt-pt\/resultados\/eurojackpot\/#primaryimage"},"thumbnailUrl":"https:\/\/lottomat.com\/wp-content\/uploads\/2025\/11\/Eurojackpot-online-1.webp","datePublished":"2025-03-27T10:35:32+00:00","dateModified":"2026-03-17T07:32:31+00:00","description":"Consulte os resultados mais recentes do Eurojackpot. Aqui pode comparar os seus n\u00fameros com os n\u00fameros vencedores oficiais do Eurojackpot.","breadcrumb":{"@id":"https:\/\/lottomat.com\/pt-pt\/resultados\/eurojackpot\/#breadcrumb"},"inLanguage":"pt-PT","potentialAction":[{"@type":"ReadAction","target":["https:\/\/lottomat.com\/pt-pt\/resultados\/eurojackpot\/"]}]},{"@type":"ImageObject","inLanguage":"pt-PT","@id":"https:\/\/lottomat.com\/pt-pt\/resultados\/eurojackpot\/#primaryimage","url":"https:\/\/lottomat.com\/wp-content\/uploads\/2025\/11\/Eurojackpot-online-1.webp","contentUrl":"https:\/\/lottomat.com\/wp-content\/uploads\/2025\/11\/Eurojackpot-online-1.webp"},{"@type":"BreadcrumbList","@id":"https:\/\/lottomat.com\/pt-pt\/resultados\/eurojackpot\/#breadcrumb","itemListElement":[{"@type":"ListItem","position":1,"name":"Home","item":"https:\/\/lottomat.com\/pt-pt\/"},{"@type":"ListItem","position":2,"name":"Os \u00daltimos Resultados de Lotaria e N\u00fameros Vencedores","item":"https:\/\/lottomat.com\/pt-pt\/resultados\/"},{"@type":"ListItem","position":3,"name":"Resultados do Eurojackpot &#8211; N\u00fameros Vencedores do Eurojackpot"}]},{"@type":"WebSite","@id":"https:\/\/lottomat.com\/pt-pt\/#website","url":"https:\/\/lottomat.com\/pt-pt\/","name":"Lottomat","description":"","potentialAction":[{"@type":"SearchAction","target":{"@type":"EntryPoint","urlTemplate":"https:\/\/lottomat.com\/pt-pt\/?s={search_term_string}"},"query-input":{"@type":"PropertyValueSpecification","valueRequired":true,"valueName":"search_term_string"}}],"inLanguage":"pt-PT"}]}},"_links":{"self":[{"href":"https:\/\/lottomat.com\/pt-pt\/wp-json\/wp\/v2\/pages\/232635","targetHints":{"allow":["GET"]}}],"collection":[{"href":"https:\/\/lottomat.com\/pt-pt\/wp-json\/wp\/v2\/pages"}],"about":[{"href":"https:\/\/lottomat.com\/pt-pt\/wp-json\/wp\/v2\/types\/page"}],"author":[{"embeddable":true,"href":"https:\/\/lottomat.com\/pt-pt\/wp-json\/wp\/v2\/users\/1"}],"replies":[{"embeddable":true,"href":"https:\/\/lottomat.com\/pt-pt\/wp-json\/wp\/v2\/comments?post=232635"}],"version-history":[{"count":2,"href":"https:\/\/lottomat.com\/pt-pt\/wp-json\/wp\/v2\/pages\/232635\/revisions"}],"predecessor-version":[{"id":273871,"href":"https:\/\/lottomat.com\/pt-pt\/wp-json\/wp\/v2\/pages\/232635\/revisions\/273871"}],"up":[{"embeddable":true,"href":"https:\/\/lottomat.com\/pt-pt\/wp-json\/wp\/v2\/pages\/7445"}],"wp:attachment":[{"href":"https:\/\/lottomat.com\/pt-pt\/wp-json\/wp\/v2\/media?parent=232635"}],"curies":[{"name":"wp","href":"https:\/\/api.w.org\/{rel}","templated":true}]}}