{"id":10626,"date":"2025-03-26T10:16:37","date_gmt":"2025-03-26T10:16:37","guid":{"rendered":"https:\/\/lottomat.net\/informacoes-sobre-a-lotaria\/informacoes-sobre-o-powerball\/"},"modified":"2026-03-17T07:24:54","modified_gmt":"2026-03-17T07:24:54","slug":"powerball","status":"publish","type":"page","link":"https:\/\/lottomat.com\/pt-pt\/lotarias\/powerball\/","title":{"rendered":"Pr\u00e9mios, Regras e Jackpot do Powerball"},"content":{"rendered":"\n\n<div class=\"kk-star-ratings kksr-auto kksr-align-left kksr-valign-top\"\n    data-payload='{&quot;align&quot;:&quot;left&quot;,&quot;id&quot;:&quot;10626&quot;,&quot;slug&quot;:&quot;default&quot;,&quot;valign&quot;:&quot;top&quot;,&quot;ignore&quot;:&quot;&quot;,&quot;reference&quot;:&quot;auto&quot;,&quot;class&quot;:&quot;&quot;,&quot;count&quot;:&quot;0&quot;,&quot;legendonly&quot;:&quot;&quot;,&quot;readonly&quot;:&quot;&quot;,&quot;score&quot;:&quot;0&quot;,&quot;starsonly&quot;:&quot;&quot;,&quot;best&quot;:&quot;5&quot;,&quot;gap&quot;:&quot;5&quot;,&quot;greet&quot;:&quot;Rate this page&quot;,&quot;legend&quot;:&quot;0\\\/5 - (0 votes)&quot;,&quot;size&quot;:&quot;30&quot;,&quot;title&quot;:&quot;Pr\u00e9mios, Regras e Jackpot do Powerball&quot;,&quot;width&quot;:&quot;0&quot;,&quot;_legend&quot;:&quot;{score}\\\/{best} - ({count} {votes})&quot;,&quot;font_factor&quot;:&quot;1.25&quot;}'>\n            \n<div class=\"kksr-stars\">\n    \n<div class=\"kksr-stars-inactive\">\n            <div class=\"kksr-star\" data-star=\"1\" style=\"padding-right: 5px\">\n            \n\n<div class=\"kksr-icon\" style=\"width: 30px; height: 30px;\"><\/div>\n        <\/div>\n            <div class=\"kksr-star\" data-star=\"2\" style=\"padding-right: 5px\">\n            \n\n<div class=\"kksr-icon\" style=\"width: 30px; height: 30px;\"><\/div>\n        <\/div>\n            <div class=\"kksr-star\" data-star=\"3\" style=\"padding-right: 5px\">\n            \n\n<div class=\"kksr-icon\" style=\"width: 30px; height: 30px;\"><\/div>\n        <\/div>\n            <div class=\"kksr-star\" data-star=\"4\" style=\"padding-right: 5px\">\n            \n\n<div class=\"kksr-icon\" style=\"width: 30px; height: 30px;\"><\/div>\n        <\/div>\n            <div class=\"kksr-star\" data-star=\"5\" style=\"padding-right: 5px\">\n            \n\n<div class=\"kksr-icon\" style=\"width: 30px; height: 30px;\"><\/div>\n        <\/div>\n    <\/div>\n    \n<div class=\"kksr-stars-active\" style=\"width: 0px;\">\n            <div class=\"kksr-star\" style=\"padding-right: 5px\">\n            \n\n<div class=\"kksr-icon\" style=\"width: 30px; height: 30px;\"><\/div>\n        <\/div>\n            <div class=\"kksr-star\" style=\"padding-right: 5px\">\n            \n\n<div class=\"kksr-icon\" style=\"width: 30px; height: 30px;\"><\/div>\n        <\/div>\n            <div class=\"kksr-star\" style=\"padding-right: 5px\">\n            \n\n<div class=\"kksr-icon\" style=\"width: 30px; height: 30px;\"><\/div>\n        <\/div>\n            <div class=\"kksr-star\" style=\"padding-right: 5px\">\n            \n\n<div class=\"kksr-icon\" style=\"width: 30px; height: 30px;\"><\/div>\n        <\/div>\n            <div class=\"kksr-star\" style=\"padding-right: 5px\">\n            \n\n<div class=\"kksr-icon\" style=\"width: 30px; height: 30px;\"><\/div>\n        <\/div>\n    <\/div>\n<\/div>\n                \n\n<div class=\"kksr-legend\" style=\"font-size: 24px;\">\n            <span class=\"kksr-muted\">Rate this page<\/span>\n    <\/div>\n    <\/div>\n<p>Saiba mais sobre os pr\u00e9mios, o jackpot e as regras de jogo do Powerball. O Loto Powerball \u2013 um jogo de azar ou uma lotaria \u2013 \u00e9 uma das formas de entretenimento de apostas mais populares em todo o mundo. A maioria de n\u00f3s j\u00e1 participou pelo menos uma vez num sorteio de lotaria. As lotarias s\u00e3o jogos muito simples e emocionantes, com regras claras. N\u00e3o h\u00e1 absolutamente nada de complicado nelas, e qualquer pessoa pode aprender as regras de qualquer lotaria muito rapidamente. Se \u00e9 um entusiasta dos jogos de n\u00fameros e ainda procura uma lotaria nova e interessante para experimentar, continue a ler este artigo. Vamos contar-lhe o que \u00e9 o famoso loto Powerball, como funciona o jogo, as probabilidades e os riscos, e quanto se pode ganhar (pr\u00e9mios e jackpot do Powerball).<\/p>\n<h2><img loading=\"lazy\" decoding=\"async\" class=\"alignleft wp-image-252449\" src=\"https:\/\/lottomat.com\/wp-content\/uploads\/2025\/10\/Powerball-jackpot-300x300.webp\" alt=\"jackpot do Powerball\" width=\"200\" height=\"200\" srcset=\"https:\/\/lottomat.com\/wp-content\/uploads\/2025\/10\/Powerball-jackpot-300x300.webp 300w, https:\/\/lottomat.com\/wp-content\/uploads\/2025\/10\/Powerball-jackpot-150x150.webp 150w, https:\/\/lottomat.com\/wp-content\/uploads\/2025\/10\/Powerball-jackpot-100x100.webp 100w, https:\/\/lottomat.com\/wp-content\/uploads\/2025\/10\/Powerball-jackpot.webp 400w\" sizes=\"auto, (max-width: 200px) 100vw, 200px\" \/>O Que \u00c9 a Lotaria Powerball?<\/h2>\n<p>O Powerball \u00e9 uma lotaria americana que funciona desde <strong>1988<\/strong>. Era anteriormente conhecida como Lotto America, mas em <strong>1992<\/strong>, o nome foi alterado para o atual Powerball. O Powerball americano \u00e9 uma das <a href=\"https:\/\/lottomat.com\/pt-pt\/\">lotarias mais populares do mundo<\/a>; possui delega\u00e7\u00f5es nos EUA em nada menos do que <strong>45 estados<\/strong>, bem como no Distrito de Columbia, em Porto Rico e nas Ilhas Virgens. Vale a pena notar que esta lotaria foi pioneira no sorteio a partir de dois tambores, permitindo ganhos mais elevados. Os sorteios do loto Powerball realizam-se todas as <strong>segundas-feiras, quartas-feiras e s\u00e1bados \u00e0s 22:59 EST<\/strong>. O est\u00fadio da Florida Lottery \u00e9 geralmente o local onde o sorteio se realiza. Se n\u00e3o vive nem se encontra nos Estados Unidos e n\u00e3o tem forma de <a href=\"https:\/\/lottomat.com\/pt-pt\/jogar\/powerball\/\">comprar um bilhete do loto Powerball online<\/a>, basta utilizar o nosso <strong>site LottoMat<\/strong>. Aqui, pode jogar no loto Powerball pela Internet, ler artigos interessantes e <a href=\"https:\/\/lottomat.com\/pt-pt\/resultados\/powerball\/\">consultar os resultados mais recentes dos sorteios do Powerball<\/a>.<\/p>\n<h2>Quais S\u00e3o as Regras de Jogo da Lotaria Powerball?<\/h2>\n<p>Desde a cria\u00e7\u00e3o da lotaria, as regras mudaram v\u00e1rias vezes; normalmente eram modernizadas para permitir aos jogadores ganhar pr\u00e9mios monet\u00e1rios mais elevados no Powerball. Inicialmente, era necess\u00e1rio selecionar sete n\u00fameros de um conjunto de 40. Posteriormente, foi adicionada a sele\u00e7\u00e3o de um segundo n\u00famero b\u00f3nus a partir de um conjunto menor. O tamanho do conjunto foi alterado v\u00e1rias vezes at\u00e9 se chegar ao consenso de selecionar <strong>cinco n\u00fameros de 69 e um de 26<\/strong>, os chamados Powerballs. Estas regras mant\u00eam-se em vigor at\u00e9 hoje. Um n\u00famero do sorteio principal pode ser id\u00eantico ao segundo n\u00famero.<\/p>\n<h2>Quais S\u00e3o os Riscos e as Probabilidades de Ganhar Pr\u00e9mios do Powerball?<\/h2>\n<p>Em poucas palavras, s\u00e3o elevados. A probabilidade de um pr\u00e9mio de primeiro n\u00edvel \u00e9 de <strong>1:292 milh\u00f5es<\/strong>. As hip\u00f3teses de um pr\u00e9mio de segundo n\u00edvel s\u00e3o de apenas <strong>1:11,5 milh\u00f5es<\/strong>, o que representa uma diferen\u00e7a enorme, sendo que as probabilidades aumentam de forma consider\u00e1vel. A t\u00edtulo de compara\u00e7\u00e3o, as hip\u00f3teses de ganhar o pr\u00e9mio principal do Loto polaco s\u00e3o de 1:14 milh\u00f5es. No loto Powerball, <strong>1 em cada 25 bilhetes enviados ganha<\/strong>. Portanto, o risco n\u00e3o \u00e9 baixo, mas os pr\u00e9mios tamb\u00e9m n\u00e3o s\u00e3o; pelo contr\u00e1rio, s\u00e3o dos mais elevados do mundo. \u00c9 por isso que, apesar de uma probabilidade t\u00e3o baixa, o n\u00famero de pessoas interessadas no Powerball n\u00e3o diminui, mas continua a crescer ininterruptamente de ano para ano. A aposta m\u00ednima no Powerball \u00e9 de <strong>5 d\u00f3lares<\/strong>, o que \u00e9 muito atrativo para a maioria dos jogadores, especialmente tendo em conta os elevados pr\u00e9mios.<\/p>\n<h2><img loading=\"lazy\" decoding=\"async\" class=\"wp-image-252479 alignright\" src=\"https:\/\/lottomat.com\/wp-content\/uploads\/2025\/10\/Powerball-prizes-300x300.webp\" alt=\"pr\u00e9mios do Powerball\" width=\"200\" height=\"200\" srcset=\"https:\/\/lottomat.com\/wp-content\/uploads\/2025\/10\/Powerball-prizes-300x300.webp 300w, https:\/\/lottomat.com\/wp-content\/uploads\/2025\/10\/Powerball-prizes-150x150.webp 150w, https:\/\/lottomat.com\/wp-content\/uploads\/2025\/10\/Powerball-prizes-100x100.webp 100w, https:\/\/lottomat.com\/wp-content\/uploads\/2025\/10\/Powerball-prizes.webp 400w\" sizes=\"auto, (max-width: 200px) 100vw, 200px\" \/><\/h2>\n<h2>Quais S\u00e3o os Pr\u00e9mios do Powerball \u2013 Quanto Se Pode Ganhar?<\/h2>\n<p>Dizer que o Powerball oferece pr\u00e9mios muito elevados \u00e9 dizer pouco. Estamos a falar de quantias enormes; \u00e9 dif\u00edcil imaginar o que fazer com um pr\u00e9mio t\u00e3o colossal. Se ganhar, os seus filhos, netos, bisnetos e trinetos nunca mais precisar\u00e3o de trabalhar. O pr\u00e9mio garantido mais baixo no Powerball \u00e9 de <strong>20 milh\u00f5es de d\u00f3lares<\/strong>. Sem contar que os pr\u00e9mios m\u00e9dios rondam os 110 a 120 milh\u00f5es de d\u00f3lares. Os pr\u00e9mios de segundo n\u00edvel parecem menos impressionantes. S\u00e3o um &#8220;modesto&#8221; <strong>um milh\u00e3o de d\u00f3lares<\/strong>. No entanto, basta selecionar cinco n\u00fameros corretos para se tornar o feliz propriet\u00e1rio de tal quantia. Tudo muda, por\u00e9m, quando ocorre um rollover. A\u00ed \u00e9 outra conversa! Um jackpot em rollover no Powerball \u00e9 pura e simplesmente uma loucura.<\/p>\n<h2>Como S\u00e3o os Rollovers do Powerball?<\/h2>\n<p>O que distingue principalmente o Powerball de, por exemplo, a lotaria Loto polaca, s\u00e3o os enormes rollovers, que fazem o cora\u00e7\u00e3o acelerar, e os jackpots que lhes est\u00e3o associados s\u00e3o de fazer impress\u00e3o. Como n\u00e3o se deixar levar pelas emo\u00e7\u00f5es quando o Powerball <strong>n\u00e3o tem qualquer limite m\u00e1ximo de rollover<\/strong>? Isto significa que, se os jogadores tiverem azar e houver v\u00e1rias vezes em que ningu\u00e9m ganha o pr\u00e9mio principal, o po\u00e7o vai acumulando at\u00e9 que os n\u00fameros corretos sejam selecionados. Um jackpot em rollover \u00e9 geralmente dividido entre v\u00e1rios jogadores, o que significa que o pr\u00e9mio \u00e9 repartido proporcionalmente entre eles. Mas j\u00e1 aconteceu mais do que uma vez na hist\u00f3ria do Powerball que apenas uma pessoa acertou nos n\u00fameros sorteados e ganhou o jackpot inteiro s\u00f3 para si.<\/p>\n<h2>Qual Foi o Pr\u00e9mio Recorde na Lotaria Powerball?<img loading=\"lazy\" decoding=\"async\" class=\"wp-image-252509 alignleft\" src=\"https:\/\/lottomat.com\/wp-content\/uploads\/2025\/10\/Powerball-rules-300x300.webp\" alt=\"regras do Powerball\" width=\"200\" height=\"200\" srcset=\"https:\/\/lottomat.com\/wp-content\/uploads\/2025\/10\/Powerball-rules-300x300.webp 300w, https:\/\/lottomat.com\/wp-content\/uploads\/2025\/10\/Powerball-rules-150x150.webp 150w, https:\/\/lottomat.com\/wp-content\/uploads\/2025\/10\/Powerball-rules-100x100.webp 100w, https:\/\/lottomat.com\/wp-content\/uploads\/2025\/10\/Powerball-rules.webp 400w\" sizes=\"auto, (max-width: 200px) 100vw, 200px\" \/><\/h2>\n<p>O jackpot recorde na hist\u00f3ria do Powerball foi ganho a <strong>7 de novembro de 2022<\/strong>, atingindo a incr\u00edvel quantia de <strong>2,04 mil milh\u00f5es de d\u00f3lares<\/strong>, com um valor em dinheiro de <strong>997,6 milh\u00f5es de d\u00f3lares<\/strong>. Este continua a ser o maior jackpot de lotaria alguma vez ganho em todo o mundo. O bilhete vencedor foi vendido na Calif\u00f3rnia e foi reclamado por um \u00fanico vencedor. O segundo maior jackpot do Powerball foi de <strong>1,787 mil milh\u00f5es de d\u00f3lares<\/strong>, ganho em setembro de 2025 com bilhetes vendidos no Missouri e no Texas.<\/p>\n<h2>Quem Pode Jogar no Powerball e Ganhar Pr\u00e9mios?<\/h2>\n<p>Qualquer pessoa tem a oportunidade de jogar, desde que seja adulta. H\u00e1 n\u00e3o muito tempo, o Powerball estava dispon\u00edvel apenas para americanos ou para quem se encontrasse em territ\u00f3rio norte-americano e pudesse recorrer a uma delega\u00e7\u00e3o de lotaria. Agora, tudo \u00e9 diferente. E tudo isso gra\u00e7as \u00e0s lotarias online e ao nosso <a href=\"https:\/\/lottomat.com\/pt-pt\/\"><strong>site LottoMat<\/strong><\/a>. N\u00e3o importa se vive em \u00c1frica, na \u00c1sia ou na Europa. Ou se est\u00e1 sentado \u00e0 secret\u00e1ria, deitado na cama, a fazer jogging ou a relaxar no jardim. Pode jogar Powerball e ganhar o jackpot do Powerball em qualquer lugar. As lotarias online tornaram-se incrivelmente populares; a maioria dos jogadores recorre a este tipo de solu\u00e7\u00e3o por ser conveniente. Tudo o que precisa \u00e9 de <strong>acesso \u00e0 Internet<\/strong>. Isto proporciona uma enorme liberdade aos jogadores em todo o mundo.<\/p>\n<h2>Como Jogar Powerball pela Internet?<\/h2>\n<p>Tudo o que tem de fazer \u00e9 aceder ao <strong>site LottoMat<\/strong> e preencher um bilhete com os seus n\u00fameros favoritos. \u00c9 mesmo assim. Depois, aguarda pelo sorteio e consulta os resultados do Powerball. Estes tamb\u00e9m s\u00e3o f\u00e1ceis de encontrar no nosso site. Jogar Powerball pela Internet \u00e9 incrivelmente simples e proporciona uma enorme dose de emo\u00e7\u00e3o.<\/p>\n<h2>Quando Se Realizam os Sorteios do Loto Powerball?<\/h2>\n<p>Os sorteios do Powerball realizam-se <strong>tr\u00eas vezes por semana \u2013 \u00e0s segundas-feiras, quartas-feiras e s\u00e1bados<\/strong>. Procura emo\u00e7\u00f5es fortes e pr\u00e9mios fant\u00e1sticos? Jogue loto Powerball online \u2013 r\u00e1pido, conveniente e sem sair de casa. Boa sorte!<\/p>\n<h2>Tabela de Pr\u00e9mios e Probabilidades de Ganhar no Powerball<\/h2>\n","protected":false},"excerpt":{"rendered":"<p>Saiba mais sobre os pr\u00e9mios, o jackpot e as regras de jogo do Powerball. O Loto Powerball \u2013 um jogo de azar ou uma lotaria \u2013 \u00e9 uma das formas de entretenimento de apostas mais populares em todo o mundo. A maioria de n\u00f3s j\u00e1 participou pelo menos uma vez num sorteio de lotaria. As [&hellip;]<\/p>\n","protected":false},"author":1,"featured_media":0,"parent":6911,"menu_order":1,"comment_status":"closed","ping_status":"closed","template":"powerball-usa-info.php","meta":{"_et_pb_use_builder":"","_et_pb_old_content":"","_et_gb_content_width":"","exclude_from_search":false,"footnotes":""},"class_list":["post-10626","page","type-page","status-publish","hentry"],"yoast_head":"<!-- This site is optimized with the Yoast SEO plugin v23.8 - https:\/\/yoast.com\/wordpress\/plugins\/seo\/ -->\n<title>Pr\u00e9mios, Regras e Jackpot do Powerball - Lottomat<\/title>\n<meta name=\"description\" content=\"Consulte os pr\u00e9mios, o jackpot e as regras de jogo do Powerball. Saiba mais sobre as suas hip\u00f3teses de ganhar nesta lotaria americana.\" \/>\n<meta name=\"robots\" content=\"index, follow, max-snippet:-1, max-image-preview:large, max-video-preview:-1\" \/>\n<link rel=\"canonical\" href=\"https:\/\/lottomat.com\/pt-pt\/lotarias\/powerball\/\" \/>\n<meta property=\"og:locale\" content=\"pt_PT\" \/>\n<meta property=\"og:type\" content=\"article\" \/>\n<meta property=\"og:title\" content=\"Pr\u00e9mios, Regras e Jackpot do Powerball - Lottomat\" \/>\n<meta property=\"og:description\" content=\"Consulte os pr\u00e9mios, o jackpot e as regras de jogo do Powerball. Saiba mais sobre as suas hip\u00f3teses de ganhar nesta lotaria americana.\" \/>\n<meta property=\"og:url\" content=\"https:\/\/lottomat.com\/pt-pt\/lotarias\/powerball\/\" \/>\n<meta property=\"og:site_name\" content=\"Lottomat\" \/>\n<meta property=\"article:modified_time\" content=\"2026-03-17T07:24:54+00:00\" \/>\n<meta property=\"og:image\" content=\"https:\/\/lottomat.com\/wp-content\/uploads\/2025\/10\/Powerball-jackpot.webp\" \/>\n\t<meta property=\"og:image:width\" content=\"400\" \/>\n\t<meta property=\"og:image:height\" content=\"400\" \/>\n\t<meta property=\"og:image:type\" content=\"image\/webp\" \/>\n<meta name=\"twitter:card\" content=\"summary_large_image\" \/>\n<meta name=\"twitter:label1\" content=\"Tempo estimado de leitura\" \/>\n\t<meta name=\"twitter:data1\" content=\"6 minutos\" \/>\n<script type=\"application\/ld+json\" class=\"yoast-schema-graph\">{\"@context\":\"https:\/\/schema.org\",\"@graph\":[{\"@type\":\"WebPage\",\"@id\":\"https:\/\/lottomat.com\/pt-pt\/lotarias\/powerball\/\",\"url\":\"https:\/\/lottomat.com\/pt-pt\/lotarias\/powerball\/\",\"name\":\"Pr\u00e9mios, Regras e Jackpot do Powerball - Lottomat\",\"isPartOf\":{\"@id\":\"https:\/\/lottomat.com\/pt-pt\/#website\"},\"primaryImageOfPage\":{\"@id\":\"https:\/\/lottomat.com\/pt-pt\/lotarias\/powerball\/#primaryimage\"},\"image\":{\"@id\":\"https:\/\/lottomat.com\/pt-pt\/lotarias\/powerball\/#primaryimage\"},\"thumbnailUrl\":\"https:\/\/lottomat.com\/wp-content\/uploads\/2025\/10\/Powerball-jackpot-300x300.webp\",\"datePublished\":\"2025-03-26T10:16:37+00:00\",\"dateModified\":\"2026-03-17T07:24:54+00:00\",\"description\":\"Consulte os pr\u00e9mios, o jackpot e as regras de jogo do Powerball. Saiba mais sobre as suas hip\u00f3teses de ganhar nesta lotaria americana.\",\"breadcrumb\":{\"@id\":\"https:\/\/lottomat.com\/pt-pt\/lotarias\/powerball\/#breadcrumb\"},\"inLanguage\":\"pt-PT\",\"potentialAction\":[{\"@type\":\"ReadAction\",\"target\":[\"https:\/\/lottomat.com\/pt-pt\/lotarias\/powerball\/\"]}]},{\"@type\":\"ImageObject\",\"inLanguage\":\"pt-PT\",\"@id\":\"https:\/\/lottomat.com\/pt-pt\/lotarias\/powerball\/#primaryimage\",\"url\":\"https:\/\/lottomat.com\/wp-content\/uploads\/2025\/10\/Powerball-jackpot-300x300.webp\",\"contentUrl\":\"https:\/\/lottomat.com\/wp-content\/uploads\/2025\/10\/Powerball-jackpot-300x300.webp\"},{\"@type\":\"BreadcrumbList\",\"@id\":\"https:\/\/lottomat.com\/pt-pt\/lotarias\/powerball\/#breadcrumb\",\"itemListElement\":[{\"@type\":\"ListItem\",\"position\":1,\"name\":\"Home\",\"item\":\"https:\/\/lottomat.com\/pt-pt\/\"},{\"@type\":\"ListItem\",\"position\":2,\"name\":\"Regras da Lotaria: Pr\u00e9mios, Jackpot e Probabilidades\",\"item\":\"https:\/\/lottomat.com\/pt-pt\/lotarias\/\"},{\"@type\":\"ListItem\",\"position\":3,\"name\":\"Pr\u00e9mios, Regras e Jackpot do Powerball\"}]},{\"@type\":\"WebSite\",\"@id\":\"https:\/\/lottomat.com\/pt-pt\/#website\",\"url\":\"https:\/\/lottomat.com\/pt-pt\/\",\"name\":\"Lottomat\",\"description\":\"\",\"potentialAction\":[{\"@type\":\"SearchAction\",\"target\":{\"@type\":\"EntryPoint\",\"urlTemplate\":\"https:\/\/lottomat.com\/pt-pt\/?s={search_term_string}\"},\"query-input\":{\"@type\":\"PropertyValueSpecification\",\"valueRequired\":true,\"valueName\":\"search_term_string\"}}],\"inLanguage\":\"pt-PT\"}]}<\/script>\n<!-- \/ Yoast SEO plugin. -->","yoast_head_json":{"title":"Pr\u00e9mios, Regras e Jackpot do Powerball - Lottomat","description":"Consulte os pr\u00e9mios, o jackpot e as regras de jogo do Powerball. Saiba mais sobre as suas hip\u00f3teses de ganhar nesta lotaria americana.","robots":{"index":"index","follow":"follow","max-snippet":"max-snippet:-1","max-image-preview":"max-image-preview:large","max-video-preview":"max-video-preview:-1"},"canonical":"https:\/\/lottomat.com\/pt-pt\/lotarias\/powerball\/","og_locale":"pt_PT","og_type":"article","og_title":"Pr\u00e9mios, Regras e Jackpot do Powerball - Lottomat","og_description":"Consulte os pr\u00e9mios, o jackpot e as regras de jogo do Powerball. Saiba mais sobre as suas hip\u00f3teses de ganhar nesta lotaria americana.","og_url":"https:\/\/lottomat.com\/pt-pt\/lotarias\/powerball\/","og_site_name":"Lottomat","article_modified_time":"2026-03-17T07:24:54+00:00","og_image":[{"width":400,"height":400,"url":"https:\/\/lottomat.com\/wp-content\/uploads\/2025\/10\/Powerball-jackpot.webp","type":"image\/webp"}],"twitter_card":"summary_large_image","twitter_misc":{"Tempo estimado de leitura":"6 minutos"},"schema":{"@context":"https:\/\/schema.org","@graph":[{"@type":"WebPage","@id":"https:\/\/lottomat.com\/pt-pt\/lotarias\/powerball\/","url":"https:\/\/lottomat.com\/pt-pt\/lotarias\/powerball\/","name":"Pr\u00e9mios, Regras e Jackpot do Powerball - Lottomat","isPartOf":{"@id":"https:\/\/lottomat.com\/pt-pt\/#website"},"primaryImageOfPage":{"@id":"https:\/\/lottomat.com\/pt-pt\/lotarias\/powerball\/#primaryimage"},"image":{"@id":"https:\/\/lottomat.com\/pt-pt\/lotarias\/powerball\/#primaryimage"},"thumbnailUrl":"https:\/\/lottomat.com\/wp-content\/uploads\/2025\/10\/Powerball-jackpot-300x300.webp","datePublished":"2025-03-26T10:16:37+00:00","dateModified":"2026-03-17T07:24:54+00:00","description":"Consulte os pr\u00e9mios, o jackpot e as regras de jogo do Powerball. Saiba mais sobre as suas hip\u00f3teses de ganhar nesta lotaria americana.","breadcrumb":{"@id":"https:\/\/lottomat.com\/pt-pt\/lotarias\/powerball\/#breadcrumb"},"inLanguage":"pt-PT","potentialAction":[{"@type":"ReadAction","target":["https:\/\/lottomat.com\/pt-pt\/lotarias\/powerball\/"]}]},{"@type":"ImageObject","inLanguage":"pt-PT","@id":"https:\/\/lottomat.com\/pt-pt\/lotarias\/powerball\/#primaryimage","url":"https:\/\/lottomat.com\/wp-content\/uploads\/2025\/10\/Powerball-jackpot-300x300.webp","contentUrl":"https:\/\/lottomat.com\/wp-content\/uploads\/2025\/10\/Powerball-jackpot-300x300.webp"},{"@type":"BreadcrumbList","@id":"https:\/\/lottomat.com\/pt-pt\/lotarias\/powerball\/#breadcrumb","itemListElement":[{"@type":"ListItem","position":1,"name":"Home","item":"https:\/\/lottomat.com\/pt-pt\/"},{"@type":"ListItem","position":2,"name":"Regras da Lotaria: Pr\u00e9mios, Jackpot e Probabilidades","item":"https:\/\/lottomat.com\/pt-pt\/lotarias\/"},{"@type":"ListItem","position":3,"name":"Pr\u00e9mios, Regras e Jackpot do Powerball"}]},{"@type":"WebSite","@id":"https:\/\/lottomat.com\/pt-pt\/#website","url":"https:\/\/lottomat.com\/pt-pt\/","name":"Lottomat","description":"","potentialAction":[{"@type":"SearchAction","target":{"@type":"EntryPoint","urlTemplate":"https:\/\/lottomat.com\/pt-pt\/?s={search_term_string}"},"query-input":{"@type":"PropertyValueSpecification","valueRequired":true,"valueName":"search_term_string"}}],"inLanguage":"pt-PT"}]}},"_links":{"self":[{"href":"https:\/\/lottomat.com\/pt-pt\/wp-json\/wp\/v2\/pages\/10626","targetHints":{"allow":["GET"]}}],"collection":[{"href":"https:\/\/lottomat.com\/pt-pt\/wp-json\/wp\/v2\/pages"}],"about":[{"href":"https:\/\/lottomat.com\/pt-pt\/wp-json\/wp\/v2\/types\/page"}],"author":[{"embeddable":true,"href":"https:\/\/lottomat.com\/pt-pt\/wp-json\/wp\/v2\/users\/1"}],"replies":[{"embeddable":true,"href":"https:\/\/lottomat.com\/pt-pt\/wp-json\/wp\/v2\/comments?post=10626"}],"version-history":[{"count":2,"href":"https:\/\/lottomat.com\/pt-pt\/wp-json\/wp\/v2\/pages\/10626\/revisions"}],"predecessor-version":[{"id":273866,"href":"https:\/\/lottomat.com\/pt-pt\/wp-json\/wp\/v2\/pages\/10626\/revisions\/273866"}],"up":[{"embeddable":true,"href":"https:\/\/lottomat.com\/pt-pt\/wp-json\/wp\/v2\/pages\/6911"}],"wp:attachment":[{"href":"https:\/\/lottomat.com\/pt-pt\/wp-json\/wp\/v2\/media?parent=10626"}],"curies":[{"name":"wp","href":"https:\/\/api.w.org\/{rel}","templated":true}]}}