{"id":10563,"date":"2025-03-26T13:41:46","date_gmt":"2025-03-26T13:41:46","guid":{"rendered":"https:\/\/lottomat.net\/informacoes-sobre-a-lotaria\/informacoes-sobre-o-mega-millions\/"},"modified":"2026-03-17T07:15:52","modified_gmt":"2026-03-17T07:15:52","slug":"mega-millions","status":"publish","type":"page","link":"https:\/\/lottomat.com\/pt-pt\/lotarias\/mega-millions\/","title":{"rendered":"Pr\u00e9mios, Regras e Jackpot da Mega Millions"},"content":{"rendered":"\n\n<div class=\"kk-star-ratings kksr-auto kksr-align-left kksr-valign-top\"\n    data-payload='{&quot;align&quot;:&quot;left&quot;,&quot;id&quot;:&quot;10563&quot;,&quot;slug&quot;:&quot;default&quot;,&quot;valign&quot;:&quot;top&quot;,&quot;ignore&quot;:&quot;&quot;,&quot;reference&quot;:&quot;auto&quot;,&quot;class&quot;:&quot;&quot;,&quot;count&quot;:&quot;0&quot;,&quot;legendonly&quot;:&quot;&quot;,&quot;readonly&quot;:&quot;&quot;,&quot;score&quot;:&quot;0&quot;,&quot;starsonly&quot;:&quot;&quot;,&quot;best&quot;:&quot;5&quot;,&quot;gap&quot;:&quot;5&quot;,&quot;greet&quot;:&quot;Rate this page&quot;,&quot;legend&quot;:&quot;0\\\/5 - (0 votes)&quot;,&quot;size&quot;:&quot;30&quot;,&quot;title&quot;:&quot;Pr\u00e9mios, Regras e Jackpot da Mega Millions&quot;,&quot;width&quot;:&quot;0&quot;,&quot;_legend&quot;:&quot;{score}\\\/{best} - ({count} {votes})&quot;,&quot;font_factor&quot;:&quot;1.25&quot;}'>\n            \n<div class=\"kksr-stars\">\n    \n<div class=\"kksr-stars-inactive\">\n            <div class=\"kksr-star\" data-star=\"1\" style=\"padding-right: 5px\">\n            \n\n<div class=\"kksr-icon\" style=\"width: 30px; height: 30px;\"><\/div>\n        <\/div>\n            <div class=\"kksr-star\" data-star=\"2\" style=\"padding-right: 5px\">\n            \n\n<div class=\"kksr-icon\" style=\"width: 30px; height: 30px;\"><\/div>\n        <\/div>\n            <div class=\"kksr-star\" data-star=\"3\" style=\"padding-right: 5px\">\n            \n\n<div class=\"kksr-icon\" style=\"width: 30px; height: 30px;\"><\/div>\n        <\/div>\n            <div class=\"kksr-star\" data-star=\"4\" style=\"padding-right: 5px\">\n            \n\n<div class=\"kksr-icon\" style=\"width: 30px; height: 30px;\"><\/div>\n        <\/div>\n            <div class=\"kksr-star\" data-star=\"5\" style=\"padding-right: 5px\">\n            \n\n<div class=\"kksr-icon\" style=\"width: 30px; height: 30px;\"><\/div>\n        <\/div>\n    <\/div>\n    \n<div class=\"kksr-stars-active\" style=\"width: 0px;\">\n            <div class=\"kksr-star\" style=\"padding-right: 5px\">\n            \n\n<div class=\"kksr-icon\" style=\"width: 30px; height: 30px;\"><\/div>\n        <\/div>\n            <div class=\"kksr-star\" style=\"padding-right: 5px\">\n            \n\n<div class=\"kksr-icon\" style=\"width: 30px; height: 30px;\"><\/div>\n        <\/div>\n            <div class=\"kksr-star\" style=\"padding-right: 5px\">\n            \n\n<div class=\"kksr-icon\" style=\"width: 30px; height: 30px;\"><\/div>\n        <\/div>\n            <div class=\"kksr-star\" style=\"padding-right: 5px\">\n            \n\n<div class=\"kksr-icon\" style=\"width: 30px; height: 30px;\"><\/div>\n        <\/div>\n            <div class=\"kksr-star\" style=\"padding-right: 5px\">\n            \n\n<div class=\"kksr-icon\" style=\"width: 30px; height: 30px;\"><\/div>\n        <\/div>\n    <\/div>\n<\/div>\n                \n\n<div class=\"kksr-legend\" style=\"font-size: 24px;\">\n            <span class=\"kksr-muted\">Rate this page<\/span>\n    <\/div>\n    <\/div>\n<p><strong>Quer ganhar os pr\u00e9mios e jackpots da Mega Millions?<\/strong> Jogadores de todo o mundo ponderam continuamente como decifrar o sistema nos jogos de n\u00fameros, em que lotaria apostar, se jogar em combina\u00e7\u00f5es ou manter-se consistentemente num \u00fanico jogo. Infelizmente, n\u00e3o existe uma resposta \u00fanica e universal para essa quest\u00e3o. Cada jogador experiente de loto tem as suas teorias, convic\u00e7\u00f5es e h\u00e1bitos. O que se pode fazer \u00e9, antes de mais, aprender o m\u00e1ximo poss\u00edvel sobre as diversas lotarias online para tomar uma decis\u00e3o informada sobre o que jogar. Tudo o que precisa de saber sobre os melhores e mais populares jogos de azar online pode ser encontrado no site LottoMat. \u00c9 tamb\u00e9m a\u00ed que pode jogar a sua lotaria preferida ou <a href=\"https:\/\/lottomat.com\/pt-pt\/resultados\/\">consultar os resultados mais recentes dos sorteios<\/a>. No artigo abaixo, vamos focar-nos nos pr\u00e9mios, regras e informa\u00e7\u00f5es essenciais da Mega Millions.<\/p>\n<h2>O Que \u00c9 a Lotaria Mega Millions?<img loading=\"lazy\" decoding=\"async\" class=\"alignright wp-image-253136\" src=\"https:\/\/lottomat.com\/wp-content\/uploads\/2025\/10\/prizes-and-jackpot.webp\" alt=\"pr\u00e9mios e jackpot\" width=\"200\" height=\"200\" srcset=\"https:\/\/lottomat.com\/wp-content\/uploads\/2025\/10\/prizes-and-jackpot.webp 400w, https:\/\/lottomat.com\/wp-content\/uploads\/2025\/10\/prizes-and-jackpot-300x300.webp 300w, https:\/\/lottomat.com\/wp-content\/uploads\/2025\/10\/prizes-and-jackpot-150x150.webp 150w, https:\/\/lottomat.com\/wp-content\/uploads\/2025\/10\/prizes-and-jackpot-100x100.webp 100w\" sizes=\"auto, (max-width: 200px) 100vw, 200px\" \/><\/h2>\n<p>A Mega Millions online, a par do jogo Powerball, \u00e9 a lotaria americana de escolha de n\u00fameros mais popular. Conquistou a sua popularidade gra\u00e7as \u00e0s regras simples e f\u00e1ceis de jogar, aos pr\u00e9mios astron\u00f3micos e, sobretudo, \u00e0s suas incr\u00edveis possibilidades de ganhar. Emo\u00e7\u00f5es sem precedentes acompanham cada sorteio e, quando h\u00e1 jackpot na Mega Millions, n\u00e3o s\u00e3o apenas os jogadores que ficam em polvorosa, mas tamb\u00e9m aqueles que nem sequer participam no jogo. Os bilhetes desta lotaria s\u00e3o comprados por quase todos os americanos, mesmo aqueles que n\u00e3o t\u00eam especial interesse em jogos de azar. Os jackpots n\u00e3o entusiasmam apenas os americanos; o jogo \u00e9 tamb\u00e9m popular em todo o mundo. Gra\u00e7as \u00e0 possibilidade de <a href=\"https:\/\/lottomat.com\/pt-pt\/jogar\/mega-millions\/\">jogar Mega Millions online<\/a>, qualquer adulto pode participar nesta lotaria incr\u00edvel a partir de qualquer parte do mundo.<\/p>\n<h2>Qual \u00c9 a Hist\u00f3ria da Mega Millions?<\/h2>\n<p>Esta lotaria foi fundada em 1996 e chamava-se inicialmente The Big Game, nome que foi alterado seis anos mais tarde para o que \u00e9 hoje conhecida: Mega Millions. Inicialmente, estava dispon\u00edvel apenas em seis estados: Ge\u00f3rgia, Maryland, Illinois, Massachusetts, Virg\u00ednia e Michigan. Atualmente, a Mega Millions possui delega\u00e7\u00f5es em <strong>45 estados, no Distrito de Columbia e nas Ilhas Virgens dos Estados Unidos<\/strong>. O sorteio da lotaria Mega Millions realiza-se todas as <strong>quartas-feiras e s\u00e1bados \u00e0 noite \u00e0s 03:00 UTC<\/strong>, incluindo os feriados observados pela Georgia Lottery. Os sorteios dos pr\u00e9mios da Mega Millions e do jackpot principal t\u00eam lugar na Ge\u00f3rgia, mais concretamente em Atlanta.<\/p>\n<h2><img loading=\"lazy\" decoding=\"async\" class=\"alignleft wp-image-253166\" src=\"https:\/\/lottomat.com\/wp-content\/uploads\/2025\/10\/Mega-Millions-jackpot.webp\" alt=\"jackpot da Mega Millions\" width=\"200\" height=\"200\" srcset=\"https:\/\/lottomat.com\/wp-content\/uploads\/2025\/10\/Mega-Millions-jackpot.webp 400w, https:\/\/lottomat.com\/wp-content\/uploads\/2025\/10\/Mega-Millions-jackpot-300x300.webp 300w, https:\/\/lottomat.com\/wp-content\/uploads\/2025\/10\/Mega-Millions-jackpot-150x150.webp 150w, https:\/\/lottomat.com\/wp-content\/uploads\/2025\/10\/Mega-Millions-jackpot-100x100.webp 100w\" sizes=\"auto, (max-width: 200px) 100vw, 200px\" \/>Quais S\u00e3o as Regras da Mega Millions?<\/h2>\n<p>As atuais regras da Mega Millions s\u00e3o simples, semelhantes \u00e0s de outras lotarias. Para jogar, seleciona <strong>cinco n\u00fameros de um conjunto de 70 n\u00fameros<\/strong> e um n\u00famero adicional (chamado Mega Ball) de um <strong>conjunto de 24 bolas douradas<\/strong>. O n\u00famero adicional chama-se Mega Ball e \u00e9 sorteado a partir de um segundo conjunto de n\u00fameros, podendo coincidir com um n\u00famero principal sorteado.<\/p>\n<h3>Principais Altera\u00e7\u00f5es em 2025<\/h3>\n<ul class=\"list\">\n<li><strong>Pre\u00e7o do bilhete:<\/strong> Passa a custar 5 d\u00f3lares por jogada (aumento em rela\u00e7\u00e3o aos 2 d\u00f3lares anteriores)<\/li>\n<li><strong>Multiplicador inclu\u00eddo:<\/strong> Cada bilhete inclui automaticamente um multiplicador (2X, 3X, 4X, 5X ou 10X)<\/li>\n<li><strong>Jackpot inicial:<\/strong> Aumentado de 20 milh\u00f5es para 50 milh\u00f5es de d\u00f3lares<\/li>\n<li><strong>Melhores probabilidades:<\/strong> As probabilidades de ganhar o jackpot melhoraram de 1 em 302.575.350 para 1 em 290.472.336<\/li>\n<li><strong>Conjunto da Mega Ball:<\/strong> Reduzido de 25 para 24 n\u00fameros<\/li>\n<\/ul>\n<p><strong>Adivinhar corretamente todos os seis n\u00fameros<\/strong> garante-lhe o pr\u00e9mio principal. <strong>Os pr\u00e9mios de segundo n\u00edvel variam entre 2 e 10 milh\u00f5es de d\u00f3lares<\/strong> (consoante o multiplicador), e os jogadores podem ganhar ao adivinhar cinco n\u00fameros b\u00e1sicos do conjunto maior. <strong>Diferen\u00e7as colossais separam<\/strong> o primeiro e o segundo n\u00edveis de pr\u00e9mios da Mega Millions! Se se verificar que ningu\u00e9m adivinhou todos os n\u00fameros ap\u00f3s um sorteio, ocorre um rollover. O jackpot num rollover da Mega Millions pode atingir valores incrivelmente elevados. Por isso, \u00e9 particularmente vantajoso comprar bilhetes da lotaria Mega Millions online durante um rollover.<\/p>\n<h2>Quais S\u00e3o os Maiores Jackpots da Mega Millions na Hist\u00f3ria?<img loading=\"lazy\" decoding=\"async\" class=\"alignright wp-image-253196\" src=\"https:\/\/lottomat.com\/wp-content\/uploads\/2025\/10\/rules-of-playing.webp\" alt=\"regras de jogo\" width=\"200\" height=\"200\" srcset=\"https:\/\/lottomat.com\/wp-content\/uploads\/2025\/10\/rules-of-playing.webp 400w, https:\/\/lottomat.com\/wp-content\/uploads\/2025\/10\/rules-of-playing-300x300.webp 300w, https:\/\/lottomat.com\/wp-content\/uploads\/2025\/10\/rules-of-playing-150x150.webp 150w, https:\/\/lottomat.com\/wp-content\/uploads\/2025\/10\/rules-of-playing-100x100.webp 100w\" sizes=\"auto, (max-width: 200px) 100vw, 200px\" \/><\/h2>\n<p>Os cinco maiores jackpots alguma vez ganhos na Mega Millions s\u00e3o:<\/p>\n<ol class=\"list\">\n<li><strong>1,602 mil milh\u00f5es de d\u00f3lares<\/strong> (8 de agosto de 2023) \u2013 Ganho na Florida<\/li>\n<li><strong>1,537 mil milh\u00f5es de d\u00f3lares<\/strong> (23 de outubro de 2018) \u2013 Ganho na Carolina do Sul<\/li>\n<li><strong>1,35 mil milh\u00f5es de d\u00f3lares<\/strong> (13 de janeiro de 2023) \u2013 Ganho no Maine<\/li>\n<li><strong>1,337 mil milh\u00f5es de d\u00f3lares<\/strong> (29 de julho de 2022) \u2013 Ganho no Illinois<\/li>\n<li><strong>1,22 mil milh\u00f5es de d\u00f3lares<\/strong> (27 de dezembro de 2024) \u2013 Ganho na Calif\u00f3rnia<\/li>\n<\/ol>\n<p>Estes jackpots recordes demonstram o incr\u00edvel potencial dos rollovers da Mega Millions e mostram como o jogo produziu alguns dos maiores pr\u00e9mios de lotaria da hist\u00f3ria mundial.<\/p>\n<h2>Qual \u00c9 o Risco de Jogar na Mega Millions?<\/h2>\n<p>Costuma dizer-se que n\u00e3o h\u00e1 divers\u00e3o sem risco, e \u00e9 verdade. No caso da Mega Millions, este ditado adquire um significado especial. E o risco \u00e9, infelizmente, elevado. As probabilidades de ganhar o jackpot da Mega Millions e acertar em todos os seis n\u00fameros s\u00e3o de <strong>1 em 290.472.336<\/strong> (a partir de 2025). Uma probabilidade t\u00e3o reduzida pode desanimar muitos jogadores, mas a Mega Millions tem os seus entusiastas habituais. O risco \u00e9 indubitavelmente alto, mas assumi-lo pode ser bastante lucrativo. A Mega Millions \u00e9 um jogo para jogadores arrojados, que gostam de jogar com determina\u00e7\u00e3o e com vista a ganhar milh\u00f5es. Os jogadores que preferem jogar com cautela e assumir riscos baixos provavelmente n\u00e3o se interessar\u00e3o pela Mega Millions. Felizmente, no <a href=\"https:\/\/lottomat.com\/pt-pt\/\">site LottoMat<\/a>, todos podem encontrar a lotaria online que melhor se adequa ao seu perfil.<\/p>\n<h2><img loading=\"lazy\" decoding=\"async\" class=\"alignleft wp-image-253226\" src=\"https:\/\/lottomat.com\/wp-content\/uploads\/2025\/10\/Mega-Millions-rules.webp\" alt=\"regras da Mega Millions\" width=\"200\" height=\"200\" srcset=\"https:\/\/lottomat.com\/wp-content\/uploads\/2025\/10\/Mega-Millions-rules.webp 400w, https:\/\/lottomat.com\/wp-content\/uploads\/2025\/10\/Mega-Millions-rules-300x300.webp 300w, https:\/\/lottomat.com\/wp-content\/uploads\/2025\/10\/Mega-Millions-rules-150x150.webp 150w, https:\/\/lottomat.com\/wp-content\/uploads\/2025\/10\/Mega-Millions-rules-100x100.webp 100w\" sizes=\"auto, (max-width: 200px) 100vw, 200px\" \/>Quais S\u00e3o os Pr\u00e9mios da Mega Millions e Quanto Se Pode Ganhar?<\/h2>\n<p>O valor garantido do pr\u00e9mio de primeiro n\u00edvel \u00e9 agora de <strong>50 milh\u00f5es de d\u00f3lares<\/strong> como jackpot inicial, um aumento significativo face aos anteriores limites de 15 e depois 20 milh\u00f5es de d\u00f3lares. Esta altera\u00e7\u00e3o tornou o jogo ainda mais intenso e atrativo para os jogadores. A Mega Millions oferece nove n\u00edveis de pr\u00e9mios diferentes, desde acertar apenas na Mega Ball at\u00e9 ganhar o jackpot completo. O formato de 2025 inclui um <strong>multiplicador incorporado<\/strong> que pode aumentar os pr\u00e9mios fora do jackpot em 2, 3, 4, 5 ou 10 vezes o valor base. Isto significa que mesmo os pr\u00e9mios mais modestos podem tornar-se ganhos substanciais. O pr\u00e9mio de segundo n\u00edvel (acertar nos cinco n\u00fameros principais sem a Mega Ball) pode agora variar entre <strong>2 e 10 milh\u00f5es de d\u00f3lares<\/strong>, dependendo do multiplicador sorteado. Todos os outros n\u00edveis de pr\u00e9mios beneficiam igualmente desta multiplica\u00e7\u00e3o autom\u00e1tica, tornando cada bilhete potencialmente mais valioso do que antes.<\/p>\n<h2>Quem Pode Jogar na Mega Millions e Ganhar Pr\u00e9mios?<\/h2>\n<p>Se estiver nos Estados Unidos, pode comprar um bilhete numa delega\u00e7\u00e3o de lotaria presencial. Se estiver fora dos EUA, pode utilizar o site LottoMat, que oferece a compra de bilhetes. Em termos simples, a Mega Millions pode ser jogada por <strong>qualquer pessoa com acesso \u00e0 Internet que seja adulta<\/strong>, ou seja, com mais de dezoito anos. Atualmente, jogadores de todo o mundo t\u00eam o privil\u00e9gio de enviar um bilhete para qualquer lotaria com um simples clique, preencher tantos bilhetes quantos desejarem e faz\u00ea-lo a partir de qualquer lugar do mundo. Sem filas de espera, sem procurar uma delega\u00e7\u00e3o de lotaria, com tranquilidade, sem stress e sem escolhas precipitadas de n\u00fameros. No site LottoMat, tem a oportunidade n\u00e3o s\u00f3 de jogar na Mega Millions, mas tamb\u00e9m de aprender sobre os sorteios, como jogar para ganhar e <a href=\"https:\/\/lottomat.com\/pt-pt\/resultados\/mega-millions\/\">consultar os \u00faltimos resultados da Mega Millions<\/a>.<\/p>\n<h2>Quais S\u00e3o as Suas Probabilidades de Ganhar na Mega Millions?<img loading=\"lazy\" decoding=\"async\" class=\"alignright wp-image-253256\" src=\"https:\/\/lottomat.com\/wp-content\/uploads\/2025\/10\/Mega-Millions-prizes.webp\" alt=\"pr\u00e9mios da Mega Millions\" width=\"200\" height=\"200\" srcset=\"https:\/\/lottomat.com\/wp-content\/uploads\/2025\/10\/Mega-Millions-prizes.webp 400w, https:\/\/lottomat.com\/wp-content\/uploads\/2025\/10\/Mega-Millions-prizes-300x300.webp 300w, https:\/\/lottomat.com\/wp-content\/uploads\/2025\/10\/Mega-Millions-prizes-150x150.webp 150w, https:\/\/lottomat.com\/wp-content\/uploads\/2025\/10\/Mega-Millions-prizes-100x100.webp 100w\" sizes=\"auto, (max-width: 200px) 100vw, 200px\" \/><\/h2>\n<p>As probabilidades globais de ganhar qualquer pr\u00e9mio na Mega Millions s\u00e3o de <strong>1 em 23<\/strong> (melhoradas face a 1 em 24 em 2025). Embora as probabilidades de ganhar o jackpot sejam astron\u00f3micas, existem v\u00e1rios n\u00edveis de pr\u00e9mios que oferecem melhores hip\u00f3teses de ganhar valores menores. <strong>Lembre-se:<\/strong> Cada sorteio \u00e9 aleat\u00f3rio e cada combina\u00e7\u00e3o de n\u00fameros tem a mesma probabilidade de ser selecionada que qualquer outra. O multiplicador incorporado em 2025 garante que mesmo os pr\u00e9mios fora do jackpot podem ser substanciais, com a possibilidade de ganhar at\u00e9 <strong>10 vezes<\/strong> o valor base do pr\u00e9mio. Com jackpots a superar regularmente centenas de milh\u00f5es e a ultrapassar ocasionalmente a barreira do mil milh\u00e3o de d\u00f3lares, a Mega Millions continua a oferecer o sonho da riqueza imediata a jogadores em todo o pa\u00eds e pelo mundo fora.<\/p>\n<h2>Tabela de Pr\u00e9mios e Probabilidades da Mega Millions<\/h2>\n","protected":false},"excerpt":{"rendered":"<p>Quer ganhar os pr\u00e9mios e jackpots da Mega Millions? Jogadores de todo o mundo ponderam continuamente como decifrar o sistema nos jogos de n\u00fameros, em que lotaria apostar, se jogar em combina\u00e7\u00f5es ou manter-se consistentemente num \u00fanico jogo. Infelizmente, n\u00e3o existe uma resposta \u00fanica e universal para essa quest\u00e3o. Cada jogador experiente de loto tem [&hellip;]<\/p>\n","protected":false},"author":2,"featured_media":0,"parent":6911,"menu_order":2,"comment_status":"closed","ping_status":"closed","template":"megamillion-info.php","meta":{"_et_pb_use_builder":"","_et_pb_old_content":"","_et_gb_content_width":"","exclude_from_search":false,"footnotes":""},"class_list":["post-10563","page","type-page","status-publish","hentry"],"yoast_head":"<!-- This site is optimized with the Yoast SEO plugin v23.8 - https:\/\/yoast.com\/wordpress\/plugins\/seo\/ -->\n<title>Pr\u00e9mios, Regras e Jackpot da Mega Millions - Lottomat<\/title>\n<meta name=\"description\" content=\"Tem a oportunidade de ganhar os pr\u00e9mios e o jackpot da Mega Millions. A Mega Millions \u00e9 uma lotaria incr\u00edvel em que os jackpots crescem a um ritmo alucinante.\" \/>\n<meta name=\"robots\" content=\"index, follow, max-snippet:-1, max-image-preview:large, max-video-preview:-1\" \/>\n<link rel=\"canonical\" href=\"https:\/\/lottomat.com\/pt-pt\/lotarias\/mega-millions\/\" \/>\n<meta property=\"og:locale\" content=\"pt_PT\" \/>\n<meta property=\"og:type\" content=\"article\" \/>\n<meta property=\"og:title\" content=\"Pr\u00e9mios, Regras e Jackpot da Mega Millions - Lottomat\" \/>\n<meta property=\"og:description\" content=\"Tem a oportunidade de ganhar os pr\u00e9mios e o jackpot da Mega Millions. A Mega Millions \u00e9 uma lotaria incr\u00edvel em que os jackpots crescem a um ritmo alucinante.\" \/>\n<meta property=\"og:url\" content=\"https:\/\/lottomat.com\/pt-pt\/lotarias\/mega-millions\/\" \/>\n<meta property=\"og:site_name\" content=\"Lottomat\" \/>\n<meta property=\"article:modified_time\" content=\"2026-03-17T07:15:52+00:00\" \/>\n<meta property=\"og:image\" content=\"https:\/\/lottomat.com\/wp-content\/uploads\/2025\/10\/prizes-and-jackpot.webp\" \/>\n\t<meta property=\"og:image:width\" content=\"400\" \/>\n\t<meta property=\"og:image:height\" content=\"400\" \/>\n\t<meta property=\"og:image:type\" content=\"image\/webp\" \/>\n<meta name=\"twitter:card\" content=\"summary_large_image\" \/>\n<meta name=\"twitter:label1\" content=\"Tempo estimado de leitura\" \/>\n\t<meta name=\"twitter:data1\" content=\"7 minutos\" \/>\n<script type=\"application\/ld+json\" class=\"yoast-schema-graph\">{\"@context\":\"https:\/\/schema.org\",\"@graph\":[{\"@type\":\"WebPage\",\"@id\":\"https:\/\/lottomat.com\/pt-pt\/lotarias\/mega-millions\/\",\"url\":\"https:\/\/lottomat.com\/pt-pt\/lotarias\/mega-millions\/\",\"name\":\"Pr\u00e9mios, Regras e Jackpot da Mega Millions - Lottomat\",\"isPartOf\":{\"@id\":\"https:\/\/lottomat.com\/pt-pt\/#website\"},\"primaryImageOfPage\":{\"@id\":\"https:\/\/lottomat.com\/pt-pt\/lotarias\/mega-millions\/#primaryimage\"},\"image\":{\"@id\":\"https:\/\/lottomat.com\/pt-pt\/lotarias\/mega-millions\/#primaryimage\"},\"thumbnailUrl\":\"https:\/\/lottomat.com\/wp-content\/uploads\/2025\/10\/prizes-and-jackpot.webp\",\"datePublished\":\"2025-03-26T13:41:46+00:00\",\"dateModified\":\"2026-03-17T07:15:52+00:00\",\"description\":\"Tem a oportunidade de ganhar os pr\u00e9mios e o jackpot da Mega Millions. A Mega Millions \u00e9 uma lotaria incr\u00edvel em que os jackpots crescem a um ritmo alucinante.\",\"breadcrumb\":{\"@id\":\"https:\/\/lottomat.com\/pt-pt\/lotarias\/mega-millions\/#breadcrumb\"},\"inLanguage\":\"pt-PT\",\"potentialAction\":[{\"@type\":\"ReadAction\",\"target\":[\"https:\/\/lottomat.com\/pt-pt\/lotarias\/mega-millions\/\"]}]},{\"@type\":\"ImageObject\",\"inLanguage\":\"pt-PT\",\"@id\":\"https:\/\/lottomat.com\/pt-pt\/lotarias\/mega-millions\/#primaryimage\",\"url\":\"https:\/\/lottomat.com\/wp-content\/uploads\/2025\/10\/prizes-and-jackpot.webp\",\"contentUrl\":\"https:\/\/lottomat.com\/wp-content\/uploads\/2025\/10\/prizes-and-jackpot.webp\"},{\"@type\":\"BreadcrumbList\",\"@id\":\"https:\/\/lottomat.com\/pt-pt\/lotarias\/mega-millions\/#breadcrumb\",\"itemListElement\":[{\"@type\":\"ListItem\",\"position\":1,\"name\":\"Home\",\"item\":\"https:\/\/lottomat.com\/pt-pt\/\"},{\"@type\":\"ListItem\",\"position\":2,\"name\":\"Regras da Lotaria: Pr\u00e9mios, Jackpot e Probabilidades\",\"item\":\"https:\/\/lottomat.com\/pt-pt\/lotarias\/\"},{\"@type\":\"ListItem\",\"position\":3,\"name\":\"Pr\u00e9mios, Regras e Jackpot da Mega Millions\"}]},{\"@type\":\"WebSite\",\"@id\":\"https:\/\/lottomat.com\/pt-pt\/#website\",\"url\":\"https:\/\/lottomat.com\/pt-pt\/\",\"name\":\"Lottomat\",\"description\":\"\",\"potentialAction\":[{\"@type\":\"SearchAction\",\"target\":{\"@type\":\"EntryPoint\",\"urlTemplate\":\"https:\/\/lottomat.com\/pt-pt\/?s={search_term_string}\"},\"query-input\":{\"@type\":\"PropertyValueSpecification\",\"valueRequired\":true,\"valueName\":\"search_term_string\"}}],\"inLanguage\":\"pt-PT\"}]}<\/script>\n<!-- \/ Yoast SEO plugin. -->","yoast_head_json":{"title":"Pr\u00e9mios, Regras e Jackpot da Mega Millions - Lottomat","description":"Tem a oportunidade de ganhar os pr\u00e9mios e o jackpot da Mega Millions. A Mega Millions \u00e9 uma lotaria incr\u00edvel em que os jackpots crescem a um ritmo alucinante.","robots":{"index":"index","follow":"follow","max-snippet":"max-snippet:-1","max-image-preview":"max-image-preview:large","max-video-preview":"max-video-preview:-1"},"canonical":"https:\/\/lottomat.com\/pt-pt\/lotarias\/mega-millions\/","og_locale":"pt_PT","og_type":"article","og_title":"Pr\u00e9mios, Regras e Jackpot da Mega Millions - Lottomat","og_description":"Tem a oportunidade de ganhar os pr\u00e9mios e o jackpot da Mega Millions. A Mega Millions \u00e9 uma lotaria incr\u00edvel em que os jackpots crescem a um ritmo alucinante.","og_url":"https:\/\/lottomat.com\/pt-pt\/lotarias\/mega-millions\/","og_site_name":"Lottomat","article_modified_time":"2026-03-17T07:15:52+00:00","og_image":[{"width":400,"height":400,"url":"https:\/\/lottomat.com\/wp-content\/uploads\/2025\/10\/prizes-and-jackpot.webp","type":"image\/webp"}],"twitter_card":"summary_large_image","twitter_misc":{"Tempo estimado de leitura":"7 minutos"},"schema":{"@context":"https:\/\/schema.org","@graph":[{"@type":"WebPage","@id":"https:\/\/lottomat.com\/pt-pt\/lotarias\/mega-millions\/","url":"https:\/\/lottomat.com\/pt-pt\/lotarias\/mega-millions\/","name":"Pr\u00e9mios, Regras e Jackpot da Mega Millions - Lottomat","isPartOf":{"@id":"https:\/\/lottomat.com\/pt-pt\/#website"},"primaryImageOfPage":{"@id":"https:\/\/lottomat.com\/pt-pt\/lotarias\/mega-millions\/#primaryimage"},"image":{"@id":"https:\/\/lottomat.com\/pt-pt\/lotarias\/mega-millions\/#primaryimage"},"thumbnailUrl":"https:\/\/lottomat.com\/wp-content\/uploads\/2025\/10\/prizes-and-jackpot.webp","datePublished":"2025-03-26T13:41:46+00:00","dateModified":"2026-03-17T07:15:52+00:00","description":"Tem a oportunidade de ganhar os pr\u00e9mios e o jackpot da Mega Millions. A Mega Millions \u00e9 uma lotaria incr\u00edvel em que os jackpots crescem a um ritmo alucinante.","breadcrumb":{"@id":"https:\/\/lottomat.com\/pt-pt\/lotarias\/mega-millions\/#breadcrumb"},"inLanguage":"pt-PT","potentialAction":[{"@type":"ReadAction","target":["https:\/\/lottomat.com\/pt-pt\/lotarias\/mega-millions\/"]}]},{"@type":"ImageObject","inLanguage":"pt-PT","@id":"https:\/\/lottomat.com\/pt-pt\/lotarias\/mega-millions\/#primaryimage","url":"https:\/\/lottomat.com\/wp-content\/uploads\/2025\/10\/prizes-and-jackpot.webp","contentUrl":"https:\/\/lottomat.com\/wp-content\/uploads\/2025\/10\/prizes-and-jackpot.webp"},{"@type":"BreadcrumbList","@id":"https:\/\/lottomat.com\/pt-pt\/lotarias\/mega-millions\/#breadcrumb","itemListElement":[{"@type":"ListItem","position":1,"name":"Home","item":"https:\/\/lottomat.com\/pt-pt\/"},{"@type":"ListItem","position":2,"name":"Regras da Lotaria: Pr\u00e9mios, Jackpot e Probabilidades","item":"https:\/\/lottomat.com\/pt-pt\/lotarias\/"},{"@type":"ListItem","position":3,"name":"Pr\u00e9mios, Regras e Jackpot da Mega Millions"}]},{"@type":"WebSite","@id":"https:\/\/lottomat.com\/pt-pt\/#website","url":"https:\/\/lottomat.com\/pt-pt\/","name":"Lottomat","description":"","potentialAction":[{"@type":"SearchAction","target":{"@type":"EntryPoint","urlTemplate":"https:\/\/lottomat.com\/pt-pt\/?s={search_term_string}"},"query-input":{"@type":"PropertyValueSpecification","valueRequired":true,"valueName":"search_term_string"}}],"inLanguage":"pt-PT"}]}},"_links":{"self":[{"href":"https:\/\/lottomat.com\/pt-pt\/wp-json\/wp\/v2\/pages\/10563","targetHints":{"allow":["GET"]}}],"collection":[{"href":"https:\/\/lottomat.com\/pt-pt\/wp-json\/wp\/v2\/pages"}],"about":[{"href":"https:\/\/lottomat.com\/pt-pt\/wp-json\/wp\/v2\/types\/page"}],"author":[{"embeddable":true,"href":"https:\/\/lottomat.com\/pt-pt\/wp-json\/wp\/v2\/users\/2"}],"replies":[{"embeddable":true,"href":"https:\/\/lottomat.com\/pt-pt\/wp-json\/wp\/v2\/comments?post=10563"}],"version-history":[{"count":3,"href":"https:\/\/lottomat.com\/pt-pt\/wp-json\/wp\/v2\/pages\/10563\/revisions"}],"predecessor-version":[{"id":273859,"href":"https:\/\/lottomat.com\/pt-pt\/wp-json\/wp\/v2\/pages\/10563\/revisions\/273859"}],"up":[{"embeddable":true,"href":"https:\/\/lottomat.com\/pt-pt\/wp-json\/wp\/v2\/pages\/6911"}],"wp:attachment":[{"href":"https:\/\/lottomat.com\/pt-pt\/wp-json\/wp\/v2\/media?parent=10563"}],"curies":[{"name":"wp","href":"https:\/\/api.w.org\/{rel}","templated":true}]}}