{"id":9228,"date":"2025-03-26T08:35:10","date_gmt":"2025-03-26T08:35:10","guid":{"rendered":"https:\/\/lottomat.net\/zagraj-w-loterie\/zagraj-w-superenalotto-online\/"},"modified":"2025-11-08T13:32:33","modified_gmt":"2025-11-08T13:32:33","slug":"superenalotto","status":"publish","type":"page","link":"https:\/\/lottomat.com\/pl\/graj\/superenalotto\/","title":{"rendered":"SuperEnalotto Online &#8211; Kupony SuperEnalotto"},"content":{"rendered":"\n\n<div class=\"kk-star-ratings kksr-auto kksr-align-left kksr-valign-top\"\n    data-payload='{&quot;align&quot;:&quot;left&quot;,&quot;id&quot;:&quot;9228&quot;,&quot;slug&quot;:&quot;default&quot;,&quot;valign&quot;:&quot;top&quot;,&quot;ignore&quot;:&quot;&quot;,&quot;reference&quot;:&quot;auto&quot;,&quot;class&quot;:&quot;&quot;,&quot;count&quot;:&quot;0&quot;,&quot;legendonly&quot;:&quot;&quot;,&quot;readonly&quot;:&quot;&quot;,&quot;score&quot;:&quot;0&quot;,&quot;starsonly&quot;:&quot;&quot;,&quot;best&quot;:&quot;5&quot;,&quot;gap&quot;:&quot;5&quot;,&quot;greet&quot;:&quot;Rate this page&quot;,&quot;legend&quot;:&quot;0\\\/5 - (0 votes)&quot;,&quot;size&quot;:&quot;30&quot;,&quot;title&quot;:&quot;SuperEnalotto Online - Kupony SuperEnalotto&quot;,&quot;width&quot;:&quot;0&quot;,&quot;_legend&quot;:&quot;{score}\\\/{best} - ({count} {votes})&quot;,&quot;font_factor&quot;:&quot;1.25&quot;}'>\n            \n<div class=\"kksr-stars\">\n    \n<div class=\"kksr-stars-inactive\">\n            <div class=\"kksr-star\" data-star=\"1\" style=\"padding-right: 5px\">\n            \n\n<div class=\"kksr-icon\" style=\"width: 30px; height: 30px;\"><\/div>\n        <\/div>\n            <div class=\"kksr-star\" data-star=\"2\" style=\"padding-right: 5px\">\n            \n\n<div class=\"kksr-icon\" style=\"width: 30px; height: 30px;\"><\/div>\n        <\/div>\n            <div class=\"kksr-star\" data-star=\"3\" style=\"padding-right: 5px\">\n            \n\n<div class=\"kksr-icon\" style=\"width: 30px; height: 30px;\"><\/div>\n        <\/div>\n            <div class=\"kksr-star\" data-star=\"4\" style=\"padding-right: 5px\">\n            \n\n<div class=\"kksr-icon\" style=\"width: 30px; height: 30px;\"><\/div>\n        <\/div>\n            <div class=\"kksr-star\" data-star=\"5\" style=\"padding-right: 5px\">\n            \n\n<div class=\"kksr-icon\" style=\"width: 30px; height: 30px;\"><\/div>\n        <\/div>\n    <\/div>\n    \n<div class=\"kksr-stars-active\" style=\"width: 0px;\">\n            <div class=\"kksr-star\" style=\"padding-right: 5px\">\n            \n\n<div class=\"kksr-icon\" style=\"width: 30px; height: 30px;\"><\/div>\n        <\/div>\n            <div class=\"kksr-star\" style=\"padding-right: 5px\">\n            \n\n<div class=\"kksr-icon\" style=\"width: 30px; height: 30px;\"><\/div>\n        <\/div>\n            <div class=\"kksr-star\" style=\"padding-right: 5px\">\n            \n\n<div class=\"kksr-icon\" style=\"width: 30px; height: 30px;\"><\/div>\n        <\/div>\n            <div class=\"kksr-star\" style=\"padding-right: 5px\">\n            \n\n<div class=\"kksr-icon\" style=\"width: 30px; height: 30px;\"><\/div>\n        <\/div>\n            <div class=\"kksr-star\" style=\"padding-right: 5px\">\n            \n\n<div class=\"kksr-icon\" style=\"width: 30px; height: 30px;\"><\/div>\n        <\/div>\n    <\/div>\n<\/div>\n                \n\n<div class=\"kksr-legend\" style=\"font-size: 24px;\">\n            <span class=\"kksr-muted\">Rate this page<\/span>\n    <\/div>\n    <\/div>\n<h2><img loading=\"lazy\" decoding=\"async\" class=\"alignleft wp-image-252554\" src=\"https:\/\/lottomat.com\/wp-content\/uploads\/2025\/10\/Italian-lottery-online-300x300.webp\" alt=\"W\u0142oska loteria online\" width=\"200\" height=\"200\" srcset=\"https:\/\/lottomat.com\/wp-content\/uploads\/2025\/10\/Italian-lottery-online-300x300.webp 300w, https:\/\/lottomat.com\/wp-content\/uploads\/2025\/10\/Italian-lottery-online-150x150.webp 150w, https:\/\/lottomat.com\/wp-content\/uploads\/2025\/10\/Italian-lottery-online-100x100.webp 100w, https:\/\/lottomat.com\/wp-content\/uploads\/2025\/10\/Italian-lottery-online.webp 400w\" sizes=\"auto, (max-width: 200px) 100vw, 200px\" \/>Czym jest SuperEnalotto?<\/h2>\n<p><strong>SuperEnalotto to najpopularniejsza i najbardziej presti\u017cowa gra liczbowo-losowa we W\u0142oszech<\/strong>, znana z oferowania jednych z najwi\u0119kszych kumulacji w historii europejskich loterii. Ta legendarna w\u0142oska gra fascynuje graczy od 1997 roku swoim wyj\u0105tkowym formatem i ogromnym potencja\u0142em wygranych. <strong>Losowania SuperEnalotto odbywaj\u0105 si\u0119 trzy razy w tygodniu<\/strong> \u2013 we wtorki, czwartki i soboty \u2013 daj\u0105c graczom wiele okazji do zdobycia wygranych, kt\u00f3re mog\u0105 odmieni\u0107 \u017cycie. Tym, co wyr\u00f3\u017cnia t\u0119 w\u0142osk\u0105 loteri\u0119, jest brak limitu kumulacji \u2013 nagroda g\u0142\u00f3wna mo\u017ce rosn\u0105\u0107 bez ko\u0144ca, a\u017c kto\u015b j\u0105 zdob\u0119dzie, cz\u0119sto osi\u0105gaj\u0105c astronomiczne sumy przyci\u0105gaj\u0105ce uwag\u0119 ca\u0142ego \u015bwiata. Chcesz zagra\u0107 w SuperEnalotto online? Dowiedz si\u0119 wi\u0119cej!<\/p>\n<h2><img loading=\"lazy\" decoding=\"async\" class=\"alignright wp-image-252584\" src=\"https:\/\/lottomat.com\/wp-content\/uploads\/2025\/10\/play-SuperEnalotto-300x300.webp\" alt=\"zagraj w SuperEnalotto\" width=\"200\" height=\"200\" srcset=\"https:\/\/lottomat.com\/wp-content\/uploads\/2025\/10\/play-SuperEnalotto-300x300.webp 300w, https:\/\/lottomat.com\/wp-content\/uploads\/2025\/10\/play-SuperEnalotto-150x150.webp 150w, https:\/\/lottomat.com\/wp-content\/uploads\/2025\/10\/play-SuperEnalotto-100x100.webp 100w, https:\/\/lottomat.com\/wp-content\/uploads\/2025\/10\/play-SuperEnalotto.webp 400w\" sizes=\"auto, (max-width: 200px) 100vw, 200px\" \/>Jak gra\u0107 w SuperEnalotto online?<\/h2>\n<p><strong>Gra w SuperEnalotto online przez LottoMat jest niezwykle wygodna i dost\u0119pna z ka\u017cdego miejsca na \u015bwiecie, o dowolnej porze<\/strong>. Proces jest prosty i przyjazny dla u\u017cytkownika \u2013 wystarczy zarejestrowa\u0107 si\u0119 na <a href=\"https:\/\/lottomat.com\/pl\/\">stronie LottoMat<\/a>, wybra\u0107 swoje szcz\u0119\u015bliwe numery i zakupi\u0107 kupony online bez wychodzenia z domu. <strong>Mo\u017cesz wybra\u0107 liczby r\u0119cznie, kieruj\u0105c si\u0119 w\u0142asn\u0105 strategi\u0105, lub skorzysta\u0107 z opcji Quick Pick, aby losowo wylosowa\u0107 zestaw numer\u00f3w<\/strong>. Ta elastyczno\u015b\u0107 pozwala zar\u00f3wno graczom strategicznym, jak i tym, kt\u00f3rzy wol\u0105 zda\u0107 si\u0119 na szcz\u0119\u015bcie, cieszy\u0107 si\u0119 emocjami w\u0142oskiej loterii numer jeden. Gra online eliminuje bariery geograficzne, umo\u017cliwiaj\u0105c uczestnictwo w jednej z najbardziej ekscytuj\u0105cych loterii w Europie graczom z ca\u0142ego \u015bwiata.<\/p>\n<h2>Jak kupi\u0107 kupony SuperEnalotto online?<\/h2>\n<p><strong>Zakup kupon\u00f3w SuperEnalotto online wymaga skorzystania z preferowanej metody p\u0142atno\u015bci za po\u015brednictwem bezpiecznej platformy LottoMat<\/strong>. Wszystkie kupony s\u0105 dost\u0119pne na stronie LottoMat, dzi\u0119ki czemu nigdy nie przegapisz \u017cadnego losowania. <strong>Gwarantujemy autentyczno\u015b\u0107 Twojego udzia\u0142u poprzez skanowanie oryginalnych kupon\u00f3w kupionych przez naszych licencjonowanych agent\u00f3w bezpo\u015brednio we W\u0142oszech<\/strong>. Dzi\u0119ki temu <a href=\"https:\/\/lottomat.com\/pl\/graj\/\">Twoje kupony loteryjne online<\/a> s\u0105 poparte rzeczywistymi, fizycznymi kuponami nabytymi u autoryzowanych sprzedawc\u00f3w we W\u0142oszech. Cyfrowe kopie Twoich kupon\u00f3w s\u0105 bezpiecznie przechowywane na Twoim koncie, zapewniaj\u0105c pe\u0142n\u0105 przejrzysto\u015b\u0107 i bezpiecze\u0144stwo Twoich inwestycji w gr\u0119. System ten \u0142\u0105czy wygod\u0119 gry online z wiarygodno\u015bci\u0105 tradycyjnego zakupu kupon\u00f3w.<\/p>\n<h2><img loading=\"lazy\" decoding=\"async\" class=\"wp-image-252614 alignleft\" src=\"https:\/\/lottomat.com\/wp-content\/uploads\/2025\/10\/SuperEnalotto-online-300x300.webp\" alt=\"SuperEnalotto online\" width=\"200\" height=\"200\" srcset=\"https:\/\/lottomat.com\/wp-content\/uploads\/2025\/10\/SuperEnalotto-online-300x300.webp 300w, https:\/\/lottomat.com\/wp-content\/uploads\/2025\/10\/SuperEnalotto-online-150x150.webp 150w, https:\/\/lottomat.com\/wp-content\/uploads\/2025\/10\/SuperEnalotto-online-100x100.webp 100w, https:\/\/lottomat.com\/wp-content\/uploads\/2025\/10\/SuperEnalotto-online.webp 400w\" sizes=\"auto, (max-width: 200px) 100vw, 200px\" \/>Czy mo\u017cna kupi\u0107 kilka kupon\u00f3w SuperEnalotto?<\/h2>\n<p><strong>Tak, mo\u017cesz znacznie zwi\u0119kszy\u0107 swoje szanse na wygran\u0105, kupuj\u0105c kilka kupon\u00f3w SuperEnalotto w jednej transakcji<\/strong>. LottoMat oferuje wygodn\u0105 opcj\u0119 \u201ewi\u0119cej linii\u201d, kt\u00f3ra pozwala zakupi\u0107 do 20 kupon\u00f3w jednocze\u015bnie. Ta funkcja jest idealna dla graczy, kt\u00f3rzy chc\u0105 zmaksymalizowa\u0107 swoje szanse na wygran\u0105, lub dla grup (tzw. syndykat\u00f3w loteryjnych), kt\u00f3re \u0142\u0105cz\u0105 swoje \u015brodki. <strong>Kupowanie wielu kupon\u00f3w nie tylko zwi\u0119ksza prawdopodobie\u0144stwo wygranej, ale tak\u017ce u\u0142atwia zarz\u0105dzanie zg\u0142oszeniami<\/strong> w jednej prostej operacji.<\/p>\n<h2>Czy mo\u017cna kupi\u0107 kupony SuperEnalotto na kilka losowa\u0144?<\/h2>\n<p><strong>Oczywi\u015bcie! LottoMat umo\u017cliwia zakup kupon\u00f3w SuperEnalotto na maksymalnie 8 kolejnych losowa\u0144<\/strong>, co pozwala Ci nigdy nie przegapi\u0107 okazji na wygran\u0105. Ta opcja wcze\u015bniejszego zakupu jest idealna dla zapracowanych graczy, kt\u00f3rzy chc\u0105 regularnie uczestniczy\u0107 w grze bez konieczno\u015bci pami\u0119tania o ka\u017cdym losowaniu. <strong>Gra na kilka losowa\u0144 z tymi samymi numerami mo\u017ce by\u0107 elementem d\u0142ugofalowej strategii<\/strong>, a wielu graczy wybiera t\u0119 metod\u0119 dla wygody i sp\u00f3jno\u015bci.<\/p>\n<h2>Jaka jest cena kupon\u00f3w SuperEnalotto online?<img loading=\"lazy\" decoding=\"async\" class=\"alignright wp-image-252644\" src=\"https:\/\/lottomat.com\/wp-content\/uploads\/2025\/10\/SuperEnalotto-tickets-300x300.webp\" alt=\"Kupony SuperEnalotto\" width=\"200\" height=\"200\" srcset=\"https:\/\/lottomat.com\/wp-content\/uploads\/2025\/10\/SuperEnalotto-tickets-300x300.webp 300w, https:\/\/lottomat.com\/wp-content\/uploads\/2025\/10\/SuperEnalotto-tickets-150x150.webp 150w, https:\/\/lottomat.com\/wp-content\/uploads\/2025\/10\/SuperEnalotto-tickets-100x100.webp 100w, https:\/\/lottomat.com\/wp-content\/uploads\/2025\/10\/SuperEnalotto-tickets.webp 400w\" sizes=\"auto, (max-width: 200px) 100vw, 200px\" \/><\/h2>\n<p><strong>Po wybraniu liczby linii na LottoMat nasz automatyczny kalkulator natychmiast obliczy ca\u0142kowity koszt Twoich kupon\u00f3w SuperEnalotto<\/strong>. Ceny s\u0105 przejrzyste i wy\u015bwietlane przed finalizacj\u0105 zakupu, dzi\u0119ki czemu masz pewno\u015b\u0107, \u017ce nie ma \u017cadnych ukrytych op\u0142at ani niespodzianek. <strong>Nasz system cenowy uwzgl\u0119dnia liczb\u0119 linii, losowa\u0144 i wszelkie dodatkowe opcje, kt\u00f3re wybierzesz<\/strong>, oferuj\u0105c pe\u0142en przegl\u0105d Twojej inwestycji w gr\u0119. Dzi\u0119ki temu planowanie bud\u017cetu na gr\u0119 w loteri\u0119 jest proste i przejrzyste.<\/p>\n<h2>Jakie s\u0105 najlepsze wskaz\u00f3wki dotycz\u0105ce gry w SuperEnalotto online?<\/h2>\n<p><strong>Skuteczna gra w SuperEnalotto \u0142\u0105czy strategi\u0119 z odpowiedzialnym podej\u015bciem do gry<\/strong>. Warto stosowa\u0107 kombinacj\u0119 cz\u0119sto losowanych \u201egor\u0105cych\u201d numer\u00f3w oraz rzadziej pojawiaj\u0105cych si\u0119 \u201ezimnych\u201d numer\u00f3w, cho\u0107 nale\u017cy pami\u0119ta\u0107, \u017ce ka\u017cde losowanie jest niezale\u017cne i przypadkowe. <strong>Systemowe typowanie mo\u017ce zwi\u0119kszy\u0107 Twoje szanse na wygran\u0105 poprzez obj\u0119cie wi\u0119kszej liczby kombinacji<\/strong>, a konsekwentna gra tymi samymi numerami przemawia do wielu do\u015bwiadczonych graczy. Ustal bud\u017cet, kt\u00f3ry Ci odpowiada, i trzymaj si\u0119 go, traktuj\u0105c gr\u0119 jako rozrywk\u0119, a nie strategi\u0119 inwestycyjn\u0105. <strong>Skorzystaj z opcji wielokrotnego losowania, aby zachowa\u0107 regularno\u015b\u0107<\/strong>, i rozwa\u017c do\u0142\u0105czenie do syndykatu, by po\u0142\u0105czy\u0107 zasoby i zwi\u0119kszy\u0107 wsp\u00f3lne szanse na wygran\u0105. Wielu graczy \u015bledzi <a href=\"https:\/\/lottomat.com\/pl\/wyniki-losowan\/superenalotto\/\">wyniki losowa\u0144 SuperEnalotto<\/a> oraz ich wzorce, ale warto pami\u0119ta\u0107, \u017ce loteria to gra losowa. <strong>Najwa\u017cniejsze jest, aby gra\u0107 odpowiedzialnie i czerpa\u0107 rado\u015b\u0107 z emocji tej wyj\u0105tkowej w\u0142oskiej loterii<\/strong>.<\/p>\n<h2>Czy warto gra\u0107 w SuperEnalotto online?<\/h2>\n<p><strong>Gra w SuperEnalotto online to doskona\u0142a propozycja dla mi\u0142o\u015bnik\u00f3w loterii, kt\u00f3rzy marz\u0105 o najwi\u0119kszych kumulacjach w Europie<\/strong>. Wygoda gry online, po\u0142\u0105czona z nieograniczonym potencja\u0142em jackpotu SuperEnalotto, sprawia, \u017ce to atrakcyjna opcja dla powa\u017cnych graczy. <strong>Mo\u017cliwo\u015b\u0107 uczestnictwa z dowolnego miejsca na \u015bwiecie, o ka\u017cdej porze, bez ogranicze\u0144 terytorialnych, daje ogromn\u0105 swobod\u0119<\/strong>. Trzy losowania tygodniowo i jedne z najwi\u0119kszych nagr\u00f3d w historii loterii czyni\u0105 SuperEnalotto bardziej atrakcyjnym ni\u017c wiele innych gier europejskich. <strong>Po\u0142\u0105czenie dost\u0119pno\u015bci, bezpiecze\u0144stwa i ogromnych wygranych sprawia, \u017ce gra w SuperEnalotto online naprawd\u0119 si\u0119 op\u0142aca<\/strong>. Przeczytaj wi\u0119cej o <a href=\"https:\/\/lottomat.com\/pl\/informacje-o-loteriach\/superenalotto\/\">nagrodach i kumulacjach SuperEnalotto<\/a> na naszej stronie.<\/p>\n<h2>Czy kupony SuperEnalotto kupione online przez LottoMat s\u0105 bezpieczne?<\/h2>\n<p><strong>Tak, kupony SuperEnalotto zakupione przez LottoMat s\u0105 ca\u0142kowicie bezpieczne<\/strong>. Gwarantujemy bezpieczne przechowywanie i zarz\u0105dzanie wszystkimi Twoimi kuponami za pomoc\u0105 naszego zaawansowanego systemu cyfrowego. <strong>Ka\u017cdy kupon jest profesjonalnie skanowany i przechowywany na Twoim osobistym koncie<\/strong>, zapewniaj\u0105c Ci sta\u0142y dost\u0119p do Twoich zg\u0142osze\u0144 i eliminuj\u0105c ryzyko utraty lub uszkodzenia fizycznych kupon\u00f3w. Nasi licencjonowani agenci kupuj\u0105 oryginalne kupony bezpo\u015brednio od autoryzowanych sprzedawc\u00f3w we W\u0142oszech, gwarantuj\u0105c ich autentyczno\u015b\u0107 i legalno\u015b\u0107. <strong>\u015arodki bezpiecze\u0144stwa LottoMat obejmuj\u0105 szyfrowane transakcje, bezpieczne przechowywanie danych i pe\u0142n\u0105 zgodno\u015b\u0107 z obowi\u0105zuj\u0105cymi przepisami<\/strong>, daj\u0105c Ci pewno\u015b\u0107, \u017ce Twoje inwestycje w loteri\u0119 s\u0105 chronione. Twoje wygrane s\u0105 gwarantowane i automatycznie przekazywane na Twoje konto, dzi\u0119ki czemu ca\u0142y proces jest przejrzysty i w pe\u0142ni godny zaufania.<\/p>\n","protected":false},"excerpt":{"rendered":"<p>Czym jest SuperEnalotto? SuperEnalotto to najpopularniejsza i najbardziej presti\u017cowa gra liczbowo-losowa we W\u0142oszech, znana z oferowania jednych z najwi\u0119kszych kumulacji w historii europejskich loterii. Ta legendarna w\u0142oska gra fascynuje graczy od 1997 roku swoim wyj\u0105tkowym formatem i ogromnym potencja\u0142em wygranych. Losowania SuperEnalotto odbywaj\u0105 si\u0119 trzy razy w tygodniu \u2013 we wtorki, czwartki i soboty \u2013 [&hellip;]<\/p>\n","protected":false},"author":1,"featured_media":0,"parent":6786,"menu_order":5,"comment_status":"closed","ping_status":"closed","template":"superenalotto.php","meta":{"_et_pb_use_builder":"","_et_pb_old_content":"","_et_gb_content_width":"","exclude_from_search":false,"footnotes":""},"class_list":["post-9228","page","type-page","status-publish","hentry"],"yoast_head":"<!-- This site is optimized with the Yoast SEO plugin v23.8 - https:\/\/yoast.com\/wordpress\/plugins\/seo\/ -->\n<title>SuperEnalotto Online - Losy na SuperEnalotto online - LottoMat Polska<\/title>\n<meta name=\"description\" content=\"SuperEnalotto to w\u0142oska loteria, kt\u00f3ra szczyci si\u0119 najwy\u017cszymi nagrodami w Europie! Wszystko, co musisz zrobi\u0107, aby wzi\u0105\u0107 w niej udzia\u0142, to kupi\u0107 losy online!\" \/>\n<meta name=\"robots\" content=\"index, follow, max-snippet:-1, max-image-preview:large, max-video-preview:-1\" \/>\n<link rel=\"canonical\" href=\"https:\/\/lottomat.com\/pl\/graj\/superenalotto\/\" \/>\n<meta property=\"og:locale\" content=\"pl_PL\" \/>\n<meta property=\"og:type\" content=\"article\" \/>\n<meta property=\"og:title\" content=\"SuperEnalotto Online - Losy na SuperEnalotto online - LottoMat Polska\" \/>\n<meta property=\"og:description\" content=\"SuperEnalotto to w\u0142oska loteria, kt\u00f3ra szczyci si\u0119 najwy\u017cszymi nagrodami w Europie! Wszystko, co musisz zrobi\u0107, aby wzi\u0105\u0107 w niej udzia\u0142, to kupi\u0107 losy online!\" \/>\n<meta property=\"og:url\" content=\"https:\/\/lottomat.com\/pl\/graj\/superenalotto\/\" \/>\n<meta property=\"og:site_name\" content=\"Lottomat\" \/>\n<meta property=\"article:modified_time\" content=\"2025-11-08T13:32:33+00:00\" \/>\n<meta property=\"og:image\" content=\"https:\/\/lottomat.com\/wp-content\/uploads\/2025\/10\/Italian-lottery-online-300x300.webp\" \/>\n<meta name=\"twitter:card\" content=\"summary_large_image\" \/>\n<meta name=\"twitter:label1\" content=\"Szacowany czas czytania\" \/>\n\t<meta name=\"twitter:data1\" content=\"5 minut\" \/>\n<script type=\"application\/ld+json\" class=\"yoast-schema-graph\">{\"@context\":\"https:\/\/schema.org\",\"@graph\":[{\"@type\":\"WebPage\",\"@id\":\"https:\/\/lottomat.com\/pl\/graj\/superenalotto\/\",\"url\":\"https:\/\/lottomat.com\/pl\/graj\/superenalotto\/\",\"name\":\"SuperEnalotto Online - Losy na SuperEnalotto online - LottoMat Polska\",\"isPartOf\":{\"@id\":\"https:\/\/lottomat.com\/pl\/#website\"},\"primaryImageOfPage\":{\"@id\":\"https:\/\/lottomat.com\/pl\/graj\/superenalotto\/#primaryimage\"},\"image\":{\"@id\":\"https:\/\/lottomat.com\/pl\/graj\/superenalotto\/#primaryimage\"},\"thumbnailUrl\":\"https:\/\/lottomat.com\/wp-content\/uploads\/2025\/10\/Italian-lottery-online-300x300.webp\",\"datePublished\":\"2025-03-26T08:35:10+00:00\",\"dateModified\":\"2025-11-08T13:32:33+00:00\",\"description\":\"SuperEnalotto to w\u0142oska loteria, kt\u00f3ra szczyci si\u0119 najwy\u017cszymi nagrodami w Europie! Wszystko, co musisz zrobi\u0107, aby wzi\u0105\u0107 w niej udzia\u0142, to kupi\u0107 losy online!\",\"breadcrumb\":{\"@id\":\"https:\/\/lottomat.com\/pl\/graj\/superenalotto\/#breadcrumb\"},\"inLanguage\":\"pl-PL\",\"potentialAction\":[{\"@type\":\"ReadAction\",\"target\":[\"https:\/\/lottomat.com\/pl\/graj\/superenalotto\/\"]}]},{\"@type\":\"ImageObject\",\"inLanguage\":\"pl-PL\",\"@id\":\"https:\/\/lottomat.com\/pl\/graj\/superenalotto\/#primaryimage\",\"url\":\"https:\/\/lottomat.com\/wp-content\/uploads\/2025\/10\/Italian-lottery-online-300x300.webp\",\"contentUrl\":\"https:\/\/lottomat.com\/wp-content\/uploads\/2025\/10\/Italian-lottery-online-300x300.webp\"},{\"@type\":\"BreadcrumbList\",\"@id\":\"https:\/\/lottomat.com\/pl\/graj\/superenalotto\/#breadcrumb\",\"itemListElement\":[{\"@type\":\"ListItem\",\"position\":1,\"name\":\"Home\",\"item\":\"https:\/\/lottomat.com\/pl\/\"},{\"@type\":\"ListItem\",\"position\":2,\"name\":\"Graj w Loterie\",\"item\":\"https:\/\/lottomat.com\/pl\/graj\/\"},{\"@type\":\"ListItem\",\"position\":3,\"name\":\"SuperEnalotto Online &#8211; Kupony SuperEnalotto\"}]},{\"@type\":\"WebSite\",\"@id\":\"https:\/\/lottomat.com\/pl\/#website\",\"url\":\"https:\/\/lottomat.com\/pl\/\",\"name\":\"Lottomat\",\"description\":\"\",\"potentialAction\":[{\"@type\":\"SearchAction\",\"target\":{\"@type\":\"EntryPoint\",\"urlTemplate\":\"https:\/\/lottomat.com\/pl\/?s={search_term_string}\"},\"query-input\":{\"@type\":\"PropertyValueSpecification\",\"valueRequired\":true,\"valueName\":\"search_term_string\"}}],\"inLanguage\":\"pl-PL\"}]}<\/script>\n<!-- \/ Yoast SEO plugin. -->","yoast_head_json":{"title":"SuperEnalotto Online - Losy na SuperEnalotto online - LottoMat Polska","description":"SuperEnalotto to w\u0142oska loteria, kt\u00f3ra szczyci si\u0119 najwy\u017cszymi nagrodami w Europie! Wszystko, co musisz zrobi\u0107, aby wzi\u0105\u0107 w niej udzia\u0142, to kupi\u0107 losy online!","robots":{"index":"index","follow":"follow","max-snippet":"max-snippet:-1","max-image-preview":"max-image-preview:large","max-video-preview":"max-video-preview:-1"},"canonical":"https:\/\/lottomat.com\/pl\/graj\/superenalotto\/","og_locale":"pl_PL","og_type":"article","og_title":"SuperEnalotto Online - Losy na SuperEnalotto online - LottoMat Polska","og_description":"SuperEnalotto to w\u0142oska loteria, kt\u00f3ra szczyci si\u0119 najwy\u017cszymi nagrodami w Europie! Wszystko, co musisz zrobi\u0107, aby wzi\u0105\u0107 w niej udzia\u0142, to kupi\u0107 losy online!","og_url":"https:\/\/lottomat.com\/pl\/graj\/superenalotto\/","og_site_name":"Lottomat","article_modified_time":"2025-11-08T13:32:33+00:00","og_image":[{"url":"https:\/\/lottomat.com\/wp-content\/uploads\/2025\/10\/Italian-lottery-online-300x300.webp"}],"twitter_card":"summary_large_image","twitter_misc":{"Szacowany czas czytania":"5 minut"},"schema":{"@context":"https:\/\/schema.org","@graph":[{"@type":"WebPage","@id":"https:\/\/lottomat.com\/pl\/graj\/superenalotto\/","url":"https:\/\/lottomat.com\/pl\/graj\/superenalotto\/","name":"SuperEnalotto Online - Losy na SuperEnalotto online - LottoMat Polska","isPartOf":{"@id":"https:\/\/lottomat.com\/pl\/#website"},"primaryImageOfPage":{"@id":"https:\/\/lottomat.com\/pl\/graj\/superenalotto\/#primaryimage"},"image":{"@id":"https:\/\/lottomat.com\/pl\/graj\/superenalotto\/#primaryimage"},"thumbnailUrl":"https:\/\/lottomat.com\/wp-content\/uploads\/2025\/10\/Italian-lottery-online-300x300.webp","datePublished":"2025-03-26T08:35:10+00:00","dateModified":"2025-11-08T13:32:33+00:00","description":"SuperEnalotto to w\u0142oska loteria, kt\u00f3ra szczyci si\u0119 najwy\u017cszymi nagrodami w Europie! Wszystko, co musisz zrobi\u0107, aby wzi\u0105\u0107 w niej udzia\u0142, to kupi\u0107 losy online!","breadcrumb":{"@id":"https:\/\/lottomat.com\/pl\/graj\/superenalotto\/#breadcrumb"},"inLanguage":"pl-PL","potentialAction":[{"@type":"ReadAction","target":["https:\/\/lottomat.com\/pl\/graj\/superenalotto\/"]}]},{"@type":"ImageObject","inLanguage":"pl-PL","@id":"https:\/\/lottomat.com\/pl\/graj\/superenalotto\/#primaryimage","url":"https:\/\/lottomat.com\/wp-content\/uploads\/2025\/10\/Italian-lottery-online-300x300.webp","contentUrl":"https:\/\/lottomat.com\/wp-content\/uploads\/2025\/10\/Italian-lottery-online-300x300.webp"},{"@type":"BreadcrumbList","@id":"https:\/\/lottomat.com\/pl\/graj\/superenalotto\/#breadcrumb","itemListElement":[{"@type":"ListItem","position":1,"name":"Home","item":"https:\/\/lottomat.com\/pl\/"},{"@type":"ListItem","position":2,"name":"Graj w Loterie","item":"https:\/\/lottomat.com\/pl\/graj\/"},{"@type":"ListItem","position":3,"name":"SuperEnalotto Online &#8211; Kupony SuperEnalotto"}]},{"@type":"WebSite","@id":"https:\/\/lottomat.com\/pl\/#website","url":"https:\/\/lottomat.com\/pl\/","name":"Lottomat","description":"","potentialAction":[{"@type":"SearchAction","target":{"@type":"EntryPoint","urlTemplate":"https:\/\/lottomat.com\/pl\/?s={search_term_string}"},"query-input":{"@type":"PropertyValueSpecification","valueRequired":true,"valueName":"search_term_string"}}],"inLanguage":"pl-PL"}]}},"_links":{"self":[{"href":"https:\/\/lottomat.com\/pl\/wp-json\/wp\/v2\/pages\/9228","targetHints":{"allow":["GET"]}}],"collection":[{"href":"https:\/\/lottomat.com\/pl\/wp-json\/wp\/v2\/pages"}],"about":[{"href":"https:\/\/lottomat.com\/pl\/wp-json\/wp\/v2\/types\/page"}],"author":[{"embeddable":true,"href":"https:\/\/lottomat.com\/pl\/wp-json\/wp\/v2\/users\/1"}],"replies":[{"embeddable":true,"href":"https:\/\/lottomat.com\/pl\/wp-json\/wp\/v2\/comments?post=9228"}],"version-history":[{"count":2,"href":"https:\/\/lottomat.com\/pl\/wp-json\/wp\/v2\/pages\/9228\/revisions"}],"predecessor-version":[{"id":257011,"href":"https:\/\/lottomat.com\/pl\/wp-json\/wp\/v2\/pages\/9228\/revisions\/257011"}],"up":[{"embeddable":true,"href":"https:\/\/lottomat.com\/pl\/wp-json\/wp\/v2\/pages\/6786"}],"wp:attachment":[{"href":"https:\/\/lottomat.com\/pl\/wp-json\/wp\/v2\/media?parent=9228"}],"curies":[{"name":"wp","href":"https:\/\/api.w.org\/{rel}","templated":true}]}}