{"id":9081,"date":"2025-03-26T08:02:36","date_gmt":"2025-03-26T08:02:36","guid":{"rendered":"https:\/\/lottomat.net\/zagraj-w-loterie\/zagraj-w-eurojackpot-online\/"},"modified":"2025-12-21T14:00:24","modified_gmt":"2025-12-21T14:00:24","slug":"eurojackpot","status":"publish","type":"page","link":"https:\/\/lottomat.com\/pl\/graj\/eurojackpot\/","title":{"rendered":"Graj w Eurojackpot online"},"content":{"rendered":"\n\n<div class=\"kk-star-ratings kksr-auto kksr-align-left kksr-valign-top\"\n    data-payload='{&quot;align&quot;:&quot;left&quot;,&quot;id&quot;:&quot;9081&quot;,&quot;slug&quot;:&quot;default&quot;,&quot;valign&quot;:&quot;top&quot;,&quot;ignore&quot;:&quot;&quot;,&quot;reference&quot;:&quot;auto&quot;,&quot;class&quot;:&quot;&quot;,&quot;count&quot;:&quot;0&quot;,&quot;legendonly&quot;:&quot;&quot;,&quot;readonly&quot;:&quot;&quot;,&quot;score&quot;:&quot;0&quot;,&quot;starsonly&quot;:&quot;&quot;,&quot;best&quot;:&quot;5&quot;,&quot;gap&quot;:&quot;5&quot;,&quot;greet&quot;:&quot;Rate this page&quot;,&quot;legend&quot;:&quot;0\\\/5 - (0 votes)&quot;,&quot;size&quot;:&quot;30&quot;,&quot;title&quot;:&quot;Graj w Eurojackpot online&quot;,&quot;width&quot;:&quot;0&quot;,&quot;_legend&quot;:&quot;{score}\\\/{best} - ({count} {votes})&quot;,&quot;font_factor&quot;:&quot;1.25&quot;}'>\n            \n<div class=\"kksr-stars\">\n    \n<div class=\"kksr-stars-inactive\">\n            <div class=\"kksr-star\" data-star=\"1\" style=\"padding-right: 5px\">\n            \n\n<div class=\"kksr-icon\" style=\"width: 30px; height: 30px;\"><\/div>\n        <\/div>\n            <div class=\"kksr-star\" data-star=\"2\" style=\"padding-right: 5px\">\n            \n\n<div class=\"kksr-icon\" style=\"width: 30px; height: 30px;\"><\/div>\n        <\/div>\n            <div class=\"kksr-star\" data-star=\"3\" style=\"padding-right: 5px\">\n            \n\n<div class=\"kksr-icon\" style=\"width: 30px; height: 30px;\"><\/div>\n        <\/div>\n            <div class=\"kksr-star\" data-star=\"4\" style=\"padding-right: 5px\">\n            \n\n<div class=\"kksr-icon\" style=\"width: 30px; height: 30px;\"><\/div>\n        <\/div>\n            <div class=\"kksr-star\" data-star=\"5\" style=\"padding-right: 5px\">\n            \n\n<div class=\"kksr-icon\" style=\"width: 30px; height: 30px;\"><\/div>\n        <\/div>\n    <\/div>\n    \n<div class=\"kksr-stars-active\" style=\"width: 0px;\">\n            <div class=\"kksr-star\" style=\"padding-right: 5px\">\n            \n\n<div class=\"kksr-icon\" style=\"width: 30px; height: 30px;\"><\/div>\n        <\/div>\n            <div class=\"kksr-star\" style=\"padding-right: 5px\">\n            \n\n<div class=\"kksr-icon\" style=\"width: 30px; height: 30px;\"><\/div>\n        <\/div>\n            <div class=\"kksr-star\" style=\"padding-right: 5px\">\n            \n\n<div class=\"kksr-icon\" style=\"width: 30px; height: 30px;\"><\/div>\n        <\/div>\n            <div class=\"kksr-star\" style=\"padding-right: 5px\">\n            \n\n<div class=\"kksr-icon\" style=\"width: 30px; height: 30px;\"><\/div>\n        <\/div>\n            <div class=\"kksr-star\" style=\"padding-right: 5px\">\n            \n\n<div class=\"kksr-icon\" style=\"width: 30px; height: 30px;\"><\/div>\n        <\/div>\n    <\/div>\n<\/div>\n                \n\n<div class=\"kksr-legend\" style=\"font-size: 24px;\">\n            <span class=\"kksr-muted\">Rate this page<\/span>\n    <\/div>\n    <\/div>\n<h2>Czym jest Eurojackpot?<\/h2>\n<p>Eurojackpot online to <strong>mi\u0119dzynarodowa loteria stworzona w Europie<\/strong>, kt\u00f3ra pocz\u0105tkowo by\u0142a popularna jedynie w naszej cz\u0119\u015bci p\u00f3\u0142kuli. Mo\u017cna powiedzie\u0107, \u017ce jest to po prostu europejska wersja lotto. Eurojackpot to stosunkowo m\u0142oda loteria, <strong>powsta\u0142a w marcu 2012 roku<\/strong>, kt\u00f3ra od tego czasu cieszy si\u0119 nies\u0142abn\u0105c\u0105 popularno\u015bci\u0105 \u2013 ju\u017c nie tylko w Europie, ale na ca\u0142ym \u015bwiecie. <strong>Wysokie wygrane, du\u017ce szanse na trafienie szcz\u0119\u015bliwych liczb oraz niesamowite jackpoty<\/strong> sprawiaj\u0105, \u017ce Eurojackpot przyci\u0105ga coraz wi\u0119ksz\u0105 liczb\u0119 nowych graczy. Ta loteria pieni\u0119\u017cna stworzy\u0142a ju\u017c kilkudziesi\u0119ciu lotto-milioner\u00f3w. Wszystko zacz\u0119\u0142o si\u0119 od planu stworzenia konkurencji dla loterii Euromillions, a Eurojackpot zd\u0105\u017cy\u0142 j\u0105 ju\u017c <strong>przewy\u017cszy\u0107, staj\u0105c si\u0119 jedn\u0105 z najszybciej rozwijaj\u0105cych si\u0119 i <a href=\"https:\/\/lottomat.com\/pl\/graj\/\">najpopularniejszych gier lotto online<\/a><\/strong>.<\/p>\n<h2><img loading=\"lazy\" decoding=\"async\" class=\"alignleft wp-image-257564\" src=\"https:\/\/lottomat.com\/wp-content\/uploads\/2025\/11\/Eurojackpot-online.webp\" alt=\"Eurojackpot online\" width=\"200\" height=\"200\" srcset=\"https:\/\/lottomat.com\/wp-content\/uploads\/2025\/11\/Eurojackpot-online.webp 400w, https:\/\/lottomat.com\/wp-content\/uploads\/2025\/11\/Eurojackpot-online-300x300.webp 300w, https:\/\/lottomat.com\/wp-content\/uploads\/2025\/11\/Eurojackpot-online-150x150.webp 150w, https:\/\/lottomat.com\/wp-content\/uploads\/2025\/11\/Eurojackpot-online-100x100.webp 100w\" sizes=\"auto, (max-width: 200px) 100vw, 200px\" \/>Jak kupi\u0107 los Eurojackpot online?<\/h2>\n<p>Strona LottoMat umo\u017cliwia zakup los\u00f3w loteryjnych online, dzi\u0119ki czemu nie musisz szuka\u0107 punktu sprzeda\u017cy. Wszystko masz w jednym miejscu, <strong>24 godziny na dob\u0119, 7 dni w tygodniu<\/strong>. Co wi\u0119cej \u2013 <strong>z dowolnego miejsca na \u015bwiecie<\/strong>, poniewa\u017c zakup online w LottoMat jest traktowany tak samo jak zakup w kraju uczestnicz\u0105cym w losowaniach. Oznacza to, \u017ce <strong>bez wzgl\u0119du na to, gdzie jeste\u015b, mo\u017cesz gra\u0107 w Eurojackpot online!<\/strong> Po z\u0142o\u017ceniu zam\u00f3wienia <strong>nasz przedstawiciel kupi w Twoim imieniu papierowy los Eurojackpot<\/strong>, kt\u00f3ry b\u0119dzie dost\u0119pny na Twoim koncie w LottoMat.<\/p>\n<h2>Ile kosztuje los Eurojackpot?<\/h2>\n<p>Najpierw <strong>wybierz liczby na swoim losie Eurojackpot online \u2013 5 podstawowych oraz 2 dodatkowe<\/strong>. Cena losu zostanie wy\u015bwietlona na dole listy. Nasz kalkulator obliczy nale\u017cn\u0105 kwot\u0119 w zale\u017cno\u015bci od liczby wype\u0142nionych los\u00f3w. Teraz pozostaje ju\u017c tylko da\u0107 sobie szans\u0119 na wygran\u0105, kt\u00f3ra w tej grze zdarza si\u0119 zaskakuj\u0105co cz\u0119sto.<\/p>\n<h2>Czy mo\u017cna kupi\u0107 wi\u0119cej los\u00f3w Eurojackpot?<\/h2>\n<p>Tak, mo\u017cesz <strong>kupi\u0107 wiele los\u00f3w Eurojackpot<\/strong>, wybieraj\u0105c opcj\u0119 \u201ewi\u0119cej linii\u201d i zaznaczaj\u0105c dowoln\u0105 liczb\u0119 linii. Taka strategia pozwala <strong>gra\u0107 r\u00f3\u017cnymi kombinacjami liczb w tym samym losowaniu, co mo\u017ce zwi\u0119kszy\u0107 Twoje szanse na wygran\u0105<\/strong>. Ka\u017cda dodatkowa linia daje kolejn\u0105 szans\u0119 na trafienie zwyci\u0119skich liczb, a Ty mo\u017cesz \u0142\u0105czy\u0107 r\u00f3\u017cne metody wyboru liczb na wielu losach. Pami\u0119taj, \u017ce <strong>ka\u017cda linia jest wyceniana osobno<\/strong>, dlatego zakup wi\u0119kszej liczby los\u00f3w proporcjonalnie zwi\u0119kszy ca\u0142kowity koszt.<\/p>\n<h2>Czy mo\u017cna kupi\u0107 losy Eurojackpot na kilka losowa\u0144?<\/h2>\n<h2><img loading=\"lazy\" decoding=\"async\" class=\"alignright wp-image-257594\" src=\"https:\/\/lottomat.com\/wp-content\/uploads\/2025\/11\/Eurojackpot-tickets.webp\" alt=\"Losy Eurojackpot\" width=\"200\" height=\"200\" srcset=\"https:\/\/lottomat.com\/wp-content\/uploads\/2025\/11\/Eurojackpot-tickets.webp 400w, https:\/\/lottomat.com\/wp-content\/uploads\/2025\/11\/Eurojackpot-tickets-300x300.webp 300w, https:\/\/lottomat.com\/wp-content\/uploads\/2025\/11\/Eurojackpot-tickets-150x150.webp 150w, https:\/\/lottomat.com\/wp-content\/uploads\/2025\/11\/Eurojackpot-tickets-100x100.webp 100w\" sizes=\"auto, (max-width: 200px) 100vw, 200px\" \/><\/h2>\n<p>Tak, w LottoMat mo\u017cesz <strong>kupi\u0107 losy nawet na 8 kolejnych losowa\u0144 z wyprzedzeniem<\/strong>. Ta funkcja wielu losowa\u0144 gwarantuje, \u017ce nie przegapisz \u017cadnego losowania i jest szczeg\u00f3lnie wygodna dla regularnych graczy, kt\u00f3rzy wol\u0105 planowa\u0107 z wyprzedzeniem. Wybrane przez Ciebie liczby automatycznie wezm\u0105 udzia\u0142 w ka\u017cdym zaplanowanym losowaniu, a o wynikach zostaniesz poinformowany po ka\u017cdym z nich. To idealna opcja dla graczy, kt\u00f3rzy chc\u0105 uczestniczy\u0107 regularnie, bez konieczno\u015bci pami\u0119tania o zakupie losu przed ka\u017cdym losowaniem.<\/p>\n<h2>Jak gra\u0107 w Eurojackpot online: co zrobi\u0107, aby wygra\u0107?<\/h2>\n<p>Aby wzi\u0105\u0107 udzia\u0142 w losowaniu, musisz <strong>wybra\u0107 5 liczb z zakresu od 1 do 50 oraz 2 liczby dodatkowe (bonusowe) z zakresu od 1 do 12<\/strong>. W przypadku ca\u0142kowicie losowego wyboru mo\u017cesz skorzysta\u0107 z opcji losowej dost\u0119pnej na platformie. <strong>Wygranie g\u0142\u00f3wnej nagrody wymaga poprawnego wytypowania wszystkich 7 liczb<\/strong>. Je\u015bli chodzi o wygrywanie, nie ma jednej odpowiedzi na pytanie \u201ejak gra\u0107 w Eurojackpot, aby wygra\u0107\u201d. Ka\u017cdy gracz ma swoje metody \u2013 niekt\u00f3rzy kupuj\u0105 du\u017c\u0105 liczb\u0119 los\u00f3w, inni sprawdzaj\u0105 aktualne oraz <a href=\"https:\/\/lottomat.com\/pl\/wyniki-losowan\/\">archiwalne wyniki losowa\u0144<\/a>, zapisuj\u0105 najcz\u0119\u015bciej losowane liczby i tworz\u0105 w\u0142asne strategie na przysz\u0142e gry, a s\u0105 te\u017c tacy, kt\u00f3rzy po prostu graj\u0105. W swojej grze mo\u017cesz korzysta\u0107 z tzw. <strong>liczb gor\u0105cych (losowanych najcz\u0119\u015bciej) lub zimnych (losowanych najrzadziej)<\/strong>, kt\u00f3re sprawdzisz na stronie LottoMat, gdzie przygotowano ma\u0142\u0105 \u015bci\u0105gawk\u0119 dost\u0119pn\u0105 dla ka\u017cdego gracza. Wype\u0142niaj\u0105c los Eurojackpot, pami\u0119taj, aby <strong>korzysta\u0107 z r\u00f3\u017cnych kombinacji liczb i wykorzystywa\u0107 ca\u0142y dost\u0119pny zakres<\/strong>.<\/p>\n<h2>Jakie s\u0105 najlepsze wskaz\u00f3wki do gry w Eurojackpot online?<\/h2>\n<p>Aby zmaksymalizowa\u0107 swoje szanse w loterii Eurojackpot online, warto <strong>roz\u0142o\u017cy\u0107 wyb\u00f3r liczb na ca\u0142y zakres<\/strong>, zamiast skupia\u0107 je w jednym obszarze. Wielu do\u015bwiadczonych graczy poleca <strong>analizowanie historycznych danych losowa\u0144 w celu znalezienia pewnych schemat\u00f3w<\/strong>, pami\u0119taj\u0105c jednak, \u017ce ka\u017cde losowanie jest niezale\u017cne. Rozwa\u017c <strong>do\u0142\u0105czenie do grupowych zak\u0142ad\u00f3w (lottery pools), aby zwi\u0119kszy\u0107 si\u0142\u0119 zakupu przy jednoczesnym podziale koszt\u00f3w<\/strong>, i zawsze <strong>graj w ramach swojego bud\u017cetu<\/strong>. Wreszcie, <strong>regularno\u015b\u0107 mo\u017ce by\u0107 kluczem \u2013 sta\u0142y udzia\u0142 w losowaniach mo\u017ce poprawi\u0107 Twoje og\u00f3lne szanse<\/strong> w por\u00f3wnaniu do okazjonalnej gry. Aby dowiedzie\u0107 si\u0119 wi\u0119cej o tej loterii \u2013 <a href=\"https:\/\/lottomat.com\/pl\/eurojackpot\/\">sprawd\u017a nagrody, zasady i jackpot Eurojackpot<\/a> na nadchodz\u0105ce losowanie.<\/p>\n<h2><img loading=\"lazy\" decoding=\"async\" class=\"alignleft wp-image-257624\" src=\"https:\/\/lottomat.com\/wp-content\/uploads\/2025\/11\/play-Eurojackpot.webp\" alt=\"Graj w Eurojackpot\" width=\"200\" height=\"200\" srcset=\"https:\/\/lottomat.com\/wp-content\/uploads\/2025\/11\/play-Eurojackpot.webp 400w, https:\/\/lottomat.com\/wp-content\/uploads\/2025\/11\/play-Eurojackpot-300x300.webp 300w, https:\/\/lottomat.com\/wp-content\/uploads\/2025\/11\/play-Eurojackpot-150x150.webp 150w, https:\/\/lottomat.com\/wp-content\/uploads\/2025\/11\/play-Eurojackpot-100x100.webp 100w\" sizes=\"auto, (max-width: 200px) 100vw, 200px\" \/>Kto mo\u017ce gra\u0107 w Eurojackpot online?<\/h2>\n<p>W\u015br\u00f3d kraj\u00f3w uczestnicz\u0105cych w loterii Eurojackpot znajduje si\u0119 a\u017c <strong>18 pa\u0144stw (Chorwacja, Czechy, Dania, Estonia, Finlandia, Niemcy, W\u0119gry, Islandia, W\u0142ochy, \u0141otwa, Litwa, Niderlandy, Norwegia, Polska, S\u0142owacja, S\u0142owenia, Hiszpania i Szwecja)<\/strong>. Ich wymienienie jest istotne ze wzgl\u0119du na zasady Eurojackpot, poniewa\u017c zgodnie z regulaminem loterii <strong>osoby posiadaj\u0105ce inne obywatelstwo r\u00f3wnie\u017c mog\u0105 bra\u0107 udzia\u0142 w losowaniach, o ile los zosta\u0142 zakupiony w jednym z wymienionych kraj\u00f3w<\/strong>. Loteria Eurojackpot jest w wi\u0119kszo\u015bci dost\u0119pna online. Strona LottoMat umo\u017cliwia zakup los\u00f3w Eurojackpot przez Internet. Jest to bardzo proste \u2013 wystarczy dos\u0142ownie kilka klikni\u0119\u0107, a po zakupie mo\u017cna szybko i wygodnie <a href=\"https:\/\/lottomat.com\/pl\/eurojackpot\/\">sprawdzi\u0107 aktualne wyniki losowa\u0144 Eurojackpot<\/a> na stronie.<\/p>\n<h2>Co wyr\u00f3\u017cnia Eurojackpot na tle innych gier liczbowych?<\/h2>\n<p>Wi\u0119kszo\u015b\u0107 gier losowych zosta\u0142a zaprojektowana w taki spos\u00f3b, aby bardzo wysokie wygrane by\u0142y dost\u0119pne jedynie dla ograniczonej liczby graczy. <strong>Eurojackpot zosta\u0142 stworzony z my\u015bl\u0105 o znacznie wi\u0119kszej liczbie zwyci\u0119zc\u00f3w, a wygrane si\u0119gaj\u0105 tysi\u0119cy i milion\u00f3w euro<\/strong>. W skr\u00f3cie, jest to losowanie zaprojektowane tak, aby <strong>dawa\u0107 graczom wi\u0119ksze szanse na wygran\u0105<\/strong>. I chocia\u017c na przyk\u0142ad loteria Euromillions pozwala wygra\u0107 wi\u0119cej, <strong>Eurojackpot oferuje znacznie wi\u0119ksze szanse na wygran\u0105<\/strong> i zdobycie imponuj\u0105cych nagr\u00f3d. Warto zaznaczy\u0107, \u017ce w Eurojackpot dost\u0119pnych jest <strong>dwa razy wi\u0119cej wygranych ni\u017c w innych grach losowych<\/strong>, co sprawia, \u017ce wysokie nagrody s\u0105 niemal na wyci\u0105gni\u0119cie r\u0119ki. To w\u0142a\u015bnie ta cecha wynios\u0142a Eurojackpot na wy\u017cszy poziom popularno\u015bci w Europie. <strong>Wi\u0119ksza liczba zwyci\u0119zc\u00f3w oznacza r\u00f3wnie\u017c wi\u0119ksze szanse dla Ciebie<\/strong>.<\/p>\n<h2>Czy warto gra\u0107 w Eurojackpot online?<img loading=\"lazy\" decoding=\"async\" class=\"alignright wp-image-257654\" src=\"https:\/\/lottomat.com\/wp-content\/uploads\/2025\/11\/buy-tickets-online.webp\" alt=\"Kup losy online\" width=\"200\" height=\"200\" srcset=\"https:\/\/lottomat.com\/wp-content\/uploads\/2025\/11\/buy-tickets-online.webp 400w, https:\/\/lottomat.com\/wp-content\/uploads\/2025\/11\/buy-tickets-online-300x300.webp 300w, https:\/\/lottomat.com\/wp-content\/uploads\/2025\/11\/buy-tickets-online-150x150.webp 150w, https:\/\/lottomat.com\/wp-content\/uploads\/2025\/11\/buy-tickets-online-100x100.webp 100w\" sizes=\"auto, (max-width: 200px) 100vw, 200px\" \/><\/h2>\n<p>Pytanie, kt\u00f3re zapewne sobie zadajesz, brzmi: czy to si\u0119 naprawd\u0119 op\u0142aca? Wiele os\u00f3b zadaje sobie to samo pytanie przed zakupem losu. Jak w ka\u017cdej loterii, za ka\u017cdym razem podejmujesz ryzyko, ale <strong>rezultaty mog\u0105 odmieni\u0107 Twoje \u017cycie<\/strong>. Zastan\u00f3w si\u0119, co m\u00f3g\u0142by\u015b zrobi\u0107, gdyby\u015b wygra\u0142 jackpot lub nawet mniejsz\u0105 nagrod\u0119. Czasami warto zaryzykowa\u0107 dla szansy na co\u015b lepszego. Faktem jest, \u017ce <strong>Eurojackpot ma og\u00f3lnie znacznie lepsze szanse ni\u017c jego g\u0142\u00f3wny konkurent \u2013 EuroMillions<\/strong>. <strong>Masz znacznie wi\u0119ksze prawdopodobie\u0144stwo wygrania g\u0142\u00f3wnej nagrody w tej loterii<\/strong> ni\u017c w jej bardziej popularnym odpowiedniku. W efekcie wydajesz te same pieni\u0105dze, ale masz wi\u0119ksz\u0105 szans\u0119 na wygran\u0105. Jedynym minusem jest to, \u017ce mo\u017cesz nie wygra\u0107, jednak samo oczekiwanie cz\u0119sto stanowi po\u0142ow\u0119 zabawy. Przegrywanie nigdy nie jest przyjemne, zw\u0142aszcza gdy marzysz o tym, co m\u00f3g\u0142by\u015b zrobi\u0107 z wygranymi pieni\u0119dzmi. Jednak euforia, gdy w ko\u0144cu wygrasz, jest warta ca\u0142ego wcze\u015bniejszego rozczarowania. Na co wi\u0119c czekasz? Dlaczego nie za\u0142o\u017cy\u0107 pierwszego konta na <a href=\"https:\/\/lottomat.com\/pl\/\">stronie LottoMat<\/a> i sprawdzi\u0107, czym tak naprawd\u0119 jest Eurojackpot? To z pewno\u015bci\u0105 b\u0119dzie pe\u0142na emocji i ekscytuj\u0105ca przygoda.<\/p>\n<h2>Gdzie kupi\u0107 los Eurojackpot: online czy offline?<\/h2>\n<p>Kupuj\u0105c losy Eurojackpot, mo\u017cesz wybra\u0107 pomi\u0119dzy platformami online, takimi jak LottoMat, a fizycznymi punktami sprzeda\u017cy. <strong>Obie metody oferuj\u0105 ten sam potencja\u0142 wygranej<\/strong>, ale r\u00f3\u017cni\u0105 si\u0119 wygod\u0105 i do\u015bwiadczeniem u\u017cytkownika.<\/p>\n<h3>Tradycyjne zakupy w punkcie stacjonarnym<\/h3>\n<p>Zakup los\u00f3w w punkcie stacjonarnym polega na r\u0119cznym wype\u0142nianiu liczb lub poproszeniu o losowy wyb\u00f3r przy ladzie. Cho\u0107 niekt\u00f3rzy gracze ceni\u0105 sobie aspekt spo\u0142eczny i ufaj\u0105 zakupom fizycznym, <strong>zar\u00f3wno losy online, jak i offline maj\u0105 r\u00f3wne szanse na wygranie jackpota<\/strong>. Miejsce zakupu nie wp\u0142ywa na Twoje szanse.<\/p>\n<h3><img loading=\"lazy\" decoding=\"async\" class=\"alignleft wp-image-257684\" src=\"https:\/\/lottomat.com\/wp-content\/uploads\/2025\/11\/play-online.webp\" alt=\"Graj online\" width=\"200\" height=\"200\" srcset=\"https:\/\/lottomat.com\/wp-content\/uploads\/2025\/11\/play-online.webp 400w, https:\/\/lottomat.com\/wp-content\/uploads\/2025\/11\/play-online-300x300.webp 300w, https:\/\/lottomat.com\/wp-content\/uploads\/2025\/11\/play-online-150x150.webp 150w, https:\/\/lottomat.com\/wp-content\/uploads\/2025\/11\/play-online-100x100.webp 100w\" sizes=\"auto, (max-width: 200px) 100vw, 200px\" \/>Wygoda los\u00f3w online<\/h3>\n<p><strong>Zakup los\u00f3w online eliminuje stanie w kolejkach i oszcz\u0119dza czas<\/strong>. Wystarczy za\u0142o\u017cy\u0107 konto, wybra\u0107 liczby lub skorzysta\u0107 z opcji lucky dip, wybra\u0107 metod\u0119 p\u0142atno\u015bci i gotowe. Otrzymasz powiadomienia e-mail o wynikach. <strong>Najwi\u0119ksz\u0105 zalet\u0105 los\u00f3w online jest to, \u017ce s\u0105 przechowywane cyfrowo, wi\u0119c nie mo\u017cna ich zgubi\u0107<\/strong>. Eliminuje to stres zwi\u0105zany z zagubionymi losami i jest przyjazne dla \u015brodowiska dzi\u0119ki ograniczeniu zu\u017cycia papieru. Gotowy, aby do\u0142\u0105czy\u0107 do zabawy? Wybierz swoje liczby i zagraj w Eurojackpot online ju\u017c teraz!<\/p>\n","protected":false},"excerpt":{"rendered":"<p>Czym jest Eurojackpot? Eurojackpot online to mi\u0119dzynarodowa loteria stworzona w Europie, kt\u00f3ra pocz\u0105tkowo by\u0142a popularna jedynie w naszej cz\u0119\u015bci p\u00f3\u0142kuli. Mo\u017cna powiedzie\u0107, \u017ce jest to po prostu europejska wersja lotto. Eurojackpot to stosunkowo m\u0142oda loteria, powsta\u0142a w marcu 2012 roku, kt\u00f3ra od tego czasu cieszy si\u0119 nies\u0142abn\u0105c\u0105 popularno\u015bci\u0105 \u2013 ju\u017c nie tylko w Europie, ale [&hellip;]<\/p>\n","protected":false},"author":1,"featured_media":0,"parent":6786,"menu_order":4,"comment_status":"closed","ping_status":"closed","template":"eurojackpot.php","meta":{"_et_pb_use_builder":"","_et_pb_old_content":"","_et_gb_content_width":"","exclude_from_search":false,"footnotes":""},"class_list":["post-9081","page","type-page","status-publish","hentry"],"yoast_head":"<!-- This site is optimized with the Yoast SEO plugin v23.8 - https:\/\/yoast.com\/wordpress\/plugins\/seo\/ -->\n<title>Eurojackpot Online \u2013 Losy Eurojackpot \u2013 LottoMat<\/title>\n<meta name=\"description\" content=\"Graj w Eurojackpot online i wygrywaj wielkie nagrody w Lottomat! Wybierz swoje liczby i kup losy Eurojackpot online w dowolnym momencie!\" \/>\n<meta name=\"robots\" content=\"index, follow, max-snippet:-1, max-image-preview:large, max-video-preview:-1\" \/>\n<link rel=\"canonical\" href=\"https:\/\/lottomat.com\/pl\/graj\/eurojackpot\/\" \/>\n<meta property=\"og:locale\" content=\"pl_PL\" \/>\n<meta property=\"og:type\" content=\"article\" \/>\n<meta property=\"og:title\" content=\"Eurojackpot Online \u2013 Losy Eurojackpot \u2013 LottoMat\" \/>\n<meta property=\"og:description\" content=\"Graj w Eurojackpot online i wygrywaj wielkie nagrody w Lottomat! Wybierz swoje liczby i kup losy Eurojackpot online w dowolnym momencie!\" \/>\n<meta property=\"og:url\" content=\"https:\/\/lottomat.com\/pl\/graj\/eurojackpot\/\" \/>\n<meta property=\"og:site_name\" content=\"Lottomat\" \/>\n<meta property=\"article:modified_time\" content=\"2025-12-21T14:00:24+00:00\" \/>\n<meta property=\"og:image\" content=\"https:\/\/lottomat.com\/wp-content\/uploads\/2025\/11\/Eurojackpot-online.webp\" \/>\n<meta name=\"twitter:card\" content=\"summary_large_image\" \/>\n<meta name=\"twitter:label1\" content=\"Szacowany czas czytania\" \/>\n\t<meta name=\"twitter:data1\" content=\"7 minut\" \/>\n<script type=\"application\/ld+json\" class=\"yoast-schema-graph\">{\"@context\":\"https:\/\/schema.org\",\"@graph\":[{\"@type\":\"WebPage\",\"@id\":\"https:\/\/lottomat.com\/pl\/graj\/eurojackpot\/\",\"url\":\"https:\/\/lottomat.com\/pl\/graj\/eurojackpot\/\",\"name\":\"Eurojackpot Online \u2013 Losy Eurojackpot \u2013 LottoMat\",\"isPartOf\":{\"@id\":\"https:\/\/lottomat.com\/pl\/#website\"},\"primaryImageOfPage\":{\"@id\":\"https:\/\/lottomat.com\/pl\/graj\/eurojackpot\/#primaryimage\"},\"image\":{\"@id\":\"https:\/\/lottomat.com\/pl\/graj\/eurojackpot\/#primaryimage\"},\"thumbnailUrl\":\"https:\/\/lottomat.com\/wp-content\/uploads\/2025\/11\/Eurojackpot-online.webp\",\"datePublished\":\"2025-03-26T08:02:36+00:00\",\"dateModified\":\"2025-12-21T14:00:24+00:00\",\"description\":\"Graj w Eurojackpot online i wygrywaj wielkie nagrody w Lottomat! Wybierz swoje liczby i kup losy Eurojackpot online w dowolnym momencie!\",\"breadcrumb\":{\"@id\":\"https:\/\/lottomat.com\/pl\/graj\/eurojackpot\/#breadcrumb\"},\"inLanguage\":\"pl-PL\",\"potentialAction\":[{\"@type\":\"ReadAction\",\"target\":[\"https:\/\/lottomat.com\/pl\/graj\/eurojackpot\/\"]}]},{\"@type\":\"ImageObject\",\"inLanguage\":\"pl-PL\",\"@id\":\"https:\/\/lottomat.com\/pl\/graj\/eurojackpot\/#primaryimage\",\"url\":\"https:\/\/lottomat.com\/wp-content\/uploads\/2025\/11\/Eurojackpot-online.webp\",\"contentUrl\":\"https:\/\/lottomat.com\/wp-content\/uploads\/2025\/11\/Eurojackpot-online.webp\"},{\"@type\":\"BreadcrumbList\",\"@id\":\"https:\/\/lottomat.com\/pl\/graj\/eurojackpot\/#breadcrumb\",\"itemListElement\":[{\"@type\":\"ListItem\",\"position\":1,\"name\":\"Home\",\"item\":\"https:\/\/lottomat.com\/pl\/\"},{\"@type\":\"ListItem\",\"position\":2,\"name\":\"Graj w Loterie\",\"item\":\"https:\/\/lottomat.com\/pl\/graj\/\"},{\"@type\":\"ListItem\",\"position\":3,\"name\":\"Graj w Eurojackpot online\"}]},{\"@type\":\"WebSite\",\"@id\":\"https:\/\/lottomat.com\/pl\/#website\",\"url\":\"https:\/\/lottomat.com\/pl\/\",\"name\":\"Lottomat\",\"description\":\"\",\"potentialAction\":[{\"@type\":\"SearchAction\",\"target\":{\"@type\":\"EntryPoint\",\"urlTemplate\":\"https:\/\/lottomat.com\/pl\/?s={search_term_string}\"},\"query-input\":{\"@type\":\"PropertyValueSpecification\",\"valueRequired\":true,\"valueName\":\"search_term_string\"}}],\"inLanguage\":\"pl-PL\"}]}<\/script>\n<!-- \/ Yoast SEO plugin. -->","yoast_head_json":{"title":"Eurojackpot Online \u2013 Losy Eurojackpot \u2013 LottoMat","description":"Graj w Eurojackpot online i wygrywaj wielkie nagrody w Lottomat! Wybierz swoje liczby i kup losy Eurojackpot online w dowolnym momencie!","robots":{"index":"index","follow":"follow","max-snippet":"max-snippet:-1","max-image-preview":"max-image-preview:large","max-video-preview":"max-video-preview:-1"},"canonical":"https:\/\/lottomat.com\/pl\/graj\/eurojackpot\/","og_locale":"pl_PL","og_type":"article","og_title":"Eurojackpot Online \u2013 Losy Eurojackpot \u2013 LottoMat","og_description":"Graj w Eurojackpot online i wygrywaj wielkie nagrody w Lottomat! Wybierz swoje liczby i kup losy Eurojackpot online w dowolnym momencie!","og_url":"https:\/\/lottomat.com\/pl\/graj\/eurojackpot\/","og_site_name":"Lottomat","article_modified_time":"2025-12-21T14:00:24+00:00","og_image":[{"url":"https:\/\/lottomat.com\/wp-content\/uploads\/2025\/11\/Eurojackpot-online.webp"}],"twitter_card":"summary_large_image","twitter_misc":{"Szacowany czas czytania":"7 minut"},"schema":{"@context":"https:\/\/schema.org","@graph":[{"@type":"WebPage","@id":"https:\/\/lottomat.com\/pl\/graj\/eurojackpot\/","url":"https:\/\/lottomat.com\/pl\/graj\/eurojackpot\/","name":"Eurojackpot Online \u2013 Losy Eurojackpot \u2013 LottoMat","isPartOf":{"@id":"https:\/\/lottomat.com\/pl\/#website"},"primaryImageOfPage":{"@id":"https:\/\/lottomat.com\/pl\/graj\/eurojackpot\/#primaryimage"},"image":{"@id":"https:\/\/lottomat.com\/pl\/graj\/eurojackpot\/#primaryimage"},"thumbnailUrl":"https:\/\/lottomat.com\/wp-content\/uploads\/2025\/11\/Eurojackpot-online.webp","datePublished":"2025-03-26T08:02:36+00:00","dateModified":"2025-12-21T14:00:24+00:00","description":"Graj w Eurojackpot online i wygrywaj wielkie nagrody w Lottomat! Wybierz swoje liczby i kup losy Eurojackpot online w dowolnym momencie!","breadcrumb":{"@id":"https:\/\/lottomat.com\/pl\/graj\/eurojackpot\/#breadcrumb"},"inLanguage":"pl-PL","potentialAction":[{"@type":"ReadAction","target":["https:\/\/lottomat.com\/pl\/graj\/eurojackpot\/"]}]},{"@type":"ImageObject","inLanguage":"pl-PL","@id":"https:\/\/lottomat.com\/pl\/graj\/eurojackpot\/#primaryimage","url":"https:\/\/lottomat.com\/wp-content\/uploads\/2025\/11\/Eurojackpot-online.webp","contentUrl":"https:\/\/lottomat.com\/wp-content\/uploads\/2025\/11\/Eurojackpot-online.webp"},{"@type":"BreadcrumbList","@id":"https:\/\/lottomat.com\/pl\/graj\/eurojackpot\/#breadcrumb","itemListElement":[{"@type":"ListItem","position":1,"name":"Home","item":"https:\/\/lottomat.com\/pl\/"},{"@type":"ListItem","position":2,"name":"Graj w Loterie","item":"https:\/\/lottomat.com\/pl\/graj\/"},{"@type":"ListItem","position":3,"name":"Graj w Eurojackpot online"}]},{"@type":"WebSite","@id":"https:\/\/lottomat.com\/pl\/#website","url":"https:\/\/lottomat.com\/pl\/","name":"Lottomat","description":"","potentialAction":[{"@type":"SearchAction","target":{"@type":"EntryPoint","urlTemplate":"https:\/\/lottomat.com\/pl\/?s={search_term_string}"},"query-input":{"@type":"PropertyValueSpecification","valueRequired":true,"valueName":"search_term_string"}}],"inLanguage":"pl-PL"}]}},"_links":{"self":[{"href":"https:\/\/lottomat.com\/pl\/wp-json\/wp\/v2\/pages\/9081","targetHints":{"allow":["GET"]}}],"collection":[{"href":"https:\/\/lottomat.com\/pl\/wp-json\/wp\/v2\/pages"}],"about":[{"href":"https:\/\/lottomat.com\/pl\/wp-json\/wp\/v2\/types\/page"}],"author":[{"embeddable":true,"href":"https:\/\/lottomat.com\/pl\/wp-json\/wp\/v2\/users\/1"}],"replies":[{"embeddable":true,"href":"https:\/\/lottomat.com\/pl\/wp-json\/wp\/v2\/comments?post=9081"}],"version-history":[{"count":2,"href":"https:\/\/lottomat.com\/pl\/wp-json\/wp\/v2\/pages\/9081\/revisions"}],"predecessor-version":[{"id":263208,"href":"https:\/\/lottomat.com\/pl\/wp-json\/wp\/v2\/pages\/9081\/revisions\/263208"}],"up":[{"embeddable":true,"href":"https:\/\/lottomat.com\/pl\/wp-json\/wp\/v2\/pages\/6786"}],"wp:attachment":[{"href":"https:\/\/lottomat.com\/pl\/wp-json\/wp\/v2\/media?parent=9081"}],"curies":[{"name":"wp","href":"https:\/\/api.w.org\/{rel}","templated":true}]}}