{"id":8643,"date":"2025-03-26T07:54:05","date_gmt":"2025-03-26T07:54:05","guid":{"rendered":"https:\/\/lottomat.net\/zagraj-w-loterie\/zagraj-w-mega-millions-online\/"},"modified":"2025-10-15T22:37:23","modified_gmt":"2025-10-15T22:37:23","slug":"mega-millions","status":"publish","type":"page","link":"https:\/\/lottomat.com\/pl\/graj\/mega-millions\/","title":{"rendered":"Graj w Mega Millions online \u2013 Kupony Mega Millions"},"content":{"rendered":"\n\n<div class=\"kk-star-ratings kksr-auto kksr-align-left kksr-valign-top\"\n    data-payload='{&quot;align&quot;:&quot;left&quot;,&quot;id&quot;:&quot;8643&quot;,&quot;slug&quot;:&quot;default&quot;,&quot;valign&quot;:&quot;top&quot;,&quot;ignore&quot;:&quot;&quot;,&quot;reference&quot;:&quot;auto&quot;,&quot;class&quot;:&quot;&quot;,&quot;count&quot;:&quot;0&quot;,&quot;legendonly&quot;:&quot;&quot;,&quot;readonly&quot;:&quot;&quot;,&quot;score&quot;:&quot;0&quot;,&quot;starsonly&quot;:&quot;&quot;,&quot;best&quot;:&quot;5&quot;,&quot;gap&quot;:&quot;5&quot;,&quot;greet&quot;:&quot;Rate this page&quot;,&quot;legend&quot;:&quot;0\\\/5 - (0 votes)&quot;,&quot;size&quot;:&quot;30&quot;,&quot;title&quot;:&quot;Graj w Mega Millions online \u2013 Kupony Mega Millions&quot;,&quot;width&quot;:&quot;0&quot;,&quot;_legend&quot;:&quot;{score}\\\/{best} - ({count} {votes})&quot;,&quot;font_factor&quot;:&quot;1.25&quot;}'>\n            \n<div class=\"kksr-stars\">\n    \n<div class=\"kksr-stars-inactive\">\n            <div class=\"kksr-star\" data-star=\"1\" style=\"padding-right: 5px\">\n            \n\n<div class=\"kksr-icon\" style=\"width: 30px; height: 30px;\"><\/div>\n        <\/div>\n            <div class=\"kksr-star\" data-star=\"2\" style=\"padding-right: 5px\">\n            \n\n<div class=\"kksr-icon\" style=\"width: 30px; height: 30px;\"><\/div>\n        <\/div>\n            <div class=\"kksr-star\" data-star=\"3\" style=\"padding-right: 5px\">\n            \n\n<div class=\"kksr-icon\" style=\"width: 30px; height: 30px;\"><\/div>\n        <\/div>\n            <div class=\"kksr-star\" data-star=\"4\" style=\"padding-right: 5px\">\n            \n\n<div class=\"kksr-icon\" style=\"width: 30px; height: 30px;\"><\/div>\n        <\/div>\n            <div class=\"kksr-star\" data-star=\"5\" style=\"padding-right: 5px\">\n            \n\n<div class=\"kksr-icon\" style=\"width: 30px; height: 30px;\"><\/div>\n        <\/div>\n    <\/div>\n    \n<div class=\"kksr-stars-active\" style=\"width: 0px;\">\n            <div class=\"kksr-star\" style=\"padding-right: 5px\">\n            \n\n<div class=\"kksr-icon\" style=\"width: 30px; height: 30px;\"><\/div>\n        <\/div>\n            <div class=\"kksr-star\" style=\"padding-right: 5px\">\n            \n\n<div class=\"kksr-icon\" style=\"width: 30px; height: 30px;\"><\/div>\n        <\/div>\n            <div class=\"kksr-star\" style=\"padding-right: 5px\">\n            \n\n<div class=\"kksr-icon\" style=\"width: 30px; height: 30px;\"><\/div>\n        <\/div>\n            <div class=\"kksr-star\" style=\"padding-right: 5px\">\n            \n\n<div class=\"kksr-icon\" style=\"width: 30px; height: 30px;\"><\/div>\n        <\/div>\n            <div class=\"kksr-star\" style=\"padding-right: 5px\">\n            \n\n<div class=\"kksr-icon\" style=\"width: 30px; height: 30px;\"><\/div>\n        <\/div>\n    <\/div>\n<\/div>\n                \n\n<div class=\"kksr-legend\" style=\"font-size: 24px;\">\n            <span class=\"kksr-muted\">Rate this page<\/span>\n    <\/div>\n    <\/div>\n<h2>Jak dzia\u0142a loteria Mega Millions?<\/h2>\n<p>Internetowa loteria Mega Millions to prosta gra liczbowa z \u0142atwymi do zapami\u0119tania zasadami. Zadaniem ka\u017cdego gracza jest wybranie pi\u0119ciu g\u0142\u00f3wnych liczb z zakresu od 1 do 70 oraz liczby Mega Ball, czyli unikalnej liczby bonusowej z zakresu od 1 do 24. G\u0142\u00f3wna wygrana trafia do gracza, kt\u00f3rego kupon zawiera wszystkie sze\u015b\u0107 wylosowanych liczb \u2013 pi\u0119\u0107 g\u0142\u00f3wnych i jedn\u0105 bonusow\u0105. Warto zaznaczy\u0107, \u017ce <strong>Mega Millions to loteria, kt\u00f3ra posiada a\u017c dziewi\u0119\u0107 poziom\u00f3w wygranych<\/strong>, na kt\u00f3rych ka\u017cdy uczestnik mo\u017ce zdoby\u0107 nagrod\u0119 pieni\u0119\u017cn\u0105. Co istotne, kupon Mega Millions z poprawnie wybran\u0105 jedynie liczb\u0105 Mega Ball r\u00f3wnie\u017c wygrywa. Jak wspomniano wcze\u015bniej, Mega Millions to loteria daj\u0105ca naprawd\u0119 du\u017ce szanse na wygranie milion\u00f3w dolar\u00f3w. Przeczytaj <a href=\"https:\/\/lottomat.com\/pl\/mega-millions\/\">wi\u0119cej o zasadach Mega Millions<\/a> na naszej stronie i dowiedz si\u0119 wi\u0119cej.<\/p>\n<h2><img loading=\"lazy\" decoding=\"async\" class=\"alignleft wp-image-251833\" src=\"https:\/\/lottomat.com\/wp-content\/uploads\/2025\/10\/play-Mega-Millions.webp\" alt=\"graj w Mega Millions\" width=\"200\" height=\"200\" srcset=\"https:\/\/lottomat.com\/wp-content\/uploads\/2025\/10\/play-Mega-Millions.webp 400w, https:\/\/lottomat.com\/wp-content\/uploads\/2025\/10\/play-Mega-Millions-300x300.webp 300w, https:\/\/lottomat.com\/wp-content\/uploads\/2025\/10\/play-Mega-Millions-150x150.webp 150w, https:\/\/lottomat.com\/wp-content\/uploads\/2025\/10\/play-Mega-Millions-100x100.webp 100w\" sizes=\"auto, (max-width: 200px) 100vw, 200px\" \/>Ile mo\u017cesz wygra\u0107 dzi\u0119ki Mega Millions online?<\/h2>\n<p>Poprawne wytypowanie wszystkich wylosowanych liczb gwarantuje wygran\u0105 g\u0142\u00f3wn\u0105 lub jej cz\u0119\u015b\u0107, je\u015bli wi\u0119cej ni\u017c jeden gracz trafi wszystkie numery. W przypadku kilku zwyci\u0119zc\u00f3w g\u0142\u00f3wna nagroda pieni\u0119\u017cna jest dzielona proporcjonalnie mi\u0119dzy nich. Je\u015bli trafisz pi\u0119\u0107 g\u0142\u00f3wnych liczb, ale nie Mega Ball, otrzymasz <strong>gwarantowan\u0105 nagrod\u0119 w wysoko\u015bci 1 000 000 USD<\/strong> (tak, dobrze widzisz \u2013 milion dolar\u00f3w za pi\u0119\u0107 poprawnych liczb!). Mega Millions to loteria z cz\u0119stymi kumulacjami, kt\u00f3re mog\u0105 osi\u0105ga\u0107 niewyobra\u017calne kwoty, dlatego wygrane kupony tej gry przynosz\u0105 naprawd\u0119 wysokie zyski. Mega Millions oferuje tak\u017ce dwie dodatkowe opcje. Niestety, funkcje te \u2013 w tym mo\u017cliwo\u015b\u0107 zakupu ta\u0144szego kuponu tylko na g\u0142\u00f3wn\u0105 wygran\u0105 lub opcja zwielokrotnienia nagr\u00f3d z ni\u017cszych poziom\u00f3w \u2013 s\u0105 dost\u0119pne jedynie dla mieszka\u0144c\u00f3w wybranych stan\u00f3w USA. Jednak\u017ce g\u0142\u00f3wna nagroda i pozosta\u0142e poziomy wygranych s\u0105 dost\u0119pne dla wszystkich pozosta\u0142ych graczy.<\/p>\n<h2>Jaka jest cena kuponu Mega Millions online?<\/h2>\n<p>Aby sprawdzi\u0107 koszt pojedynczego kuponu lub wi\u0119kszej ich liczby, skorzystaj ze strony Lottomat i opcji wyboru numer\u00f3w. Po wype\u0142nieniu kuponu jego cena zostanie wy\u015bwietlona pod formularzem. <strong>Kalkulator automatycznie obliczy warto\u015b\u0107 p\u0142atno\u015bci<\/strong> na podstawie liczby wybranych kupon\u00f3w Mega Millions online. Cena kuponu obejmuje jego koszt wraz z obowi\u0105zuj\u0105cymi op\u0142atami i prowizjami \u2013 jest to kwota ostateczna. Nie musisz martwi\u0107 si\u0119 o nic wi\u0119cej \u2013 wystarczy, \u017ce poczekasz na <a href=\"https:\/\/lottomat.com\/pl\/mega-millions\/\">aktualne wyniki losowania Mega Millions<\/a>.<\/p>\n<h2>Jak kupi\u0107 kupon Mega Millions online?<img loading=\"lazy\" decoding=\"async\" class=\"alignright wp-image-251863\" src=\"https:\/\/lottomat.com\/wp-content\/uploads\/2025\/10\/Mega-Millions-tickets.webp\" alt=\"kupony Mega Millions\" width=\"200\" height=\"200\" srcset=\"https:\/\/lottomat.com\/wp-content\/uploads\/2025\/10\/Mega-Millions-tickets.webp 400w, https:\/\/lottomat.com\/wp-content\/uploads\/2025\/10\/Mega-Millions-tickets-300x300.webp 300w, https:\/\/lottomat.com\/wp-content\/uploads\/2025\/10\/Mega-Millions-tickets-150x150.webp 150w, https:\/\/lottomat.com\/wp-content\/uploads\/2025\/10\/Mega-Millions-tickets-100x100.webp 100w\" sizes=\"auto, (max-width: 200px) 100vw, 200px\" \/><\/h2>\n<p>Aby wzi\u0105\u0107 udzia\u0142 w losowaniu Mega Millions, nie trzeba mieszka\u0107 w Stanach Zjednoczonych \u2013 <strong>jedyn\u0105 opcj\u0105 jest zakup kuponu Mega Millions online<\/strong>. Stacjonarne punkty sprzeda\u017cy dzia\u0142aj\u0105 wy\u0142\u0105cznie w USA. Wystarczy, \u017ce wype\u0142nisz kupon na stronie Lottomat i dokonasz p\u0142atno\u015bci (dost\u0119pnych jest kilka metod p\u0142atno\u015bci). Miliony dolar\u00f3w s\u0105 w zasi\u0119gu r\u0119ki \u2013 bez wychodzenia z domu, 24 godziny na dob\u0119, 7 dni w tygodniu. Dzi\u015b mo\u017cesz gra\u0107 w loteri\u0119 Mega Millions online, wygodnie siedz\u0105c w fotelu. Loterie internetowe stanowi\u0105 obecnie podstaw\u0119 tej bran\u017cy.<\/p>\n<h3>Harmonogram losowa\u0144 i wyniki<\/h3>\n<p>Tw\u00f3j kupon we\u017amie udzia\u0142 w ameryka\u0144skim losowaniu, a je\u015bli wygrasz, nagroda zostanie wyp\u0142acona jednorazowo lub w ratach \u2013 w zale\u017cno\u015bci od wybranej opcji. <strong>Losowania odbywaj\u0105 si\u0119 w ka\u017cd\u0105 \u015brod\u0119 i sobot\u0119<\/strong>, a <a href=\"https:\/\/lottomat.com\/pl\/wyniki-losowan\/\">aktualne wyniki losowa\u0144<\/a> mo\u017cesz sprawdzi\u0107 na stronie Lottomat. Wejd\u017a w zak\u0142adk\u0119 \u201eGraj\u201d i przekonaj si\u0119, jak \u0142atwo kupi\u0107 kupon online. Do wygranej potrzeba tylko odrobiny szcz\u0119\u015bcia!<\/p>\n<h2>Jak gra\u0107 w loteri\u0119 Mega Millions online?<\/h2>\n<p>Dzi\u0119ki naszej stronie nie musisz lecie\u0107 do USA, aby kupi\u0107 kupon Mega Millions. Wystarczy, \u017ce wybierzesz pi\u0119\u0107 g\u0142\u00f3wnych liczb z zakresu 1\u201370 oraz dodatkow\u0105 liczb\u0119 Mega Ball z zakresu 1\u201324. Mo\u017cesz te\u017c skorzysta\u0107 z funkcji losowego wyboru (Quick Pick), dzi\u0119ki kt\u00f3rej numery zostan\u0105 dobrane automatycznie. Aby zdoby\u0107 g\u0142\u00f3wn\u0105 nagrod\u0119, musisz poprawnie wytypowa\u0107 wszystkie liczby. Im mniej trafionych liczb, tym ni\u017csza wygrana. <strong>Wybierz pi\u0119\u0107 g\u0142\u00f3wnych liczb z zakresu 1\u201370 oraz jedn\u0105 unikaln\u0105 liczb\u0119 \u2013 Mega Ball \u2013 z zakresu 1\u201324.<\/strong> Wybierz swoje numery i zagraj o miliony ju\u017c dzi\u015b!<\/p>\n<h2><img loading=\"lazy\" decoding=\"async\" class=\"alignleft wp-image-251893\" src=\"https:\/\/lottomat.com\/wp-content\/uploads\/2025\/10\/buy-Mega-Millions-tickets.webp\" alt=\"kup kupony Mega Millions\" width=\"200\" height=\"200\" srcset=\"https:\/\/lottomat.com\/wp-content\/uploads\/2025\/10\/buy-Mega-Millions-tickets.webp 400w, https:\/\/lottomat.com\/wp-content\/uploads\/2025\/10\/buy-Mega-Millions-tickets-300x300.webp 300w, https:\/\/lottomat.com\/wp-content\/uploads\/2025\/10\/buy-Mega-Millions-tickets-150x150.webp 150w, https:\/\/lottomat.com\/wp-content\/uploads\/2025\/10\/buy-Mega-Millions-tickets-100x100.webp 100w\" sizes=\"auto, (max-width: 200px) 100vw, 200px\" \/>Najlepsze wskaz\u00f3wki, jak gra\u0107 w Mega Millions online i wygra\u0107<\/h2>\n<p>Rozs\u0105dna gra to klucz do maksymalnego wykorzystania zabawy przy jednoczesnym skutecznym zarz\u0105dzaniu bud\u017cetem. Oto kilka sprawdzonych strategii, kt\u00f3re mog\u0105 zwi\u0119kszy\u0107 Twoje szanse na wygran\u0105.<\/p>\n<h3>Strategia gry w grupie<\/h3>\n<p>Jak zagra\u0107 w loteri\u0119 z wi\u0119ksz\u0105 liczb\u0105 kupon\u00f3w, nie wydaj\u0105c przy tym fortuny? To proste \u2013 <strong>graj tylko wtedy, gdy nast\u0105pi kumulacja, i zapro\u015b do gry znajomych lub rodzin\u0119<\/strong>. To najlepszy spos\u00f3b na wygran\u0105, bo koszt kupon\u00f3w Mega Millions dzielicie mi\u0119dzy siebie. Pami\u0119taj, \u017ce im wi\u0119cej kupon\u00f3w kupisz, tym wi\u0119ksze masz szanse na trafienie nagrody.<\/p>\n<h3>Metody wyboru numer\u00f3w<\/h3>\n<p>Spos\u00f3b wyboru liczb zale\u017cy wy\u0142\u0105cznie od Ciebie. Mo\u017cesz skorzysta\u0107 z funkcji losowego wyboru (Quick Pick), aby Tw\u00f3j kupon zosta\u0142 wype\u0142niony przypadkowymi numerami, lub u\u017cy\u0107 swoich szcz\u0119\u015bliwych liczb. Je\u015bli chcesz \u2013 mo\u017cesz te\u017c przeanalizowa\u0107 wyniki poprzednich losowa\u0144, aby sprawdzi\u0107, kt\u00f3re numery s\u0105 losowane najcz\u0119\u015bciej, a kt\u00f3re najrzadziej, i opracowa\u0107 w\u0142asn\u0105 strategi\u0119 gry. <a href=\"https:\/\/lottomat.com\/pl\/graj\/\">kup kupon loterii<\/a> i \u017cyczymy Ci powodzenia!<\/p>\n<h2>Czy mo\u017cna kupi\u0107 wi\u0119cej kupon\u00f3w Mega Millions online?<\/h2>\n<p>Tak, skorzystaj z opcji <strong>&#8222;Wi\u0119cej linii&#8221;<\/strong> i wybierz tyle, ile potrzebujesz. Ta funkcja pozwala zwi\u0119kszy\u0107 Twoje szanse na wygran\u0105 poprzez zakup wielu kupon\u00f3w w jednej transakcji. Im wi\u0119cej linii grasz, tym wi\u0119ksze masz szanse na trafienie zwyci\u0119skiej kombinacji.<\/p>\n<h2>Czy mo\u017cna kupi\u0107 kupony Mega Millions online na kilka losowa\u0144?<img loading=\"lazy\" decoding=\"async\" class=\"alignright wp-image-251923\" src=\"https:\/\/lottomat.com\/wp-content\/uploads\/2025\/10\/Mega-Millions-online.webp\" alt=\"Mega Millions online\" width=\"200\" height=\"200\" srcset=\"https:\/\/lottomat.com\/wp-content\/uploads\/2025\/10\/Mega-Millions-online.webp 400w, https:\/\/lottomat.com\/wp-content\/uploads\/2025\/10\/Mega-Millions-online-300x300.webp 300w, https:\/\/lottomat.com\/wp-content\/uploads\/2025\/10\/Mega-Millions-online-150x150.webp 150w, https:\/\/lottomat.com\/wp-content\/uploads\/2025\/10\/Mega-Millions-online-100x100.webp 100w\" sizes=\"auto, (max-width: 200px) 100vw, 200px\" \/><\/h2>\n<p>Tak, na stronie Lottomat mo\u017cesz <strong>kupi\u0107 kupony z wyprzedzeniem na maksymalnie 8 losowa\u0144<\/strong>. Ta wygodna funkcja oznacza, \u017ce nie musisz pami\u0119ta\u0107 o zakupie kuponu przed ka\u017cdym losowaniem. Mo\u017cesz ustawi\u0107 swoje liczby raz, a system automatycznie we\u017amie udzia\u0142 w kolejnych losowaniach. To idealna opcja dla graczy, kt\u00f3rzy maj\u0105 swoje ulubione numery i nie chc\u0105 przegapi\u0107 \u017cadnego losowania.<\/p>\n<h2>Czy granie w Mega Millions online jest bezpieczne?<\/h2>\n<p>Gra na stronie Lottomat jest <strong>w pe\u0142ni bezpieczna i pewna<\/strong>. Wszystkie kupony s\u0105 skanowane, a dane osobowe i finansowe graczy chronione s\u0105 zgodnie z najwy\u017cszymi standardami bezpiecze\u0144stwa. Nasza platforma korzysta z nowoczesnej technologii szyfrowania, aby zabezpieczy\u0107 wszystkie transakcje i zakupy kupon\u00f3w. Pami\u0119taj jednak, \u017ce <strong>gra w Mega Millions powinna by\u0107 traktowana jako forma rozrywki<\/strong>. Nigdy nie ryzykuj pieni\u0119dzy, na kt\u00f3rych strat\u0119 nie mo\u017cesz sobie pozwoli\u0107. Graj odpowiedzialnie i w ramach swoich mo\u017cliwo\u015bci \u2013 traktuj kupony loterii jako zabaw\u0119, a nie strategi\u0119 inwestycyjn\u0105.<\/p>\n","protected":false},"excerpt":{"rendered":"<p>Jak dzia\u0142a loteria Mega Millions? Internetowa loteria Mega Millions to prosta gra liczbowa z \u0142atwymi do zapami\u0119tania zasadami. Zadaniem ka\u017cdego gracza jest wybranie pi\u0119ciu g\u0142\u00f3wnych liczb z zakresu od 1 do 70 oraz liczby Mega Ball, czyli unikalnej liczby bonusowej z zakresu od 1 do 24. G\u0142\u00f3wna wygrana trafia do gracza, kt\u00f3rego kupon zawiera wszystkie [&hellip;]<\/p>\n","protected":false},"author":1,"featured_media":0,"parent":6786,"menu_order":2,"comment_status":"closed","ping_status":"closed","template":"megamillion.php","meta":{"_et_pb_use_builder":"","_et_pb_old_content":"","_et_gb_content_width":"","exclude_from_search":false,"footnotes":""},"class_list":["post-8643","page","type-page","status-publish","hentry"],"yoast_head":"<!-- This site is optimized with the Yoast SEO plugin v23.8 - https:\/\/yoast.com\/wordpress\/plugins\/seo\/ -->\n<title>Kupony loterii Mega Millions - Zagraj w Mega Millions online - Lottomat<\/title>\n<meta name=\"description\" content=\"Loteria Mega Millions online to \u015bwiatowej s\u0142awy mega loteria, a dzi\u015b mo\u017cesz w ni\u0105 zagra\u0107 r\u00f3wnie\u017c na stronie LottoMat! Zagraj teraz.\" \/>\n<meta name=\"robots\" content=\"index, follow, max-snippet:-1, max-image-preview:large, max-video-preview:-1\" \/>\n<link rel=\"canonical\" href=\"https:\/\/lottomat.com\/pl\/graj\/mega-millions\/\" \/>\n<meta property=\"og:locale\" content=\"pl_PL\" \/>\n<meta property=\"og:type\" content=\"article\" \/>\n<meta property=\"og:title\" content=\"Kupony loterii Mega Millions - Zagraj w Mega Millions online - Lottomat\" \/>\n<meta property=\"og:description\" content=\"Loteria Mega Millions online to \u015bwiatowej s\u0142awy mega loteria, a dzi\u015b mo\u017cesz w ni\u0105 zagra\u0107 r\u00f3wnie\u017c na stronie LottoMat! Zagraj teraz.\" \/>\n<meta property=\"og:url\" content=\"https:\/\/lottomat.com\/pl\/graj\/mega-millions\/\" \/>\n<meta property=\"og:site_name\" content=\"Lottomat\" \/>\n<meta property=\"article:modified_time\" content=\"2025-10-15T22:37:23+00:00\" \/>\n<meta property=\"og:image\" content=\"https:\/\/lottomat.com\/wp-content\/uploads\/2025\/10\/play-Mega-Millions.webp\" \/>\n<meta name=\"twitter:card\" content=\"summary_large_image\" \/>\n<meta name=\"twitter:label1\" content=\"Szacowany czas czytania\" \/>\n\t<meta name=\"twitter:data1\" content=\"5 minut\" \/>\n<script type=\"application\/ld+json\" class=\"yoast-schema-graph\">{\"@context\":\"https:\/\/schema.org\",\"@graph\":[{\"@type\":\"WebPage\",\"@id\":\"https:\/\/lottomat.com\/pl\/graj\/mega-millions\/\",\"url\":\"https:\/\/lottomat.com\/pl\/graj\/mega-millions\/\",\"name\":\"Kupony loterii Mega Millions - Zagraj w Mega Millions online - Lottomat\",\"isPartOf\":{\"@id\":\"https:\/\/lottomat.com\/pl\/#website\"},\"primaryImageOfPage\":{\"@id\":\"https:\/\/lottomat.com\/pl\/graj\/mega-millions\/#primaryimage\"},\"image\":{\"@id\":\"https:\/\/lottomat.com\/pl\/graj\/mega-millions\/#primaryimage\"},\"thumbnailUrl\":\"https:\/\/lottomat.com\/wp-content\/uploads\/2025\/10\/play-Mega-Millions.webp\",\"datePublished\":\"2025-03-26T07:54:05+00:00\",\"dateModified\":\"2025-10-15T22:37:23+00:00\",\"description\":\"Loteria Mega Millions online to \u015bwiatowej s\u0142awy mega loteria, a dzi\u015b mo\u017cesz w ni\u0105 zagra\u0107 r\u00f3wnie\u017c na stronie LottoMat! Zagraj teraz.\",\"breadcrumb\":{\"@id\":\"https:\/\/lottomat.com\/pl\/graj\/mega-millions\/#breadcrumb\"},\"inLanguage\":\"pl-PL\",\"potentialAction\":[{\"@type\":\"ReadAction\",\"target\":[\"https:\/\/lottomat.com\/pl\/graj\/mega-millions\/\"]}]},{\"@type\":\"ImageObject\",\"inLanguage\":\"pl-PL\",\"@id\":\"https:\/\/lottomat.com\/pl\/graj\/mega-millions\/#primaryimage\",\"url\":\"https:\/\/lottomat.com\/wp-content\/uploads\/2025\/10\/play-Mega-Millions.webp\",\"contentUrl\":\"https:\/\/lottomat.com\/wp-content\/uploads\/2025\/10\/play-Mega-Millions.webp\"},{\"@type\":\"BreadcrumbList\",\"@id\":\"https:\/\/lottomat.com\/pl\/graj\/mega-millions\/#breadcrumb\",\"itemListElement\":[{\"@type\":\"ListItem\",\"position\":1,\"name\":\"Home\",\"item\":\"https:\/\/lottomat.com\/pl\/\"},{\"@type\":\"ListItem\",\"position\":2,\"name\":\"Graj w Loterie\",\"item\":\"https:\/\/lottomat.com\/pl\/graj\/\"},{\"@type\":\"ListItem\",\"position\":3,\"name\":\"Graj w Mega Millions online \u2013 Kupony Mega Millions\"}]},{\"@type\":\"WebSite\",\"@id\":\"https:\/\/lottomat.com\/pl\/#website\",\"url\":\"https:\/\/lottomat.com\/pl\/\",\"name\":\"Lottomat\",\"description\":\"\",\"potentialAction\":[{\"@type\":\"SearchAction\",\"target\":{\"@type\":\"EntryPoint\",\"urlTemplate\":\"https:\/\/lottomat.com\/pl\/?s={search_term_string}\"},\"query-input\":{\"@type\":\"PropertyValueSpecification\",\"valueRequired\":true,\"valueName\":\"search_term_string\"}}],\"inLanguage\":\"pl-PL\"}]}<\/script>\n<!-- \/ Yoast SEO plugin. -->","yoast_head_json":{"title":"Kupony loterii Mega Millions - Zagraj w Mega Millions online - Lottomat","description":"Loteria Mega Millions online to \u015bwiatowej s\u0142awy mega loteria, a dzi\u015b mo\u017cesz w ni\u0105 zagra\u0107 r\u00f3wnie\u017c na stronie LottoMat! Zagraj teraz.","robots":{"index":"index","follow":"follow","max-snippet":"max-snippet:-1","max-image-preview":"max-image-preview:large","max-video-preview":"max-video-preview:-1"},"canonical":"https:\/\/lottomat.com\/pl\/graj\/mega-millions\/","og_locale":"pl_PL","og_type":"article","og_title":"Kupony loterii Mega Millions - Zagraj w Mega Millions online - Lottomat","og_description":"Loteria Mega Millions online to \u015bwiatowej s\u0142awy mega loteria, a dzi\u015b mo\u017cesz w ni\u0105 zagra\u0107 r\u00f3wnie\u017c na stronie LottoMat! Zagraj teraz.","og_url":"https:\/\/lottomat.com\/pl\/graj\/mega-millions\/","og_site_name":"Lottomat","article_modified_time":"2025-10-15T22:37:23+00:00","og_image":[{"url":"https:\/\/lottomat.com\/wp-content\/uploads\/2025\/10\/play-Mega-Millions.webp"}],"twitter_card":"summary_large_image","twitter_misc":{"Szacowany czas czytania":"5 minut"},"schema":{"@context":"https:\/\/schema.org","@graph":[{"@type":"WebPage","@id":"https:\/\/lottomat.com\/pl\/graj\/mega-millions\/","url":"https:\/\/lottomat.com\/pl\/graj\/mega-millions\/","name":"Kupony loterii Mega Millions - Zagraj w Mega Millions online - Lottomat","isPartOf":{"@id":"https:\/\/lottomat.com\/pl\/#website"},"primaryImageOfPage":{"@id":"https:\/\/lottomat.com\/pl\/graj\/mega-millions\/#primaryimage"},"image":{"@id":"https:\/\/lottomat.com\/pl\/graj\/mega-millions\/#primaryimage"},"thumbnailUrl":"https:\/\/lottomat.com\/wp-content\/uploads\/2025\/10\/play-Mega-Millions.webp","datePublished":"2025-03-26T07:54:05+00:00","dateModified":"2025-10-15T22:37:23+00:00","description":"Loteria Mega Millions online to \u015bwiatowej s\u0142awy mega loteria, a dzi\u015b mo\u017cesz w ni\u0105 zagra\u0107 r\u00f3wnie\u017c na stronie LottoMat! Zagraj teraz.","breadcrumb":{"@id":"https:\/\/lottomat.com\/pl\/graj\/mega-millions\/#breadcrumb"},"inLanguage":"pl-PL","potentialAction":[{"@type":"ReadAction","target":["https:\/\/lottomat.com\/pl\/graj\/mega-millions\/"]}]},{"@type":"ImageObject","inLanguage":"pl-PL","@id":"https:\/\/lottomat.com\/pl\/graj\/mega-millions\/#primaryimage","url":"https:\/\/lottomat.com\/wp-content\/uploads\/2025\/10\/play-Mega-Millions.webp","contentUrl":"https:\/\/lottomat.com\/wp-content\/uploads\/2025\/10\/play-Mega-Millions.webp"},{"@type":"BreadcrumbList","@id":"https:\/\/lottomat.com\/pl\/graj\/mega-millions\/#breadcrumb","itemListElement":[{"@type":"ListItem","position":1,"name":"Home","item":"https:\/\/lottomat.com\/pl\/"},{"@type":"ListItem","position":2,"name":"Graj w Loterie","item":"https:\/\/lottomat.com\/pl\/graj\/"},{"@type":"ListItem","position":3,"name":"Graj w Mega Millions online \u2013 Kupony Mega Millions"}]},{"@type":"WebSite","@id":"https:\/\/lottomat.com\/pl\/#website","url":"https:\/\/lottomat.com\/pl\/","name":"Lottomat","description":"","potentialAction":[{"@type":"SearchAction","target":{"@type":"EntryPoint","urlTemplate":"https:\/\/lottomat.com\/pl\/?s={search_term_string}"},"query-input":{"@type":"PropertyValueSpecification","valueRequired":true,"valueName":"search_term_string"}}],"inLanguage":"pl-PL"}]}},"_links":{"self":[{"href":"https:\/\/lottomat.com\/pl\/wp-json\/wp\/v2\/pages\/8643","targetHints":{"allow":["GET"]}}],"collection":[{"href":"https:\/\/lottomat.com\/pl\/wp-json\/wp\/v2\/pages"}],"about":[{"href":"https:\/\/lottomat.com\/pl\/wp-json\/wp\/v2\/types\/page"}],"author":[{"embeddable":true,"href":"https:\/\/lottomat.com\/pl\/wp-json\/wp\/v2\/users\/1"}],"replies":[{"embeddable":true,"href":"https:\/\/lottomat.com\/pl\/wp-json\/wp\/v2\/comments?post=8643"}],"version-history":[{"count":2,"href":"https:\/\/lottomat.com\/pl\/wp-json\/wp\/v2\/pages\/8643\/revisions"}],"predecessor-version":[{"id":256266,"href":"https:\/\/lottomat.com\/pl\/wp-json\/wp\/v2\/pages\/8643\/revisions\/256266"}],"up":[{"embeddable":true,"href":"https:\/\/lottomat.com\/pl\/wp-json\/wp\/v2\/pages\/6786"}],"wp:attachment":[{"href":"https:\/\/lottomat.com\/pl\/wp-json\/wp\/v2\/media?parent=8643"}],"curies":[{"name":"wp","href":"https:\/\/api.w.org\/{rel}","templated":true}]}}