{"id":8425,"date":"2025-03-26T07:52:23","date_gmt":"2025-03-26T07:52:23","guid":{"rendered":"https:\/\/lottomat.net\/zagraj-w-loterie\/zagraj-w-powerball-online\/"},"modified":"2025-11-08T13:11:36","modified_gmt":"2025-11-08T13:11:36","slug":"powerball","status":"publish","type":"page","link":"https:\/\/lottomat.com\/pl\/graj\/powerball\/","title":{"rendered":"Graj w Powerball Online &#8211; Losy Powerball"},"content":{"rendered":"\n\n<div class=\"kk-star-ratings kksr-auto kksr-align-left kksr-valign-top\"\n    data-payload='{&quot;align&quot;:&quot;left&quot;,&quot;id&quot;:&quot;8425&quot;,&quot;slug&quot;:&quot;default&quot;,&quot;valign&quot;:&quot;top&quot;,&quot;ignore&quot;:&quot;&quot;,&quot;reference&quot;:&quot;auto&quot;,&quot;class&quot;:&quot;&quot;,&quot;count&quot;:&quot;0&quot;,&quot;legendonly&quot;:&quot;&quot;,&quot;readonly&quot;:&quot;&quot;,&quot;score&quot;:&quot;0&quot;,&quot;starsonly&quot;:&quot;&quot;,&quot;best&quot;:&quot;5&quot;,&quot;gap&quot;:&quot;5&quot;,&quot;greet&quot;:&quot;Rate this page&quot;,&quot;legend&quot;:&quot;0\\\/5 - (0 votes)&quot;,&quot;size&quot;:&quot;30&quot;,&quot;title&quot;:&quot;Graj w Powerball Online - Losy Powerball&quot;,&quot;width&quot;:&quot;0&quot;,&quot;_legend&quot;:&quot;{score}\\\/{best} - ({count} {votes})&quot;,&quot;font_factor&quot;:&quot;1.25&quot;}'>\n            \n<div class=\"kksr-stars\">\n    \n<div class=\"kksr-stars-inactive\">\n            <div class=\"kksr-star\" data-star=\"1\" style=\"padding-right: 5px\">\n            \n\n<div class=\"kksr-icon\" style=\"width: 30px; height: 30px;\"><\/div>\n        <\/div>\n            <div class=\"kksr-star\" data-star=\"2\" style=\"padding-right: 5px\">\n            \n\n<div class=\"kksr-icon\" style=\"width: 30px; height: 30px;\"><\/div>\n        <\/div>\n            <div class=\"kksr-star\" data-star=\"3\" style=\"padding-right: 5px\">\n            \n\n<div class=\"kksr-icon\" style=\"width: 30px; height: 30px;\"><\/div>\n        <\/div>\n            <div class=\"kksr-star\" data-star=\"4\" style=\"padding-right: 5px\">\n            \n\n<div class=\"kksr-icon\" style=\"width: 30px; height: 30px;\"><\/div>\n        <\/div>\n            <div class=\"kksr-star\" data-star=\"5\" style=\"padding-right: 5px\">\n            \n\n<div class=\"kksr-icon\" style=\"width: 30px; height: 30px;\"><\/div>\n        <\/div>\n    <\/div>\n    \n<div class=\"kksr-stars-active\" style=\"width: 0px;\">\n            <div class=\"kksr-star\" style=\"padding-right: 5px\">\n            \n\n<div class=\"kksr-icon\" style=\"width: 30px; height: 30px;\"><\/div>\n        <\/div>\n            <div class=\"kksr-star\" style=\"padding-right: 5px\">\n            \n\n<div class=\"kksr-icon\" style=\"width: 30px; height: 30px;\"><\/div>\n        <\/div>\n            <div class=\"kksr-star\" style=\"padding-right: 5px\">\n            \n\n<div class=\"kksr-icon\" style=\"width: 30px; height: 30px;\"><\/div>\n        <\/div>\n            <div class=\"kksr-star\" style=\"padding-right: 5px\">\n            \n\n<div class=\"kksr-icon\" style=\"width: 30px; height: 30px;\"><\/div>\n        <\/div>\n            <div class=\"kksr-star\" style=\"padding-right: 5px\">\n            \n\n<div class=\"kksr-icon\" style=\"width: 30px; height: 30px;\"><\/div>\n        <\/div>\n    <\/div>\n<\/div>\n                \n\n<div class=\"kksr-legend\" style=\"font-size: 24px;\">\n            <span class=\"kksr-muted\">Rate this page<\/span>\n    <\/div>\n    <\/div>\n<h2><img loading=\"lazy\" decoding=\"async\" class=\"alignleft wp-image-252142\" src=\"https:\/\/lottomat.com\/wp-content\/uploads\/2025\/10\/play-Powerball-150x150.webp\" alt=\"graj w Powerball\" width=\"200\" height=\"200\" srcset=\"https:\/\/lottomat.com\/wp-content\/uploads\/2025\/10\/play-Powerball-150x150.webp 150w, https:\/\/lottomat.com\/wp-content\/uploads\/2025\/10\/play-Powerball-300x300.webp 300w, https:\/\/lottomat.com\/wp-content\/uploads\/2025\/10\/play-Powerball-100x100.webp 100w, https:\/\/lottomat.com\/wp-content\/uploads\/2025\/10\/play-Powerball.webp 400w\" sizes=\"auto, (max-width: 200px) 100vw, 200px\" \/>Czym jest loteria Powerball?<\/h2>\n<p>Zacznijmy od zasad tej s\u0142ynnej loterii, kt\u00f3re s\u0105 bardzo proste, i z pewno\u015bci\u0105 szybko nauczysz si\u0119, jak gra\u0107 w Powerball online. Gra polega na wybraniu pi\u0119ciu liczb z zakresu od 1 do 69 oraz jednej dodatkowej liczby, zwanej Power Ball, z zakresu od 1 do 26. Je\u015bli gracz trafi wszystkie wylosowane liczby, wygrywa gwarantowan\u0105 g\u0142\u00f3wn\u0105 nagrod\u0119, jednak pami\u0119taj, \u017ce istnieje <strong>9 poziom\u00f3w wygranych<\/strong>. Nagrod\u0119 otrzymuje tak\u017ce gracz, kt\u00f3ry trafi jedynie dodatkow\u0105 liczb\u0119 Power Ball, czyli liczb\u0119 bonusow\u0105. W loterii Powerball online istnieje te\u017c ciekawe rozwi\u0105zanie dla graczy \u2013 nazywa si\u0119 <strong>Power Play<\/strong> i jest to dodatkowa opcja, kt\u00f3ra pozwala pomno\u017cy\u0107 wygrane (poza g\u0142\u00f3wn\u0105 nagrod\u0105). Jest jednak dost\u0119pna wy\u0142\u0105cznie na terenie Stan\u00f3w Zjednoczonych przy zakupie losu osobi\u015bcie w punkcie Powerball. Gracz, kt\u00f3ry trafi wszystkie g\u0142\u00f3wne liczby, ale nie zgadnie liczby bonusowej Powerball, otrzymuje gwarantowan\u0105 nagrod\u0119 w wysoko\u015bci <strong>1 000 000 dolar\u00f3w<\/strong>. Innymi s\u0142owy \u2013 osoba, kt\u00f3ra trafi 5 g\u0142\u00f3wnych liczb, wygrywa milion dolar\u00f3w. Kliknij i przeczytaj <a href=\"https:\/\/lottomat.com\/pl\/powerball\/\">wi\u0119cej o zasadach i nagrodach Powerball<\/a> na naszej stronie. Oczywi\u015bcie, tak jak w innych <a href=\"https:\/\/lottomat.com\/pl\/\">najlepszych loteriach na \u015bwiecie<\/a>, w przypadku braku zwyci\u0119zcy nast\u0119puje kumulacja, co daje szans\u0119 na wygranie ogromnych sum pieni\u0119dzy. Powerball zas\u0142yn\u0105\u0142 z los\u00f3w, kt\u00f3re zamienia\u0142y si\u0119 w miliony dolar\u00f3w. Najwi\u0119ksza wygrana w ameryka\u0144skiej loterii mia\u0142a miejsce <strong>7 listopada 2022 roku<\/strong> i wynios\u0142a <strong>2,04 miliarda dolar\u00f3w<\/strong>, przy warto\u015bci got\u00f3wkowej <strong>997,6 miliona dolar\u00f3w<\/strong>.<\/p>\n<h2>Jak kupi\u0107 losy Powerball?<img loading=\"lazy\" decoding=\"async\" class=\"alignright wp-image-252172\" src=\"https:\/\/lottomat.com\/wp-content\/uploads\/2025\/10\/Powerball-lottery-tickets-300x300.webp\" alt=\"losy Powerball\" width=\"200\" height=\"200\" srcset=\"https:\/\/lottomat.com\/wp-content\/uploads\/2025\/10\/Powerball-lottery-tickets-300x300.webp 300w, https:\/\/lottomat.com\/wp-content\/uploads\/2025\/10\/Powerball-lottery-tickets-150x150.webp 150w, https:\/\/lottomat.com\/wp-content\/uploads\/2025\/10\/Powerball-lottery-tickets-100x100.webp 100w, https:\/\/lottomat.com\/wp-content\/uploads\/2025\/10\/Powerball-lottery-tickets.webp 400w\" sizes=\"auto, (max-width: 200px) 100vw, 200px\" \/><\/h2>\n<p>Dzi\u0119ki zmianom zasad gry w Powerball nie musisz by\u0107 obywatelem Stan\u00f3w Zjednoczonych ani przebywa\u0107 na ich terytorium. Mo\u017cesz wzi\u0105\u0107 udzia\u0142 w <strong>loterii Powerball online za po\u015brednictwem strony LottoMat<\/strong>. To bardzo wygodne \u2013 mo\u017cesz kupowa\u0107 losy Powerball o dowolnej porze dnia i nocy, siedem dni w tygodniu. Wystarczy wybra\u0107 opcj\u0119 Graj na stronie LottoMat i wype\u0142ni\u0107 odpowiedni\u0105 liczb\u0119 los\u00f3w. Nast\u0119pnie trzeba tylko uzbroi\u0107 si\u0119 w cierpliwo\u015b\u0107 i poczeka\u0107 na losowanie, kt\u00f3re odbywa si\u0119 w ka\u017cdy <strong>wtorek, czwartek i niedziel\u0119 o 02:59 UTC<\/strong>. Strona LottoMat gwarantuje, \u017ce los jest wa\u017cny i bierze udzia\u0142 w losowaniu nagr\u00f3d Powerball. Zakupu mo\u017cna dokona\u0107 przy u\u017cyciu komputera lub telefonu kom\u00f3rkowego <strong>z dowolnego miejsca na \u015bwiecie i o ka\u017cdej porze<\/strong>. Wystarczy za\u0142o\u017cy\u0107 bezpieczne konto u\u017cytkownika, kupi\u0107 los i czeka\u0107 na wygran\u0105!<\/p>\n<h2>Ile kosztuje los Powerball online?<\/h2>\n<p>Aby obliczy\u0107 koszt losu, wystarczy wype\u0142ni\u0107 jeden lub kilka los\u00f3w na stronie LottoMat. Po wybraniu liczb <strong>cena pojawi si\u0119 pod wszystkimi losami<\/strong>. Po wype\u0142nieniu wi\u0119cej ni\u017c jednego losu kalkulator automatycznie obliczy \u0142\u0105czn\u0105 kwot\u0119, czyli ostateczn\u0105 cen\u0119. Zawiera ona koszt wszystkich los\u00f3w Powerball oraz prowizj\u0119.<\/p>\n<h2><img loading=\"lazy\" decoding=\"async\" class=\"alignleft wp-image-252202\" src=\"https:\/\/lottomat.com\/wp-content\/uploads\/2025\/10\/Powerball-online-tickets-300x300.webp\" alt=\"losy Powerball online\" width=\"200\" height=\"200\" srcset=\"https:\/\/lottomat.com\/wp-content\/uploads\/2025\/10\/Powerball-online-tickets-300x300.webp 300w, https:\/\/lottomat.com\/wp-content\/uploads\/2025\/10\/Powerball-online-tickets-150x150.webp 150w, https:\/\/lottomat.com\/wp-content\/uploads\/2025\/10\/Powerball-online-tickets-100x100.webp 100w, https:\/\/lottomat.com\/wp-content\/uploads\/2025\/10\/Powerball-online-tickets.webp 400w\" sizes=\"auto, (max-width: 200px) 100vw, 200px\" \/><\/h2>\n<h2>Jak gra\u0107 w Powerball online?<\/h2>\n<p>Dzi\u0119ki naszej stronie najpopularniejsza loteria na \u015bwiecie jest teraz dost\u0119pna bez wychodzenia z domu. Aby zagra\u0107 w Powerball online, wybierz <strong>pi\u0119\u0107 g\u0142\u00f3wnych liczb z zakresu 1\u201369 oraz dodatkow\u0105 liczb\u0119 Power Ball z zakresu 1\u201326<\/strong>. Mo\u017cesz wybra\u0107 liczby r\u0119cznie lub skorzysta\u0107 z opcji <strong>Szybki wyb\u00f3r<\/strong>, aby losowo wygenerowa\u0107 liczby. To takie proste! Gra przez LottoMat jest ca\u0142kowicie bezpieczna. <strong>Skanujemy wszystkie zakupione losy, aby potwierdzi\u0107 ich wa\u017cno\u015b\u0107 i zapewni\u0107 Ci spok\u00f3j ducha.<\/strong> Dzi\u0119ki LottoMat mo\u017cesz gra\u0107 w Powerball online z dowolnego miejsca na \u015bwiecie \u2013 wystarczy <strong>dost\u0119p do internetu i mo\u017cliwo\u015b\u0107 p\u0142atno\u015bci online.<\/strong> Ta globalna dost\u0119pno\u015b\u0107 sprawia, \u017ce uczestnictwo w jednej z najbardziej ekscytuj\u0105cych loterii na \u015bwiecie jest prostsze ni\u017c kiedykolwiek wcze\u015bniej.<\/p>\n<h2>Czy mog\u0119 kupi\u0107 wi\u0119cej los\u00f3w Powerball online?<\/h2>\n<p><strong>Tak, oczywi\u015bcie mo\u017cesz kupi\u0107 wi\u0119cej los\u00f3w Powerball online<\/strong>, aby zwi\u0119kszy\u0107 swoje szanse na wygran\u0105. Wystarczy wybra\u0107 <strong>opcj\u0119 \u201ewi\u0119cej linii\u201d<\/strong> podczas gry i okre\u015bli\u0107, ile linii chcesz zagra\u0107. Ka\u017cda dodatkowa linia to kolejna szansa na wygranie jackpota lub jednej z nagr\u00f3d dodatkowych. Im wi\u0119cej los\u00f3w kupisz, tym wi\u0119ksze masz szanse na trafienie wygranych numer\u00f3w.<\/p>\n<h2>Czy mog\u0119 kupi\u0107 losy Powerball online na kilka losowa\u0144?<\/h2>\n<h2><img loading=\"lazy\" decoding=\"async\" class=\"alignright wp-image-252232\" src=\"https:\/\/lottomat.com\/wp-content\/uploads\/2025\/10\/Powerball-online-300x300.webp\" alt=\"Powerball online\" width=\"200\" height=\"200\" srcset=\"https:\/\/lottomat.com\/wp-content\/uploads\/2025\/10\/Powerball-online-300x300.webp 300w, https:\/\/lottomat.com\/wp-content\/uploads\/2025\/10\/Powerball-online-150x150.webp 150w, https:\/\/lottomat.com\/wp-content\/uploads\/2025\/10\/Powerball-online-100x100.webp 100w, https:\/\/lottomat.com\/wp-content\/uploads\/2025\/10\/Powerball-online.webp 400w\" sizes=\"auto, (max-width: 200px) 100vw, 200px\" \/><\/h2>\n<p>Oczywi\u015bcie! Na LottoMat mo\u017cesz <strong>kupi\u0107 losy Powerball z wyprzedzeniem a\u017c na 8 kolejnych losowa\u0144<\/strong>. Ta wygodna opcja oznacza, \u017ce nie musisz pami\u0119ta\u0107 o zakupie los\u00f3w przed ka\u017cdym losowaniem \u2013 Twoje liczby zostan\u0105 automatycznie uwzgl\u0119dnione w kolejnych losowaniach. Dzi\u0119ki temu <strong>nigdy nie przegapisz losowania<\/strong> i mo\u017cesz bra\u0107 udzia\u0142 w loterii przez kilka tygodni z rz\u0119du.<\/p>\n<h2>Jak sprawdzi\u0107 wyniki Powerball online?<\/h2>\n<p>Mo\u017cesz \u0142atwo sprawdzi\u0107 zar\u00f3wno <a href=\"https:\/\/lottomat.com\/pl\/powerball\/\">najnowsze, jak i archiwalne wyniki Powerball<\/a> bezpo\u015brednio na stronie LottoMat. Nasza strona z wynikami jest aktualizowana natychmiast po ka\u017cdym losowaniu, dzi\u0119ki czemu masz dost\u0119p do <strong>dok\u0142adnych i aktualnych numer\u00f3w wygrywaj\u0105cych.<\/strong> Niezale\u017cnie od tego, czy chcesz sprawdzi\u0107 ostatnie losowania, czy spojrze\u0107 w archiwum, wszystkie informacje znajdziesz w jednym miejscu. To wygodne rozwi\u0105zanie pozwala szybko sprawdzi\u0107, czy Twoje liczby wygra\u0142y, bez potrzeby szukania w innych \u017ar\u00f3d\u0142ach.<\/p>\n<h2><img loading=\"lazy\" decoding=\"async\" class=\"alignleft wp-image-252262\" src=\"https:\/\/lottomat.com\/wp-content\/uploads\/2025\/10\/Powerball-tickets-300x300.webp\" alt=\"losy Powerball\" width=\"200\" height=\"200\" srcset=\"https:\/\/lottomat.com\/wp-content\/uploads\/2025\/10\/Powerball-tickets-300x300.webp 300w, https:\/\/lottomat.com\/wp-content\/uploads\/2025\/10\/Powerball-tickets-150x150.webp 150w, https:\/\/lottomat.com\/wp-content\/uploads\/2025\/10\/Powerball-tickets-100x100.webp 100w, https:\/\/lottomat.com\/wp-content\/uploads\/2025\/10\/Powerball-tickets.webp 400w\" sizes=\"auto, (max-width: 200px) 100vw, 200px\" \/>Czy LottoMat skanuje losy Powerball online?<\/h2>\n<p><strong>Tak, oczywi\u015bcie!<\/strong> Nasi autoryzowani agenci fizycznie kupuj\u0105 losy Powerball w oficjalnych, licencjonowanych punktach w Twoim imieniu. <strong>Skanujemy i bezpiecznie przechowujemy oryginalne losy<\/strong>, aby zapewni\u0107 pe\u0142n\u0105 przejrzysto\u015b\u0107 i bezpiecze\u0144stwo graczy. Dzi\u0119ki temu masz dow\u00f3d zakupu i pewno\u015b\u0107, \u017ce Tw\u00f3j los bierze udzia\u0142 w oficjalnym losowaniu Powerball. Oryginalne losy s\u0105 przechowywane w bezpiecznych magazynach, co daje Ci spok\u00f3j o Twoj\u0105 inwestycj\u0119.<\/p>\n<h2>Jakie s\u0105 najlepsze wskaz\u00f3wki dotycz\u0105ce Powerball online?<\/h2>\n<p>Graj, szczeg\u00f3lnie gdy jest kumulacja. <strong>Powerball ma najwi\u0119ksze kumulacje na \u015bwiecie,<\/strong> a nawet z jednym losem masz szans\u0119 na wygran\u0105. Najwi\u0119kszy jackpot osi\u0105gn\u0105\u0142 a\u017c <strong>2,04 miliarda dolar\u00f3w!<\/strong> Mo\u017cesz tak\u017ce skorzysta\u0107 z najcz\u0119\u015bciej losowanych numer\u00f3w, kt\u00f3re znajdziesz na <a href=\"https:\/\/lottomat.com\/pl\/powerball\/\">stronie z wynikami losowa\u0144<\/a>. Znajdziesz tam zar\u00f3wno aktualne, jak i archiwalne wyniki. Pami\u0119taj, \u017ce <strong>gra w Powerball online powinna by\u0107 form\u0105 rozrywki,<\/strong> dlatego wa\u017cne jest, by gra\u0107 odpowiedzialnie i rozs\u0105dnie. Ustal sobie bud\u017cet i trzymaj si\u0119 go, traktuj\u0105c losy jako zabaw\u0119, a nie strategi\u0119 inwestycyjn\u0105.<\/p>\n<h3>Wskaz\u00f3wki, kt\u00f3re mog\u0105 zwi\u0119kszy\u0107 Twoje szanse na wygran\u0105<\/h3>\n<p>Kupuj\u0105c wi\u0119cej ni\u017c jeden los Powerball, zwi\u0119kszasz swoje szanse na trafienie wygrywaj\u0105cych liczb. Upewnij si\u0119, \u017ce wybierane przez Ciebie liczby s\u0105 zr\u00f3\u017cnicowane, poniewa\u017c zakres jest szeroki \u2013 nie ograniczaj si\u0119 wi\u0119c do dat urodzin, kt\u00f3re znacz\u0105co zaw\u0119\u017caj\u0105 wyb\u00f3r. Aby obni\u017cy\u0107 koszt <a href=\"https:\/\/lottomat.com\/pl\/graj\/\">zakupu los\u00f3w online<\/a>, mo\u017cesz zaprosi\u0107 bliskich do wsp\u00f3lnej gry \u2013 to zwi\u0119ksza szanse na wygran\u0105, a koszty mo\u017cna podzieli\u0107 mi\u0119dzy wi\u0119cej os\u00f3b, co sprawia, \u017ce gra staje si\u0119 ta\u0144sza. Graj, gdy s\u0105 <a href=\"https:\/\/lottomat.com\/pl\/informacje-o-loteriach\/\">najwi\u0119ksze kumulacje<\/a>, bo w\u0142a\u015bnie o to chodzi w Powerball \u2013 o szans\u0119 na wygran\u0105! <strong>Mo\u017cesz kupi\u0107 zwyci\u0119ski los w ka\u017cdej chwili i zosta\u0107 milionerem!<\/strong><\/p>\n","protected":false},"excerpt":{"rendered":"<p>Czym jest loteria Powerball? Zacznijmy od zasad tej s\u0142ynnej loterii, kt\u00f3re s\u0105 bardzo proste, i z pewno\u015bci\u0105 szybko nauczysz si\u0119, jak gra\u0107 w Powerball online. Gra polega na wybraniu pi\u0119ciu liczb z zakresu od 1 do 69 oraz jednej dodatkowej liczby, zwanej Power Ball, z zakresu od 1 do 26. Je\u015bli gracz trafi wszystkie wylosowane [&hellip;]<\/p>\n","protected":false},"author":1,"featured_media":0,"parent":6786,"menu_order":1,"comment_status":"closed","ping_status":"closed","template":"powerball-usa.php","meta":{"_et_pb_use_builder":"","_et_pb_old_content":"","_et_gb_content_width":"","exclude_from_search":false,"footnotes":""},"class_list":["post-8425","page","type-page","status-publish","hentry"],"yoast_head":"<!-- This site is optimized with the Yoast SEO plugin v23.8 - https:\/\/yoast.com\/wordpress\/plugins\/seo\/ -->\n<title>Jak zagra\u0107 w Powerball - Zagraj w Powerball online [5\/69 + 1\/26] - LottoMat<\/title>\n<meta name=\"description\" content=\"Chcesz zagra\u0107 w loteri\u0119 Powerball online? Dowiedz si\u0119, jak gra\u0107 w Powerball i zosta\u0144 milionerem! Kup losy Powerball online o ka\u017cdej porze!\" \/>\n<meta name=\"robots\" content=\"index, follow, max-snippet:-1, max-image-preview:large, max-video-preview:-1\" \/>\n<link rel=\"canonical\" href=\"https:\/\/lottomat.com\/pl\/graj\/powerball\/\" \/>\n<meta property=\"og:locale\" content=\"pl_PL\" \/>\n<meta property=\"og:type\" content=\"article\" \/>\n<meta property=\"og:title\" content=\"Jak zagra\u0107 w Powerball - Zagraj w Powerball online [5\/69 + 1\/26] - LottoMat\" \/>\n<meta property=\"og:description\" content=\"Chcesz zagra\u0107 w loteri\u0119 Powerball online? Dowiedz si\u0119, jak gra\u0107 w Powerball i zosta\u0144 milionerem! Kup losy Powerball online o ka\u017cdej porze!\" \/>\n<meta property=\"og:url\" content=\"https:\/\/lottomat.com\/pl\/graj\/powerball\/\" \/>\n<meta property=\"og:site_name\" content=\"Lottomat\" \/>\n<meta property=\"article:modified_time\" content=\"2025-11-08T13:11:36+00:00\" \/>\n<meta property=\"og:image\" content=\"https:\/\/lottomat.com\/wp-content\/uploads\/2025\/10\/play-Powerball-150x150.webp\" \/>\n<meta name=\"twitter:card\" content=\"summary_large_image\" \/>\n<meta name=\"twitter:label1\" content=\"Szacowany czas czytania\" \/>\n\t<meta name=\"twitter:data1\" content=\"6 minut\" \/>\n<script type=\"application\/ld+json\" class=\"yoast-schema-graph\">{\"@context\":\"https:\/\/schema.org\",\"@graph\":[{\"@type\":\"WebPage\",\"@id\":\"https:\/\/lottomat.com\/pl\/graj\/powerball\/\",\"url\":\"https:\/\/lottomat.com\/pl\/graj\/powerball\/\",\"name\":\"Jak zagra\u0107 w Powerball - Zagraj w Powerball online [5\/69 + 1\/26] - LottoMat\",\"isPartOf\":{\"@id\":\"https:\/\/lottomat.com\/pl\/#website\"},\"primaryImageOfPage\":{\"@id\":\"https:\/\/lottomat.com\/pl\/graj\/powerball\/#primaryimage\"},\"image\":{\"@id\":\"https:\/\/lottomat.com\/pl\/graj\/powerball\/#primaryimage\"},\"thumbnailUrl\":\"https:\/\/lottomat.com\/wp-content\/uploads\/2025\/10\/play-Powerball-150x150.webp\",\"datePublished\":\"2025-03-26T07:52:23+00:00\",\"dateModified\":\"2025-11-08T13:11:36+00:00\",\"description\":\"Chcesz zagra\u0107 w loteri\u0119 Powerball online? Dowiedz si\u0119, jak gra\u0107 w Powerball i zosta\u0144 milionerem! Kup losy Powerball online o ka\u017cdej porze!\",\"breadcrumb\":{\"@id\":\"https:\/\/lottomat.com\/pl\/graj\/powerball\/#breadcrumb\"},\"inLanguage\":\"pl-PL\",\"potentialAction\":[{\"@type\":\"ReadAction\",\"target\":[\"https:\/\/lottomat.com\/pl\/graj\/powerball\/\"]}]},{\"@type\":\"ImageObject\",\"inLanguage\":\"pl-PL\",\"@id\":\"https:\/\/lottomat.com\/pl\/graj\/powerball\/#primaryimage\",\"url\":\"https:\/\/lottomat.com\/wp-content\/uploads\/2025\/10\/play-Powerball-150x150.webp\",\"contentUrl\":\"https:\/\/lottomat.com\/wp-content\/uploads\/2025\/10\/play-Powerball-150x150.webp\"},{\"@type\":\"BreadcrumbList\",\"@id\":\"https:\/\/lottomat.com\/pl\/graj\/powerball\/#breadcrumb\",\"itemListElement\":[{\"@type\":\"ListItem\",\"position\":1,\"name\":\"Home\",\"item\":\"https:\/\/lottomat.com\/pl\/\"},{\"@type\":\"ListItem\",\"position\":2,\"name\":\"Graj w Loterie\",\"item\":\"https:\/\/lottomat.com\/pl\/graj\/\"},{\"@type\":\"ListItem\",\"position\":3,\"name\":\"Graj w Powerball Online &#8211; Losy Powerball\"}]},{\"@type\":\"WebSite\",\"@id\":\"https:\/\/lottomat.com\/pl\/#website\",\"url\":\"https:\/\/lottomat.com\/pl\/\",\"name\":\"Lottomat\",\"description\":\"\",\"potentialAction\":[{\"@type\":\"SearchAction\",\"target\":{\"@type\":\"EntryPoint\",\"urlTemplate\":\"https:\/\/lottomat.com\/pl\/?s={search_term_string}\"},\"query-input\":{\"@type\":\"PropertyValueSpecification\",\"valueRequired\":true,\"valueName\":\"search_term_string\"}}],\"inLanguage\":\"pl-PL\"}]}<\/script>\n<!-- \/ Yoast SEO plugin. -->","yoast_head_json":{"title":"Jak zagra\u0107 w Powerball - Zagraj w Powerball online [5\/69 + 1\/26] - LottoMat","description":"Chcesz zagra\u0107 w loteri\u0119 Powerball online? Dowiedz si\u0119, jak gra\u0107 w Powerball i zosta\u0144 milionerem! Kup losy Powerball online o ka\u017cdej porze!","robots":{"index":"index","follow":"follow","max-snippet":"max-snippet:-1","max-image-preview":"max-image-preview:large","max-video-preview":"max-video-preview:-1"},"canonical":"https:\/\/lottomat.com\/pl\/graj\/powerball\/","og_locale":"pl_PL","og_type":"article","og_title":"Jak zagra\u0107 w Powerball - Zagraj w Powerball online [5\/69 + 1\/26] - LottoMat","og_description":"Chcesz zagra\u0107 w loteri\u0119 Powerball online? Dowiedz si\u0119, jak gra\u0107 w Powerball i zosta\u0144 milionerem! Kup losy Powerball online o ka\u017cdej porze!","og_url":"https:\/\/lottomat.com\/pl\/graj\/powerball\/","og_site_name":"Lottomat","article_modified_time":"2025-11-08T13:11:36+00:00","og_image":[{"url":"https:\/\/lottomat.com\/wp-content\/uploads\/2025\/10\/play-Powerball-150x150.webp"}],"twitter_card":"summary_large_image","twitter_misc":{"Szacowany czas czytania":"6 minut"},"schema":{"@context":"https:\/\/schema.org","@graph":[{"@type":"WebPage","@id":"https:\/\/lottomat.com\/pl\/graj\/powerball\/","url":"https:\/\/lottomat.com\/pl\/graj\/powerball\/","name":"Jak zagra\u0107 w Powerball - Zagraj w Powerball online [5\/69 + 1\/26] - LottoMat","isPartOf":{"@id":"https:\/\/lottomat.com\/pl\/#website"},"primaryImageOfPage":{"@id":"https:\/\/lottomat.com\/pl\/graj\/powerball\/#primaryimage"},"image":{"@id":"https:\/\/lottomat.com\/pl\/graj\/powerball\/#primaryimage"},"thumbnailUrl":"https:\/\/lottomat.com\/wp-content\/uploads\/2025\/10\/play-Powerball-150x150.webp","datePublished":"2025-03-26T07:52:23+00:00","dateModified":"2025-11-08T13:11:36+00:00","description":"Chcesz zagra\u0107 w loteri\u0119 Powerball online? Dowiedz si\u0119, jak gra\u0107 w Powerball i zosta\u0144 milionerem! Kup losy Powerball online o ka\u017cdej porze!","breadcrumb":{"@id":"https:\/\/lottomat.com\/pl\/graj\/powerball\/#breadcrumb"},"inLanguage":"pl-PL","potentialAction":[{"@type":"ReadAction","target":["https:\/\/lottomat.com\/pl\/graj\/powerball\/"]}]},{"@type":"ImageObject","inLanguage":"pl-PL","@id":"https:\/\/lottomat.com\/pl\/graj\/powerball\/#primaryimage","url":"https:\/\/lottomat.com\/wp-content\/uploads\/2025\/10\/play-Powerball-150x150.webp","contentUrl":"https:\/\/lottomat.com\/wp-content\/uploads\/2025\/10\/play-Powerball-150x150.webp"},{"@type":"BreadcrumbList","@id":"https:\/\/lottomat.com\/pl\/graj\/powerball\/#breadcrumb","itemListElement":[{"@type":"ListItem","position":1,"name":"Home","item":"https:\/\/lottomat.com\/pl\/"},{"@type":"ListItem","position":2,"name":"Graj w Loterie","item":"https:\/\/lottomat.com\/pl\/graj\/"},{"@type":"ListItem","position":3,"name":"Graj w Powerball Online &#8211; Losy Powerball"}]},{"@type":"WebSite","@id":"https:\/\/lottomat.com\/pl\/#website","url":"https:\/\/lottomat.com\/pl\/","name":"Lottomat","description":"","potentialAction":[{"@type":"SearchAction","target":{"@type":"EntryPoint","urlTemplate":"https:\/\/lottomat.com\/pl\/?s={search_term_string}"},"query-input":{"@type":"PropertyValueSpecification","valueRequired":true,"valueName":"search_term_string"}}],"inLanguage":"pl-PL"}]}},"_links":{"self":[{"href":"https:\/\/lottomat.com\/pl\/wp-json\/wp\/v2\/pages\/8425","targetHints":{"allow":["GET"]}}],"collection":[{"href":"https:\/\/lottomat.com\/pl\/wp-json\/wp\/v2\/pages"}],"about":[{"href":"https:\/\/lottomat.com\/pl\/wp-json\/wp\/v2\/types\/page"}],"author":[{"embeddable":true,"href":"https:\/\/lottomat.com\/pl\/wp-json\/wp\/v2\/users\/1"}],"replies":[{"embeddable":true,"href":"https:\/\/lottomat.com\/pl\/wp-json\/wp\/v2\/comments?post=8425"}],"version-history":[{"count":2,"href":"https:\/\/lottomat.com\/pl\/wp-json\/wp\/v2\/pages\/8425\/revisions"}],"predecessor-version":[{"id":257002,"href":"https:\/\/lottomat.com\/pl\/wp-json\/wp\/v2\/pages\/8425\/revisions\/257002"}],"up":[{"embeddable":true,"href":"https:\/\/lottomat.com\/pl\/wp-json\/wp\/v2\/pages\/6786"}],"wp:attachment":[{"href":"https:\/\/lottomat.com\/pl\/wp-json\/wp\/v2\/media?parent=8425"}],"curies":[{"name":"wp","href":"https:\/\/api.w.org\/{rel}","templated":true}]}}