{"id":6408,"date":"2025-03-26T07:12:15","date_gmt":"2025-03-26T07:12:15","guid":{"rendered":"https:\/\/lottomat.net\/strona-glowna-najwieksze-loterie-swiata-w-jednym-miejscu\/"},"modified":"2026-02-13T11:24:36","modified_gmt":"2026-02-13T11:24:36","slug":"strona-glowna-najwieksze-loterie-swiata-w-jednym-miejscu","status":"publish","type":"page","link":"https:\/\/lottomat.com\/pl\/","title":{"rendered":"Strona g\u0142\u00f3wna &#8211; najwi\u0119ksze loterie \u015bwiata w jednym miejscu"},"content":{"rendered":"\n\n<div class=\"kk-star-ratings kksr-auto kksr-align-left kksr-valign-top\"\n    data-payload='{&quot;align&quot;:&quot;left&quot;,&quot;id&quot;:&quot;6408&quot;,&quot;slug&quot;:&quot;default&quot;,&quot;valign&quot;:&quot;top&quot;,&quot;ignore&quot;:&quot;&quot;,&quot;reference&quot;:&quot;auto&quot;,&quot;class&quot;:&quot;&quot;,&quot;count&quot;:&quot;0&quot;,&quot;legendonly&quot;:&quot;&quot;,&quot;readonly&quot;:&quot;&quot;,&quot;score&quot;:&quot;0&quot;,&quot;starsonly&quot;:&quot;&quot;,&quot;best&quot;:&quot;5&quot;,&quot;gap&quot;:&quot;5&quot;,&quot;greet&quot;:&quot;Rate this page&quot;,&quot;legend&quot;:&quot;0\\\/5 - (0 votes)&quot;,&quot;size&quot;:&quot;30&quot;,&quot;title&quot;:&quot;Strona g\u0142\u00f3wna - najwi\u0119ksze loterie \u015bwiata w jednym miejscu&quot;,&quot;width&quot;:&quot;0&quot;,&quot;_legend&quot;:&quot;{score}\\\/{best} - ({count} {votes})&quot;,&quot;font_factor&quot;:&quot;1.25&quot;}'>\n            \n<div class=\"kksr-stars\">\n    \n<div class=\"kksr-stars-inactive\">\n            <div class=\"kksr-star\" data-star=\"1\" style=\"padding-right: 5px\">\n            \n\n<div class=\"kksr-icon\" style=\"width: 30px; height: 30px;\"><\/div>\n        <\/div>\n            <div class=\"kksr-star\" data-star=\"2\" style=\"padding-right: 5px\">\n            \n\n<div class=\"kksr-icon\" style=\"width: 30px; height: 30px;\"><\/div>\n        <\/div>\n            <div class=\"kksr-star\" data-star=\"3\" style=\"padding-right: 5px\">\n            \n\n<div class=\"kksr-icon\" style=\"width: 30px; height: 30px;\"><\/div>\n        <\/div>\n            <div class=\"kksr-star\" data-star=\"4\" style=\"padding-right: 5px\">\n            \n\n<div class=\"kksr-icon\" style=\"width: 30px; height: 30px;\"><\/div>\n        <\/div>\n            <div class=\"kksr-star\" data-star=\"5\" style=\"padding-right: 5px\">\n            \n\n<div class=\"kksr-icon\" style=\"width: 30px; height: 30px;\"><\/div>\n        <\/div>\n    <\/div>\n    \n<div class=\"kksr-stars-active\" style=\"width: 0px;\">\n            <div class=\"kksr-star\" style=\"padding-right: 5px\">\n            \n\n<div class=\"kksr-icon\" style=\"width: 30px; height: 30px;\"><\/div>\n        <\/div>\n            <div class=\"kksr-star\" style=\"padding-right: 5px\">\n            \n\n<div class=\"kksr-icon\" style=\"width: 30px; height: 30px;\"><\/div>\n        <\/div>\n            <div class=\"kksr-star\" style=\"padding-right: 5px\">\n            \n\n<div class=\"kksr-icon\" style=\"width: 30px; height: 30px;\"><\/div>\n        <\/div>\n            <div class=\"kksr-star\" style=\"padding-right: 5px\">\n            \n\n<div class=\"kksr-icon\" style=\"width: 30px; height: 30px;\"><\/div>\n        <\/div>\n            <div class=\"kksr-star\" style=\"padding-right: 5px\">\n            \n\n<div class=\"kksr-icon\" style=\"width: 30px; height: 30px;\"><\/div>\n        <\/div>\n    <\/div>\n<\/div>\n                \n\n<div class=\"kksr-legend\" style=\"font-size: 24px;\">\n            <span class=\"kksr-muted\">Rate this page<\/span>\n    <\/div>\n    <\/div>\n<h2 style=\"text-align: left;\"><img loading=\"lazy\" decoding=\"async\" class=\"alignleft wp-image-1091\" src=\"https:\/\/lottomat.com\/wp-content\/uploads\/2025\/03\/play-lotteries-available-in-other-countries-300x300.png\" alt=\"graj w loterie dost\u0119pne w innych krajach\" width=\"130\" height=\"130\" srcset=\"https:\/\/lottomat.com\/wp-content\/uploads\/2025\/03\/play-lotteries-available-in-other-countries-300x300.png 300w, https:\/\/lottomat.com\/wp-content\/uploads\/2025\/03\/play-lotteries-available-in-other-countries-150x150.png 150w, https:\/\/lottomat.com\/wp-content\/uploads\/2025\/03\/play-lotteries-available-in-other-countries-100x100.png 100w, https:\/\/lottomat.com\/wp-content\/uploads\/2025\/03\/play-lotteries-available-in-other-countries.png 400w\" sizes=\"auto, (max-width: 130px) 100vw, 130px\" \/>Czy mog\u0119 gra\u0107 w loterie dost\u0119pne w innych krajach?<\/h2>\n<p>Tak, tak, tak! Odpowied\u017a na najcz\u0119\u015bciej zadawane pytanie przez naszych graczy brzmi tak &#8211; mo\u017cesz gra\u0107 w najwi\u0119ksze loterie \u015bwiata niezale\u017cnie od kraju zamieszkania. Na stronie Lottomat najwi\u0119ksze loterie s\u0105 dla Ciebie dost\u0119pne bez konieczno\u015bci odwiedzania jakiegokolwiek punktu loterii, w tym najbli\u017cszego w Twoim kraju zamieszkania. W Lottomat znajdziesz loterie gwarantuj\u0105ce najwi\u0119ksze wygrane, w\u015br\u00f3d nich SuperEnalotto, w kt\u00f3rej aby wygra\u0107 g\u0142\u00f3wn\u0105 nagrod\u0119, musisz poprawnie wytypowa\u0107 6 liczb spo\u015br\u00f3d 90. Jest tak\u017ce Eurojackpot i EuroMillions, kt\u00f3re s\u0105 najwi\u0119kszymi loteriami europejskimi; aby wygra\u0107, wystarczy wytypowa\u0107 pi\u0119\u0107 liczb spo\u015br\u00f3d 50. U nas mo\u017cesz tak\u017ce gra\u0107 w French Lotto, UK Lotto lub dwie fantastyczne hiszpa\u0144skie loterie, El Gordo i La Primitiva, oferuj\u0105ce wysokie szanse na wygran\u0105. W naszym portfolio znajdziesz r\u00f3wnie\u017c najwi\u0119ksze ameryka\u0144skie loterie, w tym Powerball, Mega Millions i wiele innych atrakcyjnych opcji, kt\u00f3re daj\u0105 Ci mo\u017cliwo\u015b\u0107 zwi\u0119kszenia swoich szans na wygran\u0105.<\/p>\n<hr \/>\n<h2><img loading=\"lazy\" decoding=\"async\" class=\"alignleft wp-image-21538 lazy loaded\" src=\"https:\/\/lottomat.net\/wp-content\/uploads\/2020\/06\/euro-jackpot-2.png\" alt=\"euro jackpot\" width=\"130\" height=\"130\" data-src=\"https:\/\/lottomat.net\/wp-content\/uploads\/2020\/06\/euro-jackpot-2.png\" data-was-processed=\"true\" srcset=\"https:\/\/lottomat.com\/wp-content\/uploads\/2020\/06\/euro-jackpot-2.png 400w, https:\/\/lottomat.com\/wp-content\/uploads\/2020\/06\/euro-jackpot-2-300x300.png 300w, https:\/\/lottomat.com\/wp-content\/uploads\/2020\/06\/euro-jackpot-2-150x150.png 150w, https:\/\/lottomat.com\/wp-content\/uploads\/2020\/06\/euro-jackpot-2-100x100.png 100w\" sizes=\"auto, (max-width: 130px) 100vw, 130px\" \/>Jak mog\u0119 kupi\u0107 kupony?<\/h2>\n<p>Kupowanie kupon\u00f3w lotto online jest niezwykle proste, szybkie i przede wszystkim bezpieczne. Wystarczy wybra\u0107 loteri\u0119, zaznaczy\u0107 liczby, wype\u0142ni\u0107 prost\u0105 rejestracj\u0119, op\u0142aci\u0107 kupon i po losowaniu sprawdzi\u0107, czy prawid\u0142owo wytypowa\u0142e\u015b.<\/p>\n<hr \/>\n<h2><img loading=\"lazy\" decoding=\"async\" class=\"alignleft wp-image-21566 lazy loaded\" src=\"https:\/\/lottomat.net\/wp-content\/uploads\/2020\/06\/Euro-Million.png\" alt=\"Euro Million\" width=\"130\" height=\"130\" data-src=\"https:\/\/lottomat.net\/wp-content\/uploads\/2020\/06\/Euro-Million.png\" data-was-processed=\"true\" srcset=\"https:\/\/lottomat.com\/wp-content\/uploads\/2020\/06\/Euro-Million.png 400w, https:\/\/lottomat.com\/wp-content\/uploads\/2020\/06\/Euro-Million-300x300.png 300w, https:\/\/lottomat.com\/wp-content\/uploads\/2020\/06\/Euro-Million-150x150.png 150w, https:\/\/lottomat.com\/wp-content\/uploads\/2020\/06\/Euro-Million-100x100.png 100w\" sizes=\"auto, (max-width: 130px) 100vw, 130px\" \/>Co si\u0119 dzieje po z\u0142o\u017ceniu zam\u00f3wienia kuponu online?<\/h2>\n<p>Jeden z naszych przedstawicieli zakupi w Twoim imieniu oficjalny kupon zgodnie z liczbami, kt\u00f3re wybra\u0142e\u015b. Tw\u00f3j kupon zostanie zdeponowany w sejfie do czasu losowania, a wybrane przez Ciebie liczby b\u0119d\u0105 widoczne na Twoim koncie u\u017cytkownika na naszej stronie. Ponadto przy dokonywaniu zakupu Lottomat powiadomi Ci\u0119 tak\u017ce e-mailem o kwocie wydanej na zakup kupon\u00f3w, sposobie p\u0142atno\u015bci oraz wybranych przez Ciebie liczbach. Dodatkowo skan zakupionego kuponu zostanie umieszczony na Twoim koncie.<\/p>\n<hr \/>\n<h2><img loading=\"lazy\" decoding=\"async\" class=\"alignleft wp-image-21594 lazy loaded\" src=\"https:\/\/lottomat.net\/wp-content\/uploads\/2020\/06\/Euro-Millions.png\" alt=\"Euro Millions\" width=\"122\" height=\"122\" data-src=\"https:\/\/lottomat.net\/wp-content\/uploads\/2020\/06\/Euro-Millions.png\" data-was-processed=\"true\" srcset=\"https:\/\/lottomat.com\/wp-content\/uploads\/2020\/06\/Euro-Millions.png 400w, https:\/\/lottomat.com\/wp-content\/uploads\/2020\/06\/Euro-Millions-300x300.png 300w, https:\/\/lottomat.com\/wp-content\/uploads\/2020\/06\/Euro-Millions-150x150.png 150w, https:\/\/lottomat.com\/wp-content\/uploads\/2020\/06\/Euro-Millions-100x100.png 100w\" sizes=\"auto, (max-width: 122px) 100vw, 122px\" \/>Jak nie przegapi\u0107 jackpot\u00f3w?<\/h2>\n<p>Lottomat b\u0119dzie informowa\u0142 Ci\u0119 o nadchodz\u0105cych jackpotach. Z wyprzedzeniem otrzymasz e-mail przypominaj\u0105cy o zbli\u017caj\u0105cym si\u0119 losowaniu, a sw\u00f3j harmonogram gry b\u0119dziesz m\u00f3g\u0142 zaplanowa\u0107 korzystaj\u0105c z opcji subskrypcji.<\/p>\n<p>&nbsp;<\/p>\n<hr \/>\n<h2><img loading=\"lazy\" decoding=\"async\" class=\"alignleft wp-image-21622 lazy loaded\" src=\"https:\/\/lottomat.net\/wp-content\/uploads\/2020\/06\/mega-millions.png\" alt=\"mega millions\" width=\"130\" height=\"130\" data-src=\"https:\/\/lottomat.net\/wp-content\/uploads\/2020\/06\/mega-millions.png\" data-was-processed=\"true\" srcset=\"https:\/\/lottomat.com\/wp-content\/uploads\/2020\/06\/mega-millions.png 400w, https:\/\/lottomat.com\/wp-content\/uploads\/2020\/06\/mega-millions-300x300.png 300w, https:\/\/lottomat.com\/wp-content\/uploads\/2020\/06\/mega-millions-150x150.png 150w, https:\/\/lottomat.com\/wp-content\/uploads\/2020\/06\/mega-millions-100x100.png 100w\" sizes=\"auto, (max-width: 130px) 100vw, 130px\" \/>Co je\u015bli wygram?<\/h2>\n<p>R\u00f3wnie\u017c w tym momencie Lottomat u\u0142atwia Ci odebranie wygranej. Wszystkie Twoje wygrane do kwoty 2 500 EUR s\u0105 automatycznie wp\u0142acane na Twoje konto w naszym systemie natychmiast po losowaniu i mog\u0105 by\u0107 wykorzystane do kolejnych zakup\u00f3w lub wyp\u0142acone z Twojego konta. Wszystko to robisz online &#8211; wygodnie i bezpiecznie. W przypadku znacz\u0105cych nagr\u00f3d Lottomat pomo\u017ce Ci w wyborze najwygodniejszej formy odbioru nagrody. Du\u017ce nagrody s\u0105 zazwyczaj wp\u0142acane na wskazany przez Ciebie rachunek bankowy i w niekt\u00f3rych przypadkach mo\u017ce by\u0107 wymagana Twoja obecno\u015b\u0107 w celu odebrania wygranej. My r\u00f3wnie\u017c to zorganizujemy, aby\u015b m\u00f3g\u0142 w pe\u0142ni cieszy\u0107 si\u0119 wygran\u0105, tak jak wielu naszych obecnych zwyci\u0119zc\u00f3w.<\/p>\n<hr \/>\n<h2><img loading=\"lazy\" decoding=\"async\" class=\"alignleft wp-image-21650 lazy loaded\" src=\"https:\/\/lottomat.net\/wp-content\/uploads\/2020\/06\/online-lotto.png\" alt=\"loteria online\" width=\"130\" height=\"130\" data-src=\"https:\/\/lottomat.net\/wp-content\/uploads\/2020\/06\/online-lotto.png\" data-was-processed=\"true\" srcset=\"https:\/\/lottomat.com\/wp-content\/uploads\/2020\/06\/online-lotto.png 400w, https:\/\/lottomat.com\/wp-content\/uploads\/2020\/06\/online-lotto-300x300.png 300w, https:\/\/lottomat.com\/wp-content\/uploads\/2020\/06\/online-lotto-150x150.png 150w, https:\/\/lottomat.com\/wp-content\/uploads\/2020\/06\/online-lotto-100x100.png 100w\" sizes=\"auto, (max-width: 130px) 100vw, 130px\" \/>Czy istniej\u0105 jakie\u015b metody wygrania?<\/h2>\n<p>Chcemy Ci\u0119 zapewni\u0107, \u017ce nie znamy takich metod. Loterie, podobnie jak wi\u0119kszo\u015b\u0107 gier liczbowych, opieraj\u0105 si\u0119 na przypadkowo\u015bci. Prawdopodobnie s\u0142ysza\u0142e\u015b, \u017ce kto\u015b odkry\u0142 system na gr\u0119 Lotto lub inn\u0105 gr\u0119 losow\u0105. Pomimo dowod\u00f3w sugeruj\u0105cych, \u017ce okre\u015blone liczby s\u0105 losowane cz\u0119\u015bciej ni\u017c inne, eksperci s\u0105 zgodni, \u017ce nie istnieje sprawdzony system. To jest paradoks Lotto. Ka\u017cdy ma tutaj takie same szanse, wi\u0119c mo\u017ce w\u0142a\u015bnie dzi\u015b Tw\u00f3j zestaw liczb wygra. Grajmy wi\u0119c systematycznie, bo los mo\u017ce si\u0119 u\u015bmiechn\u0105\u0107 w ka\u017cdej chwili. Nasi obecni zwyci\u0119zcy sugeruj\u0105, \u017ce regularno\u015b\u0107 i konsekwentna gra s\u0105 kluczem do wygranej.<\/p>\n<hr \/>\n<h2 style=\"text-align: center;\"><span style=\"color: #00b3ff;\">Z nami mo\u017cesz gra\u0107 24\/7, 365 dni w roku.<\/span><\/h2>\n","protected":false},"excerpt":{"rendered":"<p>Czy mog\u0119 gra\u0107 w loterie dost\u0119pne w innych krajach? Tak, tak, tak! Odpowied\u017a na najcz\u0119\u015bciej zadawane pytanie przez naszych graczy brzmi tak &#8211; mo\u017cesz gra\u0107 w najwi\u0119ksze loterie \u015bwiata niezale\u017cnie od kraju zamieszkania. Na stronie Lottomat najwi\u0119ksze loterie s\u0105 dla Ciebie dost\u0119pne bez konieczno\u015bci odwiedzania jakiegokolwiek punktu loterii, w tym najbli\u017cszego w Twoim kraju zamieszkania. [&hellip;]<\/p>\n","protected":false},"author":1,"featured_media":0,"parent":0,"menu_order":1,"comment_status":"closed","ping_status":"closed","template":"lotto.php","meta":{"_et_pb_use_builder":"","_et_pb_old_content":"","_et_gb_content_width":"","exclude_from_search":false,"footnotes":""},"class_list":["post-6408","page","type-page","status-publish","hentry"],"yoast_head":"<!-- This site is optimized with the Yoast SEO plugin v23.8 - https:\/\/yoast.com\/wordpress\/plugins\/seo\/ -->\n<title>Lotto online - kup losy na loteri\u0119 online - Lottomat.com<\/title>\n<meta name=\"description\" content=\"Lottomat oferuje najwi\u0119ksze loterie na \u015bwiecie z najlepszymi jackpotami. Graj online i wygrywaj du\u017ce pieni\u0105dze! Kup losy i sprawd\u017a wyniki.\" \/>\n<meta name=\"robots\" content=\"index, follow, max-snippet:-1, max-image-preview:large, max-video-preview:-1\" \/>\n<link rel=\"canonical\" href=\"https:\/\/lottomat.com\/pl\/\" \/>\n<meta property=\"og:locale\" content=\"pl_PL\" \/>\n<meta property=\"og:type\" content=\"article\" \/>\n<meta property=\"og:title\" content=\"Lotto online - kup losy na loteri\u0119 online - Lottomat.com\" \/>\n<meta property=\"og:description\" content=\"Lottomat oferuje najwi\u0119ksze loterie na \u015bwiecie z najlepszymi jackpotami. Graj online i wygrywaj du\u017ce pieni\u0105dze! Kup losy i sprawd\u017a wyniki.\" \/>\n<meta property=\"og:url\" content=\"https:\/\/lottomat.com\/pl\/\" \/>\n<meta property=\"og:site_name\" content=\"Lottomat\" \/>\n<meta property=\"article:modified_time\" content=\"2026-02-13T11:24:36+00:00\" \/>\n<meta property=\"og:image\" content=\"https:\/\/lottomat.com\/wp-content\/uploads\/2025\/03\/play-lotteries-available-in-other-countries-300x300.png\" \/>\n<meta name=\"twitter:card\" content=\"summary_large_image\" \/>\n<meta name=\"twitter:label1\" content=\"Szacowany czas czytania\" \/>\n\t<meta name=\"twitter:data1\" content=\"4 minuty\" \/>\n<script type=\"application\/ld+json\" class=\"yoast-schema-graph\">{\"@context\":\"https:\/\/schema.org\",\"@graph\":[{\"@type\":\"WebPage\",\"@id\":\"https:\/\/lottomat.com\/pl\/\",\"url\":\"https:\/\/lottomat.com\/pl\/\",\"name\":\"Lotto online - kup losy na loteri\u0119 online - Lottomat.com\",\"isPartOf\":{\"@id\":\"https:\/\/lottomat.com\/pl\/#website\"},\"primaryImageOfPage\":{\"@id\":\"https:\/\/lottomat.com\/pl\/#primaryimage\"},\"image\":{\"@id\":\"https:\/\/lottomat.com\/pl\/#primaryimage\"},\"thumbnailUrl\":\"https:\/\/lottomat.com\/wp-content\/uploads\/2025\/03\/play-lotteries-available-in-other-countries-300x300.png\",\"datePublished\":\"2025-03-26T07:12:15+00:00\",\"dateModified\":\"2026-02-13T11:24:36+00:00\",\"description\":\"Lottomat oferuje najwi\u0119ksze loterie na \u015bwiecie z najlepszymi jackpotami. Graj online i wygrywaj du\u017ce pieni\u0105dze! Kup losy i sprawd\u017a wyniki.\",\"breadcrumb\":{\"@id\":\"https:\/\/lottomat.com\/pl\/#breadcrumb\"},\"inLanguage\":\"pl-PL\",\"potentialAction\":[{\"@type\":\"ReadAction\",\"target\":[\"https:\/\/lottomat.com\/pl\/\"]}]},{\"@type\":\"ImageObject\",\"inLanguage\":\"pl-PL\",\"@id\":\"https:\/\/lottomat.com\/pl\/#primaryimage\",\"url\":\"https:\/\/lottomat.com\/wp-content\/uploads\/2025\/03\/play-lotteries-available-in-other-countries-300x300.png\",\"contentUrl\":\"https:\/\/lottomat.com\/wp-content\/uploads\/2025\/03\/play-lotteries-available-in-other-countries-300x300.png\"},{\"@type\":\"BreadcrumbList\",\"@id\":\"https:\/\/lottomat.com\/pl\/#breadcrumb\",\"itemListElement\":[{\"@type\":\"ListItem\",\"position\":1,\"name\":\"Home\",\"item\":\"https:\/\/lottomat.com\/pl\/\"},{\"@type\":\"ListItem\",\"position\":2,\"name\":\"Strona g\u0142\u00f3wna &#8211; najwi\u0119ksze loterie \u015bwiata w jednym miejscu\"}]},{\"@type\":\"WebSite\",\"@id\":\"https:\/\/lottomat.com\/pl\/#website\",\"url\":\"https:\/\/lottomat.com\/pl\/\",\"name\":\"Lottomat\",\"description\":\"\",\"potentialAction\":[{\"@type\":\"SearchAction\",\"target\":{\"@type\":\"EntryPoint\",\"urlTemplate\":\"https:\/\/lottomat.com\/pl\/?s={search_term_string}\"},\"query-input\":{\"@type\":\"PropertyValueSpecification\",\"valueRequired\":true,\"valueName\":\"search_term_string\"}}],\"inLanguage\":\"pl-PL\"}]}<\/script>\n<!-- \/ Yoast SEO plugin. -->","yoast_head_json":{"title":"Lotto online - kup losy na loteri\u0119 online - Lottomat.com","description":"Lottomat oferuje najwi\u0119ksze loterie na \u015bwiecie z najlepszymi jackpotami. Graj online i wygrywaj du\u017ce pieni\u0105dze! Kup losy i sprawd\u017a wyniki.","robots":{"index":"index","follow":"follow","max-snippet":"max-snippet:-1","max-image-preview":"max-image-preview:large","max-video-preview":"max-video-preview:-1"},"canonical":"https:\/\/lottomat.com\/pl\/","og_locale":"pl_PL","og_type":"article","og_title":"Lotto online - kup losy na loteri\u0119 online - Lottomat.com","og_description":"Lottomat oferuje najwi\u0119ksze loterie na \u015bwiecie z najlepszymi jackpotami. Graj online i wygrywaj du\u017ce pieni\u0105dze! Kup losy i sprawd\u017a wyniki.","og_url":"https:\/\/lottomat.com\/pl\/","og_site_name":"Lottomat","article_modified_time":"2026-02-13T11:24:36+00:00","og_image":[{"url":"https:\/\/lottomat.com\/wp-content\/uploads\/2025\/03\/play-lotteries-available-in-other-countries-300x300.png"}],"twitter_card":"summary_large_image","twitter_misc":{"Szacowany czas czytania":"4 minuty"},"schema":{"@context":"https:\/\/schema.org","@graph":[{"@type":"WebPage","@id":"https:\/\/lottomat.com\/pl\/","url":"https:\/\/lottomat.com\/pl\/","name":"Lotto online - kup losy na loteri\u0119 online - Lottomat.com","isPartOf":{"@id":"https:\/\/lottomat.com\/pl\/#website"},"primaryImageOfPage":{"@id":"https:\/\/lottomat.com\/pl\/#primaryimage"},"image":{"@id":"https:\/\/lottomat.com\/pl\/#primaryimage"},"thumbnailUrl":"https:\/\/lottomat.com\/wp-content\/uploads\/2025\/03\/play-lotteries-available-in-other-countries-300x300.png","datePublished":"2025-03-26T07:12:15+00:00","dateModified":"2026-02-13T11:24:36+00:00","description":"Lottomat oferuje najwi\u0119ksze loterie na \u015bwiecie z najlepszymi jackpotami. Graj online i wygrywaj du\u017ce pieni\u0105dze! Kup losy i sprawd\u017a wyniki.","breadcrumb":{"@id":"https:\/\/lottomat.com\/pl\/#breadcrumb"},"inLanguage":"pl-PL","potentialAction":[{"@type":"ReadAction","target":["https:\/\/lottomat.com\/pl\/"]}]},{"@type":"ImageObject","inLanguage":"pl-PL","@id":"https:\/\/lottomat.com\/pl\/#primaryimage","url":"https:\/\/lottomat.com\/wp-content\/uploads\/2025\/03\/play-lotteries-available-in-other-countries-300x300.png","contentUrl":"https:\/\/lottomat.com\/wp-content\/uploads\/2025\/03\/play-lotteries-available-in-other-countries-300x300.png"},{"@type":"BreadcrumbList","@id":"https:\/\/lottomat.com\/pl\/#breadcrumb","itemListElement":[{"@type":"ListItem","position":1,"name":"Home","item":"https:\/\/lottomat.com\/pl\/"},{"@type":"ListItem","position":2,"name":"Strona g\u0142\u00f3wna &#8211; najwi\u0119ksze loterie \u015bwiata w jednym miejscu"}]},{"@type":"WebSite","@id":"https:\/\/lottomat.com\/pl\/#website","url":"https:\/\/lottomat.com\/pl\/","name":"Lottomat","description":"","potentialAction":[{"@type":"SearchAction","target":{"@type":"EntryPoint","urlTemplate":"https:\/\/lottomat.com\/pl\/?s={search_term_string}"},"query-input":{"@type":"PropertyValueSpecification","valueRequired":true,"valueName":"search_term_string"}}],"inLanguage":"pl-PL"}]}},"_links":{"self":[{"href":"https:\/\/lottomat.com\/pl\/wp-json\/wp\/v2\/pages\/6408","targetHints":{"allow":["GET"]}}],"collection":[{"href":"https:\/\/lottomat.com\/pl\/wp-json\/wp\/v2\/pages"}],"about":[{"href":"https:\/\/lottomat.com\/pl\/wp-json\/wp\/v2\/types\/page"}],"author":[{"embeddable":true,"href":"https:\/\/lottomat.com\/pl\/wp-json\/wp\/v2\/users\/1"}],"replies":[{"embeddable":true,"href":"https:\/\/lottomat.com\/pl\/wp-json\/wp\/v2\/comments?post=6408"}],"version-history":[{"count":1,"href":"https:\/\/lottomat.com\/pl\/wp-json\/wp\/v2\/pages\/6408\/revisions"}],"predecessor-version":[{"id":270979,"href":"https:\/\/lottomat.com\/pl\/wp-json\/wp\/v2\/pages\/6408\/revisions\/270979"}],"wp:attachment":[{"href":"https:\/\/lottomat.com\/pl\/wp-json\/wp\/v2\/media?parent=6408"}],"curies":[{"name":"wp","href":"https:\/\/api.w.org\/{rel}","templated":true}]}}