{"id":272918,"date":"2025-05-18T16:33:53","date_gmt":"2025-05-18T16:33:53","guid":{"rendered":"https:\/\/lottomat.com\/?page_id=272918"},"modified":"2026-03-29T20:38:22","modified_gmt":"2026-03-29T20:38:22","slug":"euromillions-eu","status":"publish","type":"page","link":"https:\/\/lottomat.com\/pl\/loterie\/euromillions-eu\/","title":{"rendered":"Zasady EuroMillions Austria: Nagrody i Jackpot"},"content":{"rendered":"\n\n<div class=\"kk-star-ratings kksr-auto kksr-align-left kksr-valign-top\"\n    data-payload='{&quot;align&quot;:&quot;left&quot;,&quot;id&quot;:&quot;272918&quot;,&quot;slug&quot;:&quot;default&quot;,&quot;valign&quot;:&quot;top&quot;,&quot;ignore&quot;:&quot;&quot;,&quot;reference&quot;:&quot;auto&quot;,&quot;class&quot;:&quot;&quot;,&quot;count&quot;:&quot;0&quot;,&quot;legendonly&quot;:&quot;&quot;,&quot;readonly&quot;:&quot;&quot;,&quot;score&quot;:&quot;0&quot;,&quot;starsonly&quot;:&quot;&quot;,&quot;best&quot;:&quot;5&quot;,&quot;gap&quot;:&quot;5&quot;,&quot;greet&quot;:&quot;Rate this page&quot;,&quot;legend&quot;:&quot;0\\\/5 - (0 votes)&quot;,&quot;size&quot;:&quot;30&quot;,&quot;title&quot;:&quot;Zasady EuroMillions Austria: Nagrody i Jackpot&quot;,&quot;width&quot;:&quot;0&quot;,&quot;_legend&quot;:&quot;{score}\\\/{best} - ({count} {votes})&quot;,&quot;font_factor&quot;:&quot;1.25&quot;}'>\n            \n<div class=\"kksr-stars\">\n    \n<div class=\"kksr-stars-inactive\">\n            <div class=\"kksr-star\" data-star=\"1\" style=\"padding-right: 5px\">\n            \n\n<div class=\"kksr-icon\" style=\"width: 30px; height: 30px;\"><\/div>\n        <\/div>\n            <div class=\"kksr-star\" data-star=\"2\" style=\"padding-right: 5px\">\n            \n\n<div class=\"kksr-icon\" style=\"width: 30px; height: 30px;\"><\/div>\n        <\/div>\n            <div class=\"kksr-star\" data-star=\"3\" style=\"padding-right: 5px\">\n            \n\n<div class=\"kksr-icon\" style=\"width: 30px; height: 30px;\"><\/div>\n        <\/div>\n            <div class=\"kksr-star\" data-star=\"4\" style=\"padding-right: 5px\">\n            \n\n<div class=\"kksr-icon\" style=\"width: 30px; height: 30px;\"><\/div>\n        <\/div>\n            <div class=\"kksr-star\" data-star=\"5\" style=\"padding-right: 5px\">\n            \n\n<div class=\"kksr-icon\" style=\"width: 30px; height: 30px;\"><\/div>\n        <\/div>\n    <\/div>\n    \n<div class=\"kksr-stars-active\" style=\"width: 0px;\">\n            <div class=\"kksr-star\" style=\"padding-right: 5px\">\n            \n\n<div class=\"kksr-icon\" style=\"width: 30px; height: 30px;\"><\/div>\n        <\/div>\n            <div class=\"kksr-star\" style=\"padding-right: 5px\">\n            \n\n<div class=\"kksr-icon\" style=\"width: 30px; height: 30px;\"><\/div>\n        <\/div>\n            <div class=\"kksr-star\" style=\"padding-right: 5px\">\n            \n\n<div class=\"kksr-icon\" style=\"width: 30px; height: 30px;\"><\/div>\n        <\/div>\n            <div class=\"kksr-star\" style=\"padding-right: 5px\">\n            \n\n<div class=\"kksr-icon\" style=\"width: 30px; height: 30px;\"><\/div>\n        <\/div>\n            <div class=\"kksr-star\" style=\"padding-right: 5px\">\n            \n\n<div class=\"kksr-icon\" style=\"width: 30px; height: 30px;\"><\/div>\n        <\/div>\n    <\/div>\n<\/div>\n                \n\n<div class=\"kksr-legend\" style=\"font-size: 24px;\">\n            <span class=\"kksr-muted\">Rate this page<\/span>\n    <\/div>\n    <\/div>\n<h2>Odkryj emocje EuroMillions Austria \u2013 Twoja brama do wygranych, kt\u00f3re zmieniaj\u0105 \u017cycie!<\/h2>\n<p><img loading=\"lazy\" decoding=\"async\" class=\"alignleft wp-image-268187\" src=\"https:\/\/lottomat.com\/wp-content\/uploads\/2026\/01\/Austrian-EuroMillions-prizes.webp\" alt=\"Nagrody EuroMillions Austria\" width=\"200\" height=\"200\" srcset=\"https:\/\/lottomat.com\/wp-content\/uploads\/2026\/01\/Austrian-EuroMillions-prizes.webp 400w, https:\/\/lottomat.com\/wp-content\/uploads\/2026\/01\/Austrian-EuroMillions-prizes-300x300.webp 300w, https:\/\/lottomat.com\/wp-content\/uploads\/2026\/01\/Austrian-EuroMillions-prizes-150x150.webp 150w, https:\/\/lottomat.com\/wp-content\/uploads\/2026\/01\/Austrian-EuroMillions-prizes-100x100.webp 100w\" sizes=\"auto, (max-width: 200px) 100vw, 200px\" \/>Wyobra\u017a sobie, \u017ce budzisz si\u0119 jutro i u\u015bwiadamiasz sobie, \u017ce Twoje marzenia mog\u0105 w ko\u0144cu si\u0119 spe\u0142ni\u0107 \u2013 luksusowy dom, egzotyczne wakacje, bezpiecze\u0144stwo finansowe dla bliskich oraz wolno\u015b\u0107 \u017cycia na w\u0142asnych zasadach. Z EuroMillions Austria, oficjalnie znanym jako EuroMillions EU, to marzenie mo\u017ce sta\u0107 si\u0119 rzeczywisto\u015bci\u0105! Jako jedna z najpopularniejszych i najbardziej ekscytuj\u0105cych loterii w Europie, EuroMillions Austria oferuje Ci wyj\u0105tkow\u0105 szans\u0119 na wygranie osza\u0142amiaj\u0105cych jackpot\u00f3w i udzia\u0142 w emocjonuj\u0105cym do\u015bwiadczeniu, kt\u00f3re mo\u017ce odmieni\u0107 Twoje \u017cycie. Sprawd\u017a wszystko, co musisz wiedzie\u0107 o tej niezwyk\u0142ej loterii i czym r\u00f3\u017cni si\u0119 ona od jej brytyjskiego odpowiednika. Dowiedz si\u0119 wi\u0119cej o zasadach EuroMillions Austria, a nast\u0119pnie&#8230; <a href=\"https:\/\/lottomat.com\/pl\/graj\/euromillions-eu\/\">zagraj w EuroMillions Austria online<\/a> na Lottomat!<\/p>\n<h2>Czym jest EuroMillions Austria (EuroMillions EU)?<\/h2>\n<p>EuroMillions Austria to udzia\u0142 Austrii w s\u0142ynnej loterii EuroMillions \u2013 ponadnarodowej europejskiej loterii, kt\u00f3ra \u0142\u0105czy graczy z Austrii, Hiszpanii, Francji, Belgii, Irlandii, Luksemburga, Portugalii i Szwajcarii. Uruchomiona w 2004 roku loteria EuroMillions szybko sta\u0142a si\u0119 sensacj\u0105 na ca\u0142ym kontynencie dzi\u0119ki ogromnym jackpotom oraz prostym, anga\u017cuj\u0105cym zasadom gry.<\/p>\n<p>Aby zagra\u0107 w EuroMillions Austria, uczestnicy wybieraj\u0105 pi\u0119\u0107 g\u0142\u00f3wnych liczb od 1 do 50 oraz dwie liczby Lucky Star od 1 do 12. Losowania odbywaj\u0105 si\u0119 w ka\u017cdy wtorek i pi\u0105tek wieczorem w Pary\u017cu, a emocje si\u0119gaj\u0105 zenitu, gdy miliony Europejczyk\u00f3w wstrzymuj\u0105 oddech, maj\u0105c nadziej\u0119, \u017ce to w\u0142a\u015bnie ich liczby zostan\u0105 wylosowane!<\/p>\n<h2>Jak dzia\u0142a EuroMillions Austria? Zasady EuroMillions Austria<img loading=\"lazy\" decoding=\"async\" class=\"alignright wp-image-268217\" src=\"https:\/\/lottomat.com\/wp-content\/uploads\/2026\/01\/Austrian-EuroMillions-rules.webp\" alt=\"Zasady EuroMillions Austria\" width=\"200\" height=\"200\" srcset=\"https:\/\/lottomat.com\/wp-content\/uploads\/2026\/01\/Austrian-EuroMillions-rules.webp 400w, https:\/\/lottomat.com\/wp-content\/uploads\/2026\/01\/Austrian-EuroMillions-rules-300x300.webp 300w, https:\/\/lottomat.com\/wp-content\/uploads\/2026\/01\/Austrian-EuroMillions-rules-150x150.webp 150w, https:\/\/lottomat.com\/wp-content\/uploads\/2026\/01\/Austrian-EuroMillions-rules-100x100.webp 100w\" sizes=\"auto, (max-width: 200px) 100vw, 200px\" \/><\/h2>\n<p>Rozpocz\u0119cie gry jest \u0142atwe i dost\u0119pne dla ka\u017cdego. <a href=\"https:\/\/lottomat.com\/pl\/graj\/\">Mo\u017cesz kupi\u0107 losy na loteri\u0119<\/a> w autoryzowanych punktach sprzeda\u017cy w ca\u0142ej Austrii lub gra\u0107 online z wygody w\u0142asnego domu. Minimalny jackpot zaczyna si\u0119 od imponuj\u0105cych 17 milion\u00f3w \u20ac, a dzi\u0119ki kumulacjom mo\u017ce wzrosn\u0105\u0107 a\u017c do osza\u0142amiaj\u0105cych 240 milion\u00f3w \u20ac! Istnieje 13 r\u00f3\u017cnych kategorii nagr\u00f3d, co oznacza, \u017ce masz wiele szans na wygran\u0105, nawet je\u015bli nie trafisz jackpotu.<\/p>\n<p>Graj\u0105c w EuroMillions Austria, nie bierzesz udzia\u0142u tylko w loterii \u2013 do\u0142\u0105czasz do spo\u0142eczno\u015bci marzycieli, kt\u00f3rzy wszyscy czekaj\u0105 na ten magiczny moment, gdy ich \u017cycie zmieni si\u0119 na zawsze. Niezale\u017cnie od tego, czy wygrasz mniejsz\u0105 nagrod\u0119, czy zdob\u0119dziesz rekordowy jackpot, ka\u017cdy los niesie obietnic\u0119 ja\u015bniejszego jutra.<\/p>\n<h2>EuroMillions Austria vs EuroMillions UK \u2013 Kluczowe r\u00f3\u017cnice<\/h2>\n<p><img loading=\"lazy\" decoding=\"async\" class=\"alignleft wp-image-268247\" src=\"https:\/\/lottomat.com\/wp-content\/uploads\/2026\/01\/EuroMillions-Austria-jackpot.webp\" alt=\"Jackpot EuroMillions Austria\" width=\"200\" height=\"200\" srcset=\"https:\/\/lottomat.com\/wp-content\/uploads\/2026\/01\/EuroMillions-Austria-jackpot.webp 400w, https:\/\/lottomat.com\/wp-content\/uploads\/2026\/01\/EuroMillions-Austria-jackpot-300x300.webp 300w, https:\/\/lottomat.com\/wp-content\/uploads\/2026\/01\/EuroMillions-Austria-jackpot-150x150.webp 150w, https:\/\/lottomat.com\/wp-content\/uploads\/2026\/01\/EuroMillions-Austria-jackpot-100x100.webp 100w\" sizes=\"auto, (max-width: 200px) 100vw, 200px\" \/>Chocia\u017c zar\u00f3wno Austria, jak i Wielka Brytania uczestnicz\u0105 w loterii EuroMillions, istnieje kilka istotnych r\u00f3\u017cnic, o kt\u00f3rych warto wiedzie\u0107:<\/p>\n<ol>\n<li><strong>Cena losu<\/strong>: W Austrii jeden <a href=\"https:\/\/lottomat.com\/pl\/graj\/euromillions-eu\/\">los EuroMillions Austria<\/a> jest wyceniony w euro. W Wielkiej Brytanii cena losu ustalana jest w funtach szterlingach i jest nieco wy\u017csza ni\u017c w Austrii, poniewa\u017c obejmuje udzia\u0142 w grze UK Millionaire Maker, kt\u00f3ra gwarantuje co najmniej jednego brytyjskiego milionera w ka\u017cdym losowaniu.<\/li>\n<li><strong>Waluta i nagrody<\/strong>: Nagrody EuroMillions Austria wyp\u0142acane s\u0105 w euro, podczas gdy gracze w UK otrzymuj\u0105 wygrane w funtach szterlingach. Warto\u015b\u0107 nagr\u00f3d ni\u017cszych stopni mo\u017ce si\u0119 nieznacznie r\u00f3\u017cni\u0107 w zale\u017cno\u015bci od kursu wymiany walut.<\/li>\n<li><strong>Dodatkowe gry<\/strong>: Austriaccy gracze mog\u0105 wzi\u0105\u0107 udzia\u0142 w \u201e\u00d6sterreich Bonus\u201d \u2013 ekskluzywnym dodatkowym losowaniu, kt\u00f3re daje jeszcze wi\u0119cej szans na wygran\u0105. Brytyjskim odpowiednikiem jest Millionaire Maker, kt\u00f3ry automatycznie do\u0142\u0105czany jest do ka\u017cdego losu.<\/li>\n<li><strong>Opodatkowanie<\/strong>: W Austrii wygrane w loterii s\u0105 wolne od podatku, wi\u0119c zachowujesz ka\u017cdy cent swojej nagrody! W Wielkiej Brytanii wygrane w loterii r\u00f3wnie\u017c s\u0105 obecnie zwolnione z podatku, jednak zawsze warto sprawdzi\u0107 aktualne przepisy.<\/li>\n<\/ol>\n<h2>Dlaczego warto gra\u0107 w EuroMillions Austria? Magia wygranych, kt\u00f3re zmieniaj\u0105 \u017cycie<\/h2>\n<p>EuroMillions Austria to nie tylko wielkie pieni\u0105dze \u2013 to tak\u017ce nadzieja, emocje i dreszcz mo\u017cliwo\u015bci. Ka\u017cde losowanie to nowa szansa, by odmieni\u0107 swoje \u017cycie, sprawi\u0107 rado\u015b\u0107 rodzinie, wesprze\u0107 organizacje charytatywne lub wyruszy\u0107 w wielkie przygody, o kt\u00f3rych zawsze marzy\u0142e\u015b. Historie zwyk\u0142ych ludzi, kt\u00f3rzy z dnia na dzie\u0144 zostaj\u0105 milionerami, s\u0105 prawdziwe i inspiruj\u0105ce \u2013 nast\u0119pnym mo\u017cesz by\u0107 w\u0142a\u015bnie Ty!<img loading=\"lazy\" decoding=\"async\" class=\"alignright wp-image-268278\" src=\"https:\/\/lottomat.com\/wp-content\/uploads\/2026\/01\/EuroMillions-Austria-rules.webp\" alt=\"Zasady EuroMillions Austria\" width=\"200\" height=\"200\" srcset=\"https:\/\/lottomat.com\/wp-content\/uploads\/2026\/01\/EuroMillions-Austria-rules.webp 400w, https:\/\/lottomat.com\/wp-content\/uploads\/2026\/01\/EuroMillions-Austria-rules-300x300.webp 300w, https:\/\/lottomat.com\/wp-content\/uploads\/2026\/01\/EuroMillions-Austria-rules-150x150.webp 150w, https:\/\/lottomat.com\/wp-content\/uploads\/2026\/01\/EuroMillions-Austria-rules-100x100.webp 100w\" sizes=\"auto, (max-width: 200px) 100vw, 200px\" \/><\/p>\n<p>Na co czekasz? Najbli\u017csze losowanie EuroMillions Austria mo\u017ce by\u0107 Twoim biletem do przysz\u0142o\u015bci pe\u0142nej rado\u015bci, luksusu i nieograniczonych mo\u017cliwo\u015bci. Kup sw\u00f3j los, marz odwa\u017cnie i daj si\u0119 ponie\u015b\u0107 emocjom \u2013 bo z EuroMillions Austria wszystko jest mo\u017cliwe!<\/p>\n<p><strong>Do\u0142\u0105cz do emocji ju\u017c dzi\u015b \u2013 i pozw\u00f3l swoim marzeniom wzbi\u0107 si\u0119 w powietrze z EuroMillions Austria! Sprawd\u017a <a href=\"https:\/\/lottomat.com\/pl\/wyniki\/euromillions-eu\/\">wyniki EuroMillions Austria<\/a>.<\/strong><\/p>\n","protected":false},"excerpt":{"rendered":"<p>Odkryj emocje EuroMillions Austria \u2013 Twoja brama do wygranych, kt\u00f3re zmieniaj\u0105 \u017cycie! Wyobra\u017a sobie, \u017ce budzisz si\u0119 jutro i u\u015bwiadamiasz sobie, \u017ce Twoje marzenia mog\u0105 w ko\u0144cu si\u0119 spe\u0142ni\u0107 \u2013 luksusowy dom, egzotyczne wakacje, bezpiecze\u0144stwo finansowe dla bliskich oraz wolno\u015b\u0107 \u017cycia na w\u0142asnych zasadach. Z EuroMillions Austria, oficjalnie znanym jako EuroMillions EU, to marzenie mo\u017ce [&hellip;]<\/p>\n","protected":false},"author":2,"featured_media":0,"parent":6897,"menu_order":0,"comment_status":"closed","ping_status":"closed","template":"euromillions-at-info.php","meta":{"_et_pb_use_builder":"","_et_pb_old_content":"","_et_gb_content_width":"","exclude_from_search":false,"footnotes":""},"class_list":["post-272918","page","type-page","status-publish","hentry"],"yoast_head":"<!-- This site is optimized with the Yoast SEO plugin v23.8 - https:\/\/yoast.com\/wordpress\/plugins\/seo\/ -->\n<title>Zasady EuroMillions Austria: Nagrody i Jackpot - Lottomat<\/title>\n<meta name=\"description\" content=\"Dowiedz si\u0119 wi\u0119cej o zasadach gry w EuroMillions Austria. Tutaj mo\u017cesz sprawdzi\u0107 nagrody i jackpot EuroMillions Austria. Sprawd\u017a swoje szanse.\" \/>\n<meta name=\"robots\" content=\"index, follow, max-snippet:-1, max-image-preview:large, max-video-preview:-1\" \/>\n<link rel=\"canonical\" href=\"https:\/\/lottomat.com\/pl\/loterie\/euromillions-eu\/\" \/>\n<meta property=\"og:locale\" content=\"pl_PL\" \/>\n<meta property=\"og:type\" content=\"article\" \/>\n<meta property=\"og:title\" content=\"Zasady EuroMillions Austria: Nagrody i Jackpot - Lottomat\" \/>\n<meta property=\"og:description\" content=\"Dowiedz si\u0119 wi\u0119cej o zasadach gry w EuroMillions Austria. Tutaj mo\u017cesz sprawdzi\u0107 nagrody i jackpot EuroMillions Austria. Sprawd\u017a swoje szanse.\" \/>\n<meta property=\"og:url\" content=\"https:\/\/lottomat.com\/pl\/loterie\/euromillions-eu\/\" \/>\n<meta property=\"og:site_name\" content=\"Lottomat\" \/>\n<meta property=\"article:modified_time\" content=\"2026-03-29T20:38:22+00:00\" \/>\n<meta property=\"og:image\" content=\"https:\/\/lottomat.com\/wp-content\/uploads\/2026\/01\/Austrian-EuroMillions-prizes.webp\" \/>\n\t<meta property=\"og:image:width\" content=\"400\" \/>\n\t<meta property=\"og:image:height\" content=\"400\" \/>\n\t<meta property=\"og:image:type\" content=\"image\/webp\" \/>\n<meta name=\"twitter:card\" content=\"summary_large_image\" \/>\n<meta name=\"twitter:label1\" content=\"Szacowany czas czytania\" \/>\n\t<meta name=\"twitter:data1\" content=\"4 minuty\" \/>\n<script type=\"application\/ld+json\" class=\"yoast-schema-graph\">{\"@context\":\"https:\/\/schema.org\",\"@graph\":[{\"@type\":\"WebPage\",\"@id\":\"https:\/\/lottomat.com\/pl\/loterie\/euromillions-eu\/\",\"url\":\"https:\/\/lottomat.com\/pl\/loterie\/euromillions-eu\/\",\"name\":\"Zasady EuroMillions Austria: Nagrody i Jackpot - Lottomat\",\"isPartOf\":{\"@id\":\"https:\/\/lottomat.com\/pl\/#website\"},\"primaryImageOfPage\":{\"@id\":\"https:\/\/lottomat.com\/pl\/loterie\/euromillions-eu\/#primaryimage\"},\"image\":{\"@id\":\"https:\/\/lottomat.com\/pl\/loterie\/euromillions-eu\/#primaryimage\"},\"thumbnailUrl\":\"https:\/\/lottomat.com\/wp-content\/uploads\/2026\/01\/Austrian-EuroMillions-prizes.webp\",\"datePublished\":\"2025-05-18T16:33:53+00:00\",\"dateModified\":\"2026-03-29T20:38:22+00:00\",\"description\":\"Dowiedz si\u0119 wi\u0119cej o zasadach gry w EuroMillions Austria. Tutaj mo\u017cesz sprawdzi\u0107 nagrody i jackpot EuroMillions Austria. Sprawd\u017a swoje szanse.\",\"breadcrumb\":{\"@id\":\"https:\/\/lottomat.com\/pl\/loterie\/euromillions-eu\/#breadcrumb\"},\"inLanguage\":\"pl-PL\",\"potentialAction\":[{\"@type\":\"ReadAction\",\"target\":[\"https:\/\/lottomat.com\/pl\/loterie\/euromillions-eu\/\"]}]},{\"@type\":\"ImageObject\",\"inLanguage\":\"pl-PL\",\"@id\":\"https:\/\/lottomat.com\/pl\/loterie\/euromillions-eu\/#primaryimage\",\"url\":\"https:\/\/lottomat.com\/wp-content\/uploads\/2026\/01\/Austrian-EuroMillions-prizes.webp\",\"contentUrl\":\"https:\/\/lottomat.com\/wp-content\/uploads\/2026\/01\/Austrian-EuroMillions-prizes.webp\"},{\"@type\":\"BreadcrumbList\",\"@id\":\"https:\/\/lottomat.com\/pl\/loterie\/euromillions-eu\/#breadcrumb\",\"itemListElement\":[{\"@type\":\"ListItem\",\"position\":1,\"name\":\"Home\",\"item\":\"https:\/\/lottomat.com\/pl\/\"},{\"@type\":\"ListItem\",\"position\":2,\"name\":\"Zasady loterii: Nagrody, Jackpot i Szanse\",\"item\":\"https:\/\/lottomat.com\/pl\/loterie\/\"},{\"@type\":\"ListItem\",\"position\":3,\"name\":\"Zasady EuroMillions Austria: Nagrody i Jackpot\"}]},{\"@type\":\"WebSite\",\"@id\":\"https:\/\/lottomat.com\/pl\/#website\",\"url\":\"https:\/\/lottomat.com\/pl\/\",\"name\":\"Lottomat\",\"description\":\"\",\"potentialAction\":[{\"@type\":\"SearchAction\",\"target\":{\"@type\":\"EntryPoint\",\"urlTemplate\":\"https:\/\/lottomat.com\/pl\/?s={search_term_string}\"},\"query-input\":{\"@type\":\"PropertyValueSpecification\",\"valueRequired\":true,\"valueName\":\"search_term_string\"}}],\"inLanguage\":\"pl-PL\"}]}<\/script>\n<!-- \/ Yoast SEO plugin. -->","yoast_head_json":{"title":"Zasady EuroMillions Austria: Nagrody i Jackpot - Lottomat","description":"Dowiedz si\u0119 wi\u0119cej o zasadach gry w EuroMillions Austria. Tutaj mo\u017cesz sprawdzi\u0107 nagrody i jackpot EuroMillions Austria. Sprawd\u017a swoje szanse.","robots":{"index":"index","follow":"follow","max-snippet":"max-snippet:-1","max-image-preview":"max-image-preview:large","max-video-preview":"max-video-preview:-1"},"canonical":"https:\/\/lottomat.com\/pl\/loterie\/euromillions-eu\/","og_locale":"pl_PL","og_type":"article","og_title":"Zasady EuroMillions Austria: Nagrody i Jackpot - Lottomat","og_description":"Dowiedz si\u0119 wi\u0119cej o zasadach gry w EuroMillions Austria. Tutaj mo\u017cesz sprawdzi\u0107 nagrody i jackpot EuroMillions Austria. Sprawd\u017a swoje szanse.","og_url":"https:\/\/lottomat.com\/pl\/loterie\/euromillions-eu\/","og_site_name":"Lottomat","article_modified_time":"2026-03-29T20:38:22+00:00","og_image":[{"width":400,"height":400,"url":"https:\/\/lottomat.com\/wp-content\/uploads\/2026\/01\/Austrian-EuroMillions-prizes.webp","type":"image\/webp"}],"twitter_card":"summary_large_image","twitter_misc":{"Szacowany czas czytania":"4 minuty"},"schema":{"@context":"https:\/\/schema.org","@graph":[{"@type":"WebPage","@id":"https:\/\/lottomat.com\/pl\/loterie\/euromillions-eu\/","url":"https:\/\/lottomat.com\/pl\/loterie\/euromillions-eu\/","name":"Zasady EuroMillions Austria: Nagrody i Jackpot - Lottomat","isPartOf":{"@id":"https:\/\/lottomat.com\/pl\/#website"},"primaryImageOfPage":{"@id":"https:\/\/lottomat.com\/pl\/loterie\/euromillions-eu\/#primaryimage"},"image":{"@id":"https:\/\/lottomat.com\/pl\/loterie\/euromillions-eu\/#primaryimage"},"thumbnailUrl":"https:\/\/lottomat.com\/wp-content\/uploads\/2026\/01\/Austrian-EuroMillions-prizes.webp","datePublished":"2025-05-18T16:33:53+00:00","dateModified":"2026-03-29T20:38:22+00:00","description":"Dowiedz si\u0119 wi\u0119cej o zasadach gry w EuroMillions Austria. Tutaj mo\u017cesz sprawdzi\u0107 nagrody i jackpot EuroMillions Austria. Sprawd\u017a swoje szanse.","breadcrumb":{"@id":"https:\/\/lottomat.com\/pl\/loterie\/euromillions-eu\/#breadcrumb"},"inLanguage":"pl-PL","potentialAction":[{"@type":"ReadAction","target":["https:\/\/lottomat.com\/pl\/loterie\/euromillions-eu\/"]}]},{"@type":"ImageObject","inLanguage":"pl-PL","@id":"https:\/\/lottomat.com\/pl\/loterie\/euromillions-eu\/#primaryimage","url":"https:\/\/lottomat.com\/wp-content\/uploads\/2026\/01\/Austrian-EuroMillions-prizes.webp","contentUrl":"https:\/\/lottomat.com\/wp-content\/uploads\/2026\/01\/Austrian-EuroMillions-prizes.webp"},{"@type":"BreadcrumbList","@id":"https:\/\/lottomat.com\/pl\/loterie\/euromillions-eu\/#breadcrumb","itemListElement":[{"@type":"ListItem","position":1,"name":"Home","item":"https:\/\/lottomat.com\/pl\/"},{"@type":"ListItem","position":2,"name":"Zasady loterii: Nagrody, Jackpot i Szanse","item":"https:\/\/lottomat.com\/pl\/loterie\/"},{"@type":"ListItem","position":3,"name":"Zasady EuroMillions Austria: Nagrody i Jackpot"}]},{"@type":"WebSite","@id":"https:\/\/lottomat.com\/pl\/#website","url":"https:\/\/lottomat.com\/pl\/","name":"Lottomat","description":"","potentialAction":[{"@type":"SearchAction","target":{"@type":"EntryPoint","urlTemplate":"https:\/\/lottomat.com\/pl\/?s={search_term_string}"},"query-input":{"@type":"PropertyValueSpecification","valueRequired":true,"valueName":"search_term_string"}}],"inLanguage":"pl-PL"}]}},"_links":{"self":[{"href":"https:\/\/lottomat.com\/pl\/wp-json\/wp\/v2\/pages\/272918","targetHints":{"allow":["GET"]}}],"collection":[{"href":"https:\/\/lottomat.com\/pl\/wp-json\/wp\/v2\/pages"}],"about":[{"href":"https:\/\/lottomat.com\/pl\/wp-json\/wp\/v2\/types\/page"}],"author":[{"embeddable":true,"href":"https:\/\/lottomat.com\/pl\/wp-json\/wp\/v2\/users\/2"}],"replies":[{"embeddable":true,"href":"https:\/\/lottomat.com\/pl\/wp-json\/wp\/v2\/comments?post=272918"}],"version-history":[{"count":6,"href":"https:\/\/lottomat.com\/pl\/wp-json\/wp\/v2\/pages\/272918\/revisions"}],"predecessor-version":[{"id":276188,"href":"https:\/\/lottomat.com\/pl\/wp-json\/wp\/v2\/pages\/272918\/revisions\/276188"}],"up":[{"embeddable":true,"href":"https:\/\/lottomat.com\/pl\/wp-json\/wp\/v2\/pages\/6897"}],"wp:attachment":[{"href":"https:\/\/lottomat.com\/pl\/wp-json\/wp\/v2\/media?parent=272918"}],"curies":[{"name":"wp","href":"https:\/\/api.w.org\/{rel}","templated":true}]}}