{"id":272397,"date":"2025-05-18T16:34:38","date_gmt":"2025-05-18T16:34:38","guid":{"rendered":"https:\/\/lottomat.com\/?page_id=272397"},"modified":"2026-03-02T20:45:42","modified_gmt":"2026-03-02T20:45:42","slug":"euromillions-eu","status":"publish","type":"page","link":"https:\/\/lottomat.com\/pl\/wyniki\/euromillions-eu\/","title":{"rendered":"Wyniki EuroMillions Austria \u2013 zwyci\u0119skie liczby EuroMillions UE"},"content":{"rendered":"\n\n<div class=\"kk-star-ratings kksr-auto kksr-align-left kksr-valign-top\"\n    data-payload='{&quot;align&quot;:&quot;left&quot;,&quot;id&quot;:&quot;272397&quot;,&quot;slug&quot;:&quot;default&quot;,&quot;valign&quot;:&quot;top&quot;,&quot;ignore&quot;:&quot;&quot;,&quot;reference&quot;:&quot;auto&quot;,&quot;class&quot;:&quot;&quot;,&quot;count&quot;:&quot;0&quot;,&quot;legendonly&quot;:&quot;&quot;,&quot;readonly&quot;:&quot;&quot;,&quot;score&quot;:&quot;0&quot;,&quot;starsonly&quot;:&quot;&quot;,&quot;best&quot;:&quot;5&quot;,&quot;gap&quot;:&quot;5&quot;,&quot;greet&quot;:&quot;Rate this page&quot;,&quot;legend&quot;:&quot;0\\\/5 - (0 votes)&quot;,&quot;size&quot;:&quot;30&quot;,&quot;title&quot;:&quot;Wyniki EuroMillions Austria \u2013 zwyci\u0119skie liczby EuroMillions UE&quot;,&quot;width&quot;:&quot;0&quot;,&quot;_legend&quot;:&quot;{score}\\\/{best} - ({count} {votes})&quot;,&quot;font_factor&quot;:&quot;1.25&quot;}'>\n            \n<div class=\"kksr-stars\">\n    \n<div class=\"kksr-stars-inactive\">\n            <div class=\"kksr-star\" data-star=\"1\" style=\"padding-right: 5px\">\n            \n\n<div class=\"kksr-icon\" style=\"width: 30px; height: 30px;\"><\/div>\n        <\/div>\n            <div class=\"kksr-star\" data-star=\"2\" style=\"padding-right: 5px\">\n            \n\n<div class=\"kksr-icon\" style=\"width: 30px; height: 30px;\"><\/div>\n        <\/div>\n            <div class=\"kksr-star\" data-star=\"3\" style=\"padding-right: 5px\">\n            \n\n<div class=\"kksr-icon\" style=\"width: 30px; height: 30px;\"><\/div>\n        <\/div>\n            <div class=\"kksr-star\" data-star=\"4\" style=\"padding-right: 5px\">\n            \n\n<div class=\"kksr-icon\" style=\"width: 30px; height: 30px;\"><\/div>\n        <\/div>\n            <div class=\"kksr-star\" data-star=\"5\" style=\"padding-right: 5px\">\n            \n\n<div class=\"kksr-icon\" style=\"width: 30px; height: 30px;\"><\/div>\n        <\/div>\n    <\/div>\n    \n<div class=\"kksr-stars-active\" style=\"width: 0px;\">\n            <div class=\"kksr-star\" style=\"padding-right: 5px\">\n            \n\n<div class=\"kksr-icon\" style=\"width: 30px; height: 30px;\"><\/div>\n        <\/div>\n            <div class=\"kksr-star\" style=\"padding-right: 5px\">\n            \n\n<div class=\"kksr-icon\" style=\"width: 30px; height: 30px;\"><\/div>\n        <\/div>\n            <div class=\"kksr-star\" style=\"padding-right: 5px\">\n            \n\n<div class=\"kksr-icon\" style=\"width: 30px; height: 30px;\"><\/div>\n        <\/div>\n            <div class=\"kksr-star\" style=\"padding-right: 5px\">\n            \n\n<div class=\"kksr-icon\" style=\"width: 30px; height: 30px;\"><\/div>\n        <\/div>\n            <div class=\"kksr-star\" style=\"padding-right: 5px\">\n            \n\n<div class=\"kksr-icon\" style=\"width: 30px; height: 30px;\"><\/div>\n        <\/div>\n    <\/div>\n<\/div>\n                \n\n<div class=\"kksr-legend\" style=\"font-size: 24px;\">\n            <span class=\"kksr-muted\">Rate this page<\/span>\n    <\/div>\n    <\/div>\n<h2>Odkryj emocje zwi\u0105zane z wynikami EuroMillions Austria<img loading=\"lazy\" decoding=\"async\" class=\"alignright wp-image-268309\" src=\"https:\/\/lottomat.com\/wp-content\/uploads\/2026\/01\/Austrian-EuroMillions-draw.webp\" alt=\"Losowanie EuroMillions w Austrii\" width=\"200\" height=\"200\" srcset=\"https:\/\/lottomat.com\/wp-content\/uploads\/2026\/01\/Austrian-EuroMillions-draw.webp 400w, https:\/\/lottomat.com\/wp-content\/uploads\/2026\/01\/Austrian-EuroMillions-draw-300x300.webp 300w, https:\/\/lottomat.com\/wp-content\/uploads\/2026\/01\/Austrian-EuroMillions-draw-150x150.webp 150w, https:\/\/lottomat.com\/wp-content\/uploads\/2026\/01\/Austrian-EuroMillions-draw-100x100.webp 100w\" sizes=\"auto, (max-width: 200px) 100vw, 200px\" \/><\/h2>\n<p>Je\u015bli kiedykolwiek marzy\u0142e\u015b o tym, by zmieni\u0107 swoje \u017cycie z dnia na dzie\u0144, EuroMillions Austria to loteria, kt\u00f3ra zamienia marzenia w rzeczywisto\u015b\u0107. Dzi\u0119ki ekscytuj\u0105cym losowaniom, jackpotom zmieniaj\u0105cym \u017cycie i historiom niezwyk\u0142ych zwyci\u0119zc\u00f3w, EuroMillions Austria co tydzie\u0144 pobudza wyobra\u017ani\u0119 milion\u00f3w os\u00f3b w ca\u0142ej Europie. Niezale\u017cnie od tego, czy jeste\u015b do\u015bwiadczonym graczem, czy dopiero rozwa\u017casz zakup swojego pierwszego losu, czytanie o wynikach i mo\u017cliwo\u015bciach mo\u017ce wzbudzi\u0107 poczucie ekscytacji i nadziei. Zanurzmy si\u0119 w \u015bwiat wynik\u00f3w EuroMillions Austria, poznajmy najwi\u0119ksze wygrane i sprawd\u017amy, jak cz\u0119sto szcz\u0119\u015bcie u\u015bmiecha si\u0119 do graczy!<\/p>\n<h2>Rekordowe wygrane: poznaj najwi\u0119kszych zwyci\u0119zc\u00f3w EuroMillions Austria<\/h2>\n<p>Je\u015bli chodzi o zapieraj\u0105ce dech w piersiach jackpoty, EuroMillions Austria z pewno\u015bci\u0105 zapisa\u0142o si\u0119 w historii. Ta loteria, jako cz\u0119\u015b\u0107 wi\u0119kszego konsorcjum EuroMillions, regularnie oferuje nagrody si\u0119gaj\u0105ce niezwyk\u0142ych kwot, czasem przekraczaj\u0105cych 100 milion\u00f3w euro. Na przestrzeni lat w Austrii pad\u0142o wiele imponuj\u0105cych wygranych, kt\u00f3re na zawsze odmieni\u0142y \u017cycie os\u00f3b posiadaj\u0105cych szcz\u0119\u015bliwe losy.<img loading=\"lazy\" decoding=\"async\" class=\"alignleft wp-image-268340\" src=\"https:\/\/lottomat.com\/wp-content\/uploads\/2026\/01\/Austrian-EuroMillions-numbers.webp\" alt=\"Liczby EuroMillions Austria\" width=\"200\" height=\"200\" srcset=\"https:\/\/lottomat.com\/wp-content\/uploads\/2026\/01\/Austrian-EuroMillions-numbers.webp 400w, https:\/\/lottomat.com\/wp-content\/uploads\/2026\/01\/Austrian-EuroMillions-numbers-300x300.webp 300w, https:\/\/lottomat.com\/wp-content\/uploads\/2026\/01\/Austrian-EuroMillions-numbers-150x150.webp 150w, https:\/\/lottomat.com\/wp-content\/uploads\/2026\/01\/Austrian-EuroMillions-numbers-100x100.webp 100w\" sizes=\"auto, (max-width: 200px) 100vw, 200px\" \/><\/p>\n<p>Jedna z najbardziej znanych wygranych w Austrii mia\u0142a miejsce w sierpniu 2020 roku, kiedy grupa wsp\u00f3\u0142pracownik\u00f3w z Wiednia zdoby\u0142a niewiarygodne 45 milion\u00f3w euro. Ich historia sta\u0142a si\u0119 sensacj\u0105 w ca\u0142ym kraju \u2013 przyjaciele i rodzina \u015bwi\u0119towali, a zwyci\u0119zcy z trudem mogli uwierzy\u0107 w swoje szcz\u0119\u015bcie. Nie by\u0142a to wygrana jednej osoby, lecz ca\u0142ego zespo\u0142u, kt\u00f3rego \u017cycie zmieni\u0142o si\u0119 wsp\u00f3lnie.<\/p>\n<p>Kolejny niezapomniany moment nast\u0105pi\u0142 w 2018 roku, gdy gracz z Salzburga trafi\u0142 wszystkie pi\u0119\u0107 g\u0142\u00f3wnych liczb oraz obie Lucky Stars, zapewniaj\u0105c sobie jackpot w wysoko\u015bci 30 milion\u00f3w euro. Zwyci\u0119zca postanowi\u0142 pozosta\u0107 anonimowy, jednak lokalne media informowa\u0142y o fali ekscytacji w Salzburgu, gdzie miasto \u017cy\u0142o spekulacjami i rado\u015bci\u0105 z tej wiadomo\u015bci.<\/p>\n<p>Cho\u0107 s\u0105 to jedne z najwi\u0119kszych wygranych, z pewno\u015bci\u0105 nie jedyne historie o szcz\u0119\u015bciu. W ca\u0142ej Austrii, od Grazu po Innsbruck, EuroMillions stworzy\u0142o nowych milioner\u00f3w, z kt\u00f3rych ka\u017cdy ma w\u0142asn\u0105, wyj\u0105tkow\u0105 histori\u0119 o tym, jak jeden los zmieni\u0142 wszystko.<\/p>\n<h2>Jak cz\u0119sto padaj\u0105 wygrane w EuroMillions Austria?<\/h2>\n<p>Jednym z najbardziej ekscytuj\u0105cych aspekt\u00f3w EuroMillions Austria jest cz\u0119stotliwo\u015b\u0107, z jak\u0105 wygrywane s\u0105 <a href=\"https:\/\/lottomat.com\/pl\/euromillions\/\">wygrane EuroMillions Austria zmieniaj\u0105ce \u017cycie<\/a>. Przy dw\u00f3ch losowaniach w tygodniu \u2013 we wtorki i pi\u0105tki \u2013 okazji do wygranej nie brakuje. Statystyki pokazuj\u0105, \u017ce austriaccy gracze regularnie zdobywaj\u0105 wysokie nagrody, zar\u00f3wno na poziomie jackpota, jak i w ni\u017cszych kategoriach wygranych.<\/p>\n<p>Szanse na wygran\u0105 jakiejkolwiek nagrody w EuroMillions wynosz\u0105 zach\u0119caj\u0105ce 1 do 13, co oznacza, \u017ce niemal ka\u017cde losowanie przynosi now\u0105 fal\u0119 zwyci\u0119zc\u00f3w. W Austrii setki tysi\u0119cy graczy co roku odbieraj\u0105 nagrody \u2013 od mniejszych kwot pieni\u0119\u017cnych po wielomilionowe jackpoty.<img loading=\"lazy\" decoding=\"async\" class=\"alignright wp-image-268370\" src=\"https:\/\/lottomat.com\/wp-content\/uploads\/2026\/01\/EuroMillions-Austria-draw.webp\" alt=\"Losowanie EuroMillions Austria\" width=\"200\" height=\"200\" srcset=\"https:\/\/lottomat.com\/wp-content\/uploads\/2026\/01\/EuroMillions-Austria-draw.webp 400w, https:\/\/lottomat.com\/wp-content\/uploads\/2026\/01\/EuroMillions-Austria-draw-300x300.webp 300w, https:\/\/lottomat.com\/wp-content\/uploads\/2026\/01\/EuroMillions-Austria-draw-150x150.webp 150w, https:\/\/lottomat.com\/wp-content\/uploads\/2026\/01\/EuroMillions-Austria-draw-100x100.webp 100w\" sizes=\"auto, (max-width: 200px) 100vw, 200px\" \/><\/p>\n<p>Co wi\u0119cej, EuroMillions Austria cz\u0119sto kumuluje si\u0119, zwi\u0119kszaj\u0105c jackpot z ka\u017cdym losowaniem a\u017c do momentu, gdy kto\u015b trafi wszystkie liczby. Mo\u017ce to prowadzi\u0107 do znacznego wzrostu sprzeda\u017cy los\u00f3w oraz wyczuwalnej atmosfery oczekiwania w ca\u0142ym kraju, gdy pula nagr\u00f3d ro\u015bnie coraz bardziej.<\/p>\n<p>Wygrywaj\u0105 nie tylko pojedyncze osoby. Syndykaty \u2013 grupy przyjaci\u00f3\u0142, rodzin czy wsp\u00f3\u0142pracownik\u00f3w \u2013 regularnie \u0142\u0105cz\u0105 si\u0142y, aby wsp\u00f3lnie kupowa\u0107 losy EuroMillions Austria, zwi\u0119kszaj\u0105c swoje szanse na wygran\u0105 i, w wielu przypadkach, dziel\u0105c si\u0119 rado\u015bci\u0105 z wysokiej nagrody.<\/p>\n<h2>Rado\u015b\u0107 i mo\u017cliwo\u015bci zwi\u0105zane z wygran\u0105 w EuroMillions<\/h2>\n<p>Wyobra\u017a sobie, \u017ce budzisz si\u0119 i odkrywasz, \u017ce jeste\u015b nowym milionerem w Austrii. Mo\u017cliwo\u015bci s\u0105 nieograniczone: podr\u00f3\u017ce po \u015bwiecie, zakup wymarzonego domu, wsparcie bliskich czy inwestycja w projekt, o kt\u00f3rym zawsze marzy\u0142e\u015b. Dla wielu zwyci\u0119zc\u00f3w EuroMillions Austria rzeczywisto\u015b\u0107 wielkiej wygranej okazuje si\u0119 jeszcze lepsza, ni\u017c mogli sobie wyobrazi\u0107.<\/p>\n<p>Nie brakuje historii o zwyci\u0119zcach, kt\u00f3rzy wykorzystali swoje nowe bogactwo, by zmieni\u0107 co\u015b na lepsze \u2013 nie tylko we w\u0142asnym \u017cyciu, ale tak\u017ce w swoich spo\u0142eczno\u015bciach. Niekt\u00f3rzy przekazali darowizny na cele charytatywne, za\u0142o\u017cyli firmy tworz\u0105ce miejsca pracy lub spe\u0142nili marzenia ca\u0142ego \u017cycia. Niezale\u017cnie od tego, czy jest to spontaniczna przygoda, czy starannie zaplanowana emerytura, wolno\u015b\u0107, jak\u0105 daje wygrana w EuroMillions, jest naprawd\u0119 niezwyk\u0142a.<\/p>\n<p>Ka\u017cdego wtorku i pi\u0105tku, gdy og\u0142aszane s\u0105 wyniki, tysi\u0105ce Austriak\u00f3w prze\u017cywa dreszcz emocji. Sprawdzanie swoich liczb, wyobra\u017canie sobie, co zrobi\u0142by\u015b w przypadku wygranej, oraz dzielenie si\u0119 ekscytacj\u0105 z rodzin\u0105 i przyjaci\u00f3\u0142mi \u2013 to wszystko stanowi cz\u0119\u015b\u0107 magii, kt\u00f3ra czyni EuroMillions Austria tak wyj\u0105tkowym.<\/p>\n<h2>Sprawdzanie wynik\u00f3w EuroMillions Austria: Tw\u00f3j pierwszy krok do nowego \u017cycia<\/h2>\n<p><img loading=\"lazy\" decoding=\"async\" class=\"alignleft wp-image-268401\" src=\"https:\/\/lottomat.com\/wp-content\/uploads\/2026\/01\/EuroMillions-Austria-results.webp\" alt=\"Wyniki EuroMillions Austria\" width=\"200\" height=\"200\" srcset=\"https:\/\/lottomat.com\/wp-content\/uploads\/2026\/01\/EuroMillions-Austria-results.webp 400w, https:\/\/lottomat.com\/wp-content\/uploads\/2026\/01\/EuroMillions-Austria-results-300x300.webp 300w, https:\/\/lottomat.com\/wp-content\/uploads\/2026\/01\/EuroMillions-Austria-results-150x150.webp 150w, https:\/\/lottomat.com\/wp-content\/uploads\/2026\/01\/EuroMillions-Austria-results-100x100.webp 100w\" sizes=\"auto, (max-width: 200px) 100vw, 200px\" \/>Bycie na bie\u017c\u0105co z najnowszymi wynikami EuroMillions Austria jest kluczowe dla ka\u017cdego gracza. <a href=\"https:\/\/lottomat.com\/pl\/wyniki-losowan\/\">Oficjalne wyniki loterii<\/a> publikowane s\u0105 kr\u00f3tko po ka\u017cdym losowaniu, a ich sprawdzenie nigdy nie by\u0142o \u0142atwiejsze \u2013 online, za po\u015brednictwem oficjalnych aplikacji lub u lokalnego sprzedawcy loterii. Gdy og\u0142aszane s\u0105 zwyci\u0119skie liczby, serca bij\u0105 szybciej, a nadzieje rosn\u0105, poniewa\u017c gracze w ca\u0142ej Austrii czekaj\u0105, by przekona\u0107 si\u0119, czy to oni s\u0105 kolejnymi szcz\u0119\u015bliwcami.<\/p>\n<p>Je\u015bli oka\u017ce si\u0119, \u017ce masz zwyci\u0119ski los, procedura jest prosta. Najwy\u017csze wygrane mo\u017cna odebra\u0107 w siedzibie Austrian Lotteries, z pe\u0142nym wsparciem na ka\u017cdym etapie. Nawet w przypadku mniejszych nagr\u00f3d mo\u017cesz odebra\u0107 wygran\u0105 u autoryzowanych sprzedawc\u00f3w, co sprawia, \u017ce ka\u017cda wygrana jest dost\u0119pna i bezpieczna.<\/p>\n<p>Pami\u0119taj, ka\u017cde losowanie EuroMillions Austria przynosi nowe mo\u017cliwo\u015bci. Nawet je\u015bli nie wygrasz jackpota, istnieje dwana\u015bcie r\u00f3\u017cnych kategorii nagr\u00f3d, co oznacza, \u017ce tysi\u0105ce Austriak\u00f3w co tydzie\u0144 cieszy si\u0119 wygranymi \u2013 zar\u00f3wno du\u017cymi, jak i mniejszymi.<\/p>\n<hr \/>\n<p>EuroMillions Austria to co\u015b wi\u0119cej ni\u017c tylko gra \u2013 to brama do marze\u0144, emocji i szansa na prze\u017cycie \u017cycia w zupe\u0142nie nowy spos\u00f3b. Z ka\u017cdym losowaniem powstaj\u0105 nowe historie, a nowi zwyci\u0119zcy staj\u0105 w \u015bwietle reflektor\u00f3w. Czy to Ty do\u0142\u0105czysz do ich grona? <a href=\"https:\/\/lottomat.com\/pl\/graj\/euromillions-eu\/\">Zagraj w EuroMillions Austria online<\/a>, sprawd\u017a najnowsze wyniki EuroMillions Austria i odwa\u017c si\u0119 marzy\u0107 naprawd\u0119 odwa\u017cnie!<\/p>\n","protected":false},"excerpt":{"rendered":"<p>Odkryj emocje zwi\u0105zane z wynikami EuroMillions Austria Je\u015bli kiedykolwiek marzy\u0142e\u015b o tym, by zmieni\u0107 swoje \u017cycie z dnia na dzie\u0144, EuroMillions Austria to loteria, kt\u00f3ra zamienia marzenia w rzeczywisto\u015b\u0107. Dzi\u0119ki ekscytuj\u0105cym losowaniom, jackpotom zmieniaj\u0105cym \u017cycie i historiom niezwyk\u0142ych zwyci\u0119zc\u00f3w, EuroMillions Austria co tydzie\u0144 pobudza wyobra\u017ani\u0119 milion\u00f3w os\u00f3b w ca\u0142ej Europie. Niezale\u017cnie od tego, czy jeste\u015b [&hellip;]<\/p>\n","protected":false},"author":11,"featured_media":0,"parent":7439,"menu_order":0,"comment_status":"closed","ping_status":"closed","template":"euromillions-results.php","meta":{"_et_pb_use_builder":"","_et_pb_old_content":"","_et_gb_content_width":"","exclude_from_search":false,"footnotes":""},"class_list":["post-272397","page","type-page","status-publish","hentry"],"yoast_head":"<!-- This site is optimized with the Yoast SEO plugin v23.8 - https:\/\/yoast.com\/wordpress\/plugins\/seo\/ -->\n<title>Wyniki i zwyci\u0119skie liczby EuroMillions Austria \u2013 Lottomat<\/title>\n<meta name=\"description\" content=\"Sprawd\u017a najnowsze wyniki EuroMillions Austria oraz zwyci\u0119skie liczby. Dowiedz si\u0119 wi\u0119cej o oficjalnych wynikach losowania. Sprawd\u017a.\" \/>\n<meta name=\"robots\" content=\"index, follow, max-snippet:-1, max-image-preview:large, max-video-preview:-1\" \/>\n<link rel=\"canonical\" href=\"https:\/\/lottomat.com\/pl\/wyniki\/euromillions-eu\/\" \/>\n<meta property=\"og:locale\" content=\"pl_PL\" \/>\n<meta property=\"og:type\" content=\"article\" \/>\n<meta property=\"og:title\" content=\"Wyniki i zwyci\u0119skie liczby EuroMillions Austria \u2013 Lottomat\" \/>\n<meta property=\"og:description\" content=\"Sprawd\u017a najnowsze wyniki EuroMillions Austria oraz zwyci\u0119skie liczby. Dowiedz si\u0119 wi\u0119cej o oficjalnych wynikach losowania. Sprawd\u017a.\" \/>\n<meta property=\"og:url\" content=\"https:\/\/lottomat.com\/pl\/wyniki\/euromillions-eu\/\" \/>\n<meta property=\"og:site_name\" content=\"Lottomat\" \/>\n<meta property=\"article:modified_time\" content=\"2026-03-02T20:45:42+00:00\" \/>\n<meta property=\"og:image\" content=\"https:\/\/lottomat.com\/wp-content\/uploads\/2026\/01\/Austrian-EuroMillions-draw.webp\" \/>\n\t<meta property=\"og:image:width\" content=\"400\" \/>\n\t<meta property=\"og:image:height\" content=\"400\" \/>\n\t<meta property=\"og:image:type\" content=\"image\/webp\" \/>\n<meta name=\"twitter:card\" content=\"summary_large_image\" \/>\n<meta name=\"twitter:label1\" content=\"Szacowany czas czytania\" \/>\n\t<meta name=\"twitter:data1\" content=\"5 minut\" \/>\n<script type=\"application\/ld+json\" class=\"yoast-schema-graph\">{\"@context\":\"https:\/\/schema.org\",\"@graph\":[{\"@type\":\"WebPage\",\"@id\":\"https:\/\/lottomat.com\/pl\/wyniki\/euromillions-eu\/\",\"url\":\"https:\/\/lottomat.com\/pl\/wyniki\/euromillions-eu\/\",\"name\":\"Wyniki i zwyci\u0119skie liczby EuroMillions Austria \u2013 Lottomat\",\"isPartOf\":{\"@id\":\"https:\/\/lottomat.com\/pl\/#website\"},\"primaryImageOfPage\":{\"@id\":\"https:\/\/lottomat.com\/pl\/wyniki\/euromillions-eu\/#primaryimage\"},\"image\":{\"@id\":\"https:\/\/lottomat.com\/pl\/wyniki\/euromillions-eu\/#primaryimage\"},\"thumbnailUrl\":\"https:\/\/lottomat.com\/wp-content\/uploads\/2026\/01\/Austrian-EuroMillions-draw.webp\",\"datePublished\":\"2025-05-18T16:34:38+00:00\",\"dateModified\":\"2026-03-02T20:45:42+00:00\",\"description\":\"Sprawd\u017a najnowsze wyniki EuroMillions Austria oraz zwyci\u0119skie liczby. Dowiedz si\u0119 wi\u0119cej o oficjalnych wynikach losowania. Sprawd\u017a.\",\"breadcrumb\":{\"@id\":\"https:\/\/lottomat.com\/pl\/wyniki\/euromillions-eu\/#breadcrumb\"},\"inLanguage\":\"pl-PL\",\"potentialAction\":[{\"@type\":\"ReadAction\",\"target\":[\"https:\/\/lottomat.com\/pl\/wyniki\/euromillions-eu\/\"]}]},{\"@type\":\"ImageObject\",\"inLanguage\":\"pl-PL\",\"@id\":\"https:\/\/lottomat.com\/pl\/wyniki\/euromillions-eu\/#primaryimage\",\"url\":\"https:\/\/lottomat.com\/wp-content\/uploads\/2026\/01\/Austrian-EuroMillions-draw.webp\",\"contentUrl\":\"https:\/\/lottomat.com\/wp-content\/uploads\/2026\/01\/Austrian-EuroMillions-draw.webp\"},{\"@type\":\"BreadcrumbList\",\"@id\":\"https:\/\/lottomat.com\/pl\/wyniki\/euromillions-eu\/#breadcrumb\",\"itemListElement\":[{\"@type\":\"ListItem\",\"position\":1,\"name\":\"Home\",\"item\":\"https:\/\/lottomat.com\/pl\/\"},{\"@type\":\"ListItem\",\"position\":2,\"name\":\"Najnowsze wyniki loterii i numery wygrywaj\u0105ce\",\"item\":\"https:\/\/lottomat.com\/pl\/wyniki\/\"},{\"@type\":\"ListItem\",\"position\":3,\"name\":\"Wyniki EuroMillions Austria \u2013 zwyci\u0119skie liczby EuroMillions UE\"}]},{\"@type\":\"WebSite\",\"@id\":\"https:\/\/lottomat.com\/pl\/#website\",\"url\":\"https:\/\/lottomat.com\/pl\/\",\"name\":\"Lottomat\",\"description\":\"\",\"potentialAction\":[{\"@type\":\"SearchAction\",\"target\":{\"@type\":\"EntryPoint\",\"urlTemplate\":\"https:\/\/lottomat.com\/pl\/?s={search_term_string}\"},\"query-input\":{\"@type\":\"PropertyValueSpecification\",\"valueRequired\":true,\"valueName\":\"search_term_string\"}}],\"inLanguage\":\"pl-PL\"}]}<\/script>\n<!-- \/ Yoast SEO plugin. -->","yoast_head_json":{"title":"Wyniki i zwyci\u0119skie liczby EuroMillions Austria \u2013 Lottomat","description":"Sprawd\u017a najnowsze wyniki EuroMillions Austria oraz zwyci\u0119skie liczby. Dowiedz si\u0119 wi\u0119cej o oficjalnych wynikach losowania. Sprawd\u017a.","robots":{"index":"index","follow":"follow","max-snippet":"max-snippet:-1","max-image-preview":"max-image-preview:large","max-video-preview":"max-video-preview:-1"},"canonical":"https:\/\/lottomat.com\/pl\/wyniki\/euromillions-eu\/","og_locale":"pl_PL","og_type":"article","og_title":"Wyniki i zwyci\u0119skie liczby EuroMillions Austria \u2013 Lottomat","og_description":"Sprawd\u017a najnowsze wyniki EuroMillions Austria oraz zwyci\u0119skie liczby. Dowiedz si\u0119 wi\u0119cej o oficjalnych wynikach losowania. Sprawd\u017a.","og_url":"https:\/\/lottomat.com\/pl\/wyniki\/euromillions-eu\/","og_site_name":"Lottomat","article_modified_time":"2026-03-02T20:45:42+00:00","og_image":[{"width":400,"height":400,"url":"https:\/\/lottomat.com\/wp-content\/uploads\/2026\/01\/Austrian-EuroMillions-draw.webp","type":"image\/webp"}],"twitter_card":"summary_large_image","twitter_misc":{"Szacowany czas czytania":"5 minut"},"schema":{"@context":"https:\/\/schema.org","@graph":[{"@type":"WebPage","@id":"https:\/\/lottomat.com\/pl\/wyniki\/euromillions-eu\/","url":"https:\/\/lottomat.com\/pl\/wyniki\/euromillions-eu\/","name":"Wyniki i zwyci\u0119skie liczby EuroMillions Austria \u2013 Lottomat","isPartOf":{"@id":"https:\/\/lottomat.com\/pl\/#website"},"primaryImageOfPage":{"@id":"https:\/\/lottomat.com\/pl\/wyniki\/euromillions-eu\/#primaryimage"},"image":{"@id":"https:\/\/lottomat.com\/pl\/wyniki\/euromillions-eu\/#primaryimage"},"thumbnailUrl":"https:\/\/lottomat.com\/wp-content\/uploads\/2026\/01\/Austrian-EuroMillions-draw.webp","datePublished":"2025-05-18T16:34:38+00:00","dateModified":"2026-03-02T20:45:42+00:00","description":"Sprawd\u017a najnowsze wyniki EuroMillions Austria oraz zwyci\u0119skie liczby. Dowiedz si\u0119 wi\u0119cej o oficjalnych wynikach losowania. Sprawd\u017a.","breadcrumb":{"@id":"https:\/\/lottomat.com\/pl\/wyniki\/euromillions-eu\/#breadcrumb"},"inLanguage":"pl-PL","potentialAction":[{"@type":"ReadAction","target":["https:\/\/lottomat.com\/pl\/wyniki\/euromillions-eu\/"]}]},{"@type":"ImageObject","inLanguage":"pl-PL","@id":"https:\/\/lottomat.com\/pl\/wyniki\/euromillions-eu\/#primaryimage","url":"https:\/\/lottomat.com\/wp-content\/uploads\/2026\/01\/Austrian-EuroMillions-draw.webp","contentUrl":"https:\/\/lottomat.com\/wp-content\/uploads\/2026\/01\/Austrian-EuroMillions-draw.webp"},{"@type":"BreadcrumbList","@id":"https:\/\/lottomat.com\/pl\/wyniki\/euromillions-eu\/#breadcrumb","itemListElement":[{"@type":"ListItem","position":1,"name":"Home","item":"https:\/\/lottomat.com\/pl\/"},{"@type":"ListItem","position":2,"name":"Najnowsze wyniki loterii i numery wygrywaj\u0105ce","item":"https:\/\/lottomat.com\/pl\/wyniki\/"},{"@type":"ListItem","position":3,"name":"Wyniki EuroMillions Austria \u2013 zwyci\u0119skie liczby EuroMillions UE"}]},{"@type":"WebSite","@id":"https:\/\/lottomat.com\/pl\/#website","url":"https:\/\/lottomat.com\/pl\/","name":"Lottomat","description":"","potentialAction":[{"@type":"SearchAction","target":{"@type":"EntryPoint","urlTemplate":"https:\/\/lottomat.com\/pl\/?s={search_term_string}"},"query-input":{"@type":"PropertyValueSpecification","valueRequired":true,"valueName":"search_term_string"}}],"inLanguage":"pl-PL"}]}},"_links":{"self":[{"href":"https:\/\/lottomat.com\/pl\/wp-json\/wp\/v2\/pages\/272397","targetHints":{"allow":["GET"]}}],"collection":[{"href":"https:\/\/lottomat.com\/pl\/wp-json\/wp\/v2\/pages"}],"about":[{"href":"https:\/\/lottomat.com\/pl\/wp-json\/wp\/v2\/types\/page"}],"author":[{"embeddable":true,"href":"https:\/\/lottomat.com\/pl\/wp-json\/wp\/v2\/users\/11"}],"replies":[{"embeddable":true,"href":"https:\/\/lottomat.com\/pl\/wp-json\/wp\/v2\/comments?post=272397"}],"version-history":[{"count":2,"href":"https:\/\/lottomat.com\/pl\/wp-json\/wp\/v2\/pages\/272397\/revisions"}],"predecessor-version":[{"id":272401,"href":"https:\/\/lottomat.com\/pl\/wp-json\/wp\/v2\/pages\/272397\/revisions\/272401"}],"up":[{"embeddable":true,"href":"https:\/\/lottomat.com\/pl\/wp-json\/wp\/v2\/pages\/7439"}],"wp:attachment":[{"href":"https:\/\/lottomat.com\/pl\/wp-json\/wp\/v2\/media?parent=272397"}],"curies":[{"name":"wp","href":"https:\/\/api.w.org\/{rel}","templated":true}]}}