{"id":272389,"date":"2025-05-18T16:39:08","date_gmt":"2025-05-18T16:39:08","guid":{"rendered":"https:\/\/lottomat.com\/?page_id=272389"},"modified":"2026-03-02T20:34:41","modified_gmt":"2026-03-02T20:34:41","slug":"euromillions-eu","status":"publish","type":"page","link":"https:\/\/lottomat.com\/pl\/graj\/euromillions-eu\/","title":{"rendered":"Euromillions EU Online &#8211; losy EuroMillions Austria"},"content":{"rendered":"\n\n<div class=\"kk-star-ratings kksr-auto kksr-align-left kksr-valign-top\"\n    data-payload='{&quot;align&quot;:&quot;left&quot;,&quot;id&quot;:&quot;272389&quot;,&quot;slug&quot;:&quot;default&quot;,&quot;valign&quot;:&quot;top&quot;,&quot;ignore&quot;:&quot;&quot;,&quot;reference&quot;:&quot;auto&quot;,&quot;class&quot;:&quot;&quot;,&quot;count&quot;:&quot;0&quot;,&quot;legendonly&quot;:&quot;&quot;,&quot;readonly&quot;:&quot;&quot;,&quot;score&quot;:&quot;0&quot;,&quot;starsonly&quot;:&quot;&quot;,&quot;best&quot;:&quot;5&quot;,&quot;gap&quot;:&quot;5&quot;,&quot;greet&quot;:&quot;Rate this page&quot;,&quot;legend&quot;:&quot;0\\\/5 - (0 votes)&quot;,&quot;size&quot;:&quot;30&quot;,&quot;title&quot;:&quot;Euromillions EU Online - losy EuroMillions Austria&quot;,&quot;width&quot;:&quot;0&quot;,&quot;_legend&quot;:&quot;{score}\\\/{best} - ({count} {votes})&quot;,&quot;font_factor&quot;:&quot;1.25&quot;}'>\n            \n<div class=\"kksr-stars\">\n    \n<div class=\"kksr-stars-inactive\">\n            <div class=\"kksr-star\" data-star=\"1\" style=\"padding-right: 5px\">\n            \n\n<div class=\"kksr-icon\" style=\"width: 30px; height: 30px;\"><\/div>\n        <\/div>\n            <div class=\"kksr-star\" data-star=\"2\" style=\"padding-right: 5px\">\n            \n\n<div class=\"kksr-icon\" style=\"width: 30px; height: 30px;\"><\/div>\n        <\/div>\n            <div class=\"kksr-star\" data-star=\"3\" style=\"padding-right: 5px\">\n            \n\n<div class=\"kksr-icon\" style=\"width: 30px; height: 30px;\"><\/div>\n        <\/div>\n            <div class=\"kksr-star\" data-star=\"4\" style=\"padding-right: 5px\">\n            \n\n<div class=\"kksr-icon\" style=\"width: 30px; height: 30px;\"><\/div>\n        <\/div>\n            <div class=\"kksr-star\" data-star=\"5\" style=\"padding-right: 5px\">\n            \n\n<div class=\"kksr-icon\" style=\"width: 30px; height: 30px;\"><\/div>\n        <\/div>\n    <\/div>\n    \n<div class=\"kksr-stars-active\" style=\"width: 0px;\">\n            <div class=\"kksr-star\" style=\"padding-right: 5px\">\n            \n\n<div class=\"kksr-icon\" style=\"width: 30px; height: 30px;\"><\/div>\n        <\/div>\n            <div class=\"kksr-star\" style=\"padding-right: 5px\">\n            \n\n<div class=\"kksr-icon\" style=\"width: 30px; height: 30px;\"><\/div>\n        <\/div>\n            <div class=\"kksr-star\" style=\"padding-right: 5px\">\n            \n\n<div class=\"kksr-icon\" style=\"width: 30px; height: 30px;\"><\/div>\n        <\/div>\n            <div class=\"kksr-star\" style=\"padding-right: 5px\">\n            \n\n<div class=\"kksr-icon\" style=\"width: 30px; height: 30px;\"><\/div>\n        <\/div>\n            <div class=\"kksr-star\" style=\"padding-right: 5px\">\n            \n\n<div class=\"kksr-icon\" style=\"width: 30px; height: 30px;\"><\/div>\n        <\/div>\n    <\/div>\n<\/div>\n                \n\n<div class=\"kksr-legend\" style=\"font-size: 24px;\">\n            <span class=\"kksr-muted\">Rate this page<\/span>\n    <\/div>\n    <\/div>\n<h2>Odkryj emocje Euromillions EU \u2013 austriacka droga do wielkich wygranych<\/h2>\n<p><img loading=\"lazy\" decoding=\"async\" class=\"alignright wp-image-268063\" src=\"https:\/\/lottomat.com\/wp-content\/uploads\/2026\/01\/Austrian-EuroMillions.webp\" alt=\"Austriacki EuroMillions\" width=\"200\" height=\"200\" srcset=\"https:\/\/lottomat.com\/wp-content\/uploads\/2026\/01\/Austrian-EuroMillions.webp 400w, https:\/\/lottomat.com\/wp-content\/uploads\/2026\/01\/Austrian-EuroMillions-300x300.webp 300w, https:\/\/lottomat.com\/wp-content\/uploads\/2026\/01\/Austrian-EuroMillions-150x150.webp 150w, https:\/\/lottomat.com\/wp-content\/uploads\/2026\/01\/Austrian-EuroMillions-100x100.webp 100w\" sizes=\"auto, (max-width: 200px) 100vw, 200px\" \/><\/p>\n<p>Wyobra\u017a sobie, \u017ce budzisz si\u0119 w \u017cyciu, w kt\u00f3rym wszystkie Twoje marzenia s\u0105 na wyci\u0105gni\u0119cie r\u0119ki, a liczby wybrane poprzedniego wieczoru na zawsze odmieni\u0142y Twoj\u0105 przysz\u0142o\u015b\u0107. To w\u0142a\u015bnie dreszcz emocji, kt\u00f3ry czeka na ka\u017cdego uczestnika <strong>Euromillions EU<\/strong>, znanego r\u00f3wnie\u017c jako <strong>EuroMillions Austria<\/strong>. Dzi\u0119ki jackpotom rozpalaj\u0105cym wyobra\u017ani\u0119 i ekscytacji milion\u00f3w graczy ta loteria jest Twoim biletem do \u015bwiata nieograniczonych mo\u017cliwo\u015bci.<\/p>\n<p>Euromillions EU to nie tylko kolejna loteria \u2013 to do\u015bwiadczenie, kt\u00f3re \u0142\u0105czy graczy z ca\u0142ego kontynentu we wsp\u00f3lnej nadziei na wielk\u0105 wygran\u0105. Oczekiwanie, atmosfera wieczoru losowania i szansa do\u0142\u0105czenia do grona najwi\u0119kszych zwyci\u0119zc\u00f3w Europy \u2013 wszystko zaczyna si\u0119 od jednego losu.<\/p>\n<h2>Co wyr\u00f3\u017cnia EuroMillions Austria?<\/h2>\n<p>Je\u015bli znasz globalny fenomen EuroMillions, mo\u017cesz zastanawia\u0107 si\u0119, czym wersja EU \u2013 a w szczeg\u00f3lno\u015bci EuroMillions Austria \u2013 r\u00f3\u017cni si\u0119 od swojego brytyjskiego odpowiednika. Odpowied\u017a tkwi w szczeg\u00f3\u0142ach, a dla mi\u0142o\u015bnik\u00f3w loterii maj\u0105 one ogromne znaczenie.<\/p>\n<p><img loading=\"lazy\" decoding=\"async\" class=\"alignleft wp-image-268094\" src=\"https:\/\/lottomat.com\/wp-content\/uploads\/2026\/01\/EuroMillions-Austria-online.webp\" alt=\"EuroMillions Austria online\" width=\"200\" height=\"200\" srcset=\"https:\/\/lottomat.com\/wp-content\/uploads\/2026\/01\/EuroMillions-Austria-online.webp 400w, https:\/\/lottomat.com\/wp-content\/uploads\/2026\/01\/EuroMillions-Austria-online-300x300.webp 300w, https:\/\/lottomat.com\/wp-content\/uploads\/2026\/01\/EuroMillions-Austria-online-150x150.webp 150w, https:\/\/lottomat.com\/wp-content\/uploads\/2026\/01\/EuroMillions-Austria-online-100x100.webp 100w\" sizes=\"auto, (max-width: 200px) 100vw, 200px\" \/>Euromillions EU opiera si\u0119 na <a href=\"https:\/\/lottomat.com\/pl\/informacje-o-loteriach\/euromillions\/\">klasycznym formacie EuroMillions<\/a>, jednak losy kupowane s\u0105, a wygrane wyp\u0142acane zgodnie z austriackimi przepisami i zasadami podatkowymi. Oznacza to cz\u0119sto odmienn\u0105 struktur\u0119 wyp\u0142at, a czasem korzystniejsze warunki podatkowe dla zwyci\u0119zc\u00f3w \u2013 w zale\u017cno\u015bci od kraju zamieszkania. W przeciwie\u0144stwie do wersji brytyjskiej, gdzie losy kupuje si\u0119 w funtach i podlegaj\u0105 one brytyjskim regulacjom, EuroMillions Austria dzia\u0142a w euro i zgodnie z austriackim prawem dotycz\u0105cym gier losowych. Mo\u017ce to mie\u0107 wp\u0142yw nie tylko na spos\u00f3b gry, ale tak\u017ce na to, ile ostatecznie trafi do Twojej kieszeni w przypadku wygranej.<\/p>\n<p>Kolejn\u0105 zauwa\u017caln\u0105 r\u00f3\u017cnic\u0105 jest zakres dodatkowych gier i loterii towarzysz\u0105cych losowaniom EuroMillions UK, takich jak UK Millionaire Maker. Cho\u0107 s\u0105 one dost\u0119pne wy\u0142\u0105cznie dla uczestnik\u00f3w z Wielkiej Brytanii, graj\u0105c przez Euromillions EU stajesz si\u0119 cz\u0119\u015bci\u0105 prawdziwie paneuropejskiego do\u015bwiadczenia loteryjnego, dziel\u0105c emocje z graczami z Austrii, Hiszpanii, Francji, Portugalii, Belgii, Irlandii, Luksemburga i Szwajcarii. Poczucie wsp\u00f3lnoty oraz skala gry sprawiaj\u0105, \u017ce ka\u017cde losowanie jest wydarzeniem o mi\u0119dzynarodowym charakterze.<\/p>\n<h2>Rytm emocji \u2013 kiedy odbywaj\u0105 si\u0119 losowania?<\/h2>\n<p>Euromillions EU podtrzymuje emocje dzi\u0119ki dw\u00f3m losowaniom w tygodniu, kt\u00f3re odbywaj\u0105 si\u0119 w ka\u017cdy wtorek i pi\u0105tek wieczorem. Ten regularny rytm sprawia, \u017ce okazja do zmiany \u017cycia nigdy nie jest daleko \u2013 zaledwie kilka dni dzieli Ci\u0119 od kolejnej szansy na zostanie nast\u0119pnym wielkim zwyci\u0119zc\u0105 w Europie. Napi\u0119cie ro\u015bnie w ci\u0105gu tygodnia, a ka\u017cde losowanie to nowy pocz\u0105tek i \u015bwie\u017ca szansa na szcz\u0119\u015bcie, kt\u00f3re mo\u017ce czai\u0107 si\u0119 tu\u017c za rogiem.<\/p>\n<p>Jest w tym co\u015b magicznego, \u017ce dwa razy w tygodniu kto\u015b, gdzie\u015b w Europie, zobaczy swoje liczby w\u015br\u00f3d wylosowanych. Dlaczego nie mia\u0142by\u015b to by\u0107 Ty? Przy tak cz\u0119stych losowaniach Euromillions EU oferuje mn\u00f3stwo okazji do gry, marze\u0144 i wygranych.<\/p>\n<h2>Dlaczego warto gra\u0107 w EuroMillions Austria? Rado\u015b\u0107 z si\u0119gania po wielkie marzenia<\/h2>\n<p>Prawdziwy urok Euromillions EU tkwi w mo\u017cliwo\u015bciach, kt\u00f3re mog\u0105 odmieni\u0107 \u017cycie. Jackpoty regularnie osi\u0105gaj\u0105 zawrotne kwoty, czasem przekraczaj\u0105c 200 milion\u00f3w euro. Wyobra\u017a sobie, co m\u00f3g\u0142by\u015b zrobi\u0107 z tak\u0105 wygran\u0105 \u2013 podr\u00f3\u017cowa\u0107 po \u015bwiecie, kupi\u0107 dom marze\u0144, zabezpieczy\u0107 przysz\u0142o\u015b\u0107 rodziny czy wesprze\u0107 bliskie Ci inicjatywy. Horyzont si\u0119 poszerza, a jedynym ograniczeniem jest Twoja wyobra\u017ania.<\/p>\n<p>Jednak poza ogromnymi wygranymi jest co\u015b niezwykle satysfakcjonuj\u0105cego w byciu cz\u0119\u015bci\u0105 tak legendarnej loterii. Ka\u017cdy los to obietnica nadziei, niewielka inwestycja w wiar\u0119, \u017ce szcz\u0119\u015bcie mo\u017ce u\u015bmiechn\u0105\u0107 si\u0119 w\u0142a\u015bnie do Ciebie. Sam moment oczekiwania na losowanie, chwila og\u0142oszenia Twoich liczb i przyp\u0142yw adrenaliny \u2013 to do\u015bwiadczenie, kt\u00f3re wnosi ekscytacj\u0119 do codziennego \u017cycia.<img loading=\"lazy\" decoding=\"async\" class=\"alignright wp-image-268125\" src=\"https:\/\/lottomat.com\/wp-content\/uploads\/2026\/01\/EuroMillions-Austria-tickets.webp\" alt=\"losy EuroMillions Austria\" width=\"200\" height=\"200\" srcset=\"https:\/\/lottomat.com\/wp-content\/uploads\/2026\/01\/EuroMillions-Austria-tickets.webp 400w, https:\/\/lottomat.com\/wp-content\/uploads\/2026\/01\/EuroMillions-Austria-tickets-300x300.webp 300w, https:\/\/lottomat.com\/wp-content\/uploads\/2026\/01\/EuroMillions-Austria-tickets-150x150.webp 150w, https:\/\/lottomat.com\/wp-content\/uploads\/2026\/01\/EuroMillions-Austria-tickets-100x100.webp 100w\" sizes=\"auto, (max-width: 200px) 100vw, 200px\" \/><\/p>\n<p>Aby w pe\u0142ni czerpa\u0107 z loteryjnego stylu \u017cycia, kluczem jest regularno\u015b\u0107. Najbardziej do\u015bwiadczeni gracze wiedz\u0105, \u017ce systematyczna gra zwi\u0119ksza szanse na sukces. Ka\u017cde pomini\u0119te losowanie to utracona okazja, dlatego wyr\u00f3b w sobie nawyk \u2013 kupuj losy, wybieraj liczby, sprawdzaj <a href=\"https:\/\/lottomat.com\/pl\/graj\/euromillions\/\">oficjalne wyniki EuroMillions Austria<\/a> i pozosta\u0144 w grze. W ko\u0144cu nie mo\u017cesz wygra\u0107, je\u015bli nie grasz, a nigdy nie wiadomo, kiedy nadejdzie Tw\u00f3j szcz\u0119\u015bliwy dzie\u0144.<\/p>\n<h2>Wi\u0119cej ni\u017c Euromillions \u2013 \u015bwiat czeka na Ciebie w Lottomat<\/h2>\n<p>Cho\u0107 Euromillions EU oraz jego brytyjski odpowiednik nale\u017c\u0105 do <a href=\"https:\/\/lottomat.com\/pl\/graj\/\">najpopularniejszych loterii w Europie<\/a>, to dopiero pocz\u0105tek mo\u017cliwo\u015bci dost\u0119pnych w Lottomat. Nasza platforma daje Ci dost\u0119p do ca\u0142ego \u015bwiata loterii \u2013 od pot\u0119\u017cnego Powerball i <a href=\"https:\/\/lottomat.com\/pl\/graj\/mega-millions\/\">Mega Millions<\/a> w Stanach Zjednoczonych, po w\u0142oskie <a href=\"https:\/\/lottomat.com\/pl\/graj\/superenalotto\/\">SuperEnalotto<\/a>, hiszpa\u0144skie El Gordo i wiele innych. Ka\u017cda loteria ma sw\u00f3j unikalny charakter, szanse i wysoko\u015bci jackpot\u00f3w, oferuj\u0105c niezliczone mo\u017cliwo\u015bci gry i wygranej.<\/p>\n<p>Gra w kilka loterii jednocze\u015bnie to strategia stosowana przez wielu do\u015bwiadczonych graczy. Rozk\u0142adaj\u0105c swoje zak\u0142ady na r\u00f3\u017cne gry, nie tylko poszerzasz horyzonty, ale r\u00f3wnie\u017c znacz\u0105co zwi\u0119kszasz szanse na du\u017c\u0105 wygran\u0105. Ka\u017cdy los to nowa okazja, ka\u017cde losowanie to nowa przygoda. W Lottomat masz swobod\u0119 odkrywania, eksperymentowania i wybierania gier, kt\u00f3re najlepiej odpowiadaj\u0105 Twojemu poczuciu emocji.<\/p>\n<p>\u015awiat loterii pe\u0142en jest historii \u2013 o zwyk\u0142ych ludziach, kt\u00f3rych \u017cycie zmieni\u0142o si\u0119 w jednej chwili, o spe\u0142nionych marzeniach i napisanych na nowo losach. Z ka\u017cdym kupionym losem do\u0142\u0105czasz do tej globalnej spo\u0142eczno\u015bci marzycieli i zwyci\u0119zc\u00f3w. Nast\u0119pna historia mo\u017ce nale\u017ce\u0107 do Ciebie.<\/p>\n<h2>Twoja droga do fortuny zaczyna si\u0119 tutaj<\/h2>\n<p><img loading=\"lazy\" decoding=\"async\" class=\"alignleft wp-image-268155\" src=\"https:\/\/lottomat.com\/wp-content\/uploads\/2026\/01\/play-EuroMillions-Austria.webp\" alt=\"graj w EuroMillions Austria\" width=\"200\" height=\"200\" srcset=\"https:\/\/lottomat.com\/wp-content\/uploads\/2026\/01\/play-EuroMillions-Austria.webp 400w, https:\/\/lottomat.com\/wp-content\/uploads\/2026\/01\/play-EuroMillions-Austria-300x300.webp 300w, https:\/\/lottomat.com\/wp-content\/uploads\/2026\/01\/play-EuroMillions-Austria-150x150.webp 150w, https:\/\/lottomat.com\/wp-content\/uploads\/2026\/01\/play-EuroMillions-Austria-100x100.webp 100w\" sizes=\"auto, (max-width: 200px) 100vw, 200px\" \/>Euromillions EU to co\u015b wi\u0119cej ni\u017c gra \u2013 to brama do ja\u015bniejszej przysz\u0142o\u015bci. Emocje oczekiwania, rado\u015b\u0107 z mo\u017cliwo\u015bci i szansa na do\u0142\u0105czenie do grona najwi\u0119kszych europejskich zwyci\u0119zc\u00f3w s\u0105 w Twoim zasi\u0119gu. Niezale\u017cnie od tego, czy grasz po raz pierwszy, czy jeste\u015b do\u015bwiadczonym fanem loterii, nie ma lepszego momentu, by zacz\u0105\u0107.<\/p>\n<p>Pami\u0119taj, kluczem do wygranej jest udzia\u0142. Im cz\u0119\u015bciej grasz, tym wi\u0119ksza szansa, \u017ce znajdziesz si\u0119 w gronie szcz\u0119\u015bliwc\u00f3w, kt\u00f3rych \u017cycie odmieni\u0142 jeden los. Nie pozw\u00f3l, aby kolejne losowanie przesz\u0142o obok Ciebie \u2013 wykorzystaj swoj\u0105 szans\u0119, poczuj emocje i pozw\u00f3l, by Euromillions EU otworzy\u0142o przed Tob\u0105 drzwi do \u017cycia, o kt\u00f3rym zawsze marzy\u0142e\u015b.<\/p>\n<p>A je\u015bli chcesz jeszcze bardziej zwi\u0119kszy\u0107 swoje szanse, odkryj bogaty wyb\u00f3r mi\u0119dzynarodowych loterii w Lottomat. Ka\u017cda gra to nowa mo\u017cliwo\u015b\u0107, nowy horyzont i nowy pow\u00f3d, by wierzy\u0107, \u017ce szcz\u0119\u015bcie sprzyja odwa\u017cnym. Twoja przygoda zaczyna si\u0119 teraz \u2013 czy jeste\u015b gotowy zagra\u0107?<\/p>\n","protected":false},"excerpt":{"rendered":"<p>Odkryj emocje Euromillions EU \u2013 austriacka droga do wielkich wygranych Wyobra\u017a sobie, \u017ce budzisz si\u0119 w \u017cyciu, w kt\u00f3rym wszystkie Twoje marzenia s\u0105 na wyci\u0105gni\u0119cie r\u0119ki, a liczby wybrane poprzedniego wieczoru na zawsze odmieni\u0142y Twoj\u0105 przysz\u0142o\u015b\u0107. To w\u0142a\u015bnie dreszcz emocji, kt\u00f3ry czeka na ka\u017cdego uczestnika Euromillions EU, znanego r\u00f3wnie\u017c jako EuroMillions Austria. Dzi\u0119ki jackpotom rozpalaj\u0105cym [&hellip;]<\/p>\n","protected":false},"author":11,"featured_media":0,"parent":6786,"menu_order":0,"comment_status":"closed","ping_status":"closed","template":"euromillions-at.php","meta":{"_et_pb_use_builder":"","_et_pb_old_content":"","_et_gb_content_width":"","exclude_from_search":false,"footnotes":""},"class_list":["post-272389","page","type-page","status-publish","hentry"],"yoast_head":"<!-- This site is optimized with the Yoast SEO plugin v23.8 - https:\/\/yoast.com\/wordpress\/plugins\/seo\/ -->\n<title>EuroMillions Austria Online \u2013 Kup losy \u2013 Lottomat<\/title>\n<meta name=\"description\" content=\"Graj w EuroMillions Austria online na Lottomat. Tutaj mo\u017cesz kupi\u0107 losy EuroMillions Austria online na nadchodz\u0105ce losowanie. Do\u0142\u0105cz teraz!\" \/>\n<meta name=\"robots\" content=\"index, follow, max-snippet:-1, max-image-preview:large, max-video-preview:-1\" \/>\n<link rel=\"canonical\" href=\"https:\/\/lottomat.com\/pl\/graj\/euromillions-eu\/\" \/>\n<meta property=\"og:locale\" content=\"pl_PL\" \/>\n<meta property=\"og:type\" content=\"article\" \/>\n<meta property=\"og:title\" content=\"EuroMillions Austria Online \u2013 Kup losy \u2013 Lottomat\" \/>\n<meta property=\"og:description\" content=\"Graj w EuroMillions Austria online na Lottomat. Tutaj mo\u017cesz kupi\u0107 losy EuroMillions Austria online na nadchodz\u0105ce losowanie. Do\u0142\u0105cz teraz!\" \/>\n<meta property=\"og:url\" content=\"https:\/\/lottomat.com\/pl\/graj\/euromillions-eu\/\" \/>\n<meta property=\"og:site_name\" content=\"Lottomat\" \/>\n<meta property=\"article:modified_time\" content=\"2026-03-02T20:34:41+00:00\" \/>\n<meta property=\"og:image\" content=\"https:\/\/lottomat.com\/wp-content\/uploads\/2026\/01\/Austrian-EuroMillions.webp\" \/>\n\t<meta property=\"og:image:width\" content=\"400\" \/>\n\t<meta property=\"og:image:height\" content=\"400\" \/>\n\t<meta property=\"og:image:type\" content=\"image\/webp\" \/>\n<meta name=\"twitter:card\" content=\"summary_large_image\" \/>\n<meta name=\"twitter:label1\" content=\"Szacowany czas czytania\" \/>\n\t<meta name=\"twitter:data1\" content=\"5 minut\" \/>\n<script type=\"application\/ld+json\" class=\"yoast-schema-graph\">{\"@context\":\"https:\/\/schema.org\",\"@graph\":[{\"@type\":\"WebPage\",\"@id\":\"https:\/\/lottomat.com\/pl\/graj\/euromillions-eu\/\",\"url\":\"https:\/\/lottomat.com\/pl\/graj\/euromillions-eu\/\",\"name\":\"EuroMillions Austria Online \u2013 Kup losy \u2013 Lottomat\",\"isPartOf\":{\"@id\":\"https:\/\/lottomat.com\/pl\/#website\"},\"primaryImageOfPage\":{\"@id\":\"https:\/\/lottomat.com\/pl\/graj\/euromillions-eu\/#primaryimage\"},\"image\":{\"@id\":\"https:\/\/lottomat.com\/pl\/graj\/euromillions-eu\/#primaryimage\"},\"thumbnailUrl\":\"https:\/\/lottomat.com\/wp-content\/uploads\/2026\/01\/Austrian-EuroMillions.webp\",\"datePublished\":\"2025-05-18T16:39:08+00:00\",\"dateModified\":\"2026-03-02T20:34:41+00:00\",\"description\":\"Graj w EuroMillions Austria online na Lottomat. Tutaj mo\u017cesz kupi\u0107 losy EuroMillions Austria online na nadchodz\u0105ce losowanie. Do\u0142\u0105cz teraz!\",\"breadcrumb\":{\"@id\":\"https:\/\/lottomat.com\/pl\/graj\/euromillions-eu\/#breadcrumb\"},\"inLanguage\":\"pl-PL\",\"potentialAction\":[{\"@type\":\"ReadAction\",\"target\":[\"https:\/\/lottomat.com\/pl\/graj\/euromillions-eu\/\"]}]},{\"@type\":\"ImageObject\",\"inLanguage\":\"pl-PL\",\"@id\":\"https:\/\/lottomat.com\/pl\/graj\/euromillions-eu\/#primaryimage\",\"url\":\"https:\/\/lottomat.com\/wp-content\/uploads\/2026\/01\/Austrian-EuroMillions.webp\",\"contentUrl\":\"https:\/\/lottomat.com\/wp-content\/uploads\/2026\/01\/Austrian-EuroMillions.webp\"},{\"@type\":\"BreadcrumbList\",\"@id\":\"https:\/\/lottomat.com\/pl\/graj\/euromillions-eu\/#breadcrumb\",\"itemListElement\":[{\"@type\":\"ListItem\",\"position\":1,\"name\":\"Home\",\"item\":\"https:\/\/lottomat.com\/pl\/\"},{\"@type\":\"ListItem\",\"position\":2,\"name\":\"Graj w Loterie\",\"item\":\"https:\/\/lottomat.com\/pl\/graj\/\"},{\"@type\":\"ListItem\",\"position\":3,\"name\":\"Euromillions EU Online &#8211; losy EuroMillions Austria\"}]},{\"@type\":\"WebSite\",\"@id\":\"https:\/\/lottomat.com\/pl\/#website\",\"url\":\"https:\/\/lottomat.com\/pl\/\",\"name\":\"Lottomat\",\"description\":\"\",\"potentialAction\":[{\"@type\":\"SearchAction\",\"target\":{\"@type\":\"EntryPoint\",\"urlTemplate\":\"https:\/\/lottomat.com\/pl\/?s={search_term_string}\"},\"query-input\":{\"@type\":\"PropertyValueSpecification\",\"valueRequired\":true,\"valueName\":\"search_term_string\"}}],\"inLanguage\":\"pl-PL\"}]}<\/script>\n<!-- \/ Yoast SEO plugin. -->","yoast_head_json":{"title":"EuroMillions Austria Online \u2013 Kup losy \u2013 Lottomat","description":"Graj w EuroMillions Austria online na Lottomat. Tutaj mo\u017cesz kupi\u0107 losy EuroMillions Austria online na nadchodz\u0105ce losowanie. Do\u0142\u0105cz teraz!","robots":{"index":"index","follow":"follow","max-snippet":"max-snippet:-1","max-image-preview":"max-image-preview:large","max-video-preview":"max-video-preview:-1"},"canonical":"https:\/\/lottomat.com\/pl\/graj\/euromillions-eu\/","og_locale":"pl_PL","og_type":"article","og_title":"EuroMillions Austria Online \u2013 Kup losy \u2013 Lottomat","og_description":"Graj w EuroMillions Austria online na Lottomat. Tutaj mo\u017cesz kupi\u0107 losy EuroMillions Austria online na nadchodz\u0105ce losowanie. Do\u0142\u0105cz teraz!","og_url":"https:\/\/lottomat.com\/pl\/graj\/euromillions-eu\/","og_site_name":"Lottomat","article_modified_time":"2026-03-02T20:34:41+00:00","og_image":[{"width":400,"height":400,"url":"https:\/\/lottomat.com\/wp-content\/uploads\/2026\/01\/Austrian-EuroMillions.webp","type":"image\/webp"}],"twitter_card":"summary_large_image","twitter_misc":{"Szacowany czas czytania":"5 minut"},"schema":{"@context":"https:\/\/schema.org","@graph":[{"@type":"WebPage","@id":"https:\/\/lottomat.com\/pl\/graj\/euromillions-eu\/","url":"https:\/\/lottomat.com\/pl\/graj\/euromillions-eu\/","name":"EuroMillions Austria Online \u2013 Kup losy \u2013 Lottomat","isPartOf":{"@id":"https:\/\/lottomat.com\/pl\/#website"},"primaryImageOfPage":{"@id":"https:\/\/lottomat.com\/pl\/graj\/euromillions-eu\/#primaryimage"},"image":{"@id":"https:\/\/lottomat.com\/pl\/graj\/euromillions-eu\/#primaryimage"},"thumbnailUrl":"https:\/\/lottomat.com\/wp-content\/uploads\/2026\/01\/Austrian-EuroMillions.webp","datePublished":"2025-05-18T16:39:08+00:00","dateModified":"2026-03-02T20:34:41+00:00","description":"Graj w EuroMillions Austria online na Lottomat. Tutaj mo\u017cesz kupi\u0107 losy EuroMillions Austria online na nadchodz\u0105ce losowanie. Do\u0142\u0105cz teraz!","breadcrumb":{"@id":"https:\/\/lottomat.com\/pl\/graj\/euromillions-eu\/#breadcrumb"},"inLanguage":"pl-PL","potentialAction":[{"@type":"ReadAction","target":["https:\/\/lottomat.com\/pl\/graj\/euromillions-eu\/"]}]},{"@type":"ImageObject","inLanguage":"pl-PL","@id":"https:\/\/lottomat.com\/pl\/graj\/euromillions-eu\/#primaryimage","url":"https:\/\/lottomat.com\/wp-content\/uploads\/2026\/01\/Austrian-EuroMillions.webp","contentUrl":"https:\/\/lottomat.com\/wp-content\/uploads\/2026\/01\/Austrian-EuroMillions.webp"},{"@type":"BreadcrumbList","@id":"https:\/\/lottomat.com\/pl\/graj\/euromillions-eu\/#breadcrumb","itemListElement":[{"@type":"ListItem","position":1,"name":"Home","item":"https:\/\/lottomat.com\/pl\/"},{"@type":"ListItem","position":2,"name":"Graj w Loterie","item":"https:\/\/lottomat.com\/pl\/graj\/"},{"@type":"ListItem","position":3,"name":"Euromillions EU Online &#8211; losy EuroMillions Austria"}]},{"@type":"WebSite","@id":"https:\/\/lottomat.com\/pl\/#website","url":"https:\/\/lottomat.com\/pl\/","name":"Lottomat","description":"","potentialAction":[{"@type":"SearchAction","target":{"@type":"EntryPoint","urlTemplate":"https:\/\/lottomat.com\/pl\/?s={search_term_string}"},"query-input":{"@type":"PropertyValueSpecification","valueRequired":true,"valueName":"search_term_string"}}],"inLanguage":"pl-PL"}]}},"_links":{"self":[{"href":"https:\/\/lottomat.com\/pl\/wp-json\/wp\/v2\/pages\/272389","targetHints":{"allow":["GET"]}}],"collection":[{"href":"https:\/\/lottomat.com\/pl\/wp-json\/wp\/v2\/pages"}],"about":[{"href":"https:\/\/lottomat.com\/pl\/wp-json\/wp\/v2\/types\/page"}],"author":[{"embeddable":true,"href":"https:\/\/lottomat.com\/pl\/wp-json\/wp\/v2\/users\/11"}],"replies":[{"embeddable":true,"href":"https:\/\/lottomat.com\/pl\/wp-json\/wp\/v2\/comments?post=272389"}],"version-history":[{"count":2,"href":"https:\/\/lottomat.com\/pl\/wp-json\/wp\/v2\/pages\/272389\/revisions"}],"predecessor-version":[{"id":272394,"href":"https:\/\/lottomat.com\/pl\/wp-json\/wp\/v2\/pages\/272389\/revisions\/272394"}],"up":[{"embeddable":true,"href":"https:\/\/lottomat.com\/pl\/wp-json\/wp\/v2\/pages\/6786"}],"wp:attachment":[{"href":"https:\/\/lottomat.com\/pl\/wp-json\/wp\/v2\/media?parent=272389"}],"curies":[{"name":"wp","href":"https:\/\/api.w.org\/{rel}","templated":true}]}}