{"id":238138,"date":"2025-04-07T19:25:51","date_gmt":"2025-04-07T19:25:51","guid":{"rendered":"https:\/\/lottomat.net\/wyniki-lotto\/wyniki-superenalotto\/"},"modified":"2026-03-29T20:42:23","modified_gmt":"2026-03-29T20:42:23","slug":"superenalotto","status":"publish","type":"page","link":"https:\/\/lottomat.com\/pl\/wyniki\/superenalotto\/","title":{"rendered":"Wyniki SuperEnalotto i Numery Zwyci\u0119skie"},"content":{"rendered":"\n\n<div class=\"kk-star-ratings kksr-auto kksr-align-left kksr-valign-top\"\n    data-payload='{&quot;align&quot;:&quot;left&quot;,&quot;id&quot;:&quot;238138&quot;,&quot;slug&quot;:&quot;default&quot;,&quot;valign&quot;:&quot;top&quot;,&quot;ignore&quot;:&quot;&quot;,&quot;reference&quot;:&quot;auto&quot;,&quot;class&quot;:&quot;&quot;,&quot;count&quot;:&quot;0&quot;,&quot;legendonly&quot;:&quot;&quot;,&quot;readonly&quot;:&quot;&quot;,&quot;score&quot;:&quot;0&quot;,&quot;starsonly&quot;:&quot;&quot;,&quot;best&quot;:&quot;5&quot;,&quot;gap&quot;:&quot;5&quot;,&quot;greet&quot;:&quot;Rate this page&quot;,&quot;legend&quot;:&quot;0\\\/5 - (0 votes)&quot;,&quot;size&quot;:&quot;30&quot;,&quot;title&quot;:&quot;Wyniki SuperEnalotto i Numery Zwyci\u0119skie&quot;,&quot;width&quot;:&quot;0&quot;,&quot;_legend&quot;:&quot;{score}\\\/{best} - ({count} {votes})&quot;,&quot;font_factor&quot;:&quot;1.25&quot;}'>\n            \n<div class=\"kksr-stars\">\n    \n<div class=\"kksr-stars-inactive\">\n            <div class=\"kksr-star\" data-star=\"1\" style=\"padding-right: 5px\">\n            \n\n<div class=\"kksr-icon\" style=\"width: 30px; height: 30px;\"><\/div>\n        <\/div>\n            <div class=\"kksr-star\" data-star=\"2\" style=\"padding-right: 5px\">\n            \n\n<div class=\"kksr-icon\" style=\"width: 30px; height: 30px;\"><\/div>\n        <\/div>\n            <div class=\"kksr-star\" data-star=\"3\" style=\"padding-right: 5px\">\n            \n\n<div class=\"kksr-icon\" style=\"width: 30px; height: 30px;\"><\/div>\n        <\/div>\n            <div class=\"kksr-star\" data-star=\"4\" style=\"padding-right: 5px\">\n            \n\n<div class=\"kksr-icon\" style=\"width: 30px; height: 30px;\"><\/div>\n        <\/div>\n            <div class=\"kksr-star\" data-star=\"5\" style=\"padding-right: 5px\">\n            \n\n<div class=\"kksr-icon\" style=\"width: 30px; height: 30px;\"><\/div>\n        <\/div>\n    <\/div>\n    \n<div class=\"kksr-stars-active\" style=\"width: 0px;\">\n            <div class=\"kksr-star\" style=\"padding-right: 5px\">\n            \n\n<div class=\"kksr-icon\" style=\"width: 30px; height: 30px;\"><\/div>\n        <\/div>\n            <div class=\"kksr-star\" style=\"padding-right: 5px\">\n            \n\n<div class=\"kksr-icon\" style=\"width: 30px; height: 30px;\"><\/div>\n        <\/div>\n            <div class=\"kksr-star\" style=\"padding-right: 5px\">\n            \n\n<div class=\"kksr-icon\" style=\"width: 30px; height: 30px;\"><\/div>\n        <\/div>\n            <div class=\"kksr-star\" style=\"padding-right: 5px\">\n            \n\n<div class=\"kksr-icon\" style=\"width: 30px; height: 30px;\"><\/div>\n        <\/div>\n            <div class=\"kksr-star\" style=\"padding-right: 5px\">\n            \n\n<div class=\"kksr-icon\" style=\"width: 30px; height: 30px;\"><\/div>\n        <\/div>\n    <\/div>\n<\/div>\n                \n\n<div class=\"kksr-legend\" style=\"font-size: 24px;\">\n            <span class=\"kksr-muted\">Rate this page<\/span>\n    <\/div>\n    <\/div>\n<p>Poznawanie wynik\u00f3w SuperEnalotto z ka\u017cdego losowania, w kt\u00f3rym bior\u0105 udzia\u0142 Twoje losy na loteri\u0119, to z pewno\u015bci\u0105 \u015bwietna zabawa \u2014 szczeg\u00f3lnie wtedy, gdy okazuje si\u0119, \u017ce wybra\u0142e\u015b szcz\u0119\u015bliwe liczby. Sprawd\u017a szybko i wygodnie na <a href=\"https:\/\/lottomat.com\/pl\/\">stronie LottoMat<\/a>, czy uda\u0142o Ci si\u0119 do\u0142\u0105czy\u0107 do grona milioner\u00f3w, poniewa\u017c publikujemy wyniki zaraz po losowaniu, a pochodz\u0105 one z oficjalnego komunikatu organizatora loterii SuperEnalotto. Mo\u017cna powiedzie\u0107, \u017ce <a href=\"https:\/\/lottomat.com\/pl\/wyniki\/\">nasze wyniki loterii<\/a> s\u0105 zawsze gor\u0105ce jak \u015bwie\u017co upieczone bu\u0142eczki.<\/p>\n<h2><img loading=\"lazy\" decoding=\"async\" class=\"wp-image-252676 alignleft\" src=\"https:\/\/lottomat.com\/wp-content\/uploads\/2025\/10\/Italian-lottery-numbers-300x300.webp\" alt=\"w\u0142oskie numery loterii\" width=\"200\" height=\"200\" srcset=\"https:\/\/lottomat.com\/wp-content\/uploads\/2025\/10\/Italian-lottery-numbers-300x300.webp 300w, https:\/\/lottomat.com\/wp-content\/uploads\/2025\/10\/Italian-lottery-numbers-150x150.webp 150w, https:\/\/lottomat.com\/wp-content\/uploads\/2025\/10\/Italian-lottery-numbers-100x100.webp 100w, https:\/\/lottomat.com\/wp-content\/uploads\/2025\/10\/Italian-lottery-numbers.webp 400w\" sizes=\"auto, (max-width: 200px) 100vw, 200px\" \/>Jak sprawdzi\u0107 aktualne wyniki SuperEnalotto?<\/h2>\n<p>To naprawd\u0119 proste jak bu\u0142ka z mas\u0142em i niezwykle szybkie. <strong>Wyniki ostatniego losowania zawsze znajduj\u0105 si\u0119 na g\u00f3rze strony.<\/strong> Mo\u017ce Ci\u0119 jednak zmyli\u0107 dodatkowy numer, tzw. Jolly, pojawiaj\u0105cy si\u0119 w wynikach, ale spokojnie \u2014 otrzymujemy dane bezpo\u015brednio od organizatora zaraz po losowaniu, wi\u0119c ten dodatkowy numer, kt\u00f3ry mo\u017cna wybra\u0107 tylko we w\u0142oskich kolekturach, r\u00f3wnie\u017c si\u0119 tam pojawia. Oznacza to, \u017ce powiniene\u015b skupi\u0107 si\u0119 wy\u0142\u0105cznie na wynikach g\u0142\u00f3wnych liczb, poniewa\u017c nie bierzesz udzia\u0142u w losowaniu Jolly. <strong>Wyniki na stronie LottoMat s\u0105 prezentowane w czytelnej i przyjaznej dla u\u017cytkownika tabeli, dzi\u0119ki czemu bardzo \u0142atwo je odczyta\u0107.<\/strong><\/p>\n<h2>Jak sprawdzi\u0107 archiwalne wyniki SuperEnalotto?<\/h2>\n<p>Na stronie LottoMat umo\u017cliwiamy przegl\u0105danie starszych wynik\u00f3w. Tu\u017c obok ostatnio wylosowanych numer\u00f3w znajduje si\u0119 data ostatniego losowania. <strong>Po klikni\u0119ciu tej daty pojawi si\u0119 kalendarz z archiwalnymi losowaniami.<\/strong> Wystarczy wybra\u0107 interesuj\u0105cy Ci\u0119 dzie\u0144 i sprawdzi\u0107 wyniki wcze\u015bniejszego losowania SuperEnalotto. Gromadzimy dane z ostatnich 12 miesi\u0119cy i mo\u017cesz mie\u0107 pewno\u015b\u0107, \u017ce s\u0105 one rzetelne, dobrze zarz\u0105dzane i przede wszystkim prawdziwe.<\/p>\n<h2>Jak wykorzysta\u0107 archiwalne numery wygrywaj\u0105ce SuperEnalotto?<img loading=\"lazy\" decoding=\"async\" class=\"wp-image-252707 alignright\" src=\"https:\/\/lottomat.com\/wp-content\/uploads\/2025\/10\/Italian-lottery-results-300x300.webp\" alt=\"wyniki w\u0142oskiej loterii\" width=\"200\" height=\"200\" srcset=\"https:\/\/lottomat.com\/wp-content\/uploads\/2025\/10\/Italian-lottery-results-300x300.webp 300w, https:\/\/lottomat.com\/wp-content\/uploads\/2025\/10\/Italian-lottery-results-150x150.webp 150w, https:\/\/lottomat.com\/wp-content\/uploads\/2025\/10\/Italian-lottery-results-100x100.webp 100w, https:\/\/lottomat.com\/wp-content\/uploads\/2025\/10\/Italian-lottery-results.webp 400w\" sizes=\"auto, (max-width: 200px) 100vw, 200px\" \/><\/h2>\n<p>Czy wiesz, dlaczego archiwalne losowania s\u0105 przydatne? W rzeczywisto\u015bci istniej\u0105 trzy g\u0142\u00f3wne powody. <strong>Po pierwsze, pozwalaj\u0105 Ci stworzy\u0107 w\u0142asn\u0105, unikaln\u0105 strategi\u0119<\/strong>, w kt\u00f3rej analizujesz ostatnio wylosowane liczby i okre\u015blasz swoje szanse na wygran\u0105. Po drugie, mo\u017cesz sprawdzi\u0107, czy pad\u0142a ju\u017c szcz\u0119\u015bliwa sz\u00f3stka, czy pojawi si\u0119 jackpot, a tak\u017ce jaka by\u0142a ostatnio najwy\u017csza wygrana, aby obliczy\u0107 potencjalny zysk. Po trzecie, mo\u017cesz zobaczy\u0107, ilu by\u0142o zwyci\u0119zc\u00f3w SuperEnalotto i jakie nagrody zdobyli, nawet je\u015bli nie trafili wszystkich liczb \u2014 a zwyci\u0119zc\u00f3w zawsze s\u0105 setki tysi\u0119cy! Pozostaje Ci tylko kupi\u0107 losy i diametralnie zmieni\u0107 swoje \u017cycie! I pami\u0119taj \u2014 ka\u017cdy los przybli\u017ca Ci\u0119 do wygranej w <a href=\"https:\/\/lottomat.com\/pl\/graj\/superenalotto\/\">SuperEnalotto online<\/a>.<\/p>\n<h2>Jakie s\u0105 najcz\u0119\u015bciej losowane numery w SuperEnalotto?<\/h2>\n<p>Zgodnie z analiz\u0105 statystyczn\u0105 losowa\u0144 SuperEnalotto od 1997 roku, <strong>10 najcz\u0119\u015bciej losowanych numer\u00f3w to 90, 85, 77, 86, 82, 55, 88, 80, 87 i 79.<\/strong> Liczby te s\u0105 cz\u0119sto okre\u015blane jako \u201egor\u0105ce numery\u201d w\u015br\u00f3d graczy, poniewa\u017c pojawiaj\u0105 si\u0119 najcz\u0119\u015bciej w wygrywaj\u0105cych kombinacjach. Numer 90 zajmuje pierwsze miejsce, poniewa\u017c by\u0142 losowany setki razy w historii gry. Gracze cz\u0119sto wykorzystuj\u0105 te dane statystyczne przy wyborze liczb, jednak warto pami\u0119ta\u0107, \u017ce ka\u017cde losowanie jest niezale\u017cne, a przesz\u0142e wyniki nie maj\u0105 wp\u0142ywu na przysz\u0142e.<\/p>\n<h2><img loading=\"lazy\" decoding=\"async\" class=\"wp-image-252737 alignleft\" src=\"https:\/\/lottomat.com\/wp-content\/uploads\/2025\/10\/SuperEnalotto-results-300x300.webp\" alt=\"wyniki SuperEnalotto\" width=\"200\" height=\"200\" srcset=\"https:\/\/lottomat.com\/wp-content\/uploads\/2025\/10\/SuperEnalotto-results-300x300.webp 300w, https:\/\/lottomat.com\/wp-content\/uploads\/2025\/10\/SuperEnalotto-results-150x150.webp 150w, https:\/\/lottomat.com\/wp-content\/uploads\/2025\/10\/SuperEnalotto-results-100x100.webp 100w, https:\/\/lottomat.com\/wp-content\/uploads\/2025\/10\/SuperEnalotto-results.webp 400w\" sizes=\"auto, (max-width: 200px) 100vw, 200px\" \/>Jakie s\u0105 najrzadziej losowane numery w SuperEnalotto?<\/h2>\n<p>Z drugiej strony SuperEnalotto ma kilka \u201ezimnych numer\u00f3w\u201d, kt\u00f3re pojawiaj\u0105 si\u0119 znacznie rzadziej. <strong>10 najrzadziej losowanych liczb zazwyczaj obejmuje mniejsze liczby, takie jak 1, 2, 3, 4, 5, 6, 7, 8, 9 i 10<\/strong>, cho\u0107 mo\u017ce si\u0119 to r\u00f3\u017cni\u0107 w zale\u017cno\u015bci od analizowanego okresu. Te zimne liczby pojawiaj\u0105 si\u0119 w wygrywaj\u0105cych kombinacjach rzadziej ni\u017c ich \u201egor\u0105ce\u201d odpowiedniki. Niekt\u00f3rzy gracze uwa\u017caj\u0105, \u017ce zimne liczby \u201es\u0105 na kolej\u201d, podczas gdy inni wol\u0105 trzyma\u0107 si\u0119 gor\u0105cych liczb, kt\u00f3re cz\u0119\u015bciej si\u0119 pojawiaj\u0105. Zrozumienie wzorc\u00f3w gor\u0105cych i zimnych liczb mo\u017ce pom\u00f3c w opracowaniu w\u0142asnej strategii gry.<\/p>\n<h2>Czy mo\u017cna przewidzie\u0107 wyniki SuperEnalotto?<\/h2>\n<p>Pomimo szerokiej analizy statystycznej dost\u0119pnej dla SuperEnalotto, wa\u017cne jest, aby zrozumie\u0107, \u017ce <strong>wynik\u00f3w loterii nie da si\u0119 dok\u0142adnie przewidzie\u0107.<\/strong> Ka\u017cde losowanie SuperEnalotto jest ca\u0142kowicie losowe i niezale\u017cne od wcze\u015bniejszych wynik\u00f3w. Analizowanie gor\u0105cych i zimnych liczb, tabel cz\u0119stotliwo\u015bci oraz historycznych wzorc\u00f3w mo\u017ce by\u0107 interesuj\u0105ce i pomocne przy wyborze liczb, ale nie gwarantuje przysz\u0142ego sukcesu. Loteria wykorzystuje zaawansowane systemy losowe, kt\u00f3re zapewniaj\u0105, \u017ce ka\u017cda liczba od 1 do 90 ma takie same szanse na wylosowanie. Prawdopodobie\u0144stwo matematyczne pozostaje niezmienne niezale\u017cnie od przesz\u0142ych wynik\u00f3w \u2014 jest to tzw. \u201eb\u0142\u0105d hazardzisty\u201d, gdy ludzie b\u0142\u0119dnie wierz\u0105, \u017ce wcze\u015bniejsze wyniki wp\u0142ywaj\u0105 na przysz\u0142e. Matematycy i statystycy podkre\u015blaj\u0105, \u017ce gry takie jak SuperEnalotto opieraj\u0105 si\u0119 wy\u0142\u0105cznie na przypadku. <strong>Najlepszym podej\u015bciem jest gra\u0107 odpowiedzialnie, w granicach swoich mo\u017cliwo\u015bci i dla rozrywki, a nie jako form\u0119 inwestycji.<\/strong><\/p>\n<h2>Jak sprawdzi\u0107 wyniki wczorajszego losowania SuperEnalotto?<img loading=\"lazy\" decoding=\"async\" class=\"wp-image-252767 alignright\" src=\"https:\/\/lottomat.com\/wp-content\/uploads\/2025\/10\/SuperEnalotto-winning-numbers-300x300.webp\" alt=\"wygrywaj\u0105ce numery SuperEnalotto\" width=\"200\" height=\"200\" srcset=\"https:\/\/lottomat.com\/wp-content\/uploads\/2025\/10\/SuperEnalotto-winning-numbers-300x300.webp 300w, https:\/\/lottomat.com\/wp-content\/uploads\/2025\/10\/SuperEnalotto-winning-numbers-150x150.webp 150w, https:\/\/lottomat.com\/wp-content\/uploads\/2025\/10\/SuperEnalotto-winning-numbers-100x100.webp 100w, https:\/\/lottomat.com\/wp-content\/uploads\/2025\/10\/SuperEnalotto-winning-numbers.webp 400w\" sizes=\"auto, (max-width: 200px) 100vw, 200px\" \/><\/h2>\n<p>Sprawdzenie wynik\u00f3w wczorajszego losowania SuperEnalotto na stronie LottoMat jest proste i wygodne. Nasza platforma przechowuje pe\u0142ne archiwum wszystkich ostatnich losowa\u0144, dzi\u0119ki czemu \u0142atwo uzyskasz dost\u0119p do wynik\u00f3w z wczoraj, zesz\u0142ego tygodnia lub nawet zesz\u0142ego miesi\u0105ca. <strong>Niezale\u017cnie od tego, czy szukasz najnowszych wynik\u00f3w z dzi\u015b, czy chcesz zweryfikowa\u0107 numery z wcze\u015bniejszych losowa\u0144, LottoMat dostarcza wiarygodnych i dok\u0142adnych informacji o w\u0142oskiej loterii.<\/strong> Wystarczy przej\u015b\u0107 do sekcji wynik\u00f3w, gdzie znajdziesz chronologiczn\u0105 list\u0119 wszystkich ostatnich losowa\u0144 SuperEnalotto. Ka\u017cdy wpis zawiera sze\u015b\u0107 g\u0142\u00f3wnych wygrywaj\u0105cych numer\u00f3w, numer Jolly oraz numer SuperStar, je\u015bli wyst\u0119puje. Mo\u017cesz klikn\u0105\u0107 dowoln\u0105 dat\u0119, aby zobaczy\u0107 szczeg\u00f3\u0142owe informacje o danym losowaniu, w tym podzia\u0142 nagr\u00f3d i statystyki zwyci\u0119zc\u00f3w. Pami\u0119taj, \u017ce na LottoMat <strong>nie ma znaczenia, czy szukasz wynik\u00f3w z dzi\u015b, numer\u00f3w z wczoraj czy sprzed kilku tygodni \u2014 zawsze znajdziesz autentyczne wyniki w\u0142oskiej loterii<\/strong>, kt\u00f3rym mo\u017cesz w pe\u0142ni zaufa\u0107.<\/p>\n<h2>Ile os\u00f3b wygra\u0142o w ostatnim losowaniu SuperEnalotto?<\/h2>\n<p>Ka\u017cde losowanie SuperEnalotto przynosi wielu zwyci\u0119zc\u00f3w w r\u00f3\u017cnych <a href=\"https:\/\/lottomat.com\/pl\/loterie\/superenalotto\/\">kategoriach nagr\u00f3d SuperEnalotto<\/a>, nie tylko g\u0142\u00f3wnego zwyci\u0119zc\u0119 jackpotu. <strong>Nasza szczeg\u00f3\u0142owa tabela podzia\u0142u nagr\u00f3d zawiera dok\u0142adne informacje o liczbie zwyci\u0119zc\u00f3w na ka\u017cdym poziomie oraz o kwotach, kt\u00f3re otrzymali.<\/strong> Te cenne dane pomagaj\u0105 graczom zrozumie\u0107 r\u00f3\u017cne sposoby wygranej w SuperEnalotto, nie tylko poprzez trafienie wszystkich sze\u015bciu liczb. Zazwyczaj <strong>tysi\u0105ce graczy wygrywaj\u0105 nagrody w ka\u017cdym losowaniu SuperEnalotto na wszystkich poziomach<\/strong>, a wi\u0119kszo\u015b\u0107 zdobywa mniejsze kwoty za trafienie 2\u20133 liczb. Informacje te s\u0105 aktualizowane natychmiast po ka\u017cdym losowaniu i zapewniaj\u0105 przejrzysto\u015b\u0107 w podziale nagr\u00f3d, pomagaj\u0105c graczom lepiej zrozumie\u0107 swoje potencjalne wygrane na r\u00f3\u017cnych poziomach.<\/p>\n","protected":false},"excerpt":{"rendered":"<p>Poznawanie wynik\u00f3w SuperEnalotto z ka\u017cdego losowania, w kt\u00f3rym bior\u0105 udzia\u0142 Twoje losy na loteri\u0119, to z pewno\u015bci\u0105 \u015bwietna zabawa \u2014 szczeg\u00f3lnie wtedy, gdy okazuje si\u0119, \u017ce wybra\u0142e\u015b szcz\u0119\u015bliwe liczby. Sprawd\u017a szybko i wygodnie na stronie LottoMat, czy uda\u0142o Ci si\u0119 do\u0142\u0105czy\u0107 do grona milioner\u00f3w, poniewa\u017c publikujemy wyniki zaraz po losowaniu, a pochodz\u0105 one z oficjalnego [&hellip;]<\/p>\n","protected":false},"author":1,"featured_media":0,"parent":7439,"menu_order":5,"comment_status":"closed","ping_status":"closed","template":"superenalotto-results.php","meta":{"_et_pb_use_builder":"","_et_pb_old_content":"","_et_gb_content_width":"","exclude_from_search":false,"footnotes":""},"class_list":["post-238138","page","type-page","status-publish","hentry"],"yoast_head":"<!-- This site is optimized with the Yoast SEO plugin v23.8 - https:\/\/yoast.com\/wordpress\/plugins\/seo\/ -->\n<title>Wyniki SuperEnalotto - Szcz\u0119\u015bliwe numery SuperEnalotto [6\/90] - LottoMat<\/title>\n<meta name=\"description\" content=\"Sprawd\u017a najnowsze wyniki SuperEnalotto ju\u017c teraz! W\u0142oska loteria oferuje wysokie wygrane. Sprawd\u017a najcz\u0119\u015bciej losowane numery w SuperEnalotto.\" \/>\n<meta name=\"robots\" content=\"index, follow, max-snippet:-1, max-image-preview:large, max-video-preview:-1\" \/>\n<link rel=\"canonical\" href=\"https:\/\/lottomat.com\/pl\/wyniki\/superenalotto\/\" \/>\n<meta property=\"og:locale\" content=\"pl_PL\" \/>\n<meta property=\"og:type\" content=\"article\" \/>\n<meta property=\"og:title\" content=\"Wyniki SuperEnalotto - Szcz\u0119\u015bliwe numery SuperEnalotto [6\/90] - LottoMat\" \/>\n<meta property=\"og:description\" content=\"Sprawd\u017a najnowsze wyniki SuperEnalotto ju\u017c teraz! W\u0142oska loteria oferuje wysokie wygrane. Sprawd\u017a najcz\u0119\u015bciej losowane numery w SuperEnalotto.\" \/>\n<meta property=\"og:url\" content=\"https:\/\/lottomat.com\/pl\/wyniki\/superenalotto\/\" \/>\n<meta property=\"og:site_name\" content=\"Lottomat\" \/>\n<meta property=\"article:modified_time\" content=\"2026-03-29T20:42:23+00:00\" \/>\n<meta property=\"og:image\" content=\"https:\/\/lottomat.com\/wp-content\/uploads\/2025\/10\/Italian-lottery-numbers.webp\" \/>\n\t<meta property=\"og:image:width\" content=\"400\" \/>\n\t<meta property=\"og:image:height\" content=\"400\" \/>\n\t<meta property=\"og:image:type\" content=\"image\/webp\" \/>\n<meta name=\"twitter:card\" content=\"summary_large_image\" \/>\n<meta name=\"twitter:label1\" content=\"Szacowany czas czytania\" \/>\n\t<meta name=\"twitter:data1\" content=\"5 minut\" \/>\n<script type=\"application\/ld+json\" class=\"yoast-schema-graph\">{\"@context\":\"https:\/\/schema.org\",\"@graph\":[{\"@type\":\"WebPage\",\"@id\":\"https:\/\/lottomat.com\/pl\/wyniki\/superenalotto\/\",\"url\":\"https:\/\/lottomat.com\/pl\/wyniki\/superenalotto\/\",\"name\":\"Wyniki SuperEnalotto - Szcz\u0119\u015bliwe numery SuperEnalotto [6\/90] - LottoMat\",\"isPartOf\":{\"@id\":\"https:\/\/lottomat.com\/pl\/#website\"},\"primaryImageOfPage\":{\"@id\":\"https:\/\/lottomat.com\/pl\/wyniki\/superenalotto\/#primaryimage\"},\"image\":{\"@id\":\"https:\/\/lottomat.com\/pl\/wyniki\/superenalotto\/#primaryimage\"},\"thumbnailUrl\":\"https:\/\/lottomat.com\/wp-content\/uploads\/2025\/10\/Italian-lottery-numbers-300x300.webp\",\"datePublished\":\"2025-04-07T19:25:51+00:00\",\"dateModified\":\"2026-03-29T20:42:23+00:00\",\"description\":\"Sprawd\u017a najnowsze wyniki SuperEnalotto ju\u017c teraz! W\u0142oska loteria oferuje wysokie wygrane. Sprawd\u017a najcz\u0119\u015bciej losowane numery w SuperEnalotto.\",\"breadcrumb\":{\"@id\":\"https:\/\/lottomat.com\/pl\/wyniki\/superenalotto\/#breadcrumb\"},\"inLanguage\":\"pl-PL\",\"potentialAction\":[{\"@type\":\"ReadAction\",\"target\":[\"https:\/\/lottomat.com\/pl\/wyniki\/superenalotto\/\"]}]},{\"@type\":\"ImageObject\",\"inLanguage\":\"pl-PL\",\"@id\":\"https:\/\/lottomat.com\/pl\/wyniki\/superenalotto\/#primaryimage\",\"url\":\"https:\/\/lottomat.com\/wp-content\/uploads\/2025\/10\/Italian-lottery-numbers-300x300.webp\",\"contentUrl\":\"https:\/\/lottomat.com\/wp-content\/uploads\/2025\/10\/Italian-lottery-numbers-300x300.webp\"},{\"@type\":\"BreadcrumbList\",\"@id\":\"https:\/\/lottomat.com\/pl\/wyniki\/superenalotto\/#breadcrumb\",\"itemListElement\":[{\"@type\":\"ListItem\",\"position\":1,\"name\":\"Home\",\"item\":\"https:\/\/lottomat.com\/pl\/\"},{\"@type\":\"ListItem\",\"position\":2,\"name\":\"Najnowsze wyniki loterii i numery wygrywaj\u0105ce\",\"item\":\"https:\/\/lottomat.com\/pl\/wyniki\/\"},{\"@type\":\"ListItem\",\"position\":3,\"name\":\"Wyniki SuperEnalotto i Numery Zwyci\u0119skie\"}]},{\"@type\":\"WebSite\",\"@id\":\"https:\/\/lottomat.com\/pl\/#website\",\"url\":\"https:\/\/lottomat.com\/pl\/\",\"name\":\"Lottomat\",\"description\":\"\",\"potentialAction\":[{\"@type\":\"SearchAction\",\"target\":{\"@type\":\"EntryPoint\",\"urlTemplate\":\"https:\/\/lottomat.com\/pl\/?s={search_term_string}\"},\"query-input\":{\"@type\":\"PropertyValueSpecification\",\"valueRequired\":true,\"valueName\":\"search_term_string\"}}],\"inLanguage\":\"pl-PL\"}]}<\/script>\n<!-- \/ Yoast SEO plugin. -->","yoast_head_json":{"title":"Wyniki SuperEnalotto - Szcz\u0119\u015bliwe numery SuperEnalotto [6\/90] - LottoMat","description":"Sprawd\u017a najnowsze wyniki SuperEnalotto ju\u017c teraz! W\u0142oska loteria oferuje wysokie wygrane. Sprawd\u017a najcz\u0119\u015bciej losowane numery w SuperEnalotto.","robots":{"index":"index","follow":"follow","max-snippet":"max-snippet:-1","max-image-preview":"max-image-preview:large","max-video-preview":"max-video-preview:-1"},"canonical":"https:\/\/lottomat.com\/pl\/wyniki\/superenalotto\/","og_locale":"pl_PL","og_type":"article","og_title":"Wyniki SuperEnalotto - Szcz\u0119\u015bliwe numery SuperEnalotto [6\/90] - LottoMat","og_description":"Sprawd\u017a najnowsze wyniki SuperEnalotto ju\u017c teraz! W\u0142oska loteria oferuje wysokie wygrane. Sprawd\u017a najcz\u0119\u015bciej losowane numery w SuperEnalotto.","og_url":"https:\/\/lottomat.com\/pl\/wyniki\/superenalotto\/","og_site_name":"Lottomat","article_modified_time":"2026-03-29T20:42:23+00:00","og_image":[{"width":400,"height":400,"url":"https:\/\/lottomat.com\/wp-content\/uploads\/2025\/10\/Italian-lottery-numbers.webp","type":"image\/webp"}],"twitter_card":"summary_large_image","twitter_misc":{"Szacowany czas czytania":"5 minut"},"schema":{"@context":"https:\/\/schema.org","@graph":[{"@type":"WebPage","@id":"https:\/\/lottomat.com\/pl\/wyniki\/superenalotto\/","url":"https:\/\/lottomat.com\/pl\/wyniki\/superenalotto\/","name":"Wyniki SuperEnalotto - Szcz\u0119\u015bliwe numery SuperEnalotto [6\/90] - LottoMat","isPartOf":{"@id":"https:\/\/lottomat.com\/pl\/#website"},"primaryImageOfPage":{"@id":"https:\/\/lottomat.com\/pl\/wyniki\/superenalotto\/#primaryimage"},"image":{"@id":"https:\/\/lottomat.com\/pl\/wyniki\/superenalotto\/#primaryimage"},"thumbnailUrl":"https:\/\/lottomat.com\/wp-content\/uploads\/2025\/10\/Italian-lottery-numbers-300x300.webp","datePublished":"2025-04-07T19:25:51+00:00","dateModified":"2026-03-29T20:42:23+00:00","description":"Sprawd\u017a najnowsze wyniki SuperEnalotto ju\u017c teraz! W\u0142oska loteria oferuje wysokie wygrane. Sprawd\u017a najcz\u0119\u015bciej losowane numery w SuperEnalotto.","breadcrumb":{"@id":"https:\/\/lottomat.com\/pl\/wyniki\/superenalotto\/#breadcrumb"},"inLanguage":"pl-PL","potentialAction":[{"@type":"ReadAction","target":["https:\/\/lottomat.com\/pl\/wyniki\/superenalotto\/"]}]},{"@type":"ImageObject","inLanguage":"pl-PL","@id":"https:\/\/lottomat.com\/pl\/wyniki\/superenalotto\/#primaryimage","url":"https:\/\/lottomat.com\/wp-content\/uploads\/2025\/10\/Italian-lottery-numbers-300x300.webp","contentUrl":"https:\/\/lottomat.com\/wp-content\/uploads\/2025\/10\/Italian-lottery-numbers-300x300.webp"},{"@type":"BreadcrumbList","@id":"https:\/\/lottomat.com\/pl\/wyniki\/superenalotto\/#breadcrumb","itemListElement":[{"@type":"ListItem","position":1,"name":"Home","item":"https:\/\/lottomat.com\/pl\/"},{"@type":"ListItem","position":2,"name":"Najnowsze wyniki loterii i numery wygrywaj\u0105ce","item":"https:\/\/lottomat.com\/pl\/wyniki\/"},{"@type":"ListItem","position":3,"name":"Wyniki SuperEnalotto i Numery Zwyci\u0119skie"}]},{"@type":"WebSite","@id":"https:\/\/lottomat.com\/pl\/#website","url":"https:\/\/lottomat.com\/pl\/","name":"Lottomat","description":"","potentialAction":[{"@type":"SearchAction","target":{"@type":"EntryPoint","urlTemplate":"https:\/\/lottomat.com\/pl\/?s={search_term_string}"},"query-input":{"@type":"PropertyValueSpecification","valueRequired":true,"valueName":"search_term_string"}}],"inLanguage":"pl-PL"}]}},"_links":{"self":[{"href":"https:\/\/lottomat.com\/pl\/wp-json\/wp\/v2\/pages\/238138","targetHints":{"allow":["GET"]}}],"collection":[{"href":"https:\/\/lottomat.com\/pl\/wp-json\/wp\/v2\/pages"}],"about":[{"href":"https:\/\/lottomat.com\/pl\/wp-json\/wp\/v2\/types\/page"}],"author":[{"embeddable":true,"href":"https:\/\/lottomat.com\/pl\/wp-json\/wp\/v2\/users\/1"}],"replies":[{"embeddable":true,"href":"https:\/\/lottomat.com\/pl\/wp-json\/wp\/v2\/comments?post=238138"}],"version-history":[{"count":4,"href":"https:\/\/lottomat.com\/pl\/wp-json\/wp\/v2\/pages\/238138\/revisions"}],"predecessor-version":[{"id":276190,"href":"https:\/\/lottomat.com\/pl\/wp-json\/wp\/v2\/pages\/238138\/revisions\/276190"}],"up":[{"embeddable":true,"href":"https:\/\/lottomat.com\/pl\/wp-json\/wp\/v2\/pages\/7439"}],"wp:attachment":[{"href":"https:\/\/lottomat.com\/pl\/wp-json\/wp\/v2\/media?parent=238138"}],"curies":[{"name":"wp","href":"https:\/\/api.w.org\/{rel}","templated":true}]}}