{"id":237815,"date":"2025-04-07T19:24:29","date_gmt":"2025-04-07T19:24:29","guid":{"rendered":"https:\/\/lottomat.net\/wyniki-lotto\/wyniki-mega-millions\/"},"modified":"2025-10-15T22:42:26","modified_gmt":"2025-10-15T22:42:26","slug":"mega-millions","status":"publish","type":"page","link":"https:\/\/lottomat.com\/pl\/wyniki\/mega-millions\/","title":{"rendered":"Wyniki Mega Millions &#038; Numery Wygrywaj\u0105ce"},"content":{"rendered":"\n\n<div class=\"kk-star-ratings kksr-auto kksr-align-left kksr-valign-top\"\n    data-payload='{&quot;align&quot;:&quot;left&quot;,&quot;id&quot;:&quot;237815&quot;,&quot;slug&quot;:&quot;default&quot;,&quot;valign&quot;:&quot;top&quot;,&quot;ignore&quot;:&quot;&quot;,&quot;reference&quot;:&quot;auto&quot;,&quot;class&quot;:&quot;&quot;,&quot;count&quot;:&quot;0&quot;,&quot;legendonly&quot;:&quot;&quot;,&quot;readonly&quot;:&quot;&quot;,&quot;score&quot;:&quot;0&quot;,&quot;starsonly&quot;:&quot;&quot;,&quot;best&quot;:&quot;5&quot;,&quot;gap&quot;:&quot;5&quot;,&quot;greet&quot;:&quot;Rate this page&quot;,&quot;legend&quot;:&quot;0\\\/5 - (0 votes)&quot;,&quot;size&quot;:&quot;30&quot;,&quot;title&quot;:&quot;Wyniki Mega Millions \\u0026amp; Numery Wygrywaj\u0105ce&quot;,&quot;width&quot;:&quot;0&quot;,&quot;_legend&quot;:&quot;{score}\\\/{best} - ({count} {votes})&quot;,&quot;font_factor&quot;:&quot;1.25&quot;}'>\n            \n<div class=\"kksr-stars\">\n    \n<div class=\"kksr-stars-inactive\">\n            <div class=\"kksr-star\" data-star=\"1\" style=\"padding-right: 5px\">\n            \n\n<div class=\"kksr-icon\" style=\"width: 30px; height: 30px;\"><\/div>\n        <\/div>\n            <div class=\"kksr-star\" data-star=\"2\" style=\"padding-right: 5px\">\n            \n\n<div class=\"kksr-icon\" style=\"width: 30px; height: 30px;\"><\/div>\n        <\/div>\n            <div class=\"kksr-star\" data-star=\"3\" style=\"padding-right: 5px\">\n            \n\n<div class=\"kksr-icon\" style=\"width: 30px; height: 30px;\"><\/div>\n        <\/div>\n            <div class=\"kksr-star\" data-star=\"4\" style=\"padding-right: 5px\">\n            \n\n<div class=\"kksr-icon\" style=\"width: 30px; height: 30px;\"><\/div>\n        <\/div>\n            <div class=\"kksr-star\" data-star=\"5\" style=\"padding-right: 5px\">\n            \n\n<div class=\"kksr-icon\" style=\"width: 30px; height: 30px;\"><\/div>\n        <\/div>\n    <\/div>\n    \n<div class=\"kksr-stars-active\" style=\"width: 0px;\">\n            <div class=\"kksr-star\" style=\"padding-right: 5px\">\n            \n\n<div class=\"kksr-icon\" style=\"width: 30px; height: 30px;\"><\/div>\n        <\/div>\n            <div class=\"kksr-star\" style=\"padding-right: 5px\">\n            \n\n<div class=\"kksr-icon\" style=\"width: 30px; height: 30px;\"><\/div>\n        <\/div>\n            <div class=\"kksr-star\" style=\"padding-right: 5px\">\n            \n\n<div class=\"kksr-icon\" style=\"width: 30px; height: 30px;\"><\/div>\n        <\/div>\n            <div class=\"kksr-star\" style=\"padding-right: 5px\">\n            \n\n<div class=\"kksr-icon\" style=\"width: 30px; height: 30px;\"><\/div>\n        <\/div>\n            <div class=\"kksr-star\" style=\"padding-right: 5px\">\n            \n\n<div class=\"kksr-icon\" style=\"width: 30px; height: 30px;\"><\/div>\n        <\/div>\n    <\/div>\n<\/div>\n                \n\n<div class=\"kksr-legend\" style=\"font-size: 24px;\">\n            <span class=\"kksr-muted\">Rate this page<\/span>\n    <\/div>\n    <\/div>\n<p>Losy Mega Millions s\u0105 kupowane, wygrywaj\u0105ce numery Mega Millions s\u0105 wybierane, a Ty skupiasz si\u0119 tylko na szcz\u0119\u015bliwych planach i marzeniach, kt\u00f3re mog\u0105 si\u0119 spe\u0142ni\u0107, je\u015bli do\u0142\u0105czysz do grona milioner\u00f3w. Nie ma w tym nic z\u0142ego \u2013 wszyscy mamy swoje marzenia. Prawdopodobnie ka\u017cdy gracz przed sprawdzeniem wynik\u00f3w losowania Mega Millions my\u015bli o wygranej, a <strong>Mega Millions to gra, kt\u00f3ra naprawd\u0119 mo\u017ce da\u0107 bardzo wiele<\/strong>.<\/p>\n<h2>Czy Mo\u017cna Wygra\u0107 z Numerami Mega Millions?<img loading=\"lazy\" decoding=\"async\" class=\"alignright wp-image-251955\" src=\"https:\/\/lottomat.com\/wp-content\/uploads\/2025\/10\/Mega-Millions-winning-numbers.webp\" alt=\"Wygrywaj\u0105ce numery Mega Millions\" width=\"200\" height=\"200\" srcset=\"https:\/\/lottomat.com\/wp-content\/uploads\/2025\/10\/Mega-Millions-winning-numbers.webp 400w, https:\/\/lottomat.com\/wp-content\/uploads\/2025\/10\/Mega-Millions-winning-numbers-300x300.webp 300w, https:\/\/lottomat.com\/wp-content\/uploads\/2025\/10\/Mega-Millions-winning-numbers-150x150.webp 150w, https:\/\/lottomat.com\/wp-content\/uploads\/2025\/10\/Mega-Millions-winning-numbers-100x100.webp 100w\" sizes=\"auto, (max-width: 200px) 100vw, 200px\" \/><\/h2>\n<p>Dop\u00f3ki nie <a href=\"https:\/\/lottomat.com\/pl\/wyniki-losowan\/\">sprawdzisz aktualnych wynik\u00f3w losowania<\/a>, mo\u017cesz marzy\u0107, ale tylko wylosowanie liczb, kt\u00f3re wybra\u0142e\u015b, mo\u017ce sprawi\u0107, \u017ce to pi\u0119kne marzenie si\u0119 spe\u0142ni. Dlatego nie ma sensu czeka\u0107 \u2013 po prostu graj i sprawdzaj. Wszystko, co musisz zrobi\u0107 po losowaniu, to <a href=\"https:\/\/lottomat.com\/pl\/\">odwiedzi\u0107 stron\u0119 Lottomat<\/a> z wynikami Mega Millions i zobaczy\u0107, kt\u00f3re liczby wygra\u0142y w tym konkretnym losowaniu. Je\u015bli pokrywaj\u0105 si\u0119 z Twoim losem, oznacza to, \u017ce jeste\u015b w\u015br\u00f3d zwyci\u0119zc\u00f3w <a href=\"https:\/\/lottomat.com\/pl\/mega-millions\/\">nagr\u00f3d i jackpotu Mega Millions<\/a>. <strong>Losowanie Mega Millions odbywa si\u0119 regularnie dwa razy w tygodniu, w ka\u017cd\u0105 \u015brod\u0119 i sobot\u0119 o godzinie 03:00 UTC<\/strong>. Publikujemy aktualne wyniki Mega Millions online zaraz po zako\u0144czeniu losowania, a pochodz\u0105 one z oficjalnych \u017ar\u00f3de\u0142 organizatora, co czyni je w 100% sprawdzonymi i wiarygodnymi. Jedyne, o czym nale\u017cy pami\u0119ta\u0107, to dostosowa\u0107 czas do swojej lokalnej strefy czasowej.<\/p>\n<h2>Jak Sprawdzi\u0107 Dzisiejsze Wyniki Mega Millions?<\/h2>\n<p><strong>Aktualne wyniki Mega Millions s\u0105 dost\u0119pne na stronie Lottomat natychmiast po ka\u017cdym losowaniu<\/strong>. Wszystkie publikowane wyniki pochodz\u0105 bezpo\u015brednio z oficjalnych \u017ar\u00f3de\u0142 loterii, co gwarantuje pe\u0142n\u0105 dok\u0142adno\u015b\u0107 i wiarygodno\u015b\u0107. Najnowsze numery wygrywaj\u0105ce mo\u017cesz sprawdzi\u0107, odwiedzaj\u0105c nasz\u0105 dedykowan\u0105 stron\u0119 wynik\u00f3w Mega Millions. Wyniki aktualizowane s\u0105 w czasie rzeczywistym po ka\u017cdym losowaniu, wi\u0119c zawsze masz dost\u0119p do naj\u015bwie\u017cszych informacji. Wystarczy, \u017ce przejdziesz do sekcji wynik\u00f3w, aby sprawdzi\u0107, czy Twoje liczby uczyni\u0142y Ci\u0119 kolejnym zwyci\u0119zc\u0105 Mega Millions.<\/p>\n<h2><img loading=\"lazy\" decoding=\"async\" class=\"alignleft wp-image-251985\" src=\"https:\/\/lottomat.com\/wp-content\/uploads\/2025\/10\/Mega-Millions-results.webp\" alt=\"Wyniki Mega Millions\" width=\"200\" height=\"200\" srcset=\"https:\/\/lottomat.com\/wp-content\/uploads\/2025\/10\/Mega-Millions-results.webp 400w, https:\/\/lottomat.com\/wp-content\/uploads\/2025\/10\/Mega-Millions-results-300x300.webp 300w, https:\/\/lottomat.com\/wp-content\/uploads\/2025\/10\/Mega-Millions-results-150x150.webp 150w, https:\/\/lottomat.com\/wp-content\/uploads\/2025\/10\/Mega-Millions-results-100x100.webp 100w\" sizes=\"auto, (max-width: 200px) 100vw, 200px\" \/>Jak Sprawdzi\u0107 Historyczne Wyniki Mega Millions i Numery Wygrywaj\u0105ce?<\/h2>\n<p>Wiemy, jak wa\u017cne dla wielu z nas s\u0105 zarchiwizowane wyniki losowa\u0144, poniewa\u017c niekt\u00f3rzy z Was buduj\u0105 na ich podstawie strategi\u0119 na kolejne losowania. Aby z nich skorzysta\u0107, wystarczy przej\u015b\u0107 do naszego kalendarza wynik\u00f3w. Dost\u0119pny jest po prawej stronie na g\u00f3rze. Po klikni\u0119ciu daty mo\u017cesz swobodnie prze\u0142\u0105cza\u0107 si\u0119 na inne okresy. <strong>Mo\u017cesz tam sprawdzi\u0107 wygrywaj\u0105ce numery Mega Millions z ostatnich tygodni i przekona\u0107 si\u0119, jak wa\u017cny jest r\u00f3\u017cnorodny wyb\u00f3r liczb na losach<\/strong>.<\/p>\n<h2>Jak Korzysta\u0107 z Archiwum Wygrywaj\u0105cych Numer\u00f3w Mega Millions?<\/h2>\n<p>Archiwum historycznych wynik\u00f3w Mega Millions jest cennym narz\u0119dziem dla graczy, kt\u00f3rzy chc\u0105 analizowa\u0107 schematy i rozwija\u0107 swoje strategie gry. Analizuj\u0105c poprzednie losowania, mo\u017cesz zidentyfikowa\u0107 trendy w cz\u0119stotliwo\u015bci pojawiania si\u0119 liczb i podejmowa\u0107 bardziej \u015bwiadome decyzje dotycz\u0105ce swojego wyboru. <strong>Archiwum pozwala \u015bledzi\u0107, kt\u00f3re liczby cz\u0119sto pojawia\u0142y si\u0119 razem, pomagaj\u0105c Ci zrozumie\u0107 schematy gry na przestrzeni czasu<\/strong>. Wielu odnosz\u0105cych sukcesy graczy wykorzystuje te dane historyczne do tworzenia systematycznych metod wybierania liczb, cho\u0107 warto pami\u0119ta\u0107, \u017ce ka\u017cde losowanie jest niezale\u017cne i losowe. Archiwum daje wgl\u0105d w kombinacje liczb, kt\u00f3re by\u0142y losowane wielokrotnie, co daje Ci podstaw\u0119 do stworzenia w\u0142asnej metodologii wyboru. Jednak wyniki z przesz\u0142o\u015bci nie gwarantuj\u0105 przysz\u0142ych rezultat\u00f3w w grach liczbowych.<\/p>\n<h2>Jakie S\u0105 Najcz\u0119\u015bciej Losowane Numery w Mega Millions?<img loading=\"lazy\" decoding=\"async\" class=\"alignright wp-image-252015\" src=\"https:\/\/lottomat.com\/wp-content\/uploads\/2025\/10\/drawing-results.webp\" alt=\"wyniki losowania\" width=\"200\" height=\"200\" srcset=\"https:\/\/lottomat.com\/wp-content\/uploads\/2025\/10\/drawing-results.webp 400w, https:\/\/lottomat.com\/wp-content\/uploads\/2025\/10\/drawing-results-300x300.webp 300w, https:\/\/lottomat.com\/wp-content\/uploads\/2025\/10\/drawing-results-150x150.webp 150w, https:\/\/lottomat.com\/wp-content\/uploads\/2025\/10\/drawing-results-100x100.webp 100w\" sizes=\"auto, (max-width: 200px) 100vw, 200px\" \/><\/h2>\n<p>Wspomnieli\u015bmy ju\u017c o przygotowaniu dobrej strategii w oparciu o wcze\u015bniej wylosowane liczby, ale r\u00f3wnie warto\u015bciowym wsparciem s\u0105 statystyki dotycz\u0105ce losowania poszczeg\u00f3lnych liczb. Okazuje si\u0119, \u017ce s\u0105 liczby, kt\u00f3re losowane s\u0105 znacznie cz\u0119\u015bciej ni\u017c inne. Na stronie Lottomat znajdziesz wszystkie te informacje dla ka\u017cdej loterii. <strong>Najcz\u0119\u015bciej losowane numery w Mega Millions to: 29, 4, 48 i 36<\/strong>. Numer 48 zosta\u0142 ju\u017c wylosowany 80 razy od 2005 roku. <strong>Je\u015bli chodzi o Mega Ball, najcz\u0119\u015bciej losowane numery to: 35, 9, 36 i 7<\/strong>. \u017byczymy Ci tylko najbardziej dochodowych wynik\u00f3w Mega Millions!<\/p>\n<h2>Jakie S\u0105 Najrzadziej Losowane Numery w Mega Millions?<\/h2>\n<p>Podczas gdy niekt\u00f3re liczby pojawiaj\u0105 si\u0119 cz\u0119sto w losowaniach Mega Millions, inne wydaj\u0105 si\u0119 by\u0107 losowane rzadziej, co gracze nazywaj\u0105 \u201ezimnymi\u201d numerami. <strong>Te rzadziej losowane liczby mog\u0105 by\u0107 r\u00f3wnie cenne przy tworzeniu zr\u00f3wnowa\u017conej strategii gry<\/strong>. Niekt\u00f3rzy gracze wol\u0105 w\u0142\u0105cza\u0107 te rzadko losowane liczby do swoich wybor\u00f3w, wierz\u0105c, \u017ce \u201enadszed\u0142 ich czas\u201d, aby si\u0119 pojawi\u0142y. <strong>Najrzadziej losowane g\u0142\u00f3wne numery w historii Mega Millions to 50, 51, 65, 66 i 67<\/strong>. Te liczby by\u0142y losowane znacznie mniej razy w por\u00f3wnaniu z najcz\u0119\u015bciej wyst\u0119puj\u0105cymi, a niekt\u00f3re pojawi\u0142y si\u0119 tylko 66-84 razy w ca\u0142ej historii gry. W\u015br\u00f3d numer\u00f3w Mega Ball pewne liczby, takie jak 15 oraz wy\u017csze liczby, pojawiaj\u0105 si\u0119 rzadziej w nowszych losowaniach. Najrzadziej losowane g\u0142\u00f3wne numery historycznie obejmuj\u0105 kilka wy\u017cszych liczb z dost\u0119pnego zakresu, cho\u0107 konkretne numery zmieniaj\u0105 si\u0119 w czasie wraz z kolejnymi losowaniami. <strong>Numer 50 wyr\u00f3\u017cnia si\u0119 jako jeden z najzimniejszych, poniewa\u017c zosta\u0142 wylosowany tylko 66 razy od pocz\u0105tku gry<\/strong>. Warto zaznaczy\u0107, \u017ce w prawdziwie losowym systemie wszystkie liczby maj\u0105 jednakowe szanse na wylosowanie przy ka\u017cdym losowaniu, niezale\u017cnie od ich cz\u0119stotliwo\u015bci w historii.<\/p>\n<h2><img loading=\"lazy\" decoding=\"async\" class=\"alignleft wp-image-252045\" src=\"https:\/\/lottomat.com\/wp-content\/uploads\/2025\/10\/Mega-Millions-draw.webp\" alt=\"losowanie Mega Millions\" width=\"200\" height=\"200\" srcset=\"https:\/\/lottomat.com\/wp-content\/uploads\/2025\/10\/Mega-Millions-draw.webp 400w, https:\/\/lottomat.com\/wp-content\/uploads\/2025\/10\/Mega-Millions-draw-300x300.webp 300w, https:\/\/lottomat.com\/wp-content\/uploads\/2025\/10\/Mega-Millions-draw-150x150.webp 150w, https:\/\/lottomat.com\/wp-content\/uploads\/2025\/10\/Mega-Millions-draw-100x100.webp 100w\" sizes=\"auto, (max-width: 200px) 100vw, 200px\" \/>Czy Wyniki Mega Millions Mo\u017cna Przewidzie\u0107?<\/h2>\n<p>Pytanie o to, czy wyniki loterii mo\u017cna przewidzie\u0107, fascynuje graczy od pokole\u0144. <strong>Losowania Mega Millions odbywaj\u0105 si\u0119 przy u\u017cyciu certyfikowanych metod generowania losowych liczb, co sprawia, \u017ce prawdziwe przewidywanie jest matematycznie niemo\u017cliwe<\/strong>. Ka\u017cda kulka ma r\u00f3wne szanse na wylosowanie w ka\u017cdym losowaniu, bez wzgl\u0119du na to, kiedy by\u0142a ostatnio wylosowana. Analiza statystyczna poprzednich wynik\u00f3w mo\u017ce ujawni\u0107 ciekawe wzorce i cz\u0119stotliwo\u015bci, jednak nie mog\u0105 one wiarygodnie przewidzie\u0107 przysz\u0142ych rezultat\u00f3w. Losowy charakter losowa\u0144 oznacza, \u017ce ka\u017cda kombinacja liczb ma takie samo prawdopodobie\u0144stwo wygranej jak ka\u017cda inna, niezale\u017cnie od tego, czy jest to sekwencja 1-2-3-4-5, czy pozornie przypadkowa mieszanka liczb. <strong>Najlepszym podej\u015bciem jest <a href=\"https:\/\/lottomat.com\/pl\/graj\/mega-millions\/\">gra\u0107 w Mega Millions online<\/a> odpowiedzialnie i pami\u0119ta\u0107, \u017ce gry liczbowo-losowe s\u0105 stworzone jako gry losowe, a nie gry umiej\u0119tno\u015bci czy przewidywania<\/strong>.<\/p>\n","protected":false},"excerpt":{"rendered":"<p>Losy Mega Millions s\u0105 kupowane, wygrywaj\u0105ce numery Mega Millions s\u0105 wybierane, a Ty skupiasz si\u0119 tylko na szcz\u0119\u015bliwych planach i marzeniach, kt\u00f3re mog\u0105 si\u0119 spe\u0142ni\u0107, je\u015bli do\u0142\u0105czysz do grona milioner\u00f3w. Nie ma w tym nic z\u0142ego \u2013 wszyscy mamy swoje marzenia. Prawdopodobnie ka\u017cdy gracz przed sprawdzeniem wynik\u00f3w losowania Mega Millions my\u015bli o wygranej, a Mega [&hellip;]<\/p>\n","protected":false},"author":1,"featured_media":0,"parent":7439,"menu_order":2,"comment_status":"closed","ping_status":"closed","template":"megamillion-results.php","meta":{"_et_pb_use_builder":"","_et_pb_old_content":"","_et_gb_content_width":"","exclude_from_search":false,"footnotes":""},"class_list":["post-237815","page","type-page","status-publish","hentry"],"yoast_head":"<!-- This site is optimized with the Yoast SEO plugin v23.8 - https:\/\/yoast.com\/wordpress\/plugins\/seo\/ -->\n<title>Wyniki Mega Millions &amp; Numery Wygrywaj\u0105ce - Lottomat<\/title>\n<meta name=\"description\" content=\"Sprawd\u017a tutaj najnowsze wyniki Mega Millions oraz numery wygrywaj\u0105ce. Zobacz, kt\u00f3re liczby zosta\u0142y wylosowane w ostatnim losowaniu Mega Millions.\" \/>\n<meta name=\"robots\" content=\"index, follow, max-snippet:-1, max-image-preview:large, max-video-preview:-1\" \/>\n<link rel=\"canonical\" href=\"https:\/\/lottomat.com\/pl\/wyniki\/mega-millions\/\" \/>\n<meta property=\"og:locale\" content=\"pl_PL\" \/>\n<meta property=\"og:type\" content=\"article\" \/>\n<meta property=\"og:title\" content=\"Wyniki Mega Millions &amp; Numery Wygrywaj\u0105ce - Lottomat\" \/>\n<meta property=\"og:description\" content=\"Sprawd\u017a tutaj najnowsze wyniki Mega Millions oraz numery wygrywaj\u0105ce. Zobacz, kt\u00f3re liczby zosta\u0142y wylosowane w ostatnim losowaniu Mega Millions.\" \/>\n<meta property=\"og:url\" content=\"https:\/\/lottomat.com\/pl\/wyniki\/mega-millions\/\" \/>\n<meta property=\"og:site_name\" content=\"Lottomat\" \/>\n<meta property=\"article:modified_time\" content=\"2025-10-15T22:42:26+00:00\" \/>\n<meta property=\"og:image\" content=\"https:\/\/lottomat.com\/wp-content\/uploads\/2025\/10\/Mega-Millions-winning-numbers.webp\" \/>\n<meta name=\"twitter:card\" content=\"summary_large_image\" \/>\n<meta name=\"twitter:label1\" content=\"Szacowany czas czytania\" \/>\n\t<meta name=\"twitter:data1\" content=\"5 minut\" \/>\n<script type=\"application\/ld+json\" class=\"yoast-schema-graph\">{\"@context\":\"https:\/\/schema.org\",\"@graph\":[{\"@type\":\"WebPage\",\"@id\":\"https:\/\/lottomat.com\/pl\/wyniki\/mega-millions\/\",\"url\":\"https:\/\/lottomat.com\/pl\/wyniki\/mega-millions\/\",\"name\":\"Wyniki Mega Millions & Numery Wygrywaj\u0105ce - Lottomat\",\"isPartOf\":{\"@id\":\"https:\/\/lottomat.com\/pl\/#website\"},\"primaryImageOfPage\":{\"@id\":\"https:\/\/lottomat.com\/pl\/wyniki\/mega-millions\/#primaryimage\"},\"image\":{\"@id\":\"https:\/\/lottomat.com\/pl\/wyniki\/mega-millions\/#primaryimage\"},\"thumbnailUrl\":\"https:\/\/lottomat.com\/wp-content\/uploads\/2025\/10\/Mega-Millions-winning-numbers.webp\",\"datePublished\":\"2025-04-07T19:24:29+00:00\",\"dateModified\":\"2025-10-15T22:42:26+00:00\",\"description\":\"Sprawd\u017a tutaj najnowsze wyniki Mega Millions oraz numery wygrywaj\u0105ce. Zobacz, kt\u00f3re liczby zosta\u0142y wylosowane w ostatnim losowaniu Mega Millions.\",\"breadcrumb\":{\"@id\":\"https:\/\/lottomat.com\/pl\/wyniki\/mega-millions\/#breadcrumb\"},\"inLanguage\":\"pl-PL\",\"potentialAction\":[{\"@type\":\"ReadAction\",\"target\":[\"https:\/\/lottomat.com\/pl\/wyniki\/mega-millions\/\"]}]},{\"@type\":\"ImageObject\",\"inLanguage\":\"pl-PL\",\"@id\":\"https:\/\/lottomat.com\/pl\/wyniki\/mega-millions\/#primaryimage\",\"url\":\"https:\/\/lottomat.com\/wp-content\/uploads\/2025\/10\/Mega-Millions-winning-numbers.webp\",\"contentUrl\":\"https:\/\/lottomat.com\/wp-content\/uploads\/2025\/10\/Mega-Millions-winning-numbers.webp\"},{\"@type\":\"BreadcrumbList\",\"@id\":\"https:\/\/lottomat.com\/pl\/wyniki\/mega-millions\/#breadcrumb\",\"itemListElement\":[{\"@type\":\"ListItem\",\"position\":1,\"name\":\"Home\",\"item\":\"https:\/\/lottomat.com\/pl\/\"},{\"@type\":\"ListItem\",\"position\":2,\"name\":\"Najnowsze wyniki loterii i numery wygrywaj\u0105ce\",\"item\":\"https:\/\/lottomat.com\/pl\/wyniki\/\"},{\"@type\":\"ListItem\",\"position\":3,\"name\":\"Wyniki Mega Millions &#038; Numery Wygrywaj\u0105ce\"}]},{\"@type\":\"WebSite\",\"@id\":\"https:\/\/lottomat.com\/pl\/#website\",\"url\":\"https:\/\/lottomat.com\/pl\/\",\"name\":\"Lottomat\",\"description\":\"\",\"potentialAction\":[{\"@type\":\"SearchAction\",\"target\":{\"@type\":\"EntryPoint\",\"urlTemplate\":\"https:\/\/lottomat.com\/pl\/?s={search_term_string}\"},\"query-input\":{\"@type\":\"PropertyValueSpecification\",\"valueRequired\":true,\"valueName\":\"search_term_string\"}}],\"inLanguage\":\"pl-PL\"}]}<\/script>\n<!-- \/ Yoast SEO plugin. -->","yoast_head_json":{"title":"Wyniki Mega Millions & Numery Wygrywaj\u0105ce - Lottomat","description":"Sprawd\u017a tutaj najnowsze wyniki Mega Millions oraz numery wygrywaj\u0105ce. Zobacz, kt\u00f3re liczby zosta\u0142y wylosowane w ostatnim losowaniu Mega Millions.","robots":{"index":"index","follow":"follow","max-snippet":"max-snippet:-1","max-image-preview":"max-image-preview:large","max-video-preview":"max-video-preview:-1"},"canonical":"https:\/\/lottomat.com\/pl\/wyniki\/mega-millions\/","og_locale":"pl_PL","og_type":"article","og_title":"Wyniki Mega Millions & Numery Wygrywaj\u0105ce - Lottomat","og_description":"Sprawd\u017a tutaj najnowsze wyniki Mega Millions oraz numery wygrywaj\u0105ce. Zobacz, kt\u00f3re liczby zosta\u0142y wylosowane w ostatnim losowaniu Mega Millions.","og_url":"https:\/\/lottomat.com\/pl\/wyniki\/mega-millions\/","og_site_name":"Lottomat","article_modified_time":"2025-10-15T22:42:26+00:00","og_image":[{"url":"https:\/\/lottomat.com\/wp-content\/uploads\/2025\/10\/Mega-Millions-winning-numbers.webp"}],"twitter_card":"summary_large_image","twitter_misc":{"Szacowany czas czytania":"5 minut"},"schema":{"@context":"https:\/\/schema.org","@graph":[{"@type":"WebPage","@id":"https:\/\/lottomat.com\/pl\/wyniki\/mega-millions\/","url":"https:\/\/lottomat.com\/pl\/wyniki\/mega-millions\/","name":"Wyniki Mega Millions & Numery Wygrywaj\u0105ce - Lottomat","isPartOf":{"@id":"https:\/\/lottomat.com\/pl\/#website"},"primaryImageOfPage":{"@id":"https:\/\/lottomat.com\/pl\/wyniki\/mega-millions\/#primaryimage"},"image":{"@id":"https:\/\/lottomat.com\/pl\/wyniki\/mega-millions\/#primaryimage"},"thumbnailUrl":"https:\/\/lottomat.com\/wp-content\/uploads\/2025\/10\/Mega-Millions-winning-numbers.webp","datePublished":"2025-04-07T19:24:29+00:00","dateModified":"2025-10-15T22:42:26+00:00","description":"Sprawd\u017a tutaj najnowsze wyniki Mega Millions oraz numery wygrywaj\u0105ce. Zobacz, kt\u00f3re liczby zosta\u0142y wylosowane w ostatnim losowaniu Mega Millions.","breadcrumb":{"@id":"https:\/\/lottomat.com\/pl\/wyniki\/mega-millions\/#breadcrumb"},"inLanguage":"pl-PL","potentialAction":[{"@type":"ReadAction","target":["https:\/\/lottomat.com\/pl\/wyniki\/mega-millions\/"]}]},{"@type":"ImageObject","inLanguage":"pl-PL","@id":"https:\/\/lottomat.com\/pl\/wyniki\/mega-millions\/#primaryimage","url":"https:\/\/lottomat.com\/wp-content\/uploads\/2025\/10\/Mega-Millions-winning-numbers.webp","contentUrl":"https:\/\/lottomat.com\/wp-content\/uploads\/2025\/10\/Mega-Millions-winning-numbers.webp"},{"@type":"BreadcrumbList","@id":"https:\/\/lottomat.com\/pl\/wyniki\/mega-millions\/#breadcrumb","itemListElement":[{"@type":"ListItem","position":1,"name":"Home","item":"https:\/\/lottomat.com\/pl\/"},{"@type":"ListItem","position":2,"name":"Najnowsze wyniki loterii i numery wygrywaj\u0105ce","item":"https:\/\/lottomat.com\/pl\/wyniki\/"},{"@type":"ListItem","position":3,"name":"Wyniki Mega Millions &#038; Numery Wygrywaj\u0105ce"}]},{"@type":"WebSite","@id":"https:\/\/lottomat.com\/pl\/#website","url":"https:\/\/lottomat.com\/pl\/","name":"Lottomat","description":"","potentialAction":[{"@type":"SearchAction","target":{"@type":"EntryPoint","urlTemplate":"https:\/\/lottomat.com\/pl\/?s={search_term_string}"},"query-input":{"@type":"PropertyValueSpecification","valueRequired":true,"valueName":"search_term_string"}}],"inLanguage":"pl-PL"}]}},"_links":{"self":[{"href":"https:\/\/lottomat.com\/pl\/wp-json\/wp\/v2\/pages\/237815","targetHints":{"allow":["GET"]}}],"collection":[{"href":"https:\/\/lottomat.com\/pl\/wp-json\/wp\/v2\/pages"}],"about":[{"href":"https:\/\/lottomat.com\/pl\/wp-json\/wp\/v2\/types\/page"}],"author":[{"embeddable":true,"href":"https:\/\/lottomat.com\/pl\/wp-json\/wp\/v2\/users\/1"}],"replies":[{"embeddable":true,"href":"https:\/\/lottomat.com\/pl\/wp-json\/wp\/v2\/comments?post=237815"}],"version-history":[{"count":2,"href":"https:\/\/lottomat.com\/pl\/wp-json\/wp\/v2\/pages\/237815\/revisions"}],"predecessor-version":[{"id":256268,"href":"https:\/\/lottomat.com\/pl\/wp-json\/wp\/v2\/pages\/237815\/revisions\/256268"}],"up":[{"embeddable":true,"href":"https:\/\/lottomat.com\/pl\/wp-json\/wp\/v2\/pages\/7439"}],"wp:attachment":[{"href":"https:\/\/lottomat.com\/pl\/wp-json\/wp\/v2\/media?parent=237815"}],"curies":[{"name":"wp","href":"https:\/\/api.w.org\/{rel}","templated":true}]}}