{"id":237747,"date":"2025-04-07T19:23:03","date_gmt":"2025-04-07T19:23:03","guid":{"rendered":"https:\/\/lottomat.net\/wyniki-lotto\/wyniki-powerball\/"},"modified":"2026-03-29T20:24:35","modified_gmt":"2026-03-29T20:24:35","slug":"powerball","status":"publish","type":"page","link":"https:\/\/lottomat.com\/pl\/wyniki\/powerball\/","title":{"rendered":"Wyniki Powerball i Numery Zwyci\u0119skie"},"content":{"rendered":"\n\n<div class=\"kk-star-ratings kksr-auto kksr-align-left kksr-valign-top\"\n    data-payload='{&quot;align&quot;:&quot;left&quot;,&quot;id&quot;:&quot;237747&quot;,&quot;slug&quot;:&quot;default&quot;,&quot;valign&quot;:&quot;top&quot;,&quot;ignore&quot;:&quot;&quot;,&quot;reference&quot;:&quot;auto&quot;,&quot;class&quot;:&quot;&quot;,&quot;count&quot;:&quot;0&quot;,&quot;legendonly&quot;:&quot;&quot;,&quot;readonly&quot;:&quot;&quot;,&quot;score&quot;:&quot;0&quot;,&quot;starsonly&quot;:&quot;&quot;,&quot;best&quot;:&quot;5&quot;,&quot;gap&quot;:&quot;5&quot;,&quot;greet&quot;:&quot;Rate this page&quot;,&quot;legend&quot;:&quot;0\\\/5 - (0 votes)&quot;,&quot;size&quot;:&quot;30&quot;,&quot;title&quot;:&quot;Wyniki Powerball i Numery Zwyci\u0119skie&quot;,&quot;width&quot;:&quot;0&quot;,&quot;_legend&quot;:&quot;{score}\\\/{best} - ({count} {votes})&quot;,&quot;font_factor&quot;:&quot;1.25&quot;}'>\n            \n<div class=\"kksr-stars\">\n    \n<div class=\"kksr-stars-inactive\">\n            <div class=\"kksr-star\" data-star=\"1\" style=\"padding-right: 5px\">\n            \n\n<div class=\"kksr-icon\" style=\"width: 30px; height: 30px;\"><\/div>\n        <\/div>\n            <div class=\"kksr-star\" data-star=\"2\" style=\"padding-right: 5px\">\n            \n\n<div class=\"kksr-icon\" style=\"width: 30px; height: 30px;\"><\/div>\n        <\/div>\n            <div class=\"kksr-star\" data-star=\"3\" style=\"padding-right: 5px\">\n            \n\n<div class=\"kksr-icon\" style=\"width: 30px; height: 30px;\"><\/div>\n        <\/div>\n            <div class=\"kksr-star\" data-star=\"4\" style=\"padding-right: 5px\">\n            \n\n<div class=\"kksr-icon\" style=\"width: 30px; height: 30px;\"><\/div>\n        <\/div>\n            <div class=\"kksr-star\" data-star=\"5\" style=\"padding-right: 5px\">\n            \n\n<div class=\"kksr-icon\" style=\"width: 30px; height: 30px;\"><\/div>\n        <\/div>\n    <\/div>\n    \n<div class=\"kksr-stars-active\" style=\"width: 0px;\">\n            <div class=\"kksr-star\" style=\"padding-right: 5px\">\n            \n\n<div class=\"kksr-icon\" style=\"width: 30px; height: 30px;\"><\/div>\n        <\/div>\n            <div class=\"kksr-star\" style=\"padding-right: 5px\">\n            \n\n<div class=\"kksr-icon\" style=\"width: 30px; height: 30px;\"><\/div>\n        <\/div>\n            <div class=\"kksr-star\" style=\"padding-right: 5px\">\n            \n\n<div class=\"kksr-icon\" style=\"width: 30px; height: 30px;\"><\/div>\n        <\/div>\n            <div class=\"kksr-star\" style=\"padding-right: 5px\">\n            \n\n<div class=\"kksr-icon\" style=\"width: 30px; height: 30px;\"><\/div>\n        <\/div>\n            <div class=\"kksr-star\" style=\"padding-right: 5px\">\n            \n\n<div class=\"kksr-icon\" style=\"width: 30px; height: 30px;\"><\/div>\n        <\/div>\n    <\/div>\n<\/div>\n                \n\n<div class=\"kksr-legend\" style=\"font-size: 24px;\">\n            <span class=\"kksr-muted\">Rate this page<\/span>\n    <\/div>\n    <\/div>\n<p>Po zakupie los\u00f3w i wybraniu pi\u0119ciu g\u0142\u00f3wnych liczb oraz jednej dodatkowej liczby Powerball pozostaje ju\u017c tylko cierpliwie czeka\u0107 na wyniki losowania, kt\u00f3re pojawi\u0105 si\u0119 b\u0142yskawicznie na <a href=\"https:\/\/lottomat.com\/pl\/\"><strong>stronie LottoMat<\/strong><\/a>. Wszystkie informacje, kt\u00f3re publikujemy o wylosowanych liczbach, pochodz\u0105 bezpo\u015brednio od organizatora losowania, dzi\u0119ki czemu masz pewno\u015b\u0107, \u017ce <strong>wyniki Powerball s\u0105 w 100% zgodne z oficjalnym losowaniem<\/strong>.<img loading=\"lazy\" decoding=\"async\" class=\"alignleft wp-image-252294\" src=\"https:\/\/lottomat.com\/wp-content\/uploads\/2025\/10\/jackpot-and-prizes-300x300.webp\" alt=\"jackpot i nagrody\" width=\"200\" height=\"200\" srcset=\"https:\/\/lottomat.com\/wp-content\/uploads\/2025\/10\/jackpot-and-prizes-300x300.webp 300w, https:\/\/lottomat.com\/wp-content\/uploads\/2025\/10\/jackpot-and-prizes-150x150.webp 150w, https:\/\/lottomat.com\/wp-content\/uploads\/2025\/10\/jackpot-and-prizes-100x100.webp 100w, https:\/\/lottomat.com\/wp-content\/uploads\/2025\/10\/jackpot-and-prizes.webp 400w\" sizes=\"auto, (max-width: 200px) 100vw, 200px\" \/><\/p>\n<h2>Jak sprawdzi\u0107 aktualne wyniki Powerball?<\/h2>\n<p>Na stronie LottoMat zawsze znajdziesz <strong>najnowsze wyniki loterii Powerball<\/strong>, prosto po losowaniu. Aktualizujemy wyniki Powerball natychmiast po ich og\u0142oszeniu \u2014 pochodz\u0105 one z oficjalnych \u017ar\u00f3de\u0142, czyli od organizatora loterii, i s\u0105 <strong>w pe\u0142ni wiarygodne<\/strong>. Po wej\u015bciu na stron\u0119 z wynikami Powerball wystarczy por\u00f3wna\u0107 liczby z Twojego losu z tymi w tabeli wynik\u00f3w. Je\u015bli Tw\u00f3j los zawiera wszystkie sze\u015b\u0107 wylosowanych liczb \u2014 gratulacje, <strong>w\u0142a\u015bnie zosta\u0142e\u015b milionerem!<\/strong> Je\u015bli nie, nie martw si\u0119 \u2014 Powerball oferuje a\u017c <strong>dziewi\u0119\u0107 poziom\u00f3w gwarantowanych wygranych<\/strong>. Oznacza to, \u017ce nie musisz trafi\u0107 wszystkich sze\u015bciu liczb, aby zdoby\u0107 nagrod\u0119 pieni\u0119\u017cn\u0105 \u2014 wystarczy, \u017ce <a href=\"https:\/\/lottomat.com\/pl\/graj\/powerball\/\">kupisz los Powerball online<\/a>!<\/p>\n<h2>Jak sprawdzi\u0107 wyniki Powerball z wczoraj?<img loading=\"lazy\" decoding=\"async\" class=\"wp-image-252354 alignright\" src=\"https:\/\/lottomat.com\/wp-content\/uploads\/2025\/10\/Powerball-Numbers-300x300.webp\" alt=\"Numery Powerball\" width=\"200\" height=\"200\" srcset=\"https:\/\/lottomat.com\/wp-content\/uploads\/2025\/10\/Powerball-Numbers-300x300.webp 300w, https:\/\/lottomat.com\/wp-content\/uploads\/2025\/10\/Powerball-Numbers-150x150.webp 150w, https:\/\/lottomat.com\/wp-content\/uploads\/2025\/10\/Powerball-Numbers-100x100.webp 100w, https:\/\/lottomat.com\/wp-content\/uploads\/2025\/10\/Powerball-Numbers.webp 400w\" sizes=\"auto, (max-width: 200px) 100vw, 200px\" \/><\/h2>\n<p>Niezale\u017cnie od tego, czy szukasz dzisiejszych wynik\u00f3w, wczorajszych liczb czy losowa\u0144 z zesz\u0142ego tygodnia, <strong>wszystkie wyniki Powerball znajdziesz \u0142atwo na LottoMat<\/strong>. Nasza rozbudowana baza danych pozwala szybko i wygodnie uzyska\u0107 informacje o dowolnym losowaniu. Wystarczy przej\u015b\u0107 do sekcji wynik\u00f3w i wybra\u0107 interesuj\u0105c\u0105 Ci\u0119 dat\u0119. Ta wygodna funkcja sprawia, \u017ce <strong>nigdy nie zapomnisz sprawdzi\u0107 swoich los\u00f3w<\/strong>, niezale\u017cnie od tego, kiedy odby\u0142o si\u0119 losowanie.<\/p>\n<h2>Jak korzysta\u0107 z archiwalnych wynik\u00f3w losowa\u0144 Powerball?<\/h2>\n<p>Strona LottoMat udost\u0119pnia r\u00f3wnie\u017c <strong>archiwalne wyniki losowa\u0144 Powerball<\/strong>. Aby je sprawdzi\u0107, wystarczy skorzysta\u0107 z naszego kalendarza wynik\u00f3w, kt\u00f3ry znajdziesz po prawej stronie aktualnie wylosowanych liczb. Po rozwini\u0119ciu listy mo\u017cesz przegl\u0105da\u0107 wcze\u015bniejsze losowania \u2014 a\u017c do <strong>dwunastu miesi\u0119cy wstecz<\/strong>.<\/p>\n<h3><img loading=\"lazy\" decoding=\"async\" class=\"alignleft wp-image-252324\" src=\"https:\/\/lottomat.com\/wp-content\/uploads\/2025\/10\/Powerball-Draw-300x300.webp\" alt=\"Losowanie Powerball\" width=\"200\" height=\"200\" srcset=\"https:\/\/lottomat.com\/wp-content\/uploads\/2025\/10\/Powerball-Draw-300x300.webp 300w, https:\/\/lottomat.com\/wp-content\/uploads\/2025\/10\/Powerball-Draw-150x150.webp 150w, https:\/\/lottomat.com\/wp-content\/uploads\/2025\/10\/Powerball-Draw-100x100.webp 100w, https:\/\/lottomat.com\/wp-content\/uploads\/2025\/10\/Powerball-Draw.webp 400w\" sizes=\"auto, (max-width: 200px) 100vw, 200px\" \/>Jakie s\u0105 korzy\u015bci z korzystania z archiwalnych wynik\u00f3w Powerball?<\/h3>\n<p>Do czego mog\u0105 przyda\u0107 si\u0119 archiwalne wyniki losowa\u0144? Do wielu rzeczy. Przede wszystkim mog\u0105 pom\u00f3c Ci <strong>stworzy\u0107 w\u0142asn\u0105 strategi\u0119 wyboru liczb<\/strong> przy ponownym wype\u0142nianiu los\u00f3w, co mo\u017ce zwi\u0119kszy\u0107 Twoje szanse w kolejnych grach. Mo\u017cesz tak\u017ce <a href=\"https:\/\/lottomat.com\/pl\/wyniki\/\">korzysta\u0107 z archiwalnych wynik\u00f3w loterii<\/a>, aby sprawdzi\u0107, kt\u00f3re liczby by\u0142y ostatnio najcz\u0119\u015bciej losowane, a kt\u00f3re nie pojawia\u0142y si\u0119 od tygodni. Zobaczysz, jak wa\u017cne jest wybieranie zr\u00f3\u017cnicowanych liczb z r\u00f3\u017cnych zakres\u00f3w. Od dawna wiadomo, \u017ce nie nale\u017cy si\u0119 ogranicza\u0107 podczas wype\u0142niania los\u00f3w. Ka\u017cda liczba z dost\u0119pnej puli ma znaczenie, jednak wielu graczy wybiera sta\u0142y zestaw oparty na datach urodzenia, co zaw\u0119\u017ca zakres wyboru i obni\u017ca szanse na wygran\u0105 w Powerball. Archiwalne wyniki zawieraj\u0105 tak\u017ce informacje o ostatnich kumulacjach jackpotu, wysoko\u015bci nagr\u00f3d oraz liczbie zwyci\u0119zc\u00f3w, kt\u00f3rzy trafili g\u0142\u00f3wn\u0105 wygran\u0105 Powerball.<\/p>\n<h2>Jakie liczby s\u0105 najcz\u0119\u015bciej losowane w Powerball?<\/h2>\n<p>Na stronie LottoMat znajdziesz wszystkie najwa\u017cniejsze informacje dotycz\u0105ce loterii. To nie tylko wyniki, ale tak\u017ce zasady Powerball, ciekawostki, warunki u\u017cytkowania oraz wiele wskaz\u00f3wek, kt\u00f3re u\u0142atwi\u0105 Ci gr\u0119. Przygotowali\u015bmy dla Ciebie <strong>du\u017ce i interesuj\u0105ce zestawienie<\/strong>, w kt\u00f3rym wskazujemy, kt\u00f3re liczby by\u0142y losowane najcz\u0119\u015bciej, a kt\u00f3re najrzadziej. Pomo\u017ce Ci to zaplanowa\u0107 wyb\u00f3r liczb na nowych losach, poniewa\u017c statystyki jasno pokazuj\u0105, kt\u00f3re liczby pojawiaj\u0105 si\u0119 cz\u0119\u015bciej ni\u017c inne. Skorzystaj z tych danych i pami\u0119taj \u2014 liczba Powerball losowana jest z oddzielnej puli, wi\u0119c ta sama liczba mo\u017ce pojawi\u0107 si\u0119 zar\u00f3wno w\u015br\u00f3d g\u0142\u00f3wnych liczb, jak i jako bonus Powerball. Nie musisz ju\u017c wyszukiwa\u0107 i zapisywa\u0107 starych wynik\u00f3w \u2014 wszystko masz podane w jednym miejscu. <strong>Najcz\u0119\u015bciej losowane liczby w loterii Powerball to: 8, 26, 22, 23 i 36<\/strong>. Stw\u00f3rz w\u0142asn\u0105 strategi\u0119, wybieraj\u0105c liczby, kt\u00f3re s\u0105 dla Ciebie wa\u017cne, ale skorzystaj te\u017c z naszych propozycji, poniewa\u017c <strong>statystyki nigdy nie k\u0142ami\u0105<\/strong>.<\/p>\n<h2>Jakie liczby Powerball s\u0105 najrzadziej losowane?<img loading=\"lazy\" decoding=\"async\" class=\"alignright wp-image-252384\" src=\"https:\/\/lottomat.com\/wp-content\/uploads\/2025\/10\/Powerball-Results-300x300.webp\" alt=\"Wyniki Powerball\" width=\"200\" height=\"200\" srcset=\"https:\/\/lottomat.com\/wp-content\/uploads\/2025\/10\/Powerball-Results-300x300.webp 300w, https:\/\/lottomat.com\/wp-content\/uploads\/2025\/10\/Powerball-Results-150x150.webp 150w, https:\/\/lottomat.com\/wp-content\/uploads\/2025\/10\/Powerball-Results-100x100.webp 100w, https:\/\/lottomat.com\/wp-content\/uploads\/2025\/10\/Powerball-Results.webp 400w\" sizes=\"auto, (max-width: 200px) 100vw, 200px\" \/><\/h2>\n<p>Zrozumienie, kt\u00f3re liczby pojawiaj\u0105 si\u0119 najrzadziej w losowaniach Powerball, mo\u017ce by\u0107 r\u00f3wnie cenne jak znajomo\u015b\u0107 tych najcz\u0119\u015bciej losowanych. Analiza statystyczna pokazuje, \u017ce niekt\u00f3re liczby <strong>by\u0142y konsekwentnie rzadziej losowane w przesz\u0142o\u015bci<\/strong>. Do najrzadziej wyst\u0119puj\u0105cych nale\u017c\u0105: 15, 51, 37, 47, 12, 4 i 24. Niekt\u00f3rzy gracze uwa\u017caj\u0105, \u017ce te \u201ezimne\u201d liczby s\u0105 \u201egotowe na powr\u00f3t\u201d i uwzgl\u0119dniaj\u0105 je w swojej strategii wyboru. Cho\u0107 wyniki z przesz\u0142o\u015bci nie gwarantuj\u0105 przysz\u0142ych rezultat\u00f3w, analiza tych wzorc\u00f3w mo\u017ce pom\u00f3c w podejmowaniu bardziej \u015bwiadomych decyzji przy wyborze liczb Powerball na kolejne losowania.<\/p>\n<h2>Ilu graczy wygra\u0142o i ile w ostatnim losowaniu Powerball?<\/h2>\n<p>Ka\u017cde losowanie Powerball przynosi <strong>tysi\u0105ce zwyci\u0119zc\u00f3w na wszystkich poziomach nagr\u00f3d<\/strong>, co czyni t\u0119 loteri\u0119 jedn\u0105 z najbardziej atrakcyjnych na \u015bwiecie. Podzia\u0142 nagr\u00f3d zazwyczaj obejmuje jednego zwyci\u0119zc\u0119 jackpotu lub kilku, kt\u00f3rzy dziel\u0105 g\u0142\u00f3wn\u0105 wygran\u0105, kilku milioner\u00f3w, kt\u00f3rzy trafili pi\u0119\u0107 g\u0142\u00f3wnych liczb, oraz setki tysi\u0119cy zwyci\u0119zc\u00f3w mniejszych nagr\u00f3d. Wysoko\u015b\u0107 nagr\u00f3d zale\u017cy od liczby zwyci\u0119zc\u00f3w w ka\u017cdej kategorii oraz \u0142\u0105cznej sprzeda\u017cy los\u00f3w w danym losowaniu. Na stronie LottoMat znajdziesz <strong>szczeg\u00f3\u0142owe zestawienia liczby zwyci\u0119zc\u00f3w i wysoko\u015bci nagr\u00f3d<\/strong> dla ka\u017cdego poziomu, tu\u017c po ka\u017cdym losowaniu. Informacje te pomagaj\u0105 zrozumie\u0107 szanse i potencjalne wygrane dla r\u00f3\u017cnych kombinacji. Je\u015bli chcesz dowiedzie\u0107 si\u0119 wi\u0119cej o nagrodach w nadchodz\u0105cym losowaniu, <a href=\"https:\/\/lottomat.com\/pl\/loterie\/powerball\/\">przeczytaj o nagrodach i jackpotach Powerball<\/a>.<\/p>\n<h2><img loading=\"lazy\" decoding=\"async\" class=\"alignleft wp-image-252414\" src=\"https:\/\/lottomat.com\/wp-content\/uploads\/2025\/10\/Powerball-Winning-Numbers-300x300.webp\" alt=\"Numery zwyci\u0119skie Powerball\" width=\"200\" height=\"200\" srcset=\"https:\/\/lottomat.com\/wp-content\/uploads\/2025\/10\/Powerball-Winning-Numbers-300x300.webp 300w, https:\/\/lottomat.com\/wp-content\/uploads\/2025\/10\/Powerball-Winning-Numbers-150x150.webp 150w, https:\/\/lottomat.com\/wp-content\/uploads\/2025\/10\/Powerball-Winning-Numbers-100x100.webp 100w, https:\/\/lottomat.com\/wp-content\/uploads\/2025\/10\/Powerball-Winning-Numbers.webp 400w\" sizes=\"auto, (max-width: 200px) 100vw, 200px\" \/><\/h2>\n<h2>Jak przewidzie\u0107 wyniki i numery zwyci\u0119skie Powerball?<\/h2>\n<p>Chocia\u017c Powerball to gra losowa i <strong>\u017cadna metoda nie gwarantuje wygranej<\/strong>, wielu graczy stosuje r\u00f3\u017cne strategie, aby ulepszy\u0107 sw\u00f3j wyb\u00f3r liczb. Niekt\u00f3rzy analizuj\u0105 cz\u0119stotliwo\u015b\u0107 wyst\u0119powania liczb, aby okre\u015bli\u0107 \u201egor\u0105ce\u201d i \u201ezimne\u201d numery, inni korzystaj\u0105 z system\u00f3w matematycznych, takich jak \u201ewheeling\u201d czy analiza delta. Generatory liczb losowych pomagaj\u0105 wyeliminowa\u0107 ludzkie uprzedzenia przy wyborze liczb. Pami\u0119taj, \u017ce ka\u017cde losowanie jest niezale\u017cne, a ka\u017cda kombinacja ma takie same szanse na wygran\u0105. Kluczem jest <strong>gra\u0107 konsekwentnie, wybieraj\u0105c liczby, kt\u00f3rym ufasz<\/strong>, niezale\u017cnie od tego, czy opieraj\u0105 si\u0119 na statystyce, osobistym znaczeniu czy intuicji. Najwa\u017cniejsze jednak, aby gra\u0107 odpowiedzialnie i w granicach swojego bud\u017cetu. Teraz ju\u017c wiesz, czy mo\u017cna przewidzie\u0107 wyniki Powerball. Jedno jest pewne \u2014 aby wygra\u0107, trzeba gra\u0107. Dlatego <a href=\"https:\/\/lottomat.com\/pl\/graj\/\">kup los na dowoln\u0105 loteri\u0119<\/a> i czekaj na wyniki, kt\u00f3re przynios\u0105 Ci rado\u015b\u0107.<\/p>\n","protected":false},"excerpt":{"rendered":"<p>Po zakupie los\u00f3w i wybraniu pi\u0119ciu g\u0142\u00f3wnych liczb oraz jednej dodatkowej liczby Powerball pozostaje ju\u017c tylko cierpliwie czeka\u0107 na wyniki losowania, kt\u00f3re pojawi\u0105 si\u0119 b\u0142yskawicznie na stronie LottoMat. Wszystkie informacje, kt\u00f3re publikujemy o wylosowanych liczbach, pochodz\u0105 bezpo\u015brednio od organizatora losowania, dzi\u0119ki czemu masz pewno\u015b\u0107, \u017ce wyniki Powerball s\u0105 w 100% zgodne z oficjalnym losowaniem. Jak [&hellip;]<\/p>\n","protected":false},"author":1,"featured_media":0,"parent":7439,"menu_order":1,"comment_status":"closed","ping_status":"closed","template":"powerball-usa-results.php","meta":{"_et_pb_use_builder":"","_et_pb_old_content":"","_et_gb_content_width":"","exclude_from_search":false,"footnotes":""},"class_list":["post-237747","page","type-page","status-publish","hentry"],"yoast_head":"<!-- This site is optimized with the Yoast SEO plugin v23.8 - https:\/\/yoast.com\/wordpress\/plugins\/seo\/ -->\n<title>Wyniki Powerball i Numery Zwyci\u0119skie - LottoMat Polska<\/title>\n<meta name=\"description\" content=\"Sprawd\u017a najnowsze wyniki Powerball i numery zwyci\u0119skie na LottoMat. Por\u00f3wnaj swoje liczby z oficjalnymi wynikami losowania, aby zobaczy\u0107, czy wygra\u0142e\u015b!\" \/>\n<meta name=\"robots\" content=\"index, follow, max-snippet:-1, max-image-preview:large, max-video-preview:-1\" \/>\n<link rel=\"canonical\" href=\"https:\/\/lottomat.com\/pl\/wyniki\/powerball\/\" \/>\n<meta property=\"og:locale\" content=\"pl_PL\" \/>\n<meta property=\"og:type\" content=\"article\" \/>\n<meta property=\"og:title\" content=\"Wyniki Powerball i Numery Zwyci\u0119skie - LottoMat Polska\" \/>\n<meta property=\"og:description\" content=\"Sprawd\u017a najnowsze wyniki Powerball i numery zwyci\u0119skie na LottoMat. Por\u00f3wnaj swoje liczby z oficjalnymi wynikami losowania, aby zobaczy\u0107, czy wygra\u0142e\u015b!\" \/>\n<meta property=\"og:url\" content=\"https:\/\/lottomat.com\/pl\/wyniki\/powerball\/\" \/>\n<meta property=\"og:site_name\" content=\"Lottomat\" \/>\n<meta property=\"article:modified_time\" content=\"2026-03-29T20:24:35+00:00\" \/>\n<meta property=\"og:image\" content=\"https:\/\/lottomat.com\/wp-content\/uploads\/2025\/10\/jackpot-and-prizes.webp\" \/>\n\t<meta property=\"og:image:width\" content=\"400\" \/>\n\t<meta property=\"og:image:height\" content=\"400\" \/>\n\t<meta property=\"og:image:type\" content=\"image\/webp\" \/>\n<meta name=\"twitter:card\" content=\"summary_large_image\" \/>\n<meta name=\"twitter:label1\" content=\"Szacowany czas czytania\" \/>\n\t<meta name=\"twitter:data1\" content=\"5 minut\" \/>\n<script type=\"application\/ld+json\" class=\"yoast-schema-graph\">{\"@context\":\"https:\/\/schema.org\",\"@graph\":[{\"@type\":\"WebPage\",\"@id\":\"https:\/\/lottomat.com\/pl\/wyniki\/powerball\/\",\"url\":\"https:\/\/lottomat.com\/pl\/wyniki\/powerball\/\",\"name\":\"Wyniki Powerball i Numery Zwyci\u0119skie - LottoMat Polska\",\"isPartOf\":{\"@id\":\"https:\/\/lottomat.com\/pl\/#website\"},\"primaryImageOfPage\":{\"@id\":\"https:\/\/lottomat.com\/pl\/wyniki\/powerball\/#primaryimage\"},\"image\":{\"@id\":\"https:\/\/lottomat.com\/pl\/wyniki\/powerball\/#primaryimage\"},\"thumbnailUrl\":\"https:\/\/lottomat.com\/wp-content\/uploads\/2025\/10\/jackpot-and-prizes-300x300.webp\",\"datePublished\":\"2025-04-07T19:23:03+00:00\",\"dateModified\":\"2026-03-29T20:24:35+00:00\",\"description\":\"Sprawd\u017a najnowsze wyniki Powerball i numery zwyci\u0119skie na LottoMat. Por\u00f3wnaj swoje liczby z oficjalnymi wynikami losowania, aby zobaczy\u0107, czy wygra\u0142e\u015b!\",\"breadcrumb\":{\"@id\":\"https:\/\/lottomat.com\/pl\/wyniki\/powerball\/#breadcrumb\"},\"inLanguage\":\"pl-PL\",\"potentialAction\":[{\"@type\":\"ReadAction\",\"target\":[\"https:\/\/lottomat.com\/pl\/wyniki\/powerball\/\"]}]},{\"@type\":\"ImageObject\",\"inLanguage\":\"pl-PL\",\"@id\":\"https:\/\/lottomat.com\/pl\/wyniki\/powerball\/#primaryimage\",\"url\":\"https:\/\/lottomat.com\/wp-content\/uploads\/2025\/10\/jackpot-and-prizes-300x300.webp\",\"contentUrl\":\"https:\/\/lottomat.com\/wp-content\/uploads\/2025\/10\/jackpot-and-prizes-300x300.webp\"},{\"@type\":\"BreadcrumbList\",\"@id\":\"https:\/\/lottomat.com\/pl\/wyniki\/powerball\/#breadcrumb\",\"itemListElement\":[{\"@type\":\"ListItem\",\"position\":1,\"name\":\"Home\",\"item\":\"https:\/\/lottomat.com\/pl\/\"},{\"@type\":\"ListItem\",\"position\":2,\"name\":\"Najnowsze wyniki loterii i numery wygrywaj\u0105ce\",\"item\":\"https:\/\/lottomat.com\/pl\/wyniki\/\"},{\"@type\":\"ListItem\",\"position\":3,\"name\":\"Wyniki Powerball i Numery Zwyci\u0119skie\"}]},{\"@type\":\"WebSite\",\"@id\":\"https:\/\/lottomat.com\/pl\/#website\",\"url\":\"https:\/\/lottomat.com\/pl\/\",\"name\":\"Lottomat\",\"description\":\"\",\"potentialAction\":[{\"@type\":\"SearchAction\",\"target\":{\"@type\":\"EntryPoint\",\"urlTemplate\":\"https:\/\/lottomat.com\/pl\/?s={search_term_string}\"},\"query-input\":{\"@type\":\"PropertyValueSpecification\",\"valueRequired\":true,\"valueName\":\"search_term_string\"}}],\"inLanguage\":\"pl-PL\"}]}<\/script>\n<!-- \/ Yoast SEO plugin. -->","yoast_head_json":{"title":"Wyniki Powerball i Numery Zwyci\u0119skie - LottoMat Polska","description":"Sprawd\u017a najnowsze wyniki Powerball i numery zwyci\u0119skie na LottoMat. Por\u00f3wnaj swoje liczby z oficjalnymi wynikami losowania, aby zobaczy\u0107, czy wygra\u0142e\u015b!","robots":{"index":"index","follow":"follow","max-snippet":"max-snippet:-1","max-image-preview":"max-image-preview:large","max-video-preview":"max-video-preview:-1"},"canonical":"https:\/\/lottomat.com\/pl\/wyniki\/powerball\/","og_locale":"pl_PL","og_type":"article","og_title":"Wyniki Powerball i Numery Zwyci\u0119skie - LottoMat Polska","og_description":"Sprawd\u017a najnowsze wyniki Powerball i numery zwyci\u0119skie na LottoMat. Por\u00f3wnaj swoje liczby z oficjalnymi wynikami losowania, aby zobaczy\u0107, czy wygra\u0142e\u015b!","og_url":"https:\/\/lottomat.com\/pl\/wyniki\/powerball\/","og_site_name":"Lottomat","article_modified_time":"2026-03-29T20:24:35+00:00","og_image":[{"width":400,"height":400,"url":"https:\/\/lottomat.com\/wp-content\/uploads\/2025\/10\/jackpot-and-prizes.webp","type":"image\/webp"}],"twitter_card":"summary_large_image","twitter_misc":{"Szacowany czas czytania":"5 minut"},"schema":{"@context":"https:\/\/schema.org","@graph":[{"@type":"WebPage","@id":"https:\/\/lottomat.com\/pl\/wyniki\/powerball\/","url":"https:\/\/lottomat.com\/pl\/wyniki\/powerball\/","name":"Wyniki Powerball i Numery Zwyci\u0119skie - LottoMat Polska","isPartOf":{"@id":"https:\/\/lottomat.com\/pl\/#website"},"primaryImageOfPage":{"@id":"https:\/\/lottomat.com\/pl\/wyniki\/powerball\/#primaryimage"},"image":{"@id":"https:\/\/lottomat.com\/pl\/wyniki\/powerball\/#primaryimage"},"thumbnailUrl":"https:\/\/lottomat.com\/wp-content\/uploads\/2025\/10\/jackpot-and-prizes-300x300.webp","datePublished":"2025-04-07T19:23:03+00:00","dateModified":"2026-03-29T20:24:35+00:00","description":"Sprawd\u017a najnowsze wyniki Powerball i numery zwyci\u0119skie na LottoMat. Por\u00f3wnaj swoje liczby z oficjalnymi wynikami losowania, aby zobaczy\u0107, czy wygra\u0142e\u015b!","breadcrumb":{"@id":"https:\/\/lottomat.com\/pl\/wyniki\/powerball\/#breadcrumb"},"inLanguage":"pl-PL","potentialAction":[{"@type":"ReadAction","target":["https:\/\/lottomat.com\/pl\/wyniki\/powerball\/"]}]},{"@type":"ImageObject","inLanguage":"pl-PL","@id":"https:\/\/lottomat.com\/pl\/wyniki\/powerball\/#primaryimage","url":"https:\/\/lottomat.com\/wp-content\/uploads\/2025\/10\/jackpot-and-prizes-300x300.webp","contentUrl":"https:\/\/lottomat.com\/wp-content\/uploads\/2025\/10\/jackpot-and-prizes-300x300.webp"},{"@type":"BreadcrumbList","@id":"https:\/\/lottomat.com\/pl\/wyniki\/powerball\/#breadcrumb","itemListElement":[{"@type":"ListItem","position":1,"name":"Home","item":"https:\/\/lottomat.com\/pl\/"},{"@type":"ListItem","position":2,"name":"Najnowsze wyniki loterii i numery wygrywaj\u0105ce","item":"https:\/\/lottomat.com\/pl\/wyniki\/"},{"@type":"ListItem","position":3,"name":"Wyniki Powerball i Numery Zwyci\u0119skie"}]},{"@type":"WebSite","@id":"https:\/\/lottomat.com\/pl\/#website","url":"https:\/\/lottomat.com\/pl\/","name":"Lottomat","description":"","potentialAction":[{"@type":"SearchAction","target":{"@type":"EntryPoint","urlTemplate":"https:\/\/lottomat.com\/pl\/?s={search_term_string}"},"query-input":{"@type":"PropertyValueSpecification","valueRequired":true,"valueName":"search_term_string"}}],"inLanguage":"pl-PL"}]}},"_links":{"self":[{"href":"https:\/\/lottomat.com\/pl\/wp-json\/wp\/v2\/pages\/237747","targetHints":{"allow":["GET"]}}],"collection":[{"href":"https:\/\/lottomat.com\/pl\/wp-json\/wp\/v2\/pages"}],"about":[{"href":"https:\/\/lottomat.com\/pl\/wp-json\/wp\/v2\/types\/page"}],"author":[{"embeddable":true,"href":"https:\/\/lottomat.com\/pl\/wp-json\/wp\/v2\/users\/1"}],"replies":[{"embeddable":true,"href":"https:\/\/lottomat.com\/pl\/wp-json\/wp\/v2\/comments?post=237747"}],"version-history":[{"count":3,"href":"https:\/\/lottomat.com\/pl\/wp-json\/wp\/v2\/pages\/237747\/revisions"}],"predecessor-version":[{"id":276180,"href":"https:\/\/lottomat.com\/pl\/wp-json\/wp\/v2\/pages\/237747\/revisions\/276180"}],"up":[{"embeddable":true,"href":"https:\/\/lottomat.com\/pl\/wp-json\/wp\/v2\/pages\/7439"}],"wp:attachment":[{"href":"https:\/\/lottomat.com\/pl\/wp-json\/wp\/v2\/media?parent=237747"}],"curies":[{"name":"wp","href":"https:\/\/api.w.org\/{rel}","templated":true}]}}