{"id":235421,"date":"2025-04-07T12:13:53","date_gmt":"2025-04-07T12:13:53","guid":{"rendered":"https:\/\/lottomat.net\/informacje-o-loterii-euromillions\/"},"modified":"2026-03-29T20:38:04","modified_gmt":"2026-03-29T20:38:04","slug":"euromillions","status":"publish","type":"page","link":"https:\/\/lottomat.com\/pl\/loterie\/euromillions\/","title":{"rendered":"Nagrody, Zasady i Jackpot EuroMillions"},"content":{"rendered":"\n\n<div class=\"kk-star-ratings kksr-auto kksr-align-left kksr-valign-top\"\n    data-payload='{&quot;align&quot;:&quot;left&quot;,&quot;id&quot;:&quot;235421&quot;,&quot;slug&quot;:&quot;default&quot;,&quot;valign&quot;:&quot;top&quot;,&quot;ignore&quot;:&quot;&quot;,&quot;reference&quot;:&quot;auto&quot;,&quot;class&quot;:&quot;&quot;,&quot;count&quot;:&quot;0&quot;,&quot;legendonly&quot;:&quot;&quot;,&quot;readonly&quot;:&quot;&quot;,&quot;score&quot;:&quot;0&quot;,&quot;starsonly&quot;:&quot;&quot;,&quot;best&quot;:&quot;5&quot;,&quot;gap&quot;:&quot;5&quot;,&quot;greet&quot;:&quot;Rate this page&quot;,&quot;legend&quot;:&quot;0\\\/5 - (0 votes)&quot;,&quot;size&quot;:&quot;30&quot;,&quot;title&quot;:&quot;Nagrody, Zasady i Jackpot EuroMillions&quot;,&quot;width&quot;:&quot;0&quot;,&quot;_legend&quot;:&quot;{score}\\\/{best} - ({count} {votes})&quot;,&quot;font_factor&quot;:&quot;1.25&quot;}'>\n            \n<div class=\"kksr-stars\">\n    \n<div class=\"kksr-stars-inactive\">\n            <div class=\"kksr-star\" data-star=\"1\" style=\"padding-right: 5px\">\n            \n\n<div class=\"kksr-icon\" style=\"width: 30px; height: 30px;\"><\/div>\n        <\/div>\n            <div class=\"kksr-star\" data-star=\"2\" style=\"padding-right: 5px\">\n            \n\n<div class=\"kksr-icon\" style=\"width: 30px; height: 30px;\"><\/div>\n        <\/div>\n            <div class=\"kksr-star\" data-star=\"3\" style=\"padding-right: 5px\">\n            \n\n<div class=\"kksr-icon\" style=\"width: 30px; height: 30px;\"><\/div>\n        <\/div>\n            <div class=\"kksr-star\" data-star=\"4\" style=\"padding-right: 5px\">\n            \n\n<div class=\"kksr-icon\" style=\"width: 30px; height: 30px;\"><\/div>\n        <\/div>\n            <div class=\"kksr-star\" data-star=\"5\" style=\"padding-right: 5px\">\n            \n\n<div class=\"kksr-icon\" style=\"width: 30px; height: 30px;\"><\/div>\n        <\/div>\n    <\/div>\n    \n<div class=\"kksr-stars-active\" style=\"width: 0px;\">\n            <div class=\"kksr-star\" style=\"padding-right: 5px\">\n            \n\n<div class=\"kksr-icon\" style=\"width: 30px; height: 30px;\"><\/div>\n        <\/div>\n            <div class=\"kksr-star\" style=\"padding-right: 5px\">\n            \n\n<div class=\"kksr-icon\" style=\"width: 30px; height: 30px;\"><\/div>\n        <\/div>\n            <div class=\"kksr-star\" style=\"padding-right: 5px\">\n            \n\n<div class=\"kksr-icon\" style=\"width: 30px; height: 30px;\"><\/div>\n        <\/div>\n            <div class=\"kksr-star\" style=\"padding-right: 5px\">\n            \n\n<div class=\"kksr-icon\" style=\"width: 30px; height: 30px;\"><\/div>\n        <\/div>\n            <div class=\"kksr-star\" style=\"padding-right: 5px\">\n            \n\n<div class=\"kksr-icon\" style=\"width: 30px; height: 30px;\"><\/div>\n        <\/div>\n    <\/div>\n<\/div>\n                \n\n<div class=\"kksr-legend\" style=\"font-size: 24px;\">\n            <span class=\"kksr-muted\">Rate this page<\/span>\n    <\/div>\n    <\/div>\n<p>Loteria EuroMillions przyci\u0105ga miliony graczy w ca\u0142ej Europie dzi\u0119ki swoim zmieniaj\u0105cym \u017cycie jackpotom i ekscytuj\u0105cej rozgrywce. Zrozumienie zasad EuroMillions jest niezb\u0119dne dla ka\u017cdego, kto chce wzi\u0105\u0107 udzia\u0142 w tej emocjonuj\u0105cej loterii. Od <strong>imponuj\u0105cej struktury nagr\u00f3d EuroMillions<\/strong> po ogromny jackpot EuroMillions, kt\u00f3ry regularnie osi\u0105ga astronomiczne kwoty, ta loteria oferuje mo\u017cliwo\u015bci, z kt\u00f3rymi niewiele innych gier mo\u017ce si\u0119 r\u00f3wna\u0107. Niezale\u017cnie od tego, czy jeste\u015b do\u015bwiadczonym graczem, czy dopiero rozwa\u017casz zakup swojego pierwszego losu, znajomo\u015b\u0107 <strong>tego, jak dzia\u0142a EuroMillions<\/strong> zwi\u0119kszy Twoj\u0105 przyjemno\u015b\u0107 z gry i pomo\u017ce podejmowa\u0107 \u015bwiadome decyzje.<\/p>\n<h2><img loading=\"lazy\" decoding=\"async\" class=\"alignleft wp-image-253774\" src=\"https:\/\/lottomat.com\/wp-content\/uploads\/2025\/10\/Euro-Lotto-prizes-300x300.webp\" alt=\"Nagrody Euro Lotto\" width=\"200\" height=\"200\" srcset=\"https:\/\/lottomat.com\/wp-content\/uploads\/2025\/10\/Euro-Lotto-prizes-300x300.webp 300w, https:\/\/lottomat.com\/wp-content\/uploads\/2025\/10\/Euro-Lotto-prizes-150x150.webp 150w, https:\/\/lottomat.com\/wp-content\/uploads\/2025\/10\/Euro-Lotto-prizes-100x100.webp 100w, https:\/\/lottomat.com\/wp-content\/uploads\/2025\/10\/Euro-Lotto-prizes.webp 400w\" sizes=\"auto, (max-width: 200px) 100vw, 200px\" \/>Czym jest loteria EuroMillions?<\/h2>\n<p>EuroMillions online to jedna z najpopularniejszych i najbardziej rozpoznawalnych loterii w Europie. Istnieje od 2004 roku i cieszy si\u0119 nieprzerwan\u0105 popularno\u015bci\u0105 w\u015br\u00f3d graczy. EuroMillions zosta\u0142o stworzone przez trzy znane firmy hazardowe: Fran\u00e7aise des Jeux \u2013 operatora francuskiej loterii; hiszpa\u0144sk\u0105 loteri\u0119 narodow\u0105 Loter\u00edas y Apuestas del Estado; oraz brytyjsk\u0105 firm\u0119 Camelot. Pocz\u0105tkowo punkty sprzeda\u017cy oferowa\u0142y losy EuroMillions tylko we Francji, Hiszpanii i Wielkiej Brytanii.<\/p>\n<p>Obecnie gracze mog\u0105 kupowa\u0107 losy na loteri\u0119 EuroMillions na te losowania w wielu innych krajach europejskich. Nale\u017c\u0105 do nich Austria, Belgia, Francja, Irlandia, Liechtenstein, Luksemburg, Monako, Portugalia, Hiszpania, Szwajcaria, Wielka Brytania oraz Wyspa Man. Je\u015bli nie znajdujesz si\u0119 obecnie w \u017cadnym z tych kraj\u00f3w \u2013 nie martw si\u0119. Nie musisz podr\u00f3\u017cowa\u0107 do Londynu ani Pary\u017ca tylko po to. Mo\u017cesz <a href=\"https:\/\/lottomat.com\/pl\/graj\/euromillions\/\">zagra\u0107 w loteri\u0119 EuroMillions online<\/a>.<\/p>\n<p>Wystarczy, \u017ce odwiedzisz nasz\u0105 stron\u0119 internetow\u0105 \u2013 Lottomat. Tutaj mo\u017cesz \u0142atwo i bez ogranicze\u0144 gra\u0107 w loteri\u0119 online. Jest to szybsze, ta\u0144sze i wygodniejsze. Strona dzia\u0142a 24 godziny na dob\u0119, siedem dni w tygodniu. <strong>Losowania EuroMillions odbywaj\u0105 si\u0119 w Pary\u017cu w ka\u017cdy wtorek i pi\u0105tek o 20:45 czasu lokalnego.<\/strong> Strona Lottomat publikuje <a href=\"https:\/\/lottomat.com\/pl\/wyniki\/euromillions\/\">oficjalne wyniki losowa\u0144 EuroMillions<\/a> natychmiast po ich og\u0142oszeniu przez organizator\u00f3w. Nie musisz d\u0142ugo czeka\u0107. S\u0105 to oficjalne wyniki, kt\u00f3re otrzymujemy bezpo\u015brednio od operatora loterii EuroMillions. Mo\u017cesz sprawdzi\u0107 wszystkie szczeg\u00f3\u0142y dotycz\u0105ce nagr\u00f3d i jackpotu EuroMillions zaraz po losowaniu!<\/p>\n<h2>Jakie s\u0105 zasady gry w loteri\u0119 EuroMillions?<\/h2>\n<p>EuroMillions online oferuje a\u017c 13 poziom\u00f3w nagr\u00f3d. Zasady tej loterii Euro Lotto s\u0105 niezwykle proste. Gracze wybieraj\u0105 5 g\u0142\u00f3wnych liczb z puli 50 oraz 2 Gwiazdy Szcz\u0119\u015bcia z puli 12 liczb. <strong>Aby wygra\u0107 g\u0142\u00f3wn\u0105 nagrod\u0119, nale\u017cy poprawnie trafi\u0107 wszystkie 7 wylosowanych liczb.<\/strong> Mniejsza liczba trafie\u0144 oznacza ni\u017cszy poziom nagrody. Mimo to gracze nadal wygrywaj\u0105 pieni\u0105dze na ka\u017cdym poziomie.<\/p>\n<p>G\u0142\u00f3wna nagroda, znana jako <strong>jackpot EuroMillions<\/strong>, pochodzi z po\u0142owy ca\u0142kowitej puli nagr\u00f3d. Je\u015bli nikt nie trafi wszystkich siedmiu szcz\u0119\u015bliwych liczb w danym losowaniu, g\u0142\u00f3wna nagroda przechodzi na kolejne losowanie. Taki kumulowany jackpot ro\u015bnie, a\u017c kto\u015b go wygra. Dzi\u0119ki temu mo\u017ce osi\u0105gn\u0105\u0107 naprawd\u0119 astronomiczne kwoty, jednak nie wi\u0119cej ni\u017c 250 000 000 euro.<\/p>\n<p>Je\u015bli kumulacja przekroczy ten limit, organizatorzy wykorzystuj\u0105 nadwy\u017ck\u0119 \u015brodk\u00f3w, aby zwi\u0119kszy\u0107 nagrody EuroMillions na ni\u017cszych poziomach. Oznacza to, \u017ce gdy jackpot osi\u0105ga 250 milion\u00f3w euro i nadal ro\u015bnie, nadmiarowa kwota jest rozdzielana mi\u0119dzy zwyci\u0119zc\u00f3w ni\u017cszych kategorii. To sprawia, \u017ce okres kumulacji jest najlepszym momentem na gr\u0119. W loterii EuroMillions istnieje tak\u017ce dodatkowa opcja o nazwie EuroMillions Plus. Jednak jest ona dost\u0119pna wy\u0142\u0105cznie dla graczy w Irlandii i kosztuje dodatkowo 1 euro za lini\u0119.<\/p>\n<h2>Czym jest EuroMillions Superdraw?<strong><img loading=\"lazy\" decoding=\"async\" class=\"alignright wp-image-253805\" src=\"https:\/\/lottomat.com\/wp-content\/uploads\/2025\/10\/Euro-Lotto-rules-300x300.webp\" alt=\"Zasady Euro Lotto\" width=\"200\" height=\"200\" srcset=\"https:\/\/lottomat.com\/wp-content\/uploads\/2025\/10\/Euro-Lotto-rules-300x300.webp 300w, https:\/\/lottomat.com\/wp-content\/uploads\/2025\/10\/Euro-Lotto-rules-150x150.webp 150w, https:\/\/lottomat.com\/wp-content\/uploads\/2025\/10\/Euro-Lotto-rules-100x100.webp 100w, https:\/\/lottomat.com\/wp-content\/uploads\/2025\/10\/Euro-Lotto-rules.webp 400w\" sizes=\"auto, (max-width: 200px) 100vw, 200px\" \/><\/strong><\/h2>\n<p><strong>EuroMillions Superdraw<\/strong> to specjalne wydarzenie promocyjne, kt\u00f3re gwarantuje wyj\u0105tkowo wysoki jackpot. Zwykle zaczyna si\u0119 on od 100 milion\u00f3w euro lub wi\u0119cej. Organizatorzy loterii planuj\u0105 te specjalne losowania kilka razy w roku i og\u0142aszaj\u0105 je z wyprzedzeniem. W przeciwie\u0144stwie do standardowych losowa\u0144, gdzie jackpot ro\u015bnie dzi\u0119ki kumulacjom, Superdraw oferuje podwy\u017cszony jackpot startowy niezale\u017cnie od wynik\u00f3w poprzedniego losowania. Emocje wok\u00f3\u0142 tych wydarze\u0144 przyci\u0105gaj\u0105 jeszcze wi\u0119cej graczy ni\u017c zwykle, tworz\u0105c prawdziw\u0105 \u201egor\u0105czk\u0119 loteryjn\u0105\u201d we wszystkich krajach uczestnicz\u0105cych. Je\u015bli nikt nie wygra jackpotu Superdraw, przechodzi on na kolejne losowania i mo\u017ce osi\u0105gn\u0105\u0107 limit 250 milion\u00f3w euro jeszcze szybciej ni\u017c w przypadku standardowych losowa\u0144.<\/p>\n<h2>Jakie s\u0105 szanse na wygran\u0105 w EuroMillions?<\/h2>\n<p>Ocena ryzyka w EuroMillions wymaga zrozumienia prawdopodobie\u0144stw we wszystkich kategoriach nagr\u00f3d. Szansa na wygran\u0105 g\u0142\u00f3wnego jackpotu wynosi 1 do 139 838 160. Na pierwszy rzut oka mo\u017ce to wydawa\u0107 si\u0119 zniech\u0119caj\u0105ce, szczeg\u00f3lnie dla nowych graczy. Jednak do\u015bwiadczeni gracze wiedz\u0105, \u017ce wysokie ryzyko mo\u017ce przynie\u015b\u0107 du\u017ce zyski. Rozumiej\u0105, \u017ce bez ryzyka nie ma emocji.<\/p>\n<p>Fakt, \u017ce szanse wynosz\u0105 oko\u0142o 1 do 140 milion\u00f3w, nie zniech\u0119ca graczy z ca\u0142ego \u015bwiata. Mo\u017cna wr\u0119cz powiedzie\u0107, \u017ce dzia\u0142a to odwrotnie. Przyci\u0105ga osoby, kt\u00f3re licz\u0105 na wygran\u0105 zmieniaj\u0105c\u0105 \u017cycie. Dla nich wysokie ryzyko tylko podnosi emocje i sprawia, \u017ce gra jest bardziej intensywna. Wspomnieli\u015bmy ju\u017c, \u017ce EuroMillions oferuje 13 poziom\u00f3w nagr\u00f3d. <strong>W przypadku drugiego poziomu nagr\u00f3d szanse s\u0105 znacznie bardziej realistyczne \u2013 wynosz\u0105 oko\u0142o 1 do 6,9 miliona.<\/strong><\/p>\n<p><strong>Og\u00f3lne szanse na wygran\u0105 jakiejkolwiek nagrody w EuroMillions wynosz\u0105 1 do 13<\/strong>. Oznacza to, \u017ce mniej wi\u0119cej jeden na ka\u017cde 13 los\u00f3w wygrywa co\u015b. Ta statystyka wygl\u0105da bardzo zach\u0119caj\u0105co. Pokazuje, \u017ce cho\u0107 jackpot jest trudny do wygrania, gracze regularnie zdobywaj\u0105 mniejsze nagrody EuroMillions. Prawda jest taka, \u017ce ka\u017cdy ma szans\u0119 wygra\u0107 w loterii. Dlatego warto spr\u00f3bowa\u0107 swoich si\u0142!<\/p>\n<h2><img loading=\"lazy\" decoding=\"async\" class=\"alignleft wp-image-253836\" src=\"https:\/\/lottomat.com\/wp-content\/uploads\/2025\/10\/EuroMillions-jackpot-300x300.webp\" alt=\"Jackpot EuroMillions\" width=\"200\" height=\"200\" srcset=\"https:\/\/lottomat.com\/wp-content\/uploads\/2025\/10\/EuroMillions-jackpot-300x300.webp 300w, https:\/\/lottomat.com\/wp-content\/uploads\/2025\/10\/EuroMillions-jackpot-150x150.webp 150w, https:\/\/lottomat.com\/wp-content\/uploads\/2025\/10\/EuroMillions-jackpot-100x100.webp 100w, https:\/\/lottomat.com\/wp-content\/uploads\/2025\/10\/EuroMillions-jackpot.webp 400w\" sizes=\"auto, (max-width: 200px) 100vw, 200px\" \/>Ile wynosz\u0105 nagrody EuroMillions?<\/h2>\n<p>Minimalna gwarantowana wygrana w jackpotcie wynosi 17 milion\u00f3w euro. Jest to najni\u017csza gwarantowana g\u0142\u00f3wna nagroda w standardowym losowaniu. Jednak \u015brednie wygrane jackpotowe s\u0105 zazwyczaj znacznie wy\u017csze dzi\u0119ki kumulacjom. G\u0142\u00f3wna nagroda zawsze pochodzi z po\u0142owy ca\u0142kowitej puli nagr\u00f3d.<\/p>\n<p>Gdy sprzeda\u017c los\u00f3w jest szczeg\u00f3lnie wysoka i przekracza okre\u015blone progi lub gdy jackpot osi\u0105ga limit 250 milion\u00f3w euro, organizatorzy rozdzielaj\u0105 nadwy\u017ck\u0119 \u015brodk\u00f3w. Zwi\u0119kszaj\u0105 one wysoko\u015b\u0107 nagr\u00f3d w ni\u017cszych 12 kategoriach. Taka struktura nagr\u00f3d sprawia, \u017ce wi\u0119cej graczy korzysta, gdy jackpot jest szczeg\u00f3lnie wysoki. <strong>Patrz\u0105c na wszystkie poziomy nagr\u00f3d \u0142\u0105cznie, oko\u0142o 1 na 13 zg\u0142oszonych los\u00f3w wygrywa nagrod\u0119. To naprawd\u0119 wygl\u0105da bardzo zach\u0119caj\u0105co.<\/strong><\/p>\n<p>Wysoko\u015b\u0107 nagr\u00f3d w ni\u017cszych kategoriach zale\u017cy od sprzeda\u017cy los\u00f3w oraz liczby zwyci\u0119zc\u00f3w w ka\u017cdej kategorii. Nagrody EuroMillions mog\u0105 wynosi\u0107 od kilku euro za trafienie dw\u00f3ch g\u0142\u00f3wnych liczb a\u017c po setki tysi\u0119cy lub nawet miliony euro za trafienie pi\u0119ciu g\u0142\u00f3wnych liczb i jednej Gwiazdy Szcz\u0119\u015bcia. Elastyczna struktura nagr\u00f3d sprawia, \u017ce EuroMillions pozostaje ekscytuj\u0105ce na ka\u017cdym poziomie wygranej.<\/p>\n<h2>Jak dzia\u0142a kumulacja EuroMillions?<\/h2>\n<p>Jak wspomnieli\u015bmy wcze\u015bniej, EuroMillions posiada okre\u015blony maksymalny limit kumulacji. Nie oznacza to jednak, \u017ce potencjalne wygrane s\u0105 ma\u0142e. Maksymalna kwota, jak\u0105 mo\u017ce osi\u0105gn\u0105\u0107 jackpot, wynosi 250 milion\u00f3w euro. To maj\u0105tek, kt\u00f3ry mo\u017ce ca\u0142kowicie odmieni\u0107 \u017cycie zwyci\u0119zc\u00f3w i pozwoli\u0107 im spe\u0142ni\u0107 niemal wszystkie marzenia.<\/p>\n<p>Gdy jackpot osi\u0105gnie ten limit, mo\u017ce pozosta\u0107 na poziomie 250 milion\u00f3w euro przez maksymalnie pi\u0119\u0107 kolejnych losowa\u0144. Je\u015bli po tych pi\u0119ciu losowaniach nikt nie wygra g\u0142\u00f3wnej nagrody, ca\u0142a kwota jackpotu zostaje przeniesiona do kolejnej kategorii, w kt\u00f3rej s\u0105 zwyci\u0119zcy. Gwarantuje to, \u017ce organizatorzy ostatecznie wyp\u0142ac\u0105 ca\u0142\u0105 ogromn\u0105 pul\u0119 nagr\u00f3d. Tworzy to tak\u017ce dodatkowe emocje wraz z wyd\u0142u\u017caniem si\u0119 okresu kumulacji. <strong>To w\u0142a\u015bnie kumulacje sprawiaj\u0105, \u017ce EuroMillions jest tak ekscytuj\u0105ce. Jackpot mo\u017ce wzrosn\u0105\u0107 z minimalnych 17 milion\u00f3w euro do maksymalnych 250 milion\u00f3w euro w ci\u0105gu kilku tygodni.<\/strong><\/p>\n","protected":false},"excerpt":{"rendered":"<p>Loteria EuroMillions przyci\u0105ga miliony graczy w ca\u0142ej Europie dzi\u0119ki swoim zmieniaj\u0105cym \u017cycie jackpotom i ekscytuj\u0105cej rozgrywce. Zrozumienie zasad EuroMillions jest niezb\u0119dne dla ka\u017cdego, kto chce wzi\u0105\u0107 udzia\u0142 w tej emocjonuj\u0105cej loterii. Od imponuj\u0105cej struktury nagr\u00f3d EuroMillions po ogromny jackpot EuroMillions, kt\u00f3ry regularnie osi\u0105ga astronomiczne kwoty, ta loteria oferuje mo\u017cliwo\u015bci, z kt\u00f3rymi niewiele innych gier mo\u017ce [&hellip;]<\/p>\n","protected":false},"author":1,"featured_media":0,"parent":6897,"menu_order":3,"comment_status":"closed","ping_status":"closed","template":"euromillions-info.php","meta":{"_et_pb_use_builder":"","_et_pb_old_content":"","_et_gb_content_width":"","exclude_from_search":false,"footnotes":""},"class_list":["post-235421","page","type-page","status-publish","hentry"],"yoast_head":"<!-- This site is optimized with the Yoast SEO plugin v23.8 - https:\/\/yoast.com\/wordpress\/plugins\/seo\/ -->\n<title>Nagrody, zasady i jackpot w loterii EuroMillions [5\/50 + 2\/12] - LottoMat<\/title>\n<meta name=\"description\" content=\"Sprawd\u017a nagrody EuroMillions. Na stronie LottoMat znajdziesz wszystko, co musisz wiedzie\u0107 o europejskiej loterii EuroMillions online.\" \/>\n<meta name=\"robots\" content=\"index, follow, max-snippet:-1, max-image-preview:large, max-video-preview:-1\" \/>\n<link rel=\"canonical\" href=\"https:\/\/lottomat.com\/pl\/loterie\/euromillions\/\" \/>\n<meta property=\"og:locale\" content=\"pl_PL\" \/>\n<meta property=\"og:type\" content=\"article\" \/>\n<meta property=\"og:title\" content=\"Nagrody, zasady i jackpot w loterii EuroMillions [5\/50 + 2\/12] - LottoMat\" \/>\n<meta property=\"og:description\" content=\"Sprawd\u017a nagrody EuroMillions. Na stronie LottoMat znajdziesz wszystko, co musisz wiedzie\u0107 o europejskiej loterii EuroMillions online.\" \/>\n<meta property=\"og:url\" content=\"https:\/\/lottomat.com\/pl\/loterie\/euromillions\/\" \/>\n<meta property=\"og:site_name\" content=\"Lottomat\" \/>\n<meta property=\"article:modified_time\" content=\"2026-03-29T20:38:04+00:00\" \/>\n<meta property=\"og:image\" content=\"https:\/\/lottomat.com\/wp-content\/uploads\/2025\/10\/Euro-Lotto-prizes.webp\" \/>\n\t<meta property=\"og:image:width\" content=\"400\" \/>\n\t<meta property=\"og:image:height\" content=\"400\" \/>\n\t<meta property=\"og:image:type\" content=\"image\/webp\" \/>\n<meta name=\"twitter:card\" content=\"summary_large_image\" \/>\n<meta name=\"twitter:label1\" content=\"Szacowany czas czytania\" \/>\n\t<meta name=\"twitter:data1\" content=\"6 minut\" \/>\n<script type=\"application\/ld+json\" class=\"yoast-schema-graph\">{\"@context\":\"https:\/\/schema.org\",\"@graph\":[{\"@type\":\"WebPage\",\"@id\":\"https:\/\/lottomat.com\/pl\/loterie\/euromillions\/\",\"url\":\"https:\/\/lottomat.com\/pl\/loterie\/euromillions\/\",\"name\":\"Nagrody, zasady i jackpot w loterii EuroMillions [5\/50 + 2\/12] - LottoMat\",\"isPartOf\":{\"@id\":\"https:\/\/lottomat.com\/pl\/#website\"},\"primaryImageOfPage\":{\"@id\":\"https:\/\/lottomat.com\/pl\/loterie\/euromillions\/#primaryimage\"},\"image\":{\"@id\":\"https:\/\/lottomat.com\/pl\/loterie\/euromillions\/#primaryimage\"},\"thumbnailUrl\":\"https:\/\/lottomat.com\/wp-content\/uploads\/2025\/10\/Euro-Lotto-prizes-300x300.webp\",\"datePublished\":\"2025-04-07T12:13:53+00:00\",\"dateModified\":\"2026-03-29T20:38:04+00:00\",\"description\":\"Sprawd\u017a nagrody EuroMillions. Na stronie LottoMat znajdziesz wszystko, co musisz wiedzie\u0107 o europejskiej loterii EuroMillions online.\",\"breadcrumb\":{\"@id\":\"https:\/\/lottomat.com\/pl\/loterie\/euromillions\/#breadcrumb\"},\"inLanguage\":\"pl-PL\",\"potentialAction\":[{\"@type\":\"ReadAction\",\"target\":[\"https:\/\/lottomat.com\/pl\/loterie\/euromillions\/\"]}]},{\"@type\":\"ImageObject\",\"inLanguage\":\"pl-PL\",\"@id\":\"https:\/\/lottomat.com\/pl\/loterie\/euromillions\/#primaryimage\",\"url\":\"https:\/\/lottomat.com\/wp-content\/uploads\/2025\/10\/Euro-Lotto-prizes-300x300.webp\",\"contentUrl\":\"https:\/\/lottomat.com\/wp-content\/uploads\/2025\/10\/Euro-Lotto-prizes-300x300.webp\"},{\"@type\":\"BreadcrumbList\",\"@id\":\"https:\/\/lottomat.com\/pl\/loterie\/euromillions\/#breadcrumb\",\"itemListElement\":[{\"@type\":\"ListItem\",\"position\":1,\"name\":\"Home\",\"item\":\"https:\/\/lottomat.com\/pl\/\"},{\"@type\":\"ListItem\",\"position\":2,\"name\":\"Zasady loterii: Nagrody, Jackpot i Szanse\",\"item\":\"https:\/\/lottomat.com\/pl\/loterie\/\"},{\"@type\":\"ListItem\",\"position\":3,\"name\":\"Nagrody, Zasady i Jackpot EuroMillions\"}]},{\"@type\":\"WebSite\",\"@id\":\"https:\/\/lottomat.com\/pl\/#website\",\"url\":\"https:\/\/lottomat.com\/pl\/\",\"name\":\"Lottomat\",\"description\":\"\",\"potentialAction\":[{\"@type\":\"SearchAction\",\"target\":{\"@type\":\"EntryPoint\",\"urlTemplate\":\"https:\/\/lottomat.com\/pl\/?s={search_term_string}\"},\"query-input\":{\"@type\":\"PropertyValueSpecification\",\"valueRequired\":true,\"valueName\":\"search_term_string\"}}],\"inLanguage\":\"pl-PL\"}]}<\/script>\n<!-- \/ Yoast SEO plugin. -->","yoast_head_json":{"title":"Nagrody, zasady i jackpot w loterii EuroMillions [5\/50 + 2\/12] - LottoMat","description":"Sprawd\u017a nagrody EuroMillions. Na stronie LottoMat znajdziesz wszystko, co musisz wiedzie\u0107 o europejskiej loterii EuroMillions online.","robots":{"index":"index","follow":"follow","max-snippet":"max-snippet:-1","max-image-preview":"max-image-preview:large","max-video-preview":"max-video-preview:-1"},"canonical":"https:\/\/lottomat.com\/pl\/loterie\/euromillions\/","og_locale":"pl_PL","og_type":"article","og_title":"Nagrody, zasady i jackpot w loterii EuroMillions [5\/50 + 2\/12] - LottoMat","og_description":"Sprawd\u017a nagrody EuroMillions. Na stronie LottoMat znajdziesz wszystko, co musisz wiedzie\u0107 o europejskiej loterii EuroMillions online.","og_url":"https:\/\/lottomat.com\/pl\/loterie\/euromillions\/","og_site_name":"Lottomat","article_modified_time":"2026-03-29T20:38:04+00:00","og_image":[{"width":400,"height":400,"url":"https:\/\/lottomat.com\/wp-content\/uploads\/2025\/10\/Euro-Lotto-prizes.webp","type":"image\/webp"}],"twitter_card":"summary_large_image","twitter_misc":{"Szacowany czas czytania":"6 minut"},"schema":{"@context":"https:\/\/schema.org","@graph":[{"@type":"WebPage","@id":"https:\/\/lottomat.com\/pl\/loterie\/euromillions\/","url":"https:\/\/lottomat.com\/pl\/loterie\/euromillions\/","name":"Nagrody, zasady i jackpot w loterii EuroMillions [5\/50 + 2\/12] - LottoMat","isPartOf":{"@id":"https:\/\/lottomat.com\/pl\/#website"},"primaryImageOfPage":{"@id":"https:\/\/lottomat.com\/pl\/loterie\/euromillions\/#primaryimage"},"image":{"@id":"https:\/\/lottomat.com\/pl\/loterie\/euromillions\/#primaryimage"},"thumbnailUrl":"https:\/\/lottomat.com\/wp-content\/uploads\/2025\/10\/Euro-Lotto-prizes-300x300.webp","datePublished":"2025-04-07T12:13:53+00:00","dateModified":"2026-03-29T20:38:04+00:00","description":"Sprawd\u017a nagrody EuroMillions. Na stronie LottoMat znajdziesz wszystko, co musisz wiedzie\u0107 o europejskiej loterii EuroMillions online.","breadcrumb":{"@id":"https:\/\/lottomat.com\/pl\/loterie\/euromillions\/#breadcrumb"},"inLanguage":"pl-PL","potentialAction":[{"@type":"ReadAction","target":["https:\/\/lottomat.com\/pl\/loterie\/euromillions\/"]}]},{"@type":"ImageObject","inLanguage":"pl-PL","@id":"https:\/\/lottomat.com\/pl\/loterie\/euromillions\/#primaryimage","url":"https:\/\/lottomat.com\/wp-content\/uploads\/2025\/10\/Euro-Lotto-prizes-300x300.webp","contentUrl":"https:\/\/lottomat.com\/wp-content\/uploads\/2025\/10\/Euro-Lotto-prizes-300x300.webp"},{"@type":"BreadcrumbList","@id":"https:\/\/lottomat.com\/pl\/loterie\/euromillions\/#breadcrumb","itemListElement":[{"@type":"ListItem","position":1,"name":"Home","item":"https:\/\/lottomat.com\/pl\/"},{"@type":"ListItem","position":2,"name":"Zasady loterii: Nagrody, Jackpot i Szanse","item":"https:\/\/lottomat.com\/pl\/loterie\/"},{"@type":"ListItem","position":3,"name":"Nagrody, Zasady i Jackpot EuroMillions"}]},{"@type":"WebSite","@id":"https:\/\/lottomat.com\/pl\/#website","url":"https:\/\/lottomat.com\/pl\/","name":"Lottomat","description":"","potentialAction":[{"@type":"SearchAction","target":{"@type":"EntryPoint","urlTemplate":"https:\/\/lottomat.com\/pl\/?s={search_term_string}"},"query-input":{"@type":"PropertyValueSpecification","valueRequired":true,"valueName":"search_term_string"}}],"inLanguage":"pl-PL"}]}},"_links":{"self":[{"href":"https:\/\/lottomat.com\/pl\/wp-json\/wp\/v2\/pages\/235421","targetHints":{"allow":["GET"]}}],"collection":[{"href":"https:\/\/lottomat.com\/pl\/wp-json\/wp\/v2\/pages"}],"about":[{"href":"https:\/\/lottomat.com\/pl\/wp-json\/wp\/v2\/types\/page"}],"author":[{"embeddable":true,"href":"https:\/\/lottomat.com\/pl\/wp-json\/wp\/v2\/users\/1"}],"replies":[{"embeddable":true,"href":"https:\/\/lottomat.com\/pl\/wp-json\/wp\/v2\/comments?post=235421"}],"version-history":[{"count":3,"href":"https:\/\/lottomat.com\/pl\/wp-json\/wp\/v2\/pages\/235421\/revisions"}],"predecessor-version":[{"id":276187,"href":"https:\/\/lottomat.com\/pl\/wp-json\/wp\/v2\/pages\/235421\/revisions\/276187"}],"up":[{"embeddable":true,"href":"https:\/\/lottomat.com\/pl\/wp-json\/wp\/v2\/pages\/6897"}],"wp:attachment":[{"href":"https:\/\/lottomat.com\/pl\/wp-json\/wp\/v2\/media?parent=235421"}],"curies":[{"name":"wp","href":"https:\/\/api.w.org\/{rel}","templated":true}]}}