{"id":232633,"date":"2025-03-27T10:35:32","date_gmt":"2025-03-27T10:35:32","guid":{"rendered":"https:\/\/lottomat.net\/wyniki-lotto\/wyniki-eurojackpot\/"},"modified":"2025-12-21T16:42:45","modified_gmt":"2025-12-21T16:42:45","slug":"eurojackpot","status":"publish","type":"page","link":"https:\/\/lottomat.com\/pl\/wyniki\/eurojackpot\/","title":{"rendered":"Wyniki Eurojackpot i Numery Wygrywaj\u0105ce"},"content":{"rendered":"\n\n<div class=\"kk-star-ratings kksr-auto kksr-align-left kksr-valign-top\"\n    data-payload='{&quot;align&quot;:&quot;left&quot;,&quot;id&quot;:&quot;232633&quot;,&quot;slug&quot;:&quot;default&quot;,&quot;valign&quot;:&quot;top&quot;,&quot;ignore&quot;:&quot;&quot;,&quot;reference&quot;:&quot;auto&quot;,&quot;class&quot;:&quot;&quot;,&quot;count&quot;:&quot;0&quot;,&quot;legendonly&quot;:&quot;&quot;,&quot;readonly&quot;:&quot;&quot;,&quot;score&quot;:&quot;0&quot;,&quot;starsonly&quot;:&quot;&quot;,&quot;best&quot;:&quot;5&quot;,&quot;gap&quot;:&quot;5&quot;,&quot;greet&quot;:&quot;Rate this page&quot;,&quot;legend&quot;:&quot;0\\\/5 - (0 votes)&quot;,&quot;size&quot;:&quot;30&quot;,&quot;title&quot;:&quot;Wyniki Eurojackpot i Numery Wygrywaj\u0105ce&quot;,&quot;width&quot;:&quot;0&quot;,&quot;_legend&quot;:&quot;{score}\\\/{best} - ({count} {votes})&quot;,&quot;font_factor&quot;:&quot;1.25&quot;}'>\n            \n<div class=\"kksr-stars\">\n    \n<div class=\"kksr-stars-inactive\">\n            <div class=\"kksr-star\" data-star=\"1\" style=\"padding-right: 5px\">\n            \n\n<div class=\"kksr-icon\" style=\"width: 30px; height: 30px;\"><\/div>\n        <\/div>\n            <div class=\"kksr-star\" data-star=\"2\" style=\"padding-right: 5px\">\n            \n\n<div class=\"kksr-icon\" style=\"width: 30px; height: 30px;\"><\/div>\n        <\/div>\n            <div class=\"kksr-star\" data-star=\"3\" style=\"padding-right: 5px\">\n            \n\n<div class=\"kksr-icon\" style=\"width: 30px; height: 30px;\"><\/div>\n        <\/div>\n            <div class=\"kksr-star\" data-star=\"4\" style=\"padding-right: 5px\">\n            \n\n<div class=\"kksr-icon\" style=\"width: 30px; height: 30px;\"><\/div>\n        <\/div>\n            <div class=\"kksr-star\" data-star=\"5\" style=\"padding-right: 5px\">\n            \n\n<div class=\"kksr-icon\" style=\"width: 30px; height: 30px;\"><\/div>\n        <\/div>\n    <\/div>\n    \n<div class=\"kksr-stars-active\" style=\"width: 0px;\">\n            <div class=\"kksr-star\" style=\"padding-right: 5px\">\n            \n\n<div class=\"kksr-icon\" style=\"width: 30px; height: 30px;\"><\/div>\n        <\/div>\n            <div class=\"kksr-star\" style=\"padding-right: 5px\">\n            \n\n<div class=\"kksr-icon\" style=\"width: 30px; height: 30px;\"><\/div>\n        <\/div>\n            <div class=\"kksr-star\" style=\"padding-right: 5px\">\n            \n\n<div class=\"kksr-icon\" style=\"width: 30px; height: 30px;\"><\/div>\n        <\/div>\n            <div class=\"kksr-star\" style=\"padding-right: 5px\">\n            \n\n<div class=\"kksr-icon\" style=\"width: 30px; height: 30px;\"><\/div>\n        <\/div>\n            <div class=\"kksr-star\" style=\"padding-right: 5px\">\n            \n\n<div class=\"kksr-icon\" style=\"width: 30px; height: 30px;\"><\/div>\n        <\/div>\n    <\/div>\n<\/div>\n                \n\n<div class=\"kksr-legend\" style=\"font-size: 24px;\">\n            <span class=\"kksr-muted\">Rate this page<\/span>\n    <\/div>\n    <\/div>\n<p>Czy kupi\u0142e\u015b losy\u00a0 Eurojackpot i zastanawiasz si\u0119, czy wygra\u0142e\u015b? Dop\u00f3ki nie poznasz wylosowanych liczb, wszystko jest mo\u017cliwe, a <a href=\"https:\/\/lottomat.com\/pl\/wyniki-losowan\/\">wyniki loterii mo\u017cesz sprawdzi\u0107 na tej stronie<\/a>. Publikujemy je b\u0142yskawicznie zaraz po otrzymaniu informacji ze strony organizatora Eurojackpot, dzi\u0119ki czemu masz gwarancj\u0119, \u017ce s\u0105 one wiarygodnie potwierdzone i w 100% prawdziwe. Przeanalizuj wyniki oraz numery wygrywaj\u0105ce Eurojackpot ju\u017c teraz!<\/p>\n<h2>Jak sprawdzi\u0107 dzisiejsze wyniki Eurojackpot?<img loading=\"lazy\" decoding=\"async\" class=\"alignright wp-image-257716\" src=\"https:\/\/lottomat.com\/wp-content\/uploads\/2025\/11\/Eurojackpot-online-1.webp\" alt=\"Eurojackpot online\" width=\"200\" height=\"200\" srcset=\"https:\/\/lottomat.com\/wp-content\/uploads\/2025\/11\/Eurojackpot-online-1.webp 400w, https:\/\/lottomat.com\/wp-content\/uploads\/2025\/11\/Eurojackpot-online-1-300x300.webp 300w, https:\/\/lottomat.com\/wp-content\/uploads\/2025\/11\/Eurojackpot-online-1-150x150.webp 150w, https:\/\/lottomat.com\/wp-content\/uploads\/2025\/11\/Eurojackpot-online-1-100x100.webp 100w\" sizes=\"auto, (max-width: 200px) 100vw, 200px\" \/><\/h2>\n<p>Najprostszym sposobem na sprawdzenie najnowszych wynik\u00f3w Eurojackpot jest skorzystanie z naszej strony internetowej. Oferujemy <strong>100% wiarygodne wyniki losowa\u0144<\/strong>, kt\u00f3rym mo\u017cesz w pe\u0142ni zaufa\u0107. Nasza platforma zapewnia, \u017ce wszystkie numery wygrywaj\u0105ce Eurojackpot s\u0105 <strong>aktualizowane natychmiast po ka\u017cdym oficjalnym losowaniu<\/strong>. Niezale\u017cnie od tego, czy sprawdzasz zwyci\u0119skie kombinacje, podzia\u0142 nagr\u00f3d czy wysoko\u015b\u0107 jackpotu, znajdziesz tu dok\u0142adne i aktualne informacje. Rozumiemy, jak wa\u017cne jest dla graczy szybkie otrzymywanie zweryfikowanych wynik\u00f3w, dlatego stawiamy na <strong>szybko\u015b\u0107 i dok\u0142adno\u015b\u0107<\/strong> w dostarczaniu wynik\u00f3w Eurojackpot.<\/p>\n<h2>Jak sprawdzi\u0107 wczorajsze wyniki Eurojackpot?<\/h2>\n<p>Mo\u017cesz r\u00f3wnie\u017c sprawdzi\u0107 wczorajsze wyniki Eurojackpot na <a href=\"https:\/\/lottomat.com\/pl\/\">naszej stronie Lottomat<\/a>, poniewa\u017c prezentujemy nie tylko aktualne wyniki, ale tak\u017ce <strong>dane historyczne z poprzednich losowa\u0144<\/strong>. Nasza obszerna baza danych obejmuje <strong>dzisiejsze wyniki, wczorajsze losowania oraz rezultaty sprzed tygodni, miesi\u0119cy, a nawet lat<\/strong>. To rozbudowane archiwum pozwala \u015bledzi\u0107 schematy, analizowa\u0107 trendy oraz przegl\u0105da\u0107 ka\u017cde losowanie, kt\u00f3re Ci\u0119 interesuje. Niezale\u017cnie od tego, czy zapomnia\u0142e\u015b sprawdzi\u0107 swoje losy wczoraj, czy chcesz zweryfikowa\u0107 wcze\u015bniejsze numery wygrywaj\u0105ce, nasza platforma zapewnia \u0142atwy dost\u0119p do wszystkich archiwalnych wynik\u00f3w Eurojackpot z <strong>pe\u0142n\u0105 dok\u0142adno\u015bci\u0105 i wiarygodno\u015bci\u0105<\/strong>.<\/p>\n<h2>Jak sprawdzi\u0107 archiwalne wyniki Eurojackpot?<\/h2>\n<p>Aby zobaczy\u0107 archiwalne wyniki Eurojackpot, wystarczy skorzysta\u0107 z kalendarza wynik\u00f3w na stronie Lottomat. Znajduje si\u0119 on pod dat\u0105 ostatniego losowania. Wystarczy wybra\u0107 interesuj\u0105c\u0105 Ci\u0119 dat\u0119 i sprawdzi\u0107 dotychczasowe wyniki gry.<\/p>\n<h2><img loading=\"lazy\" decoding=\"async\" class=\"alignleft wp-image-257746\" src=\"https:\/\/lottomat.com\/wp-content\/uploads\/2025\/11\/Eurojackpot-tickets-1.webp\" alt=\"Eurojackpot tickets\" width=\"200\" height=\"200\" srcset=\"https:\/\/lottomat.com\/wp-content\/uploads\/2025\/11\/Eurojackpot-tickets-1.webp 400w, https:\/\/lottomat.com\/wp-content\/uploads\/2025\/11\/Eurojackpot-tickets-1-300x300.webp 300w, https:\/\/lottomat.com\/wp-content\/uploads\/2025\/11\/Eurojackpot-tickets-1-150x150.webp 150w, https:\/\/lottomat.com\/wp-content\/uploads\/2025\/11\/Eurojackpot-tickets-1-100x100.webp 100w\" sizes=\"auto, (max-width: 200px) 100vw, 200px\" \/>Jak korzysta\u0107 z archiwalnych wynik\u00f3w losowa\u0144 i numer\u00f3w wygrywaj\u0105cych Eurojackpot?<\/h2>\n<p>Najnowsze i archiwalne wyniki loterii pozwalaj\u0105 sprawdzi\u0107, jakie numery by\u0142y losowane we wcze\u015bniejszych losowaniach, jaka jest cz\u0119stotliwo\u015b\u0107 kumulacji w danej loterii, ilu by\u0142o zwyci\u0119zc\u00f3w oraz jakie pad\u0142y rekordowe wygrane. Wszystko to pomaga w budowaniu strategii gry w Eurojackpot oraz opracowaniu w\u0142asnej metody wyboru liczb. Z kolei je\u015bli chcesz wybiera\u0107 liczby szybciej, ale nadal korzysta\u0107 ze statystyk, mo\u017cesz skorzysta\u0107 z naszych wskaz\u00f3wek dotycz\u0105cych najcz\u0119\u015bciej i najrzadziej losowanych liczb w Eurojackpot. Wszystkie niezb\u0119dne dane i informacje znajdziesz na stronie Lottomat. Pami\u0119taj, aby nie ogranicza\u0107 si\u0119 wy\u0142\u0105cznie do wcze\u015bniejszych losowa\u0144. Dlatego dobrym pomys\u0142em jest wybieranie z ca\u0142ej puli dost\u0119pnych liczb przy zawieraniu zak\u0142adu, poniewa\u017c zwi\u0119ksza to Twoje szanse na wygran\u0105 g\u0142\u00f3wnej nagrody.<\/p>\n<h2>Kt\u00f3re numery s\u0105 najcz\u0119\u015bciej losowane w Eurojackpot?<\/h2>\n<p>Na podstawie analizy statystycznej losowa\u0144 Eurojackpot od pocz\u0105tku loterii w 2012 roku, najcz\u0119\u015bciej losowane numery g\u0142\u00f3wne to <strong>14, 16, 18, 19, 25, 33 i 40<\/strong>. Te \u201egor\u0105ce\u201d liczby pojawia\u0142y si\u0119 cz\u0119\u015bciej ni\u017c inne w historii loterii. Je\u015bli chodzi o dodatkowe Euro Numery, to <strong>5 i 8 by\u0142y losowane najcz\u0119\u015bciej \u2013 po 83 razy ka\u017cdy<\/strong>. Wielu graczy wykorzystuje te statystyki gor\u0105cych liczb przy wyborze swoich kombinacji. Cho\u0107 teoretycznie ka\u017cda liczba ma tak\u0105 sam\u0105 szans\u0119 na wylosowanie, niekt\u00f3rzy gracze wol\u0105 wybiera\u0107 w\u0142a\u015bnie te cz\u0119\u015bciej pojawiaj\u0105ce si\u0119 numery. Warto jednak pami\u0119ta\u0107, \u017ce <strong>cz\u0119stotliwo\u015b\u0107 z przesz\u0142o\u015bci nie gwarantuje przysz\u0142ych wynik\u00f3w<\/strong>, cho\u0107 statystyki mog\u0105 dostarczy\u0107 ciekawych informacji mi\u0142o\u015bnikom loterii.<\/p>\n<h2>Kt\u00f3re numery s\u0105 najrzadziej losowane w Eurojackpot?<\/h2>\n<p>Na drugim biegunie znajduj\u0105 si\u0119 numery, kt\u00f3re pojawiaj\u0105 si\u0119 w losowaniach Eurojackpot najrzadziej i okre\u015blane s\u0105 jako \u201ezimne liczby\u201d. Najrzadziej losowane numery Eurojackpot to: <strong>48, 2, 36, 50 oraz ex aequo 24, 27 i 31<\/strong>. Najrzadziej losowane Euro Numery to <strong>9 i 10<\/strong>. Niekt\u00f3rzy gracze wierz\u0105, \u017ce te zimne liczby s\u0105 \u201enale\u017cne\u201d i wkr\u00f3tce si\u0119 pojawi\u0105, jednak nale\u017cy pami\u0119ta\u0107, \u017ce <strong>ka\u017cde losowanie jest ca\u0142kowicie losowe i niezale\u017cne<\/strong>. Cho\u0107 loteria nie dzia\u0142a w ten spos\u00f3b \u2013 ka\u017cde losowanie jest w pe\u0142ni losowe i niepowi\u0105zane z poprzednim \u2013 nadal ciekawie jest sprawdzi\u0107, kt\u00f3re liczby pojawia\u0142y si\u0119 najrzadziej. Niezale\u017cnie od tego, czy wybierasz gor\u0105ce liczby, zimne liczby czy ich mieszank\u0119, pami\u0119taj, \u017ce <strong>wyniki loterii ostatecznie zale\u017c\u0105 od przypadku<\/strong>.<\/p>\n<h2>Ile os\u00f3b wygra\u0142o w ostatnim losowaniu Eurojackpot?<img loading=\"lazy\" decoding=\"async\" class=\"alignright wp-image-257777\" src=\"https:\/\/lottomat.com\/wp-content\/uploads\/2025\/11\/play-Eurojackpot-1.webp\" alt=\"play Eurojackpot\" width=\"200\" height=\"200\" srcset=\"https:\/\/lottomat.com\/wp-content\/uploads\/2025\/11\/play-Eurojackpot-1.webp 400w, https:\/\/lottomat.com\/wp-content\/uploads\/2025\/11\/play-Eurojackpot-1-300x300.webp 300w, https:\/\/lottomat.com\/wp-content\/uploads\/2025\/11\/play-Eurojackpot-1-150x150.webp 150w, https:\/\/lottomat.com\/wp-content\/uploads\/2025\/11\/play-Eurojackpot-1-100x100.webp 100w\" sizes=\"auto, (max-width: 200px) 100vw, 200px\" \/><\/h2>\n<p>Na naszej stronie znajdziesz szczeg\u00f3\u0142ow\u0105 tabel\u0119 z kompleksowymi informacjami na temat ostatniego losowania Eurojackpot, w tym <strong>liczb\u0119 os\u00f3b, kt\u00f3re wygra\u0142y nagrody w ka\u017cdej kategorii<\/strong> oraz <strong>dok\u0142adn\u0105 warto\u015b\u0107 ka\u017cdej nagrody w euro<\/strong>. Zestawienie to obejmuje zwyci\u0119zc\u00f3w we wszystkich <strong>dwunastu kategoriach nagr\u00f3d<\/strong> \u2013 od zdobywcy jackpotu po osoby, kt\u00f3re trafi\u0142y minimaln\u0105 zwyci\u0119sk\u0105 kombinacj\u0119. Analizuj\u0105c te dane, mo\u017cesz zobaczy\u0107, \u017ce <strong>gracze regularnie wygrywaj\u0105 w Eurojackpot<\/strong> na wszystkich poziomach nagr\u00f3d. Podzia\u0142 nagr\u00f3d pokazuje atrakcyjno\u015b\u0107 loterii, oferuj\u0105c <strong>wiele sposob\u00f3w na wygran\u0105 oraz wysokie nagrody<\/strong> nawet w ni\u017cszych kategoriach. Ta przejrzysto\u015b\u0107 pomaga graczom lepiej zrozumie\u0107 swoje szanse i zobaczy\u0107 realny wp\u0142yw losowa\u0144 Eurojackpot na zwyci\u0119zc\u00f3w w krajach uczestnicz\u0105cych. Gotowy na najlepsz\u0105 zabaw\u0119? <a href=\"https:\/\/lottomat.com\/pl\/graj\/eurojackpot\/\">Zagraj w Eurojackpot online<\/a> w Lottomat i wygraj wielkie pieni\u0105dze.<\/p>\n<h2>Co si\u0119 dzieje, gdy nikt nie wygra jackpotu?<\/h2>\n<p>Gdy \u017caden gracz nie trafi wszystkich pi\u0119ciu liczb g\u0142\u00f3wnych oraz obu Euro Numer\u00f3w, pula jackpotu <strong>przechodzi na kolejne losowanie<\/strong>, tworz\u0105c tzw. kumulacj\u0119. Oznacza to, \u017ce <strong>pula nagr\u00f3d stale ro\u015bnie<\/strong> a\u017c do momentu wy\u0142onienia zwyci\u0119zcy g\u0142\u00f3wnej nagrody, co sprawia, \u017ce kolejne losowania s\u0105 jeszcze bardziej ekscytuj\u0105ce. Mechanizm kumulacji pozwala jackpotom osi\u0105ga\u0107 ogromne kwoty, przy czym <strong>maksymalny limit jackpotu wynosi 120 milion\u00f3w euro<\/strong>. Po osi\u0105gni\u0119ciu tego limitu wszelkie dodatkowe \u015brodki, kt\u00f3re mia\u0142yby trafi\u0107 do jackpotu, s\u0105 rozdzielane pomi\u0119dzy zwyci\u0119zc\u00f3w kolejnej kategorii nagr\u00f3d. System ten umo\u017cliwia gromadzenie ogromnych wygranych w czasie, daj\u0105c szans\u0119 na wygrane, kt\u00f3re mog\u0105 odmieni\u0107 \u017cycie, i przyci\u0105gaj\u0105c miliony graczy z ca\u0142ej Europy. Przeczytaj wi\u0119cej o <a href=\"https:\/\/lottomat.com\/pl\/eurojackpot\/\">nagrodach i jackpocie Eurojackpot<\/a> na naszej stronie.<\/p>\n<h2><img loading=\"lazy\" decoding=\"async\" class=\"alignleft wp-image-257807\" src=\"https:\/\/lottomat.com\/wp-content\/uploads\/2025\/11\/tickets-online.webp\" alt=\"tickets online\" width=\"200\" height=\"200\" srcset=\"https:\/\/lottomat.com\/wp-content\/uploads\/2025\/11\/tickets-online.webp 400w, https:\/\/lottomat.com\/wp-content\/uploads\/2025\/11\/tickets-online-300x300.webp 300w, https:\/\/lottomat.com\/wp-content\/uploads\/2025\/11\/tickets-online-150x150.webp 150w, https:\/\/lottomat.com\/wp-content\/uploads\/2025\/11\/tickets-online-100x100.webp 100w\" sizes=\"auto, (max-width: 200px) 100vw, 200px\" \/>Czy wyniki losowa\u0144 Eurojackpot mo\u017cna przewidzie\u0107?<\/h2>\n<p><strong>Nie, wynik\u00f3w losowa\u0144 Eurojackpot nie da si\u0119 przewidzie\u0107<\/strong> z jak\u0105kolwiek pewno\u015bci\u0105. Loteria korzysta z <strong>ca\u0142kowicie losowego systemu losowania<\/strong>, w kt\u00f3rym ka\u017cda kombinacja liczb ma dok\u0142adnie takie samo matematyczne prawdopodobie\u0144stwo w ka\u017cdym losowaniu. Cho\u0107 analiza statystyczna mo\u017ce pokaza\u0107, kt\u00f3re liczby by\u0142y w przesz\u0142o\u015bci losowane cz\u0119\u015bciej lub rzadziej, dane historyczne <strong>nie maj\u0105 \u017cadnego wp\u0142ywu na przysz\u0142e losowania<\/strong>. Ka\u017cde losowanie Eurojackpot jest <strong>wydarzeniem niezale\u017cnym<\/strong>, co oznacza, \u017ce wcze\u015bniejsze wyniki nie wp\u0142ywaj\u0105 na kolejne. Ka\u017cdy system lub strategia twierdz\u0105ca, \u017ce potrafi przewidzie\u0107 numery loterii, jest z gruntu b\u0142\u0119dna, poniewa\u017c <strong>prawdziwej losowo\u015bci nie da si\u0119 przewidzie\u0107<\/strong> ani zmanipulowa\u0107 za pomoc\u0105 analiz czy schemat\u00f3w. Na co czekasz? Losy s\u0105 tanie, a szanse wysokie, wi\u0119c przygotuj si\u0119 na wyb\u00f3r swoich liczb i zobacz, co wydarzy si\u0119 dalej. <strong>Mo\u017cesz r\u00f3wnie\u017c <a href=\"https:\/\/lottomat.com\/pl\/graj\/\">sprawdzi\u0107 pe\u0142n\u0105 list\u0119 naszych loterii online<\/a> z najwy\u017cszymi jackpotami!<\/strong><\/p>\n","protected":false},"excerpt":{"rendered":"<p>Czy kupi\u0142e\u015b losy\u00a0 Eurojackpot i zastanawiasz si\u0119, czy wygra\u0142e\u015b? Dop\u00f3ki nie poznasz wylosowanych liczb, wszystko jest mo\u017cliwe, a wyniki loterii mo\u017cesz sprawdzi\u0107 na tej stronie. Publikujemy je b\u0142yskawicznie zaraz po otrzymaniu informacji ze strony organizatora Eurojackpot, dzi\u0119ki czemu masz gwarancj\u0119, \u017ce s\u0105 one wiarygodnie potwierdzone i w 100% prawdziwe. Przeanalizuj wyniki oraz numery wygrywaj\u0105ce Eurojackpot [&hellip;]<\/p>\n","protected":false},"author":1,"featured_media":0,"parent":7439,"menu_order":4,"comment_status":"closed","ping_status":"closed","template":"eurojackpot-results.php","meta":{"_et_pb_use_builder":"","_et_pb_old_content":"","_et_gb_content_width":"","exclude_from_search":false,"footnotes":""},"class_list":["post-232633","page","type-page","status-publish","hentry"],"yoast_head":"<!-- This site is optimized with the Yoast SEO plugin v23.8 - https:\/\/yoast.com\/wordpress\/plugins\/seo\/ -->\n<title>Wyniki Eurojackpot \u2013 Numery Wygrywaj\u0105ce Eurojackpot \u2013 LottoMat<\/title>\n<meta name=\"description\" content=\"Sprawd\u017a najnowsze wyniki Eurojackpot. Tutaj mo\u017cesz por\u00f3wna\u0107 swoje numery z oficjalnymi numerami wygrywaj\u0105cymi Eurojackpot. Nie przegap losowania!\" \/>\n<meta name=\"robots\" content=\"index, follow, max-snippet:-1, max-image-preview:large, max-video-preview:-1\" \/>\n<link rel=\"canonical\" href=\"https:\/\/lottomat.com\/pl\/wyniki\/eurojackpot\/\" \/>\n<meta property=\"og:locale\" content=\"pl_PL\" \/>\n<meta property=\"og:type\" content=\"article\" \/>\n<meta property=\"og:title\" content=\"Wyniki Eurojackpot \u2013 Numery Wygrywaj\u0105ce Eurojackpot \u2013 LottoMat\" \/>\n<meta property=\"og:description\" content=\"Sprawd\u017a najnowsze wyniki Eurojackpot. Tutaj mo\u017cesz por\u00f3wna\u0107 swoje numery z oficjalnymi numerami wygrywaj\u0105cymi Eurojackpot. Nie przegap losowania!\" \/>\n<meta property=\"og:url\" content=\"https:\/\/lottomat.com\/pl\/wyniki\/eurojackpot\/\" \/>\n<meta property=\"og:site_name\" content=\"Lottomat\" \/>\n<meta property=\"article:modified_time\" content=\"2025-12-21T16:42:45+00:00\" \/>\n<meta property=\"og:image\" content=\"https:\/\/lottomat.com\/wp-content\/uploads\/2025\/11\/Eurojackpot-online-1.webp\" \/>\n<meta name=\"twitter:card\" content=\"summary_large_image\" \/>\n<meta name=\"twitter:label1\" content=\"Szacowany czas czytania\" \/>\n\t<meta name=\"twitter:data1\" content=\"6 minut\" \/>\n<script type=\"application\/ld+json\" class=\"yoast-schema-graph\">{\"@context\":\"https:\/\/schema.org\",\"@graph\":[{\"@type\":\"WebPage\",\"@id\":\"https:\/\/lottomat.com\/pl\/wyniki\/eurojackpot\/\",\"url\":\"https:\/\/lottomat.com\/pl\/wyniki\/eurojackpot\/\",\"name\":\"Wyniki Eurojackpot \u2013 Numery Wygrywaj\u0105ce Eurojackpot \u2013 LottoMat\",\"isPartOf\":{\"@id\":\"https:\/\/lottomat.com\/pl\/#website\"},\"primaryImageOfPage\":{\"@id\":\"https:\/\/lottomat.com\/pl\/wyniki\/eurojackpot\/#primaryimage\"},\"image\":{\"@id\":\"https:\/\/lottomat.com\/pl\/wyniki\/eurojackpot\/#primaryimage\"},\"thumbnailUrl\":\"https:\/\/lottomat.com\/wp-content\/uploads\/2025\/11\/Eurojackpot-online-1.webp\",\"datePublished\":\"2025-03-27T10:35:32+00:00\",\"dateModified\":\"2025-12-21T16:42:45+00:00\",\"description\":\"Sprawd\u017a najnowsze wyniki Eurojackpot. Tutaj mo\u017cesz por\u00f3wna\u0107 swoje numery z oficjalnymi numerami wygrywaj\u0105cymi Eurojackpot. Nie przegap losowania!\",\"breadcrumb\":{\"@id\":\"https:\/\/lottomat.com\/pl\/wyniki\/eurojackpot\/#breadcrumb\"},\"inLanguage\":\"pl-PL\",\"potentialAction\":[{\"@type\":\"ReadAction\",\"target\":[\"https:\/\/lottomat.com\/pl\/wyniki\/eurojackpot\/\"]}]},{\"@type\":\"ImageObject\",\"inLanguage\":\"pl-PL\",\"@id\":\"https:\/\/lottomat.com\/pl\/wyniki\/eurojackpot\/#primaryimage\",\"url\":\"https:\/\/lottomat.com\/wp-content\/uploads\/2025\/11\/Eurojackpot-online-1.webp\",\"contentUrl\":\"https:\/\/lottomat.com\/wp-content\/uploads\/2025\/11\/Eurojackpot-online-1.webp\"},{\"@type\":\"BreadcrumbList\",\"@id\":\"https:\/\/lottomat.com\/pl\/wyniki\/eurojackpot\/#breadcrumb\",\"itemListElement\":[{\"@type\":\"ListItem\",\"position\":1,\"name\":\"Home\",\"item\":\"https:\/\/lottomat.com\/pl\/\"},{\"@type\":\"ListItem\",\"position\":2,\"name\":\"Najnowsze wyniki loterii i numery wygrywaj\u0105ce\",\"item\":\"https:\/\/lottomat.com\/pl\/wyniki\/\"},{\"@type\":\"ListItem\",\"position\":3,\"name\":\"Wyniki Eurojackpot i Numery Wygrywaj\u0105ce\"}]},{\"@type\":\"WebSite\",\"@id\":\"https:\/\/lottomat.com\/pl\/#website\",\"url\":\"https:\/\/lottomat.com\/pl\/\",\"name\":\"Lottomat\",\"description\":\"\",\"potentialAction\":[{\"@type\":\"SearchAction\",\"target\":{\"@type\":\"EntryPoint\",\"urlTemplate\":\"https:\/\/lottomat.com\/pl\/?s={search_term_string}\"},\"query-input\":{\"@type\":\"PropertyValueSpecification\",\"valueRequired\":true,\"valueName\":\"search_term_string\"}}],\"inLanguage\":\"pl-PL\"}]}<\/script>\n<!-- \/ Yoast SEO plugin. -->","yoast_head_json":{"title":"Wyniki Eurojackpot \u2013 Numery Wygrywaj\u0105ce Eurojackpot \u2013 LottoMat","description":"Sprawd\u017a najnowsze wyniki Eurojackpot. Tutaj mo\u017cesz por\u00f3wna\u0107 swoje numery z oficjalnymi numerami wygrywaj\u0105cymi Eurojackpot. Nie przegap losowania!","robots":{"index":"index","follow":"follow","max-snippet":"max-snippet:-1","max-image-preview":"max-image-preview:large","max-video-preview":"max-video-preview:-1"},"canonical":"https:\/\/lottomat.com\/pl\/wyniki\/eurojackpot\/","og_locale":"pl_PL","og_type":"article","og_title":"Wyniki Eurojackpot \u2013 Numery Wygrywaj\u0105ce Eurojackpot \u2013 LottoMat","og_description":"Sprawd\u017a najnowsze wyniki Eurojackpot. Tutaj mo\u017cesz por\u00f3wna\u0107 swoje numery z oficjalnymi numerami wygrywaj\u0105cymi Eurojackpot. Nie przegap losowania!","og_url":"https:\/\/lottomat.com\/pl\/wyniki\/eurojackpot\/","og_site_name":"Lottomat","article_modified_time":"2025-12-21T16:42:45+00:00","og_image":[{"url":"https:\/\/lottomat.com\/wp-content\/uploads\/2025\/11\/Eurojackpot-online-1.webp"}],"twitter_card":"summary_large_image","twitter_misc":{"Szacowany czas czytania":"6 minut"},"schema":{"@context":"https:\/\/schema.org","@graph":[{"@type":"WebPage","@id":"https:\/\/lottomat.com\/pl\/wyniki\/eurojackpot\/","url":"https:\/\/lottomat.com\/pl\/wyniki\/eurojackpot\/","name":"Wyniki Eurojackpot \u2013 Numery Wygrywaj\u0105ce Eurojackpot \u2013 LottoMat","isPartOf":{"@id":"https:\/\/lottomat.com\/pl\/#website"},"primaryImageOfPage":{"@id":"https:\/\/lottomat.com\/pl\/wyniki\/eurojackpot\/#primaryimage"},"image":{"@id":"https:\/\/lottomat.com\/pl\/wyniki\/eurojackpot\/#primaryimage"},"thumbnailUrl":"https:\/\/lottomat.com\/wp-content\/uploads\/2025\/11\/Eurojackpot-online-1.webp","datePublished":"2025-03-27T10:35:32+00:00","dateModified":"2025-12-21T16:42:45+00:00","description":"Sprawd\u017a najnowsze wyniki Eurojackpot. Tutaj mo\u017cesz por\u00f3wna\u0107 swoje numery z oficjalnymi numerami wygrywaj\u0105cymi Eurojackpot. Nie przegap losowania!","breadcrumb":{"@id":"https:\/\/lottomat.com\/pl\/wyniki\/eurojackpot\/#breadcrumb"},"inLanguage":"pl-PL","potentialAction":[{"@type":"ReadAction","target":["https:\/\/lottomat.com\/pl\/wyniki\/eurojackpot\/"]}]},{"@type":"ImageObject","inLanguage":"pl-PL","@id":"https:\/\/lottomat.com\/pl\/wyniki\/eurojackpot\/#primaryimage","url":"https:\/\/lottomat.com\/wp-content\/uploads\/2025\/11\/Eurojackpot-online-1.webp","contentUrl":"https:\/\/lottomat.com\/wp-content\/uploads\/2025\/11\/Eurojackpot-online-1.webp"},{"@type":"BreadcrumbList","@id":"https:\/\/lottomat.com\/pl\/wyniki\/eurojackpot\/#breadcrumb","itemListElement":[{"@type":"ListItem","position":1,"name":"Home","item":"https:\/\/lottomat.com\/pl\/"},{"@type":"ListItem","position":2,"name":"Najnowsze wyniki loterii i numery wygrywaj\u0105ce","item":"https:\/\/lottomat.com\/pl\/wyniki\/"},{"@type":"ListItem","position":3,"name":"Wyniki Eurojackpot i Numery Wygrywaj\u0105ce"}]},{"@type":"WebSite","@id":"https:\/\/lottomat.com\/pl\/#website","url":"https:\/\/lottomat.com\/pl\/","name":"Lottomat","description":"","potentialAction":[{"@type":"SearchAction","target":{"@type":"EntryPoint","urlTemplate":"https:\/\/lottomat.com\/pl\/?s={search_term_string}"},"query-input":{"@type":"PropertyValueSpecification","valueRequired":true,"valueName":"search_term_string"}}],"inLanguage":"pl-PL"}]}},"_links":{"self":[{"href":"https:\/\/lottomat.com\/pl\/wp-json\/wp\/v2\/pages\/232633","targetHints":{"allow":["GET"]}}],"collection":[{"href":"https:\/\/lottomat.com\/pl\/wp-json\/wp\/v2\/pages"}],"about":[{"href":"https:\/\/lottomat.com\/pl\/wp-json\/wp\/v2\/types\/page"}],"author":[{"embeddable":true,"href":"https:\/\/lottomat.com\/pl\/wp-json\/wp\/v2\/users\/1"}],"replies":[{"embeddable":true,"href":"https:\/\/lottomat.com\/pl\/wp-json\/wp\/v2\/comments?post=232633"}],"version-history":[{"count":3,"href":"https:\/\/lottomat.com\/pl\/wp-json\/wp\/v2\/pages\/232633\/revisions"}],"predecessor-version":[{"id":263225,"href":"https:\/\/lottomat.com\/pl\/wp-json\/wp\/v2\/pages\/232633\/revisions\/263225"}],"up":[{"embeddable":true,"href":"https:\/\/lottomat.com\/pl\/wp-json\/wp\/v2\/pages\/7439"}],"wp:attachment":[{"href":"https:\/\/lottomat.com\/pl\/wp-json\/wp\/v2\/media?parent=232633"}],"curies":[{"name":"wp","href":"https:\/\/api.w.org\/{rel}","templated":true}]}}