{"id":10621,"date":"2025-03-26T10:16:37","date_gmt":"2025-03-26T10:16:37","guid":{"rendered":"https:\/\/lottomat.net\/informacje-o-loterii\/informacje-o-powerball\/"},"modified":"2026-03-29T20:27:48","modified_gmt":"2026-03-29T20:27:48","slug":"powerball","status":"publish","type":"page","link":"https:\/\/lottomat.com\/pl\/loterie\/powerball\/","title":{"rendered":"Powerball Nagrody, Zasady i Jackpot"},"content":{"rendered":"\n\n<div class=\"kk-star-ratings kksr-auto kksr-align-left kksr-valign-top\"\n    data-payload='{&quot;align&quot;:&quot;left&quot;,&quot;id&quot;:&quot;10621&quot;,&quot;slug&quot;:&quot;default&quot;,&quot;valign&quot;:&quot;top&quot;,&quot;ignore&quot;:&quot;&quot;,&quot;reference&quot;:&quot;auto&quot;,&quot;class&quot;:&quot;&quot;,&quot;count&quot;:&quot;0&quot;,&quot;legendonly&quot;:&quot;&quot;,&quot;readonly&quot;:&quot;&quot;,&quot;score&quot;:&quot;0&quot;,&quot;starsonly&quot;:&quot;&quot;,&quot;best&quot;:&quot;5&quot;,&quot;gap&quot;:&quot;5&quot;,&quot;greet&quot;:&quot;Rate this page&quot;,&quot;legend&quot;:&quot;0\\\/5 - (0 votes)&quot;,&quot;size&quot;:&quot;30&quot;,&quot;title&quot;:&quot;Powerball Nagrody, Zasady i Jackpot&quot;,&quot;width&quot;:&quot;0&quot;,&quot;_legend&quot;:&quot;{score}\\\/{best} - ({count} {votes})&quot;,&quot;font_factor&quot;:&quot;1.25&quot;}'>\n            \n<div class=\"kksr-stars\">\n    \n<div class=\"kksr-stars-inactive\">\n            <div class=\"kksr-star\" data-star=\"1\" style=\"padding-right: 5px\">\n            \n\n<div class=\"kksr-icon\" style=\"width: 30px; height: 30px;\"><\/div>\n        <\/div>\n            <div class=\"kksr-star\" data-star=\"2\" style=\"padding-right: 5px\">\n            \n\n<div class=\"kksr-icon\" style=\"width: 30px; height: 30px;\"><\/div>\n        <\/div>\n            <div class=\"kksr-star\" data-star=\"3\" style=\"padding-right: 5px\">\n            \n\n<div class=\"kksr-icon\" style=\"width: 30px; height: 30px;\"><\/div>\n        <\/div>\n            <div class=\"kksr-star\" data-star=\"4\" style=\"padding-right: 5px\">\n            \n\n<div class=\"kksr-icon\" style=\"width: 30px; height: 30px;\"><\/div>\n        <\/div>\n            <div class=\"kksr-star\" data-star=\"5\" style=\"padding-right: 5px\">\n            \n\n<div class=\"kksr-icon\" style=\"width: 30px; height: 30px;\"><\/div>\n        <\/div>\n    <\/div>\n    \n<div class=\"kksr-stars-active\" style=\"width: 0px;\">\n            <div class=\"kksr-star\" style=\"padding-right: 5px\">\n            \n\n<div class=\"kksr-icon\" style=\"width: 30px; height: 30px;\"><\/div>\n        <\/div>\n            <div class=\"kksr-star\" style=\"padding-right: 5px\">\n            \n\n<div class=\"kksr-icon\" style=\"width: 30px; height: 30px;\"><\/div>\n        <\/div>\n            <div class=\"kksr-star\" style=\"padding-right: 5px\">\n            \n\n<div class=\"kksr-icon\" style=\"width: 30px; height: 30px;\"><\/div>\n        <\/div>\n            <div class=\"kksr-star\" style=\"padding-right: 5px\">\n            \n\n<div class=\"kksr-icon\" style=\"width: 30px; height: 30px;\"><\/div>\n        <\/div>\n            <div class=\"kksr-star\" style=\"padding-right: 5px\">\n            \n\n<div class=\"kksr-icon\" style=\"width: 30px; height: 30px;\"><\/div>\n        <\/div>\n    <\/div>\n<\/div>\n                \n\n<div class=\"kksr-legend\" style=\"font-size: 24px;\">\n            <span class=\"kksr-muted\">Rate this page<\/span>\n    <\/div>\n    <\/div>\n<p>Dowiedz si\u0119 wi\u0119cej o nagrodach Powerball, jackpotach i zasadach gry. Powerball Lotto \u2013 gra losowa lub loteria to jedna z najpopularniejszych form rozrywki hazardowej na \u015bwiecie. Wi\u0119kszo\u015b\u0107 z nas bra\u0142a udzia\u0142 w losowaniu loterii przynajmniej raz w \u017cyciu. Loterie to bardzo proste i ekscytuj\u0105ce gry z jasnymi zasadami. Nie ma w nich nic skomplikowanego, a ka\u017cdy mo\u017ce bardzo szybko nauczy\u0107 si\u0119 zasad dowolnej loterii. Je\u015bli jeste\u015b mi\u0142o\u015bnikiem gier liczbowych i wci\u0105\u017c szukasz nowej, ciekawej loterii do przetestowania, powiniene\u015b przeczyta\u0107 ten artyku\u0142. Opowiemy Ci, czym jest najs\u0142ynniejsza na \u015bwiecie Powerball lotto, jak dzia\u0142a gra, jakie s\u0105 szanse i ryzyka oraz ile mo\u017cna wygra\u0107 (nagrody Powerball i jackpot).<\/p>\n<h2><img loading=\"lazy\" decoding=\"async\" class=\"alignleft wp-image-252449\" src=\"https:\/\/lottomat.com\/wp-content\/uploads\/2025\/10\/Powerball-jackpot-300x300.webp\" alt=\"Powerball jackpot\" width=\"200\" height=\"200\" srcset=\"https:\/\/lottomat.com\/wp-content\/uploads\/2025\/10\/Powerball-jackpot-300x300.webp 300w, https:\/\/lottomat.com\/wp-content\/uploads\/2025\/10\/Powerball-jackpot-150x150.webp 150w, https:\/\/lottomat.com\/wp-content\/uploads\/2025\/10\/Powerball-jackpot-100x100.webp 100w, https:\/\/lottomat.com\/wp-content\/uploads\/2025\/10\/Powerball-jackpot.webp 400w\" sizes=\"auto, (max-width: 200px) 100vw, 200px\" \/>Czym jest loteria Powerball?<\/h2>\n<p>Powerball to ameryka\u0144ska loteria dzia\u0142aj\u0105ca od <strong>1988 roku<\/strong>. Wcze\u015bniej znana by\u0142a jako Lotto America, jednak w <strong>1992 roku<\/strong> nazw\u0119 zmieniono na obecn\u0105 \u2013 Powerball. Ameryka\u0144ska Powerball to jedna z <a href=\"https:\/\/lottomat.com\/pl\/\">najpopularniejszych loterii na \u015bwiecie<\/a>; ma swoje biura w USA a\u017c w <strong>45 stanach<\/strong>, a tak\u017ce w Dystrykcie Kolumbii, Portoryko i na Wyspach Dziewiczych. Warto doda\u0107, \u017ce by\u0142a prekursorem losowa\u0144 z dw\u00f3ch b\u0119bn\u00f3w, co pozwoli\u0142o na zwi\u0119kszenie szans na wysokie wygrane. Losowania Powerball lotto odbywaj\u0105 si\u0119 w ka\u017cdy <strong>poniedzia\u0142ek, \u015brod\u0119 i sobot\u0119 o 22:59 EST<\/strong>. Zazwyczaj miejscem losowania jest studio Florida Lottery. Je\u015bli nie mieszkasz w Stanach Zjednoczonych ani nie masz mo\u017cliwo\u015bci <a href=\"https:\/\/lottomat.com\/pl\/graj\/powerball\/\">zakupu losu Powerball lotto online<\/a>, wystarczy, \u017ce skorzystasz z naszej <strong>strony LottoMat<\/strong>. Tutaj mo\u017cesz zagra\u0107 w Powerball lotto przez Internet, przeczyta\u0107 ciekawe artyku\u0142y oraz <a href=\"https:\/\/lottomat.com\/pl\/wyniki\/powerball\/\">sprawdzi\u0107 najnowsze wyniki losowa\u0144 Powerball<\/a>.<\/p>\n<h2>Jakie s\u0105 zasady gry w loterii Powerball?<\/h2>\n<p>Od momentu powstania loterii zasady zmienia\u0142y si\u0119 kilkukrotnie; zazwyczaj modernizowano je, aby umo\u017cliwi\u0107 graczom wygrywanie wy\u017cszych nagr\u00f3d Powerball. Pocz\u0105tkowo nale\u017ca\u0142o wybra\u0107 siedem liczb z puli 40. Nast\u0119pnie dodano wyb\u00f3r drugiej, bonusowej liczby z mniejszej puli. Wielko\u015b\u0107 puli zmienia\u0142a si\u0119 kilka razy, a\u017c ostatecznie ustalono, \u017ce nale\u017cy wybiera\u0107 <strong>pi\u0119\u0107 liczb z 69 i jedn\u0105 z 26<\/strong> tzw. Powerballs. Te zasady obowi\u0105zuj\u0105 do dzi\u015b. Liczba z g\u0142\u00f3wnego losowania mo\u017ce by\u0107 identyczna z t\u0105 drug\u0105.<\/p>\n<h2>Jakie s\u0105 ryzyka i szanse na wygranie nagr\u00f3d Powerball?<\/h2>\n<p>Jednym s\u0142owem \u2013 s\u0105 niskie. Prawdopodobie\u0144stwo wygrania nagrody pierwszego stopnia to <strong>1:292 miliony<\/strong>. Szanse na wygran\u0105 drugiego stopnia to tylko <strong>1:11,5 miliona<\/strong>, co stanowi ogromn\u0105 r\u00f3\u017cnic\u0119, a dalsze poziomy maj\u0105 jeszcze mniejsze szanse. Dla por\u00f3wnania, szanse na wygran\u0105 g\u0142\u00f3wnej nagrody w polskim Lotto to 1:14 milion\u00f3w. W Powerball lotto <strong>1 na ka\u017cde 25 wys\u0142anych los\u00f3w wygrywa<\/strong>. Ryzyko nie jest wi\u0119c ma\u0142e, ale i wygrane nie s\u0105 niskie; w rzeczywisto\u015bci nale\u017c\u0105 do najwy\u017cszych na \u015bwiecie. Dlatego, mimo tak niskiego prawdopodobie\u0144stwa, liczba os\u00f3b zainteresowanych Powerball nie maleje, lecz ro\u015bnie z roku na rok. Minimalny zak\u0142ad Powerball to <strong>5 dolar\u00f3w<\/strong>, co jest bardzo atrakcyjne dla wi\u0119kszo\u015bci graczy, zw\u0142aszcza bior\u0105c pod uwag\u0119 wysokie wygrane.<\/p>\n<h2><img loading=\"lazy\" decoding=\"async\" class=\"wp-image-252479 alignright\" src=\"https:\/\/lottomat.com\/wp-content\/uploads\/2025\/10\/Powerball-prizes-300x300.webp\" alt=\"Powerball nagrody\" width=\"200\" height=\"200\" srcset=\"https:\/\/lottomat.com\/wp-content\/uploads\/2025\/10\/Powerball-prizes-300x300.webp 300w, https:\/\/lottomat.com\/wp-content\/uploads\/2025\/10\/Powerball-prizes-150x150.webp 150w, https:\/\/lottomat.com\/wp-content\/uploads\/2025\/10\/Powerball-prizes-100x100.webp 100w, https:\/\/lottomat.com\/wp-content\/uploads\/2025\/10\/Powerball-prizes.webp 400w\" sizes=\"auto, (max-width: 200px) 100vw, 200px\" \/><\/h2>\n<h2>Jakie s\u0105 nagrody Powerball \u2013 ile mo\u017cna wygra\u0107?<\/h2>\n<p>Powiedzie\u0107, \u017ce Powerball oferuje bardzo wysokie wygrane, to jak nic nie powiedzie\u0107. M\u00f3wimy tu o ogromnych sumach; trudno sobie wyobrazi\u0107, co mo\u017cna zrobi\u0107 z tak du\u017c\u0105 nagrod\u0105. Je\u015bli wygrasz, twoje dzieci, wnuki, prawnuki i praprawnuki nigdy wi\u0119cej nie b\u0119d\u0105 musia\u0142y pracowa\u0107. Najni\u017csza gwarantowana wygrana w Powerball to <strong>20 milion\u00f3w dolar\u00f3w<\/strong>. Nie wspominaj\u0105c, \u017ce przeci\u0119tne wygrane wynosz\u0105 oko\u0142o 110\u2013120 milion\u00f3w dolar\u00f3w. Wygrane drugiego stopnia wygl\u0105daj\u0105 skromniej \u2013 to \u201ezaledwie\u201d <strong>milion dolar\u00f3w<\/strong>. Jednak wystarczy trafi\u0107 pi\u0119\u0107 poprawnych liczb, by zosta\u0107 szcz\u0119\u015bliwym zwyci\u0119zc\u0105. Wszystko jednak zmienia si\u0119, gdy nast\u0105pi rollover. Och tak! Rollover jackpot w Powerball to czyste szale\u0144stwo.<\/p>\n<h2>Jak wygl\u0105daj\u0105 rollovery w Powerball?<\/h2>\n<p>Tym, co przede wszystkim wyr\u00f3\u017cnia Powerball na tle innych loterii, np. polskiego Lotto, s\u0105 ogromne rollovery, kt\u00f3re przyspieszaj\u0105 bicie serca, a jackpoty, kt\u00f3re im towarzysz\u0105, osi\u0105gaj\u0105 niewyobra\u017calne wysoko\u015bci. Jak tu nie poczu\u0107 emocji, skoro Powerball <strong>nie ma g\u00f3rnego limitu rollovera<\/strong>? Oznacza to, \u017ce je\u015bli gracze maj\u0105 szcz\u0119\u015bcie, a przez kilka losowa\u0144 nikt nie trafi g\u0142\u00f3wnej nagrody, pula kumuluje si\u0119, dop\u00f3ki nie zostan\u0105 wylosowane w\u0142a\u015bciwe liczby. Jackpot rollover jest zazwyczaj dzielony mi\u0119dzy kilku graczy, co oznacza, \u017ce nagroda rozdzielana jest proporcjonalnie. Jednak w historii Powerball wielokrotnie zdarzy\u0142o si\u0119, \u017ce tylko jedna osoba trafi\u0142a wszystkie liczby i zgarn\u0119\u0142a ca\u0142y jackpot dla siebie.<\/p>\n<h2>Jaka by\u0142a rekordowa wygrana w loterii Powerball?<img loading=\"lazy\" decoding=\"async\" class=\"wp-image-252509 alignleft\" src=\"https:\/\/lottomat.com\/wp-content\/uploads\/2025\/10\/Powerball-rules-300x300.webp\" alt=\"Powerball zasady\" width=\"200\" height=\"200\" srcset=\"https:\/\/lottomat.com\/wp-content\/uploads\/2025\/10\/Powerball-rules-300x300.webp 300w, https:\/\/lottomat.com\/wp-content\/uploads\/2025\/10\/Powerball-rules-150x150.webp 150w, https:\/\/lottomat.com\/wp-content\/uploads\/2025\/10\/Powerball-rules-100x100.webp 100w, https:\/\/lottomat.com\/wp-content\/uploads\/2025\/10\/Powerball-rules.webp 400w\" sizes=\"auto, (max-width: 200px) 100vw, 200px\" \/><\/h2>\n<p>Rekordowy jackpot w historii Powerball pad\u0142 <strong>7 listopada 2022 roku<\/strong> i osi\u0105gn\u0105\u0142 niewiarygodne <strong>2,04 miliarda dolar\u00f3w<\/strong> o warto\u015bci got\u00f3wkowej <strong>997,6 miliona dolar\u00f3w<\/strong>. Do dzi\u015b jest to najwi\u0119kszy jackpot w historii \u015bwiatowych loterii. Zwyci\u0119ski los zosta\u0142 sprzedany w Kalifornii, a jego w\u0142a\u015bcicielem by\u0142 jeden zwyci\u0119zca. Drugi co do wielko\u015bci jackpot Powerball wyni\u00f3s\u0142 <strong>1,787 miliarda dolar\u00f3w<\/strong> i zosta\u0142 wygrany we wrze\u015bniu 2025 roku przez losy sprzedane w Missouri i Teksasie.<\/p>\n<h2>Kto mo\u017ce gra\u0107 w Powerball i wygrywa\u0107 nagrody Powerball?<\/h2>\n<p>Ka\u017cdy ma szans\u0119 zagra\u0107, o ile jest osob\u0105 pe\u0142noletni\u0105. Niegdy\u015b Powerball by\u0142 dost\u0119pny tylko dla Amerykan\u00f3w lub os\u00f3b przebywaj\u0105cych na terytorium USA, kt\u00f3re mog\u0142y korzysta\u0107 z biura loterii. Teraz wszystko si\u0119 zmieni\u0142o \u2013 a to wszystko dzi\u0119ki loteriom internetowym i naszej <a href=\"https:\/\/lottomat.com\/pl\/\"><strong>stronie LottoMat<\/strong><\/a>. Nie ma znaczenia, czy mieszkasz w Afryce, Azji czy Europie. Czy siedzisz przy biurku, le\u017cysz w \u0142\u00f3\u017cku, biegasz, czy relaksujesz si\u0119 w ogrodzie \u2013 mo\u017cesz gra\u0107 w Powerball i wygra\u0107 jackpot Powerball z dowolnego miejsca. Loterie online sta\u0142y si\u0119 niezwykle popularne; wi\u0119kszo\u015b\u0107 graczy korzysta z tego rozwi\u0105zania, poniewa\u017c jest wygodne. Wszystko, czego potrzebujesz, to <strong>dost\u0119p do Internetu<\/strong>. Daje to graczom ogromn\u0105 swobod\u0119 na ca\u0142ym \u015bwiecie.<\/p>\n<h2>Jak gra\u0107 w Powerball przez Internet?<\/h2>\n<p>Wystarczy, \u017ce zalogujesz si\u0119 na <strong>stronie LottoMat<\/strong> i wype\u0142nisz los swoimi ulubionymi numerami. To wszystko. Nast\u0119pnie czekasz na losowanie i sprawdzasz wyniki Powerball. Wyniki te s\u0105 r\u00f3wnie\u017c \u0142atwo dost\u0119pne na naszej stronie. Gra w Powerball przez Internet jest niezwykle prosta i dostarcza mn\u00f3stwo emocji.<\/p>\n<h2>Kiedy odbywaj\u0105 si\u0119 losowania Powerball Lotto?<\/h2>\n<p>Losowania Powerball odbywaj\u0105 si\u0119 <strong>trzy razy w tygodniu \u2013 w poniedzia\u0142ki, \u015brody i soboty<\/strong>. Szukasz mocnych emocji i fantastycznych wygranych? Zagraj w Powerball lotto online \u2013 szybko, wygodnie i bez wychodzenia z domu. Powodzenia!<\/p>\n<h2>Tabela nagr\u00f3d Powerball i szans na wygran\u0105<\/h2>\n","protected":false},"excerpt":{"rendered":"<p>Dowiedz si\u0119 wi\u0119cej o nagrodach Powerball, jackpotach i zasadach gry. Powerball Lotto \u2013 gra losowa lub loteria to jedna z najpopularniejszych form rozrywki hazardowej na \u015bwiecie. Wi\u0119kszo\u015b\u0107 z nas bra\u0142a udzia\u0142 w losowaniu loterii przynajmniej raz w \u017cyciu. Loterie to bardzo proste i ekscytuj\u0105ce gry z jasnymi zasadami. Nie ma w nich nic skomplikowanego, a [&hellip;]<\/p>\n","protected":false},"author":1,"featured_media":0,"parent":6897,"menu_order":1,"comment_status":"closed","ping_status":"closed","template":"powerball-usa-info.php","meta":{"_et_pb_use_builder":"","_et_pb_old_content":"","_et_gb_content_width":"","exclude_from_search":false,"footnotes":""},"class_list":["post-10621","page","type-page","status-publish","hentry"],"yoast_head":"<!-- This site is optimized with the Yoast SEO plugin v23.8 - https:\/\/yoast.com\/wordpress\/plugins\/seo\/ -->\n<title>Nagrody Powerball, Zasady i Jackpot - Informacje o Powerball - LottoMat Polska<\/title>\n<meta name=\"description\" content=\"Sprawd\u017a nagrody Powerball, jackpot oraz zasady gry w Powerball. Dowiedz si\u0119 wi\u0119cej o swoich szansach na wygran\u0105 w tej ameryka\u0144skiej loterii.\" \/>\n<meta name=\"robots\" content=\"index, follow, max-snippet:-1, max-image-preview:large, max-video-preview:-1\" \/>\n<link rel=\"canonical\" href=\"https:\/\/lottomat.com\/pl\/loterie\/powerball\/\" \/>\n<meta property=\"og:locale\" content=\"pl_PL\" \/>\n<meta property=\"og:type\" content=\"article\" \/>\n<meta property=\"og:title\" content=\"Nagrody Powerball, Zasady i Jackpot - Informacje o Powerball - LottoMat Polska\" \/>\n<meta property=\"og:description\" content=\"Sprawd\u017a nagrody Powerball, jackpot oraz zasady gry w Powerball. Dowiedz si\u0119 wi\u0119cej o swoich szansach na wygran\u0105 w tej ameryka\u0144skiej loterii.\" \/>\n<meta property=\"og:url\" content=\"https:\/\/lottomat.com\/pl\/loterie\/powerball\/\" \/>\n<meta property=\"og:site_name\" content=\"Lottomat\" \/>\n<meta property=\"article:modified_time\" content=\"2026-03-29T20:27:48+00:00\" \/>\n<meta property=\"og:image\" content=\"https:\/\/lottomat.com\/wp-content\/uploads\/2025\/10\/Powerball-jackpot.webp\" \/>\n\t<meta property=\"og:image:width\" content=\"400\" \/>\n\t<meta property=\"og:image:height\" content=\"400\" \/>\n\t<meta property=\"og:image:type\" content=\"image\/webp\" \/>\n<meta name=\"twitter:card\" content=\"summary_large_image\" \/>\n<meta name=\"twitter:label1\" content=\"Szacowany czas czytania\" \/>\n\t<meta name=\"twitter:data1\" content=\"5 minut\" \/>\n<script type=\"application\/ld+json\" class=\"yoast-schema-graph\">{\"@context\":\"https:\/\/schema.org\",\"@graph\":[{\"@type\":\"WebPage\",\"@id\":\"https:\/\/lottomat.com\/pl\/loterie\/powerball\/\",\"url\":\"https:\/\/lottomat.com\/pl\/loterie\/powerball\/\",\"name\":\"Nagrody Powerball, Zasady i Jackpot - Informacje o Powerball - LottoMat Polska\",\"isPartOf\":{\"@id\":\"https:\/\/lottomat.com\/pl\/#website\"},\"primaryImageOfPage\":{\"@id\":\"https:\/\/lottomat.com\/pl\/loterie\/powerball\/#primaryimage\"},\"image\":{\"@id\":\"https:\/\/lottomat.com\/pl\/loterie\/powerball\/#primaryimage\"},\"thumbnailUrl\":\"https:\/\/lottomat.com\/wp-content\/uploads\/2025\/10\/Powerball-jackpot-300x300.webp\",\"datePublished\":\"2025-03-26T10:16:37+00:00\",\"dateModified\":\"2026-03-29T20:27:48+00:00\",\"description\":\"Sprawd\u017a nagrody Powerball, jackpot oraz zasady gry w Powerball. Dowiedz si\u0119 wi\u0119cej o swoich szansach na wygran\u0105 w tej ameryka\u0144skiej loterii.\",\"breadcrumb\":{\"@id\":\"https:\/\/lottomat.com\/pl\/loterie\/powerball\/#breadcrumb\"},\"inLanguage\":\"pl-PL\",\"potentialAction\":[{\"@type\":\"ReadAction\",\"target\":[\"https:\/\/lottomat.com\/pl\/loterie\/powerball\/\"]}]},{\"@type\":\"ImageObject\",\"inLanguage\":\"pl-PL\",\"@id\":\"https:\/\/lottomat.com\/pl\/loterie\/powerball\/#primaryimage\",\"url\":\"https:\/\/lottomat.com\/wp-content\/uploads\/2025\/10\/Powerball-jackpot-300x300.webp\",\"contentUrl\":\"https:\/\/lottomat.com\/wp-content\/uploads\/2025\/10\/Powerball-jackpot-300x300.webp\"},{\"@type\":\"BreadcrumbList\",\"@id\":\"https:\/\/lottomat.com\/pl\/loterie\/powerball\/#breadcrumb\",\"itemListElement\":[{\"@type\":\"ListItem\",\"position\":1,\"name\":\"Home\",\"item\":\"https:\/\/lottomat.com\/pl\/\"},{\"@type\":\"ListItem\",\"position\":2,\"name\":\"Zasady loterii: Nagrody, Jackpot i Szanse\",\"item\":\"https:\/\/lottomat.com\/pl\/loterie\/\"},{\"@type\":\"ListItem\",\"position\":3,\"name\":\"Powerball Nagrody, Zasady i Jackpot\"}]},{\"@type\":\"WebSite\",\"@id\":\"https:\/\/lottomat.com\/pl\/#website\",\"url\":\"https:\/\/lottomat.com\/pl\/\",\"name\":\"Lottomat\",\"description\":\"\",\"potentialAction\":[{\"@type\":\"SearchAction\",\"target\":{\"@type\":\"EntryPoint\",\"urlTemplate\":\"https:\/\/lottomat.com\/pl\/?s={search_term_string}\"},\"query-input\":{\"@type\":\"PropertyValueSpecification\",\"valueRequired\":true,\"valueName\":\"search_term_string\"}}],\"inLanguage\":\"pl-PL\"}]}<\/script>\n<!-- \/ Yoast SEO plugin. -->","yoast_head_json":{"title":"Nagrody Powerball, Zasady i Jackpot - Informacje o Powerball - LottoMat Polska","description":"Sprawd\u017a nagrody Powerball, jackpot oraz zasady gry w Powerball. Dowiedz si\u0119 wi\u0119cej o swoich szansach na wygran\u0105 w tej ameryka\u0144skiej loterii.","robots":{"index":"index","follow":"follow","max-snippet":"max-snippet:-1","max-image-preview":"max-image-preview:large","max-video-preview":"max-video-preview:-1"},"canonical":"https:\/\/lottomat.com\/pl\/loterie\/powerball\/","og_locale":"pl_PL","og_type":"article","og_title":"Nagrody Powerball, Zasady i Jackpot - Informacje o Powerball - LottoMat Polska","og_description":"Sprawd\u017a nagrody Powerball, jackpot oraz zasady gry w Powerball. Dowiedz si\u0119 wi\u0119cej o swoich szansach na wygran\u0105 w tej ameryka\u0144skiej loterii.","og_url":"https:\/\/lottomat.com\/pl\/loterie\/powerball\/","og_site_name":"Lottomat","article_modified_time":"2026-03-29T20:27:48+00:00","og_image":[{"width":400,"height":400,"url":"https:\/\/lottomat.com\/wp-content\/uploads\/2025\/10\/Powerball-jackpot.webp","type":"image\/webp"}],"twitter_card":"summary_large_image","twitter_misc":{"Szacowany czas czytania":"5 minut"},"schema":{"@context":"https:\/\/schema.org","@graph":[{"@type":"WebPage","@id":"https:\/\/lottomat.com\/pl\/loterie\/powerball\/","url":"https:\/\/lottomat.com\/pl\/loterie\/powerball\/","name":"Nagrody Powerball, Zasady i Jackpot - Informacje o Powerball - LottoMat Polska","isPartOf":{"@id":"https:\/\/lottomat.com\/pl\/#website"},"primaryImageOfPage":{"@id":"https:\/\/lottomat.com\/pl\/loterie\/powerball\/#primaryimage"},"image":{"@id":"https:\/\/lottomat.com\/pl\/loterie\/powerball\/#primaryimage"},"thumbnailUrl":"https:\/\/lottomat.com\/wp-content\/uploads\/2025\/10\/Powerball-jackpot-300x300.webp","datePublished":"2025-03-26T10:16:37+00:00","dateModified":"2026-03-29T20:27:48+00:00","description":"Sprawd\u017a nagrody Powerball, jackpot oraz zasady gry w Powerball. Dowiedz si\u0119 wi\u0119cej o swoich szansach na wygran\u0105 w tej ameryka\u0144skiej loterii.","breadcrumb":{"@id":"https:\/\/lottomat.com\/pl\/loterie\/powerball\/#breadcrumb"},"inLanguage":"pl-PL","potentialAction":[{"@type":"ReadAction","target":["https:\/\/lottomat.com\/pl\/loterie\/powerball\/"]}]},{"@type":"ImageObject","inLanguage":"pl-PL","@id":"https:\/\/lottomat.com\/pl\/loterie\/powerball\/#primaryimage","url":"https:\/\/lottomat.com\/wp-content\/uploads\/2025\/10\/Powerball-jackpot-300x300.webp","contentUrl":"https:\/\/lottomat.com\/wp-content\/uploads\/2025\/10\/Powerball-jackpot-300x300.webp"},{"@type":"BreadcrumbList","@id":"https:\/\/lottomat.com\/pl\/loterie\/powerball\/#breadcrumb","itemListElement":[{"@type":"ListItem","position":1,"name":"Home","item":"https:\/\/lottomat.com\/pl\/"},{"@type":"ListItem","position":2,"name":"Zasady loterii: Nagrody, Jackpot i Szanse","item":"https:\/\/lottomat.com\/pl\/loterie\/"},{"@type":"ListItem","position":3,"name":"Powerball Nagrody, Zasady i Jackpot"}]},{"@type":"WebSite","@id":"https:\/\/lottomat.com\/pl\/#website","url":"https:\/\/lottomat.com\/pl\/","name":"Lottomat","description":"","potentialAction":[{"@type":"SearchAction","target":{"@type":"EntryPoint","urlTemplate":"https:\/\/lottomat.com\/pl\/?s={search_term_string}"},"query-input":{"@type":"PropertyValueSpecification","valueRequired":true,"valueName":"search_term_string"}}],"inLanguage":"pl-PL"}]}},"_links":{"self":[{"href":"https:\/\/lottomat.com\/pl\/wp-json\/wp\/v2\/pages\/10621","targetHints":{"allow":["GET"]}}],"collection":[{"href":"https:\/\/lottomat.com\/pl\/wp-json\/wp\/v2\/pages"}],"about":[{"href":"https:\/\/lottomat.com\/pl\/wp-json\/wp\/v2\/types\/page"}],"author":[{"embeddable":true,"href":"https:\/\/lottomat.com\/pl\/wp-json\/wp\/v2\/users\/1"}],"replies":[{"embeddable":true,"href":"https:\/\/lottomat.com\/pl\/wp-json\/wp\/v2\/comments?post=10621"}],"version-history":[{"count":4,"href":"https:\/\/lottomat.com\/pl\/wp-json\/wp\/v2\/pages\/10621\/revisions"}],"predecessor-version":[{"id":276182,"href":"https:\/\/lottomat.com\/pl\/wp-json\/wp\/v2\/pages\/10621\/revisions\/276182"}],"up":[{"embeddable":true,"href":"https:\/\/lottomat.com\/pl\/wp-json\/wp\/v2\/pages\/6897"}],"wp:attachment":[{"href":"https:\/\/lottomat.com\/pl\/wp-json\/wp\/v2\/media?parent=10621"}],"curies":[{"name":"wp","href":"https:\/\/api.w.org\/{rel}","templated":true}]}}