{"id":10561,"date":"2025-03-26T13:41:46","date_gmt":"2025-03-26T13:41:46","guid":{"rendered":"https:\/\/lottomat.net\/informacje-o-loterii\/informacje-o-mega-millions\/"},"modified":"2026-03-29T20:29:47","modified_gmt":"2026-03-29T20:29:47","slug":"mega-millions","status":"publish","type":"page","link":"https:\/\/lottomat.com\/pl\/loterie\/mega-millions\/","title":{"rendered":"Mega Millions Nagrody, Zasady i Jackpot"},"content":{"rendered":"\n\n<div class=\"kk-star-ratings kksr-auto kksr-align-left kksr-valign-top\"\n    data-payload='{&quot;align&quot;:&quot;left&quot;,&quot;id&quot;:&quot;10561&quot;,&quot;slug&quot;:&quot;default&quot;,&quot;valign&quot;:&quot;top&quot;,&quot;ignore&quot;:&quot;&quot;,&quot;reference&quot;:&quot;auto&quot;,&quot;class&quot;:&quot;&quot;,&quot;count&quot;:&quot;0&quot;,&quot;legendonly&quot;:&quot;&quot;,&quot;readonly&quot;:&quot;&quot;,&quot;score&quot;:&quot;0&quot;,&quot;starsonly&quot;:&quot;&quot;,&quot;best&quot;:&quot;5&quot;,&quot;gap&quot;:&quot;5&quot;,&quot;greet&quot;:&quot;Rate this page&quot;,&quot;legend&quot;:&quot;0\\\/5 - (0 votes)&quot;,&quot;size&quot;:&quot;30&quot;,&quot;title&quot;:&quot;Mega Millions Nagrody, Zasady i Jackpot&quot;,&quot;width&quot;:&quot;0&quot;,&quot;_legend&quot;:&quot;{score}\\\/{best} - ({count} {votes})&quot;,&quot;font_factor&quot;:&quot;1.25&quot;}'>\n            \n<div class=\"kksr-stars\">\n    \n<div class=\"kksr-stars-inactive\">\n            <div class=\"kksr-star\" data-star=\"1\" style=\"padding-right: 5px\">\n            \n\n<div class=\"kksr-icon\" style=\"width: 30px; height: 30px;\"><\/div>\n        <\/div>\n            <div class=\"kksr-star\" data-star=\"2\" style=\"padding-right: 5px\">\n            \n\n<div class=\"kksr-icon\" style=\"width: 30px; height: 30px;\"><\/div>\n        <\/div>\n            <div class=\"kksr-star\" data-star=\"3\" style=\"padding-right: 5px\">\n            \n\n<div class=\"kksr-icon\" style=\"width: 30px; height: 30px;\"><\/div>\n        <\/div>\n            <div class=\"kksr-star\" data-star=\"4\" style=\"padding-right: 5px\">\n            \n\n<div class=\"kksr-icon\" style=\"width: 30px; height: 30px;\"><\/div>\n        <\/div>\n            <div class=\"kksr-star\" data-star=\"5\" style=\"padding-right: 5px\">\n            \n\n<div class=\"kksr-icon\" style=\"width: 30px; height: 30px;\"><\/div>\n        <\/div>\n    <\/div>\n    \n<div class=\"kksr-stars-active\" style=\"width: 0px;\">\n            <div class=\"kksr-star\" style=\"padding-right: 5px\">\n            \n\n<div class=\"kksr-icon\" style=\"width: 30px; height: 30px;\"><\/div>\n        <\/div>\n            <div class=\"kksr-star\" style=\"padding-right: 5px\">\n            \n\n<div class=\"kksr-icon\" style=\"width: 30px; height: 30px;\"><\/div>\n        <\/div>\n            <div class=\"kksr-star\" style=\"padding-right: 5px\">\n            \n\n<div class=\"kksr-icon\" style=\"width: 30px; height: 30px;\"><\/div>\n        <\/div>\n            <div class=\"kksr-star\" style=\"padding-right: 5px\">\n            \n\n<div class=\"kksr-icon\" style=\"width: 30px; height: 30px;\"><\/div>\n        <\/div>\n            <div class=\"kksr-star\" style=\"padding-right: 5px\">\n            \n\n<div class=\"kksr-icon\" style=\"width: 30px; height: 30px;\"><\/div>\n        <\/div>\n    <\/div>\n<\/div>\n                \n\n<div class=\"kksr-legend\" style=\"font-size: 24px;\">\n            <span class=\"kksr-muted\">Rate this page<\/span>\n    <\/div>\n    <\/div>\n<p><strong>Chcesz wygra\u0107 nagrody i jackpoty Mega Millions?<\/strong> Gracze z ca\u0142ego \u015bwiata nieustannie zastanawiaj\u0105 si\u0119, jak rozszyfrowa\u0107 system gier liczbowych, na kt\u00f3r\u0105 loteri\u0119 postawi\u0107, czy gra\u0107 kombinacjami, czy trzyma\u0107 si\u0119 konsekwentnie jednej gry. Niestety, nie ma jednej uniwersalnej odpowiedzi na to pytanie. Ka\u017cdy do\u015bwiadczony gracz ma swoje teorie, przekonania i przyzwyczajenia. To, co mo\u017cna zrobi\u0107, to przede wszystkim nauczy\u0107 si\u0119 jak najwi\u0119cej o r\u00f3\u017cnych loteriach online, aby m\u00f3c podj\u0105\u0107 \u015bwiadom\u0105 decyzj\u0119, w co gra\u0107. Wszystko, co musisz wiedzie\u0107 o najlepszych i najpopularniejszych grach losowych online, znajdziesz na stronie LottoMat. To r\u00f3wnie\u017c tam mo\u017cesz zagra\u0107 w swoj\u0105 ulubion\u0105 loteri\u0119 lub <a href=\"https:\/\/lottomat.com\/pl\/wyniki\/\">sprawdzi\u0107 najnowsze wyniki losowa\u0144<\/a>. W artykule poni\u017cej skupimy si\u0119 na nagrodach, zasadach i najwa\u017cniejszych informacjach o Mega Millions.<\/p>\n<h2>Czym jest loteria Mega Millions?<img loading=\"lazy\" decoding=\"async\" class=\"alignright wp-image-253136\" src=\"https:\/\/lottomat.com\/wp-content\/uploads\/2025\/10\/prizes-and-jackpot.webp\" alt=\"nagrody i jackpot\" width=\"200\" height=\"200\" srcset=\"https:\/\/lottomat.com\/wp-content\/uploads\/2025\/10\/prizes-and-jackpot.webp 400w, https:\/\/lottomat.com\/wp-content\/uploads\/2025\/10\/prizes-and-jackpot-300x300.webp 300w, https:\/\/lottomat.com\/wp-content\/uploads\/2025\/10\/prizes-and-jackpot-150x150.webp 150w, https:\/\/lottomat.com\/wp-content\/uploads\/2025\/10\/prizes-and-jackpot-100x100.webp 100w\" sizes=\"auto, (max-width: 200px) 100vw, 200px\" \/><\/h2>\n<p>Mega Millions online, obok gry Powerball, to najpopularniejsza ameryka\u0144ska loteria liczbowego typu. Zyska\u0142a popularno\u015b\u0107 dzi\u0119ki prostym zasadom, \u0142atwo\u015bci gry, astronomicznym wygranym, a przede wszystkim \u2013 niesamowitym szansom na wygran\u0105. Niezwyk\u0142e emocje towarzysz\u0105 ka\u017cdemu losowaniu, a gdy pojawia si\u0119 jackpot Mega Millions, szalej\u0105 nie tylko gracze, ale nawet ci, kt\u00f3rzy w og\u00f3le nie bior\u0105 udzia\u0142u w grze. Losy na t\u0119 loteri\u0119 kupuje niemal ka\u017cdy Amerykanin, nawet ci, kt\u00f3rzy na co dzie\u0144 nie interesuj\u0105 si\u0119 grami losowymi. Jackpoty ekscytuj\u0105 nie tylko Amerykan\u00f3w \u2013 gra cieszy si\u0119 popularno\u015bci\u0105 na ca\u0142ym \u015bwiecie. Dzi\u0119ki mo\u017cliwo\u015bci <a href=\"https:\/\/lottomat.com\/pl\/graj\/mega-millions\/\">gry w Mega Millions online<\/a> ka\u017cdy doros\u0142y mo\u017ce wzi\u0105\u0107 udzia\u0142 w tej niezwyk\u0142ej loterii z dowolnego miejsca na \u015bwiecie.<\/p>\n<h2>Jaka jest historia Mega Millions?<\/h2>\n<p>Ta loteria zosta\u0142a za\u0142o\u017cona w 1996 roku i pocz\u0105tkowo nosi\u0142a nazw\u0119 The Big Game, kt\u00f3r\u0105 sze\u015b\u0107 lat p\u00f3\u017aniej zmieniono na obecn\u0105 nazw\u0119: Mega Millions. Na pocz\u0105tku by\u0142a dost\u0119pna tylko w sze\u015bciu stanach: Georgia, Maryland, Illinois, Massachusetts, Virginia i Michigan. Obecnie Mega Millions dzia\u0142a w <strong>45 stanach, Dystrykcie Kolumbii i na Wyspach Dziewiczych Stan\u00f3w Zjednoczonych<\/strong>. Losowanie Mega Millions odbywa si\u0119 w ka\u017cd\u0105 <strong>\u015brod\u0119 i sobot\u0119 wieczorem o godzinie 03:00 UTC<\/strong>, r\u00f3wnie\u017c w \u015bwi\u0119ta obchodzone przez Georgia Lottery. Losowania nagr\u00f3d Mega Millions oraz g\u0142\u00f3wnego jackpota maj\u0105 miejsce w Atlancie, w stanie Georgia.<\/p>\n<h2><img loading=\"lazy\" decoding=\"async\" class=\"alignleft wp-image-253166\" src=\"https:\/\/lottomat.com\/wp-content\/uploads\/2025\/10\/Mega-Millions-jackpot.webp\" alt=\"jackpot Mega Millions\" width=\"200\" height=\"200\" srcset=\"https:\/\/lottomat.com\/wp-content\/uploads\/2025\/10\/Mega-Millions-jackpot.webp 400w, https:\/\/lottomat.com\/wp-content\/uploads\/2025\/10\/Mega-Millions-jackpot-300x300.webp 300w, https:\/\/lottomat.com\/wp-content\/uploads\/2025\/10\/Mega-Millions-jackpot-150x150.webp 150w, https:\/\/lottomat.com\/wp-content\/uploads\/2025\/10\/Mega-Millions-jackpot-100x100.webp 100w\" sizes=\"auto, (max-width: 200px) 100vw, 200px\" \/>Jakie s\u0105 zasady Mega Millions?<\/h2>\n<p>Obecne zasady Mega Millions s\u0105 proste i podobne do tych w innych loteriach. Aby zagra\u0107, nale\u017cy wybra\u0107 <strong>pi\u0119\u0107 liczb z puli 70<\/strong> oraz jedn\u0105 dodatkow\u0105 liczb\u0119 (zwan\u0105 Mega Ball) z <strong>puli 24 z\u0142otych kul<\/strong>. Dodatkowa liczba, czyli Mega Ball, jest losowana z drugiego zestawu liczb, dzi\u0119ki czemu mo\u017ce si\u0119 pokry\u0107 z jedn\u0105 z g\u0142\u00f3wnych liczb.<\/p>\n<h3>Kluczowe zmiany w 2025 roku<\/h3>\n<ul class=\"list\">\n<li><strong>Cena losu:<\/strong> Obecnie wynosi 5 USD za gr\u0119 (wcze\u015bniej 2 USD)<\/li>\n<li><strong>Wbudowany mno\u017cnik:<\/strong> Ka\u017cdy los automatycznie zawiera mno\u017cnik (2X, 3X, 4X, 5X lub 10X)<\/li>\n<li><strong>Jackpot pocz\u0105tkowy:<\/strong> Zwi\u0119kszony z 20 milion\u00f3w USD do 50 milion\u00f3w USD<\/li>\n<li><strong>Lepsze szanse:<\/strong> Szanse na jackpot poprawi\u0142y si\u0119 z 1 do 302 575 350 na 1 do 290 472 336<\/li>\n<li><strong>Pula Mega Ball:<\/strong> Zmniejszona z 25 do 24 numer\u00f3w<\/li>\n<\/ul>\n<p><strong>Odgadni\u0119cie wszystkich sze\u015bciu liczb<\/strong> zapewnia g\u0142\u00f3wn\u0105 wygran\u0105. <strong>Wygrane drugiego stopnia wynosz\u0105 od 2 do 10 milion\u00f3w USD<\/strong> (w zale\u017cno\u015bci od mno\u017cnika), a gracze mog\u0105 wygra\u0107, typuj\u0105c pi\u0119\u0107 podstawowych liczb z g\u0142\u00f3wnej puli. <strong>Ogromne r\u00f3\u017cnice dziel\u0105<\/strong> pierwszy i drugi poziom nagr\u00f3d w Mega Millions! Je\u015bli nikt nie trafi wszystkich liczb, dochodzi do kumulacji. Jackpot w Mega Millions po kumulacji mo\u017ce osi\u0105ga\u0107 niewiarygodne kwoty. Warto wi\u0119c kupowa\u0107 losy Mega Millions online w\u0142a\u015bnie w czasie kumulacji.<\/p>\n<h2>Jakie s\u0105 najwi\u0119ksze jackpoty Mega Millions w historii?<img loading=\"lazy\" decoding=\"async\" class=\"alignright wp-image-253196\" src=\"https:\/\/lottomat.com\/wp-content\/uploads\/2025\/10\/rules-of-playing.webp\" alt=\"zasady gry\" width=\"200\" height=\"200\" srcset=\"https:\/\/lottomat.com\/wp-content\/uploads\/2025\/10\/rules-of-playing.webp 400w, https:\/\/lottomat.com\/wp-content\/uploads\/2025\/10\/rules-of-playing-300x300.webp 300w, https:\/\/lottomat.com\/wp-content\/uploads\/2025\/10\/rules-of-playing-150x150.webp 150w, https:\/\/lottomat.com\/wp-content\/uploads\/2025\/10\/rules-of-playing-100x100.webp 100w\" sizes=\"auto, (max-width: 200px) 100vw, 200px\" \/><\/h2>\n<p>Pi\u0119\u0107 najwi\u0119kszych jackpot\u00f3w Mega Millions w historii to:<\/p>\n<ol class=\"list\">\n<li><strong>1,602 miliarda USD<\/strong> (8 sierpnia 2023) \u2013 wygrana na Florydzie<\/li>\n<li><strong>1,537 miliarda USD<\/strong> (23 pa\u017adziernika 2018) \u2013 wygrana w Karolinie Po\u0142udniowej<\/li>\n<li><strong>1,35 miliarda USD<\/strong> (13 stycznia 2023) \u2013 wygrana w stanie Maine<\/li>\n<li><strong>1,337 miliarda USD<\/strong> (29 lipca 2022) \u2013 wygrana w Illinois<\/li>\n<li><strong>1,22 miliarda USD<\/strong> (27 grudnia 2024) \u2013 wygrana w Kalifornii<\/li>\n<\/ol>\n<p>Te rekordowe jackpoty pokazuj\u0105 niesamowity potencja\u0142 kumulacji Mega Millions i dowodz\u0105, \u017ce gra ta przynios\u0142a jedne z najwi\u0119kszych nagr\u00f3d loteryjnych w historii \u015bwiata.<\/p>\n<h2>Jakie jest ryzyko gry w Mega Millions?<\/h2>\n<p>M\u00f3wi si\u0119 cz\u0119sto, \u017ce \u201enie ma zabawy bez ryzyka\u201d \u2013 i to prawda. W przypadku Mega Millions powiedzenie to nabiera szczeg\u00f3lnego znaczenia. Niestety, ryzyko jest ogromne. Szanse na wygranie jackpota Mega Millions i trafienie wszystkich sze\u015bciu liczb wynosz\u0105 <strong>1 do 290 472 336<\/strong> (stan na 2025 rok). Tak ma\u0142e prawdopodobie\u0144stwo mo\u017ce zniech\u0119ci\u0107 wielu graczy, ale Mega Millions ma swoich wiernych entuzjast\u00f3w. Ryzyko jest bez w\u0105tpienia wysokie, ale jego podj\u0119cie mo\u017ce by\u0107 bardzo op\u0142acalne. Mega Millions to gra dla odwa\u017cnych graczy, kt\u00f3rzy graj\u0105 z determinacj\u0105 i chc\u0105 wygra\u0107 miliony. Gracze ostro\u017cni, unikaj\u0105cy ryzyka, raczej nie b\u0119d\u0105 ni\u0105 zainteresowani. Na szcz\u0119\u015bcie na <a href=\"https:\/\/lottomat.com\/pl\/\">stronie LottoMat<\/a> ka\u017cdy mo\u017ce znale\u017a\u0107 loteri\u0119 online dopasowan\u0105 do swoich preferencji.<\/p>\n<h2><img loading=\"lazy\" decoding=\"async\" class=\"alignleft wp-image-253226\" src=\"https:\/\/lottomat.com\/wp-content\/uploads\/2025\/10\/Mega-Millions-rules.webp\" alt=\"zasady Mega Millions\" width=\"200\" height=\"200\" srcset=\"https:\/\/lottomat.com\/wp-content\/uploads\/2025\/10\/Mega-Millions-rules.webp 400w, https:\/\/lottomat.com\/wp-content\/uploads\/2025\/10\/Mega-Millions-rules-300x300.webp 300w, https:\/\/lottomat.com\/wp-content\/uploads\/2025\/10\/Mega-Millions-rules-150x150.webp 150w, https:\/\/lottomat.com\/wp-content\/uploads\/2025\/10\/Mega-Millions-rules-100x100.webp 100w\" sizes=\"auto, (max-width: 200px) 100vw, 200px\" \/>Jakie s\u0105 nagrody Mega Millions i ile mo\u017cna wygra\u0107?<\/h2>\n<p>Gwarantowana warto\u015b\u0107 nagrody pierwszego stopnia wynosi obecnie <strong>50 milion\u00f3w USD<\/strong> jako jackpot pocz\u0105tkowy, znacznie wi\u0119cej ni\u017c wcze\u015bniejsze progi 15 milion\u00f3w USD i p\u00f3\u017aniej 20 milion\u00f3w USD. Zmiana ta uczyni\u0142a gr\u0119 jeszcze bardziej emocjonuj\u0105c\u0105 i atrakcyjn\u0105 dla graczy. Mega Millions oferuje dziewi\u0119\u0107 r\u00f3\u017cnych poziom\u00f3w nagr\u00f3d \u2013 od trafienia samego Mega Ball a\u017c po pe\u0142ny jackpot. Format z 2025 roku obejmuje <strong>wbudowan\u0105 funkcj\u0119 mno\u017cnika<\/strong>, kt\u00f3ra mo\u017ce zwi\u0119kszy\u0107 nagrody inne ni\u017c jackpot nawet 2, 3, 4, 5 lub 10 razy wzgl\u0119dem podstawowej kwoty. Oznacza to, \u017ce nawet mniejsze wygrane mog\u0105 sta\u0107 si\u0119 znacz\u0105ce. Nagroda drugiego stopnia (pi\u0119\u0107 g\u0142\u00f3wnych liczb bez Mega Ball) mo\u017ce teraz wynosi\u0107 od <strong>2 do 10 milion\u00f3w USD<\/strong>, w zale\u017cno\u015bci od wylosowanego mno\u017cnika. Wszystkie pozosta\u0142e poziomy nagr\u00f3d r\u00f3wnie\u017c korzystaj\u0105 z tej automatycznej funkcji mno\u017cenia, co sprawia, \u017ce ka\u017cdy los ma teraz wi\u0119kszy potencja\u0142 ni\u017c wcze\u015bniej.<\/p>\n<h2>Kto mo\u017ce gra\u0107 w Mega Millions i wygrywa\u0107?<\/h2>\n<p>Je\u015bli jeste\u015b w Stanach Zjednoczonych, mo\u017cesz kupi\u0107 los w punkcie sprzeda\u017cy loterii. Je\u015bli znajdujesz si\u0119 poza USA, mo\u017cesz skorzysta\u0107 ze strony LottoMat, kt\u00f3ra umo\u017cliwia zakup los\u00f3w. M\u00f3wi\u0105c pro\u015bciej, w Mega Millions mo\u017ce gra\u0107 <strong>ka\u017cdy doros\u0142y z dost\u0119pem do Internetu<\/strong>, czyli osoba powy\u017cej 18 roku \u017cycia. Obecnie gracze na ca\u0142ym \u015bwiecie maj\u0105 przywilej wysy\u0142ania los\u00f3w na dowoln\u0105 loteri\u0119 jednym klikni\u0119ciem, wype\u0142niaj\u0105c tyle los\u00f3w, ile chc\u0105 \u2013 i to z dowolnego miejsca na \u015bwiecie. Bez kolejek, bez szukania punkt\u00f3w loteryjnych, w spokoju, bez stresu i po\u015bpiechu przy wyborze numer\u00f3w. Na stronie LottoMat masz mo\u017cliwo\u015b\u0107 nie tylko zagra\u0107 w Mega Millions, ale tak\u017ce dowiedzie\u0107 si\u0119 wi\u0119cej o losowaniach, sposobach gry i <a href=\"https:\/\/lottomat.com\/pl\/wyniki\/mega-millions\/\">sprawdzi\u0107 najnowsze wyniki Mega Millions<\/a>.<\/p>\n<h2>Jakie s\u0105 twoje szanse na wygran\u0105 w Mega Millions?<img loading=\"lazy\" decoding=\"async\" class=\"alignright wp-image-253256\" src=\"https:\/\/lottomat.com\/wp-content\/uploads\/2025\/10\/Mega-Millions-prizes.webp\" alt=\"nagrody Mega Millions\" width=\"200\" height=\"200\" srcset=\"https:\/\/lottomat.com\/wp-content\/uploads\/2025\/10\/Mega-Millions-prizes.webp 400w, https:\/\/lottomat.com\/wp-content\/uploads\/2025\/10\/Mega-Millions-prizes-300x300.webp 300w, https:\/\/lottomat.com\/wp-content\/uploads\/2025\/10\/Mega-Millions-prizes-150x150.webp 150w, https:\/\/lottomat.com\/wp-content\/uploads\/2025\/10\/Mega-Millions-prizes-100x100.webp 100w\" sizes=\"auto, (max-width: 200px) 100vw, 200px\" \/><\/h2>\n<p>Og\u00f3lne szanse na wygranie jakiejkolwiek nagrody w Mega Millions wynosz\u0105 <strong>1 do 23<\/strong> (zamiast wcze\u015bniejszych 1 do 24, poprawione w 2025 roku). Cho\u0107 szanse na jackpot s\u0105 astronomiczne, istnieje wiele poziom\u00f3w nagr\u00f3d, kt\u00f3re oferuj\u0105 lepsze mo\u017cliwo\u015bci wygrania mniejszych kwot. <strong>Pami\u0119taj:<\/strong> Ka\u017cde losowanie jest ca\u0142kowicie losowe, a ka\u017cda kombinacja liczb ma takie same szanse na wylosowanie jak ka\u017cda inna. Wbudowana funkcja mno\u017cnika w 2025 roku zapewnia, \u017ce nawet nagrody inne ni\u017c jackpot mog\u0105 by\u0107 znacz\u0105ce \u2013 z mo\u017cliwo\u015bci\u0105 zwi\u0119kszenia wygranej do <strong>10 razy<\/strong> warto\u015bci bazowej. Dzi\u0119ki jackpotom regularnie przekraczaj\u0105cym setki milion\u00f3w i czasem przebijaj\u0105cym barier\u0119 miliarda dolar\u00f3w, Mega Millions wci\u0105\u017c daje graczom na ca\u0142ym \u015bwiecie szans\u0119 na spe\u0142nienie marzenia o natychmiastowym bogactwie.<\/p>\n<h2>Tabela nagr\u00f3d i szans Mega Millions<\/h2>\n","protected":false},"excerpt":{"rendered":"<p>Chcesz wygra\u0107 nagrody i jackpoty Mega Millions? Gracze z ca\u0142ego \u015bwiata nieustannie zastanawiaj\u0105 si\u0119, jak rozszyfrowa\u0107 system gier liczbowych, na kt\u00f3r\u0105 loteri\u0119 postawi\u0107, czy gra\u0107 kombinacjami, czy trzyma\u0107 si\u0119 konsekwentnie jednej gry. Niestety, nie ma jednej uniwersalnej odpowiedzi na to pytanie. Ka\u017cdy do\u015bwiadczony gracz ma swoje teorie, przekonania i przyzwyczajenia. To, co mo\u017cna zrobi\u0107, to [&hellip;]<\/p>\n","protected":false},"author":2,"featured_media":0,"parent":6897,"menu_order":2,"comment_status":"closed","ping_status":"closed","template":"megamillion-info.php","meta":{"_et_pb_use_builder":"","_et_pb_old_content":"","_et_gb_content_width":"","exclude_from_search":false,"footnotes":""},"class_list":["post-10561","page","type-page","status-publish","hentry"],"yoast_head":"<!-- This site is optimized with the Yoast SEO plugin v23.8 - https:\/\/yoast.com\/wordpress\/plugins\/seo\/ -->\n<title>Nagrody i jackpot Mega Millions [5\/70 + 1\/25] - LottoMat Polska<\/title>\n<meta name=\"description\" content=\"Masz szans\u0119 wygra\u0107 nagrody i jackpot Mega Millions. Mega Millions to niesamowita loteria, w kt\u00f3rej jackpoty rosn\u0105 jak szalone.\" \/>\n<meta name=\"robots\" content=\"index, follow, max-snippet:-1, max-image-preview:large, max-video-preview:-1\" \/>\n<link rel=\"canonical\" href=\"https:\/\/lottomat.com\/pl\/loterie\/mega-millions\/\" \/>\n<meta property=\"og:locale\" content=\"pl_PL\" \/>\n<meta property=\"og:type\" content=\"article\" \/>\n<meta property=\"og:title\" content=\"Nagrody i jackpot Mega Millions [5\/70 + 1\/25] - LottoMat Polska\" \/>\n<meta property=\"og:description\" content=\"Masz szans\u0119 wygra\u0107 nagrody i jackpot Mega Millions. Mega Millions to niesamowita loteria, w kt\u00f3rej jackpoty rosn\u0105 jak szalone.\" \/>\n<meta property=\"og:url\" content=\"https:\/\/lottomat.com\/pl\/loterie\/mega-millions\/\" \/>\n<meta property=\"og:site_name\" content=\"Lottomat\" \/>\n<meta property=\"article:modified_time\" content=\"2026-03-29T20:29:47+00:00\" \/>\n<meta property=\"og:image\" content=\"https:\/\/lottomat.com\/wp-content\/uploads\/2025\/10\/prizes-and-jackpot.webp\" \/>\n\t<meta property=\"og:image:width\" content=\"400\" \/>\n\t<meta property=\"og:image:height\" content=\"400\" \/>\n\t<meta property=\"og:image:type\" content=\"image\/webp\" \/>\n<meta name=\"twitter:card\" content=\"summary_large_image\" \/>\n<meta name=\"twitter:label1\" content=\"Szacowany czas czytania\" \/>\n\t<meta name=\"twitter:data1\" content=\"6 minut\" \/>\n<script type=\"application\/ld+json\" class=\"yoast-schema-graph\">{\"@context\":\"https:\/\/schema.org\",\"@graph\":[{\"@type\":\"WebPage\",\"@id\":\"https:\/\/lottomat.com\/pl\/loterie\/mega-millions\/\",\"url\":\"https:\/\/lottomat.com\/pl\/loterie\/mega-millions\/\",\"name\":\"Nagrody i jackpot Mega Millions [5\/70 + 1\/25] - LottoMat Polska\",\"isPartOf\":{\"@id\":\"https:\/\/lottomat.com\/pl\/#website\"},\"primaryImageOfPage\":{\"@id\":\"https:\/\/lottomat.com\/pl\/loterie\/mega-millions\/#primaryimage\"},\"image\":{\"@id\":\"https:\/\/lottomat.com\/pl\/loterie\/mega-millions\/#primaryimage\"},\"thumbnailUrl\":\"https:\/\/lottomat.com\/wp-content\/uploads\/2025\/10\/prizes-and-jackpot.webp\",\"datePublished\":\"2025-03-26T13:41:46+00:00\",\"dateModified\":\"2026-03-29T20:29:47+00:00\",\"description\":\"Masz szans\u0119 wygra\u0107 nagrody i jackpot Mega Millions. Mega Millions to niesamowita loteria, w kt\u00f3rej jackpoty rosn\u0105 jak szalone.\",\"breadcrumb\":{\"@id\":\"https:\/\/lottomat.com\/pl\/loterie\/mega-millions\/#breadcrumb\"},\"inLanguage\":\"pl-PL\",\"potentialAction\":[{\"@type\":\"ReadAction\",\"target\":[\"https:\/\/lottomat.com\/pl\/loterie\/mega-millions\/\"]}]},{\"@type\":\"ImageObject\",\"inLanguage\":\"pl-PL\",\"@id\":\"https:\/\/lottomat.com\/pl\/loterie\/mega-millions\/#primaryimage\",\"url\":\"https:\/\/lottomat.com\/wp-content\/uploads\/2025\/10\/prizes-and-jackpot.webp\",\"contentUrl\":\"https:\/\/lottomat.com\/wp-content\/uploads\/2025\/10\/prizes-and-jackpot.webp\"},{\"@type\":\"BreadcrumbList\",\"@id\":\"https:\/\/lottomat.com\/pl\/loterie\/mega-millions\/#breadcrumb\",\"itemListElement\":[{\"@type\":\"ListItem\",\"position\":1,\"name\":\"Home\",\"item\":\"https:\/\/lottomat.com\/pl\/\"},{\"@type\":\"ListItem\",\"position\":2,\"name\":\"Zasady loterii: Nagrody, Jackpot i Szanse\",\"item\":\"https:\/\/lottomat.com\/pl\/loterie\/\"},{\"@type\":\"ListItem\",\"position\":3,\"name\":\"Mega Millions Nagrody, Zasady i Jackpot\"}]},{\"@type\":\"WebSite\",\"@id\":\"https:\/\/lottomat.com\/pl\/#website\",\"url\":\"https:\/\/lottomat.com\/pl\/\",\"name\":\"Lottomat\",\"description\":\"\",\"potentialAction\":[{\"@type\":\"SearchAction\",\"target\":{\"@type\":\"EntryPoint\",\"urlTemplate\":\"https:\/\/lottomat.com\/pl\/?s={search_term_string}\"},\"query-input\":{\"@type\":\"PropertyValueSpecification\",\"valueRequired\":true,\"valueName\":\"search_term_string\"}}],\"inLanguage\":\"pl-PL\"}]}<\/script>\n<!-- \/ Yoast SEO plugin. -->","yoast_head_json":{"title":"Nagrody i jackpot Mega Millions [5\/70 + 1\/25] - LottoMat Polska","description":"Masz szans\u0119 wygra\u0107 nagrody i jackpot Mega Millions. Mega Millions to niesamowita loteria, w kt\u00f3rej jackpoty rosn\u0105 jak szalone.","robots":{"index":"index","follow":"follow","max-snippet":"max-snippet:-1","max-image-preview":"max-image-preview:large","max-video-preview":"max-video-preview:-1"},"canonical":"https:\/\/lottomat.com\/pl\/loterie\/mega-millions\/","og_locale":"pl_PL","og_type":"article","og_title":"Nagrody i jackpot Mega Millions [5\/70 + 1\/25] - LottoMat Polska","og_description":"Masz szans\u0119 wygra\u0107 nagrody i jackpot Mega Millions. Mega Millions to niesamowita loteria, w kt\u00f3rej jackpoty rosn\u0105 jak szalone.","og_url":"https:\/\/lottomat.com\/pl\/loterie\/mega-millions\/","og_site_name":"Lottomat","article_modified_time":"2026-03-29T20:29:47+00:00","og_image":[{"width":400,"height":400,"url":"https:\/\/lottomat.com\/wp-content\/uploads\/2025\/10\/prizes-and-jackpot.webp","type":"image\/webp"}],"twitter_card":"summary_large_image","twitter_misc":{"Szacowany czas czytania":"6 minut"},"schema":{"@context":"https:\/\/schema.org","@graph":[{"@type":"WebPage","@id":"https:\/\/lottomat.com\/pl\/loterie\/mega-millions\/","url":"https:\/\/lottomat.com\/pl\/loterie\/mega-millions\/","name":"Nagrody i jackpot Mega Millions [5\/70 + 1\/25] - LottoMat Polska","isPartOf":{"@id":"https:\/\/lottomat.com\/pl\/#website"},"primaryImageOfPage":{"@id":"https:\/\/lottomat.com\/pl\/loterie\/mega-millions\/#primaryimage"},"image":{"@id":"https:\/\/lottomat.com\/pl\/loterie\/mega-millions\/#primaryimage"},"thumbnailUrl":"https:\/\/lottomat.com\/wp-content\/uploads\/2025\/10\/prizes-and-jackpot.webp","datePublished":"2025-03-26T13:41:46+00:00","dateModified":"2026-03-29T20:29:47+00:00","description":"Masz szans\u0119 wygra\u0107 nagrody i jackpot Mega Millions. Mega Millions to niesamowita loteria, w kt\u00f3rej jackpoty rosn\u0105 jak szalone.","breadcrumb":{"@id":"https:\/\/lottomat.com\/pl\/loterie\/mega-millions\/#breadcrumb"},"inLanguage":"pl-PL","potentialAction":[{"@type":"ReadAction","target":["https:\/\/lottomat.com\/pl\/loterie\/mega-millions\/"]}]},{"@type":"ImageObject","inLanguage":"pl-PL","@id":"https:\/\/lottomat.com\/pl\/loterie\/mega-millions\/#primaryimage","url":"https:\/\/lottomat.com\/wp-content\/uploads\/2025\/10\/prizes-and-jackpot.webp","contentUrl":"https:\/\/lottomat.com\/wp-content\/uploads\/2025\/10\/prizes-and-jackpot.webp"},{"@type":"BreadcrumbList","@id":"https:\/\/lottomat.com\/pl\/loterie\/mega-millions\/#breadcrumb","itemListElement":[{"@type":"ListItem","position":1,"name":"Home","item":"https:\/\/lottomat.com\/pl\/"},{"@type":"ListItem","position":2,"name":"Zasady loterii: Nagrody, Jackpot i Szanse","item":"https:\/\/lottomat.com\/pl\/loterie\/"},{"@type":"ListItem","position":3,"name":"Mega Millions Nagrody, Zasady i Jackpot"}]},{"@type":"WebSite","@id":"https:\/\/lottomat.com\/pl\/#website","url":"https:\/\/lottomat.com\/pl\/","name":"Lottomat","description":"","potentialAction":[{"@type":"SearchAction","target":{"@type":"EntryPoint","urlTemplate":"https:\/\/lottomat.com\/pl\/?s={search_term_string}"},"query-input":{"@type":"PropertyValueSpecification","valueRequired":true,"valueName":"search_term_string"}}],"inLanguage":"pl-PL"}]}},"_links":{"self":[{"href":"https:\/\/lottomat.com\/pl\/wp-json\/wp\/v2\/pages\/10561","targetHints":{"allow":["GET"]}}],"collection":[{"href":"https:\/\/lottomat.com\/pl\/wp-json\/wp\/v2\/pages"}],"about":[{"href":"https:\/\/lottomat.com\/pl\/wp-json\/wp\/v2\/types\/page"}],"author":[{"embeddable":true,"href":"https:\/\/lottomat.com\/pl\/wp-json\/wp\/v2\/users\/2"}],"replies":[{"embeddable":true,"href":"https:\/\/lottomat.com\/pl\/wp-json\/wp\/v2\/comments?post=10561"}],"version-history":[{"count":5,"href":"https:\/\/lottomat.com\/pl\/wp-json\/wp\/v2\/pages\/10561\/revisions"}],"predecessor-version":[{"id":276184,"href":"https:\/\/lottomat.com\/pl\/wp-json\/wp\/v2\/pages\/10561\/revisions\/276184"}],"up":[{"embeddable":true,"href":"https:\/\/lottomat.com\/pl\/wp-json\/wp\/v2\/pages\/6897"}],"wp:attachment":[{"href":"https:\/\/lottomat.com\/pl\/wp-json\/wp\/v2\/media?parent=10561"}],"curies":[{"name":"wp","href":"https:\/\/api.w.org\/{rel}","templated":true}]}}