{"id":9217,"date":"2025-03-26T08:35:10","date_gmt":"2025-03-26T08:35:10","guid":{"rendered":"https:\/\/lottomat.net\/spelejiet-loteriju\/spelet-superenalotto-tiessaiste\/"},"modified":"2026-02-15T04:27:53","modified_gmt":"2026-02-15T04:27:53","slug":"supernalotto","status":"publish","type":"page","link":"https:\/\/lottomat.com\/lv\/spelet\/supernalotto\/","title":{"rendered":"SuperEnalotto Online &#8211; SuperEnalotto Kuponi"},"content":{"rendered":"\n\n<div class=\"kk-star-ratings kksr-auto kksr-align-left kksr-valign-top\"\n    data-payload='{&quot;align&quot;:&quot;left&quot;,&quot;id&quot;:&quot;9217&quot;,&quot;slug&quot;:&quot;default&quot;,&quot;valign&quot;:&quot;top&quot;,&quot;ignore&quot;:&quot;&quot;,&quot;reference&quot;:&quot;auto&quot;,&quot;class&quot;:&quot;&quot;,&quot;count&quot;:&quot;0&quot;,&quot;legendonly&quot;:&quot;&quot;,&quot;readonly&quot;:&quot;&quot;,&quot;score&quot;:&quot;0&quot;,&quot;starsonly&quot;:&quot;&quot;,&quot;best&quot;:&quot;5&quot;,&quot;gap&quot;:&quot;5&quot;,&quot;greet&quot;:&quot;Rate this page&quot;,&quot;legend&quot;:&quot;0\\\/5 - (0 votes)&quot;,&quot;size&quot;:&quot;30&quot;,&quot;title&quot;:&quot;SuperEnalotto Online - SuperEnalotto Kuponi&quot;,&quot;width&quot;:&quot;0&quot;,&quot;_legend&quot;:&quot;{score}\\\/{best} - ({count} {votes})&quot;,&quot;font_factor&quot;:&quot;1.25&quot;}'>\n            \n<div class=\"kksr-stars\">\n    \n<div class=\"kksr-stars-inactive\">\n            <div class=\"kksr-star\" data-star=\"1\" style=\"padding-right: 5px\">\n            \n\n<div class=\"kksr-icon\" style=\"width: 30px; height: 30px;\"><\/div>\n        <\/div>\n            <div class=\"kksr-star\" data-star=\"2\" style=\"padding-right: 5px\">\n            \n\n<div class=\"kksr-icon\" style=\"width: 30px; height: 30px;\"><\/div>\n        <\/div>\n            <div class=\"kksr-star\" data-star=\"3\" style=\"padding-right: 5px\">\n            \n\n<div class=\"kksr-icon\" style=\"width: 30px; height: 30px;\"><\/div>\n        <\/div>\n            <div class=\"kksr-star\" data-star=\"4\" style=\"padding-right: 5px\">\n            \n\n<div class=\"kksr-icon\" style=\"width: 30px; height: 30px;\"><\/div>\n        <\/div>\n            <div class=\"kksr-star\" data-star=\"5\" style=\"padding-right: 5px\">\n            \n\n<div class=\"kksr-icon\" style=\"width: 30px; height: 30px;\"><\/div>\n        <\/div>\n    <\/div>\n    \n<div class=\"kksr-stars-active\" style=\"width: 0px;\">\n            <div class=\"kksr-star\" style=\"padding-right: 5px\">\n            \n\n<div class=\"kksr-icon\" style=\"width: 30px; height: 30px;\"><\/div>\n        <\/div>\n            <div class=\"kksr-star\" style=\"padding-right: 5px\">\n            \n\n<div class=\"kksr-icon\" style=\"width: 30px; height: 30px;\"><\/div>\n        <\/div>\n            <div class=\"kksr-star\" style=\"padding-right: 5px\">\n            \n\n<div class=\"kksr-icon\" style=\"width: 30px; height: 30px;\"><\/div>\n        <\/div>\n            <div class=\"kksr-star\" style=\"padding-right: 5px\">\n            \n\n<div class=\"kksr-icon\" style=\"width: 30px; height: 30px;\"><\/div>\n        <\/div>\n            <div class=\"kksr-star\" style=\"padding-right: 5px\">\n            \n\n<div class=\"kksr-icon\" style=\"width: 30px; height: 30px;\"><\/div>\n        <\/div>\n    <\/div>\n<\/div>\n                \n\n<div class=\"kksr-legend\" style=\"font-size: 24px;\">\n            <span class=\"kksr-muted\">Rate this page<\/span>\n    <\/div>\n    <\/div>\n<h2><img loading=\"lazy\" decoding=\"async\" class=\"alignleft wp-image-252554\" src=\"https:\/\/lottomat.com\/wp-content\/uploads\/2025\/10\/Italian-lottery-online-300x300.webp\" alt=\"It\u0101\u013cu loterija tie\u0161saist\u0113\" width=\"200\" height=\"200\" srcset=\"https:\/\/lottomat.com\/wp-content\/uploads\/2025\/10\/Italian-lottery-online-300x300.webp 300w, https:\/\/lottomat.com\/wp-content\/uploads\/2025\/10\/Italian-lottery-online-150x150.webp 150w, https:\/\/lottomat.com\/wp-content\/uploads\/2025\/10\/Italian-lottery-online-100x100.webp 100w, https:\/\/lottomat.com\/wp-content\/uploads\/2025\/10\/Italian-lottery-online.webp 400w\" sizes=\"auto, (max-width: 200px) 100vw, 200px\" \/>Kas ir SuperEnalotto?<\/h2>\n<p><strong>SuperEnalotto ir popul\u0101r\u0101k\u0101 un presti\u017e\u0101k\u0101 loterija It\u0101lij\u0101<\/strong>, kas ir slavena ar to, ka pied\u0101v\u0101 da\u017eus no liel\u0101kajiem d\u017eekpotiem Eiropas loteriju v\u0113stur\u0113. \u0160\u012b le\u0123end\u0101r\u0101 it\u0101\u013cu loterija aizrauj sp\u0113l\u0113t\u0101jus kop\u0161 1997. gada ar savu unik\u0101lo form\u0101tu un iespaid\u012bgo laimestu potenci\u0101lu. <strong>SuperEnalotto izlozes notiek tr\u012bs reizes ned\u0113\u013c\u0101<\/strong> \u2013 otrdien\u0101s, ceturtdien\u0101s un sestdien\u0101s \u2013, dodot sp\u0113l\u0113t\u0101jiem vair\u0101kas iesp\u0113jas laim\u0113t summas, kas var main\u012bt dz\u012bvi. To, kas padara \u0161o it\u0101\u013cu loteriju \u012bpa\u0161u, ir d\u017eekpota neierobe\u017eotais apjoms \u2014 tas var augt bezgal\u012bgi, l\u012bdz k\u0101ds uzvar, bie\u017ei sasniedzot astronomiskus ciparus, kas piesaista starptautisku uzman\u012bbu. Vai v\u0113lies sp\u0113l\u0113t SuperEnalotto tie\u0161saist\u0113? Uzzini vair\u0101k!<\/p>\n<h2><img loading=\"lazy\" decoding=\"async\" class=\"alignright wp-image-252584\" src=\"https:\/\/lottomat.com\/wp-content\/uploads\/2025\/10\/play-SuperEnalotto-300x300.webp\" alt=\"sp\u0113l\u0113 SuperEnalotto\" width=\"200\" height=\"200\" srcset=\"https:\/\/lottomat.com\/wp-content\/uploads\/2025\/10\/play-SuperEnalotto-300x300.webp 300w, https:\/\/lottomat.com\/wp-content\/uploads\/2025\/10\/play-SuperEnalotto-150x150.webp 150w, https:\/\/lottomat.com\/wp-content\/uploads\/2025\/10\/play-SuperEnalotto-100x100.webp 100w, https:\/\/lottomat.com\/wp-content\/uploads\/2025\/10\/play-SuperEnalotto.webp 400w\" sizes=\"auto, (max-width: 200px) 100vw, 200px\" \/>K\u0101 sp\u0113l\u0113t SuperEnalotto tie\u0161saist\u0113?<\/h2>\n<p><strong>Sp\u0113l\u0113t SuperEnalotto tie\u0161saist\u0113, izmantojot LottoMat, ir \u0101rk\u0101rt\u012bgi \u0113rti un pieejami no jebkuras vietas pasaul\u0113 jebkur\u0101 laik\u0101<\/strong>. Process ir vienk\u0101r\u0161s un lietot\u0101jam draudz\u012bgs \u2013 vienk\u0101r\u0161i re\u0123istr\u0113jies <a href=\"https:\/\/lottomat.com\/lv\/\">LottoMat m\u0101jaslap\u0101<\/a>, izv\u0113lies savus laim\u012bgos skait\u013cus un ieg\u0101d\u0101jies kuponus tie\u0161saist\u0113, neizejot no m\u0101jas. <strong>Tu vari izv\u0113l\u0113ties skait\u013cus manu\u0101li, vadoties p\u0113c savas strat\u0113\u0123ijas, vai izmantot Quick Pick iesp\u0113ju, lai skait\u013ci tiktu izv\u0113l\u0113ti nejau\u0161i<\/strong>. \u0160\u012b elast\u012bba \u013cauj gan strat\u0113\u0123iskiem sp\u0113l\u0113t\u0101jiem, gan tiem, kas pa\u013caujas uz veiksmi, izbaud\u012bt It\u0101lijas slaven\u0101k\u0101s loterijas aizraut\u012bbu. Tie\u0161saistes sp\u0113le nov\u0113r\u0161 \u0123eogr\u0101fiskos ierobe\u017eojumus, \u013caujot starptautiskiem sp\u0113l\u0113t\u0101jiem piedal\u012bties vien\u0101 no aizraujo\u0161\u0101kaj\u0101m Eiropas loterij\u0101m.<\/p>\n<h2>K\u0101 ieg\u0101d\u0101ties SuperEnalotto kuponus tie\u0161saist\u0113?<\/h2>\n<p><strong>SuperEnalotto kuponu ieg\u0101de tie\u0161saist\u0113 prasa izmantot v\u0113lamo maks\u0101juma metodi, izmantojot dro\u0161o LottoMat platformu<\/strong>. Visi kuponi ir pieejami LottoMat m\u0101jaslap\u0101, nodro\u0161inot, ka tu nekad nepalaid gar\u0101m izlozi. <strong>M\u0113s garant\u0113jam tavu piedal\u012b\u0161anos, sken\u0113jot ori\u0123in\u0101los kuponus, kurus m\u016bsu licenc\u0113tie a\u0123enti ieg\u0101d\u0101jas tie\u0161i It\u0101lij\u0101<\/strong>. \u0160is process nodro\u0161ina, ka <a href=\"https:\/\/lottomat.com\/lv\/spelet\/\">tavi tie\u0161saistes loterijas kuponi<\/a> ir balst\u012bti uz \u012bstiem fiziskiem kuponiem, kas ieg\u0101d\u0101ti no pilnvarotiem It\u0101lijas tirgot\u0101jiem. Digit\u0101l\u0101s kuponu kopijas tiek dro\u0161i glab\u0101tas tav\u0101 kont\u0101, nodro\u0161inot piln\u012bgu p\u0101rredzam\u012bbu un dro\u0161\u012bbu taviem ieguld\u012bjumiem loterij\u0101. \u0160\u012b sist\u0113ma apvieno tie\u0161saistes sp\u0113les \u0113rt\u012bbu ar tradicion\u0101las kuponu ieg\u0101des uzticam\u012bbu.<\/p>\n<h2><img loading=\"lazy\" decoding=\"async\" class=\"wp-image-252614 alignleft\" src=\"https:\/\/lottomat.com\/wp-content\/uploads\/2025\/10\/SuperEnalotto-online-300x300.webp\" alt=\"SuperEnalotto tie\u0161saist\u0113\" width=\"200\" height=\"200\" srcset=\"https:\/\/lottomat.com\/wp-content\/uploads\/2025\/10\/SuperEnalotto-online-300x300.webp 300w, https:\/\/lottomat.com\/wp-content\/uploads\/2025\/10\/SuperEnalotto-online-150x150.webp 150w, https:\/\/lottomat.com\/wp-content\/uploads\/2025\/10\/SuperEnalotto-online-100x100.webp 100w, https:\/\/lottomat.com\/wp-content\/uploads\/2025\/10\/SuperEnalotto-online.webp 400w\" sizes=\"auto, (max-width: 200px) 100vw, 200px\" \/>Vai var ieg\u0101d\u0101ties vair\u0101kus SuperEnalotto kuponus?<\/h2>\n<p><strong>J\u0101, tu vari b\u016btiski palielin\u0101t savas izredzes laim\u0113t, ieg\u0101d\u0101joties vair\u0101kus SuperEnalotto kuponus vien\u0101 dar\u012bjum\u0101<\/strong>. LottoMat pied\u0101v\u0101 \u0113rtu \u201cvair\u0101k l\u012bniju\u201d iesp\u0113ju, kas \u013cauj vienlaikus ieg\u0101d\u0101ties l\u012bdz 20 kuponiem. \u0160\u012b funkcija ir ide\u0101la sp\u0113l\u0113t\u0101jiem, kuri v\u0113las maksim\u0101li palielin\u0101t savas izredzes uz laimestu, vai loterijas sindik\u0101tiem, kas apvieno savus resursus. <strong>Vair\u0101ku kuponu ieg\u0101de ne tikai palielina tavas iesp\u0113jas, bet ar\u012b atvieglo sp\u0113\u013cu p\u0101rvald\u012bbu<\/strong> vien\u0101 vienk\u0101r\u0161\u0101 dar\u012bjum\u0101.<\/p>\n<h2>Vai var ieg\u0101d\u0101ties SuperEnalotto kuponus vair\u0101k\u0101m izloz\u0113m?<\/h2>\n<p><strong>Protams! LottoMat \u013cauj ieg\u0101d\u0101ties SuperEnalotto kuponus l\u012bdz 8 sec\u012bg\u0101m izloz\u0113m<\/strong>, nodro\u0161inot, ka tu nekad nepalaid gar\u0101m iesp\u0113ju laim\u0113t. \u0160\u012b iepriek\u0161\u0113j\u0101s ieg\u0101des iesp\u0113ja ir ide\u0101la aiz\u0146emtiem sp\u0113l\u0113t\u0101jiem, kuri v\u0113las piedal\u012bties regul\u0101ri, neaizmirstot pirkt kuponus pirms katras izlozes. <strong>Sp\u0113l\u0113\u0161ana vair\u0101k\u0101m izloz\u0113m ar tiem pa\u0161iem skait\u013ciem var b\u016bt da\u013ca no ilgtermi\u0146a strat\u0113\u0123ijas<\/strong>, un daudzi sp\u0113l\u0113t\u0101ji izv\u0113las \u0161o pieeju t\u0101s \u0113rt\u012bbas un konsekvences d\u0113\u013c.<\/p>\n<h2>K\u0101da ir SuperEnalotto kuponu cena tie\u0161saist\u0113?<img loading=\"lazy\" decoding=\"async\" class=\"alignright wp-image-252644\" src=\"https:\/\/lottomat.com\/wp-content\/uploads\/2025\/10\/SuperEnalotto-tickets-300x300.webp\" alt=\"SuperEnalotto kuponi\" width=\"200\" height=\"200\" srcset=\"https:\/\/lottomat.com\/wp-content\/uploads\/2025\/10\/SuperEnalotto-tickets-300x300.webp 300w, https:\/\/lottomat.com\/wp-content\/uploads\/2025\/10\/SuperEnalotto-tickets-150x150.webp 150w, https:\/\/lottomat.com\/wp-content\/uploads\/2025\/10\/SuperEnalotto-tickets-100x100.webp 100w, https:\/\/lottomat.com\/wp-content\/uploads\/2025\/10\/SuperEnalotto-tickets.webp 400w\" sizes=\"auto, (max-width: 200px) 100vw, 200px\" \/><\/h2>\n<p><strong>P\u0113c l\u012bniju skaita izv\u0113les LottoMat autom\u0101tiskais kalkulators nekav\u0113joties apr\u0113\u0137in\u0101s kop\u0113jo tavu SuperEnalotto kuponu cenu<\/strong>. Cena ir caursp\u012bd\u012bga un skaidri par\u0101d\u012bta pirms pirkuma pabeig\u0161anas, t\u0101d\u0113j\u0101di nav sl\u0113ptu maks\u0101jumu vai p\u0101rsteigumu. <strong>M\u016bsu cenu sist\u0113ma \u0146em v\u0113r\u0101 l\u012bniju skaitu, izlo\u017eu skaitu un jebkuras papildu iesp\u0113jas, ko esi izv\u0113l\u0113jies<\/strong>, nodro\u0161inot piln\u012bgu p\u0101rskatu par taviem ieguld\u012bjumiem loterij\u0101. \u0160\u012b funkcija padara bud\u017eeta pl\u0101no\u0161anu loterijas sp\u0113lei vienk\u0101r\u0161u un saprotamu.<\/p>\n<h2>K\u0101di ir lab\u0101kie padomi, k\u0101 sp\u0113l\u0113t SuperEnalotto tie\u0161saist\u0113?<\/h2>\n<p><strong>Veiksm\u012bga SuperEnalotto sp\u0113le apvieno strat\u0113\u0123iju ar atbild\u012bgu sp\u0113l\u0113\u0161anu<\/strong>. Izmanto gan bie\u017ei izloz\u0113tos \u201ckarstos\u201d skait\u013cus, gan ret\u0101k izloz\u0113tos \u201caukstos\u201d skait\u013cus, ta\u010du atceries, ka katra izloze ir neatkar\u012bga un nejau\u0161a. <strong>Sist\u0113miskie kuponi var palielin\u0101t tavas izredzes, aptverot vair\u0101k skait\u013cu kombin\u0101ciju<\/strong>, savuk\u0101rt sp\u0113l\u0113\u0161ana ar tiem pa\u0161iem skait\u013ciem piesaista daudzus uztic\u012bgus sp\u0113l\u0113t\u0101jus. Nosaki sev \u0113rtu bud\u017eetu un iev\u0113ro to, uzl\u016bkojot loteriju k\u0101 izklaidi, nevis ieguld\u012bjumu. <strong>Izmanto vair\u0101kizlo\u017eu iesp\u0113ju, lai saglab\u0101tu konsekvenci<\/strong>, un apsver iesp\u0113ju pievienoties sindik\u0101tam, lai apvienotu resursus un palielin\u0101tu kop\u012bg\u0101s izredzes uz laimestu. Daudzi veiksm\u012bgi sp\u0113l\u0113t\u0101ji seko l\u012bdzi <a href=\"https:\/\/lottomat.com\/lv\/rezultati\/superenalotto\/\">SuperEnalotto izlo\u017eu rezult\u0101tiem<\/a> un to mode\u013ciem, ta\u010du atceries, ka loterija galu gal\u0101 ir balst\u012bta uz veiksmi. <strong>Galvenais ir sp\u0113l\u0113t atbild\u012bgi un izbaud\u012bt aizraujo\u0161o It\u0101lijas loterijas pieredzi<\/strong>.<\/p>\n<h2>Vai ir v\u0113rts sp\u0113l\u0113t SuperEnalotto tie\u0161saist\u0113?<\/h2>\n<p><strong>Sp\u0113l\u0113\u0161ana SuperEnalotto tie\u0161saist\u0113 sniedz izcilu iesp\u0113ju loterijas cien\u012bt\u0101jiem, kas mekl\u0113 liel\u0101kos d\u017eekpotus Eirop\u0101<\/strong>. Tie\u0161saistes sp\u0113les \u0113rt\u012bba apvienojum\u0101 ar SuperEnalotto neierobe\u017eoto d\u017eekpota potenci\u0101lu padara to pievilc\u012bgu nopietniem sp\u0113l\u0113t\u0101jiem. <strong>Iesp\u0113ja piedal\u012bties no jebkuras vietas pasaul\u0113 jebkur\u0101 laik\u0101 bez \u0123eogr\u0101fiskiem ierobe\u017eojumiem sniedz milz\u012bgu v\u0113rt\u012bbu<\/strong>. Ar tr\u012bs izloz\u0113m ned\u0113\u013c\u0101 un da\u017eiem no liel\u0101kajiem laimestiem loterijas v\u0113stur\u0113 SuperEnalotto pied\u0101v\u0101 vair\u0101k iesp\u0113ju un liel\u0101kas balvas nek\u0101 daudzas citas Eiropas loterijas. <strong>Piek\u013c\u016bstam\u012bba, dro\u0161\u012bba un milz\u012bgs laimestu potenci\u0101ls padara SuperEnalotto tie\u0161saistes sp\u0113li par patiesi v\u0113rt\u012bgu izv\u0113li<\/strong>. Uzzini vair\u0101k par <a href=\"https:\/\/lottomat.com\/lv\/informacija\/superenalotto\/\">SuperEnalotto balv\u0101m un d\u017eekpotiem<\/a> m\u016bsu m\u0101jaslap\u0101.<\/p>\n<h2>Vai SuperEnalotto kuponi, kas ieg\u0101d\u0101ti tie\u0161saist\u0113 caur LottoMat, ir dro\u0161i?<\/h2>\n<p><strong>J\u0101, SuperEnalotto kuponi, kas ieg\u0101d\u0101ti caur LottoMat, ir piln\u012bgi dro\u0161i<\/strong>. M\u0113s garant\u0113jam dro\u0161u visu tavu kuponu uzglab\u0101\u0161anu un p\u0101rvald\u012bbu, izmantojot m\u016bsu modernu digit\u0101lo sist\u0113mu. <strong>Katrais kupons tiek profesion\u0101li sken\u0113ts un saglab\u0101ts tav\u0101 person\u012bgaj\u0101 kont\u0101<\/strong>, nodro\u0161inot tev past\u0101v\u012bgu piek\u013cuvi dal\u012bbai un nov\u0113r\u0161ot risku pazaud\u0113t vai saboj\u0101t fiziskos kuponus. M\u016bsu licenc\u0113tie a\u0123enti ieg\u0101d\u0101jas ori\u0123in\u0101los kuponus tie\u0161i no ofici\u0101lajiem It\u0101lijas tirgot\u0101jiem, nodro\u0161inot to autentiskumu un likum\u012bbu. <strong>LottoMat dro\u0161\u012bbas pas\u0101kumi ietver \u0161ifr\u0113tas transakcijas, dro\u0161u datu glab\u0101\u0161anu un piln\u012bgu atbilst\u012bbu regul\u0101m<\/strong>, sniedzot p\u0101rliec\u012bbu, ka tavi ieguld\u012bjumi loterij\u0101 ir aizsarg\u0101ti. Tavi laimesti ir garant\u0113ti un autom\u0101tiski ieskait\u012bti tav\u0101 kont\u0101, padarot visu procesu caursp\u012bd\u012bgu un uzticamu.<\/p>\n","protected":false},"excerpt":{"rendered":"<p>Kas ir SuperEnalotto? SuperEnalotto ir popul\u0101r\u0101k\u0101 un presti\u017e\u0101k\u0101 loterija It\u0101lij\u0101, kas ir slavena ar to, ka pied\u0101v\u0101 da\u017eus no liel\u0101kajiem d\u017eekpotiem Eiropas loteriju v\u0113stur\u0113. \u0160\u012b le\u0123end\u0101r\u0101 it\u0101\u013cu loterija aizrauj sp\u0113l\u0113t\u0101jus kop\u0161 1997. gada ar savu unik\u0101lo form\u0101tu un iespaid\u012bgo laimestu potenci\u0101lu. SuperEnalotto izlozes notiek tr\u012bs reizes ned\u0113\u013c\u0101 \u2013 otrdien\u0101s, ceturtdien\u0101s un sestdien\u0101s \u2013, dodot sp\u0113l\u0113t\u0101jiem [&hellip;]<\/p>\n","protected":false},"author":1,"featured_media":0,"parent":6784,"menu_order":5,"comment_status":"closed","ping_status":"closed","template":"superenalotto.php","meta":{"_et_pb_use_builder":"","_et_pb_old_content":"","_et_gb_content_width":"","exclude_from_search":false,"footnotes":""},"class_list":["post-9217","page","type-page","status-publish","hentry"],"yoast_head":"<!-- This site is optimized with the Yoast SEO plugin v23.8 - https:\/\/yoast.com\/wordpress\/plugins\/seo\/ -->\n<title>SuperEnalotto Online - SuperEnalotto Kuponi - Lottomat<\/title>\n<meta name=\"description\" content=\"Sp\u0113l\u0113 it\u0101\u013cu SuperEnalotto tie\u0161saist\u0113 un laim\u0113 bag\u0101t\u012bbu! Ieg\u0101d\u0101jies SuperEnalotto kuponus vietn\u0113 Lottomat un piedalies n\u0101kamaj\u0101 It\u0101lijas loterijas izloz\u0113.\" \/>\n<meta name=\"robots\" content=\"index, follow, max-snippet:-1, max-image-preview:large, max-video-preview:-1\" \/>\n<link rel=\"canonical\" href=\"https:\/\/lottomat.com\/lv\/spelet\/supernalotto\/\" \/>\n<meta property=\"og:locale\" content=\"lv_LV\" \/>\n<meta property=\"og:type\" content=\"article\" \/>\n<meta property=\"og:title\" content=\"SuperEnalotto Online - SuperEnalotto Kuponi - Lottomat\" \/>\n<meta property=\"og:description\" content=\"Sp\u0113l\u0113 it\u0101\u013cu SuperEnalotto tie\u0161saist\u0113 un laim\u0113 bag\u0101t\u012bbu! Ieg\u0101d\u0101jies SuperEnalotto kuponus vietn\u0113 Lottomat un piedalies n\u0101kamaj\u0101 It\u0101lijas loterijas izloz\u0113.\" \/>\n<meta property=\"og:url\" content=\"https:\/\/lottomat.com\/lv\/spelet\/supernalotto\/\" \/>\n<meta property=\"og:site_name\" content=\"Lottomat\" \/>\n<meta property=\"article:modified_time\" content=\"2026-02-15T04:27:53+00:00\" \/>\n<meta property=\"og:image\" content=\"https:\/\/lottomat.com\/wp-content\/uploads\/2025\/10\/Italian-lottery-online-300x300.webp\" \/>\n<meta name=\"twitter:card\" content=\"summary_large_image\" \/>\n<meta name=\"twitter:label1\" content=\"Est. reading time\" \/>\n\t<meta name=\"twitter:data1\" content=\"5 minutes\" \/>\n<script type=\"application\/ld+json\" class=\"yoast-schema-graph\">{\"@context\":\"https:\/\/schema.org\",\"@graph\":[{\"@type\":\"WebPage\",\"@id\":\"https:\/\/lottomat.com\/lv\/spelet\/supernalotto\/\",\"url\":\"https:\/\/lottomat.com\/lv\/spelet\/supernalotto\/\",\"name\":\"SuperEnalotto Online - SuperEnalotto Kuponi - Lottomat\",\"isPartOf\":{\"@id\":\"https:\/\/lottomat.com\/lv\/#website\"},\"primaryImageOfPage\":{\"@id\":\"https:\/\/lottomat.com\/lv\/spelet\/supernalotto\/#primaryimage\"},\"image\":{\"@id\":\"https:\/\/lottomat.com\/lv\/spelet\/supernalotto\/#primaryimage\"},\"thumbnailUrl\":\"https:\/\/lottomat.com\/wp-content\/uploads\/2025\/10\/Italian-lottery-online-300x300.webp\",\"datePublished\":\"2025-03-26T08:35:10+00:00\",\"dateModified\":\"2026-02-15T04:27:53+00:00\",\"description\":\"Sp\u0113l\u0113 it\u0101\u013cu SuperEnalotto tie\u0161saist\u0113 un laim\u0113 bag\u0101t\u012bbu! Ieg\u0101d\u0101jies SuperEnalotto kuponus vietn\u0113 Lottomat un piedalies n\u0101kamaj\u0101 It\u0101lijas loterijas izloz\u0113.\",\"breadcrumb\":{\"@id\":\"https:\/\/lottomat.com\/lv\/spelet\/supernalotto\/#breadcrumb\"},\"inLanguage\":\"lv-LV\",\"potentialAction\":[{\"@type\":\"ReadAction\",\"target\":[\"https:\/\/lottomat.com\/lv\/spelet\/supernalotto\/\"]}]},{\"@type\":\"ImageObject\",\"inLanguage\":\"lv-LV\",\"@id\":\"https:\/\/lottomat.com\/lv\/spelet\/supernalotto\/#primaryimage\",\"url\":\"https:\/\/lottomat.com\/wp-content\/uploads\/2025\/10\/Italian-lottery-online-300x300.webp\",\"contentUrl\":\"https:\/\/lottomat.com\/wp-content\/uploads\/2025\/10\/Italian-lottery-online-300x300.webp\"},{\"@type\":\"BreadcrumbList\",\"@id\":\"https:\/\/lottomat.com\/lv\/spelet\/supernalotto\/#breadcrumb\",\"itemListElement\":[{\"@type\":\"ListItem\",\"position\":1,\"name\":\"Home\",\"item\":\"https:\/\/lottomat.com\/lv\/\"},{\"@type\":\"ListItem\",\"position\":2,\"name\":\"Sp\u0113l\u0113 Loteriju\",\"item\":\"https:\/\/lottomat.com\/lv\/spelet\/\"},{\"@type\":\"ListItem\",\"position\":3,\"name\":\"SuperEnalotto Online &#8211; SuperEnalotto Kuponi\"}]},{\"@type\":\"WebSite\",\"@id\":\"https:\/\/lottomat.com\/lv\/#website\",\"url\":\"https:\/\/lottomat.com\/lv\/\",\"name\":\"Lottomat\",\"description\":\"\",\"potentialAction\":[{\"@type\":\"SearchAction\",\"target\":{\"@type\":\"EntryPoint\",\"urlTemplate\":\"https:\/\/lottomat.com\/lv\/?s={search_term_string}\"},\"query-input\":{\"@type\":\"PropertyValueSpecification\",\"valueRequired\":true,\"valueName\":\"search_term_string\"}}],\"inLanguage\":\"lv-LV\"}]}<\/script>\n<!-- \/ Yoast SEO plugin. -->","yoast_head_json":{"title":"SuperEnalotto Online - SuperEnalotto Kuponi - Lottomat","description":"Sp\u0113l\u0113 it\u0101\u013cu SuperEnalotto tie\u0161saist\u0113 un laim\u0113 bag\u0101t\u012bbu! Ieg\u0101d\u0101jies SuperEnalotto kuponus vietn\u0113 Lottomat un piedalies n\u0101kamaj\u0101 It\u0101lijas loterijas izloz\u0113.","robots":{"index":"index","follow":"follow","max-snippet":"max-snippet:-1","max-image-preview":"max-image-preview:large","max-video-preview":"max-video-preview:-1"},"canonical":"https:\/\/lottomat.com\/lv\/spelet\/supernalotto\/","og_locale":"lv_LV","og_type":"article","og_title":"SuperEnalotto Online - SuperEnalotto Kuponi - Lottomat","og_description":"Sp\u0113l\u0113 it\u0101\u013cu SuperEnalotto tie\u0161saist\u0113 un laim\u0113 bag\u0101t\u012bbu! Ieg\u0101d\u0101jies SuperEnalotto kuponus vietn\u0113 Lottomat un piedalies n\u0101kamaj\u0101 It\u0101lijas loterijas izloz\u0113.","og_url":"https:\/\/lottomat.com\/lv\/spelet\/supernalotto\/","og_site_name":"Lottomat","article_modified_time":"2026-02-15T04:27:53+00:00","og_image":[{"url":"https:\/\/lottomat.com\/wp-content\/uploads\/2025\/10\/Italian-lottery-online-300x300.webp"}],"twitter_card":"summary_large_image","twitter_misc":{"Est. reading time":"5 minutes"},"schema":{"@context":"https:\/\/schema.org","@graph":[{"@type":"WebPage","@id":"https:\/\/lottomat.com\/lv\/spelet\/supernalotto\/","url":"https:\/\/lottomat.com\/lv\/spelet\/supernalotto\/","name":"SuperEnalotto Online - SuperEnalotto Kuponi - Lottomat","isPartOf":{"@id":"https:\/\/lottomat.com\/lv\/#website"},"primaryImageOfPage":{"@id":"https:\/\/lottomat.com\/lv\/spelet\/supernalotto\/#primaryimage"},"image":{"@id":"https:\/\/lottomat.com\/lv\/spelet\/supernalotto\/#primaryimage"},"thumbnailUrl":"https:\/\/lottomat.com\/wp-content\/uploads\/2025\/10\/Italian-lottery-online-300x300.webp","datePublished":"2025-03-26T08:35:10+00:00","dateModified":"2026-02-15T04:27:53+00:00","description":"Sp\u0113l\u0113 it\u0101\u013cu SuperEnalotto tie\u0161saist\u0113 un laim\u0113 bag\u0101t\u012bbu! Ieg\u0101d\u0101jies SuperEnalotto kuponus vietn\u0113 Lottomat un piedalies n\u0101kamaj\u0101 It\u0101lijas loterijas izloz\u0113.","breadcrumb":{"@id":"https:\/\/lottomat.com\/lv\/spelet\/supernalotto\/#breadcrumb"},"inLanguage":"lv-LV","potentialAction":[{"@type":"ReadAction","target":["https:\/\/lottomat.com\/lv\/spelet\/supernalotto\/"]}]},{"@type":"ImageObject","inLanguage":"lv-LV","@id":"https:\/\/lottomat.com\/lv\/spelet\/supernalotto\/#primaryimage","url":"https:\/\/lottomat.com\/wp-content\/uploads\/2025\/10\/Italian-lottery-online-300x300.webp","contentUrl":"https:\/\/lottomat.com\/wp-content\/uploads\/2025\/10\/Italian-lottery-online-300x300.webp"},{"@type":"BreadcrumbList","@id":"https:\/\/lottomat.com\/lv\/spelet\/supernalotto\/#breadcrumb","itemListElement":[{"@type":"ListItem","position":1,"name":"Home","item":"https:\/\/lottomat.com\/lv\/"},{"@type":"ListItem","position":2,"name":"Sp\u0113l\u0113 Loteriju","item":"https:\/\/lottomat.com\/lv\/spelet\/"},{"@type":"ListItem","position":3,"name":"SuperEnalotto Online &#8211; SuperEnalotto Kuponi"}]},{"@type":"WebSite","@id":"https:\/\/lottomat.com\/lv\/#website","url":"https:\/\/lottomat.com\/lv\/","name":"Lottomat","description":"","potentialAction":[{"@type":"SearchAction","target":{"@type":"EntryPoint","urlTemplate":"https:\/\/lottomat.com\/lv\/?s={search_term_string}"},"query-input":{"@type":"PropertyValueSpecification","valueRequired":true,"valueName":"search_term_string"}}],"inLanguage":"lv-LV"}]}},"_links":{"self":[{"href":"https:\/\/lottomat.com\/lv\/wp-json\/wp\/v2\/pages\/9217","targetHints":{"allow":["GET"]}}],"collection":[{"href":"https:\/\/lottomat.com\/lv\/wp-json\/wp\/v2\/pages"}],"about":[{"href":"https:\/\/lottomat.com\/lv\/wp-json\/wp\/v2\/types\/page"}],"author":[{"embeddable":true,"href":"https:\/\/lottomat.com\/lv\/wp-json\/wp\/v2\/users\/1"}],"replies":[{"embeddable":true,"href":"https:\/\/lottomat.com\/lv\/wp-json\/wp\/v2\/comments?post=9217"}],"version-history":[{"count":3,"href":"https:\/\/lottomat.com\/lv\/wp-json\/wp\/v2\/pages\/9217\/revisions"}],"predecessor-version":[{"id":271088,"href":"https:\/\/lottomat.com\/lv\/wp-json\/wp\/v2\/pages\/9217\/revisions\/271088"}],"up":[{"embeddable":true,"href":"https:\/\/lottomat.com\/lv\/wp-json\/wp\/v2\/pages\/6784"}],"wp:attachment":[{"href":"https:\/\/lottomat.com\/lv\/wp-json\/wp\/v2\/media?parent=9217"}],"curies":[{"name":"wp","href":"https:\/\/api.w.org\/{rel}","templated":true}]}}