{"id":8637,"date":"2025-03-26T07:54:05","date_gmt":"2025-03-26T07:54:05","guid":{"rendered":"https:\/\/lottomat.net\/spelejiet-loteriju\/spelet-mega-millions-tiessaiste\/"},"modified":"2025-11-11T13:34:37","modified_gmt":"2025-11-11T13:34:37","slug":"mega-millions","status":"publish","type":"page","link":"https:\/\/lottomat.com\/lv\/spelet\/mega-millions\/","title":{"rendered":"Sp\u0113l\u0113 Mega Millions tie\u0161saist\u0113 \u2013 Mega Millions kuponi"},"content":{"rendered":"\n\n<div class=\"kk-star-ratings kksr-auto kksr-align-left kksr-valign-top\"\n    data-payload='{&quot;align&quot;:&quot;left&quot;,&quot;id&quot;:&quot;8637&quot;,&quot;slug&quot;:&quot;default&quot;,&quot;valign&quot;:&quot;top&quot;,&quot;ignore&quot;:&quot;&quot;,&quot;reference&quot;:&quot;auto&quot;,&quot;class&quot;:&quot;&quot;,&quot;count&quot;:&quot;0&quot;,&quot;legendonly&quot;:&quot;&quot;,&quot;readonly&quot;:&quot;&quot;,&quot;score&quot;:&quot;0&quot;,&quot;starsonly&quot;:&quot;&quot;,&quot;best&quot;:&quot;5&quot;,&quot;gap&quot;:&quot;5&quot;,&quot;greet&quot;:&quot;Rate this page&quot;,&quot;legend&quot;:&quot;0\\\/5 - (0 votes)&quot;,&quot;size&quot;:&quot;30&quot;,&quot;title&quot;:&quot;Sp\u0113l\u0113 Mega Millions tie\u0161saist\u0113 \u2013 Mega Millions kuponi&quot;,&quot;width&quot;:&quot;0&quot;,&quot;_legend&quot;:&quot;{score}\\\/{best} - ({count} {votes})&quot;,&quot;font_factor&quot;:&quot;1.25&quot;}'>\n            \n<div class=\"kksr-stars\">\n    \n<div class=\"kksr-stars-inactive\">\n            <div class=\"kksr-star\" data-star=\"1\" style=\"padding-right: 5px\">\n            \n\n<div class=\"kksr-icon\" style=\"width: 30px; height: 30px;\"><\/div>\n        <\/div>\n            <div class=\"kksr-star\" data-star=\"2\" style=\"padding-right: 5px\">\n            \n\n<div class=\"kksr-icon\" style=\"width: 30px; height: 30px;\"><\/div>\n        <\/div>\n            <div class=\"kksr-star\" data-star=\"3\" style=\"padding-right: 5px\">\n            \n\n<div class=\"kksr-icon\" style=\"width: 30px; height: 30px;\"><\/div>\n        <\/div>\n            <div class=\"kksr-star\" data-star=\"4\" style=\"padding-right: 5px\">\n            \n\n<div class=\"kksr-icon\" style=\"width: 30px; height: 30px;\"><\/div>\n        <\/div>\n            <div class=\"kksr-star\" data-star=\"5\" style=\"padding-right: 5px\">\n            \n\n<div class=\"kksr-icon\" style=\"width: 30px; height: 30px;\"><\/div>\n        <\/div>\n    <\/div>\n    \n<div class=\"kksr-stars-active\" style=\"width: 0px;\">\n            <div class=\"kksr-star\" style=\"padding-right: 5px\">\n            \n\n<div class=\"kksr-icon\" style=\"width: 30px; height: 30px;\"><\/div>\n        <\/div>\n            <div class=\"kksr-star\" style=\"padding-right: 5px\">\n            \n\n<div class=\"kksr-icon\" style=\"width: 30px; height: 30px;\"><\/div>\n        <\/div>\n            <div class=\"kksr-star\" style=\"padding-right: 5px\">\n            \n\n<div class=\"kksr-icon\" style=\"width: 30px; height: 30px;\"><\/div>\n        <\/div>\n            <div class=\"kksr-star\" style=\"padding-right: 5px\">\n            \n\n<div class=\"kksr-icon\" style=\"width: 30px; height: 30px;\"><\/div>\n        <\/div>\n            <div class=\"kksr-star\" style=\"padding-right: 5px\">\n            \n\n<div class=\"kksr-icon\" style=\"width: 30px; height: 30px;\"><\/div>\n        <\/div>\n    <\/div>\n<\/div>\n                \n\n<div class=\"kksr-legend\" style=\"font-size: 24px;\">\n            <span class=\"kksr-muted\">Rate this page<\/span>\n    <\/div>\n    <\/div>\n<h2>K\u0101 darbojas Mega Millions loterija?<\/h2>\n<p>Online loterija Mega Millions ir vienk\u0101r\u0161a skait\u013cu sp\u0113le ar viegli iegaum\u0113jamiem noteikumiem. Katram sp\u0113l\u0113t\u0101jam ir j\u0101izv\u0113las pieci galvenie skait\u013ci no 1 l\u012bdz 70 un Mega Ball \u2014 unik\u0101ls bonusa skaitlis no 1 l\u012bdz 24. Galveno balvu sa\u0146em sp\u0113l\u0113t\u0101js, kura kupon\u0101 ir visi se\u0161i izloz\u0113tie skait\u013ci \u2014 pieci galvenie un viens bonusa skaitlis. Ir v\u0113rts atz\u012bm\u0113t, ka <strong>Mega Millions ir loterija ar devi\u0146iem laimestu l\u012bme\u0146iem<\/strong>, kuros katrs sp\u0113l\u0113t\u0101js var ieg\u016bt naudas balvu. Turkl\u0101t kupons ar pareizi atz\u012bm\u0113tu tikai Mega Ball ar\u012b laim\u0113. K\u0101 jau min\u0113ts iepriek\u0161, Mega Millions ir loterija, kas sniedz patiesi lielas iesp\u0113jas laim\u0113t miljonus dol\u0101ru. Lasiet <a href=\"https:\/\/lottomat.com\/lv\/informacija\/mega-millions\/\">vair\u0101k par Mega Millions noteikumiem<\/a> m\u016bsu t\u012bmek\u013ca vietn\u0113 un uzziniet vair\u0101k.<\/p>\n<h2><img loading=\"lazy\" decoding=\"async\" class=\"alignleft wp-image-251833\" src=\"https:\/\/lottomat.com\/wp-content\/uploads\/2025\/10\/play-Mega-Millions.webp\" alt=\"sp\u0113l\u0113 Mega Millions\" width=\"200\" height=\"200\" srcset=\"https:\/\/lottomat.com\/wp-content\/uploads\/2025\/10\/play-Mega-Millions.webp 400w, https:\/\/lottomat.com\/wp-content\/uploads\/2025\/10\/play-Mega-Millions-300x300.webp 300w, https:\/\/lottomat.com\/wp-content\/uploads\/2025\/10\/play-Mega-Millions-150x150.webp 150w, https:\/\/lottomat.com\/wp-content\/uploads\/2025\/10\/play-Mega-Millions-100x100.webp 100w\" sizes=\"auto, (max-width: 200px) 100vw, 200px\" \/>Cik daudz var laim\u0113t ar Mega Millions tie\u0161saist\u0113?<\/h2>\n<p>Pareizi uzminot visus izloz\u0113tos skait\u013cus, tiek garant\u0113ta galven\u0101 balva vai t\u0101s da\u013ca, ja uzvar\u0113t\u0101ju ir vair\u0101ki. Ja vair\u0101ki sp\u0113l\u0113t\u0101ji atz\u012bm\u0113 visus izloz\u0113tos skait\u013cus, galven\u0101 naudas balva tiek sadal\u012bta proporcion\u0101li starp visiem dal\u012bbniekiem. Ja tu uzmini piecus galvenos skait\u013cus, bet ne Mega Ball, tu sa\u0146em <strong>garant\u0113tu 1 000 000 USD laimestu<\/strong> (j\u0101, tu nep\u0101rklaus\u012bjies \u2013 viens miljons dol\u0101ru par pieciem pareiziem skait\u013ciem!). Mega Millions ir loterija ar bie\u017eiem d\u017eekpotiem, kas var pieaugt l\u012bdz neticamiem apm\u0113riem, t\u0101p\u0113c laim\u0113ju\u0161ie kuponi sniedz iev\u0113rojamu pe\u013c\u0146u. Mega Millions pied\u0101v\u0101 ar\u012b divas papildu iesp\u0113jas. Diem\u017e\u0113l \u0161\u012bs iesp\u0113jas, tostarp iesp\u0113ja ieg\u0101d\u0101ties l\u0113t\u0101ku kuponu tikai d\u017eekpotam vai palielin\u0101t zem\u0101ko l\u012bme\u0146u laimestus, ir pieejamas tikai noteiktu ASV \u0161tatu iedz\u012bvot\u0101jiem. Tom\u0113r galven\u0101 balva un zem\u0101ki l\u012bme\u0146i ir pieejami visiem citiem sp\u0113l\u0113t\u0101jiem.<\/p>\n<h2>K\u0101da ir Mega Millions tie\u0161saistes kupona cena?<\/h2>\n<p>Lai p\u0101rbaud\u012btu viena vai vair\u0101ku kuponu cenu, izmanto Lottomat t\u012bmek\u013ca vietni un skait\u013cu izv\u0113les opciju. P\u0113c kupona aizpild\u012b\u0161anas t\u0101 cena tiks par\u0101d\u012bta zem izv\u0113l\u0113tajiem laukiem. <strong>Kalkulators autom\u0101tiski apr\u0113\u0137in\u0101s maks\u0101juma summu<\/strong> atkar\u012bb\u0101 no izv\u0113l\u0113to Mega Millions tie\u0161saistes kuponu skaita. Kupona cen\u0101 ir iek\u013cautas visas komisijas un maksas, un t\u0101 ir gal\u012bg\u0101 cena. Par neko citu nav j\u0101uztraucas \u2013 vienk\u0101r\u0161i gaidi <a href=\"https:\/\/lottomat.com\/lv\/rezultati\/mega-millions\/\">aktu\u0101los Mega Millions izlozes rezult\u0101tus<\/a>.<\/p>\n<h2>K\u0101 ieg\u0101d\u0101ties Mega Millions kuponu tie\u0161saist\u0113?<img loading=\"lazy\" decoding=\"async\" class=\"alignright wp-image-251863\" src=\"https:\/\/lottomat.com\/wp-content\/uploads\/2025\/10\/Mega-Millions-tickets.webp\" alt=\"Mega Millions kuponi\" width=\"200\" height=\"200\" srcset=\"https:\/\/lottomat.com\/wp-content\/uploads\/2025\/10\/Mega-Millions-tickets.webp 400w, https:\/\/lottomat.com\/wp-content\/uploads\/2025\/10\/Mega-Millions-tickets-300x300.webp 300w, https:\/\/lottomat.com\/wp-content\/uploads\/2025\/10\/Mega-Millions-tickets-150x150.webp 150w, https:\/\/lottomat.com\/wp-content\/uploads\/2025\/10\/Mega-Millions-tickets-100x100.webp 100w\" sizes=\"auto, (max-width: 200px) 100vw, 200px\" \/><\/h2>\n<p>Lai piedal\u012btos Mega Millions izloz\u0113, nav nepiecie\u0161ams dz\u012bvot ASV, ta\u010du <strong>vien\u012bg\u0101 iesp\u0113ja ir ieg\u0101d\u0101ties Mega Millions kuponu tie\u0161saist\u0113<\/strong>. Fizi\u0101lie p\u0101rdo\u0161anas punkti ir pieejami tikai ASV teritorij\u0101. Viss, kas tev j\u0101dara, \u2014 j\u0101aizpilda kupons Lottomat vietn\u0113 un j\u0101samaks\u0101 (pieejamas vair\u0101kas maks\u0101jumu metodes). Miljoniem dol\u0101ru ir tev sasniedzami, neatst\u0101jot m\u0101jas \u2014 24 stundas diennakt\u012b, 7 dienas ned\u0113\u013c\u0101. \u0160odien tu vari sp\u0113l\u0113t Mega Millions tie\u0161saist\u0113, \u0113rti s\u0113\u017eot m\u0101j\u0101s. Tie\u0161saistes loterijas \u0161obr\u012bd ir \u0161\u012bs nozares pamats.<\/p>\n<h3>Izlozes grafiks un rezult\u0101ti<\/h3>\n<p>Tavs kupons piedal\u012bsies Amerikas loterij\u0101, un, ja tu uzvar\u0113si, balva tiks izmaks\u0101ta vien\u0101 maks\u0101jum\u0101 vai pa da\u013c\u0101m \u2014 atkar\u012bb\u0101 no izv\u0113l\u0113t\u0101s iesp\u0113jas. <strong>Izlozes notiek tre\u0161dien\u0101s un sestdien\u0101s<\/strong>, un <a href=\"https:\/\/lottomat.com\/lv\/rezultati\/\">aktu\u0101los izlo\u017eu rezult\u0101tus<\/a> var apskat\u012bt Lottomat vietn\u0113. Ien\u0101c sada\u013c\u0101 \u201cSp\u0113l\u0113t\u201d un p\u0101rliecinies, cik vienk\u0101r\u0161i ir ieg\u0101d\u0101ties kuponu tie\u0161saist\u0113. Lai laim\u0113tu, vajag tikai veiksmi!<\/p>\n<h2>K\u0101 sp\u0113l\u0113t Mega Millions loteriju tie\u0161saist\u0113?<\/h2>\n<p>Pateicoties m\u016bsu vietnei, tev nav j\u0101dodas uz ASV, lai ieg\u0101d\u0101tos Mega Millions kuponu. Viss, kas j\u0101dara, \u2014 j\u0101izv\u0113las pieci galvenie skait\u013ci no 1 l\u012bdz 70 un viens papildu skaitlis Mega Ball no 1 l\u012bdz 24. Var izmantot ar\u012b nejau\u0161\u0101s izv\u0113les opciju (Quick Pick), kur skait\u013ci tiek izv\u0113l\u0113ti autom\u0101tiski. Lai laim\u0113tu galveno balvu, j\u0101uzmin visi izloz\u0113tie skait\u013ci. Jo maz\u0101k skait\u013cu atbilst, jo maz\u0101ks laimests. <strong>Izv\u0113lies piecus galvenos skait\u013cus no 1 l\u012bdz 70 un vienu unik\u0101lu skaitli Mega Ball no 1 l\u012bdz 24.<\/strong> Izv\u0113lies savus skait\u013cus un sp\u0113l\u0113 par miljoniem jau \u0161odien!<\/p>\n<h2><img loading=\"lazy\" decoding=\"async\" class=\"alignleft wp-image-251893\" src=\"https:\/\/lottomat.com\/wp-content\/uploads\/2025\/10\/buy-Mega-Millions-tickets.webp\" alt=\"p\u0113rc Mega Millions kuponus\" width=\"200\" height=\"200\" srcset=\"https:\/\/lottomat.com\/wp-content\/uploads\/2025\/10\/buy-Mega-Millions-tickets.webp 400w, https:\/\/lottomat.com\/wp-content\/uploads\/2025\/10\/buy-Mega-Millions-tickets-300x300.webp 300w, https:\/\/lottomat.com\/wp-content\/uploads\/2025\/10\/buy-Mega-Millions-tickets-150x150.webp 150w, https:\/\/lottomat.com\/wp-content\/uploads\/2025\/10\/buy-Mega-Millions-tickets-100x100.webp 100w\" sizes=\"auto, (max-width: 200px) 100vw, 200px\" \/>Lab\u0101kie padomi, k\u0101 sp\u0113l\u0113t Mega Millions tie\u0161saist\u0113 un uzvar\u0113t<\/h2>\n<p>Gudra sp\u0113le ir atsl\u0113ga, lai maksim\u0101li izbaud\u012btu loteriju un efekt\u012bvi p\u0101rvald\u012btu savu bud\u017eetu. \u0160eit ir da\u017ei p\u0101rbaud\u012bti pa\u0146\u0113mieni, kas var palielin\u0101t tavas izredzes uzvar\u0113t.<\/p>\n<h3>Grupas sp\u0113les strat\u0113\u0123ija<\/h3>\n<p>K\u0101 nep\u0101rmaks\u0101t un vienlaikus sp\u0113l\u0113t ar vair\u0101k kuponiem? Tas ir vienk\u0101r\u0161i \u2014 <strong>sp\u0113l\u0113 tikai tad, kad ir uzkr\u0101jies d\u017eekpots, un aicini draugus vai \u0123imeni piedal\u012bties<\/strong>. Tas ir lab\u0101kais veids, k\u0101 uzvar\u0113t, dalot Mega Millions kuponu izmaksas starp grupas dal\u012bbniekiem. Atceries, jo vair\u0101k kuponu tu nop\u0113rc, jo liel\u0101kas ir izredzes uz laimestu.<\/p>\n<h3>Skait\u013cu izv\u0113les metodes<\/h3>\n<p>Skait\u013cu izv\u0113les metode ir piln\u012bb\u0101 tav\u0101 zi\u0146\u0101. Tu vari izmantot nejau\u0161o izv\u0113li (Quick Pick), lai kupons tiktu aizpild\u012bts autom\u0101tiski, vai ar\u012b izv\u0113l\u0113ties savus laim\u012bgos skait\u013cus. Ja v\u0113lies, vari ar\u012b izp\u0113t\u012bt iepriek\u0161\u0113jo izlo\u017eu rezult\u0101tus, lai noteiktu, kuri skait\u013ci tiek izloz\u0113ti bie\u017e\u0101k vai ret\u0101k, un izveidot savu strat\u0113\u0123iju. <a href=\"https:\/\/lottomat.com\/lv\/spelet\/\">p\u0113rc loterijas kuponu<\/a> un nov\u0113lam tev veiksmi!<\/p>\n<h2>Vai var nopirkt vair\u0101k Mega Millions kuponu tie\u0161saist\u0113?<\/h2>\n<p>J\u0101, izmanto iesp\u0113ju <strong>&#8220;Vair\u0101k l\u012bniju&#8221;<\/strong> un izv\u0113lies tik, cik v\u0113lies. \u0160\u012b funkcija \u013cauj palielin\u0101t izredzes laim\u0113t, ieg\u0101d\u0101joties vair\u0101kus kuponus vien\u0101 dar\u012bjum\u0101. Jo vair\u0101k l\u012bniju tu sp\u0113l\u0113, jo liel\u0101kas izredzes tr\u0101p\u012bt laim\u012bgo kombin\u0101ciju.<\/p>\n<h2>Vai var nopirkt Mega Millions kuponus vair\u0101k\u0101m izloz\u0113m?<img loading=\"lazy\" decoding=\"async\" class=\"alignright wp-image-251923\" src=\"https:\/\/lottomat.com\/wp-content\/uploads\/2025\/10\/Mega-Millions-online.webp\" alt=\"Mega Millions tie\u0161saist\u0113\" width=\"200\" height=\"200\" srcset=\"https:\/\/lottomat.com\/wp-content\/uploads\/2025\/10\/Mega-Millions-online.webp 400w, https:\/\/lottomat.com\/wp-content\/uploads\/2025\/10\/Mega-Millions-online-300x300.webp 300w, https:\/\/lottomat.com\/wp-content\/uploads\/2025\/10\/Mega-Millions-online-150x150.webp 150w, https:\/\/lottomat.com\/wp-content\/uploads\/2025\/10\/Mega-Millions-online-100x100.webp 100w\" sizes=\"auto, (max-width: 200px) 100vw, 200px\" \/><\/h2>\n<p>J\u0101, vietn\u0113 Lottomat tu vari <strong>ieg\u0101d\u0101ties kuponus l\u012bdz pat 8 izloz\u0113m uz priek\u0161u<\/strong>. \u0160\u012b \u0113rt\u0101 funkcija noz\u012bm\u0113, ka tev nav j\u0101atceras katras izlozes ieg\u0101de atsevi\u0161\u0137i. Tu vari vienreiz iestat\u012bt savus skait\u013cus, un tie autom\u0101tiski piedal\u012bsies n\u0101kamaj\u0101s izloz\u0113s. \u0160\u012b iepriek\u0161\u0113j\u0101s ieg\u0101des iesp\u0113ja ir ide\u0101la sp\u0113l\u0113t\u0101jiem, kuriem ir savi laim\u012bgie skait\u013ci un kuri nev\u0113las palaist gar\u0101m nevienu izlozi.<\/p>\n<h2>Vai ir dro\u0161i sp\u0113l\u0113t Mega Millions tie\u0161saist\u0113?<\/h2>\n<p>Sp\u0113l\u0113\u0161ana vietn\u0113 Lottomat ir <strong>piln\u012bgi dro\u0161a un uzticama<\/strong>. M\u0113s sken\u0113jam visus kuponus un r\u016bp\u0113jamies par saviem klientiem, nodro\u0161inot, ka tavi person\u012bgie un finan\u0161u dati tiek aizsarg\u0101ti ar visaugst\u0101kajiem dro\u0161\u012bbas standartiem. M\u016bsu platforma izmanto modernu \u0161ifr\u0113\u0161anas tehnolo\u0123iju, lai aizsarg\u0101tu visus dar\u012bjumus un pirkumus. Tom\u0113r ir svar\u012bgi atcer\u0113ties, ka <strong>sp\u0113le Mega Millions ir izklaide<\/strong>. Nekad nerisk\u0113 ar naudu, kuru nevari at\u013cauties zaud\u0113t. Sp\u0113l\u0113 atbild\u012bgi un savas iesp\u0113jas ietvaros \u2014 uzskati loterijas kuponus par izklaides veidu, nevis invest\u012bciju strat\u0113\u0123iju.<\/p>\n","protected":false},"excerpt":{"rendered":"<p>K\u0101 darbojas Mega Millions loterija? Online loterija Mega Millions ir vienk\u0101r\u0161a skait\u013cu sp\u0113le ar viegli iegaum\u0113jamiem noteikumiem. Katram sp\u0113l\u0113t\u0101jam ir j\u0101izv\u0113las pieci galvenie skait\u013ci no 1 l\u012bdz 70 un Mega Ball \u2014 unik\u0101ls bonusa skaitlis no 1 l\u012bdz 24. Galveno balvu sa\u0146em sp\u0113l\u0113t\u0101js, kura kupon\u0101 ir visi se\u0161i izloz\u0113tie skait\u013ci \u2014 pieci galvenie un viens [&hellip;]<\/p>\n","protected":false},"author":1,"featured_media":0,"parent":6784,"menu_order":2,"comment_status":"closed","ping_status":"closed","template":"megamillion.php","meta":{"_et_pb_use_builder":"","_et_pb_old_content":"","_et_gb_content_width":"","exclude_from_search":false,"footnotes":""},"class_list":["post-8637","page","type-page","status-publish","hentry"],"yoast_head":"<!-- This site is optimized with the Yoast SEO plugin v23.8 - https:\/\/yoast.com\/wordpress\/plugins\/seo\/ -->\n<title>Mega Millions loterija - Play Mega Millions tie\u0161saist\u0113 [5\/70 + 1\/25]<\/title>\n<meta name=\"description\" content=\"Mega Millions tie\u0161saistes loterija ir pasaul\u0113 paz\u012bstama mega loterija, un \u0161odien to var sp\u0113l\u0113t ar\u012b j\u016bs LottoMat m\u0101jaslap\u0101! Sp\u0113l\u0113jiet tagad.\" \/>\n<meta name=\"robots\" content=\"index, follow, max-snippet:-1, max-image-preview:large, max-video-preview:-1\" \/>\n<link rel=\"canonical\" href=\"https:\/\/lottomat.com\/lv\/spelet\/mega-millions\/\" \/>\n<meta property=\"og:locale\" content=\"lv_LV\" \/>\n<meta property=\"og:type\" content=\"article\" \/>\n<meta property=\"og:title\" content=\"Mega Millions loterija - Play Mega Millions tie\u0161saist\u0113 [5\/70 + 1\/25]\" \/>\n<meta property=\"og:description\" content=\"Mega Millions tie\u0161saistes loterija ir pasaul\u0113 paz\u012bstama mega loterija, un \u0161odien to var sp\u0113l\u0113t ar\u012b j\u016bs LottoMat m\u0101jaslap\u0101! Sp\u0113l\u0113jiet tagad.\" \/>\n<meta property=\"og:url\" content=\"https:\/\/lottomat.com\/lv\/spelet\/mega-millions\/\" \/>\n<meta property=\"og:site_name\" content=\"Lottomat\" \/>\n<meta property=\"article:modified_time\" content=\"2025-11-11T13:34:37+00:00\" \/>\n<meta property=\"og:image\" content=\"https:\/\/lottomat.com\/wp-content\/uploads\/2025\/10\/play-Mega-Millions.webp\" \/>\n<meta name=\"twitter:card\" content=\"summary_large_image\" \/>\n<meta name=\"twitter:label1\" content=\"Est. reading time\" \/>\n\t<meta name=\"twitter:data1\" content=\"5 minutes\" \/>\n<script type=\"application\/ld+json\" class=\"yoast-schema-graph\">{\"@context\":\"https:\/\/schema.org\",\"@graph\":[{\"@type\":\"WebPage\",\"@id\":\"https:\/\/lottomat.com\/lv\/spelet\/mega-millions\/\",\"url\":\"https:\/\/lottomat.com\/lv\/spelet\/mega-millions\/\",\"name\":\"Mega Millions loterija - Play Mega Millions tie\u0161saist\u0113 [5\/70 + 1\/25]\",\"isPartOf\":{\"@id\":\"https:\/\/lottomat.com\/lv\/#website\"},\"primaryImageOfPage\":{\"@id\":\"https:\/\/lottomat.com\/lv\/spelet\/mega-millions\/#primaryimage\"},\"image\":{\"@id\":\"https:\/\/lottomat.com\/lv\/spelet\/mega-millions\/#primaryimage\"},\"thumbnailUrl\":\"https:\/\/lottomat.com\/wp-content\/uploads\/2025\/10\/play-Mega-Millions.webp\",\"datePublished\":\"2025-03-26T07:54:05+00:00\",\"dateModified\":\"2025-11-11T13:34:37+00:00\",\"description\":\"Mega Millions tie\u0161saistes loterija ir pasaul\u0113 paz\u012bstama mega loterija, un \u0161odien to var sp\u0113l\u0113t ar\u012b j\u016bs LottoMat m\u0101jaslap\u0101! Sp\u0113l\u0113jiet tagad.\",\"breadcrumb\":{\"@id\":\"https:\/\/lottomat.com\/lv\/spelet\/mega-millions\/#breadcrumb\"},\"inLanguage\":\"lv-LV\",\"potentialAction\":[{\"@type\":\"ReadAction\",\"target\":[\"https:\/\/lottomat.com\/lv\/spelet\/mega-millions\/\"]}]},{\"@type\":\"ImageObject\",\"inLanguage\":\"lv-LV\",\"@id\":\"https:\/\/lottomat.com\/lv\/spelet\/mega-millions\/#primaryimage\",\"url\":\"https:\/\/lottomat.com\/wp-content\/uploads\/2025\/10\/play-Mega-Millions.webp\",\"contentUrl\":\"https:\/\/lottomat.com\/wp-content\/uploads\/2025\/10\/play-Mega-Millions.webp\"},{\"@type\":\"BreadcrumbList\",\"@id\":\"https:\/\/lottomat.com\/lv\/spelet\/mega-millions\/#breadcrumb\",\"itemListElement\":[{\"@type\":\"ListItem\",\"position\":1,\"name\":\"Home\",\"item\":\"https:\/\/lottomat.com\/lv\/\"},{\"@type\":\"ListItem\",\"position\":2,\"name\":\"Sp\u0113l\u0113 Loteriju\",\"item\":\"https:\/\/lottomat.com\/lv\/spelet\/\"},{\"@type\":\"ListItem\",\"position\":3,\"name\":\"Sp\u0113l\u0113 Mega Millions tie\u0161saist\u0113 \u2013 Mega Millions kuponi\"}]},{\"@type\":\"WebSite\",\"@id\":\"https:\/\/lottomat.com\/lv\/#website\",\"url\":\"https:\/\/lottomat.com\/lv\/\",\"name\":\"Lottomat\",\"description\":\"\",\"potentialAction\":[{\"@type\":\"SearchAction\",\"target\":{\"@type\":\"EntryPoint\",\"urlTemplate\":\"https:\/\/lottomat.com\/lv\/?s={search_term_string}\"},\"query-input\":{\"@type\":\"PropertyValueSpecification\",\"valueRequired\":true,\"valueName\":\"search_term_string\"}}],\"inLanguage\":\"lv-LV\"}]}<\/script>\n<!-- \/ Yoast SEO plugin. -->","yoast_head_json":{"title":"Mega Millions loterija - Play Mega Millions tie\u0161saist\u0113 [5\/70 + 1\/25]","description":"Mega Millions tie\u0161saistes loterija ir pasaul\u0113 paz\u012bstama mega loterija, un \u0161odien to var sp\u0113l\u0113t ar\u012b j\u016bs LottoMat m\u0101jaslap\u0101! Sp\u0113l\u0113jiet tagad.","robots":{"index":"index","follow":"follow","max-snippet":"max-snippet:-1","max-image-preview":"max-image-preview:large","max-video-preview":"max-video-preview:-1"},"canonical":"https:\/\/lottomat.com\/lv\/spelet\/mega-millions\/","og_locale":"lv_LV","og_type":"article","og_title":"Mega Millions loterija - Play Mega Millions tie\u0161saist\u0113 [5\/70 + 1\/25]","og_description":"Mega Millions tie\u0161saistes loterija ir pasaul\u0113 paz\u012bstama mega loterija, un \u0161odien to var sp\u0113l\u0113t ar\u012b j\u016bs LottoMat m\u0101jaslap\u0101! Sp\u0113l\u0113jiet tagad.","og_url":"https:\/\/lottomat.com\/lv\/spelet\/mega-millions\/","og_site_name":"Lottomat","article_modified_time":"2025-11-11T13:34:37+00:00","og_image":[{"url":"https:\/\/lottomat.com\/wp-content\/uploads\/2025\/10\/play-Mega-Millions.webp"}],"twitter_card":"summary_large_image","twitter_misc":{"Est. reading time":"5 minutes"},"schema":{"@context":"https:\/\/schema.org","@graph":[{"@type":"WebPage","@id":"https:\/\/lottomat.com\/lv\/spelet\/mega-millions\/","url":"https:\/\/lottomat.com\/lv\/spelet\/mega-millions\/","name":"Mega Millions loterija - Play Mega Millions tie\u0161saist\u0113 [5\/70 + 1\/25]","isPartOf":{"@id":"https:\/\/lottomat.com\/lv\/#website"},"primaryImageOfPage":{"@id":"https:\/\/lottomat.com\/lv\/spelet\/mega-millions\/#primaryimage"},"image":{"@id":"https:\/\/lottomat.com\/lv\/spelet\/mega-millions\/#primaryimage"},"thumbnailUrl":"https:\/\/lottomat.com\/wp-content\/uploads\/2025\/10\/play-Mega-Millions.webp","datePublished":"2025-03-26T07:54:05+00:00","dateModified":"2025-11-11T13:34:37+00:00","description":"Mega Millions tie\u0161saistes loterija ir pasaul\u0113 paz\u012bstama mega loterija, un \u0161odien to var sp\u0113l\u0113t ar\u012b j\u016bs LottoMat m\u0101jaslap\u0101! Sp\u0113l\u0113jiet tagad.","breadcrumb":{"@id":"https:\/\/lottomat.com\/lv\/spelet\/mega-millions\/#breadcrumb"},"inLanguage":"lv-LV","potentialAction":[{"@type":"ReadAction","target":["https:\/\/lottomat.com\/lv\/spelet\/mega-millions\/"]}]},{"@type":"ImageObject","inLanguage":"lv-LV","@id":"https:\/\/lottomat.com\/lv\/spelet\/mega-millions\/#primaryimage","url":"https:\/\/lottomat.com\/wp-content\/uploads\/2025\/10\/play-Mega-Millions.webp","contentUrl":"https:\/\/lottomat.com\/wp-content\/uploads\/2025\/10\/play-Mega-Millions.webp"},{"@type":"BreadcrumbList","@id":"https:\/\/lottomat.com\/lv\/spelet\/mega-millions\/#breadcrumb","itemListElement":[{"@type":"ListItem","position":1,"name":"Home","item":"https:\/\/lottomat.com\/lv\/"},{"@type":"ListItem","position":2,"name":"Sp\u0113l\u0113 Loteriju","item":"https:\/\/lottomat.com\/lv\/spelet\/"},{"@type":"ListItem","position":3,"name":"Sp\u0113l\u0113 Mega Millions tie\u0161saist\u0113 \u2013 Mega Millions kuponi"}]},{"@type":"WebSite","@id":"https:\/\/lottomat.com\/lv\/#website","url":"https:\/\/lottomat.com\/lv\/","name":"Lottomat","description":"","potentialAction":[{"@type":"SearchAction","target":{"@type":"EntryPoint","urlTemplate":"https:\/\/lottomat.com\/lv\/?s={search_term_string}"},"query-input":{"@type":"PropertyValueSpecification","valueRequired":true,"valueName":"search_term_string"}}],"inLanguage":"lv-LV"}]}},"_links":{"self":[{"href":"https:\/\/lottomat.com\/lv\/wp-json\/wp\/v2\/pages\/8637","targetHints":{"allow":["GET"]}}],"collection":[{"href":"https:\/\/lottomat.com\/lv\/wp-json\/wp\/v2\/pages"}],"about":[{"href":"https:\/\/lottomat.com\/lv\/wp-json\/wp\/v2\/types\/page"}],"author":[{"embeddable":true,"href":"https:\/\/lottomat.com\/lv\/wp-json\/wp\/v2\/users\/1"}],"replies":[{"embeddable":true,"href":"https:\/\/lottomat.com\/lv\/wp-json\/wp\/v2\/comments?post=8637"}],"version-history":[{"count":2,"href":"https:\/\/lottomat.com\/lv\/wp-json\/wp\/v2\/pages\/8637\/revisions"}],"predecessor-version":[{"id":257157,"href":"https:\/\/lottomat.com\/lv\/wp-json\/wp\/v2\/pages\/8637\/revisions\/257157"}],"up":[{"embeddable":true,"href":"https:\/\/lottomat.com\/lv\/wp-json\/wp\/v2\/pages\/6784"}],"wp:attachment":[{"href":"https:\/\/lottomat.com\/lv\/wp-json\/wp\/v2\/media?parent=8637"}],"curies":[{"name":"wp","href":"https:\/\/api.w.org\/{rel}","templated":true}]}}