{"id":8400,"date":"2025-03-26T07:52:23","date_gmt":"2025-03-26T07:52:23","guid":{"rendered":"https:\/\/lottomat.net\/spelejiet-loteriju\/spelet-powerball-tiessaiste\/"},"modified":"2025-11-13T15:16:49","modified_gmt":"2025-11-13T15:16:49","slug":"powerball","status":"publish","type":"page","link":"https:\/\/lottomat.com\/lv\/spelet\/powerball\/","title":{"rendered":"Sp\u0113l\u0113 Powerball tie\u0161saist\u0113 &#8211; Powerball bi\u013cetes"},"content":{"rendered":"\n\n<div class=\"kk-star-ratings kksr-auto kksr-align-left kksr-valign-top\"\n    data-payload='{&quot;align&quot;:&quot;left&quot;,&quot;id&quot;:&quot;8400&quot;,&quot;slug&quot;:&quot;default&quot;,&quot;valign&quot;:&quot;top&quot;,&quot;ignore&quot;:&quot;&quot;,&quot;reference&quot;:&quot;auto&quot;,&quot;class&quot;:&quot;&quot;,&quot;count&quot;:&quot;0&quot;,&quot;legendonly&quot;:&quot;&quot;,&quot;readonly&quot;:&quot;&quot;,&quot;score&quot;:&quot;0&quot;,&quot;starsonly&quot;:&quot;&quot;,&quot;best&quot;:&quot;5&quot;,&quot;gap&quot;:&quot;5&quot;,&quot;greet&quot;:&quot;Rate this page&quot;,&quot;legend&quot;:&quot;0\\\/5 - (0 votes)&quot;,&quot;size&quot;:&quot;30&quot;,&quot;title&quot;:&quot;Sp\u0113l\u0113 Powerball tie\u0161saist\u0113 - Powerball bi\u013cetes&quot;,&quot;width&quot;:&quot;0&quot;,&quot;_legend&quot;:&quot;{score}\\\/{best} - ({count} {votes})&quot;,&quot;font_factor&quot;:&quot;1.25&quot;}'>\n            \n<div class=\"kksr-stars\">\n    \n<div class=\"kksr-stars-inactive\">\n            <div class=\"kksr-star\" data-star=\"1\" style=\"padding-right: 5px\">\n            \n\n<div class=\"kksr-icon\" style=\"width: 30px; height: 30px;\"><\/div>\n        <\/div>\n            <div class=\"kksr-star\" data-star=\"2\" style=\"padding-right: 5px\">\n            \n\n<div class=\"kksr-icon\" style=\"width: 30px; height: 30px;\"><\/div>\n        <\/div>\n            <div class=\"kksr-star\" data-star=\"3\" style=\"padding-right: 5px\">\n            \n\n<div class=\"kksr-icon\" style=\"width: 30px; height: 30px;\"><\/div>\n        <\/div>\n            <div class=\"kksr-star\" data-star=\"4\" style=\"padding-right: 5px\">\n            \n\n<div class=\"kksr-icon\" style=\"width: 30px; height: 30px;\"><\/div>\n        <\/div>\n            <div class=\"kksr-star\" data-star=\"5\" style=\"padding-right: 5px\">\n            \n\n<div class=\"kksr-icon\" style=\"width: 30px; height: 30px;\"><\/div>\n        <\/div>\n    <\/div>\n    \n<div class=\"kksr-stars-active\" style=\"width: 0px;\">\n            <div class=\"kksr-star\" style=\"padding-right: 5px\">\n            \n\n<div class=\"kksr-icon\" style=\"width: 30px; height: 30px;\"><\/div>\n        <\/div>\n            <div class=\"kksr-star\" style=\"padding-right: 5px\">\n            \n\n<div class=\"kksr-icon\" style=\"width: 30px; height: 30px;\"><\/div>\n        <\/div>\n            <div class=\"kksr-star\" style=\"padding-right: 5px\">\n            \n\n<div class=\"kksr-icon\" style=\"width: 30px; height: 30px;\"><\/div>\n        <\/div>\n            <div class=\"kksr-star\" style=\"padding-right: 5px\">\n            \n\n<div class=\"kksr-icon\" style=\"width: 30px; height: 30px;\"><\/div>\n        <\/div>\n            <div class=\"kksr-star\" style=\"padding-right: 5px\">\n            \n\n<div class=\"kksr-icon\" style=\"width: 30px; height: 30px;\"><\/div>\n        <\/div>\n    <\/div>\n<\/div>\n                \n\n<div class=\"kksr-legend\" style=\"font-size: 24px;\">\n            <span class=\"kksr-muted\">Rate this page<\/span>\n    <\/div>\n    <\/div>\n<h2><img loading=\"lazy\" decoding=\"async\" class=\"alignleft wp-image-252142\" src=\"https:\/\/lottomat.com\/wp-content\/uploads\/2025\/10\/play-Powerball-150x150.webp\" alt=\"sp\u0113l\u0113 Powerball\" width=\"200\" height=\"200\" srcset=\"https:\/\/lottomat.com\/wp-content\/uploads\/2025\/10\/play-Powerball-150x150.webp 150w, https:\/\/lottomat.com\/wp-content\/uploads\/2025\/10\/play-Powerball-300x300.webp 300w, https:\/\/lottomat.com\/wp-content\/uploads\/2025\/10\/play-Powerball-100x100.webp 100w, https:\/\/lottomat.com\/wp-content\/uploads\/2025\/10\/play-Powerball.webp 400w\" sizes=\"auto, (max-width: 200px) 100vw, 200px\" \/>Kas ir Powerball loterija?<\/h2>\n<p>S\u0101ksim ar \u0161\u012bs slaven\u0101s loterijas noteikumiem \u2013 tie ir \u013coti vienk\u0101r\u0161i, un tu noteikti \u0101tri apg\u016bsi, k\u0101 sp\u0113l\u0113t Powerball tie\u0161saist\u0113. Sp\u0113le sast\u0101v no piecu skait\u013cu izv\u0113les no 1 l\u012bdz 69 un viena papildu skait\u013ca, ko sauc par Power Ball, no 1 l\u012bdz 26. Ja sp\u0113l\u0113t\u0101js uzmin visus laim\u012bgos skait\u013cus, vi\u0146\u0161 laim\u0113 garant\u0113to galveno balvu, ta\u010du atceries, ka ir <strong>9 laimestu l\u012bme\u0146i<\/strong>. Balvu sa\u0146em ar\u012b sp\u0113l\u0113t\u0101js, kur\u0161 pareizi izv\u0113las tikai papildu Power Ball skaitli, kas ir bonusa skaitlis. Powerball tie\u0161saistes loterij\u0101 ir ar\u012b interesanta iesp\u0113ja sp\u0113l\u0113t\u0101jiem \u2013 t\u0101 saucas <strong>Power Play<\/strong>, un t\u0101 ir papildu opcija, kas \u013cauj palielin\u0101t laimestus, iz\u0146emot galveno balvu. Tom\u0113r t\u0101 ir pieejama tikai Amerikas Savienotaj\u0101s Valst\u012bs, ja bi\u013cete tiek ieg\u0101d\u0101ta person\u012bgi Powerball biroj\u0101. Sp\u0113l\u0113t\u0101js, kur\u0161 atmin visus galvenos skait\u013cus, bet nepareizi izv\u0113las bonusu Powerball, sa\u0146em garant\u0113tu balvu <strong>1 000 000 dol\u0101ru<\/strong>. Citiem v\u0101rdiem sakot, tas, kur\u0161 uzmin 5 galvenos skait\u013cus, laim\u0113 miljonu dol\u0101ru. Noklik\u0161\u0137ini un izlasi <a href=\"https:\/\/lottomat.com\/lv\/informacija\/powerball\/\">vair\u0101k par Powerball noteikumiem un balv\u0101m<\/a> m\u016bsu m\u0101jaslap\u0101. Protams, t\u0101pat k\u0101 cit\u0101s <a href=\"https:\/\/lottomat.com\/lv\/\">lab\u0101kaj\u0101s pasaules loterij\u0101s<\/a>, ja nav uzvar\u0113t\u0101ja, notiek laimesta p\u0101rcel\u0161ana uz n\u0101kamo izlozi, kas dod iesp\u0113ju laim\u0113t milz\u012bgas naudas summas. Powerball k\u013cuva slavens ar bi\u013cet\u0113m, kas p\u0101rv\u0113rt\u0101s miljonos dol\u0101ru. Liel\u0101kais laimests Amerikas loterijas v\u0113stur\u0113 tika ieg\u016bts <strong>2022. gada 7. novembr\u012b<\/strong> un sasniedza <strong>2,04 miljardus dol\u0101ru<\/strong>, ar naudas v\u0113rt\u012bbu <strong>997,6 miljonus dol\u0101ru<\/strong>.<\/p>\n<h2>K\u0101 ieg\u0101d\u0101ties Powerball bi\u013cetes?<img loading=\"lazy\" decoding=\"async\" class=\"alignright wp-image-252172\" src=\"https:\/\/lottomat.com\/wp-content\/uploads\/2025\/10\/Powerball-lottery-tickets-300x300.webp\" alt=\"Powerball bi\u013cetes\" width=\"200\" height=\"200\" srcset=\"https:\/\/lottomat.com\/wp-content\/uploads\/2025\/10\/Powerball-lottery-tickets-300x300.webp 300w, https:\/\/lottomat.com\/wp-content\/uploads\/2025\/10\/Powerball-lottery-tickets-150x150.webp 150w, https:\/\/lottomat.com\/wp-content\/uploads\/2025\/10\/Powerball-lottery-tickets-100x100.webp 100w, https:\/\/lottomat.com\/wp-content\/uploads\/2025\/10\/Powerball-lottery-tickets.webp 400w\" sizes=\"auto, (max-width: 200px) 100vw, 200px\" \/><\/h2>\n<p>Pateicoties Powerball noteikumu izmai\u0146\u0101m, tev nav j\u0101b\u016bt Amerikas Savienoto Valstu pilsonim vai j\u0101atrodas to teritorij\u0101. Tu vari piedal\u012bties <strong>Powerball tie\u0161saistes loterij\u0101, izmantojot LottoMat m\u0101jaslapu<\/strong>. Tas ir \u013coti \u0113rti \u2013 Powerball bi\u013cetes var ieg\u0101d\u0101ties jebkur\u0101 diennakts laik\u0101, septi\u0146as dienas ned\u0113\u013c\u0101. Viss, kas j\u0101dara, ir j\u0101izv\u0113las opcija Sp\u0113l\u0113t LottoMat m\u0101jaslap\u0101 un j\u0101aizpilda nepiecie\u0161amais bi\u013ce\u0161u skaits. Tad j\u0101b\u016bt paciet\u012bgam un j\u0101gaida izloze, kas notiek katru <strong>otrdienu, ceturtdienu un sv\u0113tdienu plkst. 02:59 UTC<\/strong>. LottoMat m\u0101jaslapa garant\u0113, ka bi\u013cete ir der\u012bga un piedal\u0101s Powerball balvu izloz\u0113. Tu vari veikt pirkumu ar datoru vai mobilo t\u0101lruni <strong>no jebkuras pasaules vietas un jebkur\u0101 laik\u0101<\/strong>. Viss, kas nepiecie\u0161ams \u2013 izveidot dro\u0161u lietot\u0101ja kontu, nopirkt bi\u013ceti un gaid\u012bt laimestu!<\/p>\n<h2>K\u0101da ir Powerball tie\u0161saistes bi\u013cetes cena?<\/h2>\n<p>Lai apr\u0113\u0137in\u0101tu bi\u013cetes cenu, vienk\u0101r\u0161i aizpildi vienu vai vair\u0101kas bi\u013cetes LottoMat m\u0101jaslap\u0101. P\u0113c skait\u013cu izv\u0113les <strong>cena tiks par\u0101d\u012bta zem vis\u0101m bi\u013cet\u0113m<\/strong>. Ja aizpild\u012bsi vair\u0101k nek\u0101 vienu bi\u013ceti, kalkulators apr\u0113\u0137in\u0101s kop\u0113jo summu, kas ir gal\u012bg\u0101 cena. Taj\u0101 iek\u013cauta visu Powerball bi\u013ce\u0161u cena un komisijas maksa.<\/p>\n<h2><img loading=\"lazy\" decoding=\"async\" class=\"alignleft wp-image-252202\" src=\"https:\/\/lottomat.com\/wp-content\/uploads\/2025\/10\/Powerball-online-tickets-300x300.webp\" alt=\"Powerball tie\u0161saistes bi\u013cetes\" width=\"200\" height=\"200\" srcset=\"https:\/\/lottomat.com\/wp-content\/uploads\/2025\/10\/Powerball-online-tickets-300x300.webp 300w, https:\/\/lottomat.com\/wp-content\/uploads\/2025\/10\/Powerball-online-tickets-150x150.webp 150w, https:\/\/lottomat.com\/wp-content\/uploads\/2025\/10\/Powerball-online-tickets-100x100.webp 100w, https:\/\/lottomat.com\/wp-content\/uploads\/2025\/10\/Powerball-online-tickets.webp 400w\" sizes=\"auto, (max-width: 200px) 100vw, 200px\" \/><\/h2>\n<h2>K\u0101 sp\u0113l\u0113t Powerball tie\u0161saist\u0113?<\/h2>\n<p>Pateicoties m\u016bsu m\u0101jaslapai, popul\u0101r\u0101k\u0101 loterija pasaul\u0113 tagad ir pieejama, neatst\u0101jot m\u0101jas. Lai sp\u0113l\u0113tu Powerball tie\u0161saist\u0113, izv\u0113lies <strong>piecus galvenos skait\u013cus no 1 l\u012bdz 69 un vienu papildu Power Ball skaitli no 1 l\u012bdz 26<\/strong>. Tu vari izv\u0113l\u0113ties skait\u013cus manu\u0101li vai izmantot <strong>\u0101tr\u0101s izv\u0113les funkciju<\/strong> nejau\u0161ai izv\u0113lei. Tas ir tik vienk\u0101r\u0161i! Sp\u0113l\u0113\u0161ana ar LottoMat ir piln\u012bgi dro\u0161a. <strong>M\u0113s sken\u0113jam visas ieg\u0101d\u0101t\u0101s bi\u013cetes, lai p\u0101rliecin\u0101tos par to der\u012bgumu un tavu mieru.<\/strong> Ar LottoMat tu vari sp\u0113l\u0113t Powerball tie\u0161saist\u0113 no jebkuras pasaules vietas \u2013 viss, kas nepiecie\u0161ams, ir <strong>interneta piesl\u0113gums un tie\u0161saistes maks\u0101juma iesp\u0113jas.<\/strong> \u0160\u012b glob\u0101l\u0101 pieejam\u012bba padara dal\u012bbu vien\u0101 no aizraujo\u0161\u0101kaj\u0101m loterij\u0101m pasaul\u0113 v\u0113l viegl\u0101ku nek\u0101 jebkad agr\u0101k.<\/p>\n<h2>Vai es varu ieg\u0101d\u0101ties vair\u0101kas Powerball bi\u013cetes tie\u0161saist\u0113?<\/h2>\n<p><strong>J\u0101, tu noteikti vari ieg\u0101d\u0101ties vair\u0101kas Powerball bi\u013cetes tie\u0161saist\u0113<\/strong>, lai palielin\u0101tu savas izredzes uzvar\u0113t. Vienk\u0101r\u0161i izv\u0113lies <strong>opciju \u201cvair\u0101k rindu\u201d<\/strong> sp\u0113les laik\u0101 un nor\u0101di, cik rindu v\u0113lies sp\u0113l\u0113t. Katra papildu rinda noz\u012bm\u0113 v\u0113l vienu iesp\u0113ju laim\u0113t d\u017eekpotu vai citas balvas. Jo vair\u0101k bi\u013ce\u0161u nopirksi, jo liel\u0101kas b\u016bs tavas iesp\u0113jas uzvar\u0113t.<\/p>\n<h2>Vai es varu ieg\u0101d\u0101ties Powerball bi\u013cetes tie\u0161saist\u0113 vair\u0101k\u0101m izloz\u0113m?<\/h2>\n<h2><img loading=\"lazy\" decoding=\"async\" class=\"alignright wp-image-252232\" src=\"https:\/\/lottomat.com\/wp-content\/uploads\/2025\/10\/Powerball-online-300x300.webp\" alt=\"Powerball tie\u0161saist\u0113\" width=\"200\" height=\"200\" srcset=\"https:\/\/lottomat.com\/wp-content\/uploads\/2025\/10\/Powerball-online-300x300.webp 300w, https:\/\/lottomat.com\/wp-content\/uploads\/2025\/10\/Powerball-online-150x150.webp 150w, https:\/\/lottomat.com\/wp-content\/uploads\/2025\/10\/Powerball-online-100x100.webp 100w, https:\/\/lottomat.com\/wp-content\/uploads\/2025\/10\/Powerball-online.webp 400w\" sizes=\"auto, (max-width: 200px) 100vw, 200px\" \/><\/h2>\n<p>Protams! LottoMat platform\u0101 tu vari <strong>ieg\u0101d\u0101ties Powerball bi\u013cetes uz l\u012bdz pat 8 sec\u012bg\u0101m izloz\u0113m iepriek\u0161<\/strong>. \u0160\u012b \u0113rt\u0101 funkcija noz\u012bm\u0113, ka tev nav j\u0101atceras pirkt bi\u013cetes pirms katras izlozes \u2013 tavi skait\u013ci autom\u0101tiski tiks iesniegti vair\u0101k\u0101m n\u0101kamaj\u0101m izloz\u0113m. \u0160\u012b iesp\u0113ja nodro\u0161ina, ka <strong>tu nekad nepalaid\u012bsi gar\u0101m izlozi<\/strong> un vari piedal\u012bties loterij\u0101 vair\u0101kas ned\u0113\u013cas p\u0113c k\u0101rtas.<\/p>\n<h2>K\u0101 p\u0101rbaud\u012bt Powerball tie\u0161saistes loterijas rezult\u0101tus?<\/h2>\n<p>Tu vari viegli p\u0101rbaud\u012bt gan <a href=\"https:\/\/lottomat.com\/lv\/rezultati\/powerball\/\">jaun\u0101kos, gan arhiv\u0113tos Powerball rezult\u0101tus<\/a> tie\u0161i LottoMat m\u0101jaslap\u0101. M\u016bsu rezult\u0101tu lapa tiek atjaunota uzreiz p\u0113c katras izlozes, sniedzot tev <strong>prec\u012bzus un aktu\u0101lus laim\u012bgos skait\u013cus.<\/strong> Neatkar\u012bgi no t\u0101, vai v\u0113lies p\u0101rbaud\u012bt jaun\u0101kos rezult\u0101tus vai iepriek\u0161\u0113jos, visa inform\u0101cija ir pieejama tav\u0101 r\u012bc\u012bb\u0101. \u0160\u012b \u0113rt\u0101 funkcija \u013cauj \u0101tri p\u0101rbaud\u012bt, vai tavi skait\u013ci ir laim\u0113ju\u0161i, nemekl\u0113jot citur.<\/p>\n<h2><img loading=\"lazy\" decoding=\"async\" class=\"alignleft wp-image-252262\" src=\"https:\/\/lottomat.com\/wp-content\/uploads\/2025\/10\/Powerball-tickets-300x300.webp\" alt=\"Powerball bi\u013cetes\" width=\"200\" height=\"200\" srcset=\"https:\/\/lottomat.com\/wp-content\/uploads\/2025\/10\/Powerball-tickets-300x300.webp 300w, https:\/\/lottomat.com\/wp-content\/uploads\/2025\/10\/Powerball-tickets-150x150.webp 150w, https:\/\/lottomat.com\/wp-content\/uploads\/2025\/10\/Powerball-tickets-100x100.webp 100w, https:\/\/lottomat.com\/wp-content\/uploads\/2025\/10\/Powerball-tickets.webp 400w\" sizes=\"auto, (max-width: 200px) 100vw, 200px\" \/>Vai LottoMat sken\u0113 Powerball bi\u013cetes tie\u0161saist\u0113?<\/h2>\n<p><strong>J\u0101, noteikti!<\/strong> M\u016bsu pilnvarotie a\u0123enti fiziski ieg\u0101d\u0101jas Powerball bi\u013cetes ofici\u0101lajos, licenc\u0113tajos tirdzniec\u012bbas punktos tav\u0101 v\u0101rd\u0101. <strong>M\u0113s sken\u0113jam un dro\u0161i glab\u0101jam ori\u0123in\u0101l\u0101s bi\u013cetes<\/strong>, lai nodro\u0161in\u0101tu piln\u012bgu caursp\u012bd\u012bgumu un dro\u0161\u012bbu sp\u0113l\u0113t\u0101jiem. Tas noz\u012bm\u0113, ka tev ir pirkuma pier\u0101d\u012bjums un vari b\u016bt dro\u0161s, ka tava dal\u012bba ir der\u012bga ofici\u0101lajai Powerball izlozei. Ori\u0123in\u0101l\u0101s bi\u013cetes tiek glab\u0101tas dro\u0161\u0101s telp\u0101s, kas sniedz tev p\u0101rliec\u012bbu par tavu ieguld\u012bjumu.<\/p>\n<h2>Lab\u0101kie Powerball tie\u0161saistes padomi<\/h2>\n<p>Sp\u0113l\u0113 \u012bpa\u0161i tad, kad ir uzkr\u0101jums. <strong>Powerball ir liel\u0101kie uzkr\u0101jumi pasaul\u0113,<\/strong> un pat ar vienu bi\u013ceti tev ir iesp\u0113ja laim\u0113t. Liel\u0101kais d\u017eekpots sasniedza <strong>2,04 miljardus dol\u0101ru!<\/strong> Tu vari izmantot ar\u012b visbie\u017e\u0101k izloz\u0113tos skait\u013cus, kurus atrad\u012bsi <a href=\"https:\/\/lottomat.com\/lv\/rezultati\/\">loterijas rezult\u0101tu lap\u0101<\/a>. Taj\u0101 ir gan pa\u0161reiz\u0113jie, gan arhiv\u0113tie rezult\u0101ti. Atceries, ka <strong>Powerball sp\u0113l\u0113\u0161anai tie\u0161saist\u0113 j\u0101b\u016bt izklaidei,<\/strong> t\u0101p\u0113c ir svar\u012bgi sp\u0113l\u0113t atbild\u012bgi un ar sapr\u0101tu. Nosaki sev bud\u017eetu un pieturies pie t\u0101, uztverot bi\u013cetes k\u0101 jautru aktivit\u0101ti, nevis invest\u012bciju strat\u0113\u0123iju.<\/p>\n<h3>Padomi, kas var palielin\u0101t tavas iesp\u0113jas laim\u0113t<\/h3>\n<p>P\u0113rkot vair\u0101k nek\u0101 vienu Powerball bi\u013ceti, katra papildu bi\u013cete palielina iesp\u0113ju uzmin\u0113t izloz\u0113tos skait\u013cus. P\u0101rliecinies, ka izv\u0113l\u0113tie skait\u013ci ir da\u017e\u0101di, jo diapazons ir pla\u0161s \u2013 neierobe\u017eo sevi ar dzim\u0161anas datumiem, kas b\u016btiski samazina izv\u0113li. Lai samazin\u0101tu <a href=\"https:\/\/lottomat.com\/lv\/spelet\/\">tie\u0161saistes bi\u013ce\u0161u ieg\u0101des izmaksas<\/a>, vari aicin\u0101t tuviniekus sp\u0113l\u0113t kop\u0101, kas palielina izredzes laim\u0113t. Bi\u013ce\u0161u izmaksas var sadal\u012bt starp vair\u0101k cilv\u0113kiem, padarot sp\u0113li pieejam\u0101ku visiem. Sp\u0113l\u0113, kad ir <a href=\"https:\/\/lottomat.com\/lv\/informacija\/\">liel\u0101kie loterijas uzkr\u0101jumi<\/a>, jo visa Powerball b\u016bt\u012bba ir iesp\u0113ja laim\u0113t! <strong>Tu vari ieg\u0101d\u0101ties laim\u012bgo bi\u013ceti jebkur\u0101 br\u012bd\u012b un k\u013c\u016bt par miljon\u0101ru!<\/strong><\/p>\n","protected":false},"excerpt":{"rendered":"<p>Kas ir Powerball loterija? S\u0101ksim ar \u0161\u012bs slaven\u0101s loterijas noteikumiem \u2013 tie ir \u013coti vienk\u0101r\u0161i, un tu noteikti \u0101tri apg\u016bsi, k\u0101 sp\u0113l\u0113t Powerball tie\u0161saist\u0113. Sp\u0113le sast\u0101v no piecu skait\u013cu izv\u0113les no 1 l\u012bdz 69 un viena papildu skait\u013ca, ko sauc par Power Ball, no 1 l\u012bdz 26. Ja sp\u0113l\u0113t\u0101js uzmin visus laim\u012bgos skait\u013cus, vi\u0146\u0161 laim\u0113 [&hellip;]<\/p>\n","protected":false},"author":1,"featured_media":0,"parent":6784,"menu_order":1,"comment_status":"closed","ping_status":"closed","template":"powerball-usa.php","meta":{"_et_pb_use_builder":"","_et_pb_old_content":"","_et_gb_content_width":"","exclude_from_search":false,"footnotes":""},"class_list":["post-8400","page","type-page","status-publish","hentry"],"yoast_head":"<!-- This site is optimized with the Yoast SEO plugin v23.8 - https:\/\/yoast.com\/wordpress\/plugins\/seo\/ -->\n<title>K\u0101 sp\u0113l\u0113t Powerball - Sp\u0113l\u0113t Powerball tie\u0161saist\u0113 [5\/69 + 1\/26] - LottoMat<\/title>\n<meta name=\"description\" content=\"Powerball ir neticama loterija, kas arvien piesaista jaunus sp\u0113l\u0113t\u0101jus! Uzziniet, k\u0101 sp\u0113l\u0113t Powerball un k\u013c\u016bt par miljon\u0101ru!\" \/>\n<meta name=\"robots\" content=\"index, follow, max-snippet:-1, max-image-preview:large, max-video-preview:-1\" \/>\n<link rel=\"canonical\" href=\"https:\/\/lottomat.com\/lv\/spelet\/powerball\/\" \/>\n<meta property=\"og:locale\" content=\"lv_LV\" \/>\n<meta property=\"og:type\" content=\"article\" \/>\n<meta property=\"og:title\" content=\"K\u0101 sp\u0113l\u0113t Powerball - Sp\u0113l\u0113t Powerball tie\u0161saist\u0113 [5\/69 + 1\/26] - LottoMat\" \/>\n<meta property=\"og:description\" content=\"Powerball ir neticama loterija, kas arvien piesaista jaunus sp\u0113l\u0113t\u0101jus! Uzziniet, k\u0101 sp\u0113l\u0113t Powerball un k\u013c\u016bt par miljon\u0101ru!\" \/>\n<meta property=\"og:url\" content=\"https:\/\/lottomat.com\/lv\/spelet\/powerball\/\" \/>\n<meta property=\"og:site_name\" content=\"Lottomat\" \/>\n<meta property=\"article:modified_time\" content=\"2025-11-13T15:16:49+00:00\" \/>\n<meta property=\"og:image\" content=\"https:\/\/lottomat.com\/wp-content\/uploads\/2025\/10\/play-Powerball-150x150.webp\" \/>\n<meta name=\"twitter:card\" content=\"summary_large_image\" \/>\n<meta name=\"twitter:label1\" content=\"Est. reading time\" \/>\n\t<meta name=\"twitter:data1\" content=\"5 minutes\" \/>\n<script type=\"application\/ld+json\" class=\"yoast-schema-graph\">{\"@context\":\"https:\/\/schema.org\",\"@graph\":[{\"@type\":\"WebPage\",\"@id\":\"https:\/\/lottomat.com\/lv\/spelet\/powerball\/\",\"url\":\"https:\/\/lottomat.com\/lv\/spelet\/powerball\/\",\"name\":\"K\u0101 sp\u0113l\u0113t Powerball - Sp\u0113l\u0113t Powerball tie\u0161saist\u0113 [5\/69 + 1\/26] - LottoMat\",\"isPartOf\":{\"@id\":\"https:\/\/lottomat.com\/lv\/#website\"},\"primaryImageOfPage\":{\"@id\":\"https:\/\/lottomat.com\/lv\/spelet\/powerball\/#primaryimage\"},\"image\":{\"@id\":\"https:\/\/lottomat.com\/lv\/spelet\/powerball\/#primaryimage\"},\"thumbnailUrl\":\"https:\/\/lottomat.com\/wp-content\/uploads\/2025\/10\/play-Powerball-150x150.webp\",\"datePublished\":\"2025-03-26T07:52:23+00:00\",\"dateModified\":\"2025-11-13T15:16:49+00:00\",\"description\":\"Powerball ir neticama loterija, kas arvien piesaista jaunus sp\u0113l\u0113t\u0101jus! Uzziniet, k\u0101 sp\u0113l\u0113t Powerball un k\u013c\u016bt par miljon\u0101ru!\",\"breadcrumb\":{\"@id\":\"https:\/\/lottomat.com\/lv\/spelet\/powerball\/#breadcrumb\"},\"inLanguage\":\"lv-LV\",\"potentialAction\":[{\"@type\":\"ReadAction\",\"target\":[\"https:\/\/lottomat.com\/lv\/spelet\/powerball\/\"]}]},{\"@type\":\"ImageObject\",\"inLanguage\":\"lv-LV\",\"@id\":\"https:\/\/lottomat.com\/lv\/spelet\/powerball\/#primaryimage\",\"url\":\"https:\/\/lottomat.com\/wp-content\/uploads\/2025\/10\/play-Powerball-150x150.webp\",\"contentUrl\":\"https:\/\/lottomat.com\/wp-content\/uploads\/2025\/10\/play-Powerball-150x150.webp\"},{\"@type\":\"BreadcrumbList\",\"@id\":\"https:\/\/lottomat.com\/lv\/spelet\/powerball\/#breadcrumb\",\"itemListElement\":[{\"@type\":\"ListItem\",\"position\":1,\"name\":\"Home\",\"item\":\"https:\/\/lottomat.com\/lv\/\"},{\"@type\":\"ListItem\",\"position\":2,\"name\":\"Sp\u0113l\u0113 Loteriju\",\"item\":\"https:\/\/lottomat.com\/lv\/spelet\/\"},{\"@type\":\"ListItem\",\"position\":3,\"name\":\"Sp\u0113l\u0113 Powerball tie\u0161saist\u0113 &#8211; Powerball bi\u013cetes\"}]},{\"@type\":\"WebSite\",\"@id\":\"https:\/\/lottomat.com\/lv\/#website\",\"url\":\"https:\/\/lottomat.com\/lv\/\",\"name\":\"Lottomat\",\"description\":\"\",\"potentialAction\":[{\"@type\":\"SearchAction\",\"target\":{\"@type\":\"EntryPoint\",\"urlTemplate\":\"https:\/\/lottomat.com\/lv\/?s={search_term_string}\"},\"query-input\":{\"@type\":\"PropertyValueSpecification\",\"valueRequired\":true,\"valueName\":\"search_term_string\"}}],\"inLanguage\":\"lv-LV\"}]}<\/script>\n<!-- \/ Yoast SEO plugin. -->","yoast_head_json":{"title":"K\u0101 sp\u0113l\u0113t Powerball - Sp\u0113l\u0113t Powerball tie\u0161saist\u0113 [5\/69 + 1\/26] - LottoMat","description":"Powerball ir neticama loterija, kas arvien piesaista jaunus sp\u0113l\u0113t\u0101jus! Uzziniet, k\u0101 sp\u0113l\u0113t Powerball un k\u013c\u016bt par miljon\u0101ru!","robots":{"index":"index","follow":"follow","max-snippet":"max-snippet:-1","max-image-preview":"max-image-preview:large","max-video-preview":"max-video-preview:-1"},"canonical":"https:\/\/lottomat.com\/lv\/spelet\/powerball\/","og_locale":"lv_LV","og_type":"article","og_title":"K\u0101 sp\u0113l\u0113t Powerball - Sp\u0113l\u0113t Powerball tie\u0161saist\u0113 [5\/69 + 1\/26] - LottoMat","og_description":"Powerball ir neticama loterija, kas arvien piesaista jaunus sp\u0113l\u0113t\u0101jus! Uzziniet, k\u0101 sp\u0113l\u0113t Powerball un k\u013c\u016bt par miljon\u0101ru!","og_url":"https:\/\/lottomat.com\/lv\/spelet\/powerball\/","og_site_name":"Lottomat","article_modified_time":"2025-11-13T15:16:49+00:00","og_image":[{"url":"https:\/\/lottomat.com\/wp-content\/uploads\/2025\/10\/play-Powerball-150x150.webp"}],"twitter_card":"summary_large_image","twitter_misc":{"Est. reading time":"5 minutes"},"schema":{"@context":"https:\/\/schema.org","@graph":[{"@type":"WebPage","@id":"https:\/\/lottomat.com\/lv\/spelet\/powerball\/","url":"https:\/\/lottomat.com\/lv\/spelet\/powerball\/","name":"K\u0101 sp\u0113l\u0113t Powerball - Sp\u0113l\u0113t Powerball tie\u0161saist\u0113 [5\/69 + 1\/26] - LottoMat","isPartOf":{"@id":"https:\/\/lottomat.com\/lv\/#website"},"primaryImageOfPage":{"@id":"https:\/\/lottomat.com\/lv\/spelet\/powerball\/#primaryimage"},"image":{"@id":"https:\/\/lottomat.com\/lv\/spelet\/powerball\/#primaryimage"},"thumbnailUrl":"https:\/\/lottomat.com\/wp-content\/uploads\/2025\/10\/play-Powerball-150x150.webp","datePublished":"2025-03-26T07:52:23+00:00","dateModified":"2025-11-13T15:16:49+00:00","description":"Powerball ir neticama loterija, kas arvien piesaista jaunus sp\u0113l\u0113t\u0101jus! Uzziniet, k\u0101 sp\u0113l\u0113t Powerball un k\u013c\u016bt par miljon\u0101ru!","breadcrumb":{"@id":"https:\/\/lottomat.com\/lv\/spelet\/powerball\/#breadcrumb"},"inLanguage":"lv-LV","potentialAction":[{"@type":"ReadAction","target":["https:\/\/lottomat.com\/lv\/spelet\/powerball\/"]}]},{"@type":"ImageObject","inLanguage":"lv-LV","@id":"https:\/\/lottomat.com\/lv\/spelet\/powerball\/#primaryimage","url":"https:\/\/lottomat.com\/wp-content\/uploads\/2025\/10\/play-Powerball-150x150.webp","contentUrl":"https:\/\/lottomat.com\/wp-content\/uploads\/2025\/10\/play-Powerball-150x150.webp"},{"@type":"BreadcrumbList","@id":"https:\/\/lottomat.com\/lv\/spelet\/powerball\/#breadcrumb","itemListElement":[{"@type":"ListItem","position":1,"name":"Home","item":"https:\/\/lottomat.com\/lv\/"},{"@type":"ListItem","position":2,"name":"Sp\u0113l\u0113 Loteriju","item":"https:\/\/lottomat.com\/lv\/spelet\/"},{"@type":"ListItem","position":3,"name":"Sp\u0113l\u0113 Powerball tie\u0161saist\u0113 &#8211; Powerball bi\u013cetes"}]},{"@type":"WebSite","@id":"https:\/\/lottomat.com\/lv\/#website","url":"https:\/\/lottomat.com\/lv\/","name":"Lottomat","description":"","potentialAction":[{"@type":"SearchAction","target":{"@type":"EntryPoint","urlTemplate":"https:\/\/lottomat.com\/lv\/?s={search_term_string}"},"query-input":{"@type":"PropertyValueSpecification","valueRequired":true,"valueName":"search_term_string"}}],"inLanguage":"lv-LV"}]}},"_links":{"self":[{"href":"https:\/\/lottomat.com\/lv\/wp-json\/wp\/v2\/pages\/8400","targetHints":{"allow":["GET"]}}],"collection":[{"href":"https:\/\/lottomat.com\/lv\/wp-json\/wp\/v2\/pages"}],"about":[{"href":"https:\/\/lottomat.com\/lv\/wp-json\/wp\/v2\/types\/page"}],"author":[{"embeddable":true,"href":"https:\/\/lottomat.com\/lv\/wp-json\/wp\/v2\/users\/1"}],"replies":[{"embeddable":true,"href":"https:\/\/lottomat.com\/lv\/wp-json\/wp\/v2\/comments?post=8400"}],"version-history":[{"count":3,"href":"https:\/\/lottomat.com\/lv\/wp-json\/wp\/v2\/pages\/8400\/revisions"}],"predecessor-version":[{"id":257348,"href":"https:\/\/lottomat.com\/lv\/wp-json\/wp\/v2\/pages\/8400\/revisions\/257348"}],"up":[{"embeddable":true,"href":"https:\/\/lottomat.com\/lv\/wp-json\/wp\/v2\/pages\/6784"}],"wp:attachment":[{"href":"https:\/\/lottomat.com\/lv\/wp-json\/wp\/v2\/media?parent=8400"}],"curies":[{"name":"wp","href":"https:\/\/api.w.org\/{rel}","templated":true}]}}